{"id":4940,"date":"2022-03-13T15:33:25","date_gmt":"2022-03-13T15:33:25","guid":{"rendered":"https:\/\/priceattorneys.com\/?page_id=4940"},"modified":"2023-05-11T17:46:58","modified_gmt":"2023-05-11T17:46:58","slug":"sobre-nosotros","status":"publish","type":"page","link":"https:\/\/priceattorneys.com\/es\/sobre-nosotros\/","title":{"rendered":"Sobre Nosotros"},"content":{"rendered":"\n\n\t<p><img decoding=\"async\" src=\"https:\/\/priceattorneys.com\/wp-content\/uploads\/2022\/03\/TEAM-PHOTO.jpg\" alt=\"Price Petho Associates Team\" width=\"1584\" height=\"994\" \/><\/p>\n<h1>Acerca de Price, Petho &amp; Asociados, PLLC<\/h1>\n<h2>Abogados de lesiones personales confiables sirviendo a Charlotte, NC desde 1979<\/h2>\n<p>Fundado por el abogado Larry E. Price, el bufete de abogados de Price, Petho &amp; Asociados se dedica a representar a clientes involucrados en demandas por lesiones personales graves, compensaci\u00f3n laboral y muerte por negligencia. Nuestra misi\u00f3n es brindar a individuos y familias la mejor representaci\u00f3n legal posible, con un enfoque \u00fanico y personalizado para cada caso.<\/p>\n<p>Nuestro objetivo no es ser la pr\u00e1ctica legal m\u00e1s grande, sino una con el mayor enfoque en el cliente, y la pr\u00e1ctica que obtiene resultados. Cuando contrata a Price, Petho &amp; Asociados, su reclamo es manejado por abogados experimentados y experimentados, no por administradores de casos. Sus llamadas ser\u00e1n devueltas con prontitud y sus preguntas respondidas a su entera satisfacci\u00f3n. En resumen, ser\u00e1 tratado con el respeto y la compasi\u00f3n que se merece.<\/p>\n<p>Nuestro lema \u00abel conocimiento y la experiencia que necesita\u00bb no es simplemente un eslogan. Nuestros abogados tienen m\u00e1s de 100 a\u00f1os de experiencia legal combinada en reclamos por lesiones personales. Nuestro personal est\u00e1 formado por ex ajustadores de seguros, asistentes del fiscal de distrito y litigantes experimentados. Y, nuestra firma ha probado con \u00e9xito miles de casos y <a href=\"https:\/\/priceattorneys.com\/case-results\/\">recuper\u00f3 m\u00e1s de $ 200 millones<\/a> en nombre de nuestros clientes.<\/p>\n<h2>\u00bfPor qu\u00e9 elegir Price, Petho &amp; Asociados?<\/h2>\n<p>Pocos bufetes de abogados en Charlotte tienen la profundidad y la amplitud de experiencia que tiene Price, Petho &amp; Asociados. Entendemos las mejores pr\u00e1cticas y estrategias para llevar un caso a los tribunales, as\u00ed como para negociar un acuerdo. Preparamos cada caso como si fuera a juicio, y nuestra reputaci\u00f3n de construir un caso s\u00f3lido es bien conocida en todo el estado. Con nuestro acceso a recursos y expertos en sus campos, nuestra capacidad para asegurar una compensaci\u00f3n para nuestros clientes es insuperable.<\/p>\n<p>Tambi\u00e9n ofrecemos consultas gratuitas, para que pueda obtener m\u00e1s informaci\u00f3n sobre sus opciones sin ning\u00fan compromiso. Adem\u00e1s, nuestros casos de lesiones funcionan con honorarios de contingencia, lo que significa que no ganamos honorarios a menos que lo ayudemos a recuperar una compensaci\u00f3n.<\/p>\n<h3>Conozca a nuestros abogados de Charlotte<\/h3>\n<p>Obtenga m\u00e1s informaci\u00f3n sobre los profesionales legales de Price, Petho &amp; Asociados:<\/p>\n<ul>\n<li><a href=\"https:\/\/priceattorneys.com\/es\/sobre-nosotros\/larry-e-price\/\"><strong>Larry E. Price<\/strong><\/a>, Abogado\/Fundador<\/li>\n<li><a href=\"https:\/\/priceattorneys.com\/es\/sobre-nosotros\/douglas-a-petho\/\"><strong>Douglas A. Petho<\/strong><\/a>, Abogado<\/li>\n<li><a href=\"https:\/\/priceattorneys.com\/es\/sobre-nosotros\/margaret-e-ford\/\"><strong>Margaret E. Ford<\/strong><\/a>, Abogado<\/li>\n<\/ul>\n<p>Llame al <a href=\"tel:7043722160\">704-372-2160<\/a> para hablar con el equipo legal de Price, Petho &amp; Asociados o complete <a href=\"https:\/\/priceattorneys.com\/es\/contacte\/\">nuestro formulario de contacto<\/a> para programar una consulta gratuita.<\/p>\n\n","protected":false},"excerpt":{"rendered":"<p>Acerca de Price, Petho &amp; Asociados, PLLC Abogados de lesiones personales confiables sirviendo a Charlotte, NC desde 1979 Fundado por el abogado Larry E. Price, el bufete de abogados de Price, Petho &amp; Asociados se dedica a representar a clientes involucrados en demandas por lesiones personales graves, compensaci\u00f3n laboral y muerte por negligencia. Nuestra misi\u00f3n&hellip;<\/p>\n","protected":false},"author":1,"featured_media":0,"parent":0,"menu_order":0,"comment_status":"closed","ping_status":"closed","template":"","meta":{"footnotes":""},"class_list":["post-4940","page","type-page","status-publish","hentry"],"yoast_head":"<!-- This site is optimized with the Yoast SEO plugin v27.3 - https:\/\/yoast.com\/product\/yoast-seo-wordpress\/ -->\n<title>Sobre Nosotros | Price Petho &amp; Associates, Personal Injury Attorneys<\/title>\n<meta name=\"robots\" content=\"index, follow, max-snippet:-1, max-image-preview:large, max-video-preview:-1\" \/>\n<link rel=\"canonical\" href=\"https:\/\/priceattorneys.com\/es\/sobre-nosotros\/\" \/>\n<meta property=\"og:locale\" content=\"es_ES\" \/>\n<meta property=\"og:type\" content=\"article\" \/>\n<meta property=\"og:title\" content=\"Sobre Nosotros | Price Petho &amp; Associates, Personal Injury Attorneys\" \/>\n<meta property=\"og:description\" content=\"Acerca de Price, Petho &amp; Asociados, PLLC Abogados de lesiones personales confiables sirviendo a Charlotte, NC desde 1979 Fundado por el abogado Larry E. Price, el bufete de abogados de Price, Petho &amp; Asociados se dedica a representar a clientes involucrados en demandas por lesiones personales graves, compensaci\u00f3n laboral y muerte por negligencia. Nuestra misi\u00f3n&hellip;\" \/>\n<meta property=\"og:url\" content=\"https:\/\/priceattorneys.com\/es\/sobre-nosotros\/\" \/>\n<meta property=\"og:site_name\" content=\"Price Petho &amp; Associates, Personal Injury Attorneys\" \/>\n<meta property=\"article:modified_time\" content=\"2023-05-11T17:46:58+00:00\" \/>\n<meta property=\"og:image\" content=\"https:\/\/priceattorneys.com\/wp-content\/uploads\/2022\/03\/TEAM-PHOTO.jpg\" \/>\n<meta name=\"twitter:card\" content=\"summary_large_image\" \/>\n<meta name=\"twitter:label1\" content=\"Tiempo de lectura\" \/>\n\t<meta name=\"twitter:data1\" content=\"2 minutos\" \/>\n<script type=\"application\/ld+json\" class=\"yoast-schema-graph\">{\"@context\":\"https:\\\/\\\/schema.org\",\"@graph\":[{\"@type\":\"WebPage\",\"@id\":\"https:\\\/\\\/priceattorneys.com\\\/es\\\/sobre-nosotros\\\/\",\"url\":\"https:\\\/\\\/priceattorneys.com\\\/es\\\/sobre-nosotros\\\/\",\"name\":\"Sobre Nosotros | Price Petho &amp; Associates, Personal Injury Attorneys\",\"isPartOf\":{\"@id\":\"https:\\\/\\\/priceattorneys.com\\\/es\\\/#website\"},\"primaryImageOfPage\":{\"@id\":\"https:\\\/\\\/priceattorneys.com\\\/es\\\/sobre-nosotros\\\/#primaryimage\"},\"image\":{\"@id\":\"https:\\\/\\\/priceattorneys.com\\\/es\\\/sobre-nosotros\\\/#primaryimage\"},\"thumbnailUrl\":\"https:\\\/\\\/priceattorneys.com\\\/wp-content\\\/uploads\\\/2022\\\/03\\\/TEAM-PHOTO.jpg\",\"datePublished\":\"2022-03-13T15:33:25+00:00\",\"dateModified\":\"2023-05-11T17:46:58+00:00\",\"breadcrumb\":{\"@id\":\"https:\\\/\\\/priceattorneys.com\\\/es\\\/sobre-nosotros\\\/#breadcrumb\"},\"inLanguage\":\"es\",\"potentialAction\":[{\"@type\":\"ReadAction\",\"target\":[\"https:\\\/\\\/priceattorneys.com\\\/es\\\/sobre-nosotros\\\/\"]}]},{\"@type\":\"ImageObject\",\"inLanguage\":\"es\",\"@id\":\"https:\\\/\\\/priceattorneys.com\\\/es\\\/sobre-nosotros\\\/#primaryimage\",\"url\":\"https:\\\/\\\/priceattorneys.com\\\/wp-content\\\/uploads\\\/2022\\\/03\\\/TEAM-PHOTO.jpg\",\"contentUrl\":\"https:\\\/\\\/priceattorneys.com\\\/wp-content\\\/uploads\\\/2022\\\/03\\\/TEAM-PHOTO.jpg\"},{\"@type\":\"BreadcrumbList\",\"@id\":\"https:\\\/\\\/priceattorneys.com\\\/es\\\/sobre-nosotros\\\/#breadcrumb\",\"itemListElement\":[{\"@type\":\"ListItem\",\"position\":1,\"name\":\"Home\",\"item\":\"https:\\\/\\\/priceattorneys.com\\\/es\\\/\"},{\"@type\":\"ListItem\",\"position\":2,\"name\":\"Sobre Nosotros\"}]},{\"@type\":\"WebSite\",\"@id\":\"https:\\\/\\\/priceattorneys.com\\\/es\\\/#website\",\"url\":\"https:\\\/\\\/priceattorneys.com\\\/es\\\/\",\"name\":\"Price Petho &amp; Associates, Personal Injury Attorneys\",\"description\":\"Charlotte Personal Injury Lawyers\",\"potentialAction\":[{\"@type\":\"SearchAction\",\"target\":{\"@type\":\"EntryPoint\",\"urlTemplate\":\"https:\\\/\\\/priceattorneys.com\\\/es\\\/?s={search_term_string}\"},\"query-input\":{\"@type\":\"PropertyValueSpecification\",\"valueRequired\":true,\"valueName\":\"search_term_string\"}}],\"inLanguage\":\"es\"}]}<\/script>\n<!-- \/ Yoast SEO plugin. -->","yoast_head_json":{"title":"Sobre Nosotros | Price Petho &amp; Associates, Personal Injury Attorneys","robots":{"index":"index","follow":"follow","max-snippet":"max-snippet:-1","max-image-preview":"max-image-preview:large","max-video-preview":"max-video-preview:-1"},"canonical":"https:\/\/priceattorneys.com\/es\/sobre-nosotros\/","og_locale":"es_ES","og_type":"article","og_title":"Sobre Nosotros | Price Petho &amp; Associates, Personal Injury Attorneys","og_description":"Acerca de Price, Petho &amp; Asociados, PLLC Abogados de lesiones personales confiables sirviendo a Charlotte, NC desde 1979 Fundado por el abogado Larry E. Price, el bufete de abogados de Price, Petho &amp; Asociados se dedica a representar a clientes involucrados en demandas por lesiones personales graves, compensaci\u00f3n laboral y muerte por negligencia. Nuestra misi\u00f3n&hellip;","og_url":"https:\/\/priceattorneys.com\/es\/sobre-nosotros\/","og_site_name":"Price Petho &amp; Associates, Personal Injury Attorneys","article_modified_time":"2023-05-11T17:46:58+00:00","og_image":[{"url":"https:\/\/priceattorneys.com\/wp-content\/uploads\/2022\/03\/TEAM-PHOTO.jpg","type":"","width":"","height":""}],"twitter_card":"summary_large_image","twitter_misc":{"Tiempo de lectura":"2 minutos"},"schema":{"@context":"https:\/\/schema.org","@graph":[{"@type":"WebPage","@id":"https:\/\/priceattorneys.com\/es\/sobre-nosotros\/","url":"https:\/\/priceattorneys.com\/es\/sobre-nosotros\/","name":"Sobre Nosotros | Price Petho &amp; Associates, Personal Injury Attorneys","isPartOf":{"@id":"https:\/\/priceattorneys.com\/es\/#website"},"primaryImageOfPage":{"@id":"https:\/\/priceattorneys.com\/es\/sobre-nosotros\/#primaryimage"},"image":{"@id":"https:\/\/priceattorneys.com\/es\/sobre-nosotros\/#primaryimage"},"thumbnailUrl":"https:\/\/priceattorneys.com\/wp-content\/uploads\/2022\/03\/TEAM-PHOTO.jpg","datePublished":"2022-03-13T15:33:25+00:00","dateModified":"2023-05-11T17:46:58+00:00","breadcrumb":{"@id":"https:\/\/priceattorneys.com\/es\/sobre-nosotros\/#breadcrumb"},"inLanguage":"es","potentialAction":[{"@type":"ReadAction","target":["https:\/\/priceattorneys.com\/es\/sobre-nosotros\/"]}]},{"@type":"ImageObject","inLanguage":"es","@id":"https:\/\/priceattorneys.com\/es\/sobre-nosotros\/#primaryimage","url":"https:\/\/priceattorneys.com\/wp-content\/uploads\/2022\/03\/TEAM-PHOTO.jpg","contentUrl":"https:\/\/priceattorneys.com\/wp-content\/uploads\/2022\/03\/TEAM-PHOTO.jpg"},{"@type":"BreadcrumbList","@id":"https:\/\/priceattorneys.com\/es\/sobre-nosotros\/#breadcrumb","itemListElement":[{"@type":"ListItem","position":1,"name":"Home","item":"https:\/\/priceattorneys.com\/es\/"},{"@type":"ListItem","position":2,"name":"Sobre Nosotros"}]},{"@type":"WebSite","@id":"https:\/\/priceattorneys.com\/es\/#website","url":"https:\/\/priceattorneys.com\/es\/","name":"Price Petho &amp; Associates, Personal Injury Attorneys","description":"Charlotte Personal Injury Lawyers","potentialAction":[{"@type":"SearchAction","target":{"@type":"EntryPoint","urlTemplate":"https:\/\/priceattorneys.com\/es\/?s={search_term_string}"},"query-input":{"@type":"PropertyValueSpecification","valueRequired":true,"valueName":"search_term_string"}}],"inLanguage":"es"}]}},"_links":{"self":[{"href":"https:\/\/priceattorneys.com\/es\/wp-json\/wp\/v2\/pages\/4940","targetHints":{"allow":["GET"]}}],"collection":[{"href":"https:\/\/priceattorneys.com\/es\/wp-json\/wp\/v2\/pages"}],"about":[{"href":"https:\/\/priceattorneys.com\/es\/wp-json\/wp\/v2\/types\/page"}],"author":[{"embeddable":true,"href":"https:\/\/priceattorneys.com\/es\/wp-json\/wp\/v2\/users\/1"}],"replies":[{"embeddable":true,"href":"https:\/\/priceattorneys.com\/es\/wp-json\/wp\/v2\/comments?post=4940"}],"version-history":[{"count":0,"href":"https:\/\/priceattorneys.com\/es\/wp-json\/wp\/v2\/pages\/4940\/revisions"}],"wp:attachment":[{"href":"https:\/\/priceattorneys.com\/es\/wp-json\/wp\/v2\/media?parent=4940"}],"curies":[{"name":"wp","href":"https:\/\/api.w.org\/{rel}","templated":true}]}}