{"id":4947,"date":"2022-03-13T15:34:32","date_gmt":"2022-03-13T15:34:32","guid":{"rendered":"https:\/\/priceattorneys.com\/?page_id=4947"},"modified":"2024-03-27T18:37:46","modified_gmt":"2024-03-27T18:37:46","slug":"douglas-a-petho","status":"publish","type":"page","link":"https:\/\/priceattorneys.com\/es\/sobre-nosotros\/douglas-a-petho\/","title":{"rendered":"Douglas A. Petho"},"content":{"rendered":"\n\n\t<h1>Acerca de Douglas A. Petho<\/h1>\n<h2>Abogado de accidentes altamente calificado en Charlotte<\/h2>\n<p>El abogado Douglas A. Petho es propietario y fundador de Price, Petho &amp; Asociados. Se gradu\u00f3 de la Universidad de Carolina del Norte en Chapel Hill, donde obtuvo su t\u00edtulo de Licenciado en Ciencias en Administraci\u00f3n de Justicia Penal en 1988. Obtuvo su t\u00edtulo de abogado en la Universidad de Carolina del Norte Chapel Hill en 1991. El Sr. Petho es un nativo del \u00e1rea de Charlotte.<\/p>\n<p>El Sr. Petho comenz\u00f3 su carrera judicial como asistente del fiscal de distrito del primer distrito judicial de Carolina del Norte sirviendo bajo el Hon. HP Williams. En ese puesto, al Sr. Petho se le encomend\u00f3 el enjuiciamiento de cargos de delitos menores y delitos graves en un distrito de siete condados del este de Carolina del Norte.<\/p>\n<p>En 1993, el abogado Petho se uni\u00f3 al bufete de abogados fundado por su predecesor Larry E. Price. Desde entonces, el enfoque principal del Sr. Petho ha sido el litigio de las demandas por lesiones personales de los demandantes. Ha juzgado con \u00e9xito cientos de casos hasta el veredicto del jurado relacionados con accidentes automovil\u00edsticos, accidentes de camiones, accidentes de peatones, accidentes de resbalones y ca\u00eddas, ataques de animales, agravios intencionales y accidentes relacionados con el trabajo.<\/p>\n<p>Adem\u00e1s de su extenso trabajo en la sala del tribunal, se desempe\u00f1\u00f3 como representante del colegio de abogados demandantes en el Comit\u00e9 de Reglas del Tribunal de Distrito del Condado de Mecklenburg y se desempe\u00f1\u00f3 como \u00e1rbitro en numerosas disputas de seguros.<\/p>\n<p>En 2011, el Sr. Petho obtuvo una calificaci\u00f3n \u00abAV Preeminente\u00bb de Martindale Hubbell, su calificaci\u00f3n m\u00e1s alta posible tanto en capacidad legal como en est\u00e1ndares \u00e9ticos. Es un miembro activo de los Defensores de la Justicia de Carolina del Norte y miembro de la Divisi\u00f3n de Lesiones Personales y Compensaci\u00f3n de Trabajadores. Es miembro del Colegio de Abogados del Estado de Carolina del Norte, del Colegio de Abogados de Carolina del Norte y del Colegio de Abogados del Condado de Mecklenburg.<\/p>\n<p>Cuando no est\u00e1 en la oficina, encontrar\u00e1 a Doug pasando tiempo con su esposa de 29 a\u00f1os, Faith, y con sus dos hijas. Les gusta andar en bicicleta y viajar, aunque no durante la temporada de baloncesto (\u00a1vamos Tarheels!). Ha sido miembro de la Iglesia Cat\u00f3lica de San Mateo durante m\u00e1s de 20 a\u00f1os.<\/p>\n\t\t\t\t<img decoding=\"async\" src=\"https:\/\/priceattorneys.com\/wp-content\/uploads\/2022\/03\/Douglas-Petho.jpg\" alt=\"Douglas Petho\" itemprop=\"image\" height=\"658\" width=\"810\" title=\"Douglas Petho\" onerror=\"this.style.display='none'\"  \/>\n\t<p><img decoding=\"async\" src=\"https:\/\/priceattorneys.com\/wp-content\/uploads\/2022\/03\/5stars.png\" alt=\"\" width=\"325\" height=\"56\" \/><\/p>\n<p>I was involved in a car accident and was recommended by a friend to use Doug Petho. I am so happy I did. He kept me informed of all my options and how the process works. They kept me updated at every turn and made sure all my questions were answered. I can&#8217;t speak highly enough of this law firm!<\/p>\n<p>&#8211; Ashley G<\/p>\n\t<h2>Educaci\u00f3n<\/h2>\n<ul>\n<li><a href=\"https:\/\/www.unc.edu\/\">Universidad de Carolina del Norte Chapel Hill<\/a>, Licenciatura en Administraci\u00f3n de Justicia Penal, 1988<\/li>\n<li>Universidad de Carolina del Norte Chapel Hill, JD, 1991<\/li>\n<\/ul>\n<h2>Premios<\/h2>\n<ul>\n<li>Calificaci\u00f3n \u00abAV Preeminente\u00bb, Martindale Hubbell, 2011 al presente\n<ul>\n<li>Premio Campe\u00f3n del Cliente, 2019<\/li>\n<\/ul>\n<\/li>\n<\/ul>\n<h2>Admisiones a la barra<\/h2>\n<ul>\n<li><a href=\"https:\/\/www.nccourts.gov\/\">Carolina del Norte<\/a>, 1991<\/li>\n<li><a href=\"https:\/\/www.ncwd.uscourts.gov\/\">Tribunal de Distrito de EE. UU. Distrito Oeste de Carolina del Norte<\/a>, 1991<\/li>\n<\/ul>\n\t<h2>Asociaciones profesionales y de abogados<\/h2>\n<ul>\n<li><a href=\"https:\/\/www.meckbar.org\/\">Colegio de Abogados del Condado de Mecklenburg<\/a><\/li>\n<li>Asociaci\u00f3n de Abogados Litigantes del Sur<\/li>\n<li>Asociaci\u00f3n Americana para la Justicia<\/li>\n<li>Los 100 mejores abogados litigantes nacionales<\/li>\n<li><a href=\"https:\/\/www.ncbar.org\/\">Colegio de Abogados de Carolina del Norte<\/a><\/li>\n<li><a href=\"https:\/\/www.americanbar.org\/\">Colegio de Abogados de los Estados Unidos<\/a><\/li>\n<li><a href=\"https:\/\/www.ncaj.com\/\">Defensores de la justicia de Carolina del Norte<\/a>\n<ul>\n<li>Divisi\u00f3n de Lesiones Personales y Compensaci\u00f3n de Trabajadores<\/li>\n<\/ul>\n<\/li>\n<\/ul>\n\n","protected":false},"excerpt":{"rendered":"<p>Acerca de Douglas A. Petho Abogado de accidentes altamente calificado en Charlotte El abogado Douglas A. Petho es propietario y fundador de Price, Petho &amp; Asociados. Se gradu\u00f3 de la Universidad de Carolina del Norte en Chapel Hill, donde obtuvo su t\u00edtulo de Licenciado en Ciencias en Administraci\u00f3n de Justicia Penal en 1988. Obtuvo su&hellip;<\/p>\n","protected":false},"author":1,"featured_media":0,"parent":4940,"menu_order":0,"comment_status":"closed","ping_status":"closed","template":"","meta":{"footnotes":""},"class_list":["post-4947","page","type-page","status-publish","hentry"],"yoast_head":"<!-- This site is optimized with the Yoast SEO plugin v27.4 - https:\/\/yoast.com\/product\/yoast-seo-wordpress\/ -->\n<title>Douglas A. Petho | Price Petho &amp; Associates, Personal Injury Attorneys<\/title>\n<meta name=\"robots\" content=\"index, follow, max-snippet:-1, max-image-preview:large, max-video-preview:-1\" \/>\n<link rel=\"canonical\" href=\"https:\/\/priceattorneys.com\/es\/sobre-nosotros\/douglas-a-petho\/\" \/>\n<meta property=\"og:locale\" content=\"es_ES\" \/>\n<meta property=\"og:type\" content=\"article\" \/>\n<meta property=\"og:title\" content=\"Douglas A. Petho | Price Petho &amp; Associates, Personal Injury Attorneys\" \/>\n<meta property=\"og:description\" content=\"Acerca de Douglas A. Petho Abogado de accidentes altamente calificado en Charlotte El abogado Douglas A. Petho es propietario y fundador de Price, Petho &amp; Asociados. Se gradu\u00f3 de la Universidad de Carolina del Norte en Chapel Hill, donde obtuvo su t\u00edtulo de Licenciado en Ciencias en Administraci\u00f3n de Justicia Penal en 1988. Obtuvo su&hellip;\" \/>\n<meta property=\"og:url\" content=\"https:\/\/priceattorneys.com\/es\/sobre-nosotros\/douglas-a-petho\/\" \/>\n<meta property=\"og:site_name\" content=\"Price Petho &amp; Associates, Personal Injury Attorneys\" \/>\n<meta property=\"article:modified_time\" content=\"2024-03-27T18:37:46+00:00\" \/>\n<meta property=\"og:image\" content=\"https:\/\/priceattorneys.com\/wp-content\/uploads\/2022\/03\/Douglas-Petho.jpg\" \/>\n<meta name=\"twitter:card\" content=\"summary_large_image\" \/>\n<meta name=\"twitter:label1\" content=\"Tiempo de lectura\" \/>\n\t<meta name=\"twitter:data1\" content=\"3 minutos\" \/>\n<script type=\"application\/ld+json\" class=\"yoast-schema-graph\">{\"@context\":\"https:\\\/\\\/schema.org\",\"@graph\":[{\"@type\":\"WebPage\",\"@id\":\"https:\\\/\\\/priceattorneys.com\\\/es\\\/sobre-nosotros\\\/douglas-a-petho\\\/\",\"url\":\"https:\\\/\\\/priceattorneys.com\\\/es\\\/sobre-nosotros\\\/douglas-a-petho\\\/\",\"name\":\"Douglas A. Petho | Price Petho &amp; Associates, Personal Injury Attorneys\",\"isPartOf\":{\"@id\":\"https:\\\/\\\/priceattorneys.com\\\/es\\\/#website\"},\"primaryImageOfPage\":{\"@id\":\"https:\\\/\\\/priceattorneys.com\\\/es\\\/sobre-nosotros\\\/douglas-a-petho\\\/#primaryimage\"},\"image\":{\"@id\":\"https:\\\/\\\/priceattorneys.com\\\/es\\\/sobre-nosotros\\\/douglas-a-petho\\\/#primaryimage\"},\"thumbnailUrl\":\"https:\\\/\\\/priceattorneys.com\\\/wp-content\\\/uploads\\\/2022\\\/03\\\/Douglas-Petho.jpg\",\"datePublished\":\"2022-03-13T15:34:32+00:00\",\"dateModified\":\"2024-03-27T18:37:46+00:00\",\"breadcrumb\":{\"@id\":\"https:\\\/\\\/priceattorneys.com\\\/es\\\/sobre-nosotros\\\/douglas-a-petho\\\/#breadcrumb\"},\"inLanguage\":\"es\",\"potentialAction\":[{\"@type\":\"ReadAction\",\"target\":[\"https:\\\/\\\/priceattorneys.com\\\/es\\\/sobre-nosotros\\\/douglas-a-petho\\\/\"]}]},{\"@type\":\"ImageObject\",\"inLanguage\":\"es\",\"@id\":\"https:\\\/\\\/priceattorneys.com\\\/es\\\/sobre-nosotros\\\/douglas-a-petho\\\/#primaryimage\",\"url\":\"https:\\\/\\\/priceattorneys.com\\\/wp-content\\\/uploads\\\/2022\\\/03\\\/Douglas-Petho.jpg\",\"contentUrl\":\"https:\\\/\\\/priceattorneys.com\\\/wp-content\\\/uploads\\\/2022\\\/03\\\/Douglas-Petho.jpg\"},{\"@type\":\"BreadcrumbList\",\"@id\":\"https:\\\/\\\/priceattorneys.com\\\/es\\\/sobre-nosotros\\\/douglas-a-petho\\\/#breadcrumb\",\"itemListElement\":[{\"@type\":\"ListItem\",\"position\":1,\"name\":\"Home\",\"item\":\"https:\\\/\\\/priceattorneys.com\\\/es\\\/\"},{\"@type\":\"ListItem\",\"position\":2,\"name\":\"Sobre Nosotros\",\"item\":\"https:\\\/\\\/priceattorneys.com\\\/es\\\/sobre-nosotros\\\/\"},{\"@type\":\"ListItem\",\"position\":3,\"name\":\"Douglas A. Petho\"}]},{\"@type\":\"WebSite\",\"@id\":\"https:\\\/\\\/priceattorneys.com\\\/es\\\/#website\",\"url\":\"https:\\\/\\\/priceattorneys.com\\\/es\\\/\",\"name\":\"Price Petho &amp; Associates, Personal Injury Attorneys\",\"description\":\"Charlotte Personal Injury Lawyers\",\"potentialAction\":[{\"@type\":\"SearchAction\",\"target\":{\"@type\":\"EntryPoint\",\"urlTemplate\":\"https:\\\/\\\/priceattorneys.com\\\/es\\\/?s={search_term_string}\"},\"query-input\":{\"@type\":\"PropertyValueSpecification\",\"valueRequired\":true,\"valueName\":\"search_term_string\"}}],\"inLanguage\":\"es\"}]}<\/script>\n<!-- \/ Yoast SEO plugin. -->","yoast_head_json":{"title":"Douglas A. Petho | Price Petho &amp; Associates, Personal Injury Attorneys","robots":{"index":"index","follow":"follow","max-snippet":"max-snippet:-1","max-image-preview":"max-image-preview:large","max-video-preview":"max-video-preview:-1"},"canonical":"https:\/\/priceattorneys.com\/es\/sobre-nosotros\/douglas-a-petho\/","og_locale":"es_ES","og_type":"article","og_title":"Douglas A. Petho | Price Petho &amp; Associates, Personal Injury Attorneys","og_description":"Acerca de Douglas A. Petho Abogado de accidentes altamente calificado en Charlotte El abogado Douglas A. Petho es propietario y fundador de Price, Petho &amp; Asociados. Se gradu\u00f3 de la Universidad de Carolina del Norte en Chapel Hill, donde obtuvo su t\u00edtulo de Licenciado en Ciencias en Administraci\u00f3n de Justicia Penal en 1988. Obtuvo su&hellip;","og_url":"https:\/\/priceattorneys.com\/es\/sobre-nosotros\/douglas-a-petho\/","og_site_name":"Price Petho &amp; Associates, Personal Injury Attorneys","article_modified_time":"2024-03-27T18:37:46+00:00","og_image":[{"url":"https:\/\/priceattorneys.com\/wp-content\/uploads\/2022\/03\/Douglas-Petho.jpg","type":"","width":"","height":""}],"twitter_card":"summary_large_image","twitter_misc":{"Tiempo de lectura":"3 minutos"},"schema":{"@context":"https:\/\/schema.org","@graph":[{"@type":"WebPage","@id":"https:\/\/priceattorneys.com\/es\/sobre-nosotros\/douglas-a-petho\/","url":"https:\/\/priceattorneys.com\/es\/sobre-nosotros\/douglas-a-petho\/","name":"Douglas A. Petho | Price Petho &amp; Associates, Personal Injury Attorneys","isPartOf":{"@id":"https:\/\/priceattorneys.com\/es\/#website"},"primaryImageOfPage":{"@id":"https:\/\/priceattorneys.com\/es\/sobre-nosotros\/douglas-a-petho\/#primaryimage"},"image":{"@id":"https:\/\/priceattorneys.com\/es\/sobre-nosotros\/douglas-a-petho\/#primaryimage"},"thumbnailUrl":"https:\/\/priceattorneys.com\/wp-content\/uploads\/2022\/03\/Douglas-Petho.jpg","datePublished":"2022-03-13T15:34:32+00:00","dateModified":"2024-03-27T18:37:46+00:00","breadcrumb":{"@id":"https:\/\/priceattorneys.com\/es\/sobre-nosotros\/douglas-a-petho\/#breadcrumb"},"inLanguage":"es","potentialAction":[{"@type":"ReadAction","target":["https:\/\/priceattorneys.com\/es\/sobre-nosotros\/douglas-a-petho\/"]}]},{"@type":"ImageObject","inLanguage":"es","@id":"https:\/\/priceattorneys.com\/es\/sobre-nosotros\/douglas-a-petho\/#primaryimage","url":"https:\/\/priceattorneys.com\/wp-content\/uploads\/2022\/03\/Douglas-Petho.jpg","contentUrl":"https:\/\/priceattorneys.com\/wp-content\/uploads\/2022\/03\/Douglas-Petho.jpg"},{"@type":"BreadcrumbList","@id":"https:\/\/priceattorneys.com\/es\/sobre-nosotros\/douglas-a-petho\/#breadcrumb","itemListElement":[{"@type":"ListItem","position":1,"name":"Home","item":"https:\/\/priceattorneys.com\/es\/"},{"@type":"ListItem","position":2,"name":"Sobre Nosotros","item":"https:\/\/priceattorneys.com\/es\/sobre-nosotros\/"},{"@type":"ListItem","position":3,"name":"Douglas A. Petho"}]},{"@type":"WebSite","@id":"https:\/\/priceattorneys.com\/es\/#website","url":"https:\/\/priceattorneys.com\/es\/","name":"Price Petho &amp; Associates, Personal Injury Attorneys","description":"Charlotte Personal Injury Lawyers","potentialAction":[{"@type":"SearchAction","target":{"@type":"EntryPoint","urlTemplate":"https:\/\/priceattorneys.com\/es\/?s={search_term_string}"},"query-input":{"@type":"PropertyValueSpecification","valueRequired":true,"valueName":"search_term_string"}}],"inLanguage":"es"}]}},"_links":{"self":[{"href":"https:\/\/priceattorneys.com\/es\/wp-json\/wp\/v2\/pages\/4947","targetHints":{"allow":["GET"]}}],"collection":[{"href":"https:\/\/priceattorneys.com\/es\/wp-json\/wp\/v2\/pages"}],"about":[{"href":"https:\/\/priceattorneys.com\/es\/wp-json\/wp\/v2\/types\/page"}],"author":[{"embeddable":true,"href":"https:\/\/priceattorneys.com\/es\/wp-json\/wp\/v2\/users\/1"}],"replies":[{"embeddable":true,"href":"https:\/\/priceattorneys.com\/es\/wp-json\/wp\/v2\/comments?post=4947"}],"version-history":[{"count":0,"href":"https:\/\/priceattorneys.com\/es\/wp-json\/wp\/v2\/pages\/4947\/revisions"}],"up":[{"embeddable":true,"href":"https:\/\/priceattorneys.com\/es\/wp-json\/wp\/v2\/pages\/4940"}],"wp:attachment":[{"href":"https:\/\/priceattorneys.com\/es\/wp-json\/wp\/v2\/media?parent=4947"}],"curies":[{"name":"wp","href":"https:\/\/api.w.org\/{rel}","templated":true}]}}