{"id":4958,"date":"2022-03-13T15:35:09","date_gmt":"2022-03-13T15:35:09","guid":{"rendered":"https:\/\/priceattorneys.com\/?page_id=4958"},"modified":"2024-03-27T18:38:24","modified_gmt":"2024-03-27T18:38:24","slug":"margaret-e-ford","status":"publish","type":"page","link":"https:\/\/priceattorneys.com\/es\/sobre-nosotros\/margaret-e-ford\/","title":{"rendered":"Margaret E. Ford"},"content":{"rendered":"\n\n\t<h1>Acerca de Margaret E. Ford<\/h1>\n<p>La abogada Margaret E. Ford, nativa de Carolina del Norte, creci\u00f3 en Concord y ahora es residente del \u00e1rea de Charlotte. La Sra. Ford se uni\u00f3 a la firma en 2020 con la dedicaci\u00f3n de defender a los clientes lesionados y una pasi\u00f3n por los reclamos relacionados con agravios. Obtuvo una Licenciatura en Ciencias en la Universidad de Carolina del Norte en Wilmington y su Doctorado en Jurisprudencia en la Facultad de Derecho de la Universidad de Elon. Durante su tiempo en la facultad de derecho, la Sra. Ford fue miembro de la Junta de Moot Court, donde desarroll\u00f3 habilidades legales pr\u00e1cticas.<\/p>\n<p>Antes de unirse a nuestra firma, la Sra. Ford trabaj\u00f3 como <a href=\"https:\/\/priceattorneys.com\/\">lesiones personales<\/a> pasante legal donde obtuvo experiencias invaluables sobre los desaf\u00edos y recompensas de la ley de lesiones personales.<\/p>\n<p>Cuando no est\u00e1 ejerciendo la abogac\u00eda, la Sra. Ford disfruta pasar tiempo con su familia y amigos, as\u00ed como con su perro, Judge.<\/p>\n\t\t\t\t<img decoding=\"async\" src=\"https:\/\/priceattorneys.com\/wp-content\/uploads\/2022\/03\/Price-Petho_0522-1024x683.jpg\" alt=\"Price Petho_0522\" itemprop=\"image\" height=\"683\" width=\"1024\" title=\"Price Petho_0522\" onerror=\"this.style.display='none'\"  \/>\n\t<h2>Educaci\u00f3n<\/h2>\n<ul>\n<li><a href=\"https:\/\/uncw.edu\/\">Universidad de Carolina del Norte Wilmington<\/a>, Licenciatura en Administraci\u00f3n de Empresas, 2016<\/li>\n<li><a href=\"https:\/\/www.elon.edu\/u\/law\/\">Facultad de Derecho de la Universidad de Elon<\/a>, Juris Doctor, 2019<\/li>\n<\/ul>\n<h2>Admisiones a la barra<\/h2>\n<ul>\n<li><a href=\"https:\/\/www.ncbar.gov\/\">Carolina del Norte<\/a>, 2020<\/li>\n<li><a href=\"https:\/\/www.scbar.org\/\">Carolina del Sur<\/a>, 2021<\/li>\n<\/ul>\n\t<h2>Asociaciones profesionales y de abogados<\/h2>\n<ul>\n<li><a href=\"https:\/\/www.americanbar.org\/\">Colegio de Abogados de los Estados Unidos<\/a><\/li>\n<li>Asociaci\u00f3n de Antiguos Alumnos de Derecho de Elon<\/li>\n<li>Colegio de Abogados de Carolina del Norte<\/li>\n<li><a href=\"https:\/\/wlclt.org\/\">Mujeres Abogadas de Charlotte<\/a><\/li>\n<li>Divisi\u00f3n de J\u00f3venes Abogados<\/li>\n<\/ul>\n\n","protected":false},"excerpt":{"rendered":"<p>Acerca de Margaret E. Ford La abogada Margaret E. Ford, nativa de Carolina del Norte, creci\u00f3 en Concord y ahora es residente del \u00e1rea de Charlotte. La Sra. Ford se uni\u00f3 a la firma en 2020 con la dedicaci\u00f3n de defender a los clientes lesionados y una pasi\u00f3n por los reclamos relacionados con agravios. Obtuvo&hellip;<\/p>\n","protected":false},"author":1,"featured_media":0,"parent":4940,"menu_order":0,"comment_status":"closed","ping_status":"closed","template":"","meta":{"footnotes":""},"class_list":["post-4958","page","type-page","status-publish","hentry"],"yoast_head":"<!-- This site is optimized with the Yoast SEO plugin v27.3 - https:\/\/yoast.com\/product\/yoast-seo-wordpress\/ -->\n<title>Margaret E. Ford | Price Petho &amp; Associates, Personal Injury Attorneys<\/title>\n<meta name=\"robots\" content=\"index, follow, max-snippet:-1, max-image-preview:large, max-video-preview:-1\" \/>\n<link rel=\"canonical\" href=\"https:\/\/priceattorneys.com\/es\/sobre-nosotros\/margaret-e-ford\/\" \/>\n<meta property=\"og:locale\" content=\"es_ES\" \/>\n<meta property=\"og:type\" content=\"article\" \/>\n<meta property=\"og:title\" content=\"Margaret E. Ford | Price Petho &amp; Associates, Personal Injury Attorneys\" \/>\n<meta property=\"og:description\" content=\"Acerca de Margaret E. Ford La abogada Margaret E. Ford, nativa de Carolina del Norte, creci\u00f3 en Concord y ahora es residente del \u00e1rea de Charlotte. La Sra. Ford se uni\u00f3 a la firma en 2020 con la dedicaci\u00f3n de defender a los clientes lesionados y una pasi\u00f3n por los reclamos relacionados con agravios. Obtuvo&hellip;\" \/>\n<meta property=\"og:url\" content=\"https:\/\/priceattorneys.com\/es\/sobre-nosotros\/margaret-e-ford\/\" \/>\n<meta property=\"og:site_name\" content=\"Price Petho &amp; Associates, Personal Injury Attorneys\" \/>\n<meta property=\"article:modified_time\" content=\"2024-03-27T18:38:24+00:00\" \/>\n<meta property=\"og:image\" content=\"https:\/\/priceattorneys.com\/wp-content\/uploads\/2022\/03\/Price-Petho_0522-1024x683.jpg\" \/>\n<meta name=\"twitter:card\" content=\"summary_large_image\" \/>\n<meta name=\"twitter:label1\" content=\"Tiempo de lectura\" \/>\n\t<meta name=\"twitter:data1\" content=\"2 minutos\" \/>\n<script type=\"application\/ld+json\" class=\"yoast-schema-graph\">{\"@context\":\"https:\\\/\\\/schema.org\",\"@graph\":[{\"@type\":\"WebPage\",\"@id\":\"https:\\\/\\\/priceattorneys.com\\\/es\\\/sobre-nosotros\\\/margaret-e-ford\\\/\",\"url\":\"https:\\\/\\\/priceattorneys.com\\\/es\\\/sobre-nosotros\\\/margaret-e-ford\\\/\",\"name\":\"Margaret E. Ford | Price Petho &amp; Associates, Personal Injury Attorneys\",\"isPartOf\":{\"@id\":\"https:\\\/\\\/priceattorneys.com\\\/es\\\/#website\"},\"primaryImageOfPage\":{\"@id\":\"https:\\\/\\\/priceattorneys.com\\\/es\\\/sobre-nosotros\\\/margaret-e-ford\\\/#primaryimage\"},\"image\":{\"@id\":\"https:\\\/\\\/priceattorneys.com\\\/es\\\/sobre-nosotros\\\/margaret-e-ford\\\/#primaryimage\"},\"thumbnailUrl\":\"https:\\\/\\\/priceattorneys.com\\\/wp-content\\\/uploads\\\/2022\\\/03\\\/Price-Petho_0522-1024x683.jpg\",\"datePublished\":\"2022-03-13T15:35:09+00:00\",\"dateModified\":\"2024-03-27T18:38:24+00:00\",\"breadcrumb\":{\"@id\":\"https:\\\/\\\/priceattorneys.com\\\/es\\\/sobre-nosotros\\\/margaret-e-ford\\\/#breadcrumb\"},\"inLanguage\":\"es\",\"potentialAction\":[{\"@type\":\"ReadAction\",\"target\":[\"https:\\\/\\\/priceattorneys.com\\\/es\\\/sobre-nosotros\\\/margaret-e-ford\\\/\"]}]},{\"@type\":\"ImageObject\",\"inLanguage\":\"es\",\"@id\":\"https:\\\/\\\/priceattorneys.com\\\/es\\\/sobre-nosotros\\\/margaret-e-ford\\\/#primaryimage\",\"url\":\"https:\\\/\\\/priceattorneys.com\\\/wp-content\\\/uploads\\\/2022\\\/03\\\/Price-Petho_0522-1024x683.jpg\",\"contentUrl\":\"https:\\\/\\\/priceattorneys.com\\\/wp-content\\\/uploads\\\/2022\\\/03\\\/Price-Petho_0522-1024x683.jpg\"},{\"@type\":\"BreadcrumbList\",\"@id\":\"https:\\\/\\\/priceattorneys.com\\\/es\\\/sobre-nosotros\\\/margaret-e-ford\\\/#breadcrumb\",\"itemListElement\":[{\"@type\":\"ListItem\",\"position\":1,\"name\":\"Home\",\"item\":\"https:\\\/\\\/priceattorneys.com\\\/es\\\/\"},{\"@type\":\"ListItem\",\"position\":2,\"name\":\"Sobre Nosotros\",\"item\":\"https:\\\/\\\/priceattorneys.com\\\/es\\\/sobre-nosotros\\\/\"},{\"@type\":\"ListItem\",\"position\":3,\"name\":\"Margaret E. Ford\"}]},{\"@type\":\"WebSite\",\"@id\":\"https:\\\/\\\/priceattorneys.com\\\/es\\\/#website\",\"url\":\"https:\\\/\\\/priceattorneys.com\\\/es\\\/\",\"name\":\"Price Petho &amp; Associates, Personal Injury Attorneys\",\"description\":\"Charlotte Personal Injury Lawyers\",\"potentialAction\":[{\"@type\":\"SearchAction\",\"target\":{\"@type\":\"EntryPoint\",\"urlTemplate\":\"https:\\\/\\\/priceattorneys.com\\\/es\\\/?s={search_term_string}\"},\"query-input\":{\"@type\":\"PropertyValueSpecification\",\"valueRequired\":true,\"valueName\":\"search_term_string\"}}],\"inLanguage\":\"es\"}]}<\/script>\n<!-- \/ Yoast SEO plugin. -->","yoast_head_json":{"title":"Margaret E. Ford | Price Petho &amp; Associates, Personal Injury Attorneys","robots":{"index":"index","follow":"follow","max-snippet":"max-snippet:-1","max-image-preview":"max-image-preview:large","max-video-preview":"max-video-preview:-1"},"canonical":"https:\/\/priceattorneys.com\/es\/sobre-nosotros\/margaret-e-ford\/","og_locale":"es_ES","og_type":"article","og_title":"Margaret E. Ford | Price Petho &amp; Associates, Personal Injury Attorneys","og_description":"Acerca de Margaret E. Ford La abogada Margaret E. Ford, nativa de Carolina del Norte, creci\u00f3 en Concord y ahora es residente del \u00e1rea de Charlotte. La Sra. Ford se uni\u00f3 a la firma en 2020 con la dedicaci\u00f3n de defender a los clientes lesionados y una pasi\u00f3n por los reclamos relacionados con agravios. Obtuvo&hellip;","og_url":"https:\/\/priceattorneys.com\/es\/sobre-nosotros\/margaret-e-ford\/","og_site_name":"Price Petho &amp; Associates, Personal Injury Attorneys","article_modified_time":"2024-03-27T18:38:24+00:00","og_image":[{"url":"https:\/\/priceattorneys.com\/wp-content\/uploads\/2022\/03\/Price-Petho_0522-1024x683.jpg","type":"","width":"","height":""}],"twitter_card":"summary_large_image","twitter_misc":{"Tiempo de lectura":"2 minutos"},"schema":{"@context":"https:\/\/schema.org","@graph":[{"@type":"WebPage","@id":"https:\/\/priceattorneys.com\/es\/sobre-nosotros\/margaret-e-ford\/","url":"https:\/\/priceattorneys.com\/es\/sobre-nosotros\/margaret-e-ford\/","name":"Margaret E. Ford | Price Petho &amp; Associates, Personal Injury Attorneys","isPartOf":{"@id":"https:\/\/priceattorneys.com\/es\/#website"},"primaryImageOfPage":{"@id":"https:\/\/priceattorneys.com\/es\/sobre-nosotros\/margaret-e-ford\/#primaryimage"},"image":{"@id":"https:\/\/priceattorneys.com\/es\/sobre-nosotros\/margaret-e-ford\/#primaryimage"},"thumbnailUrl":"https:\/\/priceattorneys.com\/wp-content\/uploads\/2022\/03\/Price-Petho_0522-1024x683.jpg","datePublished":"2022-03-13T15:35:09+00:00","dateModified":"2024-03-27T18:38:24+00:00","breadcrumb":{"@id":"https:\/\/priceattorneys.com\/es\/sobre-nosotros\/margaret-e-ford\/#breadcrumb"},"inLanguage":"es","potentialAction":[{"@type":"ReadAction","target":["https:\/\/priceattorneys.com\/es\/sobre-nosotros\/margaret-e-ford\/"]}]},{"@type":"ImageObject","inLanguage":"es","@id":"https:\/\/priceattorneys.com\/es\/sobre-nosotros\/margaret-e-ford\/#primaryimage","url":"https:\/\/priceattorneys.com\/wp-content\/uploads\/2022\/03\/Price-Petho_0522-1024x683.jpg","contentUrl":"https:\/\/priceattorneys.com\/wp-content\/uploads\/2022\/03\/Price-Petho_0522-1024x683.jpg"},{"@type":"BreadcrumbList","@id":"https:\/\/priceattorneys.com\/es\/sobre-nosotros\/margaret-e-ford\/#breadcrumb","itemListElement":[{"@type":"ListItem","position":1,"name":"Home","item":"https:\/\/priceattorneys.com\/es\/"},{"@type":"ListItem","position":2,"name":"Sobre Nosotros","item":"https:\/\/priceattorneys.com\/es\/sobre-nosotros\/"},{"@type":"ListItem","position":3,"name":"Margaret E. Ford"}]},{"@type":"WebSite","@id":"https:\/\/priceattorneys.com\/es\/#website","url":"https:\/\/priceattorneys.com\/es\/","name":"Price Petho &amp; Associates, Personal Injury Attorneys","description":"Charlotte Personal Injury Lawyers","potentialAction":[{"@type":"SearchAction","target":{"@type":"EntryPoint","urlTemplate":"https:\/\/priceattorneys.com\/es\/?s={search_term_string}"},"query-input":{"@type":"PropertyValueSpecification","valueRequired":true,"valueName":"search_term_string"}}],"inLanguage":"es"}]}},"_links":{"self":[{"href":"https:\/\/priceattorneys.com\/es\/wp-json\/wp\/v2\/pages\/4958","targetHints":{"allow":["GET"]}}],"collection":[{"href":"https:\/\/priceattorneys.com\/es\/wp-json\/wp\/v2\/pages"}],"about":[{"href":"https:\/\/priceattorneys.com\/es\/wp-json\/wp\/v2\/types\/page"}],"author":[{"embeddable":true,"href":"https:\/\/priceattorneys.com\/es\/wp-json\/wp\/v2\/users\/1"}],"replies":[{"embeddable":true,"href":"https:\/\/priceattorneys.com\/es\/wp-json\/wp\/v2\/comments?post=4958"}],"version-history":[{"count":2,"href":"https:\/\/priceattorneys.com\/es\/wp-json\/wp\/v2\/pages\/4958\/revisions"}],"predecessor-version":[{"id":6952,"href":"https:\/\/priceattorneys.com\/es\/wp-json\/wp\/v2\/pages\/4958\/revisions\/6952"}],"up":[{"embeddable":true,"href":"https:\/\/priceattorneys.com\/es\/wp-json\/wp\/v2\/pages\/4940"}],"wp:attachment":[{"href":"https:\/\/priceattorneys.com\/es\/wp-json\/wp\/v2\/media?parent=4958"}],"curies":[{"name":"wp","href":"https:\/\/api.w.org\/{rel}","templated":true}]}}