{"id":4964,"date":"2022-03-13T15:34:54","date_gmt":"2022-03-13T15:34:54","guid":{"rendered":"https:\/\/priceattorneys.com\/?page_id=4964"},"modified":"2024-03-27T18:38:47","modified_gmt":"2024-03-27T18:38:47","slug":"larry-e-price","status":"publish","type":"page","link":"https:\/\/priceattorneys.com\/es\/sobre-nosotros\/larry-e-price\/","title":{"rendered":"Larry E. Price"},"content":{"rendered":"\n\n\t<h1>Acerca de Larry E. Price<\/h1>\n<h2>Buscando justicia agresivamente: \u00a1llame hoy!<\/h2>\n<p>Como fundador de Price Petho &amp; Associates PLLC, Larry E. Price es nativo de Carolina del Norte, nacido y criado en Rockingham. Recibi\u00f3 su t\u00edtulo de abogado de la Facultad de Derecho de la Universidad de Wake Forest en 1972. Antes de obtener su Doctorado en Jurisprudencia, el Sr. Price obtuvo una Licenciatura en Administraci\u00f3n de Empresas de St. Andrews Presbyterian College, lo que lo ayud\u00f3 a elegir una carrera en derecho comercial. Durante los cinco a\u00f1os siguientes a su graduaci\u00f3n, el Sr. Price trabaj\u00f3 en la industria de seguros como representante de reclamos.<\/p>\n<p>Desde entonces fund\u00f3 Price Petho &amp; Associates PLLC con William Benjamin Smith en 1979. El Sr. Price limita su pr\u00e1ctica a lesiones personales graves, muerte por negligencia y negligencia m\u00e9dica, y ha ejercido la abogac\u00eda en Charlotte durante los \u00faltimos 36 a\u00f1os.<\/p>\n<p><strong>\u00bfSu vida se ha visto afectada negativamente por el descuido de otra persona? Llame a los abogados de lesiones personales de Charlotte al <\/strong><a href=\"tel:704-850-6322\"><strong>(704) 850-6322<\/strong><\/a> <strong>para una consulta gratuita.<\/strong><\/p>\n<h2>Ayudando a obtener restituci\u00f3n por m\u00e1s de 40 a\u00f1os<\/h2>\n<p>Desde 1972, Larry E. Price ha trabajado para representar a clientes en los campos de lesiones personales, muerte injusta, negligencia m\u00e9dica y reclamaciones de seguros en nombre de los demandantes. Al pasar a\u00f1os trabajando en nombre de las compa\u00f1\u00edas de seguros, el Sr. Price entiende c\u00f3mo obtener un resultado positivo para los clientes de manera estrat\u00e9gica y efectiva. Al tener un abogado con experiencia de su lado en casos de lesiones personales o negligencia m\u00e9dica, aumenta sus probabilidades de obtener restituci\u00f3n.<\/p>\n\t\t\t\t<img decoding=\"async\" src=\"https:\/\/priceattorneys.com\/wp-content\/uploads\/2022\/03\/Larry-Price-1.jpg\" alt=\"Larry-Price\" itemprop=\"image\" height=\"600\" width=\"606\" title=\"Larry-Price\" onerror=\"this.style.display='none'\"  \/>\n\t<h2>El Sr. Price ha sido admitido para ejercer en las jurisdicciones de:<\/h2>\n<ul>\n<li><a href=\"https:\/\/www.ncbar.gov\/\">Carolina del Norte<\/a>, 1972<\/li>\n<li>Tribunal de Distrito de EE. UU. Distrito Este de Carolina del Norte, 1972<\/li>\n<li>Tribunal de Apelaciones del Cuarto Circuito de los EE. UU.<\/li>\n<li><a href=\"https:\/\/www.supremecourt.gov\/\">Corte Suprema de EE. UU.<\/a>, 1995<\/li>\n<\/ul>\n\t<h2>Sus membres\u00edas profesionales y de colegios de abogados incluyen:<\/h2>\n<ul>\n<li>Colegio de Abogados de Carolina del Norte<\/li>\n<li>Colegio de Abogados de Carolina del Norte<\/li>\n<li>Academia de Abogados Litigantes de Carolina del Norte<\/li>\n<li><a href=\"https:\/\/www.justice.org\/\">Asociaci\u00f3n Americana para la Justicia<\/a> (anteriormente la Asociaci\u00f3n de Abogados Litigantes de Am\u00e9rica)<\/li>\n<li>Asociaci\u00f3n de Abogados Litigantes del Estado de Nueva York<\/li>\n<li>Foro de defensores del mill\u00f3n de d\u00f3lares<\/li>\n<\/ul>\n\t<p><strong>\u00a1No espere para obtener ayuda! P\u00f3ngase en contacto con nuestra firma hoy para una <\/strong><strong>consulta gratis<\/strong> <strong>Para empezar.<\/strong><\/p>\n\n","protected":false},"excerpt":{"rendered":"<p>Acerca de Larry E. Price Buscando justicia agresivamente: \u00a1llame hoy! Como fundador de Price Petho &amp; Associates PLLC, Larry E. Price es nativo de Carolina del Norte, nacido y criado en Rockingham. Recibi\u00f3 su t\u00edtulo de abogado de la Facultad de Derecho de la Universidad de Wake Forest en 1972. Antes de obtener su Doctorado&hellip;<\/p>\n","protected":false},"author":1,"featured_media":0,"parent":4940,"menu_order":0,"comment_status":"closed","ping_status":"closed","template":"","meta":{"footnotes":""},"class_list":["post-4964","page","type-page","status-publish","hentry"],"yoast_head":"<!-- This site is optimized with the Yoast SEO plugin v27.3 - https:\/\/yoast.com\/product\/yoast-seo-wordpress\/ -->\n<title>Larry E. Price | Price Petho &amp; Associates, Personal Injury Attorneys<\/title>\n<meta name=\"robots\" content=\"index, follow, max-snippet:-1, max-image-preview:large, max-video-preview:-1\" \/>\n<link rel=\"canonical\" href=\"https:\/\/priceattorneys.com\/es\/sobre-nosotros\/larry-e-price\/\" \/>\n<meta property=\"og:locale\" content=\"es_ES\" \/>\n<meta property=\"og:type\" content=\"article\" \/>\n<meta property=\"og:title\" content=\"Larry E. Price | Price Petho &amp; Associates, Personal Injury Attorneys\" \/>\n<meta property=\"og:description\" content=\"Acerca de Larry E. Price Buscando justicia agresivamente: \u00a1llame hoy! Como fundador de Price Petho &amp; Associates PLLC, Larry E. Price es nativo de Carolina del Norte, nacido y criado en Rockingham. Recibi\u00f3 su t\u00edtulo de abogado de la Facultad de Derecho de la Universidad de Wake Forest en 1972. Antes de obtener su Doctorado&hellip;\" \/>\n<meta property=\"og:url\" content=\"https:\/\/priceattorneys.com\/es\/sobre-nosotros\/larry-e-price\/\" \/>\n<meta property=\"og:site_name\" content=\"Price Petho &amp; Associates, Personal Injury Attorneys\" \/>\n<meta property=\"article:modified_time\" content=\"2024-03-27T18:38:47+00:00\" \/>\n<meta property=\"og:image\" content=\"https:\/\/priceattorneys.com\/wp-content\/uploads\/2022\/03\/Larry-Price-1.jpg\" \/>\n<meta name=\"twitter:card\" content=\"summary_large_image\" \/>\n<meta name=\"twitter:label1\" content=\"Tiempo de lectura\" \/>\n\t<meta name=\"twitter:data1\" content=\"2 minutos\" \/>\n<script type=\"application\/ld+json\" class=\"yoast-schema-graph\">{\"@context\":\"https:\\\/\\\/schema.org\",\"@graph\":[{\"@type\":\"WebPage\",\"@id\":\"https:\\\/\\\/priceattorneys.com\\\/es\\\/sobre-nosotros\\\/larry-e-price\\\/\",\"url\":\"https:\\\/\\\/priceattorneys.com\\\/es\\\/sobre-nosotros\\\/larry-e-price\\\/\",\"name\":\"Larry E. Price | Price Petho &amp; Associates, Personal Injury Attorneys\",\"isPartOf\":{\"@id\":\"https:\\\/\\\/priceattorneys.com\\\/es\\\/#website\"},\"primaryImageOfPage\":{\"@id\":\"https:\\\/\\\/priceattorneys.com\\\/es\\\/sobre-nosotros\\\/larry-e-price\\\/#primaryimage\"},\"image\":{\"@id\":\"https:\\\/\\\/priceattorneys.com\\\/es\\\/sobre-nosotros\\\/larry-e-price\\\/#primaryimage\"},\"thumbnailUrl\":\"https:\\\/\\\/priceattorneys.com\\\/wp-content\\\/uploads\\\/2022\\\/03\\\/Larry-Price-1.jpg\",\"datePublished\":\"2022-03-13T15:34:54+00:00\",\"dateModified\":\"2024-03-27T18:38:47+00:00\",\"breadcrumb\":{\"@id\":\"https:\\\/\\\/priceattorneys.com\\\/es\\\/sobre-nosotros\\\/larry-e-price\\\/#breadcrumb\"},\"inLanguage\":\"es\",\"potentialAction\":[{\"@type\":\"ReadAction\",\"target\":[\"https:\\\/\\\/priceattorneys.com\\\/es\\\/sobre-nosotros\\\/larry-e-price\\\/\"]}]},{\"@type\":\"ImageObject\",\"inLanguage\":\"es\",\"@id\":\"https:\\\/\\\/priceattorneys.com\\\/es\\\/sobre-nosotros\\\/larry-e-price\\\/#primaryimage\",\"url\":\"https:\\\/\\\/priceattorneys.com\\\/wp-content\\\/uploads\\\/2022\\\/03\\\/Larry-Price-1.jpg\",\"contentUrl\":\"https:\\\/\\\/priceattorneys.com\\\/wp-content\\\/uploads\\\/2022\\\/03\\\/Larry-Price-1.jpg\"},{\"@type\":\"BreadcrumbList\",\"@id\":\"https:\\\/\\\/priceattorneys.com\\\/es\\\/sobre-nosotros\\\/larry-e-price\\\/#breadcrumb\",\"itemListElement\":[{\"@type\":\"ListItem\",\"position\":1,\"name\":\"Home\",\"item\":\"https:\\\/\\\/priceattorneys.com\\\/es\\\/\"},{\"@type\":\"ListItem\",\"position\":2,\"name\":\"Sobre Nosotros\",\"item\":\"https:\\\/\\\/priceattorneys.com\\\/es\\\/sobre-nosotros\\\/\"},{\"@type\":\"ListItem\",\"position\":3,\"name\":\"Larry E. Price\"}]},{\"@type\":\"WebSite\",\"@id\":\"https:\\\/\\\/priceattorneys.com\\\/es\\\/#website\",\"url\":\"https:\\\/\\\/priceattorneys.com\\\/es\\\/\",\"name\":\"Price Petho &amp; Associates, Personal Injury Attorneys\",\"description\":\"Charlotte Personal Injury Lawyers\",\"potentialAction\":[{\"@type\":\"SearchAction\",\"target\":{\"@type\":\"EntryPoint\",\"urlTemplate\":\"https:\\\/\\\/priceattorneys.com\\\/es\\\/?s={search_term_string}\"},\"query-input\":{\"@type\":\"PropertyValueSpecification\",\"valueRequired\":true,\"valueName\":\"search_term_string\"}}],\"inLanguage\":\"es\"}]}<\/script>\n<!-- \/ Yoast SEO plugin. -->","yoast_head_json":{"title":"Larry E. Price | Price Petho &amp; Associates, Personal Injury Attorneys","robots":{"index":"index","follow":"follow","max-snippet":"max-snippet:-1","max-image-preview":"max-image-preview:large","max-video-preview":"max-video-preview:-1"},"canonical":"https:\/\/priceattorneys.com\/es\/sobre-nosotros\/larry-e-price\/","og_locale":"es_ES","og_type":"article","og_title":"Larry E. Price | Price Petho &amp; Associates, Personal Injury Attorneys","og_description":"Acerca de Larry E. Price Buscando justicia agresivamente: \u00a1llame hoy! Como fundador de Price Petho &amp; Associates PLLC, Larry E. Price es nativo de Carolina del Norte, nacido y criado en Rockingham. Recibi\u00f3 su t\u00edtulo de abogado de la Facultad de Derecho de la Universidad de Wake Forest en 1972. Antes de obtener su Doctorado&hellip;","og_url":"https:\/\/priceattorneys.com\/es\/sobre-nosotros\/larry-e-price\/","og_site_name":"Price Petho &amp; Associates, Personal Injury Attorneys","article_modified_time":"2024-03-27T18:38:47+00:00","og_image":[{"url":"https:\/\/priceattorneys.com\/wp-content\/uploads\/2022\/03\/Larry-Price-1.jpg","type":"","width":"","height":""}],"twitter_card":"summary_large_image","twitter_misc":{"Tiempo de lectura":"2 minutos"},"schema":{"@context":"https:\/\/schema.org","@graph":[{"@type":"WebPage","@id":"https:\/\/priceattorneys.com\/es\/sobre-nosotros\/larry-e-price\/","url":"https:\/\/priceattorneys.com\/es\/sobre-nosotros\/larry-e-price\/","name":"Larry E. Price | Price Petho &amp; Associates, Personal Injury Attorneys","isPartOf":{"@id":"https:\/\/priceattorneys.com\/es\/#website"},"primaryImageOfPage":{"@id":"https:\/\/priceattorneys.com\/es\/sobre-nosotros\/larry-e-price\/#primaryimage"},"image":{"@id":"https:\/\/priceattorneys.com\/es\/sobre-nosotros\/larry-e-price\/#primaryimage"},"thumbnailUrl":"https:\/\/priceattorneys.com\/wp-content\/uploads\/2022\/03\/Larry-Price-1.jpg","datePublished":"2022-03-13T15:34:54+00:00","dateModified":"2024-03-27T18:38:47+00:00","breadcrumb":{"@id":"https:\/\/priceattorneys.com\/es\/sobre-nosotros\/larry-e-price\/#breadcrumb"},"inLanguage":"es","potentialAction":[{"@type":"ReadAction","target":["https:\/\/priceattorneys.com\/es\/sobre-nosotros\/larry-e-price\/"]}]},{"@type":"ImageObject","inLanguage":"es","@id":"https:\/\/priceattorneys.com\/es\/sobre-nosotros\/larry-e-price\/#primaryimage","url":"https:\/\/priceattorneys.com\/wp-content\/uploads\/2022\/03\/Larry-Price-1.jpg","contentUrl":"https:\/\/priceattorneys.com\/wp-content\/uploads\/2022\/03\/Larry-Price-1.jpg"},{"@type":"BreadcrumbList","@id":"https:\/\/priceattorneys.com\/es\/sobre-nosotros\/larry-e-price\/#breadcrumb","itemListElement":[{"@type":"ListItem","position":1,"name":"Home","item":"https:\/\/priceattorneys.com\/es\/"},{"@type":"ListItem","position":2,"name":"Sobre Nosotros","item":"https:\/\/priceattorneys.com\/es\/sobre-nosotros\/"},{"@type":"ListItem","position":3,"name":"Larry E. Price"}]},{"@type":"WebSite","@id":"https:\/\/priceattorneys.com\/es\/#website","url":"https:\/\/priceattorneys.com\/es\/","name":"Price Petho &amp; Associates, Personal Injury Attorneys","description":"Charlotte Personal Injury Lawyers","potentialAction":[{"@type":"SearchAction","target":{"@type":"EntryPoint","urlTemplate":"https:\/\/priceattorneys.com\/es\/?s={search_term_string}"},"query-input":{"@type":"PropertyValueSpecification","valueRequired":true,"valueName":"search_term_string"}}],"inLanguage":"es"}]}},"_links":{"self":[{"href":"https:\/\/priceattorneys.com\/es\/wp-json\/wp\/v2\/pages\/4964","targetHints":{"allow":["GET"]}}],"collection":[{"href":"https:\/\/priceattorneys.com\/es\/wp-json\/wp\/v2\/pages"}],"about":[{"href":"https:\/\/priceattorneys.com\/es\/wp-json\/wp\/v2\/types\/page"}],"author":[{"embeddable":true,"href":"https:\/\/priceattorneys.com\/es\/wp-json\/wp\/v2\/users\/1"}],"replies":[{"embeddable":true,"href":"https:\/\/priceattorneys.com\/es\/wp-json\/wp\/v2\/comments?post=4964"}],"version-history":[{"count":1,"href":"https:\/\/priceattorneys.com\/es\/wp-json\/wp\/v2\/pages\/4964\/revisions"}],"predecessor-version":[{"id":6953,"href":"https:\/\/priceattorneys.com\/es\/wp-json\/wp\/v2\/pages\/4964\/revisions\/6953"}],"up":[{"embeddable":true,"href":"https:\/\/priceattorneys.com\/es\/wp-json\/wp\/v2\/pages\/4940"}],"wp:attachment":[{"href":"https:\/\/priceattorneys.com\/es\/wp-json\/wp\/v2\/media?parent=4964"}],"curies":[{"name":"wp","href":"https:\/\/api.w.org\/{rel}","templated":true}]}}