{"id":4969,"date":"2020-06-11T10:55:17","date_gmt":"2020-06-11T10:55:17","guid":{"rendered":"https:\/\/priceattorneys.com\/?page_id=4969"},"modified":"2024-03-27T18:57:15","modified_gmt":"2024-03-27T18:57:15","slug":"lesiones-personales","status":"publish","type":"page","link":"https:\/\/priceattorneys.com\/es\/lesiones-personales\/","title":{"rendered":"Lesiones Personales"},"content":{"rendered":"\n\n\t\t\t\t<img decoding=\"async\" src=\"https:\/\/priceattorneys.com\/wp-content\/uploads\/2022\/03\/Personal-Injury-Charlotte.jpg\" alt=\"Charlotte personal injury lawyer\" itemprop=\"image\" height=\"621\" width=\"1245\" title=\"Personal-Injury-Charlotte\" onerror=\"this.style.display='none'\"  \/>\n\t<h1>Abogados de Lesiones Personales de Charlotte<\/h1>\n<h2>Abogado de confianza para v\u00edctimas de lesiones y familias en el condado de Mecklenburg y sus alrededores<\/h2>\n<p>Una de las partes m\u00e1s dif\u00edciles de lidiar con una lesi\u00f3n personal grave es la incertidumbre que puede causar. \u00bfQui\u00e9n proveer\u00e1 para la familia? \u00bfC\u00f3mo pagar\u00e1s las cuentas? \u00bfQu\u00e9 pasa despu\u00e9s?<\/p>\n<p>Cuando necesite respuestas a esas preguntas, y m\u00e1s, los abogados de lesiones personales de Charlotte de Price, Petho &amp; Asociados, PLLC est\u00e1n aqu\u00ed para responder a la llamada. Creemos en ayudar a nuestros clientes a encontrar el camino hacia un futuro mejor y m\u00e1s brillante. Con cientos de casos juzgados frente a un jurado, y <a href=\"https:\/\/priceattorneys.com\/case-results\/\">cientos de millones de d\u00f3lares<\/a> seguros para nuestros clientes, sabemos lo que se necesita para obtener estrat\u00e9gicamente el mejor resultado posible. Cont\u00e1ctenos en Charlotte hoy para comenzar con su caso.<\/p>\n\t<h2>\u00bfQu\u00e9 le gustar\u00eda saber?<\/h2>\n\t<ul>\n<li><a href=\"#FAQ1\">\u00bfQu\u00e9 tipo de casos de lesiones maneja?<\/a><\/li>\n<li><a href=\"#FAQ2\">\u00bfPueden ayudarme con mi reclamo por accidente de veh\u00edculo en Charlotte?<\/a><\/li>\n<li><a href=\"#FAQ3\">\u00bfAcepta casos relacionados con propiedades inseguras en Charlotte?<\/a><\/li>\n<li><a href=\"#FAQ4\">\u00bfMe pueden ayudar si me da\u00f1\u00f3 un producto defectuoso?<\/a><\/li>\n<\/ul>\n\t<ul>\n<li><a href=\"#FAQ5\">\u00bfQu\u00e9 tipos de casos de negligencia m\u00e9dica en Charlotte aceptan?<\/a><\/li>\n<li><a href=\"#FAQ6\">\u00bfCu\u00e1nto tiempo tengo para presentar una demanda por lesiones personales en Charlotte?<\/a><\/li>\n<li><a href=\"#FAQ7\">\u00bfCu\u00e1nto vale mi caso de lesiones personales en Charlotte?<\/a><\/li>\n<li><a href=\"#FAQ8\">\u00bfTiene un abogado de lesiones personales cerca de m\u00ed?<\/a><\/li>\n<\/ul>\n\t\t\t\t<img decoding=\"async\" src=\"https:\/\/priceattorneys.com\/wp-content\/uploads\/2022\/03\/Personal-Injury-Charlotte-Attorneys.jpg\" alt=\"Charlotte personal injury attorneys\" itemprop=\"image\" height=\"937\" width=\"807\" title=\"Personal-Injury-Charlotte-Attorneys\" onerror=\"this.style.display='none'\"  \/>\n\t<h2>\u00bfQu\u00e9 tipo de casos de lesiones maneja?<\/h2>\n<p>Price, Petho &amp; Asociados representa a clientes con lesiones catastr\u00f3ficas y sus familias en juicios contra partes negligentes. Nuestro equipo tiene una amplia experiencia en casos que involucran algunas de las lesiones que m\u00e1s alteran la vida que existen, que incluyen:<\/p>\n<ul>\n<li><strong>Lesiones de la m\u00e9dula espinal<\/strong>. Las lesiones de la m\u00e9dula espinal pueden tener repercusiones catastr\u00f3ficas y permanentes. Nuestra firma comprende el impacto devastador que este tipo de lesiones pueden tener en usted y su familia y est\u00e1 dedicada a trabajar arduamente para recuperar la compensaci\u00f3n que merece.<\/li>\n<li><strong>Lesiones Cerebrales<\/strong>. El impacto total de sufrir una lesi\u00f3n cerebral a menudo no ocurre en el momento del impacto, sino gradualmente con el tiempo. Nuestra firma tiene experiencia en el manejo de este tipo de casos y comprende el costo que las lesiones cerebrales traum\u00e1ticas pueden tener para usted y su familia. Estamos comprometidos a luchar por sus mejores intereses.<\/li>\n<li><strong>Lesiones por quemaduras<\/strong>. Ya sea que su lesi\u00f3n por quemadura sea una quemadura qu\u00edmica, una quemadura el\u00e9ctrica o una quemadura causada por fuego o escaldaduras, nuestra firma est\u00e1 preparada para luchar por usted. Deje que nuestro equipo de abogados calificados luche por la compensaci\u00f3n que merece mientras se enfoca en lo m\u00e1s importante: recuperarse de sus lesiones.<\/li>\n<li><strong>Lesiones de amputaci\u00f3n<\/strong>. La p\u00e9rdida de una extremidad o parte del cuerpo es una de las lesiones m\u00e1s catastr\u00f3ficas que una persona puede sufrir. Dependiendo de las circunstancias, es posible que deba ponerse pr\u00f3tesis, someterse a una terapia extensa y volver a aprender habilidades motoras b\u00e1sicas. Muchas personas sufren un trauma mental adicional debido a las cicatrices y la desfiguraci\u00f3n. Podemos ayudar.<\/li>\n<li><strong>Muerte injusta<\/strong>. Cada vez que alguien pierde la vida debido a las acciones descuidadas, negligentes o intencionales de otra persona o entidad, el familiar o representante personal del difunto puede presentar una demanda por muerte injusta para recuperar una compensaci\u00f3n. Estos casos pueden volverse inmensamente complicados, pero los miembros de la familia merecen tener alg\u00fan tipo de compensaci\u00f3n y cierre por sus p\u00e9rdidas. Los reclamos por muerte por negligencia surgen de varias maneras, incluidos accidentes de veh\u00edculos, accidentes en el lugar de trabajo, incidentes con productos defectuosos y m\u00e1s.<\/li>\n<\/ul>\n<p>Si sufri\u00f3 una lesi\u00f3n catastr\u00f3fica en el curso de sus deberes laborales, debe tener derecho a compensaci\u00f3n de trabajadores. Nuestros abogados de lesiones en Charlotte pueden asesorarlo sobre sus opciones.<\/p>\n\t<h2>\u00bfPueden ayudarme con mi reclamo por accidente de veh\u00edculo en Charlotte?<\/h2>\n<p>Price, Petho &amp; Asociados es la firma de referencia para Charlotte accidentes vehiculares. Tenemos d\u00e9cadas de experiencia ayudando a las v\u00edctimas de lesiones y sus familias despu\u00e9s de que un accidente cambie sus vidas para siempre. Hemos ayudado a cientos de clientes a obtener compensaci\u00f3n en casos de:<\/p>\n<h3>Accidentes automovil\u00edsticos<\/h3>\n<p>Los accidentes automovil\u00edsticos ocurren a un ritmo alarmante en todo el estado de Carolina del Norte. Estos incidentes pueden involucrar un veh\u00edculo o varios veh\u00edculos, as\u00ed como peatones,ciclistas, y otros. Suceden en nuestro zonas de trabajo y en estacionamientos, en intersecciones y mientras salimos de nuestras entradas. Si su accidente automovil\u00edstico en Charlotte fue el resultado de un conductor ebrio, \u00a0un conductor distra\u00eddo, una pieza defectuosa o mal dise\u00f1o de carreteras, podemos ayudar. Tambi\u00e9n manejamos reclamos que involucran Veh\u00edculos Uber y Lyft.<\/p>\n<h3>accidentes de camiones<\/h3>\n<p>Los accidentes que involucran camiones de 18 ruedas y otros camiones comerciales pueden ser devastadores para quienes se encuentran dentro de veh\u00edculos de pasajeros tradicionales. A menudo, estos incidentes son causados \u200b\u200bpor acciones descuidadas o negligentes de los camioneros o las empresas de camiones. Desde anular los accidentes y vuelcos, hasta llantas defectuosas o pol\u00edticas deficientes de la empresa, manejamos todo tipo de choques de camiones con remolque y veh\u00edculos de reparto, y no tenemos miedo de hacer frente a las empresas de camiones bien financiadas en el proceso.<\/p>\n<h3>accidentes de moto<\/h3>\n<p>La llamada del camino abierto puede ser fuerte, especialmente en un estado pintoresco como Carolina del Norte. Pero los motociclistas y sus pasajeros enfrentan riesgos que los conductores no enfrentan. Carecen de las protecciones f\u00edsicas que se brindan a los que viajan en autom\u00f3viles y camiones grandes, y como resultado, a menudo sufren lesiones catastr\u00f3ficas. Si usted o su ser querido sufrieron una lesi\u00f3n que les cambi\u00f3 la vida en un accidente de motocicleta, ll\u00e1menos. Queremos ayudar.<\/p>\n<h3>Accidentes de veh\u00edculos recreativos<\/h3>\n<p>No todos los accidentes de veh\u00edculos ocurren en la v\u00eda p\u00fablica. Puede sufrir lesiones graves mientras montar en un cuatrimoto, tomando el bote salir por un d\u00eda en el lago, o mientras anda en bicicleta de tierra a trav\u00e9s de senderos. Price, Petho &amp; Asociados puede ayudarlo si sufri\u00f3 una lesi\u00f3n o p\u00e9rdida.<\/p>\n<h3>Accidentes de transporte p\u00fablico<\/h3>\n<p>Autobuses, trenes,Taxis, y avionesson todos los transportistas comunes. Eso significa que le deben un deber de cuidado cuando viaja dentro de ellos. Cuando fallan en este deber, tienes opciones legales. Si sufri\u00f3 da\u00f1os mientras usaba el transporte p\u00fablico, durante un recorrido tur\u00edstico, mientras viajaba al trabajo o mientras viajaba por diversi\u00f3n, estamos listos para ayudarlo.<\/p>\n<p>Nuestros abogados de lesiones por accidentes en Charlotte tambi\u00e9n representan a clientes lesionados en accidentes de atropello y fugay en reclamos de automovilistas sin seguro. En muchos casos, podemos asegurar los l\u00edmites de la p\u00f3liza en estos casos.<\/p>\n\t<h2>\u00bfAcepta casos relacionados con propiedades inseguras en Charlotte?<\/h2>\n<p>Los due\u00f1os y operadores de propiedades tienen el deber de cuidar a sus visitantes. Esto no solo incluye la eliminaci\u00f3n de los riesgos de accidentes por resbalones y ca\u00eddas, sino tambi\u00e9n cualquier otra parte de las instalaciones por donde la gente pueda pasar. Cuando te lastimas en una propiedad insegura, quieres que el Charlotte responsabilidad de locales abogados de Price, Petho &amp; Asociados de su lado. Hemos representado a v\u00edctimas de lesiones en una amplia gama de reclamaciones derivadas de:<\/p>\n<ul>\n<li>Resbalones, tropiezos y ca\u00eddas<\/li>\n<li>Mordeduras de perros y ataques de animales.<\/li>\n<li>Envenenamientos accidentales<\/li>\n<li>Pantallas defectuosas<\/li>\n<li>Escaleras, ascensores y escaleras mec\u00e1nicas defectuosas<\/li>\n<li>Inadecuada seguridad del edificio.<\/li>\n<li>accidentes de piscina<\/li>\n<\/ul>\n<p>Ya sea que se lesione en una tienda o en un parque de atracciones, en un hotel o en el patio de un vecino, brindamos orientaci\u00f3n competente y experimentada en cada paso.<\/p>\n\t\t\t\t<img decoding=\"async\" src=\"https:\/\/priceattorneys.com\/wp-content\/uploads\/2022\/03\/Price-Attorneys-Offices.jpg\" alt=\"Price-Attorneys-Offices\" itemprop=\"image\" height=\"499\" width=\"770\" title=\"Price-Attorneys-Offices\" onerror=\"this.style.display='none'\"  \/>\n\t<h2>\u00bfMe pueden ayudar si me da\u00f1\u00f3 un producto defectuoso?<\/h2>\n<p>Los fabricantes de productos, las empresas, los distribuidores y los vendedores externos tienen el deber de garantizar que cualquier producto vendido a los consumidores sea seguro. Desafortunadamente, hay momentos en que los productos defectuosos llegan al mercado. Esto puede incluir productos con dise\u00f1os defectuosos, productos da\u00f1ados durante el proceso de fabricaci\u00f3n y productos que tienen etiquetas enga\u00f1osas o inexactas.<\/p>\n<p>Maneja Price, Petho &amp; Asociados reclamaciones de responsabilidad del producto derivados de defectos del veh\u00edculo, medicamentos y dispositivos peligrosos y art\u00edculos dom\u00e9sticos defectuosos. Si su cintur\u00f3n de seguridad fall\u00f3, podemos ayudar. Si un cami\u00f3n con remolque neum\u00e1tico defectuoso caus\u00f3 un accidente que provoc\u00f3 sus lesiones, podemos ayudarlo. si sostuviste heridos en un incendio causado por un art\u00edculo dom\u00e9stico defectuoso, podemos ayudar.<\/p>\n\t<h2>\u00bfQu\u00e9 tipos de casos de negligencia m\u00e9dica en Charlotte aceptan?<\/h2>\n<p>Price, Petho &amp; Asociados asume una situaci\u00f3n catastr\u00f3fica demandas por negligencia m\u00e9dica. Limitamos deliberadamente los casos que tomamos porque la negligencia m\u00e9dica son demandas complicadas y complejas que a menudo involucran a m\u00faltiples partes responsables, y es importante saber que podemos poner toda la fuerza de nuestra firma detr\u00e1s de cada caso que tomamos. Representamos a clientes en Charlotte en reclamos relacionados con:<\/p>\n<ul>\n<li>Errores quir\u00fargicos<\/li>\n<li>Lesiones de nacimiento<\/li>\n<li>Abuso y negligencia en hogares de ancianos<\/li>\n<\/ul>\n<p>Si la negligencia de un profesional m\u00e9dico caus\u00f3 lesiones permanentes o que alteraron su vida, o provoc\u00f3 la muerte de su ser querido, cont\u00e1ctenos hoy en Charlotte para que podamos comenzar con su reclamo.<\/p>\n\t<h2>\u00bfCu\u00e1nto tiempo tengo para presentar una demanda por lesiones personales en Charlotte?<\/h2>\n<p>El estatuto de limitaciones de lesiones personales de Carolina del Norte es de tres a\u00f1os a partir del d\u00eda en que ocurre la lesi\u00f3n. Si una v\u00edctima de lesiones no presenta una demanda dentro de este plazo de tres a\u00f1os, es probable que pierda la capacidad de recuperar cualquier compensaci\u00f3n por sus p\u00e9rdidas.<\/p>\n<p>Este plazo legal no incluye ning\u00fan plazo establecido por las compa\u00f1\u00edas de seguros involucradas en el caso. Por lo general, las compa\u00f1\u00edas de seguros requieren que las lesiones se informen muy pronto despu\u00e9s de que ocurra el incidente, o las v\u00edctimas pueden enfrentar demoras o denegaciones de reclamos.<\/p>\n<p>Dependiendo de los detalles de su caso, puede calificar para una extensi\u00f3n del estatuto de limitaciones. Un abogado de nuestra firma puede informarle c\u00f3mo el estatuto de limitaciones puede afectar su caso.<\/p>\n\t<h2>\u00bfCu\u00e1nto vale mi caso de lesiones personales en Charlotte?<\/h2>\n<p>Cada caso es diferente, y la compensaci\u00f3n que tiene derecho a recibir depender\u00e1 de las circunstancias \u00fanicas de su caso y sus lesiones. Sin embargo, cuando presenta una demanda por lesiones personales en Carolina del Norte, puede buscar tres tipos de da\u00f1os: econ\u00f3micos, no econ\u00f3micos y punitivos.<\/p>\n<p>Los dos primeros se denominan \u00abda\u00f1os compensatorios\u00bb ya que su objetivo principal es compensar a la parte lesionada por sus p\u00e9rdidas asociadas con sufrir una lesi\u00f3n. Los da\u00f1os econ\u00f3micos, como su nombre lo indica, compensan a la parte lesionada por p\u00e9rdidas financieras relacionadas con sus lesiones, tales como:<\/p>\n<ul>\n<li>Cobertura completa de facturas y gastos m\u00e9dicos, incluidos los costos de rehabilitaci\u00f3n, terapias, pr\u00f3tesis, gastos de hospital y m\u00e1s<\/li>\n<li>Cobertura por cualquier p\u00e9rdida y p\u00e9rdida de potencial de ingresos<\/li>\n<li>Gastos de bolsillo generales del hogar<\/li>\n<li>Gastos de da\u00f1os a la propiedad<\/li>\n<\/ul>\n<p>Los da\u00f1os no econ\u00f3micos, por otro lado, compensan p\u00e9rdidas m\u00e1s intangibles, como el dolor y el sufrimiento y la angustia mental. En Carolina del Norte, tambi\u00e9n puede buscar da\u00f1os por p\u00e9rdida de calidad de vida.<\/p>\n<p>Los da\u00f1os punitivos se diferencian de los dos primeros en que su objetivo principal es castigar a la parte negligente. Como tal, los da\u00f1os punitivos pueden ser bastante severos y no suelen otorgarse.<\/p>\n<p>Nuestros abogados de lesiones personales en Charlotte trabajan diligentemente con expertos econ\u00f3micos, m\u00e9dicos y financieros para calcular adecuadamente las p\u00e9rdidas totales esperadas para cada cliente.<\/p>\n\t<h2>\u00bfTiene un abogado de lesiones personales cerca de m\u00ed?<\/h2>\n<p>Price, Petho &amp; Asociados tiene una oficina en 1430 Elizabeth Ave en Charlotte. Somos la \u00abgran casa amarilla de la esquina\u00bb. Tambi\u00e9n mantenemos oficinas en Rockingham y Rutherfordton, para su comodidad. Si est\u00e1 demasiado lesionado para acudir a nosotros, hacemos visitas a domicilio y al hospital.<\/p>\n<h3>Trabaje con un abogado con experiencia en lesiones personales de Charlotte<\/h3>\n<p>Price, Petho &amp; Asociados ha sido la firma que conoce y en la que conf\u00eda desde 1979. Cuando est\u00e1 herido, queremos ayudarlo. Ponga nuestras d\u00e9cadas de experiencia a trabajar para usted. Por favor llama <a href=\"tel:7043722160\">704-372-2160<\/a> o llena nuestro Formulario de contacto para programar su consulta gratuita. Sirviendo a Carlota, Rockingham,Rutherfordton, Carolina del Norte y Carolina del Sur.<\/p>\n\n","protected":false},"excerpt":{"rendered":"<p>Abogados de Lesiones Personales de Charlotte Abogado de confianza para v\u00edctimas de lesiones y familias en el condado de Mecklenburg y sus alrededores Una de las partes m\u00e1s dif\u00edciles de lidiar con una lesi\u00f3n personal grave es la incertidumbre que puede causar. \u00bfQui\u00e9n proveer\u00e1 para la familia? \u00bfC\u00f3mo pagar\u00e1s las cuentas? \u00bfQu\u00e9 pasa despu\u00e9s? Cuando&hellip;<\/p>\n","protected":false},"author":1,"featured_media":0,"parent":0,"menu_order":0,"comment_status":"closed","ping_status":"closed","template":"","meta":{"footnotes":""},"class_list":["post-4969","page","type-page","status-publish","hentry"],"yoast_head":"<!-- This site is optimized with the Yoast SEO plugin v27.2 - https:\/\/yoast.com\/product\/yoast-seo-wordpress\/ -->\n<title>Lesiones Personales | Price Petho &amp; Associates, Personal Injury Attorneys<\/title>\n<meta name=\"robots\" content=\"index, follow, max-snippet:-1, max-image-preview:large, max-video-preview:-1\" \/>\n<link rel=\"canonical\" href=\"https:\/\/priceattorneys.com\/es\/lesiones-personales\/\" \/>\n<meta property=\"og:locale\" content=\"es_ES\" \/>\n<meta property=\"og:type\" content=\"article\" \/>\n<meta property=\"og:title\" content=\"Lesiones Personales | Price Petho &amp; Associates, Personal Injury Attorneys\" \/>\n<meta property=\"og:description\" content=\"Abogados de Lesiones Personales de Charlotte Abogado de confianza para v\u00edctimas de lesiones y familias en el condado de Mecklenburg y sus alrededores Una de las partes m\u00e1s dif\u00edciles de lidiar con una lesi\u00f3n personal grave es la incertidumbre que puede causar. \u00bfQui\u00e9n proveer\u00e1 para la familia? \u00bfC\u00f3mo pagar\u00e1s las cuentas? \u00bfQu\u00e9 pasa despu\u00e9s? Cuando&hellip;\" \/>\n<meta property=\"og:url\" content=\"https:\/\/priceattorneys.com\/es\/lesiones-personales\/\" \/>\n<meta property=\"og:site_name\" content=\"Price Petho &amp; Associates, Personal Injury Attorneys\" \/>\n<meta property=\"article:modified_time\" content=\"2024-03-27T18:57:15+00:00\" \/>\n<meta property=\"og:image\" content=\"https:\/\/priceattorneys.com\/wp-content\/uploads\/2022\/03\/Personal-Injury-Charlotte.jpg\" \/>\n<meta name=\"twitter:card\" content=\"summary_large_image\" \/>\n<meta name=\"twitter:label1\" content=\"Tiempo de lectura\" \/>\n\t<meta name=\"twitter:data1\" content=\"11 minutos\" \/>\n<script type=\"application\/ld+json\" class=\"yoast-schema-graph\">{\"@context\":\"https:\/\/schema.org\",\"@graph\":[{\"@type\":\"WebPage\",\"@id\":\"https:\/\/priceattorneys.com\/es\/lesiones-personales\/\",\"url\":\"https:\/\/priceattorneys.com\/es\/lesiones-personales\/\",\"name\":\"Lesiones Personales | Price Petho &amp; Associates, Personal Injury Attorneys\",\"isPartOf\":{\"@id\":\"https:\/\/priceattorneys.com\/es\/#website\"},\"primaryImageOfPage\":{\"@id\":\"https:\/\/priceattorneys.com\/es\/lesiones-personales\/#primaryimage\"},\"image\":{\"@id\":\"https:\/\/priceattorneys.com\/es\/lesiones-personales\/#primaryimage\"},\"thumbnailUrl\":\"https:\/\/priceattorneys.com\/wp-content\/uploads\/2022\/03\/Personal-Injury-Charlotte.jpg\",\"datePublished\":\"2020-06-11T10:55:17+00:00\",\"dateModified\":\"2024-03-27T18:57:15+00:00\",\"breadcrumb\":{\"@id\":\"https:\/\/priceattorneys.com\/es\/lesiones-personales\/#breadcrumb\"},\"inLanguage\":\"es\",\"potentialAction\":[{\"@type\":\"ReadAction\",\"target\":[\"https:\/\/priceattorneys.com\/es\/lesiones-personales\/\"]}]},{\"@type\":\"ImageObject\",\"inLanguage\":\"es\",\"@id\":\"https:\/\/priceattorneys.com\/es\/lesiones-personales\/#primaryimage\",\"url\":\"https:\/\/priceattorneys.com\/wp-content\/uploads\/2022\/03\/Personal-Injury-Charlotte.jpg\",\"contentUrl\":\"https:\/\/priceattorneys.com\/wp-content\/uploads\/2022\/03\/Personal-Injury-Charlotte.jpg\"},{\"@type\":\"BreadcrumbList\",\"@id\":\"https:\/\/priceattorneys.com\/es\/lesiones-personales\/#breadcrumb\",\"itemListElement\":[{\"@type\":\"ListItem\",\"position\":1,\"name\":\"Home\",\"item\":\"https:\/\/priceattorneys.com\/es\/\"},{\"@type\":\"ListItem\",\"position\":2,\"name\":\"Lesiones Personales\"}]},{\"@type\":\"WebSite\",\"@id\":\"https:\/\/priceattorneys.com\/es\/#website\",\"url\":\"https:\/\/priceattorneys.com\/es\/\",\"name\":\"Price Petho &amp; Associates, Personal Injury Attorneys\",\"description\":\"Charlotte Personal Injury Lawyers\",\"potentialAction\":[{\"@type\":\"SearchAction\",\"target\":{\"@type\":\"EntryPoint\",\"urlTemplate\":\"https:\/\/priceattorneys.com\/es\/?s={search_term_string}\"},\"query-input\":{\"@type\":\"PropertyValueSpecification\",\"valueRequired\":true,\"valueName\":\"search_term_string\"}}],\"inLanguage\":\"es\"}]}<\/script>\n<!-- \/ Yoast SEO plugin. -->","yoast_head_json":{"title":"Lesiones Personales | Price Petho &amp; Associates, Personal Injury Attorneys","robots":{"index":"index","follow":"follow","max-snippet":"max-snippet:-1","max-image-preview":"max-image-preview:large","max-video-preview":"max-video-preview:-1"},"canonical":"https:\/\/priceattorneys.com\/es\/lesiones-personales\/","og_locale":"es_ES","og_type":"article","og_title":"Lesiones Personales | Price Petho &amp; Associates, Personal Injury Attorneys","og_description":"Abogados de Lesiones Personales de Charlotte Abogado de confianza para v\u00edctimas de lesiones y familias en el condado de Mecklenburg y sus alrededores Una de las partes m\u00e1s dif\u00edciles de lidiar con una lesi\u00f3n personal grave es la incertidumbre que puede causar. \u00bfQui\u00e9n proveer\u00e1 para la familia? \u00bfC\u00f3mo pagar\u00e1s las cuentas? \u00bfQu\u00e9 pasa despu\u00e9s? Cuando&hellip;","og_url":"https:\/\/priceattorneys.com\/es\/lesiones-personales\/","og_site_name":"Price Petho &amp; Associates, Personal Injury Attorneys","article_modified_time":"2024-03-27T18:57:15+00:00","og_image":[{"url":"https:\/\/priceattorneys.com\/wp-content\/uploads\/2022\/03\/Personal-Injury-Charlotte.jpg","type":"","width":"","height":""}],"twitter_card":"summary_large_image","twitter_misc":{"Tiempo de lectura":"11 minutos"},"schema":{"@context":"https:\/\/schema.org","@graph":[{"@type":"WebPage","@id":"https:\/\/priceattorneys.com\/es\/lesiones-personales\/","url":"https:\/\/priceattorneys.com\/es\/lesiones-personales\/","name":"Lesiones Personales | Price Petho &amp; Associates, Personal Injury Attorneys","isPartOf":{"@id":"https:\/\/priceattorneys.com\/es\/#website"},"primaryImageOfPage":{"@id":"https:\/\/priceattorneys.com\/es\/lesiones-personales\/#primaryimage"},"image":{"@id":"https:\/\/priceattorneys.com\/es\/lesiones-personales\/#primaryimage"},"thumbnailUrl":"https:\/\/priceattorneys.com\/wp-content\/uploads\/2022\/03\/Personal-Injury-Charlotte.jpg","datePublished":"2020-06-11T10:55:17+00:00","dateModified":"2024-03-27T18:57:15+00:00","breadcrumb":{"@id":"https:\/\/priceattorneys.com\/es\/lesiones-personales\/#breadcrumb"},"inLanguage":"es","potentialAction":[{"@type":"ReadAction","target":["https:\/\/priceattorneys.com\/es\/lesiones-personales\/"]}]},{"@type":"ImageObject","inLanguage":"es","@id":"https:\/\/priceattorneys.com\/es\/lesiones-personales\/#primaryimage","url":"https:\/\/priceattorneys.com\/wp-content\/uploads\/2022\/03\/Personal-Injury-Charlotte.jpg","contentUrl":"https:\/\/priceattorneys.com\/wp-content\/uploads\/2022\/03\/Personal-Injury-Charlotte.jpg"},{"@type":"BreadcrumbList","@id":"https:\/\/priceattorneys.com\/es\/lesiones-personales\/#breadcrumb","itemListElement":[{"@type":"ListItem","position":1,"name":"Home","item":"https:\/\/priceattorneys.com\/es\/"},{"@type":"ListItem","position":2,"name":"Lesiones Personales"}]},{"@type":"WebSite","@id":"https:\/\/priceattorneys.com\/es\/#website","url":"https:\/\/priceattorneys.com\/es\/","name":"Price Petho &amp; Associates, Personal Injury Attorneys","description":"Charlotte Personal Injury Lawyers","potentialAction":[{"@type":"SearchAction","target":{"@type":"EntryPoint","urlTemplate":"https:\/\/priceattorneys.com\/es\/?s={search_term_string}"},"query-input":{"@type":"PropertyValueSpecification","valueRequired":true,"valueName":"search_term_string"}}],"inLanguage":"es"}]}},"_links":{"self":[{"href":"https:\/\/priceattorneys.com\/es\/wp-json\/wp\/v2\/pages\/4969","targetHints":{"allow":["GET"]}}],"collection":[{"href":"https:\/\/priceattorneys.com\/es\/wp-json\/wp\/v2\/pages"}],"about":[{"href":"https:\/\/priceattorneys.com\/es\/wp-json\/wp\/v2\/types\/page"}],"author":[{"embeddable":true,"href":"https:\/\/priceattorneys.com\/es\/wp-json\/wp\/v2\/users\/1"}],"replies":[{"embeddable":true,"href":"https:\/\/priceattorneys.com\/es\/wp-json\/wp\/v2\/comments?post=4969"}],"version-history":[{"count":1,"href":"https:\/\/priceattorneys.com\/es\/wp-json\/wp\/v2\/pages\/4969\/revisions"}],"predecessor-version":[{"id":6969,"href":"https:\/\/priceattorneys.com\/es\/wp-json\/wp\/v2\/pages\/4969\/revisions\/6969"}],"wp:attachment":[{"href":"https:\/\/priceattorneys.com\/es\/wp-json\/wp\/v2\/media?parent=4969"}],"curies":[{"name":"wp","href":"https:\/\/api.w.org\/{rel}","templated":true}]}}