{"id":4974,"date":"2022-03-18T22:48:45","date_gmt":"2022-03-18T22:48:45","guid":{"rendered":"https:\/\/priceattorneys.com\/?page_id=4974"},"modified":"2022-04-26T14:00:44","modified_gmt":"2022-04-26T14:00:44","slug":"servicios-de-asesoramiento-local","status":"publish","type":"page","link":"https:\/\/priceattorneys.com\/es\/servicios-de-asesoramiento-local\/","title":{"rendered":"Servicios de Asesoramiento Local"},"content":{"rendered":"\n\n\t<h1>Servicios de asesoramiento local de confianza en Charlotte<\/h1>\n<h2>Socios respetados en Carolina del Norte para bufetes de abogados fuera del estado<\/h2>\n<p>Los abogados de Price, Petho &amp; Asociados se enorgullecen de servir como abogados locales en Carolina del Norte para bufetes de abogados y abogados de otros estados.<\/p>\n<p>Los tribunales de Carolina del Norte y Carolina del Sur exigen que los abogados sean admitidos y est\u00e9n en regla con el colegio de abogados estatal. Sin embargo, si un abogado tiene un cliente aqu\u00ed en la corte estatal y desea representarlo, puede hacerlo con nuestra ayuda.<\/p>\n<p>Entendemos la pr\u00e1ctica y los procedimientos locales, estatales y federales, y como asesores adjuntos podemos ayudarlo a lograr sus objetivos deseados, ayudando a que el proceso avance sin problemas para usted y sus clientes.<\/p>\n<h2>Lo que traemos a la mesa<\/h2>\n<ul>\n<li>M\u00e1s de tres d\u00e9cadas de experiencia legal<\/li>\n<li>Una comprensi\u00f3n de los jueces y preferencias locales.<\/li>\n<li>Amplio historial de casos exitosos en el intento<\/li>\n<li>Reputaci\u00f3n entre otros abogados y compa\u00f1\u00edas de seguros como litigantes duros<\/li>\n<li>Registro de clientes satisfechos y recurrentes<\/li>\n<\/ul>\n<h2>Co-asesor con experiencia<\/h2>\n\t<p><a href=\"https:\/\/priceattorneys.com\/es\/sobre-nosotros\/larry-e-price\/\"><strong>Abogado Larry C. Price<\/strong><\/a> es admitido para ejercer en:<\/p>\n<ul>\n<li>Tribunal de Distrito de EE. UU. Distrito Este de Carolina del Norte<\/li>\n<li>Tribunal de Apelaciones del Cuarto Circuito de los EE. UU.<\/li>\n<li>Corte Suprema de EE. UU.<\/li>\n<\/ul>\n\t<p><a href=\"https:\/\/priceattorneys.com\/es\/sobre-nosotros\/douglas-a-petho\/\"><strong>Abogado Doug A. Petho<\/strong><\/a> es admitido para ejercer en:<\/p>\n<ul>\n<li>Carolina del Norte<\/li>\n<li>Tribunal de Distrito de EE. UU. Distrito Oeste de Carolina del Norte<\/li>\n<li>Carolina del Sur<\/li>\n<\/ul>\n\t<p><a href=\"https:\/\/priceattorneys.com\/es\/sobre-nosotros\/margaret-e-ford\/\"><strong>Abogada Margaret E. Ford<\/strong><\/a> es admitido para ejercer en:<\/p>\n<ul>\n<li>Carolina del Norte<\/li>\n<li>Tribunal de Distrito de EE. UU. Distrito Oeste de Carolina del Norte<\/li>\n<li>Carolina del Sur<\/li>\n<\/ul>\n\t<h2>Sirviendo como abogado local o adjunto en su caso de Carolina del Norte y Carolina del Sur<\/h2>\n<p>Los abogados de Price, Petho &amp; Asociados se complacen en ayudar a bufetes de abogados de otros estados con casos de lesiones y compensaci\u00f3n laboral, que incluyen:<\/p>\n\t<ul>\n<li>Lesiones personales y catastr\u00f3ficas<\/li>\n<li>Accidentes automovil\u00edsticos<\/li>\n<li>Accidentes de camiones comerciales<\/li>\n<li>Negligencia m\u00e9dica<\/li>\n<li>Abandono y abuso en asilos de ancianos<\/li>\n<\/ul>\n\t<ul>\n<li>Productos defectuosos<\/li>\n<li>Responsabilidad de locales\/resbalones y ca\u00eddas<\/li>\n<li>Muerte injusta<\/li>\n<li>accidentes de construccion<\/li>\n<li>Compensaci\u00f3n de trabajadores<\/li>\n<\/ul>\n\t<p>Cualquiera que sea su caso y sus desaf\u00edos, el equipo de Price, Petho &amp; Asociados puede ayudarlo a enfrentar los tribunales del \u00e1rea de Carolina de frente y con confianza. Tenemos una extensa red de recursos locales a los que puede recurrir si es necesario, as\u00ed como estrategas internos y varias oficinas en Carolina del Norte y Carolina del Sur para su comodidad.<\/p>\n<p>Abogado local respetado y con experiencia en Charlotte<\/p>\n<p>Los bufetes de abogados de todo el pa\u00eds recurren a Price, Petho &amp; Asociados cuando necesitan un co-asesor local y de confianza. Lo invitamos a programar una consulta con nuestros abogados hoy para averiguar c\u00f3mo podemos ayudarlo a usted, a su caso y a sus clientes. Simplemente llame <a href=\"tel:7043722160\">704-372-2160<\/a> o llena nuestro Formulario de contacto y un miembro de nuestro equipo se pondr\u00e1 en contacto contigo lo antes posible. Representamos a clientes y asesores en Charlotte, Rockingham, Rutherfordton, Carolina del Norte y Carolina del Sur.<\/p>\n\n","protected":false},"excerpt":{"rendered":"<p>Servicios de asesoramiento local de confianza en Charlotte Socios respetados en Carolina del Norte para bufetes de abogados fuera del estado Los abogados de Price, Petho &amp; Asociados se enorgullecen de servir como abogados locales en Carolina del Norte para bufetes de abogados y abogados de otros estados. Los tribunales de Carolina del Norte y&hellip;<\/p>\n","protected":false},"author":1,"featured_media":0,"parent":0,"menu_order":10,"comment_status":"closed","ping_status":"closed","template":"","meta":{"footnotes":""},"class_list":["post-4974","page","type-page","status-publish","hentry"],"yoast_head":"<!-- This site is optimized with the Yoast SEO plugin v27.3 - https:\/\/yoast.com\/product\/yoast-seo-wordpress\/ -->\n<title>Servicios de Asesoramiento Local | Price Petho &amp; Associates, Personal Injury Attorneys<\/title>\n<meta name=\"robots\" content=\"index, follow, max-snippet:-1, max-image-preview:large, max-video-preview:-1\" \/>\n<link rel=\"canonical\" href=\"https:\/\/priceattorneys.com\/es\/servicios-de-asesoramiento-local\/\" \/>\n<meta property=\"og:locale\" content=\"es_ES\" \/>\n<meta property=\"og:type\" content=\"article\" \/>\n<meta property=\"og:title\" content=\"Servicios de Asesoramiento Local | Price Petho &amp; Associates, Personal Injury Attorneys\" \/>\n<meta property=\"og:description\" content=\"Servicios de asesoramiento local de confianza en Charlotte Socios respetados en Carolina del Norte para bufetes de abogados fuera del estado Los abogados de Price, Petho &amp; Asociados se enorgullecen de servir como abogados locales en Carolina del Norte para bufetes de abogados y abogados de otros estados. Los tribunales de Carolina del Norte y&hellip;\" \/>\n<meta property=\"og:url\" content=\"https:\/\/priceattorneys.com\/es\/servicios-de-asesoramiento-local\/\" \/>\n<meta property=\"og:site_name\" content=\"Price Petho &amp; Associates, Personal Injury Attorneys\" \/>\n<meta property=\"article:modified_time\" content=\"2022-04-26T14:00:44+00:00\" \/>\n<meta name=\"twitter:card\" content=\"summary_large_image\" \/>\n<meta name=\"twitter:label1\" content=\"Tiempo de lectura\" \/>\n\t<meta name=\"twitter:data1\" content=\"3 minutos\" \/>\n<script type=\"application\/ld+json\" class=\"yoast-schema-graph\">{\"@context\":\"https:\\\/\\\/schema.org\",\"@graph\":[{\"@type\":\"WebPage\",\"@id\":\"https:\\\/\\\/priceattorneys.com\\\/es\\\/servicios-de-asesoramiento-local\\\/\",\"url\":\"https:\\\/\\\/priceattorneys.com\\\/es\\\/servicios-de-asesoramiento-local\\\/\",\"name\":\"Servicios de Asesoramiento Local | Price Petho &amp; Associates, Personal Injury Attorneys\",\"isPartOf\":{\"@id\":\"https:\\\/\\\/priceattorneys.com\\\/es\\\/#website\"},\"datePublished\":\"2022-03-18T22:48:45+00:00\",\"dateModified\":\"2022-04-26T14:00:44+00:00\",\"breadcrumb\":{\"@id\":\"https:\\\/\\\/priceattorneys.com\\\/es\\\/servicios-de-asesoramiento-local\\\/#breadcrumb\"},\"inLanguage\":\"es\",\"potentialAction\":[{\"@type\":\"ReadAction\",\"target\":[\"https:\\\/\\\/priceattorneys.com\\\/es\\\/servicios-de-asesoramiento-local\\\/\"]}]},{\"@type\":\"BreadcrumbList\",\"@id\":\"https:\\\/\\\/priceattorneys.com\\\/es\\\/servicios-de-asesoramiento-local\\\/#breadcrumb\",\"itemListElement\":[{\"@type\":\"ListItem\",\"position\":1,\"name\":\"Home\",\"item\":\"https:\\\/\\\/priceattorneys.com\\\/es\\\/\"},{\"@type\":\"ListItem\",\"position\":2,\"name\":\"Servicios de Asesoramiento Local\"}]},{\"@type\":\"WebSite\",\"@id\":\"https:\\\/\\\/priceattorneys.com\\\/es\\\/#website\",\"url\":\"https:\\\/\\\/priceattorneys.com\\\/es\\\/\",\"name\":\"Price Petho &amp; Associates, Personal Injury Attorneys\",\"description\":\"Charlotte Personal Injury Lawyers\",\"potentialAction\":[{\"@type\":\"SearchAction\",\"target\":{\"@type\":\"EntryPoint\",\"urlTemplate\":\"https:\\\/\\\/priceattorneys.com\\\/es\\\/?s={search_term_string}\"},\"query-input\":{\"@type\":\"PropertyValueSpecification\",\"valueRequired\":true,\"valueName\":\"search_term_string\"}}],\"inLanguage\":\"es\"}]}<\/script>\n<!-- \/ Yoast SEO plugin. -->","yoast_head_json":{"title":"Servicios de Asesoramiento Local | Price Petho &amp; Associates, Personal Injury Attorneys","robots":{"index":"index","follow":"follow","max-snippet":"max-snippet:-1","max-image-preview":"max-image-preview:large","max-video-preview":"max-video-preview:-1"},"canonical":"https:\/\/priceattorneys.com\/es\/servicios-de-asesoramiento-local\/","og_locale":"es_ES","og_type":"article","og_title":"Servicios de Asesoramiento Local | Price Petho &amp; Associates, Personal Injury Attorneys","og_description":"Servicios de asesoramiento local de confianza en Charlotte Socios respetados en Carolina del Norte para bufetes de abogados fuera del estado Los abogados de Price, Petho &amp; Asociados se enorgullecen de servir como abogados locales en Carolina del Norte para bufetes de abogados y abogados de otros estados. Los tribunales de Carolina del Norte y&hellip;","og_url":"https:\/\/priceattorneys.com\/es\/servicios-de-asesoramiento-local\/","og_site_name":"Price Petho &amp; Associates, Personal Injury Attorneys","article_modified_time":"2022-04-26T14:00:44+00:00","twitter_card":"summary_large_image","twitter_misc":{"Tiempo de lectura":"3 minutos"},"schema":{"@context":"https:\/\/schema.org","@graph":[{"@type":"WebPage","@id":"https:\/\/priceattorneys.com\/es\/servicios-de-asesoramiento-local\/","url":"https:\/\/priceattorneys.com\/es\/servicios-de-asesoramiento-local\/","name":"Servicios de Asesoramiento Local | Price Petho &amp; Associates, Personal Injury Attorneys","isPartOf":{"@id":"https:\/\/priceattorneys.com\/es\/#website"},"datePublished":"2022-03-18T22:48:45+00:00","dateModified":"2022-04-26T14:00:44+00:00","breadcrumb":{"@id":"https:\/\/priceattorneys.com\/es\/servicios-de-asesoramiento-local\/#breadcrumb"},"inLanguage":"es","potentialAction":[{"@type":"ReadAction","target":["https:\/\/priceattorneys.com\/es\/servicios-de-asesoramiento-local\/"]}]},{"@type":"BreadcrumbList","@id":"https:\/\/priceattorneys.com\/es\/servicios-de-asesoramiento-local\/#breadcrumb","itemListElement":[{"@type":"ListItem","position":1,"name":"Home","item":"https:\/\/priceattorneys.com\/es\/"},{"@type":"ListItem","position":2,"name":"Servicios de Asesoramiento Local"}]},{"@type":"WebSite","@id":"https:\/\/priceattorneys.com\/es\/#website","url":"https:\/\/priceattorneys.com\/es\/","name":"Price Petho &amp; Associates, Personal Injury Attorneys","description":"Charlotte Personal Injury Lawyers","potentialAction":[{"@type":"SearchAction","target":{"@type":"EntryPoint","urlTemplate":"https:\/\/priceattorneys.com\/es\/?s={search_term_string}"},"query-input":{"@type":"PropertyValueSpecification","valueRequired":true,"valueName":"search_term_string"}}],"inLanguage":"es"}]}},"_links":{"self":[{"href":"https:\/\/priceattorneys.com\/es\/wp-json\/wp\/v2\/pages\/4974","targetHints":{"allow":["GET"]}}],"collection":[{"href":"https:\/\/priceattorneys.com\/es\/wp-json\/wp\/v2\/pages"}],"about":[{"href":"https:\/\/priceattorneys.com\/es\/wp-json\/wp\/v2\/types\/page"}],"author":[{"embeddable":true,"href":"https:\/\/priceattorneys.com\/es\/wp-json\/wp\/v2\/users\/1"}],"replies":[{"embeddable":true,"href":"https:\/\/priceattorneys.com\/es\/wp-json\/wp\/v2\/comments?post=4974"}],"version-history":[{"count":0,"href":"https:\/\/priceattorneys.com\/es\/wp-json\/wp\/v2\/pages\/4974\/revisions"}],"wp:attachment":[{"href":"https:\/\/priceattorneys.com\/es\/wp-json\/wp\/v2\/media?parent=4974"}],"curies":[{"name":"wp","href":"https:\/\/api.w.org\/{rel}","templated":true}]}}