{"id":4979,"date":"2020-06-11T14:25:57","date_gmt":"2020-06-11T14:25:57","guid":{"rendered":"https:\/\/priceattorneys.com\/?page_id=4979"},"modified":"2024-03-27T18:43:25","modified_gmt":"2024-03-27T18:43:25","slug":"lesiones-catastroficas","status":"publish","type":"page","link":"https:\/\/priceattorneys.com\/es\/lesiones-personales\/lesiones-catastroficas\/","title":{"rendered":"Lesiones Catastr\u00f3ficas"},"content":{"rendered":"\n\n\t\t\t\t<img decoding=\"async\" src=\"https:\/\/priceattorneys.com\/wp-content\/uploads\/2022\/03\/Personal-Injury-Charlotte.jpg\" alt=\"Charlotte personal injury lawyer\" itemprop=\"image\" height=\"621\" width=\"1245\" title=\"Personal-Injury-Charlotte\" onerror=\"this.style.display='none'\"  \/>\n\t<h1>Abogados de lesiones catastr\u00f3ficas de Charlotte, NC<\/h1>\n<h2>Ayuda estrat\u00e9gica para v\u00edctimas de lesiones que alteran la vida en el condado de Mecklenburg<\/h2>\n<p>Las lesiones catastr\u00f3ficas generalmente se definen como aquellas que afectan la columna vertebral, la m\u00e9dula espinal y el cerebro, as\u00ed como las lesiones que incapacitan significativamente a una persona. Estos tipos de lesiones pueden alterar el curso de la vida de una persona para siempre: son lesiones permanentes y, a menudo, potencialmente mortales que requieren un tratamiento o atenci\u00f3n m\u00e9dica extensos.<\/p>\n<p>Estas lesiones pueden ocurrir en una variedad de formas, pero a menudo son causadas por acciones descuidadas o negligentes tomadas por individuos, empresas u otras entidades. En Price, Petho &amp; Asociados, nuestros abogados de lesiones catastr\u00f3ficas han sido ayudando a la gente de Charlotte desde 1979 y tambi\u00e9n podemos ayudarlo. Cuando otra persona haya causado su lesi\u00f3n, investigaremos completamente su reclamo y trabajaremos para asegurar la compensaci\u00f3n a la que usted o su ser querido tienen derecho.<\/p>\n\t<h2>\u00bfQu\u00e9 le gustar\u00eda saber?<\/h2>\n\t<ul>\n<li><a href=\"#FAQ1\">\u00bfCu\u00e1les son algunos ejemplos de lesiones catastr\u00f3ficas?<\/a><\/li>\n<li><a href=\"#FAQ2\">\u00bfCu\u00e1les son las causas m\u00e1s comunes de lesiones catastr\u00f3ficas?<\/a><\/li>\n<li><a href=\"#FAQ3\">\u00bfQu\u00e9 es la negligencia contributiva con respecto a los reclamos por lesiones de Charlotte?<\/a><\/li>\n<li><a href=\"#FAQ4\">\u00bfCu\u00e1les son los efectos a largo plazo de las lesiones catastr\u00f3ficas?<\/a><\/li>\n<\/ul>\n\t<ul>\n<li><a href=\"#FAQ5\">\u00bfCu\u00e1nto cuesta un abogado de lesiones catastr\u00f3ficas en Charlotte?<\/a><\/li>\n<li><a href=\"#FAQ6\">\u00bfCu\u00e1nto tiempo tengo para presentar un reclamo por lesiones catastr\u00f3ficas en Charlotte?<\/a><\/li>\n<li><a href=\"#FAQ7\">\u00bfHay un abogado de lesiones catastr\u00f3ficas cerca de m\u00ed?<\/a><\/li>\n<\/ul>\n\t\t\t\t<img decoding=\"async\" src=\"https:\/\/priceattorneys.com\/wp-content\/uploads\/2022\/03\/bones2.jpg\" alt=\"Catastrophic injury lawyers Charlotte\" itemprop=\"image\" height=\"801\" width=\"1200\" title=\"bones2\" onerror=\"this.style.display='none'\"  \/>\n\t<h2>\u00bfCu\u00e1les son algunos ejemplos de lesiones catastr\u00f3ficas?<\/h2>\n<p>En general, una lesi\u00f3n se considera catastr\u00f3fica si causa una discapacidad inmediata o si se espera que nunca sane por completo. Ejemplos de este tipo de lesiones incluyen:<\/p>\n<table width=\"623\">\n<tbody>\n<tr>\n<td width=\"312\">\n<ul>\n<li>Huesos rotos o aplastados<\/li>\n<li>Lesiones por quemaduras<\/li>\n<li>Lesiones de amputaci\u00f3n<\/li>\n<li>Lesiones cerebrales traum\u00e1ticas<\/li>\n<li>Cicatrices y desfiguraci\u00f3n<\/li>\n<li>Lesiones de la m\u00e9dula espinal<\/li>\n<\/ul>\n<\/td>\n<td width=\"312\">\n<ul>\n<li>Lesiones de nacimiento<\/li>\n<li>Condiciones cr\u00f3nicas o terminales<\/li>\n<li>P\u00e9rdida de la visi\u00f3n o la audici\u00f3n<\/li>\n<li>Des\u00f3rdenes neurol\u00f3gicos<\/li>\n<li>\u00d3rgano y da\u00f1o interno<\/li>\n<\/ul>\n<\/td>\n<\/tr>\n<\/tbody>\n<\/table>\n<p>Estas lesiones pueden ocurrir en una variedad de formas, en casi cualquier tipo de incidente. Nuestros abogados de lesiones catastr\u00f3ficas de Charlotte examinar\u00e1n los hechos de su caso y trabajar\u00e1n para determinar el mejor camino a seguir para asegurar la compensaci\u00f3n que necesita y merece.<\/p>\n\t<h2>\u00bfCu\u00e1les son las causas m\u00e1s comunes de lesiones catastr\u00f3ficas?<\/h2>\n<p>Las lesiones catastr\u00f3ficas suelen ocurrir por accidentes graves y traum\u00e1ticos, que incluyen:<\/p>\n<ul>\n<li><strong>Accidentes automovil\u00edsticos<\/strong>. Choques a alta velocidad, accidentes por conducir ebrio, y Conducci\u00f3n distraida todos pueden conducir a lesiones graves que alteran la vida.<\/li>\n<li><strong>Accidentes de camiones<\/strong>. Debido al enorme peso y tama\u00f1o de los camiones comerciales, las colisiones con camiones con remolque a menudo terminan con un trauma f\u00edsico grave para los ocupantes de los autom\u00f3viles de pasajeros.<\/li>\n<li><strong>Accidentes de trabajo<\/strong>. Industrias como la construcci\u00f3n y la fabricaci\u00f3n presentan riesgos adicionales para los trabajadores, y con procedimientos de seguridad inadecuados, los empleados pueden sufrir lesiones graves y catastr\u00f3ficas.<\/li>\n<li><strong>Resbalones y ca\u00eddas<\/strong>. Las instalaciones inseguras pueden provocar resbalones, tropiezos y ca\u00eddas, una de las principales causas de lesiones graves en el pa\u00eds.<\/li>\n<li><strong>Negligencia m\u00e9dica<\/strong>. Desde lesiones de nacimiento hasta errores quir\u00fargicos, la negligencia m\u00e9dica puede dejar a un paciente con lesiones que lo afectar\u00e1n por el resto de su vida.<\/li>\n<\/ul>\n<p>Nuestros abogados de lesiones de Charlotte determinan exactamente qu\u00e9 caus\u00f3 sus lesiones y luego trabajan para probar la responsabilidad, lo m\u00e1s importante, que usted no caus\u00f3 sus propias lesiones de ninguna manera.<\/p>\n\t<h2>\u00bfQu\u00e9 es la negligencia contributiva con respecto a los reclamos por lesiones de Charlotte?<\/h2>\n<p>Carolina del Norte es uno de los pocos estados que a\u00fan utiliza un sistema de negligencia contributiva cuando se trata de culpa compartida en casos de lesiones. Aqu\u00ed, las v\u00edctimas de lesiones tienen prohibido cubrir los da\u00f1os de una parte culpable si se determina que son responsables de sus lesiones de alguna manera. Incluso si solo tienen el uno por ciento de la culpa por causar el incidente que provoc\u00f3 su lesi\u00f3n, no recibir\u00e1n compensaci\u00f3n.<\/p>\n<p>Esto se conoce com\u00fanmente como una \u00abregla de todo o nada\u00bb de la que la mayor\u00eda de los estados se han alejado. Es por eso que es crucial que trabaje con un abogado calificado despu\u00e9s de sufrir una lesi\u00f3n catastr\u00f3fica. Es esencial que su equipo legal demuestre que la parte culpable fue 100 por ciento responsable de sus lesiones para que pueda obtener una compensaci\u00f3n adecuada por sus p\u00e9rdidas.<\/p>\n\t\t\t\t<img decoding=\"async\" src=\"https:\/\/priceattorneys.com\/wp-content\/uploads\/2022\/03\/law2.jpg\" alt=\"Catastrophic injury lawyer Charlotte\" itemprop=\"image\" height=\"527\" width=\"1200\" title=\"law2\" onerror=\"this.style.display='none'\"  \/>\n\t<h2>\u00bfCu\u00e1les son los efectos a largo plazo de las lesiones catastr\u00f3ficas?<\/h2>\n<p>Debido a la naturaleza de las lesiones catastr\u00f3ficas, los sobrevivientes sienten los efectos a lo largo de sus vidas. El impacto de por vida de una lesi\u00f3n catastr\u00f3fica puede incluir:<\/p>\n<ul>\n<li>Incapacidad permanente o p\u00e9rdida de la funci\u00f3n<\/li>\n<li>Incapacidad para trabajar<\/li>\n<li>Necesidad de atenci\u00f3n o asistencia a largo plazo<\/li>\n<li>Necesidad de dispositivos prot\u00e9sicos o de asistencia.<\/li>\n<li>Medicamentos o terapias de por vida.<\/li>\n<\/ul>\n<p>Esto no tiene en cuenta el costo emocional y mental de una lesi\u00f3n catastr\u00f3fica, que tambi\u00e9n puede ser una enorme carga para la v\u00edctima.<\/p>\n\t<h2>\u00bfCu\u00e1nto cuesta un abogado de lesiones catastr\u00f3ficas en Charlotte?<\/h2>\n<p>Las lesiones catastr\u00f3ficas pueden generar enormes facturas m\u00e9dicas y, a menudo, hacen que la v\u00edctima no pueda trabajar. Esto puede dejar a la v\u00edctima de una lesi\u00f3n ya su familia en una situaci\u00f3n financiera precaria. En Price, Petho &amp; Asociados, comprendemos los desaf\u00edos que presenta una lesi\u00f3n grave, por lo que tomamos los casos de lesiones catastr\u00f3ficas de Charlotte con base en honorarios de contingencia. Esto significa que nuestros clientes no pagan costos iniciales o de bolsillo. Nuestros clientes solo pagan honorarios legales despu\u00e9s de que obtengamos la compensaci\u00f3n a la que tienen derecho por sus lesiones y otras p\u00e9rdidas. En pocas palabras, si no ganamos, nuestros clientes no pagan.<\/p>\n\t<h2>\u00bfCu\u00e1nto tiempo tengo para presentar un reclamo por lesiones catastr\u00f3ficas en Charlotte?<\/h2>\n<p>Las v\u00edctimas de lesiones y sus familias deben ser especialmente conscientes de los plazos establecidos para iniciar acciones legales. El estatuto de limitaciones de lesiones personales en Carolina del Norte es de tres a\u00f1os a partir del d\u00eda en que ocurri\u00f3 la lesi\u00f3n. Esto significa que una v\u00edctima de una lesi\u00f3n catastr\u00f3fica tiene una ventana de tres a\u00f1os para presentar su demanda contra la parte negligente. Si no presenta una demanda en este per\u00edodo de tiempo, es probable que no pueda recuperar la compensaci\u00f3n que merece.<\/p>\n<p>Algunos casos de lesiones se resuelven mediante acuerdos con las compa\u00f1\u00edas de seguros antes de que se presente una demanda. Sin embargo, es importante comprender que las compa\u00f1\u00edas de seguros tambi\u00e9n tienen plazos. En general, las compa\u00f1\u00edas de seguros requieren que las v\u00edctimas presenten sus reclamos muy pronto despu\u00e9s de que ocurra el accidente. Si no presenta un reclamo dentro de un per\u00edodo de tiempo razonable, es probable que el reclamo se retrase o se rechace por completo.<\/p>\n<p>Tambi\u00e9n es importante tener en cuenta que, especialmente en casos de lesiones catastr\u00f3ficas, considere consultar con un abogado antes de aceptar cualquier tipo de acuerdo. Estos tipos de lesiones pueden durar toda la vida y es crucial que comprenda el verdadero alcance de sus lesiones antes de firmar cualquier acuerdo. Los abogados experimentados de Price, Petho &amp; Asociados pueden ayudarlo a explicar sus opciones.<\/p>\n\t<h2>\u00bfHay un abogado de lesiones catastr\u00f3ficas cerca de m\u00ed?<\/h2>\n<p>La oficina principal de Price, Petho &amp; Asociados est\u00e1 ubicada en 1430 Elizabeth Ave. en Charlotte, NC. Tambi\u00e9n mantenemos oficinas en el condado de Richmond y el condado de Rutherford, lo que permite que la firma atienda a clientes en todo el estado. Si est\u00e1 demasiado lesionado para acudir a nosotros, hacemos visitas a domicilio y al hospital.<\/p>\n<h3>Sus abogados de confianza en lesiones catastr\u00f3ficas en Charlotte<\/h3>\n<p>Si usted o alguien a quien ama experiment\u00f3 una lesi\u00f3n catastr\u00f3fica causada por las acciones de otra persona, compa\u00f1\u00eda o entidad, los abogados de Price, Petho &amp; Asociados quieren ayudarlo con su caso. Entendemos el verdadero alcance de este tipo de lesiones y c\u00f3mo pueden afectarlo por el resto de su vida. Perm\u00edtanos asegurarnos de que tenga los recursos financieros para cuidar de usted y su familia. Llamar <a href=\"tel:7043722160\">704-372-2160<\/a> o llena nuestro Formulario de contacto para programar una consulta gratuita. Servimos a clientes en todo Charlotte, Rockingham,Rutherfordton, Carolina del Norte y Carolina del Sur.<\/p>\n<p>&nbsp;<\/p>\n\n","protected":false},"excerpt":{"rendered":"<p>Abogados de lesiones catastr\u00f3ficas de Charlotte, NC Ayuda estrat\u00e9gica para v\u00edctimas de lesiones que alteran la vida en el condado de Mecklenburg Las lesiones catastr\u00f3ficas generalmente se definen como aquellas que afectan la columna vertebral, la m\u00e9dula espinal y el cerebro, as\u00ed como las lesiones que incapacitan significativamente a una persona. Estos tipos de lesiones&hellip;<\/p>\n","protected":false},"author":1,"featured_media":0,"parent":4969,"menu_order":0,"comment_status":"closed","ping_status":"closed","template":"","meta":{"footnotes":""},"class_list":["post-4979","page","type-page","status-publish","hentry"],"yoast_head":"<!-- This site is optimized with the Yoast SEO plugin v27.4 - https:\/\/yoast.com\/product\/yoast-seo-wordpress\/ -->\n<title>Lesiones Catastr\u00f3ficas | Price Petho &amp; Associates, Personal Injury Attorneys<\/title>\n<meta name=\"robots\" content=\"index, follow, max-snippet:-1, max-image-preview:large, max-video-preview:-1\" \/>\n<link rel=\"canonical\" href=\"https:\/\/priceattorneys.com\/es\/lesiones-personales\/lesiones-catastroficas\/\" \/>\n<meta property=\"og:locale\" content=\"es_ES\" \/>\n<meta property=\"og:type\" content=\"article\" \/>\n<meta property=\"og:title\" content=\"Lesiones Catastr\u00f3ficas | Price Petho &amp; Associates, Personal Injury Attorneys\" \/>\n<meta property=\"og:description\" content=\"Abogados de lesiones catastr\u00f3ficas de Charlotte, NC Ayuda estrat\u00e9gica para v\u00edctimas de lesiones que alteran la vida en el condado de Mecklenburg Las lesiones catastr\u00f3ficas generalmente se definen como aquellas que afectan la columna vertebral, la m\u00e9dula espinal y el cerebro, as\u00ed como las lesiones que incapacitan significativamente a una persona. Estos tipos de lesiones&hellip;\" \/>\n<meta property=\"og:url\" content=\"https:\/\/priceattorneys.com\/es\/lesiones-personales\/lesiones-catastroficas\/\" \/>\n<meta property=\"og:site_name\" content=\"Price Petho &amp; Associates, Personal Injury Attorneys\" \/>\n<meta property=\"article:modified_time\" content=\"2024-03-27T18:43:25+00:00\" \/>\n<meta property=\"og:image\" content=\"https:\/\/priceattorneys.com\/wp-content\/uploads\/2022\/03\/Personal-Injury-Charlotte.jpg\" \/>\n<meta name=\"twitter:card\" content=\"summary_large_image\" \/>\n<meta name=\"twitter:label1\" content=\"Tiempo de lectura\" \/>\n\t<meta name=\"twitter:data1\" content=\"7 minutos\" \/>\n<script type=\"application\/ld+json\" class=\"yoast-schema-graph\">{\"@context\":\"https:\\\/\\\/schema.org\",\"@graph\":[{\"@type\":\"WebPage\",\"@id\":\"https:\\\/\\\/priceattorneys.com\\\/es\\\/lesiones-personales\\\/lesiones-catastroficas\\\/\",\"url\":\"https:\\\/\\\/priceattorneys.com\\\/es\\\/lesiones-personales\\\/lesiones-catastroficas\\\/\",\"name\":\"Lesiones Catastr\u00f3ficas | Price Petho &amp; Associates, Personal Injury Attorneys\",\"isPartOf\":{\"@id\":\"https:\\\/\\\/priceattorneys.com\\\/es\\\/#website\"},\"primaryImageOfPage\":{\"@id\":\"https:\\\/\\\/priceattorneys.com\\\/es\\\/lesiones-personales\\\/lesiones-catastroficas\\\/#primaryimage\"},\"image\":{\"@id\":\"https:\\\/\\\/priceattorneys.com\\\/es\\\/lesiones-personales\\\/lesiones-catastroficas\\\/#primaryimage\"},\"thumbnailUrl\":\"https:\\\/\\\/priceattorneys.com\\\/wp-content\\\/uploads\\\/2022\\\/03\\\/Personal-Injury-Charlotte.jpg\",\"datePublished\":\"2020-06-11T14:25:57+00:00\",\"dateModified\":\"2024-03-27T18:43:25+00:00\",\"breadcrumb\":{\"@id\":\"https:\\\/\\\/priceattorneys.com\\\/es\\\/lesiones-personales\\\/lesiones-catastroficas\\\/#breadcrumb\"},\"inLanguage\":\"es\",\"potentialAction\":[{\"@type\":\"ReadAction\",\"target\":[\"https:\\\/\\\/priceattorneys.com\\\/es\\\/lesiones-personales\\\/lesiones-catastroficas\\\/\"]}]},{\"@type\":\"ImageObject\",\"inLanguage\":\"es\",\"@id\":\"https:\\\/\\\/priceattorneys.com\\\/es\\\/lesiones-personales\\\/lesiones-catastroficas\\\/#primaryimage\",\"url\":\"https:\\\/\\\/priceattorneys.com\\\/wp-content\\\/uploads\\\/2022\\\/03\\\/Personal-Injury-Charlotte.jpg\",\"contentUrl\":\"https:\\\/\\\/priceattorneys.com\\\/wp-content\\\/uploads\\\/2022\\\/03\\\/Personal-Injury-Charlotte.jpg\"},{\"@type\":\"BreadcrumbList\",\"@id\":\"https:\\\/\\\/priceattorneys.com\\\/es\\\/lesiones-personales\\\/lesiones-catastroficas\\\/#breadcrumb\",\"itemListElement\":[{\"@type\":\"ListItem\",\"position\":1,\"name\":\"Home\",\"item\":\"https:\\\/\\\/priceattorneys.com\\\/es\\\/\"},{\"@type\":\"ListItem\",\"position\":2,\"name\":\"Lesiones Personales\",\"item\":\"https:\\\/\\\/priceattorneys.com\\\/es\\\/lesiones-personales\\\/\"},{\"@type\":\"ListItem\",\"position\":3,\"name\":\"Lesiones Catastr\u00f3ficas\"}]},{\"@type\":\"WebSite\",\"@id\":\"https:\\\/\\\/priceattorneys.com\\\/es\\\/#website\",\"url\":\"https:\\\/\\\/priceattorneys.com\\\/es\\\/\",\"name\":\"Price Petho &amp; Associates, Personal Injury Attorneys\",\"description\":\"Charlotte Personal Injury Lawyers\",\"potentialAction\":[{\"@type\":\"SearchAction\",\"target\":{\"@type\":\"EntryPoint\",\"urlTemplate\":\"https:\\\/\\\/priceattorneys.com\\\/es\\\/?s={search_term_string}\"},\"query-input\":{\"@type\":\"PropertyValueSpecification\",\"valueRequired\":true,\"valueName\":\"search_term_string\"}}],\"inLanguage\":\"es\"}]}<\/script>\n<!-- \/ Yoast SEO plugin. -->","yoast_head_json":{"title":"Lesiones Catastr\u00f3ficas | Price Petho &amp; Associates, Personal Injury Attorneys","robots":{"index":"index","follow":"follow","max-snippet":"max-snippet:-1","max-image-preview":"max-image-preview:large","max-video-preview":"max-video-preview:-1"},"canonical":"https:\/\/priceattorneys.com\/es\/lesiones-personales\/lesiones-catastroficas\/","og_locale":"es_ES","og_type":"article","og_title":"Lesiones Catastr\u00f3ficas | Price Petho &amp; Associates, Personal Injury Attorneys","og_description":"Abogados de lesiones catastr\u00f3ficas de Charlotte, NC Ayuda estrat\u00e9gica para v\u00edctimas de lesiones que alteran la vida en el condado de Mecklenburg Las lesiones catastr\u00f3ficas generalmente se definen como aquellas que afectan la columna vertebral, la m\u00e9dula espinal y el cerebro, as\u00ed como las lesiones que incapacitan significativamente a una persona. Estos tipos de lesiones&hellip;","og_url":"https:\/\/priceattorneys.com\/es\/lesiones-personales\/lesiones-catastroficas\/","og_site_name":"Price Petho &amp; Associates, Personal Injury Attorneys","article_modified_time":"2024-03-27T18:43:25+00:00","og_image":[{"url":"https:\/\/priceattorneys.com\/wp-content\/uploads\/2022\/03\/Personal-Injury-Charlotte.jpg","type":"","width":"","height":""}],"twitter_card":"summary_large_image","twitter_misc":{"Tiempo de lectura":"7 minutos"},"schema":{"@context":"https:\/\/schema.org","@graph":[{"@type":"WebPage","@id":"https:\/\/priceattorneys.com\/es\/lesiones-personales\/lesiones-catastroficas\/","url":"https:\/\/priceattorneys.com\/es\/lesiones-personales\/lesiones-catastroficas\/","name":"Lesiones Catastr\u00f3ficas | Price Petho &amp; Associates, Personal Injury Attorneys","isPartOf":{"@id":"https:\/\/priceattorneys.com\/es\/#website"},"primaryImageOfPage":{"@id":"https:\/\/priceattorneys.com\/es\/lesiones-personales\/lesiones-catastroficas\/#primaryimage"},"image":{"@id":"https:\/\/priceattorneys.com\/es\/lesiones-personales\/lesiones-catastroficas\/#primaryimage"},"thumbnailUrl":"https:\/\/priceattorneys.com\/wp-content\/uploads\/2022\/03\/Personal-Injury-Charlotte.jpg","datePublished":"2020-06-11T14:25:57+00:00","dateModified":"2024-03-27T18:43:25+00:00","breadcrumb":{"@id":"https:\/\/priceattorneys.com\/es\/lesiones-personales\/lesiones-catastroficas\/#breadcrumb"},"inLanguage":"es","potentialAction":[{"@type":"ReadAction","target":["https:\/\/priceattorneys.com\/es\/lesiones-personales\/lesiones-catastroficas\/"]}]},{"@type":"ImageObject","inLanguage":"es","@id":"https:\/\/priceattorneys.com\/es\/lesiones-personales\/lesiones-catastroficas\/#primaryimage","url":"https:\/\/priceattorneys.com\/wp-content\/uploads\/2022\/03\/Personal-Injury-Charlotte.jpg","contentUrl":"https:\/\/priceattorneys.com\/wp-content\/uploads\/2022\/03\/Personal-Injury-Charlotte.jpg"},{"@type":"BreadcrumbList","@id":"https:\/\/priceattorneys.com\/es\/lesiones-personales\/lesiones-catastroficas\/#breadcrumb","itemListElement":[{"@type":"ListItem","position":1,"name":"Home","item":"https:\/\/priceattorneys.com\/es\/"},{"@type":"ListItem","position":2,"name":"Lesiones Personales","item":"https:\/\/priceattorneys.com\/es\/lesiones-personales\/"},{"@type":"ListItem","position":3,"name":"Lesiones Catastr\u00f3ficas"}]},{"@type":"WebSite","@id":"https:\/\/priceattorneys.com\/es\/#website","url":"https:\/\/priceattorneys.com\/es\/","name":"Price Petho &amp; Associates, Personal Injury Attorneys","description":"Charlotte Personal Injury Lawyers","potentialAction":[{"@type":"SearchAction","target":{"@type":"EntryPoint","urlTemplate":"https:\/\/priceattorneys.com\/es\/?s={search_term_string}"},"query-input":{"@type":"PropertyValueSpecification","valueRequired":true,"valueName":"search_term_string"}}],"inLanguage":"es"}]}},"_links":{"self":[{"href":"https:\/\/priceattorneys.com\/es\/wp-json\/wp\/v2\/pages\/4979","targetHints":{"allow":["GET"]}}],"collection":[{"href":"https:\/\/priceattorneys.com\/es\/wp-json\/wp\/v2\/pages"}],"about":[{"href":"https:\/\/priceattorneys.com\/es\/wp-json\/wp\/v2\/types\/page"}],"author":[{"embeddable":true,"href":"https:\/\/priceattorneys.com\/es\/wp-json\/wp\/v2\/users\/1"}],"replies":[{"embeddable":true,"href":"https:\/\/priceattorneys.com\/es\/wp-json\/wp\/v2\/comments?post=4979"}],"version-history":[{"count":0,"href":"https:\/\/priceattorneys.com\/es\/wp-json\/wp\/v2\/pages\/4979\/revisions"}],"up":[{"embeddable":true,"href":"https:\/\/priceattorneys.com\/es\/wp-json\/wp\/v2\/pages\/4969"}],"wp:attachment":[{"href":"https:\/\/priceattorneys.com\/es\/wp-json\/wp\/v2\/media?parent=4979"}],"curies":[{"name":"wp","href":"https:\/\/api.w.org\/{rel}","templated":true}]}}