{"id":4985,"date":"2020-06-13T12:06:23","date_gmt":"2020-06-13T12:06:23","guid":{"rendered":"https:\/\/priceattorneys.com\/?page_id=4985"},"modified":"2024-03-27T18:41:20","modified_gmt":"2024-03-27T18:41:20","slug":"lesiones-cerebrales","status":"publish","type":"page","link":"https:\/\/priceattorneys.com\/es\/lesiones-personales\/lesiones-catastroficas\/lesiones-cerebrales\/","title":{"rendered":"Lesiones Cerebrales"},"content":{"rendered":"\n\n\t\t\t\t<img decoding=\"async\" src=\"https:\/\/priceattorneys.com\/wp-content\/uploads\/2022\/03\/brain1.jpg\" alt=\"Brain injury attorney Charlotte\" itemprop=\"image\" height=\"621\" width=\"1245\" title=\"brain1\" onerror=\"this.style.display='none'\"  \/>\n\t<h1>Abogados de Lesiones Cerebrales en Charlotte, NC<\/h1>\n<h2>Ayuda compasiva para v\u00edctimas de lesiones cerebrales traum\u00e1ticas en el condado de Mecklenburg<\/h2>\n<p>Cuando alguien sufre una lesi\u00f3n cerebral traum\u00e1tica, es posible que no se d\u00e9 cuenta de inmediato de los efectos completos de la lesi\u00f3n en la vida diaria. Se sabe que las lesiones cerebrales causan p\u00e9rdida de memoria, problemas para dormir, dolores de cabeza, cambios de humor y cambios de personalidad como resultado de una lesi\u00f3n. En estos casos, los amigos y la familia son los defensores m\u00e1s fuertes que tiene una persona para ayudar a construir un caso de restituci\u00f3n.<\/p>\n<p>Los abogados de Price, Petho &amp; Asociados en Charlotte han construido un s\u00f3lido historial de \u00e9xito en casos de lesiones personales, incluidos los relacionados con una lesi\u00f3n cerebral traum\u00e1tica. Cuando nos elija para manejar su caso, puede estar seguro de que entender\u00e1 por qu\u00e9 los clientes nos han buscado una representaci\u00f3n calificada desde 1979. Queremos ayudarlo a obtener la compensaci\u00f3n que necesita para recuperarse de sus lesiones y avanzar hacia un futuro mejor. .<\/p>\n\t<h2>\u00bfQu\u00e9 le gustar\u00eda saber?<\/h2>\n\t<ul>\n<li><a href=\"#FAQ1\">\u00bfQu\u00e9 es una lesi\u00f3n cerebral traum\u00e1tica?<\/a><\/li>\n<li><a href=\"#FAQ2\">\u00bfCu\u00e1les son algunas de las causas comunes de las lesiones cerebrales de Charlotte?<\/a><\/li>\n<li><a href=\"#FAQ3\">\u00bfCu\u00e1les son los s\u00edntomas de una lesi\u00f3n cerebral?<\/a><\/li>\n<li><a href=\"#FAQ4\">\u00bfCu\u00e1les son las complicaciones de una lesi\u00f3n cerebral traum\u00e1tica?<\/a><\/li>\n<\/ul>\n\t<ul>\n<li><a href=\"#FAQ5\">\u00bfCu\u00e1nto vale mi caso de lesi\u00f3n cerebral en Charlotte?<\/a><\/li>\n<li><a href=\"#FAQ6\">\u00bfCu\u00e1l es el l\u00edmite de tiempo para presentar un reclamo por lesi\u00f3n cerebral en Charlotte?<\/a><\/li>\n<li><a href=\"#FAQ7\">\u00bfHay un abogado de lesiones cerebrales cerca de m\u00ed?<\/a><\/li>\n<\/ul>\n\t<h2>\u00bfQu\u00e9 es una lesi\u00f3n cerebral traum\u00e1tica?<\/h2>\n<p>La lesi\u00f3n cerebral traum\u00e1tica, o TBI, es una lesi\u00f3n que generalmente resulta de un golpe violento o una sacudida en la cabeza. Una persona tambi\u00e9n puede sufrir un TBI por un objeto que penetra en el cr\u00e1neo y lesiona el tejido cerebral. Cualquier trauma que haga que el cerebro se mueva dentro del cr\u00e1neo, sangre, se hinche o pierda ox\u00edgeno puede causar una lesi\u00f3n cerebral grave.<\/p>\n<p>La <a href=\"https:\/\/www.mayoclinic.org\/diseases-conditions\/traumatic-brain-injury\/symptoms-causes\/syc-20378557\">Cl\u00ednica Mayo<\/a> informa que incluso \u00abuna lesi\u00f3n cerebral traum\u00e1tica leve puede afectar sus c\u00e9lulas cerebrales temporalmente. Una lesi\u00f3n cerebral traum\u00e1tica m\u00e1s grave puede provocar hematomas, tejidos desgarrados, sangrado y otros da\u00f1os f\u00edsicos al cerebro. Estas lesiones pueden provocar complicaciones a largo plazo o la muerte\u00bb. Esta es la raz\u00f3n por la que las lesiones cerebrales traum\u00e1ticas se clasifican como <a href=\"https:\/\/priceattorneys.com\/es\/lesiones-personales\/lesiones-catastroficas\/\">Lesiones catastr\u00f3ficas<\/a>.<\/p>\n\t<h2>\u00bfCu\u00e1les son algunas de las causas comunes de las lesiones cerebrales de Charlotte?<\/h2>\n<p>Las lesiones cerebrales no son infrecuentes despu\u00e9s de accidentes graves. Sin embargo, solo porque no son infrecuentes, no deber\u00edan tomarse muy en serio. La realidad es que cualquier tipo de lesi\u00f3n cerebral traum\u00e1tica, ya sea moderada o grave, puede provocar una discapacidad significativa a corto o largo plazo. En Price, Petho &amp; Asociados, nuestros abogados ayudan regularmente a clientes que han sufrido lesiones cerebrales debido a lo siguiente:<\/p>\n<table width=\"100%\">\n<tbody>\n<tr>\n<td width=\"50%\">\n<ul>\n<li>Resbalones y ca\u00eddas<\/li>\n<li>Accidentes de veh\u00edculos de motor<\/li>\n<li>Accidentes de bicicleta<\/li>\n<li>Accidentes de peatones<\/li>\n<li>Accidentes de moto<\/li>\n<\/ul>\n<\/td>\n<td width=\"50%\">\n<ul>\n<li>Accidentes de construccion<\/li>\n<li>Productos defectuosos<\/li>\n<li>Negligencia m\u00e9dica<\/li>\n<li>Lesiones deportivas<\/li>\n<li>Agresiones y violencia<\/li>\n<\/ul>\n<\/td>\n<\/tr>\n<\/tbody>\n<\/table>\n<p>Todos estos incidentes y accidentes se pueden prevenir cuando ocurren debido a la negligencia o da\u00f1o intencional de otra persona. Los profesionales m\u00e9dicos a menudo llaman a las TBI una \u00ablesi\u00f3n invisible\u00bb porque es posible que no muestren s\u00edntomas visibles iniciales, raz\u00f3n por la cual es tan importante buscar atenci\u00f3n m\u00e9dica despu\u00e9s de cualquier tipo de golpe o trauma en la cabeza.<\/p>\n\t<h2>\u00bfCu\u00e1les son los s\u00edntomas de una lesi\u00f3n cerebral?<\/h2>\n<p><a href=\"https:\/\/priceattorneys.com\/personal-injury\/catastrophic-injuries\/brain-injuries\/\">Lesiones Cerebrales<\/a> puede presentarse con una amplia variedad de signos y s\u00edntomas, tanto f\u00edsicos como psicol\u00f3gicos. Puede notar algunos de inmediato, o puede que no los note hasta d\u00edas o incluso semanas despu\u00e9s. Sin embargo, con un examen m\u00e9dico r\u00e1pido, un m\u00e9dico puede detectar una lesi\u00f3n cerebral traum\u00e1tica a tiempo. La Cl\u00ednica Mayo se\u00f1ala los siguientes s\u00edntomas de lesiones cerebrales moderadas y graves:<\/p>\n\t<p><strong>S\u00edntomas f\u00edsicos<\/strong>:<\/p>\n<ul>\n<li>P\u00e9rdida de consciencia<\/li>\n<li>Dolor de cabeza persistente o que empeora<\/li>\n<li>V\u00f3mitos o N\u00e1useas<\/li>\n<li>convulsiones<\/li>\n<li>Dilataci\u00f3n de pupila<\/li>\n<li>L\u00edquidos claros que salen de los ojos o la nariz<\/li>\n<li>Incapacidad para despertarse del sue\u00f1o<\/li>\n<li>P\u00e9rdida de coordinaci\u00f3n<\/li>\n<li>Debilidad o entumecimiento de las extremidades<\/li>\n<\/ul>\n\t<p><strong>S\u00edntomas cognitivos<\/strong>:<\/p>\n<ul>\n<li>Confusi\u00f3n<\/li>\n<li>Agitaci\u00f3n o comportamiento agresivo.<\/li>\n<li>Habla arrastrada<\/li>\n<li>Inconsciencia<\/li>\n<li>Coma<\/li>\n<\/ul>\n\t<p>Es especialmente importante observar a los ni\u00f1os en busca de signos de lesi\u00f3n cerebral, ya que es posible que no puedan comunicar los s\u00edntomas por s\u00ed mismos. Los beb\u00e9s y ni\u00f1os con TBI pueden mostrar cambios en los h\u00e1bitos alimenticios o de lactancia, llanto persistente, somnolencia, irritabilidad e incapacidad para prestar atenci\u00f3n.<\/p>\n<p>Siempre busque atenci\u00f3n m\u00e9dica si usted o un ser querido sufre un golpe, sacudida o lesi\u00f3n en la cabeza para recibir un diagn\u00f3stico adecuado.<\/p>\n\t\t\t\t<img decoding=\"async\" src=\"https:\/\/priceattorneys.com\/wp-content\/uploads\/2022\/03\/brain2.jpg\" alt=\"Brain injury lawyers Charlotte\" itemprop=\"image\" height=\"755\" width=\"809\" title=\"brain2\" onerror=\"this.style.display='none'\"  \/>\n\t<h2>\u00bfCu\u00e1les son las complicaciones de una lesi\u00f3n cerebral traum\u00e1tica?<\/h2>\n<p>Las lesiones cerebrales traum\u00e1ticas moderadas y graves pueden causar discapacidad y complicaciones duraderas, incluido el da\u00f1o cerebral. \u00a0La <a href=\"https:\/\/my.clevelandclinic.org\/health\/diseases\/8874-traumatic-brain-injury\">Cl\u00ednica Cleveland<\/a> informa que los pacientes con TBI tambi\u00e9n tienen un mayor riesgo de:<\/p>\n<ul>\n<li>Ansiedad<\/li>\n<li>Depresi\u00f3n<\/li>\n<li>Trastorno de estr\u00e9s postraum\u00e1tico<\/li>\n<li>Hemorragias cerebrales<\/li>\n<li>Convulsiones y epilepsia<\/li>\n<li>Enfermedad de alzheimer y demencia<\/li>\n<li><a href=\"https:\/\/my.clevelandclinic.org\/health\/diseases\/17686-chronic-traumatic-encephalopathy-cte\">Encefalopat\u00eda traum\u00e1tica cr\u00f3nica<\/a>(CET)<\/li>\n<\/ul>\n<p>Estas condiciones pueden significar a\u00f1os de tratamientos y terapias, todo lo cual se suma a gastos m\u00e9dicos masivos durante toda la vida.<\/p>\n\t<h2>\u00bfCu\u00e1nto vale mi caso de lesi\u00f3n cerebral en Charlotte?<\/h2>\n<p>Despu\u00e9s de una lesi\u00f3n cerebral traum\u00e1tica causada por una parte negligente, es probable que usted o su ser querido sean elegibles para una compensaci\u00f3n. El monto total de la compensaci\u00f3n var\u00eda, sin embargo, dependiendo de los hechos y circunstancias que rodean cada situaci\u00f3n particular. En Price, Petho &amp; Asociados, nuestros abogados de lesiones cerebrales regularmente pueden ayudar a los clientes a recuperar lo siguiente:<\/p>\n<ul>\n<li>Cobertura total de sus facturas m\u00e9dicas.<\/li>\n<li>P\u00e9rdida de ingresos si no pueden trabajar<\/li>\n<li>Cobertura de fisioterapia o rehabilitaci\u00f3n<\/li>\n<li>P\u00e9rdida de la calidad de vida.<\/li>\n<li>Dolor y sufrimiento<\/li>\n<\/ul>\n<p>El proceso de obtener una compensaci\u00f3n para las v\u00edctimas de lesiones cerebrales puede ser complicado, especialmente cuando se trata de determinar el nivel de discapacidad de un paciente, as\u00ed como cu\u00e1nto se espera que dure esa discapacidad. En algunos casos, las v\u00edctimas de lesiones cerebrales pueden recuperarse por completo o casi por completo. Sin embargo, no es raro que las v\u00edctimas de lesiones cerebrales necesiten asistencia continua durante meses o a\u00f1os, tal vez incluso por el resto de su vida.<\/p>\n<p>Nuestros abogados de Charlotte toman todo esto en consideraci\u00f3n cuando se trata de determinar cu\u00e1nta compensaci\u00f3n ser\u00e1 necesaria a trav\u00e9s de un acuerdo o veredicto del jurado.<\/p>\n\t<h2>\u00bfCu\u00e1l es el l\u00edmite de tiempo para presentar un reclamo por lesi\u00f3n cerebral en Charlotte?<\/h2>\n<p>Si usted o un ser querido ha sufrido una lesi\u00f3n cerebral, solo tiene un tiempo limitado para presentar un reclamo legal. El estatuto de limitaciones de lesiones personales de Carolina del Norte es de tres a\u00f1os a partir de la fecha en que ocurre una lesi\u00f3n. Si no presenta una acci\u00f3n legal dentro de este plazo, es posible que no sea elegible para recuperar una compensaci\u00f3n financiera por sus lesiones y p\u00e9rdidas.<\/p>\n<p>Sin embargo, hay algunas excepciones a este estatuto de limitaciones. Los estatutos de limitaciones pueden pausarse (tocarse) por varias razones, incluso por ciertos incidentes de negligencia m\u00e9dica, dependiendo de cu\u00e1ndo se descubri\u00f3 la lesi\u00f3n, si la v\u00edctima era menor de edad cuando ocurri\u00f3 la lesi\u00f3n y otras razones. Le recomendamos encarecidamente que trabaje con un experto Charlotte <a href=\"https:\/\/priceattorneys.com\/personal-injury\/\">abogado de lesiones personales<\/a> quien puede guiarlo a trav\u00e9s de todo el proceso, incluida la comprensi\u00f3n de los plazos involucrados.<\/p>\n\t<h2>\u00bfHay un abogado de lesiones cerebrales cerca de m\u00ed?<\/h2>\n<p>La oficina de Price, Petho &amp; Asociados en Charlotte est\u00e1 ubicada en 1430 Elizabeth Ave. Tambi\u00e9n tenemos oficinas en el condado de Richmond y el condado de Rutherford, y atendemos a clientes en todo Carolina del Norte. Si est\u00e1 demasiado lesionado para acudir a nosotros, hacemos visitas a domicilio y al hospital.<\/p>\n<h3>Abogados honestos de lesiones cerebrales que prestan servicios en el \u00e1rea de Charlotte<\/h3>\n<p>Cuando usted o un ser querido sufren lesiones debido a la negligencia o el acto intencional de otros, los abogados de Price, Petho &amp; Asociados pueden ayudarlo. Nuestros abogados de lesiones cerebrales traum\u00e1ticas entienden c\u00f3mo determinar el alcance de sus lesiones y p\u00e9rdidas, y responsabilizar a las partes responsables. Cont\u00e1ctenos hoy para programar una consulta gratuita y averiguar c\u00f3mo podemos ayudarlo con su caso. Llamar <a href=\"tel:7043722160\">704-372-2160<\/a> o llena nuestro Formulario de contacto. Servimos a clientes en todo Charlotte, Rockingham, Rutherfordton, Carolina del Norte y Carolina del Sur.<\/p>\n\n","protected":false},"excerpt":{"rendered":"<p>Abogados de Lesiones Cerebrales en Charlotte, NC Ayuda compasiva para v\u00edctimas de lesiones cerebrales traum\u00e1ticas en el condado de Mecklenburg Cuando alguien sufre una lesi\u00f3n cerebral traum\u00e1tica, es posible que no se d\u00e9 cuenta de inmediato de los efectos completos de la lesi\u00f3n en la vida diaria. Se sabe que las lesiones cerebrales causan p\u00e9rdida&hellip;<\/p>\n","protected":false},"author":1,"featured_media":0,"parent":4979,"menu_order":0,"comment_status":"closed","ping_status":"closed","template":"","meta":{"footnotes":""},"class_list":["post-4985","page","type-page","status-publish","hentry"],"yoast_head":"<!-- This site is optimized with the Yoast SEO plugin v27.2 - https:\/\/yoast.com\/product\/yoast-seo-wordpress\/ -->\n<title>Lesiones Cerebrales | Price Petho &amp; Associates, Personal Injury Attorneys<\/title>\n<meta name=\"robots\" content=\"index, follow, max-snippet:-1, max-image-preview:large, max-video-preview:-1\" \/>\n<link rel=\"canonical\" href=\"https:\/\/priceattorneys.com\/es\/lesiones-personales\/lesiones-catastroficas\/lesiones-cerebrales\/\" \/>\n<meta property=\"og:locale\" content=\"es_ES\" \/>\n<meta property=\"og:type\" content=\"article\" \/>\n<meta property=\"og:title\" content=\"Lesiones Cerebrales | Price Petho &amp; Associates, Personal Injury Attorneys\" \/>\n<meta property=\"og:description\" content=\"Abogados de Lesiones Cerebrales en Charlotte, NC Ayuda compasiva para v\u00edctimas de lesiones cerebrales traum\u00e1ticas en el condado de Mecklenburg Cuando alguien sufre una lesi\u00f3n cerebral traum\u00e1tica, es posible que no se d\u00e9 cuenta de inmediato de los efectos completos de la lesi\u00f3n en la vida diaria. Se sabe que las lesiones cerebrales causan p\u00e9rdida&hellip;\" \/>\n<meta property=\"og:url\" content=\"https:\/\/priceattorneys.com\/es\/lesiones-personales\/lesiones-catastroficas\/lesiones-cerebrales\/\" \/>\n<meta property=\"og:site_name\" content=\"Price Petho &amp; Associates, Personal Injury Attorneys\" \/>\n<meta property=\"article:modified_time\" content=\"2024-03-27T18:41:20+00:00\" \/>\n<meta property=\"og:image\" content=\"https:\/\/priceattorneys.com\/wp-content\/uploads\/2022\/03\/brain1.jpg\" \/>\n<meta name=\"twitter:card\" content=\"summary_large_image\" \/>\n<meta name=\"twitter:label1\" content=\"Tiempo de lectura\" \/>\n\t<meta name=\"twitter:data1\" content=\"8 minutos\" \/>\n<script type=\"application\/ld+json\" class=\"yoast-schema-graph\">{\"@context\":\"https:\/\/schema.org\",\"@graph\":[{\"@type\":\"WebPage\",\"@id\":\"https:\/\/priceattorneys.com\/es\/lesiones-personales\/lesiones-catastroficas\/lesiones-cerebrales\/\",\"url\":\"https:\/\/priceattorneys.com\/es\/lesiones-personales\/lesiones-catastroficas\/lesiones-cerebrales\/\",\"name\":\"Lesiones Cerebrales | Price Petho &amp; Associates, Personal Injury Attorneys\",\"isPartOf\":{\"@id\":\"https:\/\/priceattorneys.com\/es\/#website\"},\"primaryImageOfPage\":{\"@id\":\"https:\/\/priceattorneys.com\/es\/lesiones-personales\/lesiones-catastroficas\/lesiones-cerebrales\/#primaryimage\"},\"image\":{\"@id\":\"https:\/\/priceattorneys.com\/es\/lesiones-personales\/lesiones-catastroficas\/lesiones-cerebrales\/#primaryimage\"},\"thumbnailUrl\":\"https:\/\/priceattorneys.com\/wp-content\/uploads\/2022\/03\/brain1.jpg\",\"datePublished\":\"2020-06-13T12:06:23+00:00\",\"dateModified\":\"2024-03-27T18:41:20+00:00\",\"breadcrumb\":{\"@id\":\"https:\/\/priceattorneys.com\/es\/lesiones-personales\/lesiones-catastroficas\/lesiones-cerebrales\/#breadcrumb\"},\"inLanguage\":\"es\",\"potentialAction\":[{\"@type\":\"ReadAction\",\"target\":[\"https:\/\/priceattorneys.com\/es\/lesiones-personales\/lesiones-catastroficas\/lesiones-cerebrales\/\"]}]},{\"@type\":\"ImageObject\",\"inLanguage\":\"es\",\"@id\":\"https:\/\/priceattorneys.com\/es\/lesiones-personales\/lesiones-catastroficas\/lesiones-cerebrales\/#primaryimage\",\"url\":\"https:\/\/priceattorneys.com\/wp-content\/uploads\/2022\/03\/brain1.jpg\",\"contentUrl\":\"https:\/\/priceattorneys.com\/wp-content\/uploads\/2022\/03\/brain1.jpg\"},{\"@type\":\"BreadcrumbList\",\"@id\":\"https:\/\/priceattorneys.com\/es\/lesiones-personales\/lesiones-catastroficas\/lesiones-cerebrales\/#breadcrumb\",\"itemListElement\":[{\"@type\":\"ListItem\",\"position\":1,\"name\":\"Home\",\"item\":\"https:\/\/priceattorneys.com\/es\/\"},{\"@type\":\"ListItem\",\"position\":2,\"name\":\"Lesiones Personales\",\"item\":\"https:\/\/priceattorneys.com\/es\/lesiones-personales\/\"},{\"@type\":\"ListItem\",\"position\":3,\"name\":\"Lesiones Catastr\u00f3ficas\",\"item\":\"https:\/\/priceattorneys.com\/es\/lesiones-personales\/lesiones-catastroficas\/\"},{\"@type\":\"ListItem\",\"position\":4,\"name\":\"Lesiones Cerebrales\"}]},{\"@type\":\"WebSite\",\"@id\":\"https:\/\/priceattorneys.com\/es\/#website\",\"url\":\"https:\/\/priceattorneys.com\/es\/\",\"name\":\"Price Petho &amp; Associates, Personal Injury Attorneys\",\"description\":\"Charlotte Personal Injury Lawyers\",\"potentialAction\":[{\"@type\":\"SearchAction\",\"target\":{\"@type\":\"EntryPoint\",\"urlTemplate\":\"https:\/\/priceattorneys.com\/es\/?s={search_term_string}\"},\"query-input\":{\"@type\":\"PropertyValueSpecification\",\"valueRequired\":true,\"valueName\":\"search_term_string\"}}],\"inLanguage\":\"es\"}]}<\/script>\n<!-- \/ Yoast SEO plugin. -->","yoast_head_json":{"title":"Lesiones Cerebrales | Price Petho &amp; Associates, Personal Injury Attorneys","robots":{"index":"index","follow":"follow","max-snippet":"max-snippet:-1","max-image-preview":"max-image-preview:large","max-video-preview":"max-video-preview:-1"},"canonical":"https:\/\/priceattorneys.com\/es\/lesiones-personales\/lesiones-catastroficas\/lesiones-cerebrales\/","og_locale":"es_ES","og_type":"article","og_title":"Lesiones Cerebrales | Price Petho &amp; Associates, Personal Injury Attorneys","og_description":"Abogados de Lesiones Cerebrales en Charlotte, NC Ayuda compasiva para v\u00edctimas de lesiones cerebrales traum\u00e1ticas en el condado de Mecklenburg Cuando alguien sufre una lesi\u00f3n cerebral traum\u00e1tica, es posible que no se d\u00e9 cuenta de inmediato de los efectos completos de la lesi\u00f3n en la vida diaria. Se sabe que las lesiones cerebrales causan p\u00e9rdida&hellip;","og_url":"https:\/\/priceattorneys.com\/es\/lesiones-personales\/lesiones-catastroficas\/lesiones-cerebrales\/","og_site_name":"Price Petho &amp; Associates, Personal Injury Attorneys","article_modified_time":"2024-03-27T18:41:20+00:00","og_image":[{"url":"https:\/\/priceattorneys.com\/wp-content\/uploads\/2022\/03\/brain1.jpg","type":"","width":"","height":""}],"twitter_card":"summary_large_image","twitter_misc":{"Tiempo de lectura":"8 minutos"},"schema":{"@context":"https:\/\/schema.org","@graph":[{"@type":"WebPage","@id":"https:\/\/priceattorneys.com\/es\/lesiones-personales\/lesiones-catastroficas\/lesiones-cerebrales\/","url":"https:\/\/priceattorneys.com\/es\/lesiones-personales\/lesiones-catastroficas\/lesiones-cerebrales\/","name":"Lesiones Cerebrales | Price Petho &amp; Associates, Personal Injury Attorneys","isPartOf":{"@id":"https:\/\/priceattorneys.com\/es\/#website"},"primaryImageOfPage":{"@id":"https:\/\/priceattorneys.com\/es\/lesiones-personales\/lesiones-catastroficas\/lesiones-cerebrales\/#primaryimage"},"image":{"@id":"https:\/\/priceattorneys.com\/es\/lesiones-personales\/lesiones-catastroficas\/lesiones-cerebrales\/#primaryimage"},"thumbnailUrl":"https:\/\/priceattorneys.com\/wp-content\/uploads\/2022\/03\/brain1.jpg","datePublished":"2020-06-13T12:06:23+00:00","dateModified":"2024-03-27T18:41:20+00:00","breadcrumb":{"@id":"https:\/\/priceattorneys.com\/es\/lesiones-personales\/lesiones-catastroficas\/lesiones-cerebrales\/#breadcrumb"},"inLanguage":"es","potentialAction":[{"@type":"ReadAction","target":["https:\/\/priceattorneys.com\/es\/lesiones-personales\/lesiones-catastroficas\/lesiones-cerebrales\/"]}]},{"@type":"ImageObject","inLanguage":"es","@id":"https:\/\/priceattorneys.com\/es\/lesiones-personales\/lesiones-catastroficas\/lesiones-cerebrales\/#primaryimage","url":"https:\/\/priceattorneys.com\/wp-content\/uploads\/2022\/03\/brain1.jpg","contentUrl":"https:\/\/priceattorneys.com\/wp-content\/uploads\/2022\/03\/brain1.jpg"},{"@type":"BreadcrumbList","@id":"https:\/\/priceattorneys.com\/es\/lesiones-personales\/lesiones-catastroficas\/lesiones-cerebrales\/#breadcrumb","itemListElement":[{"@type":"ListItem","position":1,"name":"Home","item":"https:\/\/priceattorneys.com\/es\/"},{"@type":"ListItem","position":2,"name":"Lesiones Personales","item":"https:\/\/priceattorneys.com\/es\/lesiones-personales\/"},{"@type":"ListItem","position":3,"name":"Lesiones Catastr\u00f3ficas","item":"https:\/\/priceattorneys.com\/es\/lesiones-personales\/lesiones-catastroficas\/"},{"@type":"ListItem","position":4,"name":"Lesiones Cerebrales"}]},{"@type":"WebSite","@id":"https:\/\/priceattorneys.com\/es\/#website","url":"https:\/\/priceattorneys.com\/es\/","name":"Price Petho &amp; Associates, Personal Injury Attorneys","description":"Charlotte Personal Injury Lawyers","potentialAction":[{"@type":"SearchAction","target":{"@type":"EntryPoint","urlTemplate":"https:\/\/priceattorneys.com\/es\/?s={search_term_string}"},"query-input":{"@type":"PropertyValueSpecification","valueRequired":true,"valueName":"search_term_string"}}],"inLanguage":"es"}]}},"_links":{"self":[{"href":"https:\/\/priceattorneys.com\/es\/wp-json\/wp\/v2\/pages\/4985","targetHints":{"allow":["GET"]}}],"collection":[{"href":"https:\/\/priceattorneys.com\/es\/wp-json\/wp\/v2\/pages"}],"about":[{"href":"https:\/\/priceattorneys.com\/es\/wp-json\/wp\/v2\/types\/page"}],"author":[{"embeddable":true,"href":"https:\/\/priceattorneys.com\/es\/wp-json\/wp\/v2\/users\/1"}],"replies":[{"embeddable":true,"href":"https:\/\/priceattorneys.com\/es\/wp-json\/wp\/v2\/comments?post=4985"}],"version-history":[{"count":1,"href":"https:\/\/priceattorneys.com\/es\/wp-json\/wp\/v2\/pages\/4985\/revisions"}],"predecessor-version":[{"id":6957,"href":"https:\/\/priceattorneys.com\/es\/wp-json\/wp\/v2\/pages\/4985\/revisions\/6957"}],"up":[{"embeddable":true,"href":"https:\/\/priceattorneys.com\/es\/wp-json\/wp\/v2\/pages\/4979"}],"wp:attachment":[{"href":"https:\/\/priceattorneys.com\/es\/wp-json\/wp\/v2\/media?parent=4985"}],"curies":[{"name":"wp","href":"https:\/\/api.w.org\/{rel}","templated":true}]}}