{"id":4990,"date":"2020-06-13T06:30:58","date_gmt":"2020-06-13T06:30:58","guid":{"rendered":"https:\/\/priceattorneys.com\/?page_id=4990"},"modified":"2024-05-22T16:19:42","modified_gmt":"2024-05-22T16:19:42","slug":"lesiones-por-quemaduras","status":"publish","type":"page","link":"https:\/\/priceattorneys.com\/es\/lesiones-personales\/lesiones-catastroficas\/lesiones-por-quemaduras\/","title":{"rendered":"Lesiones por Quemaduras"},"content":{"rendered":"\n\n\t\t\t\t<img decoding=\"async\" src=\"https:\/\/priceattorneys.com\/wp-content\/uploads\/2022\/03\/fireman1.jpg\" alt=\"Burn injuries in North Carolina\" itemprop=\"image\" height=\"621\" width=\"1245\" title=\"fireman1\" onerror=\"this.style.display='none'\"  \/>\n\t<h1>Abogados de Lesiones por Quemaduras en Charlotte, NC<\/h1>\n<h2>Ayuda legal para las personas lesionadas en incendios y explosiones en el condado de Mecklenburg<\/h2>\n<p>Ya sea que una lesi\u00f3n por quemadura sea una quemadura qu\u00edmica, una quemadura el\u00e9ctrica o una quemadura causada por fuego o escaldaduras, la lesi\u00f3n resultante puede afectar la vida de una persona de diversas maneras. Los costos mentales y f\u00edsicos de recuperarse de una quemadura pueden parecer abrumadores, ya que estas lesiones pueden dejar a las v\u00edctimas sufriendo un dolor tremendo y cicatrices y desfiguraci\u00f3n significativas.<\/p>\n<p>Cuando una lesi\u00f3n no es su culpa, la compensaci\u00f3n adecuada es fundamental para ayudar a pagar las facturas m\u00e9dicas, la fisioterapia y el asesoramiento que pueda necesitar para recuperarse del trauma de la lesi\u00f3n. Si usted o un ser querido ha sufrido una lesi\u00f3n por quemadura causada por las acciones negligentes o descuidadas de alguien, los abogados de Price, Petho &amp; Asociados en Charlotte est\u00e1n listos para ayudarlo. Hable hoy con nuestro experimentado equipo legal para obtener la orientaci\u00f3n y la compensaci\u00f3n a las que tiene derecho.<\/p>\n\t<h2>\u00bfQu\u00e9 le gustar\u00eda saber?<\/h2>\n\t<ul>\n<li><a href=\"#FAQ1\">\u00bfCu\u00e1les son los tipos y grados de lesiones por quemaduras?<\/a><\/li>\n<li><a href=\"#FAQ2\">\u00bfCu\u00e1les son algunas de las causas de las lesiones por quemaduras de Charlotte?<\/a><\/li>\n<li><a href=\"#FAQ3\">\u00bfCu\u00e1les son los efectos a largo plazo de las lesiones por quemaduras?<\/a><\/li>\n<li><a href=\"#FAQ4\">\u00bfCu\u00e1l es el valor de mi reclamo por lesiones por quemaduras en Charlotte?<\/a><\/li>\n<\/ul>\n\t<ul>\n<li><a href=\"#FAQ5\">\u00bfCu\u00e1nto tiempo tengo para presentar mi caso de lesiones por quemaduras en Charlotte?<\/a><\/li>\n<li><a href=\"#FAQ6\">\u00bfHay un abogado de lesiones por quemaduras cerca de m\u00ed?<\/a><\/li>\n<\/ul>\n\t\t\t\t<img decoding=\"async\" src=\"https:\/\/priceattorneys.com\/wp-content\/uploads\/2022\/03\/burn1.jpg\" alt=\"Burn injury lawyer Charlotte\" itemprop=\"image\" height=\"1211\" width=\"807\" title=\"burn1\" onerror=\"this.style.display='none'\"  \/>\n\t<h2>\u00bfCu\u00e1les son los grados y tipos de lesiones por quemaduras?<\/h2>\n<p>Debido a la naturaleza de las quemaduras, es importante comprender tanto el grado como el tipo de lesi\u00f3n sufrida. Los diferentes tipos de lesiones por quemaduras requieren diferentes tipos de tratamiento, y las personas con quemaduras graves pueden enfrentar un largo camino hacia la recuperaci\u00f3n. Los profesionales m\u00e9dicos clasifican las lesiones por quemaduras de la siguiente manera, de menos grave a m\u00e1s grave:<\/p>\n<ul>\n<li><strong>Quemaduras de primer grado<\/strong>. Al afectar solo la capa m\u00e1s externa de la piel (la epidermis), una quemadura de primer grado generalmente se cura por s\u00ed sola. Un ejemplo com\u00fan es una quemadura solar. Las quemaduras de primer grado dejan la piel roja y dolorosa, pero sin ampollas.<\/li>\n<li><strong>Quemaduras de segundo grado<\/strong>. Una quemadura de segundo grado afecta la epidermis y la dermis, que es la capa que se encuentra debajo. La piel se hincha, se enrojece y se ampolla.<\/li>\n<li><strong>Quemaduras de tercer grado<\/strong>. Estas quemaduras atraviesan las dos primeras capas de piel y tambi\u00e9n afectan el tejido subcut\u00e1neo que se encuentra debajo. El \u00e1rea puede aparecer blanca o ennegrecida, y es posible que la v\u00edctima no sienta dolor, ya que la lesi\u00f3n puede destruir las terminaciones nerviosas.<\/li>\n<li><strong>Quemaduras de cuarto grado<\/strong>. Las quemaduras de cuarto grado son graves y catastr\u00f3ficas y afectan todas las capas de la piel, los nervios y los m\u00fasculos. Estas lesiones a menudo conducen a una discapacidad permanente o a la muerte.<\/li>\n<\/ul>\n<p>Aunque las lesiones por quemaduras a menudo ocurren debido a incendios, tambi\u00e9n ocurren por otros tipos de incidentes y accidentes. Los tipos comunes de lesiones por quemaduras incluyen:<\/p>\n<ul>\n<li><strong>Quemaduras t\u00e9rmicas<\/strong>, que sucede cuando una persona entra en contacto con algo caliente, incluidas llamas, l\u00edquidos hirviendo, vapor, metal caliente y otros materiales de alta temperatura.<\/li>\n<li><strong>Quemaduras por fricci\u00f3n<\/strong>, a menudo sostenido en accidentes de moto (tambi\u00e9n llamado \u00aberupci\u00f3n de la carretera\u00bb). Una quemadura por fricci\u00f3n es como una combinaci\u00f3n de una abrasi\u00f3n y una quemadura t\u00e9rmica y puede ser extremadamente dolorosa y provocar cicatrices e infecciones.<\/li>\n<li><strong>Quemaduras por radiaci\u00f3n<\/strong>, incluidas las quemaduras por rayos X, ciertos tratamientos contra el c\u00e1ncer y las quemaduras solares graves.<\/li>\n<li><strong>Quemaduras qu\u00edmicas<\/strong>, causada por agentes corrosivos o t\u00f3xicos como solventes, \u00e1cidos, limpiadores y otras sustancias peligrosas.<\/li>\n<li><strong>Quemaduras el\u00e9ctricas<\/strong>, que puede ocurrir por contacto accidental con una corriente el\u00e9ctrica activa.<\/li>\n<li><strong>Quemaduras por fr\u00edo<\/strong>, como los causados \u200b\u200bpor la congelaci\u00f3n.<\/li>\n<\/ul>\n<p>Las lesiones por quemaduras pueden causar que una persona sufra dolor y una discapacidad f\u00edsica duradera. Los abogados de Charlotte en Price, Petho &amp; Asociados inician una investigaci\u00f3n completa de su accidente y lesi\u00f3n para garantizar que las personas adecuadas rindan cuentas.<\/p>\n\t<h2>\u00bfCu\u00e1les son algunas de las causas de las lesiones por quemaduras de Charlotte?<\/h2>\n<p>Las lesiones por quemaduras pueden ocurrir de varias maneras, pero nuestros abogados ven los siguientes tipos de incidentes y accidentes con mayor frecuencia:<\/p>\n<ul>\n<li><strong>Accidentes de veh\u00edculos de motor<\/strong>. En un accidente automovil\u00edstico o de cami\u00f3n, el gas del veh\u00edculo puede encenderse y provocar que se incendie y potencialmente queme a los pasajeros o al personal de rescate. La Asociaci\u00f3n Nacional de Protecci\u00f3n contra Incendios informa que, en 2018, <a href=\"https:\/\/www.nfpa.org\/education-and-research\/research\/nfpa-research\/fire-statistical-reports\/vehicle-fires\" target=\"_blank\" rel=\"noopener\">500 incendios de veh\u00edculos<\/a> caus\u00f3 560 muertes de civiles.<\/li>\n<li><strong>Accidentes de trabajo<\/strong>. Los trabajadores de ciertas industrias tambi\u00e9n corren un mayor riesgo de lesiones por quemaduras, incluidos los del servicio de alimentos, la industria y la fabricaci\u00f3n, los bomberos y los socorristas, y la construcci\u00f3n.<\/li>\n<li><strong>Explosiones e incendios<\/strong>. Incendios de casas Muertos 500 estadounidenses en 2020 e hiri\u00f3 a otros 15.200. Las explosiones de gas son otro peligro, especialmente alrededor de gasoductos y oleoductos. \u00c9l <a href=\"https:\/\/sr2448.colonialresponse.com\/\" target=\"_blank\" rel=\"noopener\">Oleoducto Colonial<\/a>, por ejemplo, atraviesa Carolina del Norte y experiment\u00f3 una ruptura grave en 2021.<\/li>\n<li><strong>Productos defectuosos<\/strong>. Los productos defectuosos y dise\u00f1ados peligrosamente pueden incendiarse o sobrecalentarse inesperadamente, causando lesiones al consumidor. Los productos comunes que causan lesiones por quemaduras incluyen calefactores, cafeteras, limpiadores o productos para el cuidado de la piel.<\/li>\n<\/ul>\n<p>A menudo, el equipo de Price, Petho &amp; Asociados descubre que la lesi\u00f3n por quemadura de una persona fue causada por acciones descuidadas o negligentes de otra persona, empresa o entidad. Trabajamos para responsabilizar a estas partes y garantizar que obtenga una compensaci\u00f3n por sus lesiones y p\u00e9rdidas.<\/p>\n\t<h2>\u00bfCu\u00e1les son los efectos a largo plazo de las lesiones por quemaduras?<\/h2>\n<p>Incluso despu\u00e9s del tratamiento de la lesi\u00f3n inicial, una quemadura grave puede tener consecuencias que alteran la vida. Los efectos a largo plazo y las complicaciones de una lesi\u00f3n por quemadura pueden afectar al paciente tanto f\u00edsica como mentalmente. Con mucho, el mayor riesgo de una quemadura grave es la infecci\u00f3n. Mount Sinai Hospital informa que m\u00e1s de <a href=\"https:\/\/www.mountsinai.org\/health-library\/condition\/burns\" target=\"_blank\" rel=\"noopener\">10,000 estadounidenses<\/a> mueren cada a\u00f1o por infecciones relacionadas con quemaduras. Otras posibles complicaciones incluyen:<\/p>\n<ul>\n<li>Cicatrizaci\u00f3n permanente y desfiguraci\u00f3n.<\/li>\n<li>Sistema inmunol\u00f3gico comprometido<\/li>\n<li>Paro cardiopulmonar<\/li>\n<li>Mayor riesgo de c\u00e1ncer en el sitio de la quemadura<\/li>\n<li>Problemas respiratorios (por inhalaci\u00f3n de humo)<\/li>\n<li>Tensi\u00f3n de los m\u00fasculos, la piel y los tejidos (contractura)<\/li>\n<li>Trastorno de estr\u00e9s postraum\u00e1tico, ansiedad o depresi\u00f3n<\/li>\n<\/ul>\n<p>Nuestros abogados de Charlotte trabajan con su equipo m\u00e9dico para determinar el verdadero alcance de sus lesiones, abogando por sus mejores intereses en cada paso del camino.<\/p>\n\t\t\t\t<img decoding=\"async\" src=\"https:\/\/priceattorneys.com\/wp-content\/uploads\/2022\/03\/fire2.jpg\" alt=\"Burn injury lawyer Charlotte\" itemprop=\"image\" height=\"499\" width=\"770\" title=\"fire2\" onerror=\"this.style.display='none'\"  \/>\n\t<h2>\u00bfCu\u00e1l es el valor de mi reclamo por lesiones por quemaduras en Charlotte?<\/h2>\n<p>Los abogados de Price, Petho &amp; Asociados quieren ayudarlo a obtener una compensaci\u00f3n de la persona o partes responsables de su lesi\u00f3n por quemadura. Trabajamos para ayudar a nuestros clientes a recuperar lo siguiente despu\u00e9s de un evento severo y lesiones catastr\u00f3ficas:<\/p>\n<ul>\n<li>Cobertura completa de sus facturas m\u00e9dicas<\/li>\n<li>P\u00e9rdida de ingresos si no puede trabajar debido a sus lesiones<\/li>\n<li>Gastos de bolsillo relacionados con sus lesiones<\/li>\n<li>Cobertura para fisioterapia y rehabilitaci\u00f3n.<\/li>\n<li>Da\u00f1os por dolor y sufrimiento<\/li>\n<li>P\u00e9rdida del disfrute de la vida da\u00f1os<\/li>\n<\/ul>\n<p>El monto de su recuperaci\u00f3n financiera depende de sus circunstancias personales y espec\u00edficas; sin embargo, trabajamos con profesionales m\u00e9dicos, expertos en rehabilitaci\u00f3n, planificadores de cuidado de la vida y expertos financieros para comprender el efecto total de sus quemaduras y cicatrices.<\/p>\n\t<h2>\u00bfCu\u00e1nto tiempo tengo para presentar mi caso de lesiones por quemaduras en Charlotte?<\/h2>\n<p>Si sufri\u00f3 una lesi\u00f3n por quemadura debido a la negligencia de otra persona, tiene un tiempo limitado para presentar un reclamo legal contra la parte responsable. \u00a0La lesiones personales El estatuto de limitaciones en Carolina del Norte es de tres a\u00f1os a partir de la fecha en que ocurri\u00f3 la lesi\u00f3n. Si no presenta su reclamo dentro de este per\u00edodo, es probable que no sea elegible para recuperar los da\u00f1os, por lo que es crucial hablar con un abogado lo antes posible despu\u00e9s de su lesi\u00f3n. Esto le permite a nuestro equipo legal comenzar a recopilar evidencia, enviar la documentaci\u00f3n adecuada y construir su caso de inmediato.<\/p>\n\t<h2>\u00bfHay un abogado de lesiones por quemaduras cerca de m\u00ed?<\/h2>\n<p>La oficina principal de Price, Petho &amp; Asociados est\u00e1 ubicada en 1430 Elizabeth Ave. en Charlotte, NC. Tambi\u00e9n mantenemos oficinas en el condado de Richmond y el condado de Rutherford, lo que permite que la firma atienda a clientes en todo el estado. Si est\u00e1 demasiado lesionado para acudir a nosotros, hacemos visitas a domicilio y al hospital.<\/p>\n<h3>Abogados con experiencia en lesiones por quemaduras en Charlotte<\/h3>\n<p>Despu\u00e9s de una lesi\u00f3n por quemadura catastr\u00f3fica, necesita asistencia legal seria. Los abogados de Price, Petho &amp; Asociados han estado sirviendo a la gente de Charlotte durante casi 40 a\u00f1os, operando bajo la filosof\u00eda de brindar una representaci\u00f3n de la m\u00e1s alta calidad en lugar de enfocarse en el crecimiento del negocio. Somos los abogados en los que conf\u00edan sus amigos y vecinos; cont\u00e1ctenos hoy para averiguar c\u00f3mo podemos ayudarlo con su caso. Llamar <a href=\"tel:704-372-2160\">704-372-2160<\/a> o llena nuestro Formulario de contacto. Servimos a clientes en todo Charlotte, Rockingham,Rutherfordton, Carolina del Norte y Carolina del Sur.<\/p>\n\n","protected":false},"excerpt":{"rendered":"<p>Abogados de Lesiones por Quemaduras en Charlotte, NC Ayuda legal para las personas lesionadas en incendios y explosiones en el condado de Mecklenburg Ya sea que una lesi\u00f3n por quemadura sea una quemadura qu\u00edmica, una quemadura el\u00e9ctrica o una quemadura causada por fuego o escaldaduras, la lesi\u00f3n resultante puede afectar la vida de una persona&hellip;<\/p>\n","protected":false},"author":1,"featured_media":0,"parent":4979,"menu_order":0,"comment_status":"closed","ping_status":"closed","template":"","meta":{"footnotes":""},"class_list":["post-4990","page","type-page","status-publish","hentry"],"yoast_head":"<!-- This site is optimized with the Yoast SEO plugin v27.3 - https:\/\/yoast.com\/product\/yoast-seo-wordpress\/ -->\n<title>Lesiones por Quemaduras | Price Petho &amp; Associates, Personal Injury Attorneys<\/title>\n<meta name=\"robots\" content=\"index, follow, max-snippet:-1, max-image-preview:large, max-video-preview:-1\" \/>\n<link rel=\"canonical\" href=\"https:\/\/priceattorneys.com\/es\/lesiones-personales\/lesiones-catastroficas\/lesiones-por-quemaduras\/\" \/>\n<meta property=\"og:locale\" content=\"es_ES\" \/>\n<meta property=\"og:type\" content=\"article\" \/>\n<meta property=\"og:title\" content=\"Lesiones por Quemaduras | Price Petho &amp; Associates, Personal Injury Attorneys\" \/>\n<meta property=\"og:description\" content=\"Abogados de Lesiones por Quemaduras en Charlotte, NC Ayuda legal para las personas lesionadas en incendios y explosiones en el condado de Mecklenburg Ya sea que una lesi\u00f3n por quemadura sea una quemadura qu\u00edmica, una quemadura el\u00e9ctrica o una quemadura causada por fuego o escaldaduras, la lesi\u00f3n resultante puede afectar la vida de una persona&hellip;\" \/>\n<meta property=\"og:url\" content=\"https:\/\/priceattorneys.com\/es\/lesiones-personales\/lesiones-catastroficas\/lesiones-por-quemaduras\/\" \/>\n<meta property=\"og:site_name\" content=\"Price Petho &amp; Associates, Personal Injury Attorneys\" \/>\n<meta property=\"article:modified_time\" content=\"2024-05-22T16:19:42+00:00\" \/>\n<meta property=\"og:image\" content=\"https:\/\/priceattorneys.com\/wp-content\/uploads\/2022\/03\/fireman1.jpg\" \/>\n<meta name=\"twitter:card\" content=\"summary_large_image\" \/>\n<meta name=\"twitter:label1\" content=\"Tiempo de lectura\" \/>\n\t<meta name=\"twitter:data1\" content=\"8 minutos\" \/>\n<script type=\"application\/ld+json\" class=\"yoast-schema-graph\">{\"@context\":\"https:\\\/\\\/schema.org\",\"@graph\":[{\"@type\":\"WebPage\",\"@id\":\"https:\\\/\\\/priceattorneys.com\\\/es\\\/lesiones-personales\\\/lesiones-catastroficas\\\/lesiones-por-quemaduras\\\/\",\"url\":\"https:\\\/\\\/priceattorneys.com\\\/es\\\/lesiones-personales\\\/lesiones-catastroficas\\\/lesiones-por-quemaduras\\\/\",\"name\":\"Lesiones por Quemaduras | Price Petho &amp; Associates, Personal Injury Attorneys\",\"isPartOf\":{\"@id\":\"https:\\\/\\\/priceattorneys.com\\\/es\\\/#website\"},\"primaryImageOfPage\":{\"@id\":\"https:\\\/\\\/priceattorneys.com\\\/es\\\/lesiones-personales\\\/lesiones-catastroficas\\\/lesiones-por-quemaduras\\\/#primaryimage\"},\"image\":{\"@id\":\"https:\\\/\\\/priceattorneys.com\\\/es\\\/lesiones-personales\\\/lesiones-catastroficas\\\/lesiones-por-quemaduras\\\/#primaryimage\"},\"thumbnailUrl\":\"https:\\\/\\\/priceattorneys.com\\\/wp-content\\\/uploads\\\/2022\\\/03\\\/fireman1.jpg\",\"datePublished\":\"2020-06-13T06:30:58+00:00\",\"dateModified\":\"2024-05-22T16:19:42+00:00\",\"breadcrumb\":{\"@id\":\"https:\\\/\\\/priceattorneys.com\\\/es\\\/lesiones-personales\\\/lesiones-catastroficas\\\/lesiones-por-quemaduras\\\/#breadcrumb\"},\"inLanguage\":\"es\",\"potentialAction\":[{\"@type\":\"ReadAction\",\"target\":[\"https:\\\/\\\/priceattorneys.com\\\/es\\\/lesiones-personales\\\/lesiones-catastroficas\\\/lesiones-por-quemaduras\\\/\"]}]},{\"@type\":\"ImageObject\",\"inLanguage\":\"es\",\"@id\":\"https:\\\/\\\/priceattorneys.com\\\/es\\\/lesiones-personales\\\/lesiones-catastroficas\\\/lesiones-por-quemaduras\\\/#primaryimage\",\"url\":\"https:\\\/\\\/priceattorneys.com\\\/wp-content\\\/uploads\\\/2022\\\/03\\\/fireman1.jpg\",\"contentUrl\":\"https:\\\/\\\/priceattorneys.com\\\/wp-content\\\/uploads\\\/2022\\\/03\\\/fireman1.jpg\"},{\"@type\":\"BreadcrumbList\",\"@id\":\"https:\\\/\\\/priceattorneys.com\\\/es\\\/lesiones-personales\\\/lesiones-catastroficas\\\/lesiones-por-quemaduras\\\/#breadcrumb\",\"itemListElement\":[{\"@type\":\"ListItem\",\"position\":1,\"name\":\"Home\",\"item\":\"https:\\\/\\\/priceattorneys.com\\\/es\\\/\"},{\"@type\":\"ListItem\",\"position\":2,\"name\":\"Lesiones Personales\",\"item\":\"https:\\\/\\\/priceattorneys.com\\\/es\\\/lesiones-personales\\\/\"},{\"@type\":\"ListItem\",\"position\":3,\"name\":\"Lesiones Catastr\u00f3ficas\",\"item\":\"https:\\\/\\\/priceattorneys.com\\\/es\\\/lesiones-personales\\\/lesiones-catastroficas\\\/\"},{\"@type\":\"ListItem\",\"position\":4,\"name\":\"Lesiones por Quemaduras\"}]},{\"@type\":\"WebSite\",\"@id\":\"https:\\\/\\\/priceattorneys.com\\\/es\\\/#website\",\"url\":\"https:\\\/\\\/priceattorneys.com\\\/es\\\/\",\"name\":\"Price Petho &amp; Associates, Personal Injury Attorneys\",\"description\":\"Charlotte Personal Injury Lawyers\",\"potentialAction\":[{\"@type\":\"SearchAction\",\"target\":{\"@type\":\"EntryPoint\",\"urlTemplate\":\"https:\\\/\\\/priceattorneys.com\\\/es\\\/?s={search_term_string}\"},\"query-input\":{\"@type\":\"PropertyValueSpecification\",\"valueRequired\":true,\"valueName\":\"search_term_string\"}}],\"inLanguage\":\"es\"}]}<\/script>\n<!-- \/ Yoast SEO plugin. -->","yoast_head_json":{"title":"Lesiones por Quemaduras | Price Petho &amp; Associates, Personal Injury Attorneys","robots":{"index":"index","follow":"follow","max-snippet":"max-snippet:-1","max-image-preview":"max-image-preview:large","max-video-preview":"max-video-preview:-1"},"canonical":"https:\/\/priceattorneys.com\/es\/lesiones-personales\/lesiones-catastroficas\/lesiones-por-quemaduras\/","og_locale":"es_ES","og_type":"article","og_title":"Lesiones por Quemaduras | Price Petho &amp; Associates, Personal Injury Attorneys","og_description":"Abogados de Lesiones por Quemaduras en Charlotte, NC Ayuda legal para las personas lesionadas en incendios y explosiones en el condado de Mecklenburg Ya sea que una lesi\u00f3n por quemadura sea una quemadura qu\u00edmica, una quemadura el\u00e9ctrica o una quemadura causada por fuego o escaldaduras, la lesi\u00f3n resultante puede afectar la vida de una persona&hellip;","og_url":"https:\/\/priceattorneys.com\/es\/lesiones-personales\/lesiones-catastroficas\/lesiones-por-quemaduras\/","og_site_name":"Price Petho &amp; Associates, Personal Injury Attorneys","article_modified_time":"2024-05-22T16:19:42+00:00","og_image":[{"url":"https:\/\/priceattorneys.com\/wp-content\/uploads\/2022\/03\/fireman1.jpg","type":"","width":"","height":""}],"twitter_card":"summary_large_image","twitter_misc":{"Tiempo de lectura":"8 minutos"},"schema":{"@context":"https:\/\/schema.org","@graph":[{"@type":"WebPage","@id":"https:\/\/priceattorneys.com\/es\/lesiones-personales\/lesiones-catastroficas\/lesiones-por-quemaduras\/","url":"https:\/\/priceattorneys.com\/es\/lesiones-personales\/lesiones-catastroficas\/lesiones-por-quemaduras\/","name":"Lesiones por Quemaduras | Price Petho &amp; Associates, Personal Injury Attorneys","isPartOf":{"@id":"https:\/\/priceattorneys.com\/es\/#website"},"primaryImageOfPage":{"@id":"https:\/\/priceattorneys.com\/es\/lesiones-personales\/lesiones-catastroficas\/lesiones-por-quemaduras\/#primaryimage"},"image":{"@id":"https:\/\/priceattorneys.com\/es\/lesiones-personales\/lesiones-catastroficas\/lesiones-por-quemaduras\/#primaryimage"},"thumbnailUrl":"https:\/\/priceattorneys.com\/wp-content\/uploads\/2022\/03\/fireman1.jpg","datePublished":"2020-06-13T06:30:58+00:00","dateModified":"2024-05-22T16:19:42+00:00","breadcrumb":{"@id":"https:\/\/priceattorneys.com\/es\/lesiones-personales\/lesiones-catastroficas\/lesiones-por-quemaduras\/#breadcrumb"},"inLanguage":"es","potentialAction":[{"@type":"ReadAction","target":["https:\/\/priceattorneys.com\/es\/lesiones-personales\/lesiones-catastroficas\/lesiones-por-quemaduras\/"]}]},{"@type":"ImageObject","inLanguage":"es","@id":"https:\/\/priceattorneys.com\/es\/lesiones-personales\/lesiones-catastroficas\/lesiones-por-quemaduras\/#primaryimage","url":"https:\/\/priceattorneys.com\/wp-content\/uploads\/2022\/03\/fireman1.jpg","contentUrl":"https:\/\/priceattorneys.com\/wp-content\/uploads\/2022\/03\/fireman1.jpg"},{"@type":"BreadcrumbList","@id":"https:\/\/priceattorneys.com\/es\/lesiones-personales\/lesiones-catastroficas\/lesiones-por-quemaduras\/#breadcrumb","itemListElement":[{"@type":"ListItem","position":1,"name":"Home","item":"https:\/\/priceattorneys.com\/es\/"},{"@type":"ListItem","position":2,"name":"Lesiones Personales","item":"https:\/\/priceattorneys.com\/es\/lesiones-personales\/"},{"@type":"ListItem","position":3,"name":"Lesiones Catastr\u00f3ficas","item":"https:\/\/priceattorneys.com\/es\/lesiones-personales\/lesiones-catastroficas\/"},{"@type":"ListItem","position":4,"name":"Lesiones por Quemaduras"}]},{"@type":"WebSite","@id":"https:\/\/priceattorneys.com\/es\/#website","url":"https:\/\/priceattorneys.com\/es\/","name":"Price Petho &amp; Associates, Personal Injury Attorneys","description":"Charlotte Personal Injury Lawyers","potentialAction":[{"@type":"SearchAction","target":{"@type":"EntryPoint","urlTemplate":"https:\/\/priceattorneys.com\/es\/?s={search_term_string}"},"query-input":{"@type":"PropertyValueSpecification","valueRequired":true,"valueName":"search_term_string"}}],"inLanguage":"es"}]}},"_links":{"self":[{"href":"https:\/\/priceattorneys.com\/es\/wp-json\/wp\/v2\/pages\/4990","targetHints":{"allow":["GET"]}}],"collection":[{"href":"https:\/\/priceattorneys.com\/es\/wp-json\/wp\/v2\/pages"}],"about":[{"href":"https:\/\/priceattorneys.com\/es\/wp-json\/wp\/v2\/types\/page"}],"author":[{"embeddable":true,"href":"https:\/\/priceattorneys.com\/es\/wp-json\/wp\/v2\/users\/1"}],"replies":[{"embeddable":true,"href":"https:\/\/priceattorneys.com\/es\/wp-json\/wp\/v2\/comments?post=4990"}],"version-history":[{"count":2,"href":"https:\/\/priceattorneys.com\/es\/wp-json\/wp\/v2\/pages\/4990\/revisions"}],"predecessor-version":[{"id":7082,"href":"https:\/\/priceattorneys.com\/es\/wp-json\/wp\/v2\/pages\/4990\/revisions\/7082"}],"up":[{"embeddable":true,"href":"https:\/\/priceattorneys.com\/es\/wp-json\/wp\/v2\/pages\/4979"}],"wp:attachment":[{"href":"https:\/\/priceattorneys.com\/es\/wp-json\/wp\/v2\/media?parent=4990"}],"curies":[{"name":"wp","href":"https:\/\/api.w.org\/{rel}","templated":true}]}}