{"id":5001,"date":"2020-06-13T06:09:04","date_gmt":"2020-06-13T06:09:04","guid":{"rendered":"https:\/\/priceattorneys.com\/?page_id=5001"},"modified":"2023-01-26T20:07:09","modified_gmt":"2023-01-26T20:07:09","slug":"lesiones-de-la-medula-espinal","status":"publish","type":"page","link":"https:\/\/priceattorneys.com\/es\/lesiones-personales\/lesiones-catastroficas\/lesiones-de-la-medula-espinal\/","title":{"rendered":"Lesiones de la M\u00e9dula Espinal"},"content":{"rendered":"\n\n\t\t\t\t<img decoding=\"async\" src=\"https:\/\/priceattorneys.com\/wp-content\/uploads\/2022\/03\/spinal2.jpg\" alt=\"spinal2\" itemprop=\"image\" height=\"621\" width=\"1245\" title=\"spinal2\" onerror=\"this.style.display='none'\"  \/>\n\t<h1>Abogados de lesiones de la m\u00e9dula espinal en Charlotte, NC<\/h1>\n<h2>Representaci\u00f3n para v\u00edctimas de lesiones de la m\u00e9dula espinal y par\u00e1lisis en el condado de Mecklenburg<\/h2>\n<p>Las lesiones de la columna vertebral y la m\u00e9dula espinal vienen en muchos tipos, incluidos discos herniados, v\u00e9rtebras fracturadas, par\u00e1lisis parcial y total, y m\u00e1s. Tienen el potencial de ser graves, permanentes e incapacitantes. Debido a la gravedad de las lesiones de la m\u00e9dula espinal, a menudo requieren atenci\u00f3n m\u00e9dica a largo plazo y dispositivos de asistencia. Cuando esta lesi\u00f3n ocurre por la negligencia o el da\u00f1o de otra persona, es esencial responsabilizarlos.<\/p>\n<p>En <a href=\"https:\/\/priceattorneys.com\/about-us\/\">Price, Petho y Asociados<\/a>, nuestro primer paso para ayudar a construir un caso para nuestros clientes es trabajar con expertos para comprender la naturaleza de su lesi\u00f3n de la m\u00e9dula espinal. Con informaci\u00f3n detallada sobre c\u00f3mo una lesi\u00f3n afectar\u00e1 la vida de alguien ahora y en el futuro, nuestros abogados de Charlotte pueden construir el caso m\u00e1s s\u00f3lido posible para ayudar a los clientes a obtener el monto total de la compensaci\u00f3n a la que tienen derecho.<\/p>\n\t<h2>\u00bfQu\u00e9 le gustar\u00eda saber?<\/h2>\n\t<ul>\n<li><a href=\"#FAQ1\">\u00bfQu\u00e9 es una lesi\u00f3n de la m\u00e9dula espinal?<\/a><\/li>\n<li><a href=\"#FAQ2\">\u00bfCu\u00e1les son los diferentes tipos de lesiones de la m\u00e9dula espinal?<\/a><\/li>\n<li><a href=\"#FAQ3\">\u00bfCu\u00e1les son las causas comunes de las lesiones de la m\u00e9dula espinal de Charlotte?<\/a><\/li>\n<li><a href=\"#FAQ4\">\u00bfCu\u00e1les son los efectos a largo plazo de una lesi\u00f3n de la m\u00e9dula espinal?<\/a><\/li>\n<\/ul>\n\t<ul>\n<li><a href=\"#FAQ5\">\u00bfQui\u00e9n es responsable de mi lesi\u00f3n de la m\u00e9dula espinal en Charlotte?<\/a><\/li>\n<li><a href=\"#FAQ6\">\u00bfCu\u00e1l es el valor de mi reclamo por lesi\u00f3n de la m\u00e9dula espinal en Charlotte?<\/a><\/li>\n<li><a href=\"#FAQ7\">\u00bfHay un abogado de lesiones de la m\u00e9dula espinal cerca de m\u00ed?<\/a><\/li>\n<\/ul>\n\t<h2>\u00bfQu\u00e9 es una lesi\u00f3n de la m\u00e9dula espinal?<\/h2>\n<p>Una lesi\u00f3n de la m\u00e9dula espinal (tambi\u00e9n llamada LME) es un alesi\u00f3n catastr\u00f3fica afectando una de las partes m\u00e1s importantes del cuerpo. Nuestras m\u00e9dulas espinales transmiten informaci\u00f3n nerviosa de un lado a otro del cerebro, controlando casi todas las funciones que realiza nuestro cuerpo. \u00c9l Centro Nacional de Estad\u00edsticas de Lesiones de la M\u00e9dula Espinal (NSCIS) informa que alrededor de 296,000 estadounidenses viven con LME.<\/p>\n\t<h2>\u00bfCu\u00e1les son los diferentes tipos de lesiones de la m\u00e9dula espinal?<\/h2>\n<p>Los profesionales m\u00e9dicos se refieren a las lesiones de la m\u00e9dula espinal como \u00abcompletas\u00bb o \u00abincompletas\u00bb, siendo una LME completa la m\u00e1s grave:<\/p>\n<ul>\n<li>Una SCI completa significa que se pierde toda la funci\u00f3n sensorial y motora debajo del sitio de la lesi\u00f3n.<\/li>\n<li>Una LME incompleta significa que el paciente conserva alguna funci\u00f3n sensorial y motora por debajo del sitio de la lesi\u00f3n.<\/li>\n<\/ul>\n<p>Cuando un paciente con SCI sufre par\u00e1lisis por sus lesiones, puede experimentar uno de dos tipos:<\/p>\n<ul>\n<li><strong>Paraplej\u00eda<\/strong>, lo que significa que parte o todo el tronco, la pelvis y las piernas est\u00e1n afectados.<\/li>\n<li><strong>Tetraplejia<\/strong>, tambi\u00e9n llamada cuadriplejia, lo que significa que los brazos, las manos, el tronco, la pelvis y las piernas est\u00e1n afectados.<\/li>\n<\/ul>\n<p>A menudo, las lesiones de la m\u00e9dula espinal ocurren por accidentes traum\u00e1ticos, generalmente causados \u200b\u200bpor negligencia o imprudencia.<\/p>\n\t<h2>\u00bfCu\u00e1les son las causas comunes de las lesiones de la m\u00e9dula espinal de Charlotte?<\/h2>\n<p>El NCISC informa las siguientes causas principales de lesiones de la m\u00e9dula espinal en los Estados Unidos:<\/p>\n<ul>\n<li><strong>Accidentes de veh\u00edculos de motor<\/strong>. Accidentes automovil\u00edsticos yaccidentes de moto representan m\u00e1s del 38% de las LME anualmente.<\/li>\n<li><strong>Resbalones y ca\u00eddas<\/strong>. Muchas lesiones de la m\u00e9dula espinal, especialmente en personas de la tercera edad, ocurren por ca\u00eddas.<\/li>\n<li><strong>Violencia<\/strong>. Alrededor del 14 % de las LME se producen por actos de violencia, como disparos o apu\u00f1alamientos.<\/li>\n<li><strong>Lesiones deportivas<\/strong>. Los deportes de alto impacto, como montar a caballo o ser animadora, tienen el potencial de causar lesiones en la m\u00e9dula espinal.<\/li>\n<li><strong>Condiciones m\u00e9dicas<\/strong>. Ciertos problemas m\u00e9dicos como el c\u00e1ncer o las infecciones pueden causar SCI, especialmente cuando negligencia m\u00e9dica esta involucrado.<\/li>\n<\/ul>\n<p>Nuestro equipo legal investiga c\u00f3mo sufri\u00f3 su lesi\u00f3n y exactamente qui\u00e9n debe ser responsable de lo sucedido.<\/p>\n\t\t\t\t<img decoding=\"async\" src=\"https:\/\/priceattorneys.com\/wp-content\/uploads\/2022\/03\/spinal1.jpg\" alt=\"spinal1\" itemprop=\"image\" height=\"499\" width=\"770\" title=\"spinal1\" onerror=\"this.style.display='none'\"  \/>\n\t<h2>\u00bfCu\u00e1les son los efectos a largo plazo de una lesi\u00f3n de la m\u00e9dula espinal?<\/h2>\n<p>Debido a que una lesi\u00f3n de la m\u00e9dula espinal es irreversible, el paciente debe vivir para siempre con los efectos de la lesi\u00f3n. Estos pueden cambiar todos los aspectos de la vida de una persona, afectando potencialmente su capacidad para funcionar de forma independiente. Algunos de estos efectos incluyen:<\/p>\n<ul>\n<li>P\u00e9rdida de sensibilidad y sensibilidad.<\/li>\n<li>P\u00e9rdida de la capacidad de mover las extremidades.<\/li>\n<li>Respiraci\u00f3n y problemas respiratorios<\/li>\n<li>P\u00e9rdida del control de la vejiga y el intestino<\/li>\n<li>Cambios o p\u00e9rdida de la funci\u00f3n sexual<\/li>\n<li>Espasmos musculares y reflejos<\/li>\n<li>Dolor cr\u00f3nico<\/li>\n<\/ul>\n<p>El NCISC informa que, a lo largo de su vida, una persona con una SCI puede requerir m\u00e1s de cinco millones de d\u00f3lares en gastos m\u00e9dicos por su lesi\u00f3n: el <a href=\"https:\/\/priceattorneys.com\/personal-injury\/catastrophic-injuries\/spinal-cord-injury\/\">costes reales de una LME<\/a> puede variar con cada paciente. Es imperativo trabajar con abogados experimentados para garantizar que obtenga una compensaci\u00f3n adecuada por sus lesiones y p\u00e9rdidas.<\/p>\n\t<h2>\u00bfQui\u00e9n es responsable de mi lesi\u00f3n de la m\u00e9dula espinal en Charlotte?<\/h2>\n<p>Cualquier persona o parte cuya negligencia, imprudencia o intenci\u00f3n haya causado su lesi\u00f3n en la m\u00e9dula espinal puede ser considerada responsable por da\u00f1os y perjuicios. Esto podr\u00eda incluir un <a href=\"https:\/\/priceattorneys.com\/personal-injury\/car-accidents\/drunk-driving-accidents\/\">conductor ebrio<\/a>, un fabricante de un producto defectuoso, o el <a href=\"https:\/\/priceattorneys.com\/personal-injury\/premises-liability\/\">due\u00f1o de una propiedad<\/a> donde resbalaste y ca\u00edste.<\/p>\n<p>Para un reclamo por lesiones exitoso, nuestros abogados muestran que la parte negligente ten\u00eda el deber de cuidado, ya sea que ese deber fuera actuar de manera segura detr\u00e1s del volante o mantener su propiedad a salvo de peligros. Mostramos que no cumplieron con este deber y usted sufri\u00f3 una lesi\u00f3n catastr\u00f3fica como resultado directo.<\/p>\n<p>Sin embargo, es importante tener en cuenta que Carolina del Norte es uno de los pocos estados que a\u00fan usa el modelo de negligencia contributiva en casos de lesiones personales. Esto significa que las v\u00edctimas de lesiones no pueden reclamar da\u00f1os y perjuicios a una parte culpable si se determina que son de alguna manera responsables de sus lesiones, incluso un uno por ciento de responsabilidad. Esta regla es la raz\u00f3n por la que siempre recomendamos consultar con un abogado antes de tomar cualquier decisi\u00f3n legal despu\u00e9s de una lesi\u00f3n. Trabajamos para garantizar que la parte culpable sea completamente responsable de su lesi\u00f3n de la m\u00e9dula espinal.<\/p>\n\t<h2>\u00bfCu\u00e1l es el valor de mi reclamo por lesi\u00f3n de la m\u00e9dula espinal en Charlotte?<\/h2>\n<p>Si usted o un ser querido ha sufrido una SCI debido a la negligencia de otra persona, es probable que sea elegible para presentar un reclamo legal contra la parte responsable. Los abogados de Price, Petho &amp; Asociados tienen d\u00e9cadas de experiencia trabajando para recuperar compensaci\u00f3n por:<\/p>\n<ul>\n<li>Cobertura de gastos m\u00e9dicos, actuales y futuros<\/li>\n<li>P\u00e9rdida de ingresos, si no puede trabajar debido a sus lesiones<\/li>\n<li>Modificaciones del hogar y del veh\u00edculo<\/li>\n<li>Terapia f\u00edsica y ocupacional<\/li>\n<li>Dolor y sufrimiento, del dolor f\u00edsico y emocional<\/li>\n<li>P\u00e9rdida del disfrute de la vida.<\/li>\n<\/ul>\n<p>Cada persona y cada caso es \u00fanico, por lo que no existe un valor \u00fanico para un caso de lesi\u00f3n de la m\u00e9dula espinal. Nuestros abogados trabajan con nuestra red de profesionales y expertos para determinar el alcance completo de sus lesiones para garantizar que recupere lo que necesita para el resto de su vida.<\/p>\n\t<h2>\u00bfHay un abogado de lesiones de la m\u00e9dula espinal cerca de m\u00ed?<\/h2>\n<p>Price, Petho &amp; Asociados est\u00e1 ubicado en 1430 Elizabeth Ave. en Charlotte, NC, y mantiene oficinas adicionales en los condados de Richmond y Rutherford. Orgullosamente servimos a clientes en todo el estado. Si est\u00e1 demasiado lesionado para acudir a nosotros, hacemos visitas a domicilio y al hospital.<\/p>\n<h3>Abogados con experiencia en lesiones de la m\u00e9dula espinal en Charlotte<\/h3>\n<p>Despu\u00e9s de una lesi\u00f3n por quemadura catastr\u00f3fica, necesita asistencia legal seria. Los abogados de Price, Petho &amp; Asociados han estado sirviendo a la gente de Charlotte durante casi 40 a\u00f1os, operando bajo la filosof\u00eda de brindar una representaci\u00f3n de la m\u00e1s alta calidad en lugar de enfocarse en el crecimiento del negocio. Somos los abogados en los que conf\u00edan sus amigos y vecinos; cont\u00e1ctenos hoy para averiguar c\u00f3mo podemos ayudarlo con su caso. Llamar <a href=\"tel:7043722160\">704-372-2160<\/a> o llena nuestro Formulario de contacto. Servimos a clientes en todo Charlotte, Rockingham, Rutherfordton, Carolina del Norte y Carolina del Sur.<\/p>\n\n","protected":false},"excerpt":{"rendered":"<p>Abogados de lesiones de la m\u00e9dula espinal en Charlotte, NC Representaci\u00f3n para v\u00edctimas de lesiones de la m\u00e9dula espinal y par\u00e1lisis en el condado de Mecklenburg Las lesiones de la columna vertebral y la m\u00e9dula espinal vienen en muchos tipos, incluidos discos herniados, v\u00e9rtebras fracturadas, par\u00e1lisis parcial y total, y m\u00e1s. Tienen el potencial de&hellip;<\/p>\n","protected":false},"author":1,"featured_media":0,"parent":4979,"menu_order":0,"comment_status":"closed","ping_status":"closed","template":"","meta":{"footnotes":""},"class_list":["post-5001","page","type-page","status-publish","hentry"],"yoast_head":"<!-- This site is optimized with the Yoast SEO plugin v27.4 - https:\/\/yoast.com\/product\/yoast-seo-wordpress\/ -->\n<title>Lesiones de la M\u00e9dula Espinal | Price Petho &amp; Associates, Personal Injury Attorneys<\/title>\n<meta name=\"robots\" content=\"index, follow, max-snippet:-1, max-image-preview:large, max-video-preview:-1\" \/>\n<link rel=\"canonical\" href=\"https:\/\/priceattorneys.com\/es\/lesiones-personales\/lesiones-catastroficas\/lesiones-de-la-medula-espinal\/\" \/>\n<meta property=\"og:locale\" content=\"es_ES\" \/>\n<meta property=\"og:type\" content=\"article\" \/>\n<meta property=\"og:title\" content=\"Lesiones de la M\u00e9dula Espinal | Price Petho &amp; Associates, Personal Injury Attorneys\" \/>\n<meta property=\"og:description\" content=\"Abogados de lesiones de la m\u00e9dula espinal en Charlotte, NC Representaci\u00f3n para v\u00edctimas de lesiones de la m\u00e9dula espinal y par\u00e1lisis en el condado de Mecklenburg Las lesiones de la columna vertebral y la m\u00e9dula espinal vienen en muchos tipos, incluidos discos herniados, v\u00e9rtebras fracturadas, par\u00e1lisis parcial y total, y m\u00e1s. Tienen el potencial de&hellip;\" \/>\n<meta property=\"og:url\" content=\"https:\/\/priceattorneys.com\/es\/lesiones-personales\/lesiones-catastroficas\/lesiones-de-la-medula-espinal\/\" \/>\n<meta property=\"og:site_name\" content=\"Price Petho &amp; Associates, Personal Injury Attorneys\" \/>\n<meta property=\"article:modified_time\" content=\"2023-01-26T20:07:09+00:00\" \/>\n<meta property=\"og:image\" content=\"https:\/\/priceattorneys.com\/wp-content\/uploads\/2022\/03\/spinal2.jpg\" \/>\n<meta name=\"twitter:card\" content=\"summary_large_image\" \/>\n<meta name=\"twitter:label1\" content=\"Tiempo de lectura\" \/>\n\t<meta name=\"twitter:data1\" content=\"7 minutos\" \/>\n<script type=\"application\/ld+json\" class=\"yoast-schema-graph\">{\"@context\":\"https:\\\/\\\/schema.org\",\"@graph\":[{\"@type\":\"WebPage\",\"@id\":\"https:\\\/\\\/priceattorneys.com\\\/es\\\/lesiones-personales\\\/lesiones-catastroficas\\\/lesiones-de-la-medula-espinal\\\/\",\"url\":\"https:\\\/\\\/priceattorneys.com\\\/es\\\/lesiones-personales\\\/lesiones-catastroficas\\\/lesiones-de-la-medula-espinal\\\/\",\"name\":\"Lesiones de la M\u00e9dula Espinal | Price Petho &amp; Associates, Personal Injury Attorneys\",\"isPartOf\":{\"@id\":\"https:\\\/\\\/priceattorneys.com\\\/es\\\/#website\"},\"primaryImageOfPage\":{\"@id\":\"https:\\\/\\\/priceattorneys.com\\\/es\\\/lesiones-personales\\\/lesiones-catastroficas\\\/lesiones-de-la-medula-espinal\\\/#primaryimage\"},\"image\":{\"@id\":\"https:\\\/\\\/priceattorneys.com\\\/es\\\/lesiones-personales\\\/lesiones-catastroficas\\\/lesiones-de-la-medula-espinal\\\/#primaryimage\"},\"thumbnailUrl\":\"https:\\\/\\\/priceattorneys.com\\\/wp-content\\\/uploads\\\/2022\\\/03\\\/spinal2.jpg\",\"datePublished\":\"2020-06-13T06:09:04+00:00\",\"dateModified\":\"2023-01-26T20:07:09+00:00\",\"breadcrumb\":{\"@id\":\"https:\\\/\\\/priceattorneys.com\\\/es\\\/lesiones-personales\\\/lesiones-catastroficas\\\/lesiones-de-la-medula-espinal\\\/#breadcrumb\"},\"inLanguage\":\"es\",\"potentialAction\":[{\"@type\":\"ReadAction\",\"target\":[\"https:\\\/\\\/priceattorneys.com\\\/es\\\/lesiones-personales\\\/lesiones-catastroficas\\\/lesiones-de-la-medula-espinal\\\/\"]}]},{\"@type\":\"ImageObject\",\"inLanguage\":\"es\",\"@id\":\"https:\\\/\\\/priceattorneys.com\\\/es\\\/lesiones-personales\\\/lesiones-catastroficas\\\/lesiones-de-la-medula-espinal\\\/#primaryimage\",\"url\":\"https:\\\/\\\/priceattorneys.com\\\/wp-content\\\/uploads\\\/2022\\\/03\\\/spinal2.jpg\",\"contentUrl\":\"https:\\\/\\\/priceattorneys.com\\\/wp-content\\\/uploads\\\/2022\\\/03\\\/spinal2.jpg\"},{\"@type\":\"BreadcrumbList\",\"@id\":\"https:\\\/\\\/priceattorneys.com\\\/es\\\/lesiones-personales\\\/lesiones-catastroficas\\\/lesiones-de-la-medula-espinal\\\/#breadcrumb\",\"itemListElement\":[{\"@type\":\"ListItem\",\"position\":1,\"name\":\"Home\",\"item\":\"https:\\\/\\\/priceattorneys.com\\\/es\\\/\"},{\"@type\":\"ListItem\",\"position\":2,\"name\":\"Lesiones Personales\",\"item\":\"https:\\\/\\\/priceattorneys.com\\\/es\\\/lesiones-personales\\\/\"},{\"@type\":\"ListItem\",\"position\":3,\"name\":\"Lesiones Catastr\u00f3ficas\",\"item\":\"https:\\\/\\\/priceattorneys.com\\\/es\\\/lesiones-personales\\\/lesiones-catastroficas\\\/\"},{\"@type\":\"ListItem\",\"position\":4,\"name\":\"Lesiones de la M\u00e9dula Espinal\"}]},{\"@type\":\"WebSite\",\"@id\":\"https:\\\/\\\/priceattorneys.com\\\/es\\\/#website\",\"url\":\"https:\\\/\\\/priceattorneys.com\\\/es\\\/\",\"name\":\"Price Petho &amp; Associates, Personal Injury Attorneys\",\"description\":\"Charlotte Personal Injury Lawyers\",\"potentialAction\":[{\"@type\":\"SearchAction\",\"target\":{\"@type\":\"EntryPoint\",\"urlTemplate\":\"https:\\\/\\\/priceattorneys.com\\\/es\\\/?s={search_term_string}\"},\"query-input\":{\"@type\":\"PropertyValueSpecification\",\"valueRequired\":true,\"valueName\":\"search_term_string\"}}],\"inLanguage\":\"es\"}]}<\/script>\n<!-- \/ Yoast SEO plugin. -->","yoast_head_json":{"title":"Lesiones de la M\u00e9dula Espinal | Price Petho &amp; Associates, Personal Injury Attorneys","robots":{"index":"index","follow":"follow","max-snippet":"max-snippet:-1","max-image-preview":"max-image-preview:large","max-video-preview":"max-video-preview:-1"},"canonical":"https:\/\/priceattorneys.com\/es\/lesiones-personales\/lesiones-catastroficas\/lesiones-de-la-medula-espinal\/","og_locale":"es_ES","og_type":"article","og_title":"Lesiones de la M\u00e9dula Espinal | Price Petho &amp; Associates, Personal Injury Attorneys","og_description":"Abogados de lesiones de la m\u00e9dula espinal en Charlotte, NC Representaci\u00f3n para v\u00edctimas de lesiones de la m\u00e9dula espinal y par\u00e1lisis en el condado de Mecklenburg Las lesiones de la columna vertebral y la m\u00e9dula espinal vienen en muchos tipos, incluidos discos herniados, v\u00e9rtebras fracturadas, par\u00e1lisis parcial y total, y m\u00e1s. Tienen el potencial de&hellip;","og_url":"https:\/\/priceattorneys.com\/es\/lesiones-personales\/lesiones-catastroficas\/lesiones-de-la-medula-espinal\/","og_site_name":"Price Petho &amp; Associates, Personal Injury Attorneys","article_modified_time":"2023-01-26T20:07:09+00:00","og_image":[{"url":"https:\/\/priceattorneys.com\/wp-content\/uploads\/2022\/03\/spinal2.jpg","type":"","width":"","height":""}],"twitter_card":"summary_large_image","twitter_misc":{"Tiempo de lectura":"7 minutos"},"schema":{"@context":"https:\/\/schema.org","@graph":[{"@type":"WebPage","@id":"https:\/\/priceattorneys.com\/es\/lesiones-personales\/lesiones-catastroficas\/lesiones-de-la-medula-espinal\/","url":"https:\/\/priceattorneys.com\/es\/lesiones-personales\/lesiones-catastroficas\/lesiones-de-la-medula-espinal\/","name":"Lesiones de la M\u00e9dula Espinal | Price Petho &amp; Associates, Personal Injury Attorneys","isPartOf":{"@id":"https:\/\/priceattorneys.com\/es\/#website"},"primaryImageOfPage":{"@id":"https:\/\/priceattorneys.com\/es\/lesiones-personales\/lesiones-catastroficas\/lesiones-de-la-medula-espinal\/#primaryimage"},"image":{"@id":"https:\/\/priceattorneys.com\/es\/lesiones-personales\/lesiones-catastroficas\/lesiones-de-la-medula-espinal\/#primaryimage"},"thumbnailUrl":"https:\/\/priceattorneys.com\/wp-content\/uploads\/2022\/03\/spinal2.jpg","datePublished":"2020-06-13T06:09:04+00:00","dateModified":"2023-01-26T20:07:09+00:00","breadcrumb":{"@id":"https:\/\/priceattorneys.com\/es\/lesiones-personales\/lesiones-catastroficas\/lesiones-de-la-medula-espinal\/#breadcrumb"},"inLanguage":"es","potentialAction":[{"@type":"ReadAction","target":["https:\/\/priceattorneys.com\/es\/lesiones-personales\/lesiones-catastroficas\/lesiones-de-la-medula-espinal\/"]}]},{"@type":"ImageObject","inLanguage":"es","@id":"https:\/\/priceattorneys.com\/es\/lesiones-personales\/lesiones-catastroficas\/lesiones-de-la-medula-espinal\/#primaryimage","url":"https:\/\/priceattorneys.com\/wp-content\/uploads\/2022\/03\/spinal2.jpg","contentUrl":"https:\/\/priceattorneys.com\/wp-content\/uploads\/2022\/03\/spinal2.jpg"},{"@type":"BreadcrumbList","@id":"https:\/\/priceattorneys.com\/es\/lesiones-personales\/lesiones-catastroficas\/lesiones-de-la-medula-espinal\/#breadcrumb","itemListElement":[{"@type":"ListItem","position":1,"name":"Home","item":"https:\/\/priceattorneys.com\/es\/"},{"@type":"ListItem","position":2,"name":"Lesiones Personales","item":"https:\/\/priceattorneys.com\/es\/lesiones-personales\/"},{"@type":"ListItem","position":3,"name":"Lesiones Catastr\u00f3ficas","item":"https:\/\/priceattorneys.com\/es\/lesiones-personales\/lesiones-catastroficas\/"},{"@type":"ListItem","position":4,"name":"Lesiones de la M\u00e9dula Espinal"}]},{"@type":"WebSite","@id":"https:\/\/priceattorneys.com\/es\/#website","url":"https:\/\/priceattorneys.com\/es\/","name":"Price Petho &amp; Associates, Personal Injury Attorneys","description":"Charlotte Personal Injury Lawyers","potentialAction":[{"@type":"SearchAction","target":{"@type":"EntryPoint","urlTemplate":"https:\/\/priceattorneys.com\/es\/?s={search_term_string}"},"query-input":{"@type":"PropertyValueSpecification","valueRequired":true,"valueName":"search_term_string"}}],"inLanguage":"es"}]}},"_links":{"self":[{"href":"https:\/\/priceattorneys.com\/es\/wp-json\/wp\/v2\/pages\/5001","targetHints":{"allow":["GET"]}}],"collection":[{"href":"https:\/\/priceattorneys.com\/es\/wp-json\/wp\/v2\/pages"}],"about":[{"href":"https:\/\/priceattorneys.com\/es\/wp-json\/wp\/v2\/types\/page"}],"author":[{"embeddable":true,"href":"https:\/\/priceattorneys.com\/es\/wp-json\/wp\/v2\/users\/1"}],"replies":[{"embeddable":true,"href":"https:\/\/priceattorneys.com\/es\/wp-json\/wp\/v2\/comments?post=5001"}],"version-history":[{"count":0,"href":"https:\/\/priceattorneys.com\/es\/wp-json\/wp\/v2\/pages\/5001\/revisions"}],"up":[{"embeddable":true,"href":"https:\/\/priceattorneys.com\/es\/wp-json\/wp\/v2\/pages\/4979"}],"wp:attachment":[{"href":"https:\/\/priceattorneys.com\/es\/wp-json\/wp\/v2\/media?parent=5001"}],"curies":[{"name":"wp","href":"https:\/\/api.w.org\/{rel}","templated":true}]}}