{"id":5005,"date":"2020-06-13T11:58:33","date_gmt":"2020-06-13T11:58:33","guid":{"rendered":"https:\/\/priceattorneys.com\/?page_id=5005"},"modified":"2024-03-27T19:00:24","modified_gmt":"2024-03-27T19:00:24","slug":"muerte-injusta","status":"publish","type":"page","link":"https:\/\/priceattorneys.com\/es\/lesiones-personales\/muerte-injusta\/","title":{"rendered":"Muerte Injusta"},"content":{"rendered":"\n\n\t\t\t\t<img decoding=\"async\" src=\"https:\/\/priceattorneys.com\/wp-content\/uploads\/2022\/03\/death.jpg\" alt=\"Wrongful death lawyer Charlotte\" itemprop=\"image\" height=\"621\" width=\"1245\" title=\"death\" onerror=\"this.style.display='none'\"  \/>\n\t<h1>Abogados de Muerte Injusta de Charlotte, NC<\/h1>\n<h2>Defensa compasiva despu\u00e9s de la p\u00e9rdida de un ser querido en el condado de Mecklenburg<\/h2>\n<p>La p\u00e9rdida de un ser querido o de un familiar siempre es algo terrible, pero cuando esa muerte sucede por la negligencia o un acto ilegal de otra persona, se vuelve a\u00fan m\u00e1s tr\u00e1gica. La ley llama a estas situaciones \u00abmuerte por negligencia\u00bb, y los familiares sobrevivientes pueden responsabilizar a las partes responsables en acciones civiles.<\/p>\n<p>En Price, Petho &amp; Asociados, nuestros abogados de muerte por negligencia han estado ayudando a la gente de Charlotte desde 1979. Contamos con los recursos necesarios para investigar demandas complejas por muerte por negligencia, determinar la responsabilidad y responsabilizar a las personas adecuadas. Entendemos que las familias en estas situaciones est\u00e1n pasando por un momento muy dif\u00edcil, probablemente el m\u00e1s dif\u00edcil de sus vidas. Nuestro objetivo es ayudarlos a asegurar el cierre y la compensaci\u00f3n a la que necesitan y tienen derecho.<\/p>\n\t<h2>\u00bfQu\u00e9 le gustar\u00eda saber?<\/h2>\n\t<ul>\n<li><a href=\"#FAQ1\">\u00bfQu\u00e9 es la muerte por negligencia?<\/a><\/li>\n<li><a href=\"#FAQ2\">\u00bfQui\u00e9n puede presentar una demanda por muerte por negligencia en Charlotte?<\/a><\/li>\n<li><a href=\"#FAQ3\">\u00bfCu\u00e1les son los tipos m\u00e1s comunes de casos de muerte por negligencia?<\/a><\/li>\n<li><a href=\"#FAQ4\">\u00bfQu\u00e9 pasa si hay una denuncia penal relacionada con mi demanda por muerte por negligencia?<\/a><\/li>\n<\/ul>\n\t<ul>\n<li><a href=\"#FAQ5\">\u00bfC\u00f3mo puede ayudar un abogado de muerte por negligencia en Charlotte?<\/a><\/li>\n<li><a href=\"#FAQ6\">\u00bfCu\u00e1l es el valor de mi caso de muerte por negligencia?<\/a><\/li>\n<li><a href=\"#FAQ7\">\u00bfCu\u00e1nto tiempo tengo para presentar un reclamo por muerte injusta de Charlotte?<\/a><\/li>\n<li><a href=\"#FAQ8\">\u00bfHay un abogado de muerte por negligencia cerca de m\u00ed?<\/a><\/li>\n<\/ul>\n\t<h2>\u00bfQu\u00e9 es la muerte por negligencia?<\/h2>\n<p>La muerte por negligencia es la p\u00e9rdida de la vida como resultado de la negligencia, imprudencia o acto il\u00edcito de otra persona. Una acci\u00f3n de muerte por negligencia es una acci\u00f3n civil tomada por los sobrevivientes de la persona que perdi\u00f3 la vida (el difunto). Generalmente, esto significa los hijos, padres o c\u00f3nyuge del difunto. Es importante tener en cuenta que una acci\u00f3n por homicidio culposo es independiente de cualquier juicio penal que pueda surgir por la muerte de su ser querido. En general, los juicios civiles tambi\u00e9n tienen una menor carga de la prueba que los juicios penales. Nuestros abogados de Charlotte pueden explicar estas diferencias con m\u00e1s detalle en una consulta gratuita.<\/p>\n\t<h2>\u00bfQui\u00e9n puede presentar una demanda por muerte por negligencia en Charlotte?<\/h2>\n<p>Bajo el estatuto de Carolina del Norte <a href=\"https:\/\/www.ncleg.net\/enactedlegislation\/statutes\/html\/bysection\/chapter_28a\/gs_28a-18-2.html\">28A-18-2<\/a>, el representante personal del patrimonio del difunto puede presentar un reclamo por muerte injusta en la corte. Un reclamo por muerte por negligencia busca da\u00f1os y perjuicios en nombre de la herencia y los familiares sobrevivientes. A menudo, el representante personal del patrimonio es un familiar del difunto. Si el difunto tuviera un plan patrimonial aprobado, probablemente habr\u00eda nombrado a un representante personal. Si el tribunal est\u00e1 de acuerdo con el nombramiento del representante personal, por lo general se le denomina albacea del patrimonio.<\/p>\n<p>Si una persona nombrada en el plan patrimonial no puede actuar como representante personal, o si no hab\u00eda un plan patrimonial establecido, el tribunal designar\u00e1 a una persona para que act\u00fae como representante personal. Por lo general, se trata de un c\u00f3nyuge sobreviviente, hijos adultos o padres del difunto.<\/p>\n\t<h2>\u00bfCu\u00e1les son los tipos m\u00e1s comunes de casos de muerte por negligencia?<\/h2>\n<p>Los abogados de muerte por negligencia de Charlotte en Price, Petho &amp; Asociados tienen una amplia experiencia en el manejo de casos de muerte por negligencia que surgen de:<\/p>\n\t<ul>\n<li>Accidentes automovil\u00edsticos<\/li>\n<li>Accidentes de camiones<\/li>\n<li>Accidentes de peatones<\/li>\n<li>Accidentes de bicicleta<\/li>\n<li>Accidentes de moto<\/li>\n<li>Casos de productos defectuosos<\/li>\n<\/ul>\n\t<ul>\n<li>Casos de responsabilidad de locales<\/li>\n<li>Negligencia m\u00e9dica<\/li>\n<li>Accidentes de navegaci\u00f3n<\/li>\n<li>Accidentes de trabajo<\/li>\n<li>Accidentes de construcci\u00f3n\/industriales<\/li>\n<\/ul>\n\t<p>Ciertamente, esta no es una lista exhaustiva de las formas en que puede ocurrir la muerte por negligencia. Le recomendamos encarecidamente que se comunique con nuestros abogados para que podamos brindarle una consulta gratuita y determinar los mejores pasos para que usted y su familia avancen.<\/p>\n\t\t\t\t<img decoding=\"async\" src=\"https:\/\/priceattorneys.com\/wp-content\/uploads\/2022\/03\/Price-Attorneys-Offices.jpg\" alt=\"Price-Attorneys-Offices\" itemprop=\"image\" height=\"499\" width=\"770\" title=\"Price-Attorneys-Offices\" onerror=\"this.style.display='none'\"  \/>\n\t<h2>\u00bfQu\u00e9 pasa si hay una denuncia penal relacionada con mi demanda por muerte por negligencia?<\/h2>\n<p>Es importante distinguir entre casos penales y civiles en una situaci\u00f3n de muerte por negligencia. Es muy posible que se presente un caso penal contra la persona cuyas acciones causaron la muerte de su ser querido. Los casos penales est\u00e1n dise\u00f1ados para determinar si un acusado es inocente o culpable y asignar el castigo apropiado.<\/p>\n<p>Sin embargo, las demandas civiles por muerte por negligencia giran en torno a garantizar que las familias reciban una compensaci\u00f3n por la p\u00e9rdida de su ser querido por parte de la parte negligente. Incluso si hay un caso penal relacionado con la muerte en curso, los miembros de la familia deben comenzar con su demanda por muerte injusta lo antes posible. Adem\u00e1s, no tiene que haber ning\u00fan caso penal para presentar un reclamo por muerte injusta. Hable con el equipo de Price, Petho &amp; Asociados para obtener m\u00e1s informaci\u00f3n; podemos ayudarlo.<\/p>\n\t<h2>\u00bfC\u00f3mo puede ayudar un abogado de muerte por negligencia en Charlotte?<\/h2>\n<p>Los casos de muerte por negligencia pueden ser incre\u00edblemente complicados y, a menudo, requieren muchos recursos para una investigaci\u00f3n completa para determinar la responsabilidad. Nuestro equipo cuenta con la experiencia legal necesaria para:<\/p>\n<ul>\n<li>Obtener las pruebas necesarias para demostrar la responsabilidad. Esto puede incluir video vigilancia o foto vigilancia del incidente que caus\u00f3 la muerte, declaraciones de testigos presenciales, informes de accidentes y m\u00e1s.<\/li>\n<li>Trabaje con expertos m\u00e9dicos de confianza para determinar adecuadamente la causa de la muerte.<\/li>\n<li>Consigue expertos econ\u00f3micos y financieros para calcular las p\u00e9rdidas totales de su familia.<\/li>\n<li>Negociar con todas las partes involucradas para llegar a un acuerdo justo en nombre del patrimonio y los familiares del difunto.<\/li>\n<\/ul>\n<p>Los familiares que intentan manejar casos de muerte por negligencia sin la asistencia de un asesor legal a menudo se ven abrumados por las compa\u00f1\u00edas de seguros y los abogados de la parte negligente. Cuando trabaja con el equipo legal de Price, Petho &amp; Asociados, tiene defensores a su lado en cada paso del camino.<\/p>\n\t<h2>\u00bfCu\u00e1l es el valor de mi caso de muerte por negligencia?<\/h2>\n<p>Si ha perdido a un ser querido por error, puede tener derecho a reclamar da\u00f1os y perjuicios por lo siguiente:<\/p>\n<ul>\n<li>Cualquier gasto m\u00e9dico relacionado con la lesi\u00f3n que caus\u00f3 la muerte de su ser querido (atenci\u00f3n de emergencia, hospitalizaci\u00f3n, etc.)<\/li>\n<li>Gastos de funeral y entierro<\/li>\n<li>Compensaci\u00f3n por el dolor y el sufrimiento que soport\u00f3 su ser querido antes de morir<\/li>\n<li>P\u00e9rdida de ingresos que se hubiera esperado razonablemente que su ser querido ganara si hubiera sobrevivido<\/li>\n<li>Compensaci\u00f3n por el cuidado, la protecci\u00f3n, los servicios y la asistencia que habr\u00edan brindado a lo largo de su vida<\/li>\n<li>Compensaci\u00f3n por la p\u00e9rdida de la sociedad, el cuidado, el compa\u00f1erismo, la comodidad y la orientaci\u00f3n que habr\u00edan brindado durante su vida.<\/li>\n<li>Posibles da\u00f1os punitivos contra la parte culpable, en casos de negligencia grave extrema o conducta dolosa<\/li>\n<\/ul>\n<p>Nuestros abogados trabajan minuciosamente para determinar el valor de sus p\u00e9rdidas, seg\u00fan las circunstancias espec\u00edficas de su caso.<\/p>\n\t<h2>\u00bfCu\u00e1nto tiempo tengo para presentar un reclamo por muerte injusta de Charlotte?<\/h2>\n<p>Es importante reconocer que los miembros de la familia tienen una cantidad limitada de tiempo para presentar reclamos por muerte por negligencia: el estatuto de limitaciones por muerte por negligencia de Carolina del Norte es <a href=\"https:\/\/www.ncleg.gov\/EnactedLegislation\/Statutes\/PDF\/BySection\/Chapter_1\/GS_1-53.pdf\">dos a\u00f1os<\/a> desde la fecha de la muerte de la persona fallecida. Si los miembros de la familia o el representante del patrimonio de la persona fallecida no presentan un reclamo por muerte injusta dentro de este per\u00edodo de dos a\u00f1os, es probable que pierdan su capacidad de recuperar la compensaci\u00f3n por sus p\u00e9rdidas.<\/p>\n<p>Debido a este estatuto de limitaciones, es incre\u00edblemente importante que cualquier persona que piense que tiene un reclamo por muerte injusta hable con un abogado calificado lo antes posible. Nuestros abogados de muerte por negligencia en Charlotte pueden analizar los hechos de su caso y trabajar para cumplir con todos los plazos correctamente.<\/p>\n\t<h2>\u00bfHay un abogado de muerte por negligencia cerca de m\u00ed?<\/h2>\n<p>La oficina principal de Price, Petho &amp; Asociados est\u00e1 ubicada en 1430 Elizabeth Ave. en Charlotte, NC. Tenemos oficinas adicionales en el condado de Richmond y el condado de Rutherford, y orgullosamente servimos a clientes en todo el estado. Si est\u00e1 demasiado lesionado para acudir a nosotros, podemos hacer visitas a domicilio y al hospital.<\/p>\n<h3>Abogados confiables de muerte por negligencia en Charlotte<\/h3>\n<p>Si ha perdido a un ser querido por la negligencia o imprudencia de otro, los abogados de Price, Petho &amp; Asociados est\u00e1n aqu\u00ed para ayudarlo. Sabemos c\u00f3mo responsabilizar a las personas y entidades irresponsables y descuidadas cuando causan la p\u00e9rdida tr\u00e1gica de vidas, y luchamos para asegurar una compensaci\u00f3n para su familia. Perm\u00edtanos ayudarlo a obtener justicia y cierre. Para programar una consulta gratuita, llame <a href=\"tel:7043722160\">704-372-2160<\/a> o llena nuestro <a href=\"https:\/\/priceattorneys.com\/contact-us\/\">Formulario de contacto<\/a>. Servimos a clientes en todo Charlotte, Rockingham,Rutherfordton, Carolina del Norte y Carolina del Sur.<\/p>\n\n","protected":false},"excerpt":{"rendered":"<p>Abogados de Muerte Injusta de Charlotte, NC Defensa compasiva despu\u00e9s de la p\u00e9rdida de un ser querido en el condado de Mecklenburg La p\u00e9rdida de un ser querido o de un familiar siempre es algo terrible, pero cuando esa muerte sucede por la negligencia o un acto ilegal de otra persona, se vuelve a\u00fan m\u00e1s&hellip;<\/p>\n","protected":false},"author":1,"featured_media":0,"parent":4969,"menu_order":0,"comment_status":"closed","ping_status":"closed","template":"","meta":{"footnotes":""},"class_list":["post-5005","page","type-page","status-publish","hentry"],"yoast_head":"<!-- This site is optimized with the Yoast SEO plugin v27.3 - https:\/\/yoast.com\/product\/yoast-seo-wordpress\/ -->\n<title>Muerte Injusta | Price Petho &amp; Associates, Personal Injury Attorneys<\/title>\n<meta name=\"robots\" content=\"index, follow, max-snippet:-1, max-image-preview:large, max-video-preview:-1\" \/>\n<link rel=\"canonical\" href=\"https:\/\/priceattorneys.com\/es\/lesiones-personales\/muerte-injusta\/\" \/>\n<meta property=\"og:locale\" content=\"es_ES\" \/>\n<meta property=\"og:type\" content=\"article\" \/>\n<meta property=\"og:title\" content=\"Muerte Injusta | Price Petho &amp; Associates, Personal Injury Attorneys\" \/>\n<meta property=\"og:description\" content=\"Abogados de Muerte Injusta de Charlotte, NC Defensa compasiva despu\u00e9s de la p\u00e9rdida de un ser querido en el condado de Mecklenburg La p\u00e9rdida de un ser querido o de un familiar siempre es algo terrible, pero cuando esa muerte sucede por la negligencia o un acto ilegal de otra persona, se vuelve a\u00fan m\u00e1s&hellip;\" \/>\n<meta property=\"og:url\" content=\"https:\/\/priceattorneys.com\/es\/lesiones-personales\/muerte-injusta\/\" \/>\n<meta property=\"og:site_name\" content=\"Price Petho &amp; Associates, Personal Injury Attorneys\" \/>\n<meta property=\"article:modified_time\" content=\"2024-03-27T19:00:24+00:00\" \/>\n<meta property=\"og:image\" content=\"https:\/\/priceattorneys.com\/wp-content\/uploads\/2022\/03\/death.jpg\" \/>\n<meta name=\"twitter:card\" content=\"summary_large_image\" \/>\n<meta name=\"twitter:label1\" content=\"Tiempo de lectura\" \/>\n\t<meta name=\"twitter:data1\" content=\"8 minutos\" \/>\n<script type=\"application\/ld+json\" class=\"yoast-schema-graph\">{\"@context\":\"https:\\\/\\\/schema.org\",\"@graph\":[{\"@type\":\"WebPage\",\"@id\":\"https:\\\/\\\/priceattorneys.com\\\/es\\\/lesiones-personales\\\/muerte-injusta\\\/\",\"url\":\"https:\\\/\\\/priceattorneys.com\\\/es\\\/lesiones-personales\\\/muerte-injusta\\\/\",\"name\":\"Muerte Injusta | Price Petho &amp; Associates, Personal Injury Attorneys\",\"isPartOf\":{\"@id\":\"https:\\\/\\\/priceattorneys.com\\\/es\\\/#website\"},\"primaryImageOfPage\":{\"@id\":\"https:\\\/\\\/priceattorneys.com\\\/es\\\/lesiones-personales\\\/muerte-injusta\\\/#primaryimage\"},\"image\":{\"@id\":\"https:\\\/\\\/priceattorneys.com\\\/es\\\/lesiones-personales\\\/muerte-injusta\\\/#primaryimage\"},\"thumbnailUrl\":\"https:\\\/\\\/priceattorneys.com\\\/wp-content\\\/uploads\\\/2022\\\/03\\\/death.jpg\",\"datePublished\":\"2020-06-13T11:58:33+00:00\",\"dateModified\":\"2024-03-27T19:00:24+00:00\",\"breadcrumb\":{\"@id\":\"https:\\\/\\\/priceattorneys.com\\\/es\\\/lesiones-personales\\\/muerte-injusta\\\/#breadcrumb\"},\"inLanguage\":\"es\",\"potentialAction\":[{\"@type\":\"ReadAction\",\"target\":[\"https:\\\/\\\/priceattorneys.com\\\/es\\\/lesiones-personales\\\/muerte-injusta\\\/\"]}]},{\"@type\":\"ImageObject\",\"inLanguage\":\"es\",\"@id\":\"https:\\\/\\\/priceattorneys.com\\\/es\\\/lesiones-personales\\\/muerte-injusta\\\/#primaryimage\",\"url\":\"https:\\\/\\\/priceattorneys.com\\\/wp-content\\\/uploads\\\/2022\\\/03\\\/death.jpg\",\"contentUrl\":\"https:\\\/\\\/priceattorneys.com\\\/wp-content\\\/uploads\\\/2022\\\/03\\\/death.jpg\"},{\"@type\":\"BreadcrumbList\",\"@id\":\"https:\\\/\\\/priceattorneys.com\\\/es\\\/lesiones-personales\\\/muerte-injusta\\\/#breadcrumb\",\"itemListElement\":[{\"@type\":\"ListItem\",\"position\":1,\"name\":\"Home\",\"item\":\"https:\\\/\\\/priceattorneys.com\\\/es\\\/\"},{\"@type\":\"ListItem\",\"position\":2,\"name\":\"Lesiones Personales\",\"item\":\"https:\\\/\\\/priceattorneys.com\\\/es\\\/lesiones-personales\\\/\"},{\"@type\":\"ListItem\",\"position\":3,\"name\":\"Muerte Injusta\"}]},{\"@type\":\"WebSite\",\"@id\":\"https:\\\/\\\/priceattorneys.com\\\/es\\\/#website\",\"url\":\"https:\\\/\\\/priceattorneys.com\\\/es\\\/\",\"name\":\"Price Petho &amp; Associates, Personal Injury Attorneys\",\"description\":\"Charlotte Personal Injury Lawyers\",\"potentialAction\":[{\"@type\":\"SearchAction\",\"target\":{\"@type\":\"EntryPoint\",\"urlTemplate\":\"https:\\\/\\\/priceattorneys.com\\\/es\\\/?s={search_term_string}\"},\"query-input\":{\"@type\":\"PropertyValueSpecification\",\"valueRequired\":true,\"valueName\":\"search_term_string\"}}],\"inLanguage\":\"es\"}]}<\/script>\n<!-- \/ Yoast SEO plugin. -->","yoast_head_json":{"title":"Muerte Injusta | Price Petho &amp; Associates, Personal Injury Attorneys","robots":{"index":"index","follow":"follow","max-snippet":"max-snippet:-1","max-image-preview":"max-image-preview:large","max-video-preview":"max-video-preview:-1"},"canonical":"https:\/\/priceattorneys.com\/es\/lesiones-personales\/muerte-injusta\/","og_locale":"es_ES","og_type":"article","og_title":"Muerte Injusta | Price Petho &amp; Associates, Personal Injury Attorneys","og_description":"Abogados de Muerte Injusta de Charlotte, NC Defensa compasiva despu\u00e9s de la p\u00e9rdida de un ser querido en el condado de Mecklenburg La p\u00e9rdida de un ser querido o de un familiar siempre es algo terrible, pero cuando esa muerte sucede por la negligencia o un acto ilegal de otra persona, se vuelve a\u00fan m\u00e1s&hellip;","og_url":"https:\/\/priceattorneys.com\/es\/lesiones-personales\/muerte-injusta\/","og_site_name":"Price Petho &amp; Associates, Personal Injury Attorneys","article_modified_time":"2024-03-27T19:00:24+00:00","og_image":[{"url":"https:\/\/priceattorneys.com\/wp-content\/uploads\/2022\/03\/death.jpg","type":"","width":"","height":""}],"twitter_card":"summary_large_image","twitter_misc":{"Tiempo de lectura":"8 minutos"},"schema":{"@context":"https:\/\/schema.org","@graph":[{"@type":"WebPage","@id":"https:\/\/priceattorneys.com\/es\/lesiones-personales\/muerte-injusta\/","url":"https:\/\/priceattorneys.com\/es\/lesiones-personales\/muerte-injusta\/","name":"Muerte Injusta | Price Petho &amp; Associates, Personal Injury Attorneys","isPartOf":{"@id":"https:\/\/priceattorneys.com\/es\/#website"},"primaryImageOfPage":{"@id":"https:\/\/priceattorneys.com\/es\/lesiones-personales\/muerte-injusta\/#primaryimage"},"image":{"@id":"https:\/\/priceattorneys.com\/es\/lesiones-personales\/muerte-injusta\/#primaryimage"},"thumbnailUrl":"https:\/\/priceattorneys.com\/wp-content\/uploads\/2022\/03\/death.jpg","datePublished":"2020-06-13T11:58:33+00:00","dateModified":"2024-03-27T19:00:24+00:00","breadcrumb":{"@id":"https:\/\/priceattorneys.com\/es\/lesiones-personales\/muerte-injusta\/#breadcrumb"},"inLanguage":"es","potentialAction":[{"@type":"ReadAction","target":["https:\/\/priceattorneys.com\/es\/lesiones-personales\/muerte-injusta\/"]}]},{"@type":"ImageObject","inLanguage":"es","@id":"https:\/\/priceattorneys.com\/es\/lesiones-personales\/muerte-injusta\/#primaryimage","url":"https:\/\/priceattorneys.com\/wp-content\/uploads\/2022\/03\/death.jpg","contentUrl":"https:\/\/priceattorneys.com\/wp-content\/uploads\/2022\/03\/death.jpg"},{"@type":"BreadcrumbList","@id":"https:\/\/priceattorneys.com\/es\/lesiones-personales\/muerte-injusta\/#breadcrumb","itemListElement":[{"@type":"ListItem","position":1,"name":"Home","item":"https:\/\/priceattorneys.com\/es\/"},{"@type":"ListItem","position":2,"name":"Lesiones Personales","item":"https:\/\/priceattorneys.com\/es\/lesiones-personales\/"},{"@type":"ListItem","position":3,"name":"Muerte Injusta"}]},{"@type":"WebSite","@id":"https:\/\/priceattorneys.com\/es\/#website","url":"https:\/\/priceattorneys.com\/es\/","name":"Price Petho &amp; Associates, Personal Injury Attorneys","description":"Charlotte Personal Injury Lawyers","potentialAction":[{"@type":"SearchAction","target":{"@type":"EntryPoint","urlTemplate":"https:\/\/priceattorneys.com\/es\/?s={search_term_string}"},"query-input":{"@type":"PropertyValueSpecification","valueRequired":true,"valueName":"search_term_string"}}],"inLanguage":"es"}]}},"_links":{"self":[{"href":"https:\/\/priceattorneys.com\/es\/wp-json\/wp\/v2\/pages\/5005","targetHints":{"allow":["GET"]}}],"collection":[{"href":"https:\/\/priceattorneys.com\/es\/wp-json\/wp\/v2\/pages"}],"about":[{"href":"https:\/\/priceattorneys.com\/es\/wp-json\/wp\/v2\/types\/page"}],"author":[{"embeddable":true,"href":"https:\/\/priceattorneys.com\/es\/wp-json\/wp\/v2\/users\/1"}],"replies":[{"embeddable":true,"href":"https:\/\/priceattorneys.com\/es\/wp-json\/wp\/v2\/comments?post=5005"}],"version-history":[{"count":1,"href":"https:\/\/priceattorneys.com\/es\/wp-json\/wp\/v2\/pages\/5005\/revisions"}],"predecessor-version":[{"id":6975,"href":"https:\/\/priceattorneys.com\/es\/wp-json\/wp\/v2\/pages\/5005\/revisions\/6975"}],"up":[{"embeddable":true,"href":"https:\/\/priceattorneys.com\/es\/wp-json\/wp\/v2\/pages\/4969"}],"wp:attachment":[{"href":"https:\/\/priceattorneys.com\/es\/wp-json\/wp\/v2\/media?parent=5005"}],"curies":[{"name":"wp","href":"https:\/\/api.w.org\/{rel}","templated":true}]}}