{"id":5010,"date":"2020-06-13T11:50:48","date_gmt":"2020-06-13T11:50:48","guid":{"rendered":"https:\/\/priceattorneys.com\/?page_id=5010"},"modified":"2024-03-27T18:57:48","modified_gmt":"2024-03-27T18:57:48","slug":"responsabilidad-de-los-locales","status":"publish","type":"page","link":"https:\/\/priceattorneys.com\/es\/lesiones-personales\/responsabilidad-de-los-locales\/","title":{"rendered":"Responsabilidad de los Locales"},"content":{"rendered":"\n\n\t\t\t\t<img decoding=\"async\" src=\"https:\/\/priceattorneys.com\/wp-content\/uploads\/2022\/03\/prem1.jpg\" alt=\"prem1\" itemprop=\"image\" height=\"621\" width=\"1245\" title=\"prem1\" onerror=\"this.style.display='none'\"  \/>\n\t<h1>Abogados de responsabilidad de locales en Charlotte, NC<\/h1>\n<h2>Defensa legal cuando se lesiona en una propiedad insegura en el condado de Mecklenburg<\/h2>\n<p>Los due\u00f1os de propiedades tienen la obligaci\u00f3n de garantizar que sus instalaciones est\u00e9n libres de riesgos y peligros, para que los visitantes e invitados no sufran da\u00f1os. Sin embargo, cuando son descuidados o negligentes y no lo hacen, las personas resultan heridas sin culpa propia.<\/p>\n<p>En Price, Petho &amp; Asociados, cuando necesite un abogado de responsabilidad de locales, estamos aqu\u00ed para ayudarlo. Nuestro equipo legal experimentado investigar\u00e1 todos los aspectos de su caso, determinar\u00e1 qui\u00e9n es responsable y demostrar\u00e1 el alcance de sus lesiones para asegurar una compensaci\u00f3n total por sus p\u00e9rdidas. Hemos ayudado a clientes lesionados aqu\u00ed en Charlotte desde 1979 y tambi\u00e9n podemos ayudarlo a usted.<\/p>\n\t<h2>\u00bfQu\u00e9 le gustar\u00eda saber?<\/h2>\n\t<ul>\n<li><a href=\"#FAQ1\">\u00bfQu\u00e9 significa \u00abresponsabilidad del local\u00bb?<\/a><\/li>\n<li><a href=\"#FAQ2\">\u00bfCu\u00e1les son ejemplos de condiciones de propiedad peligrosas?<\/a><\/li>\n<li><a href=\"#FAQ3\">\u00bfQu\u00e9 tipos de reclamos de responsabilidad de locales maneja?<\/a><\/li>\n<li><a href=\"#FAQ4\">\u00bfQu\u00e9 tipo de lesiones son causadas por propiedad insegura?<\/a><\/li>\n<\/ul>\n\t<ul>\n<li><a href=\"#FAQ5\">\u00bfC\u00f3mo funciona un caso de responsabilidad de locales de Charlotte?<\/a><\/li>\n<li><a href=\"#FAQ6\">\u00bfCu\u00e1l es el valor de mi reclamo de responsabilidad de las instalaciones de Charlotte?<\/a><\/li>\n<li><a href=\"#FAQ7\">\u00bfCu\u00e1nto tiempo tengo para presentar un reclamo de responsabilidad de las instalaciones de Charlotte?<\/a><\/li>\n<li><a href=\"#FAQ8\">\u00bfHay un abogado de responsabilidad de locales cerca de m\u00ed?<\/a><\/li>\n<\/ul>\n\t<h2>\u00bfQu\u00e9 significa \u00abresponsabilidad del local\u00bb?<\/h2>\n<p>La responsabilidad de las instalaciones es la responsabilidad que los propietarios tienen con los visitantes e invitados de mantener sus instalaciones a salvo de peligros o condiciones que puedan causar lesiones. Como cualquiera caso de lesiones personales, un caso de responsabilidad de locales tiene que ver con negligencia. Esto significa que otra persona o entidad no cumpli\u00f3 con su deber de mantener segura su propiedad y usted, o un ser querido, sufri\u00f3 lesiones.<\/p>\n<p>Por ejemplo, supongamos que est\u00e1 en una tienda de comestibles, de repente tropieza, se cae y se rompe una pierna. Resulta que la raz\u00f3n por la que te tropezaste fue porque el cord\u00f3n de \u00a0su zapato se desat\u00f3. Este no ser\u00eda un caso v\u00e1lido de responsabilidad del local, ya que la tienda de comestibles no particip\u00f3 en su accidente, a pesar de que ocurri\u00f3 all\u00ed.<\/p>\n<p>Sin embargo, si tropez\u00f3 y se cay\u00f3 porque un asociado de la tienda dej\u00f3 una caja desatendida en medio del pasillo sin previo aviso, es probable que tenga un caso de responsabilidad del local debido a la negligencia del asociado. Las reclamaciones s\u00f3lidas de responsabilidad de locales dependen del hecho de que el due\u00f1o de la propiedad ten\u00eda un conocimiento razonable de la situaci\u00f3n peligrosa y no hizo remedios ni reparaciones.<\/p>\n\t<h2>\u00bfCu\u00e1les son ejemplos de condiciones de propiedad peligrosas?<\/h2>\n<p>En Price Petho &amp; Associates, nuestro equipo calificado y experimentado descubre regularmente, a lo largo de nuestra investigaci\u00f3n de estos casos, que las personas resultan lesionadas debido a los siguientes defectos peligrosos:<\/p>\n\t<ul>\n<li>Pisos inclinados o irregulares (aceras, Pisos interiores, pavimento, etc.)<\/li>\n<li>Grietas fundacionales en pasarelas<\/li>\n<li>Escaleras mal dise\u00f1adas o estructuralmente en mal estado<\/li>\n<li>Problemas generales de la estructura del edificio<\/li>\n<li>Defectos de la piscina (incluida la falta de cercas o puertas)<\/li>\n<li>Defectos o fallas de escaleras mec\u00e1nicas o ascensores<\/li>\n<li>Iluminaci\u00f3n inadecuada en las zonas de paso<\/li>\n<li>Vitrinas o estanter\u00edas defectuosas<\/li>\n<\/ul>\n\t<ul>\n<li>Mercanc\u00eda ca\u00edda<\/li>\n<li>Derrames o fugas<\/li>\n<li>Ventanas rotas<\/li>\n<li>Estacionamientos mal mantenidos<\/li>\n<li>Cerraduras rotas<\/li>\n<li>C\u00e1maras de seguridad rotas<\/li>\n<li>Pasarelas desordenadas<\/li>\n<li>Perderpasamanos en escaleras<\/li>\n<li>Vegetaci\u00f3n cubierta de maleza<\/li>\n<li>Accesorios sin reparar<\/li>\n<\/ul>\n\t<p>Cuando los propietarios o sus empleados realizan una inspecci\u00f3n de las instalaciones y descubren condiciones defectuosas, son responsables de reparar o remediar el defecto lo antes posible. Si el due\u00f1o de la propiedad o el empleado no pueden tomar medidas correctivas r\u00e1pidamente, deben colocar se\u00f1ales de advertencia adecuadas alrededor del peligro para que los dem\u00e1s sepan que existe un peligro.<\/p>\n<p>Si los due\u00f1os de la propiedad no remedian una condici\u00f3n defectuosa de la propiedad y no advierten a otros sobre el defecto, podr\u00edan ser considerados responsables de las lesiones que ocurran.<\/p>\n\t<h2>\u00bfQu\u00e9 tipos de casos de responsabilidad de locales maneja?<\/h2>\n<p>En Price, Petho &amp; Asociados, nuestros abogados de responsabilidad de locales de Charlotte ayudan regularmente a los clientes que han resultado lesionados debido a las acciones negligentes o descuidadas de los propietarios. Estas lesiones pueden ocurrir en una amplia variedad de formas, incluidas las siguientes:<\/p>\n\t<ul>\n<li>Accidentes en parques de atracciones<\/li>\n<li>Accidentes de fuego o explosi\u00f3n<\/li>\n<li>Inadecuada seguridad del edificio.<\/li>\n<\/ul>\n\t<ul>\n<li>Lesiones por resbalones y ca\u00eddas<\/li>\n<li>Accidentes de escaleras, ascensores y escaleras mec\u00e1nicas<\/li>\n<li>Accidentes de piscina<\/li>\n<\/ul>\n\t<p>Cualesquiera que sean las circunstancias de su lesi\u00f3n, nuestros abogados pueden iniciar una investigaci\u00f3n para determinar qui\u00e9n o qu\u00e9 fue el responsable. Tambi\u00e9n trabajamos con su equipo m\u00e9dico para averiguar el alcance de sus lesiones y c\u00f3mo le afectar\u00e1n en un futuro cercano y por el resto de su vida.<\/p>\n\t\t\t\t<img decoding=\"async\" src=\"https:\/\/priceattorneys.com\/wp-content\/uploads\/2022\/03\/house1.jpg\" alt=\"Price Petho &amp; Associates\" itemprop=\"image\" height=\"499\" width=\"770\" title=\"house1\" onerror=\"this.style.display='none'\"  \/>\n\t<h2>\u00bfQu\u00e9 tipo de lesiones son causadas por propiedad insegura?<\/h2>\n<p>Desde un accidente de resbal\u00f3n y ca\u00edda hasta un incendio, las instalaciones inseguras pueden causar graves o <a href=\"https:\/\/priceattorneys.com\/es\/lesiones-personales\/lesiones-catastroficas\/\">lesiones catastr\u00f3ficas<\/a>. Los abogados de Charlotte en Price, Petho &amp; Asociados ayudan a los clientes que han experimentado:<\/p>\n<p>Estos incidentes pueden provocar lesiones graves a los clientes. No es raro que nuestros abogados ayuden a clientes que han sufrido:<\/p>\n\t<ul>\n<li>Huesos rotos o dislocados<\/li>\n<li>Lesiones cerebrales traum\u00e1ticas<\/li>\n<li>Lesiones de la m\u00e9dula espinal<\/li>\n<li>Lesiones en la cabeza, el cuello o la espalda<\/li>\n<li>Laceraciones severas o heridas punzantes<\/li>\n<li>Amputaciones o lesiones por aplastamiento<\/li>\n<\/ul>\n\t<ul>\n<li>Da\u00f1o a \u00f3rganos internos o hemorragia interna<\/li>\n<li>Enfermedades causadas por la exposici\u00f3n a productos qu\u00edmicos o toxinas.<\/li>\n<li>Lesiones de las v\u00edas respiratorias por inhalaci\u00f3n de sustancias qu\u00edmicas<\/li>\n<li>Lesiones por quemaduras<\/li>\n<li>Muerte injusta<\/li>\n<\/ul>\n\t<p>Adem\u00e1s de las lesiones traum\u00e1ticas sufridas debido a la negligencia del due\u00f1o de una propiedad, las v\u00edctimas tambi\u00e9n pueden sufrir un trauma emocional o psicol\u00f3gico significativo debido al incidente y sus lesiones posteriores.<\/p>\n\t<h2>\u00bfC\u00f3mo funciona un caso de responsabilidad de locales de Charlotte?<\/h2>\n<p>Los abogados de Price, Petho &amp; Asociados est\u00e1n con usted durante todo el proceso legal, por lo que nunca tendr\u00e1 que preocuparse por sentirse desinformado. Un caso exitoso de responsabilidad de locales debe demostrar negligencia por parte del demandado. Nuestro equipo legal trabaja para probar los siguientes cuatro elementos:<\/p>\n<ol>\n<li>Que el due\u00f1o de la propiedad sab\u00eda sobre el peligro para la seguridad, o deber\u00eda haberlo sabido a trav\u00e9s de la diligencia debida (como inspecciones y mantenimiento regulares).<\/li>\n<li>Que el due\u00f1o de la propiedad sab\u00eda sobre el peligro para la seguridad y no lo abord\u00f3 de manera adecuada u oportuna.<\/li>\n<li>Que experiment\u00f3 una lesi\u00f3n debido a este peligro de seguridad en la propiedad.<\/li>\n<li>Que el cuidado negligente de sus instalaciones por parte del due\u00f1o de la propiedad fue la causa directa de sus lesiones. En otras palabras, su falta de inspecci\u00f3n o reparaci\u00f3n hizo que usted tropezara y cayera, caus\u00e1ndole lesiones graves.<\/li>\n<\/ol>\n<p>Como nuestro cliente, lo guiaremos a trav\u00e9s de cada paso de su caso, estableciendo expectativas y brind\u00e1ndole el conocimiento que necesita para tomar decisiones informadas y seguras. Sus mejores intereses son nuestra \u00fanica prioridad.<\/p>\n\t<h2>\u00bfCu\u00e1l es el valor de mi reclamo de responsabilidad de las instalaciones de Charlotte?<\/h2>\n<p>Si usted o un ser querido ha resultado lesionado debido a las acciones negligentes o descuidadas del due\u00f1o de una propiedad, puede ser elegible para una compensaci\u00f3n. En Price, Petho &amp; Asociados, nuestro equipo calificado trabaja para ayudar a los clientes a recuperar los siguientes da\u00f1os:<\/p>\n<ul>\n<li>Compensaci\u00f3n de gastos m\u00e9dicos, actuales y futuros<\/li>\n<li>P\u00e9rdida de ingresos, si no puede trabajar<\/li>\n<li>Gastos de bolsillo generales del hogar<\/li>\n<li>Dolor y sufrimiento<\/li>\n<li>P\u00e9rdida del disfrute de la vida.<\/li>\n<li>Posibles da\u00f1os punitivos, en casos de negligencia grave<\/li>\n<\/ul>\n<p>La cantidad total de compensaci\u00f3n disponible en estos casos var\u00eda, dependiendo de las circunstancias relacionadas con su situaci\u00f3n particular. Los factores que pueden afectar la compensaci\u00f3n incluyen la gravedad de las lesiones, si la v\u00edctima comparti\u00f3 o no la responsabilidad por el incidente, el nivel de dolor y sufrimiento y otras variables.<\/p>\n\t<h2>\u00bfCu\u00e1nto tiempo tengo para presentar un reclamo de responsabilidad de las instalaciones de Charlotte?<\/h2>\n<p>Si usted, o un ser querido, result\u00f3 lesionado por las acciones descuidadas o negligentes del due\u00f1o de una propiedad, tiene un tiempo limitado para presentar un reclamo legal. El estatuto de limitaciones de lesiones personales de Carolina del Norte es de tres a\u00f1os en el caso de lesiones y dos a\u00f1os en el caso de muerte. Esto significa que si no presenta su caso dentro de el estatuto de limitaciones, perder\u00e1 la capacidad de recuperar la compensaci\u00f3n a la que tiene derecho.<\/p>\n<p>\u00bfLa l\u00ednea de fondo? Si se lesiona en un accidente que no fue su culpa, comun\u00edquese con los abogados de Price, Petho &amp; Asociados lo antes posible para conocer sus pr\u00f3ximos pasos.<\/p>\n\t<h2>\u00bfHay un abogado de responsabilidad de locales cerca de m\u00ed?<\/h2>\n<p>Price, Petho &amp; Asociados est\u00e1 ubicado en 1430 Elizabeth Ave. en Charlotte, NC. Mantenemos oficinas adicionales en el condado de Richmond y el condado de Rutherford, y servimos a clientes en todo el estado. Si est\u00e1 demasiado lesionado para acudir a nosotros, podemos hacer visitas a domicilio y al hospital.<\/p>\n<h3>Hable con nuestros abogados de responsabilidad de locales de Charlotte hoy<\/h3>\n<p>Si usted o alguien a quien ama ha resultado lesionado debido a las acciones negligentes o descuidadas del due\u00f1o de una propiedad, puede contar con los abogados de responsabilidad civil de Price, Petho &amp; Asociados. Trabajamos para investigar completamente su reclamo, determinar la responsabilidad y asegurar una compensaci\u00f3n por sus p\u00e9rdidas. No tenemos miedo de hacer frente a las compa\u00f1\u00edas de seguros agresivas o a las partes culpables: ponga nuestra experiencia a trabajar para usted hoy. Por favor llama <a href=\"tel:7043722160\">704-372-2160<\/a> o llena nuestro Formulario de contacto para programar su consulta gratuita. Sirviendo a Carlota, Rockingham,Rutherfordton, Carolina del Norte y Carolina del Sur.<\/p>\n\n","protected":false},"excerpt":{"rendered":"<p>Abogados de responsabilidad de locales en Charlotte, NC Defensa legal cuando se lesiona en una propiedad insegura en el condado de Mecklenburg Los due\u00f1os de propiedades tienen la obligaci\u00f3n de garantizar que sus instalaciones est\u00e9n libres de riesgos y peligros, para que los visitantes e invitados no sufran da\u00f1os. Sin embargo, cuando son descuidados o&hellip;<\/p>\n","protected":false},"author":1,"featured_media":0,"parent":4969,"menu_order":0,"comment_status":"closed","ping_status":"closed","template":"","meta":{"footnotes":""},"class_list":["post-5010","page","type-page","status-publish","hentry"],"yoast_head":"<!-- This site is optimized with the Yoast SEO plugin v27.2 - https:\/\/yoast.com\/product\/yoast-seo-wordpress\/ -->\n<title>Responsabilidad de los Locales | Price Petho &amp; Associates, Personal Injury Attorneys<\/title>\n<meta name=\"robots\" content=\"index, follow, max-snippet:-1, max-image-preview:large, max-video-preview:-1\" \/>\n<link rel=\"canonical\" href=\"https:\/\/priceattorneys.com\/es\/lesiones-personales\/responsabilidad-de-los-locales\/\" \/>\n<meta property=\"og:locale\" content=\"es_ES\" \/>\n<meta property=\"og:type\" content=\"article\" \/>\n<meta property=\"og:title\" content=\"Responsabilidad de los Locales | Price Petho &amp; Associates, Personal Injury Attorneys\" \/>\n<meta property=\"og:description\" content=\"Abogados de responsabilidad de locales en Charlotte, NC Defensa legal cuando se lesiona en una propiedad insegura en el condado de Mecklenburg Los due\u00f1os de propiedades tienen la obligaci\u00f3n de garantizar que sus instalaciones est\u00e9n libres de riesgos y peligros, para que los visitantes e invitados no sufran da\u00f1os. Sin embargo, cuando son descuidados o&hellip;\" \/>\n<meta property=\"og:url\" content=\"https:\/\/priceattorneys.com\/es\/lesiones-personales\/responsabilidad-de-los-locales\/\" \/>\n<meta property=\"og:site_name\" content=\"Price Petho &amp; Associates, Personal Injury Attorneys\" \/>\n<meta property=\"article:modified_time\" content=\"2024-03-27T18:57:48+00:00\" \/>\n<meta property=\"og:image\" content=\"https:\/\/priceattorneys.com\/wp-content\/uploads\/2022\/03\/prem1.jpg\" \/>\n<meta name=\"twitter:card\" content=\"summary_large_image\" \/>\n<meta name=\"twitter:label1\" content=\"Tiempo de lectura\" \/>\n\t<meta name=\"twitter:data1\" content=\"8 minutos\" \/>\n<script type=\"application\/ld+json\" class=\"yoast-schema-graph\">{\"@context\":\"https:\/\/schema.org\",\"@graph\":[{\"@type\":\"WebPage\",\"@id\":\"https:\/\/priceattorneys.com\/es\/lesiones-personales\/responsabilidad-de-los-locales\/\",\"url\":\"https:\/\/priceattorneys.com\/es\/lesiones-personales\/responsabilidad-de-los-locales\/\",\"name\":\"Responsabilidad de los Locales | Price Petho &amp; Associates, Personal Injury Attorneys\",\"isPartOf\":{\"@id\":\"https:\/\/priceattorneys.com\/es\/#website\"},\"primaryImageOfPage\":{\"@id\":\"https:\/\/priceattorneys.com\/es\/lesiones-personales\/responsabilidad-de-los-locales\/#primaryimage\"},\"image\":{\"@id\":\"https:\/\/priceattorneys.com\/es\/lesiones-personales\/responsabilidad-de-los-locales\/#primaryimage\"},\"thumbnailUrl\":\"https:\/\/priceattorneys.com\/wp-content\/uploads\/2022\/03\/prem1.jpg\",\"datePublished\":\"2020-06-13T11:50:48+00:00\",\"dateModified\":\"2024-03-27T18:57:48+00:00\",\"breadcrumb\":{\"@id\":\"https:\/\/priceattorneys.com\/es\/lesiones-personales\/responsabilidad-de-los-locales\/#breadcrumb\"},\"inLanguage\":\"es\",\"potentialAction\":[{\"@type\":\"ReadAction\",\"target\":[\"https:\/\/priceattorneys.com\/es\/lesiones-personales\/responsabilidad-de-los-locales\/\"]}]},{\"@type\":\"ImageObject\",\"inLanguage\":\"es\",\"@id\":\"https:\/\/priceattorneys.com\/es\/lesiones-personales\/responsabilidad-de-los-locales\/#primaryimage\",\"url\":\"https:\/\/priceattorneys.com\/wp-content\/uploads\/2022\/03\/prem1.jpg\",\"contentUrl\":\"https:\/\/priceattorneys.com\/wp-content\/uploads\/2022\/03\/prem1.jpg\"},{\"@type\":\"BreadcrumbList\",\"@id\":\"https:\/\/priceattorneys.com\/es\/lesiones-personales\/responsabilidad-de-los-locales\/#breadcrumb\",\"itemListElement\":[{\"@type\":\"ListItem\",\"position\":1,\"name\":\"Home\",\"item\":\"https:\/\/priceattorneys.com\/es\/\"},{\"@type\":\"ListItem\",\"position\":2,\"name\":\"Lesiones Personales\",\"item\":\"https:\/\/priceattorneys.com\/es\/lesiones-personales\/\"},{\"@type\":\"ListItem\",\"position\":3,\"name\":\"Responsabilidad de los Locales\"}]},{\"@type\":\"WebSite\",\"@id\":\"https:\/\/priceattorneys.com\/es\/#website\",\"url\":\"https:\/\/priceattorneys.com\/es\/\",\"name\":\"Price Petho &amp; Associates, Personal Injury Attorneys\",\"description\":\"Charlotte Personal Injury Lawyers\",\"potentialAction\":[{\"@type\":\"SearchAction\",\"target\":{\"@type\":\"EntryPoint\",\"urlTemplate\":\"https:\/\/priceattorneys.com\/es\/?s={search_term_string}\"},\"query-input\":{\"@type\":\"PropertyValueSpecification\",\"valueRequired\":true,\"valueName\":\"search_term_string\"}}],\"inLanguage\":\"es\"}]}<\/script>\n<!-- \/ Yoast SEO plugin. -->","yoast_head_json":{"title":"Responsabilidad de los Locales | Price Petho &amp; Associates, Personal Injury Attorneys","robots":{"index":"index","follow":"follow","max-snippet":"max-snippet:-1","max-image-preview":"max-image-preview:large","max-video-preview":"max-video-preview:-1"},"canonical":"https:\/\/priceattorneys.com\/es\/lesiones-personales\/responsabilidad-de-los-locales\/","og_locale":"es_ES","og_type":"article","og_title":"Responsabilidad de los Locales | Price Petho &amp; Associates, Personal Injury Attorneys","og_description":"Abogados de responsabilidad de locales en Charlotte, NC Defensa legal cuando se lesiona en una propiedad insegura en el condado de Mecklenburg Los due\u00f1os de propiedades tienen la obligaci\u00f3n de garantizar que sus instalaciones est\u00e9n libres de riesgos y peligros, para que los visitantes e invitados no sufran da\u00f1os. Sin embargo, cuando son descuidados o&hellip;","og_url":"https:\/\/priceattorneys.com\/es\/lesiones-personales\/responsabilidad-de-los-locales\/","og_site_name":"Price Petho &amp; Associates, Personal Injury Attorneys","article_modified_time":"2024-03-27T18:57:48+00:00","og_image":[{"url":"https:\/\/priceattorneys.com\/wp-content\/uploads\/2022\/03\/prem1.jpg","type":"","width":"","height":""}],"twitter_card":"summary_large_image","twitter_misc":{"Tiempo de lectura":"8 minutos"},"schema":{"@context":"https:\/\/schema.org","@graph":[{"@type":"WebPage","@id":"https:\/\/priceattorneys.com\/es\/lesiones-personales\/responsabilidad-de-los-locales\/","url":"https:\/\/priceattorneys.com\/es\/lesiones-personales\/responsabilidad-de-los-locales\/","name":"Responsabilidad de los Locales | Price Petho &amp; Associates, Personal Injury Attorneys","isPartOf":{"@id":"https:\/\/priceattorneys.com\/es\/#website"},"primaryImageOfPage":{"@id":"https:\/\/priceattorneys.com\/es\/lesiones-personales\/responsabilidad-de-los-locales\/#primaryimage"},"image":{"@id":"https:\/\/priceattorneys.com\/es\/lesiones-personales\/responsabilidad-de-los-locales\/#primaryimage"},"thumbnailUrl":"https:\/\/priceattorneys.com\/wp-content\/uploads\/2022\/03\/prem1.jpg","datePublished":"2020-06-13T11:50:48+00:00","dateModified":"2024-03-27T18:57:48+00:00","breadcrumb":{"@id":"https:\/\/priceattorneys.com\/es\/lesiones-personales\/responsabilidad-de-los-locales\/#breadcrumb"},"inLanguage":"es","potentialAction":[{"@type":"ReadAction","target":["https:\/\/priceattorneys.com\/es\/lesiones-personales\/responsabilidad-de-los-locales\/"]}]},{"@type":"ImageObject","inLanguage":"es","@id":"https:\/\/priceattorneys.com\/es\/lesiones-personales\/responsabilidad-de-los-locales\/#primaryimage","url":"https:\/\/priceattorneys.com\/wp-content\/uploads\/2022\/03\/prem1.jpg","contentUrl":"https:\/\/priceattorneys.com\/wp-content\/uploads\/2022\/03\/prem1.jpg"},{"@type":"BreadcrumbList","@id":"https:\/\/priceattorneys.com\/es\/lesiones-personales\/responsabilidad-de-los-locales\/#breadcrumb","itemListElement":[{"@type":"ListItem","position":1,"name":"Home","item":"https:\/\/priceattorneys.com\/es\/"},{"@type":"ListItem","position":2,"name":"Lesiones Personales","item":"https:\/\/priceattorneys.com\/es\/lesiones-personales\/"},{"@type":"ListItem","position":3,"name":"Responsabilidad de los Locales"}]},{"@type":"WebSite","@id":"https:\/\/priceattorneys.com\/es\/#website","url":"https:\/\/priceattorneys.com\/es\/","name":"Price Petho &amp; Associates, Personal Injury Attorneys","description":"Charlotte Personal Injury Lawyers","potentialAction":[{"@type":"SearchAction","target":{"@type":"EntryPoint","urlTemplate":"https:\/\/priceattorneys.com\/es\/?s={search_term_string}"},"query-input":{"@type":"PropertyValueSpecification","valueRequired":true,"valueName":"search_term_string"}}],"inLanguage":"es"}]}},"_links":{"self":[{"href":"https:\/\/priceattorneys.com\/es\/wp-json\/wp\/v2\/pages\/5010","targetHints":{"allow":["GET"]}}],"collection":[{"href":"https:\/\/priceattorneys.com\/es\/wp-json\/wp\/v2\/pages"}],"about":[{"href":"https:\/\/priceattorneys.com\/es\/wp-json\/wp\/v2\/types\/page"}],"author":[{"embeddable":true,"href":"https:\/\/priceattorneys.com\/es\/wp-json\/wp\/v2\/users\/1"}],"replies":[{"embeddable":true,"href":"https:\/\/priceattorneys.com\/es\/wp-json\/wp\/v2\/comments?post=5010"}],"version-history":[{"count":1,"href":"https:\/\/priceattorneys.com\/es\/wp-json\/wp\/v2\/pages\/5010\/revisions"}],"predecessor-version":[{"id":6970,"href":"https:\/\/priceattorneys.com\/es\/wp-json\/wp\/v2\/pages\/5010\/revisions\/6970"}],"up":[{"embeddable":true,"href":"https:\/\/priceattorneys.com\/es\/wp-json\/wp\/v2\/pages\/4969"}],"wp:attachment":[{"href":"https:\/\/priceattorneys.com\/es\/wp-json\/wp\/v2\/media?parent=5010"}],"curies":[{"name":"wp","href":"https:\/\/api.w.org\/{rel}","templated":true}]}}