{"id":5019,"date":"2020-06-13T11:54:11","date_gmt":"2020-06-13T11:54:11","guid":{"rendered":"https:\/\/priceattorneys.com\/?page_id=5019"},"modified":"2024-03-27T18:58:19","modified_gmt":"2024-03-27T18:58:19","slug":"resbalar-y-caer","status":"publish","type":"page","link":"https:\/\/priceattorneys.com\/es\/lesiones-personales\/responsabilidad-de-los-locales\/resbalar-y-caer\/","title":{"rendered":"Resbalar y caer"},"content":{"rendered":"\n\n\t\t\t\t<img decoding=\"async\" src=\"https:\/\/priceattorneys.com\/wp-content\/uploads\/2022\/03\/wet1.jpg\" alt=\"Slip &amp; Fall accidents Charlotte\" itemprop=\"image\" height=\"621\" width=\"1245\" title=\"wet1\" onerror=\"this.style.display='none'\"  \/>\n\t<h1>Abogados de lesiones por resbalones y ca\u00eddas en Charlotte, NC<\/h1>\n<h2>Responsabilizar a los due\u00f1os de propiedades cuando se lesiona en el condado de Mecklenburg<\/h2>\n<p>Los reclamos por resbalones y ca\u00eddas aqu\u00ed en Carolina del Norte son un tipo de reclamo por lesiones personales basado en lesiones sufridas por alguien por resbalones, tropezones y ca\u00eddas. El due\u00f1o de una propiedad puede ser responsable ante alguien lesionado en un resbal\u00f3n y ca\u00edda cuando es negligente en el mantenimiento o reparaci\u00f3n de sus instalaciones.<\/p>\n<p>Los resbalones y ca\u00eddas son tambi\u00e9n uno de los tipos m\u00e1s comunes de <a href=\"https:\/\/priceattorneys.com\/es\/lesiones-personales\/responsabilidad-de-los-locales\/\">responsabilidad de locales<\/a> casos. Sin embargo, no se equivoque: aunque son comunes, pueden causar lesiones que alteran la vida. Si sufri\u00f3 una lesi\u00f3n como resultado de un resbal\u00f3n, un tropiezo o una ca\u00edda, los abogados de Price, Petho &amp; Asociados en Charlotte lo ayudar\u00e1n. Hemos estado ayudando a personas como usted a obtener una compensaci\u00f3n por sus lesiones desde 1979, y nuestro conocimiento y experiencia son incomparables. Ofrecemos consultas gratuitas, as\u00ed que no dude en ponerse en contacto con nosotros cuando le resulte m\u00e1s c\u00f3modo.<\/p>\n\t<h2>Qu\u00e9 le gustar\u00eda saber?<\/h2>\n\t<ul>\n<li><a href=\"#FAQ1\">\u00bfCu\u00e1les son las lesiones comunes por resbalones y ca\u00eddas?<\/a><\/li>\n<li><a href=\"#FAQ2\">\u00bfQu\u00e9 debo hacer si tengo un accidente de resbal\u00f3n y ca\u00edda en Charlotte?<\/a><\/li>\n<li><a href=\"#FAQ3\">\u00bfC\u00f3mo se establece la culpa en un caso de resbal\u00f3n y ca\u00edda?<\/a>\n<ul>\n<li><a href=\"#FAQ3B\">Sobre la negligencia contributiva<\/a><\/li>\n<\/ul>\n<\/li>\n<\/ul>\n\t<ul>\n<li><a href=\"#FAQ4\">\u00bfCu\u00e1nto tiempo tengo para presentar un reclamo por lesiones por resbalones y ca\u00eddas en Charlotte?<\/a><\/li>\n<li><a href=\"#FAQ5\">\u00bfCu\u00e1l es el valor de mi lesi\u00f3n por resbal\u00f3n y ca\u00edda en Charlotte?<\/a><\/li>\n<li><a href=\"#FAQ6\">\u00bfHay un abogado de lesiones por resbalones y ca\u00eddas cerca de m\u00ed?<\/a><\/li>\n<\/ul>\n\t\t\t\t<img decoding=\"async\" src=\"https:\/\/priceattorneys.com\/wp-content\/uploads\/2022\/03\/wet-ice.jpg\" alt=\"Slip &amp; fall injuries in NC\" itemprop=\"image\" height=\"736\" width=\"807\" title=\"wet-ice\" onerror=\"this.style.display='none'\"  \/>\n\t<h2>\u00bfCu\u00e1les son las lesiones comunes por resbalones y ca\u00eddas?<\/h2>\n<p>Muchas lesiones por accidentes de resbalones y ca\u00eddas son relativamente menores y no tienen consecuencias duraderas para la v\u00edctima. Sin embargo, incluso las lesiones menores pueden generar facturas m\u00e9dicas importantes y per\u00edodos de p\u00e9rdida de ingresos. Cuando una lesi\u00f3n por resbal\u00f3n y ca\u00edda es grave, las v\u00edctimas pueden pasar meses o incluso a\u00f1os recuper\u00e1ndose de sus lesiones, y algunas pueden sufrir una discapacidad permanente. En Price, Petho &amp; Asociados, ayudamos a los clientes y a sus seres queridos que han sufrido lesiones, que incluyen:<\/p>\n<ul>\n<li>Esguinces y torceduras severas<\/li>\n<li>Huesos rotos o dislocados<\/li>\n<li>Laceraciones o heridas punzantes<\/li>\n<li><a href=\"https:\/\/priceattorneys.com\/personal-injury\/catastrophic-injuries\/spinal-cord-injury\/\">Lesiones de la m\u00e9dula espinal<\/a><\/li>\n<li>Lesiones en la cabeza, el cuello y los hombros<\/li>\n<li>Heridas abiertas en la cabeza<\/li>\n<li><a href=\"https:\/\/priceattorneys.com\/personal-injury\/catastrophic-injuries\/brain-injuries\/\">Lesiones cerebrales traum\u00e1ticas<\/a><\/li>\n<li>Da\u00f1o interno o sangrado<\/li>\n<li><a href=\"https:\/\/priceattorneys.com\/personal-injury\/wrongful-death\/\">Muerte injusta<\/a><\/li>\n<\/ul>\n<p>Si tiene un resbal\u00f3n y una ca\u00edda, es importante que tome las medidas adecuadas despu\u00e9s para protegerse.<\/p>\n\t<h2>\u00bfQu\u00e9 debo hacer si tengo un accidente de resbal\u00f3n y ca\u00edda en Charlotte?<\/h2>\n<p>Despu\u00e9s de una lesi\u00f3n, su primera prioridad siempre debe ser obtener la atenci\u00f3n m\u00e9dica que necesita. Sin embargo, si puede, tome las siguientes medidas para preservar la evidencia y proteger su derecho a cualquier reclamo legal:<\/p>\n<ul>\n<li><strong>Reportar el accidente<\/strong>. Esto puede incluir a la polic\u00eda, al due\u00f1o de la propiedad o al gerente de la tienda o del edificio. Aseg\u00farese de recibir copias de todos estos informes. Nuestros abogados tambi\u00e9n pueden conseguirlos para usted.<\/li>\n<li><strong>Toma fotos de la escena.<\/strong>. Puede usar su tel\u00e9fono para tomar fotos de las condiciones peligrosas que causaron su resbal\u00f3n y ca\u00edda, incluidas las lesiones que sufri\u00f3.<\/li>\n<li><strong>Hablar con testigos<\/strong>. Obtenga la informaci\u00f3n de contacto de cualquier persona que lo vio caer o fue testigo del peligro en la propiedad, incluido el nombre y el n\u00famero de tel\u00e9fono.<\/li>\n<li><strong>Guardar toda la documentaci\u00f3n<\/strong>. Guarde todas las copias de sus registros m\u00e9dicos, informes de accidentes y recibos de cualquier gasto relacionado con su lesi\u00f3n y accidente. Esto tambi\u00e9n debe incluir toda la correspondencia con su compa\u00f1\u00eda de seguros con respecto a su reclamo.<\/li>\n<li><strong>No hables de eso<\/strong>. Muchos casos de lesiones se pierden debido a publicaciones descuidadas en las redes sociales o declaraciones involuntarias a las compa\u00f1\u00edas de seguros. Una vez que presenta un reclamo, los ajustadores de seguros y los abogados defensores est\u00e1n observando y escuchando, as\u00ed que no les d\u00e9 nada con lo que trabajar.<\/li>\n<li><strong>Siga las \u00f3rdenes de su m\u00e9dico<\/strong>. Mant\u00e9ngase al d\u00eda con las citas de su m\u00e9dico, los medicamentos y los seguimientos para garantizar que su recuperaci\u00f3n sea lo m\u00e1s tranquila posible y que la compa\u00f1\u00eda de seguros vea que est\u00e1 siguiendo las instrucciones m\u00e9dicas.<\/li>\n<\/ul>\n<p>Mientras se toma el tiempo que necesita para recuperarse de su accidente, los abogados de Price, Petho &amp; Asociados trabajan para determinar qui\u00e9n es responsable de sus lesiones.<\/p>\n\t<h2>\u00bfC\u00f3mo se establece la culpa en un caso de resbal\u00f3n y ca\u00edda?<\/h2>\n<p>Para un reclamo exitoso por resbal\u00f3n y ca\u00edda, debe probar negligencia por parte del due\u00f1o de la propiedad. Aqu\u00ed en Carolina del Norte, si el propietario (o el demandado) puede probar que la v\u00edctima tuvo la culpa de su lesi\u00f3n de alguna manera, podr\u00eda quedar libre de tener que pagar da\u00f1os y perjuicios.<\/p>\n<p>Nuestros abogados de Charlotte prueban la negligencia al:<\/p>\n<ul>\n<li>Demostrando que el due\u00f1o de la propiedad cre\u00f3 una condici\u00f3n peligrosa que caus\u00f3 el resbal\u00f3n y la ca\u00edda. Esto se conoce como \u00abnegligencia activa\u00bb. Un ejemplo de esto es si un empleado del restaurante trapea el piso pero no coloca se\u00f1ales de advertencia de \u00abpiso mojado\u00bb en el \u00e1rea.<\/li>\n<li>Demostrar que, si bien la condici\u00f3n peligrosa fue creada por otra persona, el propietario sab\u00eda, o deber\u00eda haber sabido, sobre el peligro pero no lo corrigi\u00f3. Esto se conoce como \u00abnegligencia pasiva\u00bb. Un ejemplo de esto ser\u00eda si un cliente derrama l\u00edquido en el piso de ese mismo restaurante, notifica al gerente, pero no toma medidas razonables para limpiarlo.<\/li>\n<\/ul>\n\t<h3>Sobre la negligencia contributiva<\/h3>\n<p>Como uno de los pocos estados del pa\u00eds que todav\u00eda siguen la doctrina de negligencia contributiva, la ley de Carolina del Norte hace posible que los due\u00f1os de negocios eviten pagar da\u00f1os y perjuicios si pueden demostrar que la persona lesionada tuvo la culpa de su propio accidente. Los abogados de una compa\u00f1\u00eda de seguros pueden intentar culpar a la v\u00edctima en un caso de resbal\u00f3n y ca\u00edda, por lo que necesita una representaci\u00f3n legal estrat\u00e9gica y con experiencia.<\/p>\n<p>La recopilaci\u00f3n de evidencia como declaraciones de testigos, informes de accidentes, fotograf\u00edas y secuencias de video es esencial. Dada la prevalencia de las c\u00e1maras de seguridad, muchos de estos tipos de incidentes se graban en video; sin embargo, preservar esa evidencia requiere notificar al due\u00f1o de la propiedad sobre el incidente y solicitar el metraje. Al contratar a los abogados de Price, Petho &amp; Asociados en las primeras etapas de su caso, podemos ayudar a construir la estrategia m\u00e1s s\u00f3lida posible para ayudar a asegurar la compensaci\u00f3n por da\u00f1os y perjuicios.<\/p>\n\t\t\t\t<img decoding=\"async\" src=\"https:\/\/priceattorneys.com\/wp-content\/uploads\/2022\/03\/wet3.jpg\" alt=\"Slip &amp; fall injuries in NC\" itemprop=\"image\" height=\"825\" width=\"807\" title=\"wet3\" onerror=\"this.style.display='none'\"  \/>\n\t<h2>\u00bfCu\u00e1nto tiempo tengo para presentar un reclamo por lesiones por resbalones y ca\u00eddas en Charlotte?<\/h2>\n<p>Aqu\u00ed en Carolina del Norte, el estatuto de limitaciones de lesiones personales es de tres a\u00f1os a partir de la fecha en que ocurre una lesi\u00f3n. Si no presenta un reclamo dentro de este per\u00edodo de tres a\u00f1os, podr\u00eda perder su oportunidad de recuperar una compensaci\u00f3n por sus p\u00e9rdidas. Es beneficioso comunicarse con nuestras oficinas lo antes posible despu\u00e9s de un accidente para garantizar que podamos comenzar con su caso de inmediato.<\/p>\n\t<h2>\u00bfCu\u00e1l es el valor de mi lesi\u00f3n por resbal\u00f3n y ca\u00edda en Charlotte?<\/h2>\n<p>Despu\u00e9s de un accidente de resbal\u00f3n y ca\u00edda que no fue su culpa, generalmente es elegible para una compensaci\u00f3n financiera. Los <a href=\"https:\/\/priceattorneys.com\/personal-injury\/\">abogados de lesiones personales<\/a> en Price, Petho &amp; Asociados ha tenido un gran \u00e9xito al asegurar los siguientes tipos de compensaci\u00f3n para nuestros clientes:<\/p>\n<ul>\n<li>Cobertura total de las facturas m\u00e9dicas causadas por su lesi\u00f3n<\/li>\n<li>P\u00e9rdida de ingresos si no puede trabajar o si est\u00e1 discapacitado por su lesi\u00f3n<\/li>\n<li>Dolor y sufrimiento<\/li>\n<li>P\u00e9rdida del disfrute de la vida.<\/li>\n<li>Gastos de bolsillo relacionados con su accidente y lesi\u00f3n<\/li>\n<\/ul>\n<p>La cantidad total de compensaci\u00f3n disponible var\u00eda seg\u00fan sus circunstancias \u00fanicas y personales. Nuestros abogados trabajan con expertos m\u00e9dicos y financieros para determinar correctamente sus p\u00e9rdidas totales mientras nos esforzamos por negociar un acuerdo justo en su nombre.<\/p>\n\t<h2>\u00bfHay un abogado de lesiones por resbalones y ca\u00eddas cerca de m\u00ed?<\/h2>\n<p>La oficina principal de Price, Petho &amp; Asociados est\u00e1 ubicada en 1430 Elizabeth Ave. en Charlotte, NC. Tambi\u00e9n mantenemos oficinas en el condado de Richmond y el condado de Rutherford, lo que permite que la firma atienda a clientes en todo el estado. Si est\u00e1 demasiado lesionado para acudir a nosotros, podemos hacer visitas a domicilio y al hospital.<\/p>\n<h3>Abogados especializados en lesiones por resbalones y ca\u00eddas en Charlotte<\/h3>\n<p>Si usted o un ser querido ha resultado lesionado en un accidente de resbal\u00f3n y ca\u00edda causado por las acciones de otra persona o entidad, comun\u00edquese hoy con Price, Petho &amp; Asociados para obtener ayuda con su caso. Nos comprometemos a realizar una investigaci\u00f3n completa de su reclamo para que podamos asegurar la compensaci\u00f3n a la que tiene derecho. Llamar <a href=\"tel:7043722160\">704-372-2160<\/a> o llena nuestro Formulario de contacto para programar una consulta gratuita. Servimos a clientes en todo Charlotte, Rockingham,Rutherfordton, Carolina del Norte y Carolina del Sur.<\/p>\n\n","protected":false},"excerpt":{"rendered":"<p>Abogados de lesiones por resbalones y ca\u00eddas en Charlotte, NC Responsabilizar a los due\u00f1os de propiedades cuando se lesiona en el condado de Mecklenburg Los reclamos por resbalones y ca\u00eddas aqu\u00ed en Carolina del Norte son un tipo de reclamo por lesiones personales basado en lesiones sufridas por alguien por resbalones, tropezones y ca\u00eddas. El&hellip;<\/p>\n","protected":false},"author":1,"featured_media":0,"parent":5010,"menu_order":0,"comment_status":"closed","ping_status":"closed","template":"","meta":{"footnotes":""},"class_list":["post-5019","page","type-page","status-publish","hentry"],"yoast_head":"<!-- This site is optimized with the Yoast SEO plugin v27.4 - https:\/\/yoast.com\/product\/yoast-seo-wordpress\/ -->\n<title>Resbalar y caer | Price Petho &amp; Associates, Personal Injury Attorneys<\/title>\n<meta name=\"robots\" content=\"index, follow, max-snippet:-1, max-image-preview:large, max-video-preview:-1\" \/>\n<link rel=\"canonical\" href=\"https:\/\/priceattorneys.com\/es\/lesiones-personales\/responsabilidad-de-los-locales\/resbalar-y-caer\/\" \/>\n<meta property=\"og:locale\" content=\"es_ES\" \/>\n<meta property=\"og:type\" content=\"article\" \/>\n<meta property=\"og:title\" content=\"Resbalar y caer | Price Petho &amp; Associates, Personal Injury Attorneys\" \/>\n<meta property=\"og:description\" content=\"Abogados de lesiones por resbalones y ca\u00eddas en Charlotte, NC Responsabilizar a los due\u00f1os de propiedades cuando se lesiona en el condado de Mecklenburg Los reclamos por resbalones y ca\u00eddas aqu\u00ed en Carolina del Norte son un tipo de reclamo por lesiones personales basado en lesiones sufridas por alguien por resbalones, tropezones y ca\u00eddas. El&hellip;\" \/>\n<meta property=\"og:url\" content=\"https:\/\/priceattorneys.com\/es\/lesiones-personales\/responsabilidad-de-los-locales\/resbalar-y-caer\/\" \/>\n<meta property=\"og:site_name\" content=\"Price Petho &amp; Associates, Personal Injury Attorneys\" \/>\n<meta property=\"article:modified_time\" content=\"2024-03-27T18:58:19+00:00\" \/>\n<meta property=\"og:image\" content=\"https:\/\/priceattorneys.com\/wp-content\/uploads\/2022\/03\/wet1.jpg\" \/>\n<meta name=\"twitter:card\" content=\"summary_large_image\" \/>\n<meta name=\"twitter:label1\" content=\"Tiempo de lectura\" \/>\n\t<meta name=\"twitter:data1\" content=\"8 minutos\" \/>\n<script type=\"application\/ld+json\" class=\"yoast-schema-graph\">{\"@context\":\"https:\\\/\\\/schema.org\",\"@graph\":[{\"@type\":\"WebPage\",\"@id\":\"https:\\\/\\\/priceattorneys.com\\\/es\\\/lesiones-personales\\\/responsabilidad-de-los-locales\\\/resbalar-y-caer\\\/\",\"url\":\"https:\\\/\\\/priceattorneys.com\\\/es\\\/lesiones-personales\\\/responsabilidad-de-los-locales\\\/resbalar-y-caer\\\/\",\"name\":\"Resbalar y caer | Price Petho &amp; Associates, Personal Injury Attorneys\",\"isPartOf\":{\"@id\":\"https:\\\/\\\/priceattorneys.com\\\/es\\\/#website\"},\"primaryImageOfPage\":{\"@id\":\"https:\\\/\\\/priceattorneys.com\\\/es\\\/lesiones-personales\\\/responsabilidad-de-los-locales\\\/resbalar-y-caer\\\/#primaryimage\"},\"image\":{\"@id\":\"https:\\\/\\\/priceattorneys.com\\\/es\\\/lesiones-personales\\\/responsabilidad-de-los-locales\\\/resbalar-y-caer\\\/#primaryimage\"},\"thumbnailUrl\":\"https:\\\/\\\/priceattorneys.com\\\/wp-content\\\/uploads\\\/2022\\\/03\\\/wet1.jpg\",\"datePublished\":\"2020-06-13T11:54:11+00:00\",\"dateModified\":\"2024-03-27T18:58:19+00:00\",\"breadcrumb\":{\"@id\":\"https:\\\/\\\/priceattorneys.com\\\/es\\\/lesiones-personales\\\/responsabilidad-de-los-locales\\\/resbalar-y-caer\\\/#breadcrumb\"},\"inLanguage\":\"es\",\"potentialAction\":[{\"@type\":\"ReadAction\",\"target\":[\"https:\\\/\\\/priceattorneys.com\\\/es\\\/lesiones-personales\\\/responsabilidad-de-los-locales\\\/resbalar-y-caer\\\/\"]}]},{\"@type\":\"ImageObject\",\"inLanguage\":\"es\",\"@id\":\"https:\\\/\\\/priceattorneys.com\\\/es\\\/lesiones-personales\\\/responsabilidad-de-los-locales\\\/resbalar-y-caer\\\/#primaryimage\",\"url\":\"https:\\\/\\\/priceattorneys.com\\\/wp-content\\\/uploads\\\/2022\\\/03\\\/wet1.jpg\",\"contentUrl\":\"https:\\\/\\\/priceattorneys.com\\\/wp-content\\\/uploads\\\/2022\\\/03\\\/wet1.jpg\"},{\"@type\":\"BreadcrumbList\",\"@id\":\"https:\\\/\\\/priceattorneys.com\\\/es\\\/lesiones-personales\\\/responsabilidad-de-los-locales\\\/resbalar-y-caer\\\/#breadcrumb\",\"itemListElement\":[{\"@type\":\"ListItem\",\"position\":1,\"name\":\"Home\",\"item\":\"https:\\\/\\\/priceattorneys.com\\\/es\\\/\"},{\"@type\":\"ListItem\",\"position\":2,\"name\":\"Lesiones Personales\",\"item\":\"https:\\\/\\\/priceattorneys.com\\\/es\\\/lesiones-personales\\\/\"},{\"@type\":\"ListItem\",\"position\":3,\"name\":\"Responsabilidad de los Locales\",\"item\":\"https:\\\/\\\/priceattorneys.com\\\/es\\\/lesiones-personales\\\/responsabilidad-de-los-locales\\\/\"},{\"@type\":\"ListItem\",\"position\":4,\"name\":\"Resbalar y caer\"}]},{\"@type\":\"WebSite\",\"@id\":\"https:\\\/\\\/priceattorneys.com\\\/es\\\/#website\",\"url\":\"https:\\\/\\\/priceattorneys.com\\\/es\\\/\",\"name\":\"Price Petho &amp; Associates, Personal Injury Attorneys\",\"description\":\"Charlotte Personal Injury Lawyers\",\"potentialAction\":[{\"@type\":\"SearchAction\",\"target\":{\"@type\":\"EntryPoint\",\"urlTemplate\":\"https:\\\/\\\/priceattorneys.com\\\/es\\\/?s={search_term_string}\"},\"query-input\":{\"@type\":\"PropertyValueSpecification\",\"valueRequired\":true,\"valueName\":\"search_term_string\"}}],\"inLanguage\":\"es\"}]}<\/script>\n<!-- \/ Yoast SEO plugin. -->","yoast_head_json":{"title":"Resbalar y caer | Price Petho &amp; Associates, Personal Injury Attorneys","robots":{"index":"index","follow":"follow","max-snippet":"max-snippet:-1","max-image-preview":"max-image-preview:large","max-video-preview":"max-video-preview:-1"},"canonical":"https:\/\/priceattorneys.com\/es\/lesiones-personales\/responsabilidad-de-los-locales\/resbalar-y-caer\/","og_locale":"es_ES","og_type":"article","og_title":"Resbalar y caer | Price Petho &amp; Associates, Personal Injury Attorneys","og_description":"Abogados de lesiones por resbalones y ca\u00eddas en Charlotte, NC Responsabilizar a los due\u00f1os de propiedades cuando se lesiona en el condado de Mecklenburg Los reclamos por resbalones y ca\u00eddas aqu\u00ed en Carolina del Norte son un tipo de reclamo por lesiones personales basado en lesiones sufridas por alguien por resbalones, tropezones y ca\u00eddas. El&hellip;","og_url":"https:\/\/priceattorneys.com\/es\/lesiones-personales\/responsabilidad-de-los-locales\/resbalar-y-caer\/","og_site_name":"Price Petho &amp; Associates, Personal Injury Attorneys","article_modified_time":"2024-03-27T18:58:19+00:00","og_image":[{"url":"https:\/\/priceattorneys.com\/wp-content\/uploads\/2022\/03\/wet1.jpg","type":"","width":"","height":""}],"twitter_card":"summary_large_image","twitter_misc":{"Tiempo de lectura":"8 minutos"},"schema":{"@context":"https:\/\/schema.org","@graph":[{"@type":"WebPage","@id":"https:\/\/priceattorneys.com\/es\/lesiones-personales\/responsabilidad-de-los-locales\/resbalar-y-caer\/","url":"https:\/\/priceattorneys.com\/es\/lesiones-personales\/responsabilidad-de-los-locales\/resbalar-y-caer\/","name":"Resbalar y caer | Price Petho &amp; Associates, Personal Injury Attorneys","isPartOf":{"@id":"https:\/\/priceattorneys.com\/es\/#website"},"primaryImageOfPage":{"@id":"https:\/\/priceattorneys.com\/es\/lesiones-personales\/responsabilidad-de-los-locales\/resbalar-y-caer\/#primaryimage"},"image":{"@id":"https:\/\/priceattorneys.com\/es\/lesiones-personales\/responsabilidad-de-los-locales\/resbalar-y-caer\/#primaryimage"},"thumbnailUrl":"https:\/\/priceattorneys.com\/wp-content\/uploads\/2022\/03\/wet1.jpg","datePublished":"2020-06-13T11:54:11+00:00","dateModified":"2024-03-27T18:58:19+00:00","breadcrumb":{"@id":"https:\/\/priceattorneys.com\/es\/lesiones-personales\/responsabilidad-de-los-locales\/resbalar-y-caer\/#breadcrumb"},"inLanguage":"es","potentialAction":[{"@type":"ReadAction","target":["https:\/\/priceattorneys.com\/es\/lesiones-personales\/responsabilidad-de-los-locales\/resbalar-y-caer\/"]}]},{"@type":"ImageObject","inLanguage":"es","@id":"https:\/\/priceattorneys.com\/es\/lesiones-personales\/responsabilidad-de-los-locales\/resbalar-y-caer\/#primaryimage","url":"https:\/\/priceattorneys.com\/wp-content\/uploads\/2022\/03\/wet1.jpg","contentUrl":"https:\/\/priceattorneys.com\/wp-content\/uploads\/2022\/03\/wet1.jpg"},{"@type":"BreadcrumbList","@id":"https:\/\/priceattorneys.com\/es\/lesiones-personales\/responsabilidad-de-los-locales\/resbalar-y-caer\/#breadcrumb","itemListElement":[{"@type":"ListItem","position":1,"name":"Home","item":"https:\/\/priceattorneys.com\/es\/"},{"@type":"ListItem","position":2,"name":"Lesiones Personales","item":"https:\/\/priceattorneys.com\/es\/lesiones-personales\/"},{"@type":"ListItem","position":3,"name":"Responsabilidad de los Locales","item":"https:\/\/priceattorneys.com\/es\/lesiones-personales\/responsabilidad-de-los-locales\/"},{"@type":"ListItem","position":4,"name":"Resbalar y caer"}]},{"@type":"WebSite","@id":"https:\/\/priceattorneys.com\/es\/#website","url":"https:\/\/priceattorneys.com\/es\/","name":"Price Petho &amp; Associates, Personal Injury Attorneys","description":"Charlotte Personal Injury Lawyers","potentialAction":[{"@type":"SearchAction","target":{"@type":"EntryPoint","urlTemplate":"https:\/\/priceattorneys.com\/es\/?s={search_term_string}"},"query-input":{"@type":"PropertyValueSpecification","valueRequired":true,"valueName":"search_term_string"}}],"inLanguage":"es"}]}},"_links":{"self":[{"href":"https:\/\/priceattorneys.com\/es\/wp-json\/wp\/v2\/pages\/5019","targetHints":{"allow":["GET"]}}],"collection":[{"href":"https:\/\/priceattorneys.com\/es\/wp-json\/wp\/v2\/pages"}],"about":[{"href":"https:\/\/priceattorneys.com\/es\/wp-json\/wp\/v2\/types\/page"}],"author":[{"embeddable":true,"href":"https:\/\/priceattorneys.com\/es\/wp-json\/wp\/v2\/users\/1"}],"replies":[{"embeddable":true,"href":"https:\/\/priceattorneys.com\/es\/wp-json\/wp\/v2\/comments?post=5019"}],"version-history":[{"count":0,"href":"https:\/\/priceattorneys.com\/es\/wp-json\/wp\/v2\/pages\/5019\/revisions"}],"up":[{"embeddable":true,"href":"https:\/\/priceattorneys.com\/es\/wp-json\/wp\/v2\/pages\/5010"}],"wp:attachment":[{"href":"https:\/\/priceattorneys.com\/es\/wp-json\/wp\/v2\/media?parent=5019"}],"curies":[{"name":"wp","href":"https:\/\/api.w.org\/{rel}","templated":true}]}}