{"id":5024,"date":"2020-06-13T06:46:34","date_gmt":"2020-06-13T06:46:34","guid":{"rendered":"https:\/\/priceattorneys.com\/?page_id=5024"},"modified":"2024-03-27T18:53:04","modified_gmt":"2024-03-27T18:53:04","slug":"mordeduras-de-perro-y-ataques-de-animales","status":"publish","type":"page","link":"https:\/\/priceattorneys.com\/es\/lesiones-personales\/mordeduras-de-perro-y-ataques-de-animales\/","title":{"rendered":"Mordeduras de Perro y Ataques de Animales"},"content":{"rendered":"\n\n\t\t\t\t<img decoding=\"async\" src=\"https:\/\/priceattorneys.com\/wp-content\/uploads\/2022\/03\/pit.jpg\" alt=\"Dog bites in North Carolina\" itemprop=\"image\" height=\"621\" width=\"1245\" title=\"pit\" onerror=\"this.style.display='none'\"  \/>\n\t<h1>Abogados de mordeduras de perro y ataques de animales en Charlotte, NC<\/h1>\n<h2>Ayuda legal para personas y ni\u00f1os heridos por perros y animales en el condado de Mecklenburg<\/h2>\n<p>Las mordeduras de perros u otros ataques de animales pueden ser experiencias traum\u00e1ticas y aterradoras, especialmente para los ni\u00f1os. Cualquier perro, familiar o desconocido, grande o peque\u00f1o, y de cualquier raza, es capaz de morder a alguien. Las mordeduras de perros y animales pueden causar dolor, cicatrices y, en algunos casos, lesiones catastr\u00f3ficas.<\/p>\n<p>Despu\u00e9s de que la conmoci\u00f3n inicial de un ataque cede y la v\u00edctima recibe atenci\u00f3n m\u00e9dica de emergencia, es importante comenzar a pensar en una compensaci\u00f3n por sus p\u00e9rdidas. Si usted o un ser querido ha sufrido una lesi\u00f3n por mordedura de perro, el equipo de Price, Petho y Asociados est\u00e1 listo para ayudar. Nuestros abogados de lesiones por mordedura de perro en Charlotte tienen toda la informaci\u00f3n que necesita sobre los ataques de perros y animales, y los pasos correctos a seguir despu\u00e9s de este tipo de lesiones.<\/p>\n\t<h2>\u00bfQu\u00e9 le gustar\u00eda saber?<\/h2>\n\t<ul>\n<li><a href=\"#FAQ1\">\u00bfCon qu\u00e9 frecuencia ocurren las lesiones por mordedura de perro?<\/a><\/li>\n<li><a href=\"#FAQ2\">\u00bfQu\u00e9 tipo de lesiones provocan las mordeduras de perro?<\/a><\/li>\n<li><a href=\"#FAQ3\">\u00bfCu\u00e1les son las leyes de mordedura de perro de Charlotte, NC?<\/a><\/li>\n<li><a href=\"#FAQ4\">\u00bfQu\u00e9 debo hacer si me muerde un perro?<\/a><\/li>\n<\/ul>\n\t<ul>\n<li><a href=\"#FAQ5\">\u00bfCu\u00e1l es el valor de mi reclamo por lesiones por mordedura de perro en Charlotte?<\/a><\/li>\n<li><a href=\"#FAQ6\">\u00bfCu\u00e1nto tiempo tengo para presentar mi caso de mordedura de perro en Charlotte?<\/a><\/li>\n<li><a href=\"#FAQ7\">\u00bfHay un abogado de lesiones por mordedura de perro cerca de m\u00ed?<\/a><\/li>\n<\/ul>\n\t<h2>\u00bfCon qu\u00e9 frecuencia ocurren las lesiones por mordedura de perro?<\/h2>\n<p>Hay millones de perros en los hogares de los Estados Unidos. Si bien se puede decir que los perros son las mascotas m\u00e1s populares del pa\u00eds, la realidad es que las mordeduras de perros pueden causar <a href=\"https:\/\/priceattorneys.com\/es\/lesiones-personales\/\">lesiones graves<\/a>. La Asociaci\u00f3n M\u00e9dica Veterinaria Estadounidense (AVMA) informa sobre <a href=\"https:\/\/www.avma.org\/resources-tools\/pet-owners\/dog-bite-prevention\">4,5 millones de personas<\/a> sufren mordeduras de perros anualmente, con m\u00e1s de 800,000 que requieren atenci\u00f3n m\u00e9dica por sus lesiones. Los ni\u00f1os corren m\u00e1s riesgo de mordeduras de perros que el resto de la poblaci\u00f3n y, seg\u00fan AVMA, \u00abocurren durante las actividades cotidianas y al interactuar con perros familiares\u00bb.<\/p>\n\t<h2>\u00bfQu\u00e9 tipo de lesiones provocan las mordeduras de perro?<\/h2>\n<p>Las lesiones por ataques de perros y animales pueden variar de graves a catastr\u00f3ficas. Nuestros abogados de lesiones en Charlotte pueden ayudarlo cuando usted, su hijo o un ser querido sufren lesiones como:<\/p>\n<ul>\n<li>Laceraciones o heridas punzantes<\/li>\n<li>Arterias, venas, m\u00fasculos o ligamentos desgarrados<\/li>\n<li>P\u00e9rdida de extremidades, como dedos, orejas o nariz.<\/li>\n<li>Huesos rotos o aplastados<\/li>\n<li>Cicatrizaci\u00f3n significativa o desfiguraci\u00f3n<\/li>\n<li>P\u00e9rdida de visi\u00f3n<\/li>\n<li>Da\u00f1o en el nervio<\/li>\n<li>Posible exposici\u00f3n a la rabia<\/li>\n<\/ul>\n<p>Las v\u00edctimas de mordeduras de perros a menudo tambi\u00e9n experimentan efectos emocionales, como el trastorno de estr\u00e9s postraum\u00e1tico o el miedo y la ansiedad. Junto con las lesiones f\u00edsicas, cosas como el PTSD pueden afectar a una persona durante meses, a\u00f1os o el resto de su vida.<\/p>\n<p>Si ha sido atacado por un animal, es importante obtener una compensaci\u00f3n por sus lesiones. El equipo legal de Price, Petho &amp; Asociados puede ayudarlo.<\/p>\n\t<h2>\u00bfCu\u00e1les son las leyes de mordedura de perro de Charlotte, NC?<\/h2>\n<p>En algunos estados, existen leyes de responsabilidad estricta por mordeduras de perros que significan que el due\u00f1o de un perro puede ser considerado responsable de una mordedura, independientemente de si el perro ha mordido a alguien en el pasado. Sin embargo, Carolina del Norte opera bajo la regla de \u00abun bocado\u00bb. Esto significa que el due\u00f1o de un perro generalmente no ser\u00e1 responsable si su perro muerde a alguien por primera vez. B\u00e1sicamente, un perro obtiene un per\u00edodo de gracia de \u00abuna mordida\u00bb.<\/p>\n<p>Sin embargo, si un perro ha mordido a alguien previamente o ha sido etiquetado por el control de animales como un perro \u00abpeligroso o potencialmente peligroso\u00bb, entonces la v\u00edctima de la mordedura de perro tiene muchas m\u00e1s posibilidades de recuperar una compensaci\u00f3n por su reclamo. Por debajo <a href=\"https:\/\/www.ncleg.gov\/EnactedLegislation\/Statutes\/PDF\/ByArticle\/Chapter_67\/Article_1A.pdf\">Ley del Estado<\/a>:<\/p>\n<ul>\n<li>Un perro peligroso es aquel que \u00absin provocaci\u00f3n ha matado o infligido lesiones graves a una persona\u00bb.<\/li>\n<li>Un \u00abperro potencialmente peligroso\u00bb es aquel que tiene \u00abA. Le infligi\u00f3 una mordedura a una persona que result\u00f3 en huesos rotos o laceraciones que desfiguraron o requiri\u00f3 cirug\u00eda est\u00e9tica u hospitalizaci\u00f3n; o B. Mat\u00f3 o infligi\u00f3 lesiones graves a un animal dom\u00e9stico cuando no se encontraba en los bienes inmuebles del due\u00f1o; o C. Se acerc\u00f3 a una persona cuando no estaba en la propiedad del propietario de manera cruel o aterrorizadora en una aparente actitud de ataque\u00bb.<\/li>\n<\/ul>\n<p>Hay algunas excepciones a estas leyes, como los perros encargados de hacer cumplir la ley, los perros de caza o cuando una persona sufre una mordedura de perro mientras comete un delito. Nuestros abogados de Charlotte pueden explicar m\u00e1s.<\/p>\n<p>Los due\u00f1os de perros pueden ser considerados estrictamente responsables cuando sus perros atacan a alguien si el due\u00f1o permite que el perro corra libremente, independientemente de si se considera un perro peligroso.<\/p>\n\t\t\t\t<img decoding=\"async\" src=\"https:\/\/priceattorneys.com\/wp-content\/uploads\/2022\/03\/dog.jpg\" alt=\"Dog bite attorneys in Charlotte\" itemprop=\"image\" height=\"499\" width=\"770\" title=\"dog\" onerror=\"this.style.display='none'\"  \/>\n\t<h2>\u00bfQu\u00e9 debo hacer si me muerde un perro?<\/h2>\n<p>Si lo ataca un perro, enjuague sus heridas con agua y jab\u00f3n para reducir el riesgo de infecci\u00f3n. Cubra con un vendaje limpio y busque atenci\u00f3n m\u00e9dica lo antes posible. Necesita atenci\u00f3n m\u00e9dica inmediata si:<\/p>\n<ul>\n<li>No puedes detener el sangrado<\/li>\n<li>No sabes si el perro fue vacunado contra la rabia.<\/li>\n<li>La herida es una herida punzante profunda o severa<\/li>\n<li>La herida est\u00e1 roja, caliente o hinchada.<\/li>\n<li>Han pasado m\u00e1s de cinco a\u00f1os desde su \u00faltima vacuna contra el t\u00e9tanos<\/li>\n<\/ul>\n<p>Si es posible, obtenga la informaci\u00f3n de contacto del due\u00f1o del perro, as\u00ed como prueba de la vacuna contra la rabia del perro. Si hubo testigos del ataque del perro, obt\u00e9n su informaci\u00f3n tambi\u00e9n. Es posible que desee considerar ponerse en contacto con la polic\u00eda o <a href=\"https:\/\/www.charlottenc.gov\/cmpd\/Animal-Care-and-Control\" target=\"_blank\" rel=\"noopener\">Control de animales de Charlotte\/Mecklenburg<\/a>, especialmente si no est\u00e1 seguro del estado de rabia del perro.<\/p>\n<p>Los abogados experimentados en mordeduras de perros de Price, Petho &amp; Asociados pueden guiarlo en sus pr\u00f3ximos pasos.<\/p>\n\t<h2>\u00bfCu\u00e1l es el valor de mi reclamo por lesiones por mordedura de perro en Charlotte?<\/h2>\n<p>Si usted o su hijo han sido mordidos por un perro, puede ser elegible para una compensaci\u00f3n financiera por sus lesiones y p\u00e9rdidas. En Price, Petho &amp; Asociados, nuestros abogados se dedican a ayudar a los clientes a recuperar lo siguiente:<\/p>\n<ul>\n<li>Reembolso de facturas m\u00e9dicas, ahora y en el futuro<\/li>\n<li>Cobertura para cirug\u00edas reconstructivas y fisioterapia necesarias<\/li>\n<li>P\u00e9rdida de ingresos, si no puede trabajar debido a sus lesiones<\/li>\n<li>Dolor y sufrimiento, del dolor f\u00edsico y emocional<\/li>\n<li>P\u00e9rdida del disfrute de la vida.<\/li>\n<\/ul>\n<p>Debido a que cada caso es diferente, no existe un valor \u00fanico para un caso de mordedura de perro. En cambio, nuestros abogados trabajan arduamente para determinar el verdadero alcance de sus lesiones y p\u00e9rdidas en el contexto de las circunstancias espec\u00edficas de su vida, negociando y luchando solo por sus mejores intereses.<\/p>\n\t<h2>\u00bfCu\u00e1nto tiempo tengo para presentar mi caso de mordedura de perro en Charlotte?<\/h2>\n<p>Muchos reclamos por lesiones por mordedura de perro se pueden resolver a trav\u00e9s de acuerdos con las compa\u00f1\u00edas de seguros, pero siempre se recomienda tener un abogado de su lado para garantizar que su reclamo se negocie correctamente.<\/p>\n<p>Sin embargo, en casos de lesiones graves, puede ser necesario presentar un reclamo legal contra el due\u00f1o negligente del perro para asegurar la compensaci\u00f3n a la que tiene derecho. En estos casos, el estatuto de limitaciones de lesiones personales en Carolina del Norte es de tres a\u00f1os a partir de la fecha en que ocurre la lesi\u00f3n. Esto les da a las v\u00edctimas de mordeduras de perros una ventana de tres a\u00f1os para presentar una demanda, o perder\u00e1n la capacidad de recuperar la compensaci\u00f3n que necesitan.<\/p>\n<p>Es fundamental consultar con un abogado lo antes posible para presentar el papeleo y comenzar a construir un caso s\u00f3lido en su nombre.<\/p>\n\t<h2>\u00bfHay un abogado de lesiones por mordedura de perro cerca de m\u00ed?<\/h2>\n<p>La oficina principal de Price, Petho &amp; Asociados est\u00e1 ubicada en 1430 Elizabeth Ave. en Charlotte, NC. Tambi\u00e9n mantenemos oficinas en el condado de Richmond y el condado de Rutherford, lo que permite que la firma atienda a clientes en todo el estado. Si est\u00e1 demasiado lesionado para acudir a nosotros, podemos hacer visitas a domicilio y al hospital.<\/p>\n<h3>Abogados expertos en mordeduras de perros y ataques de animales que prestan servicios en Charlotte<\/h3>\n<p>Si usted o alguien a quien ama ha sufrido una lesi\u00f3n por mordedura de perro o una lesi\u00f3n causada por el ataque de un animal, hable con un abogado sobre su caso lo antes posible. En Price, Petho &amp; Asociados, nuestros abogados calificados y experimentados tienen los recursos necesarios para hacer frente a las compa\u00f1\u00edas de seguros agresivas o a las partes culpables, y nos negamos a retroceder hasta que su caso se resuelva satisfactoriamente. Para programar una consulta gratuita, llame <a href=\"tel:7043722160\">704-372-2160<\/a> o llena nuestro Formulario de contacto. Servimos a clientes en todo Charlotte, Rockingham, Rutherfordton, Carolina del Norte y Carolina del Sur.<\/p>\n\n","protected":false},"excerpt":{"rendered":"<p>Abogados de mordeduras de perro y ataques de animales en Charlotte, NC Ayuda legal para personas y ni\u00f1os heridos por perros y animales en el condado de Mecklenburg Las mordeduras de perros u otros ataques de animales pueden ser experiencias traum\u00e1ticas y aterradoras, especialmente para los ni\u00f1os. Cualquier perro, familiar o desconocido, grande o peque\u00f1o,&hellip;<\/p>\n","protected":false},"author":1,"featured_media":0,"parent":4969,"menu_order":0,"comment_status":"closed","ping_status":"closed","template":"","meta":{"footnotes":""},"class_list":["post-5024","page","type-page","status-publish","hentry"],"yoast_head":"<!-- This site is optimized with the Yoast SEO plugin v27.4 - https:\/\/yoast.com\/product\/yoast-seo-wordpress\/ -->\n<title>Mordeduras de Perro y Ataques de Animales | Price Petho &amp; Associates, Personal Injury Attorneys<\/title>\n<meta name=\"robots\" content=\"index, follow, max-snippet:-1, max-image-preview:large, max-video-preview:-1\" \/>\n<link rel=\"canonical\" href=\"https:\/\/priceattorneys.com\/es\/lesiones-personales\/mordeduras-de-perro-y-ataques-de-animales\/\" \/>\n<meta property=\"og:locale\" content=\"es_ES\" \/>\n<meta property=\"og:type\" content=\"article\" \/>\n<meta property=\"og:title\" content=\"Mordeduras de Perro y Ataques de Animales | Price Petho &amp; Associates, Personal Injury Attorneys\" \/>\n<meta property=\"og:description\" content=\"Abogados de mordeduras de perro y ataques de animales en Charlotte, NC Ayuda legal para personas y ni\u00f1os heridos por perros y animales en el condado de Mecklenburg Las mordeduras de perros u otros ataques de animales pueden ser experiencias traum\u00e1ticas y aterradoras, especialmente para los ni\u00f1os. Cualquier perro, familiar o desconocido, grande o peque\u00f1o,&hellip;\" \/>\n<meta property=\"og:url\" content=\"https:\/\/priceattorneys.com\/es\/lesiones-personales\/mordeduras-de-perro-y-ataques-de-animales\/\" \/>\n<meta property=\"og:site_name\" content=\"Price Petho &amp; Associates, Personal Injury Attorneys\" \/>\n<meta property=\"article:modified_time\" content=\"2024-03-27T18:53:04+00:00\" \/>\n<meta property=\"og:image\" content=\"https:\/\/priceattorneys.com\/wp-content\/uploads\/2022\/03\/pit.jpg\" \/>\n<meta name=\"twitter:card\" content=\"summary_large_image\" \/>\n<meta name=\"twitter:label1\" content=\"Tiempo de lectura\" \/>\n\t<meta name=\"twitter:data1\" content=\"8 minutos\" \/>\n<script type=\"application\/ld+json\" class=\"yoast-schema-graph\">{\"@context\":\"https:\\\/\\\/schema.org\",\"@graph\":[{\"@type\":\"WebPage\",\"@id\":\"https:\\\/\\\/priceattorneys.com\\\/es\\\/lesiones-personales\\\/mordeduras-de-perro-y-ataques-de-animales\\\/\",\"url\":\"https:\\\/\\\/priceattorneys.com\\\/es\\\/lesiones-personales\\\/mordeduras-de-perro-y-ataques-de-animales\\\/\",\"name\":\"Mordeduras de Perro y Ataques de Animales | Price Petho &amp; Associates, Personal Injury Attorneys\",\"isPartOf\":{\"@id\":\"https:\\\/\\\/priceattorneys.com\\\/es\\\/#website\"},\"primaryImageOfPage\":{\"@id\":\"https:\\\/\\\/priceattorneys.com\\\/es\\\/lesiones-personales\\\/mordeduras-de-perro-y-ataques-de-animales\\\/#primaryimage\"},\"image\":{\"@id\":\"https:\\\/\\\/priceattorneys.com\\\/es\\\/lesiones-personales\\\/mordeduras-de-perro-y-ataques-de-animales\\\/#primaryimage\"},\"thumbnailUrl\":\"https:\\\/\\\/priceattorneys.com\\\/wp-content\\\/uploads\\\/2022\\\/03\\\/pit.jpg\",\"datePublished\":\"2020-06-13T06:46:34+00:00\",\"dateModified\":\"2024-03-27T18:53:04+00:00\",\"breadcrumb\":{\"@id\":\"https:\\\/\\\/priceattorneys.com\\\/es\\\/lesiones-personales\\\/mordeduras-de-perro-y-ataques-de-animales\\\/#breadcrumb\"},\"inLanguage\":\"es\",\"potentialAction\":[{\"@type\":\"ReadAction\",\"target\":[\"https:\\\/\\\/priceattorneys.com\\\/es\\\/lesiones-personales\\\/mordeduras-de-perro-y-ataques-de-animales\\\/\"]}]},{\"@type\":\"ImageObject\",\"inLanguage\":\"es\",\"@id\":\"https:\\\/\\\/priceattorneys.com\\\/es\\\/lesiones-personales\\\/mordeduras-de-perro-y-ataques-de-animales\\\/#primaryimage\",\"url\":\"https:\\\/\\\/priceattorneys.com\\\/wp-content\\\/uploads\\\/2022\\\/03\\\/pit.jpg\",\"contentUrl\":\"https:\\\/\\\/priceattorneys.com\\\/wp-content\\\/uploads\\\/2022\\\/03\\\/pit.jpg\"},{\"@type\":\"BreadcrumbList\",\"@id\":\"https:\\\/\\\/priceattorneys.com\\\/es\\\/lesiones-personales\\\/mordeduras-de-perro-y-ataques-de-animales\\\/#breadcrumb\",\"itemListElement\":[{\"@type\":\"ListItem\",\"position\":1,\"name\":\"Home\",\"item\":\"https:\\\/\\\/priceattorneys.com\\\/es\\\/\"},{\"@type\":\"ListItem\",\"position\":2,\"name\":\"Lesiones Personales\",\"item\":\"https:\\\/\\\/priceattorneys.com\\\/es\\\/lesiones-personales\\\/\"},{\"@type\":\"ListItem\",\"position\":3,\"name\":\"Mordeduras de Perro y Ataques de Animales\"}]},{\"@type\":\"WebSite\",\"@id\":\"https:\\\/\\\/priceattorneys.com\\\/es\\\/#website\",\"url\":\"https:\\\/\\\/priceattorneys.com\\\/es\\\/\",\"name\":\"Price Petho &amp; Associates, Personal Injury Attorneys\",\"description\":\"Charlotte Personal Injury Lawyers\",\"potentialAction\":[{\"@type\":\"SearchAction\",\"target\":{\"@type\":\"EntryPoint\",\"urlTemplate\":\"https:\\\/\\\/priceattorneys.com\\\/es\\\/?s={search_term_string}\"},\"query-input\":{\"@type\":\"PropertyValueSpecification\",\"valueRequired\":true,\"valueName\":\"search_term_string\"}}],\"inLanguage\":\"es\"}]}<\/script>\n<!-- \/ Yoast SEO plugin. -->","yoast_head_json":{"title":"Mordeduras de Perro y Ataques de Animales | Price Petho &amp; Associates, Personal Injury Attorneys","robots":{"index":"index","follow":"follow","max-snippet":"max-snippet:-1","max-image-preview":"max-image-preview:large","max-video-preview":"max-video-preview:-1"},"canonical":"https:\/\/priceattorneys.com\/es\/lesiones-personales\/mordeduras-de-perro-y-ataques-de-animales\/","og_locale":"es_ES","og_type":"article","og_title":"Mordeduras de Perro y Ataques de Animales | Price Petho &amp; Associates, Personal Injury Attorneys","og_description":"Abogados de mordeduras de perro y ataques de animales en Charlotte, NC Ayuda legal para personas y ni\u00f1os heridos por perros y animales en el condado de Mecklenburg Las mordeduras de perros u otros ataques de animales pueden ser experiencias traum\u00e1ticas y aterradoras, especialmente para los ni\u00f1os. Cualquier perro, familiar o desconocido, grande o peque\u00f1o,&hellip;","og_url":"https:\/\/priceattorneys.com\/es\/lesiones-personales\/mordeduras-de-perro-y-ataques-de-animales\/","og_site_name":"Price Petho &amp; Associates, Personal Injury Attorneys","article_modified_time":"2024-03-27T18:53:04+00:00","og_image":[{"url":"https:\/\/priceattorneys.com\/wp-content\/uploads\/2022\/03\/pit.jpg","type":"","width":"","height":""}],"twitter_card":"summary_large_image","twitter_misc":{"Tiempo de lectura":"8 minutos"},"schema":{"@context":"https:\/\/schema.org","@graph":[{"@type":"WebPage","@id":"https:\/\/priceattorneys.com\/es\/lesiones-personales\/mordeduras-de-perro-y-ataques-de-animales\/","url":"https:\/\/priceattorneys.com\/es\/lesiones-personales\/mordeduras-de-perro-y-ataques-de-animales\/","name":"Mordeduras de Perro y Ataques de Animales | Price Petho &amp; Associates, Personal Injury Attorneys","isPartOf":{"@id":"https:\/\/priceattorneys.com\/es\/#website"},"primaryImageOfPage":{"@id":"https:\/\/priceattorneys.com\/es\/lesiones-personales\/mordeduras-de-perro-y-ataques-de-animales\/#primaryimage"},"image":{"@id":"https:\/\/priceattorneys.com\/es\/lesiones-personales\/mordeduras-de-perro-y-ataques-de-animales\/#primaryimage"},"thumbnailUrl":"https:\/\/priceattorneys.com\/wp-content\/uploads\/2022\/03\/pit.jpg","datePublished":"2020-06-13T06:46:34+00:00","dateModified":"2024-03-27T18:53:04+00:00","breadcrumb":{"@id":"https:\/\/priceattorneys.com\/es\/lesiones-personales\/mordeduras-de-perro-y-ataques-de-animales\/#breadcrumb"},"inLanguage":"es","potentialAction":[{"@type":"ReadAction","target":["https:\/\/priceattorneys.com\/es\/lesiones-personales\/mordeduras-de-perro-y-ataques-de-animales\/"]}]},{"@type":"ImageObject","inLanguage":"es","@id":"https:\/\/priceattorneys.com\/es\/lesiones-personales\/mordeduras-de-perro-y-ataques-de-animales\/#primaryimage","url":"https:\/\/priceattorneys.com\/wp-content\/uploads\/2022\/03\/pit.jpg","contentUrl":"https:\/\/priceattorneys.com\/wp-content\/uploads\/2022\/03\/pit.jpg"},{"@type":"BreadcrumbList","@id":"https:\/\/priceattorneys.com\/es\/lesiones-personales\/mordeduras-de-perro-y-ataques-de-animales\/#breadcrumb","itemListElement":[{"@type":"ListItem","position":1,"name":"Home","item":"https:\/\/priceattorneys.com\/es\/"},{"@type":"ListItem","position":2,"name":"Lesiones Personales","item":"https:\/\/priceattorneys.com\/es\/lesiones-personales\/"},{"@type":"ListItem","position":3,"name":"Mordeduras de Perro y Ataques de Animales"}]},{"@type":"WebSite","@id":"https:\/\/priceattorneys.com\/es\/#website","url":"https:\/\/priceattorneys.com\/es\/","name":"Price Petho &amp; Associates, Personal Injury Attorneys","description":"Charlotte Personal Injury Lawyers","potentialAction":[{"@type":"SearchAction","target":{"@type":"EntryPoint","urlTemplate":"https:\/\/priceattorneys.com\/es\/?s={search_term_string}"},"query-input":{"@type":"PropertyValueSpecification","valueRequired":true,"valueName":"search_term_string"}}],"inLanguage":"es"}]}},"_links":{"self":[{"href":"https:\/\/priceattorneys.com\/es\/wp-json\/wp\/v2\/pages\/5024","targetHints":{"allow":["GET"]}}],"collection":[{"href":"https:\/\/priceattorneys.com\/es\/wp-json\/wp\/v2\/pages"}],"about":[{"href":"https:\/\/priceattorneys.com\/es\/wp-json\/wp\/v2\/types\/page"}],"author":[{"embeddable":true,"href":"https:\/\/priceattorneys.com\/es\/wp-json\/wp\/v2\/users\/1"}],"replies":[{"embeddable":true,"href":"https:\/\/priceattorneys.com\/es\/wp-json\/wp\/v2\/comments?post=5024"}],"version-history":[{"count":0,"href":"https:\/\/priceattorneys.com\/es\/wp-json\/wp\/v2\/pages\/5024\/revisions"}],"up":[{"embeddable":true,"href":"https:\/\/priceattorneys.com\/es\/wp-json\/wp\/v2\/pages\/4969"}],"wp:attachment":[{"href":"https:\/\/priceattorneys.com\/es\/wp-json\/wp\/v2\/media?parent=5024"}],"curies":[{"name":"wp","href":"https:\/\/api.w.org\/{rel}","templated":true}]}}