{"id":5029,"date":"2020-09-23T10:14:19","date_gmt":"2020-09-23T10:14:19","guid":{"rendered":"https:\/\/priceattorneys.com\/?page_id=5029"},"modified":"2022-04-26T18:39:17","modified_gmt":"2022-04-26T18:39:17","slug":"accidentes-en-piscinas","status":"publish","type":"page","link":"https:\/\/priceattorneys.com\/es\/lesiones-personales\/responsabilidad-de-los-locales\/accidentes-en-piscinas\/","title":{"rendered":"Accidentes en Piscinas"},"content":{"rendered":"\n\n\t\t\t\t<img decoding=\"async\" src=\"https:\/\/priceattorneys.com\/wp-content\/uploads\/2022\/03\/swim.jpg\" alt=\"swim\" itemprop=\"image\" height=\"800\" width=\"2000\" title=\"swim\" onerror=\"this.style.display='none'\"  \/>\n\t<h1>Abogado de accidentes de piscina de Charlotte<\/h1>\n<h2>Abogados calificados en compensaci\u00f3n de trabajadores que prestan servicios en Carolina del Norte<\/h2>\n<p>Tanto las piscinas p\u00fablicas como las privadas son populares para refrescarse cuando hace calor, as\u00ed como una buena manera de hacer ejercicio. Sin embargo, las piscinas conllevan la posibilidad de lesiones, desde resbalones y ca\u00eddas hasta ahogamientos. Los ni\u00f1os peque\u00f1os son especialmente vulnerables a los peligros que representan las piscinas y los jacuzzis, y es importante que comprenda sus derechos despu\u00e9s de que usted o un ser querido sufran lesiones debido a la negligencia del propietario de la piscina.<\/p>\n<p>Si usted o alguien a quien ama ha resultado lesionado en un accidente en una piscina, podr\u00eda tener derecho a una compensaci\u00f3n por sus p\u00e9rdidas. En Price, Petho &amp; Asociados, tenemos una amplia experiencia en el manejo de este tipo de reclamos por lesiones y queremos ayudarlo a obtener la compensaci\u00f3n a la que tiene derecho. Las piscinas pueden ser maravillosas para fines recreativos, pero tambi\u00e9n pueden provocar lesiones o muertes cuando otros son negligentes.<\/p>\n\t<h2>\u00bfQu\u00e9 le gustar\u00eda saber?<\/h2>\n\t<ul>\n<li><a href=\"#FAQ1\">\u00bfCon qu\u00e9 frecuencia ocurren accidentes y lesiones en piscinas?<\/a><\/li>\n<li><a href=\"#FAQ2\">\u00bfCu\u00e1les son las causas comunes de lesiones en piscinas en Charlotte?<\/a><\/li>\n<li><a href=\"#FAQ3\">\u00bfQu\u00e9 tipos de lesiones ocurren en los accidentes de piscina?<\/a><\/li>\n<\/ul>\n\t<ul>\n<li><a href=\"#FAQ4\">\u00bfQu\u00e9 es una molestia atractiva?<\/a><\/li>\n<li><a href=\"#FAQ5\">\u00bfCu\u00e1l es el valor de mi caso de accidente de piscina?<\/a><\/li>\n<li><a href=\"#FAQ6\">\u00bfHay un abogado de accidentes de piscina cerca de m\u00ed?<\/a><\/li>\n<\/ul>\n\t\t\t\t<img decoding=\"async\" src=\"https:\/\/priceattorneys.com\/wp-content\/uploads\/2022\/03\/swim1.jpg\" alt=\"swim1\" itemprop=\"image\" height=\"488\" width=\"900\" title=\"swim1\" onerror=\"this.style.display='none'\"  \/>\n\t<h2>\u00bfCon qu\u00e9 frecuencia ocurren accidentes y lesiones en piscinas?<\/h2>\n<p>Un 2021 <a href=\"https:\/\/www.usnews.com\/news\/health-news\/articles\/2021-06-09\/child-drownings-in-us-pools-spas-are-on-the-rise\">Noticias de EE. UU. e informe mundial<\/a> El art\u00edculo afirma que los ahogamientos en piscinas y spas est\u00e1n aumentando, especialmente entre los ni\u00f1os. Reportan los siguientes datos:<\/p>\n<ul>\n<li>Cerca de 400 ni\u00f1os menores de 15 a\u00f1os se ahogan cada a\u00f1o en piscinas y spas<\/li>\n<li>Tres cuartas partes de los involucrados ni\u00f1os menores de 5 a\u00f1os<\/li>\n<li>El 83% de los ahogamientos se produjeron en piscinas residenciales<\/li>\n<li>Entre 2018 y 2020, alrededor de 8 de cada 10 lesiones no fatales por ahogamiento ocurrieron en ni\u00f1os menores de 5 a\u00f1os<\/li>\n<\/ul>\n<p>Aunque la cantidad de lesiones no fatales disminuy\u00f3 durante 2020, los expertos creen que la raz\u00f3n se debi\u00f3 a las restricciones de COVID en las actividades de verano en lugar de aumentar las medidas de seguridad y la conciencia.<\/p>\n\t<h2>\u00bfCu\u00e1les son las causas comunes de lesiones en piscinas en Charlotte?<\/h2>\n<p>Ya sea que estemos hablando de una piscina en una residencia privada o una piscina recreativa en un hotel, gimnasio u otra instalaci\u00f3n, es importante comprender que los propietarios y operadores de piscinas tienen el deber de garantizar que el \u00e1rea sea segura para los clientes.<\/p>\n<p>En Price, Petho &amp; Asociados, nuestros abogados especializados en piscinas de Charlotte a menudo descubren las siguientes causas de los accidentes y lesiones graves de nuestros clientes:<\/p>\n\t<ul>\n<li>Falta de advertencias sobre el uso de un trampol\u00edn o sumergirse en aguas poco profundas<\/li>\n<li>Mal uso de productos qu\u00edmicos para piscinas.<\/li>\n<li>Charcos que provocan accidentes por resbalones y ca\u00eddas alrededor de la piscina<\/li>\n<li>Personal de piscina o socorristas desatentos<\/li>\n<li>Falta de personal de piscina o socorristas.<\/li>\n<\/ul>\n\t<ul>\n<li>Barandas de seguridad rotas o sueltas<\/li>\n<li>Piscinas abarrotadas<\/li>\n<li>Escaleras rotas dentro de piscinas<\/li>\n<li>Luces rotas en la piscina<\/li>\n<li>Tapas de drenaje y filtros defectuosos<\/li>\n<\/ul>\n\t<p>Iniciamos una investigaci\u00f3n sobre su accidente o el de su ser querido para determinar qui\u00e9n y\/o qu\u00e9 fue responsable, y trabajamos para responsabilizarlos por sus lesiones y p\u00e9rdidas.<\/p>\n\t<h2>\u00bfQu\u00e9 tipos de lesiones ocurren en los accidentes de piscina?<\/h2>\n<p>Las lesiones que ocurren dentro y alrededor del \u00e1rea de la piscina son muy variadas y, a menudo, graves. Nuestros Abogados de responsabilidad de locales en Charlotte ayudar regularmente a los clientes que han sufrido lo siguiente:<\/p>\n<ul>\n<li>Laceraciones severas o heridas punzantes<\/li>\n<li>Huesos rotos y dislocados<\/li>\n<li>Lesiones cerebrales traum\u00e1ticasy conmociones cerebrales<\/li>\n<li>Lesiones de la m\u00e9dula espinal<\/li>\n<li>Otra lesi\u00f3n importante en el cuello o la espalda<\/li>\n<li>Quemaduras qu\u00edmicas<\/li>\n<li>Sangrado interno o da\u00f1o a \u00f3rganos<\/li>\n<li>Da\u00f1o cerebral moderado a severo (causado por incidentes de casi ahogamiento)<\/li>\n<\/ul>\n<p>El tipo m\u00e1s tr\u00e1gico de lesi\u00f3n en la piscina que puede ocurrir es un ahogamiento que lleva a la muerte de su ser querido. En estos casos, nuestros\u00a0 Abogados de muerte por negligencia en Charlotte trabajar para ayudar a las familias a encontrar un cierre y avanzar de la manera m\u00e1s positiva posible.<\/p>\n\t\t\t\t<img decoding=\"async\" src=\"https:\/\/priceattorneys.com\/wp-content\/uploads\/2022\/03\/pool2.jpg\" alt=\"pool2\" itemprop=\"image\" height=\"600\" width=\"900\" title=\"pool2\" onerror=\"this.style.display='none'\"  \/>\n\t<h2>\u00bfQu\u00e9 es una molestia atractiva?<\/h2>\n<p>Bajo la doctrina de \u00abmolestias atractivas\u00bb, los propietarios pueden ser considerados responsables por las lesiones que ocurren en su propiedad cuando no toman las precauciones razonables para evitar que los ni\u00f1os tengan acceso a los peligros. Algo como una piscina o un jacuzzi atrae a los ni\u00f1os peque\u00f1os; suficiente para que puedan traspasar la propiedad de una persona. Los propietarios tienen la responsabilidad de mitigar estos riesgos y mantener seguros a los ni\u00f1os peque\u00f1os.<\/p>\n<p>Por lo tanto, todos los propietarios y operadores de piscinas deben asegurarse de que el \u00e1rea de la piscina est\u00e9 asegurada para que ning\u00fan ni\u00f1o pueda entrar en el \u00e1rea sin darse cuenta. Las piscinas se consideran molestias atractivas a las que un ni\u00f1o puede intentar acceder. Incluso si un ni\u00f1o (cualquier persona menor de 18 a\u00f1os) entra ilegalmente cuando se lesiona en una piscina, el due\u00f1o de la propiedad podr\u00eda ser considerado responsable si el propietario no tom\u00f3 las medidas necesarias para evitar que el ni\u00f1o se vea envuelto en una situaci\u00f3n peligrosa y sufra lesiones graves o fatales. lesi\u00f3n.<\/p>\n\t<h2>\u00bfCu\u00e1l es el valor de mi caso de accidente de piscina?<\/h2>\n<p>El resultado de cualquier caso depende de las circunstancias del incidente y la gravedad de las lesiones y p\u00e9rdidas. Sin embargo, nuestra Charlotte abogados de lesiones personales use varias variables al determinar el valor de su reclamo, que incluyen:<\/p>\n<ul>\n<li>Cobertura de todos los gastos m\u00e9dicos, actuales y futuros<\/li>\n<li>Salarios perdidos si no puede trabajar<\/li>\n<li>Da\u00f1os por dolor y sufrimiento<\/li>\n<li>Da\u00f1os por p\u00e9rdida de disfrute personal<\/li>\n<li>Posibles da\u00f1os punitivos contra una parte gravemente negligente<\/li>\n<\/ul>\n<p>Si su hijo sufre una lesi\u00f3n grave y permanente en un accidente en una piscina, incluimos la p\u00e9rdida del potencial de ingresos cuando las lesiones impedir\u00e1n sus futuros planes escolares y profesionales. Si sucede lo peor y su hijo muere a causa de un accidente relacionado con el agua, tambi\u00e9n exigimos gastos de funeral y entierro.<\/p>\n<p>En primer lugar, nuestros abogados abogan por usted y su familia cuando sufre una lesi\u00f3n que le cambia la vida debido a la negligencia de otra persona. Podemos ayudar.<\/p>\n\t<h2>\u00bfHay un abogado de accidentes de piscina cerca de m\u00ed?<\/h2>\n<p>Price, Petho &amp; Asociados tiene oficinas en 1430 Elizabeth Ave en Charlotte, NC. Tambi\u00e9n tenemos oficinas en Rockingham y Rutherfordton para su comodidad. Si no puede acudir a nosotros, haremos los arreglos para visitarlo en su casa o en el hospital.<\/p>\n<h3>Abogados con experiencia en accidentes de piscinas en Charlotte trabajando para usted<\/h3>\n<p>Los abogados de Price, Petho &amp; Asociados trabajan con personas y familias en todo Charlotte. Si usted o un ser querido resultaron heridos en una piscina debido a la negligencia de otra persona o parte, queremos ayudarlo. Nuestro equipo puede investigar su caso, determinar todas las partes responsables y guiarlo a trav\u00e9s del proceso legal, mientras se toma el tiempo que necesita para recuperarse de sus lesiones. Para hablar con un abogado con experiencia sobre su posible caso, llame al <a href=\"tel:7043722160\">704-372-2160<\/a> o llena nuestro Formulario de contacto para programar una consulta. Atendemos a clientes en Charlotte, Rockingham,Rutherfordton, Carolina del Norte y Carolina del Sur.<\/p>\n\n","protected":false},"excerpt":{"rendered":"<p>Abogado de accidentes de piscina de Charlotte Abogados calificados en compensaci\u00f3n de trabajadores que prestan servicios en Carolina del Norte Tanto las piscinas p\u00fablicas como las privadas son populares para refrescarse cuando hace calor, as\u00ed como una buena manera de hacer ejercicio. Sin embargo, las piscinas conllevan la posibilidad de lesiones, desde resbalones y ca\u00eddas&hellip;<\/p>\n","protected":false},"author":1,"featured_media":0,"parent":5010,"menu_order":0,"comment_status":"closed","ping_status":"closed","template":"","meta":{"footnotes":""},"class_list":["post-5029","page","type-page","status-publish","hentry"],"yoast_head":"<!-- This site is optimized with the Yoast SEO plugin v27.3 - https:\/\/yoast.com\/product\/yoast-seo-wordpress\/ -->\n<title>Accidentes en Piscinas | Price Petho &amp; Associates, Personal Injury Attorneys<\/title>\n<meta name=\"robots\" content=\"index, follow, max-snippet:-1, max-image-preview:large, max-video-preview:-1\" \/>\n<link rel=\"canonical\" href=\"https:\/\/priceattorneys.com\/es\/lesiones-personales\/responsabilidad-de-los-locales\/accidentes-en-piscinas\/\" \/>\n<meta property=\"og:locale\" content=\"es_ES\" \/>\n<meta property=\"og:type\" content=\"article\" \/>\n<meta property=\"og:title\" content=\"Accidentes en Piscinas | Price Petho &amp; Associates, Personal Injury Attorneys\" \/>\n<meta property=\"og:description\" content=\"Abogado de accidentes de piscina de Charlotte Abogados calificados en compensaci\u00f3n de trabajadores que prestan servicios en Carolina del Norte Tanto las piscinas p\u00fablicas como las privadas son populares para refrescarse cuando hace calor, as\u00ed como una buena manera de hacer ejercicio. Sin embargo, las piscinas conllevan la posibilidad de lesiones, desde resbalones y ca\u00eddas&hellip;\" \/>\n<meta property=\"og:url\" content=\"https:\/\/priceattorneys.com\/es\/lesiones-personales\/responsabilidad-de-los-locales\/accidentes-en-piscinas\/\" \/>\n<meta property=\"og:site_name\" content=\"Price Petho &amp; Associates, Personal Injury Attorneys\" \/>\n<meta property=\"article:modified_time\" content=\"2022-04-26T18:39:17+00:00\" \/>\n<meta property=\"og:image\" content=\"https:\/\/priceattorneys.com\/wp-content\/uploads\/2022\/03\/swim.jpg\" \/>\n<meta name=\"twitter:card\" content=\"summary_large_image\" \/>\n<meta name=\"twitter:label1\" content=\"Tiempo de lectura\" \/>\n\t<meta name=\"twitter:data1\" content=\"6 minutos\" \/>\n<script type=\"application\/ld+json\" class=\"yoast-schema-graph\">{\"@context\":\"https:\\\/\\\/schema.org\",\"@graph\":[{\"@type\":\"WebPage\",\"@id\":\"https:\\\/\\\/priceattorneys.com\\\/es\\\/lesiones-personales\\\/responsabilidad-de-los-locales\\\/accidentes-en-piscinas\\\/\",\"url\":\"https:\\\/\\\/priceattorneys.com\\\/es\\\/lesiones-personales\\\/responsabilidad-de-los-locales\\\/accidentes-en-piscinas\\\/\",\"name\":\"Accidentes en Piscinas | Price Petho &amp; Associates, Personal Injury Attorneys\",\"isPartOf\":{\"@id\":\"https:\\\/\\\/priceattorneys.com\\\/es\\\/#website\"},\"primaryImageOfPage\":{\"@id\":\"https:\\\/\\\/priceattorneys.com\\\/es\\\/lesiones-personales\\\/responsabilidad-de-los-locales\\\/accidentes-en-piscinas\\\/#primaryimage\"},\"image\":{\"@id\":\"https:\\\/\\\/priceattorneys.com\\\/es\\\/lesiones-personales\\\/responsabilidad-de-los-locales\\\/accidentes-en-piscinas\\\/#primaryimage\"},\"thumbnailUrl\":\"https:\\\/\\\/priceattorneys.com\\\/wp-content\\\/uploads\\\/2022\\\/03\\\/swim.jpg\",\"datePublished\":\"2020-09-23T10:14:19+00:00\",\"dateModified\":\"2022-04-26T18:39:17+00:00\",\"breadcrumb\":{\"@id\":\"https:\\\/\\\/priceattorneys.com\\\/es\\\/lesiones-personales\\\/responsabilidad-de-los-locales\\\/accidentes-en-piscinas\\\/#breadcrumb\"},\"inLanguage\":\"es\",\"potentialAction\":[{\"@type\":\"ReadAction\",\"target\":[\"https:\\\/\\\/priceattorneys.com\\\/es\\\/lesiones-personales\\\/responsabilidad-de-los-locales\\\/accidentes-en-piscinas\\\/\"]}]},{\"@type\":\"ImageObject\",\"inLanguage\":\"es\",\"@id\":\"https:\\\/\\\/priceattorneys.com\\\/es\\\/lesiones-personales\\\/responsabilidad-de-los-locales\\\/accidentes-en-piscinas\\\/#primaryimage\",\"url\":\"https:\\\/\\\/priceattorneys.com\\\/wp-content\\\/uploads\\\/2022\\\/03\\\/swim.jpg\",\"contentUrl\":\"https:\\\/\\\/priceattorneys.com\\\/wp-content\\\/uploads\\\/2022\\\/03\\\/swim.jpg\"},{\"@type\":\"BreadcrumbList\",\"@id\":\"https:\\\/\\\/priceattorneys.com\\\/es\\\/lesiones-personales\\\/responsabilidad-de-los-locales\\\/accidentes-en-piscinas\\\/#breadcrumb\",\"itemListElement\":[{\"@type\":\"ListItem\",\"position\":1,\"name\":\"Home\",\"item\":\"https:\\\/\\\/priceattorneys.com\\\/es\\\/\"},{\"@type\":\"ListItem\",\"position\":2,\"name\":\"Lesiones Personales\",\"item\":\"https:\\\/\\\/priceattorneys.com\\\/es\\\/lesiones-personales\\\/\"},{\"@type\":\"ListItem\",\"position\":3,\"name\":\"Responsabilidad de los Locales\",\"item\":\"https:\\\/\\\/priceattorneys.com\\\/es\\\/lesiones-personales\\\/responsabilidad-de-los-locales\\\/\"},{\"@type\":\"ListItem\",\"position\":4,\"name\":\"Accidentes en Piscinas\"}]},{\"@type\":\"WebSite\",\"@id\":\"https:\\\/\\\/priceattorneys.com\\\/es\\\/#website\",\"url\":\"https:\\\/\\\/priceattorneys.com\\\/es\\\/\",\"name\":\"Price Petho &amp; Associates, Personal Injury Attorneys\",\"description\":\"Charlotte Personal Injury Lawyers\",\"potentialAction\":[{\"@type\":\"SearchAction\",\"target\":{\"@type\":\"EntryPoint\",\"urlTemplate\":\"https:\\\/\\\/priceattorneys.com\\\/es\\\/?s={search_term_string}\"},\"query-input\":{\"@type\":\"PropertyValueSpecification\",\"valueRequired\":true,\"valueName\":\"search_term_string\"}}],\"inLanguage\":\"es\"}]}<\/script>\n<!-- \/ Yoast SEO plugin. -->","yoast_head_json":{"title":"Accidentes en Piscinas | Price Petho &amp; Associates, Personal Injury Attorneys","robots":{"index":"index","follow":"follow","max-snippet":"max-snippet:-1","max-image-preview":"max-image-preview:large","max-video-preview":"max-video-preview:-1"},"canonical":"https:\/\/priceattorneys.com\/es\/lesiones-personales\/responsabilidad-de-los-locales\/accidentes-en-piscinas\/","og_locale":"es_ES","og_type":"article","og_title":"Accidentes en Piscinas | Price Petho &amp; Associates, Personal Injury Attorneys","og_description":"Abogado de accidentes de piscina de Charlotte Abogados calificados en compensaci\u00f3n de trabajadores que prestan servicios en Carolina del Norte Tanto las piscinas p\u00fablicas como las privadas son populares para refrescarse cuando hace calor, as\u00ed como una buena manera de hacer ejercicio. Sin embargo, las piscinas conllevan la posibilidad de lesiones, desde resbalones y ca\u00eddas&hellip;","og_url":"https:\/\/priceattorneys.com\/es\/lesiones-personales\/responsabilidad-de-los-locales\/accidentes-en-piscinas\/","og_site_name":"Price Petho &amp; Associates, Personal Injury Attorneys","article_modified_time":"2022-04-26T18:39:17+00:00","og_image":[{"url":"https:\/\/priceattorneys.com\/wp-content\/uploads\/2022\/03\/swim.jpg","type":"","width":"","height":""}],"twitter_card":"summary_large_image","twitter_misc":{"Tiempo de lectura":"6 minutos"},"schema":{"@context":"https:\/\/schema.org","@graph":[{"@type":"WebPage","@id":"https:\/\/priceattorneys.com\/es\/lesiones-personales\/responsabilidad-de-los-locales\/accidentes-en-piscinas\/","url":"https:\/\/priceattorneys.com\/es\/lesiones-personales\/responsabilidad-de-los-locales\/accidentes-en-piscinas\/","name":"Accidentes en Piscinas | Price Petho &amp; Associates, Personal Injury Attorneys","isPartOf":{"@id":"https:\/\/priceattorneys.com\/es\/#website"},"primaryImageOfPage":{"@id":"https:\/\/priceattorneys.com\/es\/lesiones-personales\/responsabilidad-de-los-locales\/accidentes-en-piscinas\/#primaryimage"},"image":{"@id":"https:\/\/priceattorneys.com\/es\/lesiones-personales\/responsabilidad-de-los-locales\/accidentes-en-piscinas\/#primaryimage"},"thumbnailUrl":"https:\/\/priceattorneys.com\/wp-content\/uploads\/2022\/03\/swim.jpg","datePublished":"2020-09-23T10:14:19+00:00","dateModified":"2022-04-26T18:39:17+00:00","breadcrumb":{"@id":"https:\/\/priceattorneys.com\/es\/lesiones-personales\/responsabilidad-de-los-locales\/accidentes-en-piscinas\/#breadcrumb"},"inLanguage":"es","potentialAction":[{"@type":"ReadAction","target":["https:\/\/priceattorneys.com\/es\/lesiones-personales\/responsabilidad-de-los-locales\/accidentes-en-piscinas\/"]}]},{"@type":"ImageObject","inLanguage":"es","@id":"https:\/\/priceattorneys.com\/es\/lesiones-personales\/responsabilidad-de-los-locales\/accidentes-en-piscinas\/#primaryimage","url":"https:\/\/priceattorneys.com\/wp-content\/uploads\/2022\/03\/swim.jpg","contentUrl":"https:\/\/priceattorneys.com\/wp-content\/uploads\/2022\/03\/swim.jpg"},{"@type":"BreadcrumbList","@id":"https:\/\/priceattorneys.com\/es\/lesiones-personales\/responsabilidad-de-los-locales\/accidentes-en-piscinas\/#breadcrumb","itemListElement":[{"@type":"ListItem","position":1,"name":"Home","item":"https:\/\/priceattorneys.com\/es\/"},{"@type":"ListItem","position":2,"name":"Lesiones Personales","item":"https:\/\/priceattorneys.com\/es\/lesiones-personales\/"},{"@type":"ListItem","position":3,"name":"Responsabilidad de los Locales","item":"https:\/\/priceattorneys.com\/es\/lesiones-personales\/responsabilidad-de-los-locales\/"},{"@type":"ListItem","position":4,"name":"Accidentes en Piscinas"}]},{"@type":"WebSite","@id":"https:\/\/priceattorneys.com\/es\/#website","url":"https:\/\/priceattorneys.com\/es\/","name":"Price Petho &amp; Associates, Personal Injury Attorneys","description":"Charlotte Personal Injury Lawyers","potentialAction":[{"@type":"SearchAction","target":{"@type":"EntryPoint","urlTemplate":"https:\/\/priceattorneys.com\/es\/?s={search_term_string}"},"query-input":{"@type":"PropertyValueSpecification","valueRequired":true,"valueName":"search_term_string"}}],"inLanguage":"es"}]}},"_links":{"self":[{"href":"https:\/\/priceattorneys.com\/es\/wp-json\/wp\/v2\/pages\/5029","targetHints":{"allow":["GET"]}}],"collection":[{"href":"https:\/\/priceattorneys.com\/es\/wp-json\/wp\/v2\/pages"}],"about":[{"href":"https:\/\/priceattorneys.com\/es\/wp-json\/wp\/v2\/types\/page"}],"author":[{"embeddable":true,"href":"https:\/\/priceattorneys.com\/es\/wp-json\/wp\/v2\/users\/1"}],"replies":[{"embeddable":true,"href":"https:\/\/priceattorneys.com\/es\/wp-json\/wp\/v2\/comments?post=5029"}],"version-history":[{"count":0,"href":"https:\/\/priceattorneys.com\/es\/wp-json\/wp\/v2\/pages\/5029\/revisions"}],"up":[{"embeddable":true,"href":"https:\/\/priceattorneys.com\/es\/wp-json\/wp\/v2\/pages\/5010"}],"wp:attachment":[{"href":"https:\/\/priceattorneys.com\/es\/wp-json\/wp\/v2\/media?parent=5029"}],"curies":[{"name":"wp","href":"https:\/\/api.w.org\/{rel}","templated":true}]}}