{"id":5034,"date":"2020-11-24T09:05:51","date_gmt":"2020-11-24T09:05:51","guid":{"rendered":"https:\/\/priceattorneys.com\/?page_id=5034"},"modified":"2022-04-26T19:25:30","modified_gmt":"2022-04-26T19:25:30","slug":"seguridad-negligente","status":"publish","type":"page","link":"https:\/\/priceattorneys.com\/es\/lesiones-personales\/responsabilidad-de-los-locales\/seguridad-negligente\/","title":{"rendered":"Seguridad Negligente"},"content":{"rendered":"\n\n\t\t\t\t<img decoding=\"async\" src=\"https:\/\/priceattorneys.com\/wp-content\/uploads\/2022\/03\/security.jpg\" alt=\"security\" itemprop=\"image\" height=\"621\" width=\"1245\" title=\"security\" onerror=\"this.style.display='none'\"  \/>\n\t<h1>Abogados de seguridad negligente de Charlotte, NC<\/h1>\n<h2>Cuando usted es lastimado o agredido por la seguridad inadecuada de un edificio en todo Carolina del Norte<\/h2>\n<p>Cuando ingresa a la propiedad de otra persona, no debe preocuparse por lastimarse. Sin embargo, hay momentos en que los propietarios no aseguran adecuadamente sus edificios. Si los propietarios no mantienen la seguridad adecuada en sus instalaciones, cualquier persona presente podr\u00eda correr el riesgo de sufrir agresiones f\u00edsicas o ataques. Desafortunadamente, los malhechores pueden causar lesiones importantes.<\/p>\n<p>En Price, Petho &amp; Asociados, estamos aqu\u00ed para ayudarlo cuando necesite un abogado con experiencia en Charlotte despu\u00e9s de sufrir una lesi\u00f3n causada por seguridad inadecuada o negligente. Investigamos a fondo lo que sucedi\u00f3, trabajamos para establecer la responsabilidad por el incidente y lo ayudamos a obtener una compensaci\u00f3n total por sus p\u00e9rdidas. Nuestra larga historia de exito y testimonios de clientes habla por si mismo; p\u00f3ngase en contacto con nosotros hoy para averiguar c\u00f3mo podemos ayudarlo tambi\u00e9n.<\/p>\n\t<h2>\u00bfQu\u00e9 le gustar\u00eda saber?<\/h2>\n\t<ul>\n<li><a href=\"#FAQ1\">\u00bfQu\u00e9 es un reclamo de seguridad negligente?<\/a><\/li>\n<li><a href=\"#FAQ2\">\u00bfCu\u00e1les son las responsabilidades de los propietarios de Charlotte?<\/a><\/li>\n<li><a href=\"#FAQ3\">\u00bfCu\u00e1les son algunos ejemplos de seguridad negligente?<\/a><\/li>\n<li><a href=\"#FAQ4\">\u00bfCu\u00e1l es el valor de mi reclamo de seguridad de edificio inadecuado en Charlotte?<\/a><\/li>\n<li><a href=\"#FAQ5\">\u00bfHay un abogado de seguridad negligente cerca de m\u00ed?<\/a><\/li>\n<\/ul>\n\t\t\t\t<img decoding=\"async\" src=\"https:\/\/priceattorneys.com\/wp-content\/uploads\/2022\/03\/security2.jpg\" alt=\"security2\" itemprop=\"image\" height=\"527\" width=\"1200\" title=\"security2\" onerror=\"this.style.display='none'\"  \/>\n\t<h2>\u00bfQu\u00e9 es un reclamo de seguridad de edificio inadecuado?<\/h2>\n<p>Aqu\u00ed en Charlotte, los reclamos de seguridad de edificios negligentes (o inadecuados) caen bajo la teor\u00eda de <a href=\"https:\/\/priceattorneys.com\/es\/lesiones-personales\/responsabilidad-de-los-locales\/\">responsabilidad de locales<\/a>. Esto significa que la ley establece que los due\u00f1os de propiedades pueden ser considerados responsables de los visitantes e invitados lesionados en sus instalaciones debido a la falta de mantenimiento de condiciones seguras. Esto incluye la obligaci\u00f3n de proteger razonablemente a sus visitantes de agresiones y lesiones de otras personas en las instalaciones.<\/p>\n<p>Probar un reclamo de seguridad negligente es muy similar a probar cualquier reclamo de responsabilidad del local, en el sentido de que debe demostrar que exist\u00eda una situaci\u00f3n peligrosa, que el due\u00f1o de la propiedad sab\u00eda (o deber\u00eda haber sabido) al respecto y que no tom\u00f3 las medidas razonables para remediarlo. el problema (incluidas las advertencias a los usuarios o visitantes). Adem\u00e1s, tambi\u00e9n debe demostrar que la falta de seguridad condujo directamente a sus lesiones. Los abogados de Price, Petho &amp; Asociados pueden ayudar.<\/p>\n\t<h2>\u00bfCu\u00e1les son las responsabilidades de los propietarios de Charlotte?<\/h2>\n<p>La mayor\u00eda de la gente entiende que los propietarios tienen el deber de mantener su propiedad libre de peligros que puedan causar da\u00f1o a otros. Sin embargo, los propietarios tambi\u00e9n tienen el deber de garantizar que sus trabajadores e invitados est\u00e9n razonablemente a salvo de los riesgos de seguridad previsibles. Lo que constituye una \u00abseguridad adecuada\u00bb depende de factores espec\u00edficos relacionados con cada propiedad en particular.<\/p>\n<p>Ya sea que una propiedad sea un negocio, un complejo de apartamentos o alg\u00fan otro tipo de \u00e1rea residencial o industrial, los propietarios deben tomar medidas razonables para garantizar la seguridad. Esto puede incluir:<\/p>\n<ul>\n<li>Instalaci\u00f3n de c\u00e1maras de video para registrar la actividad en las instalaciones.<\/li>\n<li>Asegurarse de que las puertas tengan mirillas (para propiedades residenciales y hoteleras)<\/li>\n<li>Instalaci\u00f3n de cercas y puertas cerradas para mantener alejados a los intrusos<\/li>\n<li>Asegurarse de que los empleados comprendan todos los procedimientos de seguridad.<\/li>\n<li>Implementar procedimientos adecuados de check-in y check-out de los hu\u00e9spedes<\/li>\n<li>Proporcionar iluminaci\u00f3n de seguridad adecuada en todo el recinto.<\/li>\n<li>Realizar verificaciones exhaustivas de antecedentes de empleados o inquilinos.<\/li>\n<li>Contrataci\u00f3n de guardias de seguridad para patrullar el \u00e1rea si es necesario.<\/li>\n<\/ul>\n<p>Cada vez que los propietarios, administradores o propietarios no toman medidas preventivas para mantener seguros a sus invitados, trabajadores y residentes, pueden ser responsables de las lesiones resultantes.<\/p>\n<p>Al trabajar para determinar qu\u00e9 constituir\u00e1 la seguridad adecuada para un lugar en particular, los propietarios y administradores de propiedades deben considerar:<\/p>\n<ul>\n<li>Naturaleza del negocio o prop\u00f3sito de la propiedad (algunos negocios requieren m\u00e1s seguridad que otros)<\/li>\n<li>Estad\u00edsticas de delincuencia para el \u00e1rea circundante<\/li>\n<li>Historial de actividad criminal en la propiedad en particular<\/li>\n<\/ul>\n<p>Con las medidas de seguridad adecuadas, los propietarios pueden ayudar a evitar que los clientes se conviertan en v\u00edctimas de asalto, p\u00e9rdida de propiedad u otros tipos de delitos violentos. La seguridad es un impedimento para la actividad delictiva, al igual que la falta de seguridad es un im\u00e1n para los malhechores.<\/p>\n\t<h2>\u00bfCu\u00e1les son algunos ejemplos de seguridad negligente?<\/h2>\n<p>La idea de que los due\u00f1os de propiedades puedan ser considerados responsables por asaltos o ataques criminales en sus instalaciones puede ser confusa para muchas personas. Despu\u00e9s de todo, \u00bfes justo responsabilizar al due\u00f1o de la propiedad por una agresi\u00f3n que no cometi\u00f3?<\/p>\n<p>La respuesta a esta pregunta se remonta a la revisi\u00f3n de la obligaci\u00f3n del due\u00f1o de la propiedad de garantizar que las instalaciones sean razonablemente seguras, particularmente cuando el p\u00fablico usa la propiedad con frecuencia. Esta responsabilidad va m\u00e1s all\u00e1 de limpiar derrames y fugas ocasionales y garantizar que las instalaciones se mantengan adecuadamente. Esto tambi\u00e9n significa tomar las medidas de seguridad adecuadas para que aquellos que tienen derecho a estar en la propiedad no corran un riesgo irrazonable de ser v\u00edctimas de otros.<\/p>\n<p>En Price, Petho &amp; Asociados, algunos de los ejemplos m\u00e1s comunes de seguridad negligente que pueden conducir a un asalto o ataque incluyen los siguientes:<\/p>\n<ul>\n<li>Iluminaci\u00f3n inadecuada<\/li>\n<li>Cerraduras rotas o d\u00e9biles<\/li>\n<li>Pol\u00edticas de gesti\u00f3n deficientes<\/li>\n<li>No restringir el acceso a la propiedad<\/li>\n<li>Puertas que funcionan mal<\/li>\n<li>Falta de c\u00e1maras de seguridad o alarmas.<\/li>\n<li>Guardias de seguridad inadecuadamente entrenados o inexistentes<\/li>\n<li>No controlar la entrada en busca de armas<\/li>\n<li>No completar las verificaciones de antecedentes penales<\/li>\n<\/ul>\n<p>La idea general detr\u00e1s de responsabilizar al due\u00f1o de una propiedad por un asalto o ataque es demostrar que el due\u00f1o de la propiedad preve\u00eda el crimen de alguna manera. Algunos lugares donde nuestros abogados de responsabilidad de locales de Charlotte a menudo ven agresiones de terceros incluyen:<\/p>\n<ul>\n<li>Cajeros autom\u00e1ticos<\/li>\n<li>Centros comerciales<\/li>\n<li>Dormitorios universitarios<\/li>\n<li>Discotecas<\/li>\n<li>Hoteles<\/li>\n<li>Estacionamientos<\/li>\n<li>Parques de atracciones<\/li>\n<li>Tiendas de comestibles<\/li>\n<li>Bares y restaurantes<\/li>\n<\/ul>\n<p>Ciertamente, esta no es una lista exhaustiva. Nuestros abogados revisar\u00e1n su caso y trabajar\u00e1n para comprender si ser\u00eda razonable presentar un reclamo legal contra un propietario negligente.<\/p>\n\t\t\t\t<img decoding=\"async\" src=\"https:\/\/priceattorneys.com\/wp-content\/uploads\/2022\/03\/security3.jpg\" alt=\"security3\" itemprop=\"image\" height=\"1094\" width=\"807\" title=\"security3\" onerror=\"this.style.display='none'\"  \/>\n\t<h2>\u00bfCu\u00e1l es el valor de mi reclamo de seguridad de edificio inadecuado en Charlotte?<\/h2>\n<p>Si usted o alguien a quien ama ha resultado lesionado porque el due\u00f1o de una propiedad no asegur\u00f3 adecuadamente sus instalaciones, comun\u00edquese hoy con los abogados de Price, Petho &amp; Asociados para que lo ayuden con su caso. Tenemos los recursos necesarios para investigar completamente su reclamo y trabajar para recuperar la compensaci\u00f3n que merece por sus lesiones y p\u00e9rdidas. Esto puede incluir:<\/p>\n<ul>\n<li>Cobertura de facturas m\u00e9dicas, actuales y futuras<\/li>\n<li>Salarios perdidos si no puede trabajar<\/li>\n<li>Cualquier gasto de bolsillo en el que incurra debido a sus lesiones<\/li>\n<li>Compensaci\u00f3n por la p\u00e9rdida del disfrute de la vida<\/li>\n<li>Da\u00f1os por dolor y sufrimiento<\/li>\n<li>Da\u00f1os punitivos, en casos de negligencia grave<\/li>\n<\/ul>\n<p>Cuando necesite un abogado de responsabilidad de locales en Charlotte, estamos aqu\u00ed para ayudarlo en cada paso del camino.<\/p>\n\t<h2>\u00bfHay un abogado de seguridad negligente cerca de m\u00ed?<\/h2>\n<p>Puede encontrar a Price, Petho &amp; Asociados en 1430 Elizabeth Ave en Charlotte. Tambi\u00e9n mantenemos oficinas en Rockingham y Rutherfordton para su comodidad. Si est\u00e1 demasiado lesionado para acudir a nosotros, tambi\u00e9n hacemos visitas a domicilio y al hospital.<\/p>\n<h3>Abogados experimentados en seguridad negligente de Charlotte<\/h3>\n<p>Si usted o un ser querido sufrieron da\u00f1os o lesiones debido a la negligencia en la seguridad del edificio, los abogados de Price, Petho &amp; Asociados pueden ayudarlo. Hemos representado a la gente de Charlotte desde 1979 con miles de casos de lesiones personales, ayudando a asegurar millones de d\u00f3lares en acuerdos y indemnizaciones. Cuando est\u00e1 herido sin culpa propia, podemos ayudarlo a buscar justicia y la compensaci\u00f3n a la que tiene derecho. Llamar <a href=\"tel:7043722160\">704-372-2160<\/a> o llena nuestro Formulario de contacto hoy para programar una consulta gratuita. Sirviendo a Carlota, Rockingham, Rutherfordton, Carolina del Norte y Carolina del Sur.<\/p>\n\n","protected":false},"excerpt":{"rendered":"<p>Abogados de seguridad negligente de Charlotte, NC Cuando usted es lastimado o agredido por la seguridad inadecuada de un edificio en todo Carolina del Norte Cuando ingresa a la propiedad de otra persona, no debe preocuparse por lastimarse. Sin embargo, hay momentos en que los propietarios no aseguran adecuadamente sus edificios. Si los propietarios no&hellip;<\/p>\n","protected":false},"author":1,"featured_media":0,"parent":5010,"menu_order":0,"comment_status":"closed","ping_status":"closed","template":"","meta":{"footnotes":""},"class_list":["post-5034","page","type-page","status-publish","hentry"],"yoast_head":"<!-- This site is optimized with the Yoast SEO plugin v27.3 - https:\/\/yoast.com\/product\/yoast-seo-wordpress\/ -->\n<title>Seguridad Negligente | Price Petho &amp; Associates, Personal Injury Attorneys<\/title>\n<meta name=\"robots\" content=\"index, follow, max-snippet:-1, max-image-preview:large, max-video-preview:-1\" \/>\n<link rel=\"canonical\" href=\"https:\/\/priceattorneys.com\/es\/lesiones-personales\/responsabilidad-de-los-locales\/seguridad-negligente\/\" \/>\n<meta property=\"og:locale\" content=\"es_ES\" \/>\n<meta property=\"og:type\" content=\"article\" \/>\n<meta property=\"og:title\" content=\"Seguridad Negligente | Price Petho &amp; Associates, Personal Injury Attorneys\" \/>\n<meta property=\"og:description\" content=\"Abogados de seguridad negligente de Charlotte, NC Cuando usted es lastimado o agredido por la seguridad inadecuada de un edificio en todo Carolina del Norte Cuando ingresa a la propiedad de otra persona, no debe preocuparse por lastimarse. Sin embargo, hay momentos en que los propietarios no aseguran adecuadamente sus edificios. Si los propietarios no&hellip;\" \/>\n<meta property=\"og:url\" content=\"https:\/\/priceattorneys.com\/es\/lesiones-personales\/responsabilidad-de-los-locales\/seguridad-negligente\/\" \/>\n<meta property=\"og:site_name\" content=\"Price Petho &amp; Associates, Personal Injury Attorneys\" \/>\n<meta property=\"article:modified_time\" content=\"2022-04-26T19:25:30+00:00\" \/>\n<meta property=\"og:image\" content=\"https:\/\/priceattorneys.com\/wp-content\/uploads\/2022\/03\/security.jpg\" \/>\n<meta name=\"twitter:card\" content=\"summary_large_image\" \/>\n<meta name=\"twitter:label1\" content=\"Tiempo de lectura\" \/>\n\t<meta name=\"twitter:data1\" content=\"7 minutos\" \/>\n<script type=\"application\/ld+json\" class=\"yoast-schema-graph\">{\"@context\":\"https:\\\/\\\/schema.org\",\"@graph\":[{\"@type\":\"WebPage\",\"@id\":\"https:\\\/\\\/priceattorneys.com\\\/es\\\/lesiones-personales\\\/responsabilidad-de-los-locales\\\/seguridad-negligente\\\/\",\"url\":\"https:\\\/\\\/priceattorneys.com\\\/es\\\/lesiones-personales\\\/responsabilidad-de-los-locales\\\/seguridad-negligente\\\/\",\"name\":\"Seguridad Negligente | Price Petho &amp; Associates, Personal Injury Attorneys\",\"isPartOf\":{\"@id\":\"https:\\\/\\\/priceattorneys.com\\\/es\\\/#website\"},\"primaryImageOfPage\":{\"@id\":\"https:\\\/\\\/priceattorneys.com\\\/es\\\/lesiones-personales\\\/responsabilidad-de-los-locales\\\/seguridad-negligente\\\/#primaryimage\"},\"image\":{\"@id\":\"https:\\\/\\\/priceattorneys.com\\\/es\\\/lesiones-personales\\\/responsabilidad-de-los-locales\\\/seguridad-negligente\\\/#primaryimage\"},\"thumbnailUrl\":\"https:\\\/\\\/priceattorneys.com\\\/wp-content\\\/uploads\\\/2022\\\/03\\\/security.jpg\",\"datePublished\":\"2020-11-24T09:05:51+00:00\",\"dateModified\":\"2022-04-26T19:25:30+00:00\",\"breadcrumb\":{\"@id\":\"https:\\\/\\\/priceattorneys.com\\\/es\\\/lesiones-personales\\\/responsabilidad-de-los-locales\\\/seguridad-negligente\\\/#breadcrumb\"},\"inLanguage\":\"es\",\"potentialAction\":[{\"@type\":\"ReadAction\",\"target\":[\"https:\\\/\\\/priceattorneys.com\\\/es\\\/lesiones-personales\\\/responsabilidad-de-los-locales\\\/seguridad-negligente\\\/\"]}]},{\"@type\":\"ImageObject\",\"inLanguage\":\"es\",\"@id\":\"https:\\\/\\\/priceattorneys.com\\\/es\\\/lesiones-personales\\\/responsabilidad-de-los-locales\\\/seguridad-negligente\\\/#primaryimage\",\"url\":\"https:\\\/\\\/priceattorneys.com\\\/wp-content\\\/uploads\\\/2022\\\/03\\\/security.jpg\",\"contentUrl\":\"https:\\\/\\\/priceattorneys.com\\\/wp-content\\\/uploads\\\/2022\\\/03\\\/security.jpg\"},{\"@type\":\"BreadcrumbList\",\"@id\":\"https:\\\/\\\/priceattorneys.com\\\/es\\\/lesiones-personales\\\/responsabilidad-de-los-locales\\\/seguridad-negligente\\\/#breadcrumb\",\"itemListElement\":[{\"@type\":\"ListItem\",\"position\":1,\"name\":\"Home\",\"item\":\"https:\\\/\\\/priceattorneys.com\\\/es\\\/\"},{\"@type\":\"ListItem\",\"position\":2,\"name\":\"Lesiones Personales\",\"item\":\"https:\\\/\\\/priceattorneys.com\\\/es\\\/lesiones-personales\\\/\"},{\"@type\":\"ListItem\",\"position\":3,\"name\":\"Responsabilidad de los Locales\",\"item\":\"https:\\\/\\\/priceattorneys.com\\\/es\\\/lesiones-personales\\\/responsabilidad-de-los-locales\\\/\"},{\"@type\":\"ListItem\",\"position\":4,\"name\":\"Seguridad Negligente\"}]},{\"@type\":\"WebSite\",\"@id\":\"https:\\\/\\\/priceattorneys.com\\\/es\\\/#website\",\"url\":\"https:\\\/\\\/priceattorneys.com\\\/es\\\/\",\"name\":\"Price Petho &amp; Associates, Personal Injury Attorneys\",\"description\":\"Charlotte Personal Injury Lawyers\",\"potentialAction\":[{\"@type\":\"SearchAction\",\"target\":{\"@type\":\"EntryPoint\",\"urlTemplate\":\"https:\\\/\\\/priceattorneys.com\\\/es\\\/?s={search_term_string}\"},\"query-input\":{\"@type\":\"PropertyValueSpecification\",\"valueRequired\":true,\"valueName\":\"search_term_string\"}}],\"inLanguage\":\"es\"}]}<\/script>\n<!-- \/ Yoast SEO plugin. -->","yoast_head_json":{"title":"Seguridad Negligente | Price Petho &amp; Associates, Personal Injury Attorneys","robots":{"index":"index","follow":"follow","max-snippet":"max-snippet:-1","max-image-preview":"max-image-preview:large","max-video-preview":"max-video-preview:-1"},"canonical":"https:\/\/priceattorneys.com\/es\/lesiones-personales\/responsabilidad-de-los-locales\/seguridad-negligente\/","og_locale":"es_ES","og_type":"article","og_title":"Seguridad Negligente | Price Petho &amp; Associates, Personal Injury Attorneys","og_description":"Abogados de seguridad negligente de Charlotte, NC Cuando usted es lastimado o agredido por la seguridad inadecuada de un edificio en todo Carolina del Norte Cuando ingresa a la propiedad de otra persona, no debe preocuparse por lastimarse. Sin embargo, hay momentos en que los propietarios no aseguran adecuadamente sus edificios. Si los propietarios no&hellip;","og_url":"https:\/\/priceattorneys.com\/es\/lesiones-personales\/responsabilidad-de-los-locales\/seguridad-negligente\/","og_site_name":"Price Petho &amp; Associates, Personal Injury Attorneys","article_modified_time":"2022-04-26T19:25:30+00:00","og_image":[{"url":"https:\/\/priceattorneys.com\/wp-content\/uploads\/2022\/03\/security.jpg","type":"","width":"","height":""}],"twitter_card":"summary_large_image","twitter_misc":{"Tiempo de lectura":"7 minutos"},"schema":{"@context":"https:\/\/schema.org","@graph":[{"@type":"WebPage","@id":"https:\/\/priceattorneys.com\/es\/lesiones-personales\/responsabilidad-de-los-locales\/seguridad-negligente\/","url":"https:\/\/priceattorneys.com\/es\/lesiones-personales\/responsabilidad-de-los-locales\/seguridad-negligente\/","name":"Seguridad Negligente | Price Petho &amp; Associates, Personal Injury Attorneys","isPartOf":{"@id":"https:\/\/priceattorneys.com\/es\/#website"},"primaryImageOfPage":{"@id":"https:\/\/priceattorneys.com\/es\/lesiones-personales\/responsabilidad-de-los-locales\/seguridad-negligente\/#primaryimage"},"image":{"@id":"https:\/\/priceattorneys.com\/es\/lesiones-personales\/responsabilidad-de-los-locales\/seguridad-negligente\/#primaryimage"},"thumbnailUrl":"https:\/\/priceattorneys.com\/wp-content\/uploads\/2022\/03\/security.jpg","datePublished":"2020-11-24T09:05:51+00:00","dateModified":"2022-04-26T19:25:30+00:00","breadcrumb":{"@id":"https:\/\/priceattorneys.com\/es\/lesiones-personales\/responsabilidad-de-los-locales\/seguridad-negligente\/#breadcrumb"},"inLanguage":"es","potentialAction":[{"@type":"ReadAction","target":["https:\/\/priceattorneys.com\/es\/lesiones-personales\/responsabilidad-de-los-locales\/seguridad-negligente\/"]}]},{"@type":"ImageObject","inLanguage":"es","@id":"https:\/\/priceattorneys.com\/es\/lesiones-personales\/responsabilidad-de-los-locales\/seguridad-negligente\/#primaryimage","url":"https:\/\/priceattorneys.com\/wp-content\/uploads\/2022\/03\/security.jpg","contentUrl":"https:\/\/priceattorneys.com\/wp-content\/uploads\/2022\/03\/security.jpg"},{"@type":"BreadcrumbList","@id":"https:\/\/priceattorneys.com\/es\/lesiones-personales\/responsabilidad-de-los-locales\/seguridad-negligente\/#breadcrumb","itemListElement":[{"@type":"ListItem","position":1,"name":"Home","item":"https:\/\/priceattorneys.com\/es\/"},{"@type":"ListItem","position":2,"name":"Lesiones Personales","item":"https:\/\/priceattorneys.com\/es\/lesiones-personales\/"},{"@type":"ListItem","position":3,"name":"Responsabilidad de los Locales","item":"https:\/\/priceattorneys.com\/es\/lesiones-personales\/responsabilidad-de-los-locales\/"},{"@type":"ListItem","position":4,"name":"Seguridad Negligente"}]},{"@type":"WebSite","@id":"https:\/\/priceattorneys.com\/es\/#website","url":"https:\/\/priceattorneys.com\/es\/","name":"Price Petho &amp; Associates, Personal Injury Attorneys","description":"Charlotte Personal Injury Lawyers","potentialAction":[{"@type":"SearchAction","target":{"@type":"EntryPoint","urlTemplate":"https:\/\/priceattorneys.com\/es\/?s={search_term_string}"},"query-input":{"@type":"PropertyValueSpecification","valueRequired":true,"valueName":"search_term_string"}}],"inLanguage":"es"}]}},"_links":{"self":[{"href":"https:\/\/priceattorneys.com\/es\/wp-json\/wp\/v2\/pages\/5034","targetHints":{"allow":["GET"]}}],"collection":[{"href":"https:\/\/priceattorneys.com\/es\/wp-json\/wp\/v2\/pages"}],"about":[{"href":"https:\/\/priceattorneys.com\/es\/wp-json\/wp\/v2\/types\/page"}],"author":[{"embeddable":true,"href":"https:\/\/priceattorneys.com\/es\/wp-json\/wp\/v2\/users\/1"}],"replies":[{"embeddable":true,"href":"https:\/\/priceattorneys.com\/es\/wp-json\/wp\/v2\/comments?post=5034"}],"version-history":[{"count":0,"href":"https:\/\/priceattorneys.com\/es\/wp-json\/wp\/v2\/pages\/5034\/revisions"}],"up":[{"embeddable":true,"href":"https:\/\/priceattorneys.com\/es\/wp-json\/wp\/v2\/pages\/5010"}],"wp:attachment":[{"href":"https:\/\/priceattorneys.com\/es\/wp-json\/wp\/v2\/media?parent=5034"}],"curies":[{"name":"wp","href":"https:\/\/api.w.org\/{rel}","templated":true}]}}