{"id":5038,"date":"2020-10-15T09:29:37","date_gmt":"2020-10-15T09:29:37","guid":{"rendered":"https:\/\/priceattorneys.com\/?page_id=5038"},"modified":"2025-07-15T19:22:31","modified_gmt":"2025-07-15T19:22:31","slug":"accidentes-de-escaleras-ascensores-o-escaleras-mecanicas","status":"publish","type":"page","link":"https:\/\/priceattorneys.com\/es\/lesiones-personales\/responsabilidad-de-los-locales\/accidentes-de-escaleras-ascensores-o-escaleras-mecanicas\/","title":{"rendered":"Accidentes de Escaleras, Ascensores o Escaleras Mec\u00e1nicas"},"content":{"rendered":"\n\n\t\t\t\t<img decoding=\"async\" src=\"https:\/\/priceattorneys.com\/wp-content\/uploads\/2022\/03\/elevator.jpg\" alt=\"Elevator &amp; escalator accidents\" itemprop=\"image\" height=\"621\" width=\"1245\" title=\"elevator\" onerror=\"this.style.display='none'\" loading='lazy' \/>\n\t<h1>Abogados de Accidentes de Escaleras, Ascensores y Escaleras Mec\u00e1nicas de Charlotte, NC<\/h1>\n<h2>Ayuda para v\u00edctimas lesionadas en instalaciones peligrosas en todo Carolina del Norte<\/h2>\n<p>Las lesiones en escaleras, ascensores y escaleras mec\u00e1nicas pueden ocurrir de diversas formas. Estos accidentes pueden ocurrir por un mantenimiento inadecuado, as\u00ed como accidentes por resbalones y ca\u00eddas causados \u200b\u200bpor derrames o fugas. Adem\u00e1s, la integridad estructural de las escaleras, los ascensores y las escaleras mec\u00e1nicas podr\u00eda verse comprometida y provocar incidentes que provoquen lesiones graves.<\/p>\n<p>Los accidentes que ocurren en escaleras, ascensores o escaleras mec\u00e1nicas pueden provocar lesiones graves a las personas involucradas. Los propietarios tienen el deber de inspeccionar y mantener la seguridad de estas \u00e1reas. Sin embargo, los propietarios descuidados o negligentes a menudo no lo hacen. En Price, Petho &amp; Asociados, estamos aqu\u00ed para ayudarlo cuando necesite un <a href=\"https:\/\/priceattorneys.com\/es\/lesiones-personales\/responsabilidad-de-los-locales\/\">Abogado de responsabilidad de locales de Charlotte<\/a> despu\u00e9s de un accidente de escalera, ascensor o escalera mec\u00e1nica. Si usted o un ser querido sufrieron da\u00f1os, investigaremos su reclamo para asegurar una compensaci\u00f3n por sus p\u00e9rdidas.<\/p>\n\t<h2>\u00bfQu\u00e9 le gustar\u00eda saber?<\/h2>\n\t<ul>\n<li><a href=\"#FAQ1\">\u00bfQu\u00e9 tipo de accidentes ocurren en escaleras, ascensores y escaleras mec\u00e1nicas?<\/a><\/li>\n<li><a href=\"#FAQ2\">\u00bfQu\u00e9 tipos de lesiones resultan de este tipo de accidentes en Charlotte?<\/a><\/li>\n<li><a href=\"#FAQ3\">\u00bfCu\u00e1les son las leyes de inspecci\u00f3n de ascensores y escaleras mec\u00e1nicas de Carolina del Norte?<\/a><\/li>\n<\/ul>\n\t<ul>\n<li><a href=\"#FAQ4\">\u00bfC\u00f3mo puede ayudar un abogado de responsabilidad de locales de Charlotte?<\/a><\/li>\n<li><a href=\"#FAQ5\">\u00bfA qu\u00e9 compensaci\u00f3n tengo derecho por mi accidente y lesiones?<\/a><\/li>\n<li><a href=\"#FAQ6\">\u00bfHay un abogado de lesiones por responsabilidad de locales cerca de m\u00ed?<\/a><\/li>\n<\/ul>\n\t\t\t\t<img decoding=\"async\" src=\"https:\/\/priceattorneys.com\/wp-content\/uploads\/2022\/03\/esca.jpg\" alt=\"Elevator &amp; escalator accidents\" itemprop=\"image\" height=\"983\" width=\"1200\" title=\"esca\" onerror=\"this.style.display='none'\" loading='lazy' \/>\n\t<h2>\u00bfQu\u00e9 tipo de accidentes ocurren en escaleras, ascensores y escaleras mec\u00e1nicas?<\/h2>\n<p>Las escaleras tambaleantes presentan riesgos significativos de ca\u00eddas, y una barandilla de escalera defectuosa podr\u00eda provocar una ca\u00edda. Las escaleras mec\u00e1nicas y los ascensores tienen piezas m\u00f3viles grandes que representan una amenaza para que una persona quede atrapada entre las piezas y sufra lesiones por aplastamiento o amputaciones traum\u00e1ticas. Muchas lesiones en ascensores ocurren debido a que una puerta se cierra sobre un usuario, o incluso a una persona que cae en el hueco del ascensor.<\/p>\n<p>Los accidentes comunes incluyen:<\/p>\n<ul>\n<li><strong>Escaleras<\/strong>. La gente a menudo sufre resbalones, tropiezos y ca\u00eddas en las escaleras por defectos en la superficie. Esto significa cosas como contrahuellas desparejas, alfombra rota o baldosas sueltas. Otros accidentes en escaleras ocurren por pasamanos defectuosos o por falta de ellos. M\u00e1s de un mill\u00f3n Los estadounidenses se lesionan en las escaleras anualmente.<\/li>\n<li><strong>Ascensores<\/strong>. Como cualquier otra m\u00e1quina grande, los ascensores est\u00e1n sujetos a mal funcionamiento y aver\u00edas. Esto puede incluir ca\u00eddas r\u00e1pidas, falta de alineaci\u00f3n con el piso, atrapamiento y otras situaciones peligrosas. <a href=\"https:\/\/www.consumerwatch.com\/workplace-public-safety\/elevators\/\">reloj de consumo<\/a> informa que aproximadamente 27 personas mueren en accidentes de ascensores cada a\u00f1o, principalmente debido a lesiones \u00abatrapadas entre\u00bb o ca\u00eddas en el hueco del ascensor.<\/li>\n<li><strong>Escaleras mec\u00e1nicas<\/strong>. <a href=\"https:\/\/www.consumerwatch.com\/workplace-public-safety\/escalators\/\">reloj de consumo<\/a> informa que los tipos m\u00e1s comunes de accidentes en escaleras mec\u00e1nicas incluyen ropa \u00abatrapada entre\u00bb lesiones, ca\u00eddas y atrapamiento. Las lesiones por \u00abatrapamiento\u00bb tienden a ocurrir m\u00e1s en ni\u00f1os menores de cinco a\u00f1os. Tambi\u00e9n se\u00f1alan que las escaleras mec\u00e1nicas fabricadas antes de 2002 normalmente no cumplen con los est\u00e1ndares de seguridad m\u00e1s estrictos.<\/li>\n<\/ul>\n<p>Las condiciones inseguras en cualquier escalera, ascensor o escalera mec\u00e1nica pueden resultar en da\u00f1os severos o <a href=\"https:\/\/priceattorneys.com\/es\/lesiones-personales\/lesiones-catastroficas\/\">lesi\u00f3n catastr\u00f3fica<\/a>.<\/p>\n\t<h2>\u00bfQu\u00e9 tipos de lesiones resultan de este tipo de accidentes en Charlotte?<\/h2>\n<p>Cuando una persona tropieza y cae o se encuentra con otro peligro en una escalera, ascensor o escalera mec\u00e1nica, las lesiones suelen ser relativamente menores. Sin embargo, algunas ca\u00eddas de escaleras, ascensores y escaleras mec\u00e1nicas pueden provocar lesiones graves o catastr\u00f3ficas. Esto puede incluir:<\/p>\n<ul>\n<li>Brazos o piernas rotas<\/li>\n<li>Lesiones por amputaci\u00f3n traum\u00e1tica<\/li>\n<li>Mu\u00f1ecas o tobillos rotos<\/li>\n<li>Lesiones cerebrales traum\u00e1ticas<\/li>\n<li>Lesiones de la m\u00e9dula espinal<\/li>\n<li>Lesiones en el cuello o la espalda<\/li>\n<li>Laceraciones severas o heridas punzantes<\/li>\n<li>Esguinces musculares significativos o da\u00f1os en los ligamentos<\/li>\n<\/ul>\n<p>Los abogados de responsabilidad de locales de Price, Petho &amp; Asociados saben que estos incidentes pueden conducir a <a href=\"https:\/\/priceattorneys.com\/es\/lesiones-personales\/muerte-injusta\/\">muerte injusta<\/a> as\u00ed como. Los residentes y visitantes que usan regularmente escaleras, ascensores y escaleras mec\u00e1nicas tienen derecho a esperar que est\u00e9n seguros y en buen estado. Cuando los propietarios y administradores de propiedades no lo hacen, y usted o un ser querido sufren da\u00f1os, nuestros abogados est\u00e1n preparados para iniciar una investigaci\u00f3n sobre el incidente para averiguar exactamente qu\u00e9 sucedi\u00f3 y por qu\u00e9.<\/p>\n\t<h2>\u00bfCu\u00e1les son las leyes de inspecci\u00f3n de ascensores y escaleras mec\u00e1nicas de Carolina del Norte?<\/h2>\n<p>\u00c9l <a href=\"https:\/\/www.labor.nc.gov\/documents\/inspection-guides\">Departamento de Trabajo de Carolina del Norte<\/a> (NCDOL) es responsable de la seguridad y las inspecciones de ascensores y escaleras mec\u00e1nicas. Proporcionan una variedad de pautas, que incluyen la inspecci\u00f3n del interior de la cabina, la sala de m\u00e1quinas, la parte superior de la cabina, el hueco exterior del ascensor y el foso del ascensor. Para las escaleras mec\u00e1nicas, la inspecci\u00f3n debe incluir una inspecci\u00f3n interna y externa.<\/p>\n<p>Los propietarios tienen el deber de garantizar que todas las \u00e1reas de sus instalaciones sean inspeccionadas y mantenidas regularmente. La ley estatal dicta que los ascensores y las escaleras mec\u00e1nicas se inspeccionen regularmente. Los inspectores del NCDOL realizan estas inspecciones para garantizar la instalaci\u00f3n adecuada y el funcionamiento seguro de ascensores, escaleras mec\u00e1nicas, andenes m\u00f3viles y montacargas.<\/p>\n<p>Tambi\u00e9n puede informar sus propios problemas de seguridad con un ascensor p\u00fablico o una escalera mec\u00e1nica. <a href=\"https:\/\/www.labor.nc.gov\/safety-and-health\/elevator\/report-safety-concern\">directamente al NCDOL<\/a>.<\/p>\n\t\t\t\t<img decoding=\"async\" src=\"https:\/\/priceattorneys.com\/wp-content\/uploads\/2022\/03\/house1.jpg\" alt=\"Price Petho &amp; Associates\" itemprop=\"image\" height=\"499\" width=\"770\" title=\"house1\" onerror=\"this.style.display='none'\" loading='lazy' \/>\n\t<h2>\u00bfC\u00f3mo puede ayudar un abogado de responsabilidad de locales de Charlotte?<\/h2>\n<p>Despu\u00e9s de sufrir lesiones graves en uno de estos tipos de accidentes, es probable que enfrente importantes facturas m\u00e9dicas y tiempo de recuperaci\u00f3n. Cuando sus lesiones no fueron culpa suya, los abogados de Price, Petho &amp; Asociados trabajan para determinar la responsabilidad y asegurar una compensaci\u00f3n por sus p\u00e9rdidas. Ya sea que lo hagamos a trav\u00e9s de la negociaci\u00f3n o llevando a la parte negligente a los tribunales, defendemos sus mejores intereses durante todo el proceso.<\/p>\n<p>Nuestro equipo legal ayuda en su caso al:<\/p>\n<ul>\n<li>Iniciar una investigaci\u00f3n completa de su accidente para mostrar evidencia de culpa. Al igual que con cualquier caso de responsabilidad de locales, demostramos que el due\u00f1o de la propiedad estaba al tanto del problema pero no tom\u00f3 las medidas razonables para reparar o mitigar el peligro y, como resultado, usted sufri\u00f3 una lesi\u00f3n.<\/li>\n<li>Determinar todas las partes responsables, que pueden incluir propietarios, gerentes, equipos de mantenimiento, inspectores, fabricantes y otras personas y empresas.<\/li>\n<li>Recopilaci\u00f3n y an\u00e1lisis de sus registros m\u00e9dicos, testimonios de testigos e historial laboral para mostrar la gravedad de sus lesiones y c\u00f3mo est\u00e1n afectando su vida personal y profesional. As\u00ed es como podemos determinar el verdadero alcance de sus p\u00e9rdidas.<\/li>\n<li>Manejar todo el papeleo, la documentaci\u00f3n y el contacto con las compa\u00f1\u00edas de seguros para que pueda concentrarse en recuperarse de sus lesiones mientras nos ocupamos de los asuntos legales relacionados con su caso.<\/li>\n<\/ul>\n<p>Tambi\u00e9n investigamos si una escalera, ascensor o escalera mec\u00e1nica cumpl\u00eda con los c\u00f3digos de construcci\u00f3n estatales y locales. Las fallas en la inspecci\u00f3n o las violaciones del c\u00f3digo contribuyen en gran medida a construir un caso s\u00f3lido en su nombre. Nuestros abogados de Charlotte responsabilizan a todas las partes responsables.<\/p>\n\t<h2>\u00bfA qu\u00e9 compensaci\u00f3n tengo derecho por mi accidente y lesiones?<\/h2>\n<p>Si usted o alguien a quien ama ha resultado lesionado en un accidente de escalera, ascensor o escalera mec\u00e1nica, es fundamental que hable con un abogado hoy. En Price, Petho &amp; Asociados, nos dedicamos a responsabilizar por sus acciones a los propietarios y operadores negligentes. Investigamos a fondo su caso para asegurar la compensaci\u00f3n que necesita, que puede incluir:<\/p>\n<ul>\n<li>Cobertura total de sus gastos m\u00e9dicos ocasionados por el accidente<\/li>\n<li>P\u00e9rdida de ingresos si no puede trabajar mientras se recupera<\/li>\n<li>Cualquier costo de desembolso dom\u00e9stico en el que incurra<\/li>\n<li>Da\u00f1os por angustia mental y angustia emocional<\/li>\n<li>P\u00e9rdida del disfrute de la vida.<\/li>\n<\/ul>\n<p>Cuando necesita un abogado de lesiones personales despu\u00e9s de un accidente en una escalera, ascensor o escalera mec\u00e1nica, puede comunicarse con nosotros para una consulta gratuita sobre su reclamo.<\/p>\n\t<h2>\u00bfHay un abogado de responsabilidad de locales cerca de m\u00ed?<\/h2>\n<p>Price, Petho &amp; Asociados se encuentra en 1430 Elizabeth Ave en Charlotte. Tambi\u00e9n mantenemos oficinas en Rockingham y Rutherfordton para su comodidad. Si est\u00e1 demasiado lesionado para acudir a nosotros, tambi\u00e9n hacemos visitas a domicilio y al hospital.<\/p>\n<h3>Abogados expertos en accidentes de escaleras, ascensores o escaleras mec\u00e1nicas de Charlotte<\/h3>\n<p>Las escaleras, escaleras mec\u00e1nicas y ascensores defectuosos, peligrosos o peligrosos pueden causar lesiones graves. Cuando los propietarios no mantienen o inspeccionan estas caracter\u00edsticas necesarias en sus instalaciones y usted sufre da\u00f1os, los abogados de Price, Petho &amp; Asociados pueden ayudarlo a responsabilizarse. Desde 1979, nuestro bufete de abogados ha estado ayudando a la gente de Charlotte a recuperar millones de d\u00f3lares en acuerdos y indemnizaciones por lesiones personales, y queremos ayudarlo a usted tambi\u00e9n. Para programar una c onsulta gratuita, llame<a href=\"tel:7043722160\">704-372-2160<\/a> hoy o llene nuestro Formulario de contacto. Sirviendo a Carlota, Rockingham, Rutherfordton, Carolina del Norte y Carolina del Sur.<\/p>\n\n","protected":false},"excerpt":{"rendered":"<p>Abogados de Accidentes de Escaleras, Ascensores y Escaleras Mec\u00e1nicas de Charlotte, NC Ayuda para v\u00edctimas lesionadas en instalaciones peligrosas en todo Carolina del Norte Las lesiones en escaleras, ascensores y escaleras mec\u00e1nicas pueden ocurrir de diversas formas. Estos accidentes pueden ocurrir por un mantenimiento inadecuado, as\u00ed como accidentes por resbalones y ca\u00eddas causados \u200b\u200bpor derrames&hellip;<\/p>\n","protected":false},"author":1,"featured_media":0,"parent":5010,"menu_order":0,"comment_status":"closed","ping_status":"closed","template":"","meta":{"footnotes":""},"class_list":["post-5038","page","type-page","status-publish","hentry"],"yoast_head":"<!-- This site is optimized with the Yoast SEO plugin v27.3 - https:\/\/yoast.com\/product\/yoast-seo-wordpress\/ -->\n<title>Accidentes de Escaleras, Ascensores o Escaleras Mec\u00e1nicas | Price Petho &amp; Associates, Personal Injury Attorneys<\/title>\n<meta name=\"robots\" content=\"index, follow, max-snippet:-1, max-image-preview:large, max-video-preview:-1\" \/>\n<link rel=\"canonical\" href=\"https:\/\/priceattorneys.com\/es\/lesiones-personales\/responsabilidad-de-los-locales\/accidentes-de-escaleras-ascensores-o-escaleras-mecanicas\/\" \/>\n<meta property=\"og:locale\" content=\"es_ES\" \/>\n<meta property=\"og:type\" content=\"article\" \/>\n<meta property=\"og:title\" content=\"Accidentes de Escaleras, Ascensores o Escaleras Mec\u00e1nicas | Price Petho &amp; Associates, Personal Injury Attorneys\" \/>\n<meta property=\"og:description\" content=\"Abogados de Accidentes de Escaleras, Ascensores y Escaleras Mec\u00e1nicas de Charlotte, NC Ayuda para v\u00edctimas lesionadas en instalaciones peligrosas en todo Carolina del Norte Las lesiones en escaleras, ascensores y escaleras mec\u00e1nicas pueden ocurrir de diversas formas. Estos accidentes pueden ocurrir por un mantenimiento inadecuado, as\u00ed como accidentes por resbalones y ca\u00eddas causados \u200b\u200bpor derrames&hellip;\" \/>\n<meta property=\"og:url\" content=\"https:\/\/priceattorneys.com\/es\/lesiones-personales\/responsabilidad-de-los-locales\/accidentes-de-escaleras-ascensores-o-escaleras-mecanicas\/\" \/>\n<meta property=\"og:site_name\" content=\"Price Petho &amp; Associates, Personal Injury Attorneys\" \/>\n<meta property=\"article:modified_time\" content=\"2025-07-15T19:22:31+00:00\" \/>\n<meta property=\"og:image\" content=\"https:\/\/priceattorneys.com\/wp-content\/uploads\/2022\/03\/elevator.jpg\" \/>\n<meta name=\"twitter:card\" content=\"summary_large_image\" \/>\n<meta name=\"twitter:label1\" content=\"Tiempo de lectura\" \/>\n\t<meta name=\"twitter:data1\" content=\"8 minutos\" \/>\n<script type=\"application\/ld+json\" class=\"yoast-schema-graph\">{\"@context\":\"https:\\\/\\\/schema.org\",\"@graph\":[{\"@type\":\"WebPage\",\"@id\":\"https:\\\/\\\/priceattorneys.com\\\/es\\\/lesiones-personales\\\/responsabilidad-de-los-locales\\\/accidentes-de-escaleras-ascensores-o-escaleras-mecanicas\\\/\",\"url\":\"https:\\\/\\\/priceattorneys.com\\\/es\\\/lesiones-personales\\\/responsabilidad-de-los-locales\\\/accidentes-de-escaleras-ascensores-o-escaleras-mecanicas\\\/\",\"name\":\"Accidentes de Escaleras, Ascensores o Escaleras Mec\u00e1nicas | Price Petho &amp; Associates, Personal Injury Attorneys\",\"isPartOf\":{\"@id\":\"https:\\\/\\\/priceattorneys.com\\\/es\\\/#website\"},\"primaryImageOfPage\":{\"@id\":\"https:\\\/\\\/priceattorneys.com\\\/es\\\/lesiones-personales\\\/responsabilidad-de-los-locales\\\/accidentes-de-escaleras-ascensores-o-escaleras-mecanicas\\\/#primaryimage\"},\"image\":{\"@id\":\"https:\\\/\\\/priceattorneys.com\\\/es\\\/lesiones-personales\\\/responsabilidad-de-los-locales\\\/accidentes-de-escaleras-ascensores-o-escaleras-mecanicas\\\/#primaryimage\"},\"thumbnailUrl\":\"https:\\\/\\\/priceattorneys.com\\\/wp-content\\\/uploads\\\/2022\\\/03\\\/elevator.jpg\",\"datePublished\":\"2020-10-15T09:29:37+00:00\",\"dateModified\":\"2025-07-15T19:22:31+00:00\",\"breadcrumb\":{\"@id\":\"https:\\\/\\\/priceattorneys.com\\\/es\\\/lesiones-personales\\\/responsabilidad-de-los-locales\\\/accidentes-de-escaleras-ascensores-o-escaleras-mecanicas\\\/#breadcrumb\"},\"inLanguage\":\"es\",\"potentialAction\":[{\"@type\":\"ReadAction\",\"target\":[\"https:\\\/\\\/priceattorneys.com\\\/es\\\/lesiones-personales\\\/responsabilidad-de-los-locales\\\/accidentes-de-escaleras-ascensores-o-escaleras-mecanicas\\\/\"]}]},{\"@type\":\"ImageObject\",\"inLanguage\":\"es\",\"@id\":\"https:\\\/\\\/priceattorneys.com\\\/es\\\/lesiones-personales\\\/responsabilidad-de-los-locales\\\/accidentes-de-escaleras-ascensores-o-escaleras-mecanicas\\\/#primaryimage\",\"url\":\"https:\\\/\\\/priceattorneys.com\\\/wp-content\\\/uploads\\\/2022\\\/03\\\/elevator.jpg\",\"contentUrl\":\"https:\\\/\\\/priceattorneys.com\\\/wp-content\\\/uploads\\\/2022\\\/03\\\/elevator.jpg\"},{\"@type\":\"BreadcrumbList\",\"@id\":\"https:\\\/\\\/priceattorneys.com\\\/es\\\/lesiones-personales\\\/responsabilidad-de-los-locales\\\/accidentes-de-escaleras-ascensores-o-escaleras-mecanicas\\\/#breadcrumb\",\"itemListElement\":[{\"@type\":\"ListItem\",\"position\":1,\"name\":\"Home\",\"item\":\"https:\\\/\\\/priceattorneys.com\\\/es\\\/\"},{\"@type\":\"ListItem\",\"position\":2,\"name\":\"Lesiones Personales\",\"item\":\"https:\\\/\\\/priceattorneys.com\\\/es\\\/lesiones-personales\\\/\"},{\"@type\":\"ListItem\",\"position\":3,\"name\":\"Responsabilidad de los Locales\",\"item\":\"https:\\\/\\\/priceattorneys.com\\\/es\\\/lesiones-personales\\\/responsabilidad-de-los-locales\\\/\"},{\"@type\":\"ListItem\",\"position\":4,\"name\":\"Accidentes de Escaleras, Ascensores o Escaleras Mec\u00e1nicas\"}]},{\"@type\":\"WebSite\",\"@id\":\"https:\\\/\\\/priceattorneys.com\\\/es\\\/#website\",\"url\":\"https:\\\/\\\/priceattorneys.com\\\/es\\\/\",\"name\":\"Price Petho &amp; Associates, Personal Injury Attorneys\",\"description\":\"Charlotte Personal Injury Lawyers\",\"potentialAction\":[{\"@type\":\"SearchAction\",\"target\":{\"@type\":\"EntryPoint\",\"urlTemplate\":\"https:\\\/\\\/priceattorneys.com\\\/es\\\/?s={search_term_string}\"},\"query-input\":{\"@type\":\"PropertyValueSpecification\",\"valueRequired\":true,\"valueName\":\"search_term_string\"}}],\"inLanguage\":\"es\"}]}<\/script>\n<!-- \/ Yoast SEO plugin. -->","yoast_head_json":{"title":"Accidentes de Escaleras, Ascensores o Escaleras Mec\u00e1nicas | Price Petho &amp; Associates, Personal Injury Attorneys","robots":{"index":"index","follow":"follow","max-snippet":"max-snippet:-1","max-image-preview":"max-image-preview:large","max-video-preview":"max-video-preview:-1"},"canonical":"https:\/\/priceattorneys.com\/es\/lesiones-personales\/responsabilidad-de-los-locales\/accidentes-de-escaleras-ascensores-o-escaleras-mecanicas\/","og_locale":"es_ES","og_type":"article","og_title":"Accidentes de Escaleras, Ascensores o Escaleras Mec\u00e1nicas | Price Petho &amp; Associates, Personal Injury Attorneys","og_description":"Abogados de Accidentes de Escaleras, Ascensores y Escaleras Mec\u00e1nicas de Charlotte, NC Ayuda para v\u00edctimas lesionadas en instalaciones peligrosas en todo Carolina del Norte Las lesiones en escaleras, ascensores y escaleras mec\u00e1nicas pueden ocurrir de diversas formas. Estos accidentes pueden ocurrir por un mantenimiento inadecuado, as\u00ed como accidentes por resbalones y ca\u00eddas causados \u200b\u200bpor derrames&hellip;","og_url":"https:\/\/priceattorneys.com\/es\/lesiones-personales\/responsabilidad-de-los-locales\/accidentes-de-escaleras-ascensores-o-escaleras-mecanicas\/","og_site_name":"Price Petho &amp; Associates, Personal Injury Attorneys","article_modified_time":"2025-07-15T19:22:31+00:00","og_image":[{"url":"https:\/\/priceattorneys.com\/wp-content\/uploads\/2022\/03\/elevator.jpg","type":"","width":"","height":""}],"twitter_card":"summary_large_image","twitter_misc":{"Tiempo de lectura":"8 minutos"},"schema":{"@context":"https:\/\/schema.org","@graph":[{"@type":"WebPage","@id":"https:\/\/priceattorneys.com\/es\/lesiones-personales\/responsabilidad-de-los-locales\/accidentes-de-escaleras-ascensores-o-escaleras-mecanicas\/","url":"https:\/\/priceattorneys.com\/es\/lesiones-personales\/responsabilidad-de-los-locales\/accidentes-de-escaleras-ascensores-o-escaleras-mecanicas\/","name":"Accidentes de Escaleras, Ascensores o Escaleras Mec\u00e1nicas | Price Petho &amp; Associates, Personal Injury Attorneys","isPartOf":{"@id":"https:\/\/priceattorneys.com\/es\/#website"},"primaryImageOfPage":{"@id":"https:\/\/priceattorneys.com\/es\/lesiones-personales\/responsabilidad-de-los-locales\/accidentes-de-escaleras-ascensores-o-escaleras-mecanicas\/#primaryimage"},"image":{"@id":"https:\/\/priceattorneys.com\/es\/lesiones-personales\/responsabilidad-de-los-locales\/accidentes-de-escaleras-ascensores-o-escaleras-mecanicas\/#primaryimage"},"thumbnailUrl":"https:\/\/priceattorneys.com\/wp-content\/uploads\/2022\/03\/elevator.jpg","datePublished":"2020-10-15T09:29:37+00:00","dateModified":"2025-07-15T19:22:31+00:00","breadcrumb":{"@id":"https:\/\/priceattorneys.com\/es\/lesiones-personales\/responsabilidad-de-los-locales\/accidentes-de-escaleras-ascensores-o-escaleras-mecanicas\/#breadcrumb"},"inLanguage":"es","potentialAction":[{"@type":"ReadAction","target":["https:\/\/priceattorneys.com\/es\/lesiones-personales\/responsabilidad-de-los-locales\/accidentes-de-escaleras-ascensores-o-escaleras-mecanicas\/"]}]},{"@type":"ImageObject","inLanguage":"es","@id":"https:\/\/priceattorneys.com\/es\/lesiones-personales\/responsabilidad-de-los-locales\/accidentes-de-escaleras-ascensores-o-escaleras-mecanicas\/#primaryimage","url":"https:\/\/priceattorneys.com\/wp-content\/uploads\/2022\/03\/elevator.jpg","contentUrl":"https:\/\/priceattorneys.com\/wp-content\/uploads\/2022\/03\/elevator.jpg"},{"@type":"BreadcrumbList","@id":"https:\/\/priceattorneys.com\/es\/lesiones-personales\/responsabilidad-de-los-locales\/accidentes-de-escaleras-ascensores-o-escaleras-mecanicas\/#breadcrumb","itemListElement":[{"@type":"ListItem","position":1,"name":"Home","item":"https:\/\/priceattorneys.com\/es\/"},{"@type":"ListItem","position":2,"name":"Lesiones Personales","item":"https:\/\/priceattorneys.com\/es\/lesiones-personales\/"},{"@type":"ListItem","position":3,"name":"Responsabilidad de los Locales","item":"https:\/\/priceattorneys.com\/es\/lesiones-personales\/responsabilidad-de-los-locales\/"},{"@type":"ListItem","position":4,"name":"Accidentes de Escaleras, Ascensores o Escaleras Mec\u00e1nicas"}]},{"@type":"WebSite","@id":"https:\/\/priceattorneys.com\/es\/#website","url":"https:\/\/priceattorneys.com\/es\/","name":"Price Petho &amp; Associates, Personal Injury Attorneys","description":"Charlotte Personal Injury Lawyers","potentialAction":[{"@type":"SearchAction","target":{"@type":"EntryPoint","urlTemplate":"https:\/\/priceattorneys.com\/es\/?s={search_term_string}"},"query-input":{"@type":"PropertyValueSpecification","valueRequired":true,"valueName":"search_term_string"}}],"inLanguage":"es"}]}},"_links":{"self":[{"href":"https:\/\/priceattorneys.com\/es\/wp-json\/wp\/v2\/pages\/5038","targetHints":{"allow":["GET"]}}],"collection":[{"href":"https:\/\/priceattorneys.com\/es\/wp-json\/wp\/v2\/pages"}],"about":[{"href":"https:\/\/priceattorneys.com\/es\/wp-json\/wp\/v2\/types\/page"}],"author":[{"embeddable":true,"href":"https:\/\/priceattorneys.com\/es\/wp-json\/wp\/v2\/users\/1"}],"replies":[{"embeddable":true,"href":"https:\/\/priceattorneys.com\/es\/wp-json\/wp\/v2\/comments?post=5038"}],"version-history":[{"count":2,"href":"https:\/\/priceattorneys.com\/es\/wp-json\/wp\/v2\/pages\/5038\/revisions"}],"predecessor-version":[{"id":7700,"href":"https:\/\/priceattorneys.com\/es\/wp-json\/wp\/v2\/pages\/5038\/revisions\/7700"}],"up":[{"embeddable":true,"href":"https:\/\/priceattorneys.com\/es\/wp-json\/wp\/v2\/pages\/5010"}],"wp:attachment":[{"href":"https:\/\/priceattorneys.com\/es\/wp-json\/wp\/v2\/media?parent=5038"}],"curies":[{"name":"wp","href":"https:\/\/api.w.org\/{rel}","templated":true}]}}