{"id":5046,"date":"2020-10-15T09:45:57","date_gmt":"2020-10-15T09:45:57","guid":{"rendered":"https:\/\/priceattorneys.com\/?page_id=5046"},"modified":"2022-12-22T16:17:03","modified_gmt":"2022-12-22T16:17:03","slug":"accidente-de-incendio-o-explosion","status":"publish","type":"page","link":"https:\/\/priceattorneys.com\/es\/lesiones-personales\/responsabilidad-de-los-locales\/accidente-de-incendio-o-explosion\/","title":{"rendered":"Accidente de Incendio o Explosi\u00f3n"},"content":{"rendered":"\n\n\t\t\t\t<img decoding=\"async\" src=\"https:\/\/priceattorneys.com\/wp-content\/uploads\/2022\/03\/fire.jpg\" alt=\"fire\" itemprop=\"image\" height=\"621\" width=\"1245\" title=\"fire\" onerror=\"this.style.display='none'\"  \/>\n\t<h1>Abogados de Accidentes de Incendio y Explosi\u00f3n de Charlotte<\/h1>\n<h2>Ayuda para obtener compensaci\u00f3n despu\u00e9s de lesiones catastr\u00f3ficas en Carolina del Norte<\/h2>\n<p>Los incendios y las explosiones pueden causar lesiones graves a cualquier persona que se encuentre cerca de las llamas o de una explosi\u00f3n. Estos pueden incluir quemaduras graves, inhalaci\u00f3n de humo y otros traumas f\u00edsicos y emocionales. Independientemente de la causa del accidente, las explosiones y los incendios pueden ocurrir en cuesti\u00f3n de minutos o incluso segundos, lo que deja a las v\u00edctimas poco tiempo para escapar o protegerse.<\/p>\n<p>Desafortunadamente, estos incidentes a menudo ocurren debido a las acciones descuidadas o negligentes del due\u00f1o de la propiedad, el automovilista o el fabricante del producto. En Price, Petho &amp; Asociados, estamos aqu\u00ed para ayudarlo si usted o un ser querido resultaron heridos en un incendio o explosi\u00f3n causados \u200b\u200bpor un tercero. Investigamos todos los aspectos de su reclamo, recopilamos evidencia para probar la responsabilidad y trabajamos para asegurar una compensaci\u00f3n total por sus p\u00e9rdidas.<\/p>\n\t<h2>\u00bfQu\u00e9 le gustar\u00eda saber?<\/h2>\n\t<ul>\n<li>\u00bfQu\u00e9 tan comunes son los incendios en los Estados Unidos?<\/li>\n<li>\u00bfC\u00f3mo ocurren los accidentes de incendio y explosi\u00f3n en Charlotte?<\/li>\n<li>\u00bfCu\u00e1les son algunas lesiones t\u00edpicas de incendios y explosiones?<\/li>\n<\/ul>\n\t<ul>\n<li>\u00bfQui\u00e9n es responsable de mis lesiones por incendio, explosi\u00f3n y quemaduras?<\/li>\n<li>\u00bfCu\u00e1l es el valor de mi reclamo por lesiones por incendio y explosi\u00f3n en Charlotte?<\/li>\n<li>\u00bfHay un abogado de accidentes de incendios y explosiones cerca de m\u00ed?<\/li>\n<\/ul>\n\t<h2>\u00bfQu\u00e9 tan comunes son los incendios en los Estados Unidos?<\/h2>\n<p>La Asociaci\u00f3n Nacional de Protecci\u00f3n contra Incendios (NFPA) analiza e informa sobre datos de incendios de todo el pa\u00eds. Las <a href=\"https:\/\/www.nfpa.org\/News-and-Research\/Data-research-and-tools\/US-Fire-Problem\/Fire-loss-in-the-United-States\">\u00faltimas estad\u00edsticas muestran<\/a> que los departamentos de bomberos de EE. UU. respondieron a m\u00e1s de 1\u00a0338\u00a0000 incendios en 2020, lo que result\u00f3 en:<\/p>\n<ul>\n<li>200 civiles heridos<\/li>\n<li>500 muertes de civiles<\/li>\n<li>$ 21.9 mil millones en da\u00f1os a la propiedad<\/li>\n<\/ul>\n<p>El setenta y cuatro por ciento de todas las muertes por incendios son el resultado de incendios residenciales y el 18 por ciento son el resultado de incendios de veh\u00edculos.<\/p>\n\t<h2>\u00bfC\u00f3mo ocurren los accidentes de incendio y explosi\u00f3n en Charlotte?<\/h2>\n<p>\u00c9l <a href=\"https:\/\/www.usfa.fema.gov\/\" target=\"_blank\" rel=\"noopener\">Administraci\u00f3n de Incendios de los Estados Unidos<\/a> (USFA) se\u00f1ala las causas m\u00e1s comunes de incendios.<\/p>\n\t<p>Las causas de los incendios residenciales incluyen:<\/p>\n<ul>\n<li>Cocinar (50,2%)<\/li>\n<li>Calefacci\u00f3n (9,3%)<\/li>\n<li>Involuntario o descuidado (7,7%)<\/li>\n<li>Mal funcionamiento el\u00e9ctrico (6,8%)<\/li>\n<li>Intencional (4,5%)<\/li>\n<li>Llama abierta (4,3%)<\/li>\n<\/ul>\n\t<p>Las causas de los incendios en edificios no residenciales incluyen:<\/p>\n<ul>\n<li>Cocinar (29,9%)<\/li>\n<li>Involuntario o descuidado (11,5%)<\/li>\n<li>Intencional (10,8%)<\/li>\n<li>Aver\u00eda el\u00e9ctrica (7,3%)<\/li>\n<li>Calefacci\u00f3n (6,7%)<\/li>\n<li>Llama abierta (5,9%)<\/li>\n<\/ul>\n\t<p>Las causas comunes de las explosiones incluyen:<\/p>\n<ul>\n<li>Explosiones de tanques de gas o propano, que pueden ocurrir por una variedad de razones, que incluyen una pieza defectuosa, capacitaci\u00f3n inadecuada de los empleados, mantenimiento inadecuado o un incendio inicial.<\/li>\n<li>Construcci\u00f3n y accidentes industriales, un riesgo para los empleados que trabajan en las industrias del petr\u00f3leo y el gas, o alrededor de compuestos vol\u00e1tiles y productos qu\u00edmicos. Los empleadores deben proporcionar equipo de seguridad adecuado, as\u00ed como procedimientos de capacitaci\u00f3n para garantizar que los trabajadores est\u00e9n protegidos en el trabajo.<\/li>\n<li>Productos defectuosos, que puede funcionar mal y provocar una explosi\u00f3n. Ya sea que una peque\u00f1a grieta en una v\u00e1lvula provoque una fuga de gas o que se incendie un paquete completo de bater\u00edas, los fabricantes deben ser considerados responsables cuando venden productos defectuosos y peligrosos.<\/li>\n<li>Coche o accidentes de camiones, lo que puede provocar fugas de combustible, incendios y explosiones en accidentes graves.<\/li>\n<\/ul>\n<p>No importa c\u00f3mo ocurrieron sus lesiones o las de su ser querido, nuestros abogados de Charlotte investigar\u00e1n el incidente para determinar qui\u00e9n tiene la culpa de lo sucedido.<\/p>\n\t<h2>\u00bfCu\u00e1les son algunas lesiones t\u00edpicas de incendios y explosiones?<\/h2>\n<p>Nuestros abogados de accidentes de incendios y explosiones de Charlotte a menudo ayudan a las v\u00edctimas que han sufrido lesiones por incendios y explosiones. Estas lesiones pueden resultar de llamas, calor, humo o metralla y escombros:<\/p>\n\t<ul>\n<li>Quemaduras severas<\/li>\n<li>Huesos rotos y dislocados<\/li>\n<li>lesiones por aplastamiento<\/li>\n<li>Lesiones de amputaci\u00f3n<\/li>\n<li>Hemorragia interna<\/li>\n<li>Da\u00f1o a \u00f3rganos internos<\/li>\n<li>Lesiones cerebrales traum\u00e1ticas<\/li>\n<\/ul>\n\t<ul>\n<li>Inhalaci\u00f3n de humo<\/li>\n<li>Heridas abiertas en la cabeza<\/li>\n<li>Lesiones de la m\u00e9dula espinal<\/li>\n<li>Ruptura de t\u00edmpanos y p\u00e9rdida de audici\u00f3n<\/li>\n<li>explosi\u00f3n de pulm\u00f3n<\/li>\n<li>Lesiones oculares y p\u00e9rdida de visi\u00f3n.<\/li>\n<li>Laceraciones severas o heridas punzantes<\/li>\n<\/ul>\n\t<p>Los abogados de Price, Petho &amp; Asociados trabajan en estrecha colaboraci\u00f3n con su equipo m\u00e9dico para mostrarle a la compa\u00f1\u00eda de seguros o al tribunal el alcance total de sus lesiones y c\u00f3mo afectan su vida y sustento, ahora y en el futuro.<\/p>\n\t\t\t\t<img decoding=\"async\" src=\"https:\/\/priceattorneys.com\/wp-content\/uploads\/2022\/03\/house1.jpg\" alt=\"house1\" itemprop=\"image\" height=\"499\" width=\"770\" title=\"house1\" onerror=\"this.style.display='none'\"  \/>\n\t<h2>\u00bfQui\u00e9n es responsable de mis lesiones por incendio, explosi\u00f3n y quemaduras?<\/h2>\n<p>Dependiendo de la causa de su accidente, puede haber una variedad de partes responsables por sus lesiones y p\u00e9rdidas:<\/p>\n\t<ul>\n<li>Fabricantes de productos<\/li>\n<li>Conductores negligentes<\/li>\n<li>Propietarios<\/li>\n<\/ul>\n\t<ul>\n<li>Empleadores \/ compensaci\u00f3n de trabajadores<\/li>\n<li>Instaladores o reparadores<\/li>\n<li>Empresas de servicios p\u00fablicos<\/li>\n<\/ul>\n\t<p>Las explosiones y los incendios casi nunca comienzan por s\u00ed solos, y nuestros abogados trabajan con expertos para averiguar c\u00f3mo ocurri\u00f3 el incidente y por qu\u00e9.<\/p>\n\t<h2>\u00bfCu\u00e1l es el valor de mi reclamo por lesiones por incendio y explosi\u00f3n en Charlotte?<\/h2>\n<p>Si usted o alguien que conoce sufri\u00f3 lesiones graves en un incendio o explosi\u00f3n causado por las acciones negligentes o descuidadas de otra parte, comun\u00edquese con un abogado lo antes posible. En Price, Petho &amp; Asociados, nuestro equipo legal dedicado tiene los recursos necesarios para investigar cada aspecto de su caso y trabajar para asegurar la compensaci\u00f3n que necesita. Compensaci\u00f3n disponible para sus heridas puede incluir:<\/p>\n\t<ul>\n<li>Cobertura total de gastos m\u00e9dicos.<\/li>\n<li>Gastos de fisioterapia o rehabilitaci\u00f3n<\/li>\n<li>Cualquier costo de bolsillo del hogar relacionado con sus lesiones<\/li>\n<\/ul>\n\t<ul>\n<li>P\u00e9rdida de ingresos si no puede trabajar<\/li>\n<li>P\u00e9rdida del disfrute de la vida da\u00f1os<\/li>\n<li>Da\u00f1os por dolor y sufrimiento<\/li>\n<\/ul>\n\t<p>Si perdi\u00f3 a un ser querido en un incendio o explosi\u00f3n debido a la negligencia de otra persona, puede ser elegible para buscar una <a href=\"https:\/\/priceattorneys.com\/es\/lesiones-personales\/muerte-injusta\/\">muerte injusta<\/a> afirmar. Los da\u00f1os pueden incluir compensaci\u00f3n por:<\/p>\n<ul>\n<li>Gastos de funeral y entierro<\/li>\n<li>Gastos m\u00e9dicos incurridos por su ser querido antes de su muerte<\/li>\n<li>P\u00e9rdida del apoyo financiero y emocional de su ser querido<\/li>\n<\/ul>\n<p>Cuando necesite un abogado de accidentes de incendio o explosi\u00f3n en Charlotte, podemos ayudarlo.<\/p>\n\t<h2>\u00bfHay un abogado de lesiones por incendio y explosi\u00f3n cerca de m\u00ed?<\/h2>\n<p>Price, Petho &amp; Asociados se encuentra en 1430 Elizabeth Ave en Charlotte. Nuestros abogados tambi\u00e9n tienen oficinas en Rockingham y Rutherfordton. Si no puede venir a nosotros, podemos hacer arreglos para visitarlo en su casa o en el hospital para su conveniencia.<\/p>\n<h3>Abogados experimentados en lesiones por quemaduras e incendios en Charlotte trabajando para usted<\/h3>\n<p>Los incendios y las explosiones pueden provocar lesiones catastr\u00f3ficas, a menudo permanentes y que cambian la vida. Los abogados de Price, Petho &amp; Asociados trabajan con expertos m\u00e9dicos y profesionales de bomberos para determinar la responsabilidad por sus lesiones. Nuestro equipo est\u00e1 preparado para negociar con las compa\u00f1\u00edas de seguros y llevar su caso a juicio, si eso es necesario para asegurarle la compensaci\u00f3n a la que tiene derecho. Para programar su consulta gratuita, llame <a href=\"tel:7043722160\">704-372-2160<\/a> o llena nuestro Formulario de contacto hoy dia. Representamos a clientes y familias en Charlotte, Rockingham,Rutherfordton, Carolina del Norte y Carolina del Sur.<\/p>\n\n","protected":false},"excerpt":{"rendered":"<p>Abogados de Accidentes de Incendio y Explosi\u00f3n de Charlotte Ayuda para obtener compensaci\u00f3n despu\u00e9s de lesiones catastr\u00f3ficas en Carolina del Norte Los incendios y las explosiones pueden causar lesiones graves a cualquier persona que se encuentre cerca de las llamas o de una explosi\u00f3n. Estos pueden incluir quemaduras graves, inhalaci\u00f3n de humo y otros traumas&hellip;<\/p>\n","protected":false},"author":1,"featured_media":0,"parent":5010,"menu_order":0,"comment_status":"closed","ping_status":"closed","template":"","meta":{"footnotes":""},"class_list":["post-5046","page","type-page","status-publish","hentry"],"yoast_head":"<!-- This site is optimized with the Yoast SEO plugin v27.3 - https:\/\/yoast.com\/product\/yoast-seo-wordpress\/ -->\n<title>Accidente de Incendio o Explosi\u00f3n | Price Petho &amp; Associates, Personal Injury Attorneys<\/title>\n<meta name=\"robots\" content=\"index, follow, max-snippet:-1, max-image-preview:large, max-video-preview:-1\" \/>\n<link rel=\"canonical\" href=\"https:\/\/priceattorneys.com\/es\/lesiones-personales\/responsabilidad-de-los-locales\/accidente-de-incendio-o-explosion\/\" \/>\n<meta property=\"og:locale\" content=\"es_ES\" \/>\n<meta property=\"og:type\" content=\"article\" \/>\n<meta property=\"og:title\" content=\"Accidente de Incendio o Explosi\u00f3n | Price Petho &amp; Associates, Personal Injury Attorneys\" \/>\n<meta property=\"og:description\" content=\"Abogados de Accidentes de Incendio y Explosi\u00f3n de Charlotte Ayuda para obtener compensaci\u00f3n despu\u00e9s de lesiones catastr\u00f3ficas en Carolina del Norte Los incendios y las explosiones pueden causar lesiones graves a cualquier persona que se encuentre cerca de las llamas o de una explosi\u00f3n. Estos pueden incluir quemaduras graves, inhalaci\u00f3n de humo y otros traumas&hellip;\" \/>\n<meta property=\"og:url\" content=\"https:\/\/priceattorneys.com\/es\/lesiones-personales\/responsabilidad-de-los-locales\/accidente-de-incendio-o-explosion\/\" \/>\n<meta property=\"og:site_name\" content=\"Price Petho &amp; Associates, Personal Injury Attorneys\" \/>\n<meta property=\"article:modified_time\" content=\"2022-12-22T16:17:03+00:00\" \/>\n<meta property=\"og:image\" content=\"https:\/\/priceattorneys.com\/wp-content\/uploads\/2022\/03\/fire.jpg\" \/>\n<meta name=\"twitter:card\" content=\"summary_large_image\" \/>\n<meta name=\"twitter:label1\" content=\"Tiempo de lectura\" \/>\n\t<meta name=\"twitter:data1\" content=\"6 minutos\" \/>\n<script type=\"application\/ld+json\" class=\"yoast-schema-graph\">{\"@context\":\"https:\\\/\\\/schema.org\",\"@graph\":[{\"@type\":\"WebPage\",\"@id\":\"https:\\\/\\\/priceattorneys.com\\\/es\\\/lesiones-personales\\\/responsabilidad-de-los-locales\\\/accidente-de-incendio-o-explosion\\\/\",\"url\":\"https:\\\/\\\/priceattorneys.com\\\/es\\\/lesiones-personales\\\/responsabilidad-de-los-locales\\\/accidente-de-incendio-o-explosion\\\/\",\"name\":\"Accidente de Incendio o Explosi\u00f3n | Price Petho &amp; Associates, Personal Injury Attorneys\",\"isPartOf\":{\"@id\":\"https:\\\/\\\/priceattorneys.com\\\/es\\\/#website\"},\"primaryImageOfPage\":{\"@id\":\"https:\\\/\\\/priceattorneys.com\\\/es\\\/lesiones-personales\\\/responsabilidad-de-los-locales\\\/accidente-de-incendio-o-explosion\\\/#primaryimage\"},\"image\":{\"@id\":\"https:\\\/\\\/priceattorneys.com\\\/es\\\/lesiones-personales\\\/responsabilidad-de-los-locales\\\/accidente-de-incendio-o-explosion\\\/#primaryimage\"},\"thumbnailUrl\":\"https:\\\/\\\/priceattorneys.com\\\/wp-content\\\/uploads\\\/2022\\\/03\\\/fire.jpg\",\"datePublished\":\"2020-10-15T09:45:57+00:00\",\"dateModified\":\"2022-12-22T16:17:03+00:00\",\"breadcrumb\":{\"@id\":\"https:\\\/\\\/priceattorneys.com\\\/es\\\/lesiones-personales\\\/responsabilidad-de-los-locales\\\/accidente-de-incendio-o-explosion\\\/#breadcrumb\"},\"inLanguage\":\"es\",\"potentialAction\":[{\"@type\":\"ReadAction\",\"target\":[\"https:\\\/\\\/priceattorneys.com\\\/es\\\/lesiones-personales\\\/responsabilidad-de-los-locales\\\/accidente-de-incendio-o-explosion\\\/\"]}]},{\"@type\":\"ImageObject\",\"inLanguage\":\"es\",\"@id\":\"https:\\\/\\\/priceattorneys.com\\\/es\\\/lesiones-personales\\\/responsabilidad-de-los-locales\\\/accidente-de-incendio-o-explosion\\\/#primaryimage\",\"url\":\"https:\\\/\\\/priceattorneys.com\\\/wp-content\\\/uploads\\\/2022\\\/03\\\/fire.jpg\",\"contentUrl\":\"https:\\\/\\\/priceattorneys.com\\\/wp-content\\\/uploads\\\/2022\\\/03\\\/fire.jpg\"},{\"@type\":\"BreadcrumbList\",\"@id\":\"https:\\\/\\\/priceattorneys.com\\\/es\\\/lesiones-personales\\\/responsabilidad-de-los-locales\\\/accidente-de-incendio-o-explosion\\\/#breadcrumb\",\"itemListElement\":[{\"@type\":\"ListItem\",\"position\":1,\"name\":\"Home\",\"item\":\"https:\\\/\\\/priceattorneys.com\\\/es\\\/\"},{\"@type\":\"ListItem\",\"position\":2,\"name\":\"Lesiones Personales\",\"item\":\"https:\\\/\\\/priceattorneys.com\\\/es\\\/lesiones-personales\\\/\"},{\"@type\":\"ListItem\",\"position\":3,\"name\":\"Responsabilidad de los Locales\",\"item\":\"https:\\\/\\\/priceattorneys.com\\\/es\\\/lesiones-personales\\\/responsabilidad-de-los-locales\\\/\"},{\"@type\":\"ListItem\",\"position\":4,\"name\":\"Accidente de Incendio o Explosi\u00f3n\"}]},{\"@type\":\"WebSite\",\"@id\":\"https:\\\/\\\/priceattorneys.com\\\/es\\\/#website\",\"url\":\"https:\\\/\\\/priceattorneys.com\\\/es\\\/\",\"name\":\"Price Petho &amp; Associates, Personal Injury Attorneys\",\"description\":\"Charlotte Personal Injury Lawyers\",\"potentialAction\":[{\"@type\":\"SearchAction\",\"target\":{\"@type\":\"EntryPoint\",\"urlTemplate\":\"https:\\\/\\\/priceattorneys.com\\\/es\\\/?s={search_term_string}\"},\"query-input\":{\"@type\":\"PropertyValueSpecification\",\"valueRequired\":true,\"valueName\":\"search_term_string\"}}],\"inLanguage\":\"es\"}]}<\/script>\n<!-- \/ Yoast SEO plugin. -->","yoast_head_json":{"title":"Accidente de Incendio o Explosi\u00f3n | Price Petho &amp; Associates, Personal Injury Attorneys","robots":{"index":"index","follow":"follow","max-snippet":"max-snippet:-1","max-image-preview":"max-image-preview:large","max-video-preview":"max-video-preview:-1"},"canonical":"https:\/\/priceattorneys.com\/es\/lesiones-personales\/responsabilidad-de-los-locales\/accidente-de-incendio-o-explosion\/","og_locale":"es_ES","og_type":"article","og_title":"Accidente de Incendio o Explosi\u00f3n | Price Petho &amp; Associates, Personal Injury Attorneys","og_description":"Abogados de Accidentes de Incendio y Explosi\u00f3n de Charlotte Ayuda para obtener compensaci\u00f3n despu\u00e9s de lesiones catastr\u00f3ficas en Carolina del Norte Los incendios y las explosiones pueden causar lesiones graves a cualquier persona que se encuentre cerca de las llamas o de una explosi\u00f3n. Estos pueden incluir quemaduras graves, inhalaci\u00f3n de humo y otros traumas&hellip;","og_url":"https:\/\/priceattorneys.com\/es\/lesiones-personales\/responsabilidad-de-los-locales\/accidente-de-incendio-o-explosion\/","og_site_name":"Price Petho &amp; Associates, Personal Injury Attorneys","article_modified_time":"2022-12-22T16:17:03+00:00","og_image":[{"url":"https:\/\/priceattorneys.com\/wp-content\/uploads\/2022\/03\/fire.jpg","type":"","width":"","height":""}],"twitter_card":"summary_large_image","twitter_misc":{"Tiempo de lectura":"6 minutos"},"schema":{"@context":"https:\/\/schema.org","@graph":[{"@type":"WebPage","@id":"https:\/\/priceattorneys.com\/es\/lesiones-personales\/responsabilidad-de-los-locales\/accidente-de-incendio-o-explosion\/","url":"https:\/\/priceattorneys.com\/es\/lesiones-personales\/responsabilidad-de-los-locales\/accidente-de-incendio-o-explosion\/","name":"Accidente de Incendio o Explosi\u00f3n | Price Petho &amp; Associates, Personal Injury Attorneys","isPartOf":{"@id":"https:\/\/priceattorneys.com\/es\/#website"},"primaryImageOfPage":{"@id":"https:\/\/priceattorneys.com\/es\/lesiones-personales\/responsabilidad-de-los-locales\/accidente-de-incendio-o-explosion\/#primaryimage"},"image":{"@id":"https:\/\/priceattorneys.com\/es\/lesiones-personales\/responsabilidad-de-los-locales\/accidente-de-incendio-o-explosion\/#primaryimage"},"thumbnailUrl":"https:\/\/priceattorneys.com\/wp-content\/uploads\/2022\/03\/fire.jpg","datePublished":"2020-10-15T09:45:57+00:00","dateModified":"2022-12-22T16:17:03+00:00","breadcrumb":{"@id":"https:\/\/priceattorneys.com\/es\/lesiones-personales\/responsabilidad-de-los-locales\/accidente-de-incendio-o-explosion\/#breadcrumb"},"inLanguage":"es","potentialAction":[{"@type":"ReadAction","target":["https:\/\/priceattorneys.com\/es\/lesiones-personales\/responsabilidad-de-los-locales\/accidente-de-incendio-o-explosion\/"]}]},{"@type":"ImageObject","inLanguage":"es","@id":"https:\/\/priceattorneys.com\/es\/lesiones-personales\/responsabilidad-de-los-locales\/accidente-de-incendio-o-explosion\/#primaryimage","url":"https:\/\/priceattorneys.com\/wp-content\/uploads\/2022\/03\/fire.jpg","contentUrl":"https:\/\/priceattorneys.com\/wp-content\/uploads\/2022\/03\/fire.jpg"},{"@type":"BreadcrumbList","@id":"https:\/\/priceattorneys.com\/es\/lesiones-personales\/responsabilidad-de-los-locales\/accidente-de-incendio-o-explosion\/#breadcrumb","itemListElement":[{"@type":"ListItem","position":1,"name":"Home","item":"https:\/\/priceattorneys.com\/es\/"},{"@type":"ListItem","position":2,"name":"Lesiones Personales","item":"https:\/\/priceattorneys.com\/es\/lesiones-personales\/"},{"@type":"ListItem","position":3,"name":"Responsabilidad de los Locales","item":"https:\/\/priceattorneys.com\/es\/lesiones-personales\/responsabilidad-de-los-locales\/"},{"@type":"ListItem","position":4,"name":"Accidente de Incendio o Explosi\u00f3n"}]},{"@type":"WebSite","@id":"https:\/\/priceattorneys.com\/es\/#website","url":"https:\/\/priceattorneys.com\/es\/","name":"Price Petho &amp; Associates, Personal Injury Attorneys","description":"Charlotte Personal Injury Lawyers","potentialAction":[{"@type":"SearchAction","target":{"@type":"EntryPoint","urlTemplate":"https:\/\/priceattorneys.com\/es\/?s={search_term_string}"},"query-input":{"@type":"PropertyValueSpecification","valueRequired":true,"valueName":"search_term_string"}}],"inLanguage":"es"}]}},"_links":{"self":[{"href":"https:\/\/priceattorneys.com\/es\/wp-json\/wp\/v2\/pages\/5046","targetHints":{"allow":["GET"]}}],"collection":[{"href":"https:\/\/priceattorneys.com\/es\/wp-json\/wp\/v2\/pages"}],"about":[{"href":"https:\/\/priceattorneys.com\/es\/wp-json\/wp\/v2\/types\/page"}],"author":[{"embeddable":true,"href":"https:\/\/priceattorneys.com\/es\/wp-json\/wp\/v2\/users\/1"}],"replies":[{"embeddable":true,"href":"https:\/\/priceattorneys.com\/es\/wp-json\/wp\/v2\/comments?post=5046"}],"version-history":[{"count":0,"href":"https:\/\/priceattorneys.com\/es\/wp-json\/wp\/v2\/pages\/5046\/revisions"}],"up":[{"embeddable":true,"href":"https:\/\/priceattorneys.com\/es\/wp-json\/wp\/v2\/pages\/5010"}],"wp:attachment":[{"href":"https:\/\/priceattorneys.com\/es\/wp-json\/wp\/v2\/media?parent=5046"}],"curies":[{"name":"wp","href":"https:\/\/api.w.org\/{rel}","templated":true}]}}