{"id":5051,"date":"2020-11-24T08:33:42","date_gmt":"2020-11-24T08:33:42","guid":{"rendered":"https:\/\/priceattorneys.com\/?page_id=5051"},"modified":"2024-03-27T18:51:56","modified_gmt":"2024-03-27T18:51:56","slug":"productos-defectuosos","status":"publish","type":"page","link":"https:\/\/priceattorneys.com\/es\/lesiones-personales\/productos-defectuosos\/","title":{"rendered":"Productos Defectuosos"},"content":{"rendered":"\n\n\t\t\t\t<img decoding=\"async\" src=\"https:\/\/priceattorneys.com\/wp-content\/uploads\/2022\/03\/defect.jpg\" alt=\"Defective products in North Carolina\" itemprop=\"image\" height=\"621\" width=\"1245\" title=\"defect\" onerror=\"this.style.display='none'\"  \/>\n\t<h1>Charlotte, NC Abogados de Productos Defectuosos<\/h1>\n<h2>Defensa legal cuando se lesiona con un producto peligroso en Carolina del Norte<\/h2>\n<p>Como consumidores, usamos docenas de productos todos los d\u00edas. Desde nuestros veh\u00edculos hasta calentadores de ambiente y dispositivos m\u00e9dicos, esperamos y necesitamos que estos productos funcionen como se anuncia y de manera segura. Cuando los fabricantes lanzan productos inseguros al mercado y los consumidores sufren lesiones como resultado, estas empresas deben ser consideradas responsables por su negligencia.<\/p>\n<p>En Price, Petho &amp; Asociados, estamos aqu\u00ed para ayudarlo cuando necesite un abogado especializado en productos defectuosos en Charlotte. Si usted o un ser querido han sufrido una lesi\u00f3n causada por un producto defectuoso, investigaremos todos los aspectos de su reclamo para que podamos obtener una compensaci\u00f3n total por sus p\u00e9rdidas. Responsabilizamos a las personas adecuadas y nos aseguramos de que estos productos peligrosos se retiren del mercado para que nadie m\u00e1s sufra da\u00f1os.<\/p>\n\t<h2>\u00bfQu\u00e9 le gustar\u00eda saber?<\/h2>\n\t<ul>\n<li><a href=\"#FAQ1\">\u00bfQu\u00e9 es un producto defectuoso?<\/a><\/li>\n<li><a href=\"#FAQ2\">\u00bfQu\u00e9 es el retiro de un producto?<\/a><\/li>\n<li><a href=\"#FAQ3\">\u00bfCu\u00e1les son algunos ejemplos de productos defectuosos de Charlotte?<\/a><\/li>\n<li><a href=\"#FAQ4\">\u00bfQu\u00e9 tipo de lesiones causan los productos defectuosos y peligrosos?<\/a><\/li>\n<\/ul>\n\t<ul>\n<li><a href=\"#FAQ5\">\u00bfCu\u00e1nto tiempo tengo para presentar un reclamo de responsabilidad por productos defectuosos de Charlotte?<\/a><\/li>\n<li><a href=\"#FAQ6\">\u00bfCu\u00e1l es el valor de mi caso de producto defectuoso de Charlotte?<\/a><\/li>\n<li><a href=\"#FAQ7\">\u00bfHay un abogado de productos defectuosos cerca de m\u00ed?<\/a><\/li>\n<\/ul>\n\t\t\t\t<img decoding=\"async\" src=\"https:\/\/priceattorneys.com\/wp-content\/uploads\/2022\/03\/defect2.jpg\" alt=\"Defective products in North Carolina\" itemprop=\"image\" height=\"499\" width=\"770\" title=\"defect2\" onerror=\"this.style.display='none'\"  \/>\n\t<h2>\u00bfQu\u00e9 es un producto defectuoso?<\/h2>\n<p>Los productos defectuosos llegan a los estantes y a los mercados en l\u00ednea todos los d\u00edas. Generalmente, los productos experimentan defectos en una de tres formas:<\/p>\n<ol>\n<li><strong>Dise\u00f1o defectuoso<\/strong>. Algunos productos tienen defectos de dise\u00f1o significativos desde el principio que los hacen peligrosos para los consumidores. Desafortunadamente, estos dise\u00f1os defectuosos a menudo pasan por inspecciones peri\u00f3dicas cuando se prueba un producto.<\/li>\n<li><strong>Defecto de manufactura<\/strong>. Incluso un producto bien dise\u00f1ado podr\u00eda da\u00f1arse o alterarse durante el proceso de fabricaci\u00f3n. Esto puede conducir a que el producto se vuelva da\u00f1ino para los consumidores.<\/li>\n<li><strong>No proporcionar instrucciones o advertencias<\/strong>. Los consumidores dependen de las advertencias e instrucciones para saber c\u00f3mo usar o consumir correctamente un producto. Cada vez que la etiqueta o la documentaci\u00f3n de un producto son incorrectas o enga\u00f1osas, los consumidores pueden sufrir lesiones graves.<\/li>\n<\/ol>\n<p>Al navegar <a href=\"https:\/\/www.recalls.gov\/\">Recalls.gov<\/a>, el recurso de retiro del gobierno federal, ver\u00e1 que casi todos los tipos de productos pueden tener un defecto. Esto incluye veh\u00edculos, botes, medicamentos, cosm\u00e9ticos, art\u00edculos de limpieza, alimentos, bebidas, juguetes, electrodom\u00e9sticos, electr\u00f3nicos y m\u00e1s.<\/p>\n\t<h2>\u00bfQu\u00e9 es el retiro de un producto?<\/h2>\n<p>Los productos se retiran del mercado cuando los fabricantes, los organismos reguladores o incluso los propios consumidores descubren problemas de seguridad o defectos que pueden causar lesiones. Aunque la mayor\u00eda de los retiros son voluntarios, en algunos casos el gobierno debe intervenir y emitir un retiro obligatorio cuando un fabricante no toma las medidas adecuadas para mantener seguros a los consumidores.<\/p>\n<p>En la mayor\u00eda de los casos, la <a href=\"https:\/\/www.cpsc.gov\/\">Comisi\u00f3n de Seguridad de Productos de Consumo<\/a> (CPSC) maneja retiros de productos en los Estados Unidos. Mantienen un <a href=\"https:\/\/www.cpsc.gov\/Recalls\">lista actual y de b\u00fasqueda<\/a> de retiros del consumidor en cientos de categor\u00edas. La Administraci\u00f3n Nacional de Seguridad del Tr\u00e1fico en las Carreteras (NHTSA) se encarga de todos <a href=\"https:\/\/www.nhtsa.gov\/recalls\">retiros relacionados con veh\u00edculos<\/a>y la Administraci\u00f3n de Alimentos y Medicamentos (FDA) supervisa todos <a href=\"https:\/\/www.fda.gov\/safety\/recalls-market-withdrawals-safety-alerts\">retiros del mercado de alimentos, medicamentos y productos cosm\u00e9ticos<\/a>.<\/p>\n<p>Por lo general, cuando se retira un producto, al consumidor se le brindan los siguientes pasos apropiados. Estos pueden incluir devolver el producto al fabricante, reparar o reemplazar el producto, o recibir piezas o instrucciones adicionales. Sin embargo, le recomendamos que, si se lesiona debido a un producto defectuoso, lo guarde en un lugar seguro si es posible. No lo devuelva al fabricante hasta que consulte con un abogado.<\/p>\n\t<h2>\u00bfCu\u00e1les son algunos ejemplos de productos defectuosos de Charlotte?<\/h2>\n<p>\u00c9l <a href=\"https:\/\/injuryfacts.nsc.org\/home-and-community\/safety-topics\/consumer-product-injuries\/\">Consejo Nacional de Seguridad<\/a> (NSC) recopila y analiza informaci\u00f3n sobre lesiones de productos de consumo cada a\u00f1o, incluidos los datos de la CPSC. Informan que en 2020, casi 11 millones de estadounidenses requirieron tratamiento en la sala de emergencias por lesiones causadas por productos de consumo. Adem\u00e1s, la mayor\u00eda de las personas heridas eran ni\u00f1os y ancianos.<\/p>\n<p>Seg\u00fan el NSC, las tres principales lesiones relacionadas con productos de consumo provienen de:<\/p>\n<ul>\n<li><strong>Escaleras, rampas, descansos y pisos<\/strong>, con 2,7 millones de lesiones totales.<\/li>\n<li><strong>Camas, almohadas y colchones<\/strong>, con 816.000 lesiones totales.<\/li>\n<li><strong>Sillas, sof\u00e1s y sof\u00e1s cama<\/strong>, con 545.000 lesiones totales.<\/li>\n<\/ul>\n<p>Otros productos que causan lesiones frecuentes incluyen jabones y detergentes, televisores y soportes, cocinas y hornos.<\/p>\n\t\t\t\t<img decoding=\"async\" src=\"https:\/\/priceattorneys.com\/wp-content\/uploads\/2022\/03\/stairs.jpg\" alt=\"Defective products in North Carolina\" itemprop=\"image\" height=\"499\" width=\"770\" title=\"stairs\" onerror=\"this.style.display='none'\"  \/>\n\t<h2>\u00bfQu\u00e9 tipo de lesiones causan los productos defectuosos y peligrosos?<\/h2>\n<p>Los productos defectuosos pueden provocar<a href=\"https:\/\/priceattorneys.com\/personal-injury\/catastrophic-injuries\/\">lesiones catastr\u00f3ficas<\/a>as\u00ed como traumas internos y enfermedades f\u00edsicas. Las lesiones m\u00e1s comunes causadas por un producto defectuoso incluyen:<\/p>\n\t<ul>\n<li>Huesos rotos y dislocados<\/li>\n<li>Laceraciones y heridas punzantes<\/li>\n<li>Lesiones por quemaduras<\/li>\n<li>P\u00e9rdida de extremidades y lesiones por amputaci\u00f3n<\/li>\n<li>Lesiones cerebrales traum\u00e1ticas<\/li>\n<li>Lesiones en la cabeza y el cuello<\/li>\n<\/ul>\n\t<ul>\n<li>Lesiones de la m\u00e9dula espinal<\/li>\n<li>Falta de ox\u00edgeno<\/li>\n<li>Envenenamiento<\/li>\n<li>Da\u00f1o o sangrado de \u00f3rganos internos<\/li>\n<li>Reacciones al\u00e9rgicas<\/li>\n<li>Ciertos tipos de c\u00e1ncer<\/li>\n<\/ul>\n\t<p>Estas lesiones pueden cambiar la vida de una persona para siempre, causando una discapacidad a largo plazo o permanente. Es crucial contar con representaci\u00f3n legal experimentada de su lado para asegurarse de que usted o su ser querido recuperen la compensaci\u00f3n a la que tienen derecho.<\/p>\n\t<h2>\u00bfCu\u00e1nto tiempo tengo para presentar un reclamo de responsabilidad por productos defectuosos de Charlotte?<\/h2>\n<p>Cualquier v\u00edctima lesionada por un producto defectuoso en Carolina del Norte debe presentar un reclamo dentro de los tres a\u00f1os posteriores a la fecha en que ocurri\u00f3 la lesi\u00f3n, seg\u00fan el estatuto estatal de limitaciones por lesiones personales. Sin embargo, tambi\u00e9n hay un conjunto <a href=\"https:\/\/www.ncleg.gov\/EnactedLegislation\/Statutes\/HTML\/BySection\/Chapter_1\/GS_1-46.1.html\">estatuto de reposo de 12 a\u00f1os<\/a> para reclamos de responsabilidad del producto. Esto significa que no se puede presentar un reclamo de responsabilidad del producto m\u00e1s de 12 a\u00f1os despu\u00e9s de la compra inicial del producto, independientemente de cu\u00e1ndo la v\u00edctima sufra una lesi\u00f3n causada por el producto defectuoso.<\/p>\n<p>Comun\u00edquese con nuestros abogados experimentados lo antes posible despu\u00e9s de su lesi\u00f3n o descubrimiento de su lesi\u00f3n, para que podamos comenzar a construir su caso de inmediato.<\/p>\n\t<h2>\u00bfCu\u00e1l es el valor de mi caso de producto defectuoso de Charlotte?<\/h2>\n<p>Si usted o un ser querido ha sufrido una lesi\u00f3n o enfermedad causada por un producto defectuoso, comun\u00edquese hoy con el equipo de Price, Petho &amp; Asociados para obtener ayuda experta. Tenemos una amplia experiencia en el manejo de casos de lesiones graves en todo el estado, incluidos los relacionados con productos defectuosos. Nuestro equipo responsabiliza a las personas adecuadas por sus lesiones y p\u00e9rdidas, trabajando para recuperar una compensaci\u00f3n que incluye:<\/p>\n<ul>\n<li>Cobertura total de sus facturas m\u00e9dicas, actuales y futuras<\/li>\n<li>P\u00e9rdida de ingresos si no puede trabajar debido a sus lesiones<\/li>\n<li>Gastos de bolsillo generales del hogar relacionados con su accidente<\/li>\n<li>Da\u00f1os por dolor y sufrimiento<\/li>\n<li>P\u00e9rdida del disfrute de la vida da\u00f1os<\/li>\n<\/ul>\n<p>En los casos de la <a href=\"https:\/\/priceattorneys.com\/es\/lesiones-personales\/muerte-injusta\/\">muerte injusta<\/a> de un ser querido, su familia tambi\u00e9n puede ser elegible para los gastos de funeral y entierro, as\u00ed como para otras compensaciones. Nuestros abogados pueden proporcionar m\u00e1s detalles en una consulta gratuita.<\/p>\n\t<h2>\u00bfHay un abogado de productos defectuosos cerca de m\u00ed?<\/h2>\n<p>Price, Petho &amp; Asociados se encuentra en 1430 Elizabeth Ave en Charlotte. Tambi\u00e9n mantenemos oficinas en Rockingham y Rutherfordton para su comodidad. Si est\u00e1 demasiado lesionado para acudir a nosotros, tambi\u00e9n hacemos visitas a domicilio y al hospital.<\/p>\n<h3>Abogados confiables de responsabilidad por productos defectuosos de Charlotte que lo defienden<\/h3>\n<p>Cuando los fabricantes no toman precauciones con sus productos y los consumidores resultan heridos, estas empresas deben ser responsabilizadas por las lesiones que causan. Los abogados de productos defectuosos de Charlotte en Price, Petho &amp; Asociados tienen los recursos y el conocimiento para responsabilizarlos, as\u00ed como para garantizar que no causen m\u00e1s da\u00f1os. Trabajamos para asegurar una compensaci\u00f3n financiera por sus p\u00e9rdidas mientras se toma el tiempo que necesita para recuperarse de sus lesiones. Comun\u00edquese hoy para programar una consulta llamando <a href=\"tel:7043722160\">704-372-2160<\/a> hoy o llenando nuestro Formulario de contacto. Sirviendo a Carlota, Rockingham,Rutherfordton, Carolina del Norte y Carolina del Sur.<\/p>\n\n","protected":false},"excerpt":{"rendered":"<p>Charlotte, NC Abogados de Productos Defectuosos Defensa legal cuando se lesiona con un producto peligroso en Carolina del Norte Como consumidores, usamos docenas de productos todos los d\u00edas. Desde nuestros veh\u00edculos hasta calentadores de ambiente y dispositivos m\u00e9dicos, esperamos y necesitamos que estos productos funcionen como se anuncia y de manera segura. Cuando los fabricantes&hellip;<\/p>\n","protected":false},"author":1,"featured_media":0,"parent":4969,"menu_order":0,"comment_status":"closed","ping_status":"closed","template":"","meta":{"footnotes":""},"class_list":["post-5051","page","type-page","status-publish","hentry"],"yoast_head":"<!-- This site is optimized with the Yoast SEO plugin v27.2 - https:\/\/yoast.com\/product\/yoast-seo-wordpress\/ -->\n<title>Productos Defectuosos | Price Petho &amp; Associates, Personal Injury Attorneys<\/title>\n<meta name=\"robots\" content=\"index, follow, max-snippet:-1, max-image-preview:large, max-video-preview:-1\" \/>\n<link rel=\"canonical\" href=\"https:\/\/priceattorneys.com\/es\/lesiones-personales\/productos-defectuosos\/\" \/>\n<meta property=\"og:locale\" content=\"es_ES\" \/>\n<meta property=\"og:type\" content=\"article\" \/>\n<meta property=\"og:title\" content=\"Productos Defectuosos | Price Petho &amp; Associates, Personal Injury Attorneys\" \/>\n<meta property=\"og:description\" content=\"Charlotte, NC Abogados de Productos Defectuosos Defensa legal cuando se lesiona con un producto peligroso en Carolina del Norte Como consumidores, usamos docenas de productos todos los d\u00edas. Desde nuestros veh\u00edculos hasta calentadores de ambiente y dispositivos m\u00e9dicos, esperamos y necesitamos que estos productos funcionen como se anuncia y de manera segura. Cuando los fabricantes&hellip;\" \/>\n<meta property=\"og:url\" content=\"https:\/\/priceattorneys.com\/es\/lesiones-personales\/productos-defectuosos\/\" \/>\n<meta property=\"og:site_name\" content=\"Price Petho &amp; Associates, Personal Injury Attorneys\" \/>\n<meta property=\"article:modified_time\" content=\"2024-03-27T18:51:56+00:00\" \/>\n<meta property=\"og:image\" content=\"https:\/\/priceattorneys.com\/wp-content\/uploads\/2022\/03\/defect.jpg\" \/>\n<meta name=\"twitter:card\" content=\"summary_large_image\" \/>\n<meta name=\"twitter:label1\" content=\"Tiempo de lectura\" \/>\n\t<meta name=\"twitter:data1\" content=\"7 minutos\" \/>\n<script type=\"application\/ld+json\" class=\"yoast-schema-graph\">{\"@context\":\"https:\/\/schema.org\",\"@graph\":[{\"@type\":\"WebPage\",\"@id\":\"https:\/\/priceattorneys.com\/es\/lesiones-personales\/productos-defectuosos\/\",\"url\":\"https:\/\/priceattorneys.com\/es\/lesiones-personales\/productos-defectuosos\/\",\"name\":\"Productos Defectuosos | Price Petho &amp; Associates, Personal Injury Attorneys\",\"isPartOf\":{\"@id\":\"https:\/\/priceattorneys.com\/es\/#website\"},\"primaryImageOfPage\":{\"@id\":\"https:\/\/priceattorneys.com\/es\/lesiones-personales\/productos-defectuosos\/#primaryimage\"},\"image\":{\"@id\":\"https:\/\/priceattorneys.com\/es\/lesiones-personales\/productos-defectuosos\/#primaryimage\"},\"thumbnailUrl\":\"https:\/\/priceattorneys.com\/wp-content\/uploads\/2022\/03\/defect.jpg\",\"datePublished\":\"2020-11-24T08:33:42+00:00\",\"dateModified\":\"2024-03-27T18:51:56+00:00\",\"breadcrumb\":{\"@id\":\"https:\/\/priceattorneys.com\/es\/lesiones-personales\/productos-defectuosos\/#breadcrumb\"},\"inLanguage\":\"es\",\"potentialAction\":[{\"@type\":\"ReadAction\",\"target\":[\"https:\/\/priceattorneys.com\/es\/lesiones-personales\/productos-defectuosos\/\"]}]},{\"@type\":\"ImageObject\",\"inLanguage\":\"es\",\"@id\":\"https:\/\/priceattorneys.com\/es\/lesiones-personales\/productos-defectuosos\/#primaryimage\",\"url\":\"https:\/\/priceattorneys.com\/wp-content\/uploads\/2022\/03\/defect.jpg\",\"contentUrl\":\"https:\/\/priceattorneys.com\/wp-content\/uploads\/2022\/03\/defect.jpg\"},{\"@type\":\"BreadcrumbList\",\"@id\":\"https:\/\/priceattorneys.com\/es\/lesiones-personales\/productos-defectuosos\/#breadcrumb\",\"itemListElement\":[{\"@type\":\"ListItem\",\"position\":1,\"name\":\"Home\",\"item\":\"https:\/\/priceattorneys.com\/es\/\"},{\"@type\":\"ListItem\",\"position\":2,\"name\":\"Lesiones Personales\",\"item\":\"https:\/\/priceattorneys.com\/es\/lesiones-personales\/\"},{\"@type\":\"ListItem\",\"position\":3,\"name\":\"Productos Defectuosos\"}]},{\"@type\":\"WebSite\",\"@id\":\"https:\/\/priceattorneys.com\/es\/#website\",\"url\":\"https:\/\/priceattorneys.com\/es\/\",\"name\":\"Price Petho &amp; Associates, Personal Injury Attorneys\",\"description\":\"Charlotte Personal Injury Lawyers\",\"potentialAction\":[{\"@type\":\"SearchAction\",\"target\":{\"@type\":\"EntryPoint\",\"urlTemplate\":\"https:\/\/priceattorneys.com\/es\/?s={search_term_string}\"},\"query-input\":{\"@type\":\"PropertyValueSpecification\",\"valueRequired\":true,\"valueName\":\"search_term_string\"}}],\"inLanguage\":\"es\"}]}<\/script>\n<!-- \/ Yoast SEO plugin. -->","yoast_head_json":{"title":"Productos Defectuosos | Price Petho &amp; Associates, Personal Injury Attorneys","robots":{"index":"index","follow":"follow","max-snippet":"max-snippet:-1","max-image-preview":"max-image-preview:large","max-video-preview":"max-video-preview:-1"},"canonical":"https:\/\/priceattorneys.com\/es\/lesiones-personales\/productos-defectuosos\/","og_locale":"es_ES","og_type":"article","og_title":"Productos Defectuosos | Price Petho &amp; Associates, Personal Injury Attorneys","og_description":"Charlotte, NC Abogados de Productos Defectuosos Defensa legal cuando se lesiona con un producto peligroso en Carolina del Norte Como consumidores, usamos docenas de productos todos los d\u00edas. Desde nuestros veh\u00edculos hasta calentadores de ambiente y dispositivos m\u00e9dicos, esperamos y necesitamos que estos productos funcionen como se anuncia y de manera segura. Cuando los fabricantes&hellip;","og_url":"https:\/\/priceattorneys.com\/es\/lesiones-personales\/productos-defectuosos\/","og_site_name":"Price Petho &amp; Associates, Personal Injury Attorneys","article_modified_time":"2024-03-27T18:51:56+00:00","og_image":[{"url":"https:\/\/priceattorneys.com\/wp-content\/uploads\/2022\/03\/defect.jpg","type":"","width":"","height":""}],"twitter_card":"summary_large_image","twitter_misc":{"Tiempo de lectura":"7 minutos"},"schema":{"@context":"https:\/\/schema.org","@graph":[{"@type":"WebPage","@id":"https:\/\/priceattorneys.com\/es\/lesiones-personales\/productos-defectuosos\/","url":"https:\/\/priceattorneys.com\/es\/lesiones-personales\/productos-defectuosos\/","name":"Productos Defectuosos | Price Petho &amp; Associates, Personal Injury Attorneys","isPartOf":{"@id":"https:\/\/priceattorneys.com\/es\/#website"},"primaryImageOfPage":{"@id":"https:\/\/priceattorneys.com\/es\/lesiones-personales\/productos-defectuosos\/#primaryimage"},"image":{"@id":"https:\/\/priceattorneys.com\/es\/lesiones-personales\/productos-defectuosos\/#primaryimage"},"thumbnailUrl":"https:\/\/priceattorneys.com\/wp-content\/uploads\/2022\/03\/defect.jpg","datePublished":"2020-11-24T08:33:42+00:00","dateModified":"2024-03-27T18:51:56+00:00","breadcrumb":{"@id":"https:\/\/priceattorneys.com\/es\/lesiones-personales\/productos-defectuosos\/#breadcrumb"},"inLanguage":"es","potentialAction":[{"@type":"ReadAction","target":["https:\/\/priceattorneys.com\/es\/lesiones-personales\/productos-defectuosos\/"]}]},{"@type":"ImageObject","inLanguage":"es","@id":"https:\/\/priceattorneys.com\/es\/lesiones-personales\/productos-defectuosos\/#primaryimage","url":"https:\/\/priceattorneys.com\/wp-content\/uploads\/2022\/03\/defect.jpg","contentUrl":"https:\/\/priceattorneys.com\/wp-content\/uploads\/2022\/03\/defect.jpg"},{"@type":"BreadcrumbList","@id":"https:\/\/priceattorneys.com\/es\/lesiones-personales\/productos-defectuosos\/#breadcrumb","itemListElement":[{"@type":"ListItem","position":1,"name":"Home","item":"https:\/\/priceattorneys.com\/es\/"},{"@type":"ListItem","position":2,"name":"Lesiones Personales","item":"https:\/\/priceattorneys.com\/es\/lesiones-personales\/"},{"@type":"ListItem","position":3,"name":"Productos Defectuosos"}]},{"@type":"WebSite","@id":"https:\/\/priceattorneys.com\/es\/#website","url":"https:\/\/priceattorneys.com\/es\/","name":"Price Petho &amp; Associates, Personal Injury Attorneys","description":"Charlotte Personal Injury Lawyers","potentialAction":[{"@type":"SearchAction","target":{"@type":"EntryPoint","urlTemplate":"https:\/\/priceattorneys.com\/es\/?s={search_term_string}"},"query-input":{"@type":"PropertyValueSpecification","valueRequired":true,"valueName":"search_term_string"}}],"inLanguage":"es"}]}},"_links":{"self":[{"href":"https:\/\/priceattorneys.com\/es\/wp-json\/wp\/v2\/pages\/5051","targetHints":{"allow":["GET"]}}],"collection":[{"href":"https:\/\/priceattorneys.com\/es\/wp-json\/wp\/v2\/pages"}],"about":[{"href":"https:\/\/priceattorneys.com\/es\/wp-json\/wp\/v2\/types\/page"}],"author":[{"embeddable":true,"href":"https:\/\/priceattorneys.com\/es\/wp-json\/wp\/v2\/users\/1"}],"replies":[{"embeddable":true,"href":"https:\/\/priceattorneys.com\/es\/wp-json\/wp\/v2\/comments?post=5051"}],"version-history":[{"count":1,"href":"https:\/\/priceattorneys.com\/es\/wp-json\/wp\/v2\/pages\/5051\/revisions"}],"predecessor-version":[{"id":6962,"href":"https:\/\/priceattorneys.com\/es\/wp-json\/wp\/v2\/pages\/5051\/revisions\/6962"}],"up":[{"embeddable":true,"href":"https:\/\/priceattorneys.com\/es\/wp-json\/wp\/v2\/pages\/4969"}],"wp:attachment":[{"href":"https:\/\/priceattorneys.com\/es\/wp-json\/wp\/v2\/media?parent=5051"}],"curies":[{"name":"wp","href":"https:\/\/api.w.org\/{rel}","templated":true}]}}