{"id":5057,"date":"2022-03-18T22:16:13","date_gmt":"2022-03-18T22:16:13","guid":{"rendered":"https:\/\/priceattorneys.com\/?page_id=5057"},"modified":"2022-04-27T12:53:50","modified_gmt":"2022-04-27T12:53:50","slug":"defectos-automaticos","status":"publish","type":"page","link":"https:\/\/priceattorneys.com\/es\/lesiones-personales\/productos-defectuosos\/defectos-automaticos\/","title":{"rendered":"Defectos Autom\u00e1ticos"},"content":{"rendered":"\n\n\t\t\t\t<img decoding=\"async\" src=\"https:\/\/priceattorneys.com\/wp-content\/uploads\/2022\/03\/auto-defect.jpg\" alt=\"auto-defect\" itemprop=\"image\" height=\"621\" width=\"1245\" title=\"auto-defect\" onerror=\"this.style.display='none'\"  \/>\n\t<h1>Abogados de Defectos de Auto en Charlotte, NC<\/h1>\n<h2>Ayuda despu\u00e9s de accidentes y lesiones causadas por piezas de autom\u00f3viles defectuosas en todo Carolina del Norte<\/h2>\n<p>Cuando usted o un ser querido se ven involucrados en un accidente automovil\u00edstico o de cami\u00f3n, las investigaciones generalmente se enfocan en el error del conductor, ya sea que el otro conductor estaba distra\u00eddo, distra\u00eddo o no sigui\u00f3 las se\u00f1ales de tr\u00e1nsito. En algunos casos, sin embargo, su accidente y lesiones pueden no ser culpa de otro conductor en absoluto. A veces, un accidente de veh\u00edculo ocurre debido a piezas de autom\u00f3viles defectuosas o que funcionan mal. Estos casos pueden ser complejos, por lo que necesita los servicios de un abogado experimentado de su lado.<\/p>\n<p>Enfrentarse a los grandes fabricantes de autom\u00f3viles y camiones es un proceso completamente diferente a responsabilizar a un conductor individual por su accidente. Las compa\u00f1\u00edas automotrices tienen ej\u00e9rcitos de abogados y compa\u00f1\u00edas de seguros de su lado; tambi\u00e9n necesita una fuerte representaci\u00f3n. Los abogados de defectos de autom\u00f3viles de Charlotte en Price, Petho &amp; Asociados tienen los recursos y el conocimiento que necesita para asegurar una compensaci\u00f3n financiera adecuada por sus lesiones. Nuestros <a href=\"https:\/\/priceattorneys.com\/es\/lesiones-personales\/productos-defectuosos\/\">abogados de responsabilidad del producto<\/a> poder ayudar.<\/p>\n\t<h2>\u00bfQu\u00e9 le gustar\u00eda saber?<\/h2>\n\t<ul>\n<li><a href=\"#FAQ1\">\u00bfQu\u00e9 es un defecto del veh\u00edculo de motor?<\/a><\/li>\n<li><a href=\"#FAQ2\">\u00bfCu\u00e1les son algunos ejemplos de defectos automotrices comunes?<\/a>\n<ul>\n<li><a href=\"#FAQ2a\">Fallo del cintur\u00f3n de seguridad<\/a><\/li>\n<li><a href=\"#FAQ2b\">Neum\u00e1ticos defectuosos<\/a><\/li>\n<li><a href=\"#FAQ2c\">Falla de la bolsa de aire<\/a><\/li>\n<\/ul>\n<\/li>\n<li><a href=\"#FAQ3\">\u00bfQu\u00e9 debo hacer si mi veh\u00edculo es retirado del mercado?<\/a><\/li>\n<li><a href=\"#FAQ4\">\u00bfQui\u00e9n es responsable de mi accidente de piezas de autom\u00f3vil defectuosas en Charlotte?<\/a><\/li>\n<li><a href=\"#FAQ5\">\u00bfHay un abogado de defectos de autom\u00f3viles cerca de m\u00ed?<\/a><\/li>\n<\/ul>\n\t<h2>\u00bfQu\u00e9 es un defecto del veh\u00edculo de motor?<\/h2>\n<p>De acuerdo con la <a href=\"https:\/\/www.nhtsa.gov\/sites\/nhtsa.gov\/files\/documents\/14218-mvsdefectsandrecalls_041619-v2-tag.pdf\">Administraci\u00f3n Nacional de Seguridad del Tr\u00e1fico en las Carreteras<\/a> (NHTSA), un defecto de seguridad es \u00abun problema que existe en un veh\u00edculo de motor o elemento del equipo del veh\u00edculo de motor que representa un riesgo irrazonable para la seguridad del veh\u00edculo de motor, y puede existir en un grupo de veh\u00edculos del mismo dise\u00f1o o fabricaci\u00f3n, o elementos de equipo del mismo tipo y fabricaci\u00f3n.\u00bb<\/p>\n<p>Muchos de estos defectos se pueden prevenir y ocurren durante el dise\u00f1o y la fabricaci\u00f3n cuando las empresas no implementan las medidas de seguridad adecuadas.<\/p>\n\t<h2>\u00bfCu\u00e1les son algunos ejemplos de defectos automotrices comunes?<\/h2>\n<p>Un defecto de seguridad del veh\u00edculo puede ocurrir en casi cualquier parte del veh\u00edculo, aunque la NHTSA se\u00f1ala que cosas como el desgaste normal, los acondicionadores de aire o radios que no funcionan, el \u00f3xido de la carrocer\u00eda o las imperfecciones cosm\u00e9ticas no cuentan como problemas de seguridad. Tres de los principales defectos del veh\u00edculo incluyen fallas en los cinturones de seguridad, llantas defectuosas y fallas en las bolsas de aire.<\/p>\n\t<h3>Fallo del cintur\u00f3n de seguridad<\/h3>\n<p>Los cinturones de seguridad est\u00e1n dise\u00f1ados para evitar que los conductores y pasajeros sufran lesiones graves y catastr\u00f3ficas durante un accidente. Desafortunadamente, los cinturones de seguridad a veces pueden no funcionar correctamente debido a varios defectos de dise\u00f1o y fabricaci\u00f3n. Cuando esto ocurre, las personas pueden terminar gravemente heridas o muertas. Hay muchas formas en que los defectos de dise\u00f1o o los materiales de mala calidad pueden causar que los cinturones de seguridad no funcionen correctamente:<\/p>\n<ul>\n<li><strong>El material se rompe o se desgasta prematuramente<\/strong>. Los materiales utilizados para construir los cinturones de seguridad deben ser lo suficientemente fuertes para mantener a un ocupante en su lugar sin romperse durante un accidente. Cuando un cintur\u00f3n de seguridad se rasga o rasga, puede hacer que el conductor o el pasajero golpeen el volante, el tablero, el parabrisas o el techo del veh\u00edculo.<\/li>\n<li><strong>El retractor del cintur\u00f3n falla<\/strong>. El retractor es la caracter\u00edstica mec\u00e1nica m\u00e1s importante del sistema de cinturones de seguridad porque bloquea el cintur\u00f3n de seguridad y al ocupante en su lugar durante una colisi\u00f3n. Las fallas de dise\u00f1o y los materiales baratos pueden hacer que el retractor ya no se trabe en su lugar, lo que puede crear suficiente holgura en el cintur\u00f3n durante el accidente para causar lesiones devastadoras.<\/li>\n<li><strong>Dise\u00f1o de sistema defectuoso<\/strong>. Los cinturones de seguridad son parte de un sistema de seguridad mucho m\u00e1s grande dise\u00f1ado para evitar que los ocupantes sufran lesiones graves durante un accidente. Si alguna parte de este dise\u00f1o tiene fallas, todo el sistema puede fallar. Por ejemplo, el punto de anclaje de un cintur\u00f3n de seguridad influye en la posici\u00f3n del ocupante durante una colisi\u00f3n. Cuando se trata de accidentes de vuelco, un cintur\u00f3n anclado incorrectamente podr\u00eda causar da\u00f1os permanentes en la cabeza o en la cabeza. <a href=\"https:\/\/priceattorneys.com\/es\/lesiones-personales\/lesiones-catastroficas\/lesiones-de-la-medula-espinal\/\">lesiones de la m\u00e9dula espinal<\/a>.<\/li>\n<\/ul>\n\t<h3>Neum\u00e1ticos defectuosos<\/h3>\n<p>Los tipos comunes de defectos en los neum\u00e1ticos que pueden contribuir a accidentes y lesiones incluyen:<\/p>\n<ul>\n<li><strong>Separaci\u00f3n de la banda de rodadura de los neum\u00e1ticos<\/strong>. La banda de rodadura es la parte m\u00e1s externa de un neum\u00e1tico que hace contacto con la carretera. La separaci\u00f3n de la banda de rodadura ocurre cuando la banda de rodadura se separa de las capas internas del neum\u00e1tico. Cuando esto sucede, los conductores pueden perder el control de sus veh\u00edculos, lo que podr\u00eda provocar un accidente grave o catastr\u00f3fico. Este tipo de defecto en las llantas es com\u00fan en semirremolques y veh\u00edculos de pasajeros, y tambi\u00e9n es una de las principales razones de los retiros de llantas.<\/li>\n<li><strong>Revent\u00f3n del neum\u00e1tico<\/strong>. Los baches, viajar a altas velocidades y las fluctuaciones extremas de temperatura pueden contribuir a que los neum\u00e1ticos revienten. Sin embargo, los reventones de llantas tambi\u00e9n pueden ser causados \u200b\u200bpor fallas de dise\u00f1o y defectos de fabricaci\u00f3n. La explosi\u00f3n de un neum\u00e1tico ocurre r\u00e1pidamente, lo que deja un tiempo m\u00ednimo para que el conductor reaccione ante la situaci\u00f3n.<\/li>\n<li><strong>Explosi\u00f3n de inflaci\u00f3n<\/strong>. En ocasiones, los neum\u00e1ticos pueden explotar durante el proceso de montaje e inflado o mientras est\u00e1n en la carretera. Estas explosiones pueden ser causadas por fallas en el alambre del tal\u00f3n de acero de una llanta, o pueden ser un problema con la pared lateral de la llanta. Los errores de dise\u00f1o en la llanta en la que se monta un neum\u00e1tico tambi\u00e9n pueden provocar una explosi\u00f3n. Cuando los neum\u00e1ticos explotan mientras se est\u00e1n inflando, puede causar que la persona que infla el neum\u00e1tico sufra <a href=\"https:\/\/priceattorneys.com\/es\/lesiones-personales\/lesiones-catastroficas\/\">lesiones catastr\u00f3ficas<\/a>.<\/li>\n<\/ul>\n\t<h3>Falla de la bolsa de aire<\/h3>\n<p>En algunas situaciones, es f\u00e1cil darse cuenta de que su bolsa de aire est\u00e1 defectuosa porque no se despleg\u00f3. Sin embargo, otras veces, los defectos pueden hacer que las bolsas de aire act\u00faen de manera inesperada y peligrosa. Los ejemplos de situaciones en las que una bolsa de aire defectuosa puede causar una lesi\u00f3n incluyen cuando:<\/p>\n<ul>\n<li>Se despliega con demasiada fuerza<\/li>\n<li>Se implementa muy lentamente<\/li>\n<li>Se despliega en la direcci\u00f3n incorrecta<\/li>\n<li>Se despliega innecesariamente en una colisi\u00f3n menor<\/li>\n<li>No se despliega cuando se necesita en una colisi\u00f3n importante<\/li>\n<li>Fue producido con materiales peligrosos.<\/li>\n<\/ul>\n<p>No importa qu\u00e9 tipo de pieza de autom\u00f3vil defectuosa caus\u00f3 su Charlotte coche o accidente de camion, los abogados de Price, Petho &amp; Asociados comprenden la gravedad de sus lesiones y p\u00e9rdidas.<\/p>\n\t<h2>\u00bfQu\u00e9 debo hacer si mi veh\u00edculo es retirado del mercado?<\/h2>\n<p>La NHTSA es responsable de los retiros de autom\u00f3viles si determinan que un veh\u00edculo, modelo o pieza espec\u00edfico tiene un riesgo o peligro de seguridad irrazonable para el p\u00fablico. Si su autom\u00f3vil, SUV o camioneta est\u00e1 sujeto a un retiro del mercado, el fabricante debe notificarle y solucionar el problema sin costo alguno. Esto generalmente implica reparar el veh\u00edculo o reemplazar la pieza defectuosa. Recibir\u00e1 un aviso del fabricante de su veh\u00edculo por correo dentro de los 60 d\u00edas posteriores al retiro. No ignore esta advertencia, ya que muchos defectos de seguridad podr\u00edan implicar lesiones potencialmente mortales. El aviso del fabricante proporcionar\u00e1 instrucciones y los pr\u00f3ximos pasos. T\u00fa tambi\u00e9n puedes <a href=\"https:\/\/www.nhtsa.gov\/recalls\">buscar retiros de veh\u00edculos<\/a> con su VIN en el sitio web de NHTSA.<\/p>\n\t\t\t\t<img decoding=\"async\" src=\"https:\/\/priceattorneys.com\/wp-content\/uploads\/2022\/03\/auto-recall-notice.jpg\" alt=\"auto-recall-notice\" itemprop=\"image\" height=\"290\" width=\"900\" title=\"auto-recall-notice\" onerror=\"this.style.display='none'\"  \/>\n\t<h2>\u00bfQui\u00e9n es responsable de mi accidente de piezas de autom\u00f3vil defectuosas en Charlotte?<\/h2>\n<p>Cuando los fabricantes de autom\u00f3viles toman atajos en los est\u00e1ndares de seguridad y ponen productos y piezas inseguras en el mercado, deben ser considerados responsables de los accidentes y lesiones resultantes. Las partes que pueden ser consideradas responsables incluyen:<\/p>\n<ul>\n<li>Fabricante de autom\u00f3viles<\/li>\n<li>Fabricante de piezas<\/li>\n<li>Concesionario de coches<\/li>\n<li>Tienda de suministros para autom\u00f3viles<\/li>\n<li>Transportista o distribuidor de autom\u00f3viles<\/li>\n<li>Taller de reparaci\u00f3n o inspecci\u00f3n de autom\u00f3viles.<\/li>\n<\/ul>\n<p>Nuestros abogados experimentados trabajan para responsabilizar a cada parte responsable por sus lesiones y p\u00e9rdidas, asegurando que recupere la cantidad adecuada de compensaci\u00f3n a la que tiene derecho.<\/p>\n\t<h2>\u00bfHay un abogado de defectos de autom\u00f3viles cerca de m\u00ed?<\/h2>\n<p>Price, Petho &amp; Asociados se encuentra en 1430 Elizabeth Ave en Charlotte. Tambi\u00e9n mantenemos oficinas en Rockingham y Rutherfordton para su comodidad. Si est\u00e1 demasiado lesionado para acudir a nosotros, tambi\u00e9n hacemos visitas a domicilio y al hospital.<\/p>\n<h3>Hable con nuestros abogados experimentados en defectos de autom\u00f3viles de Charlotte hoy<\/h3>\n<p>En Price, Petho &amp; Asociados, sabemos lo dif\u00edcil que puede ser recuperarse de su lesi\u00f3n cuando debe lidiar con costosas facturas m\u00e9dicas y cheques de pago perdidos. Cuando elige a nuestro equipo legal para que lo represente, no tendr\u00e1 que enfrentar estas luchas solo. Nuestros abogados especialistas en defectos de veh\u00edculos en Charlotte tienen un historial probado en la obtenci\u00f3n de acuerdos y veredictos de alto valor para clientes en todo el estado. Podemos revisar su caso y explicarle qu\u00e9 opciones legales est\u00e1n disponibles; perm\u00edtanos poner nuestras habilidades y recursos a trabajar para usted. Para programar una consulta gratuita, llame <a href=\"tel:7043722160\">704-372-2160<\/a> o llena nuestro Formulario de contacto hoy dia. Sirviendo a Carlota, Rockingham, Rutherfordton, Carolina del Norte y Carolina del Sur.<\/p>\n\n","protected":false},"excerpt":{"rendered":"<p>Abogados de Defectos de Auto en Charlotte, NC Ayuda despu\u00e9s de accidentes y lesiones causadas por piezas de autom\u00f3viles defectuosas en todo Carolina del Norte Cuando usted o un ser querido se ven involucrados en un accidente automovil\u00edstico o de cami\u00f3n, las investigaciones generalmente se enfocan en el error del conductor, ya sea que el&hellip;<\/p>\n","protected":false},"author":1,"featured_media":0,"parent":5051,"menu_order":0,"comment_status":"closed","ping_status":"closed","template":"","meta":{"footnotes":""},"class_list":["post-5057","page","type-page","status-publish","hentry"],"yoast_head":"<!-- This site is optimized with the Yoast SEO plugin v27.2 - https:\/\/yoast.com\/product\/yoast-seo-wordpress\/ -->\n<title>Defectos Autom\u00e1ticos | Price Petho &amp; Associates, Personal Injury Attorneys<\/title>\n<meta name=\"robots\" content=\"index, follow, max-snippet:-1, max-image-preview:large, max-video-preview:-1\" \/>\n<link rel=\"canonical\" href=\"https:\/\/priceattorneys.com\/es\/lesiones-personales\/productos-defectuosos\/defectos-automaticos\/\" \/>\n<meta property=\"og:locale\" content=\"es_ES\" \/>\n<meta property=\"og:type\" content=\"article\" \/>\n<meta property=\"og:title\" content=\"Defectos Autom\u00e1ticos | Price Petho &amp; Associates, Personal Injury Attorneys\" \/>\n<meta property=\"og:description\" content=\"Abogados de Defectos de Auto en Charlotte, NC Ayuda despu\u00e9s de accidentes y lesiones causadas por piezas de autom\u00f3viles defectuosas en todo Carolina del Norte Cuando usted o un ser querido se ven involucrados en un accidente automovil\u00edstico o de cami\u00f3n, las investigaciones generalmente se enfocan en el error del conductor, ya sea que el&hellip;\" \/>\n<meta property=\"og:url\" content=\"https:\/\/priceattorneys.com\/es\/lesiones-personales\/productos-defectuosos\/defectos-automaticos\/\" \/>\n<meta property=\"og:site_name\" content=\"Price Petho &amp; Associates, Personal Injury Attorneys\" \/>\n<meta property=\"article:modified_time\" content=\"2022-04-27T12:53:50+00:00\" \/>\n<meta property=\"og:image\" content=\"https:\/\/priceattorneys.com\/wp-content\/uploads\/2022\/03\/auto-defect.jpg\" \/>\n<meta name=\"twitter:card\" content=\"summary_large_image\" \/>\n<meta name=\"twitter:label1\" content=\"Tiempo de lectura\" \/>\n\t<meta name=\"twitter:data1\" content=\"9 minutos\" \/>\n<script type=\"application\/ld+json\" class=\"yoast-schema-graph\">{\"@context\":\"https:\/\/schema.org\",\"@graph\":[{\"@type\":\"WebPage\",\"@id\":\"https:\/\/priceattorneys.com\/es\/lesiones-personales\/productos-defectuosos\/defectos-automaticos\/\",\"url\":\"https:\/\/priceattorneys.com\/es\/lesiones-personales\/productos-defectuosos\/defectos-automaticos\/\",\"name\":\"Defectos Autom\u00e1ticos | Price Petho &amp; Associates, Personal Injury Attorneys\",\"isPartOf\":{\"@id\":\"https:\/\/priceattorneys.com\/es\/#website\"},\"primaryImageOfPage\":{\"@id\":\"https:\/\/priceattorneys.com\/es\/lesiones-personales\/productos-defectuosos\/defectos-automaticos\/#primaryimage\"},\"image\":{\"@id\":\"https:\/\/priceattorneys.com\/es\/lesiones-personales\/productos-defectuosos\/defectos-automaticos\/#primaryimage\"},\"thumbnailUrl\":\"https:\/\/priceattorneys.com\/wp-content\/uploads\/2022\/03\/auto-defect.jpg\",\"datePublished\":\"2022-03-18T22:16:13+00:00\",\"dateModified\":\"2022-04-27T12:53:50+00:00\",\"breadcrumb\":{\"@id\":\"https:\/\/priceattorneys.com\/es\/lesiones-personales\/productos-defectuosos\/defectos-automaticos\/#breadcrumb\"},\"inLanguage\":\"es\",\"potentialAction\":[{\"@type\":\"ReadAction\",\"target\":[\"https:\/\/priceattorneys.com\/es\/lesiones-personales\/productos-defectuosos\/defectos-automaticos\/\"]}]},{\"@type\":\"ImageObject\",\"inLanguage\":\"es\",\"@id\":\"https:\/\/priceattorneys.com\/es\/lesiones-personales\/productos-defectuosos\/defectos-automaticos\/#primaryimage\",\"url\":\"https:\/\/priceattorneys.com\/wp-content\/uploads\/2022\/03\/auto-defect.jpg\",\"contentUrl\":\"https:\/\/priceattorneys.com\/wp-content\/uploads\/2022\/03\/auto-defect.jpg\"},{\"@type\":\"BreadcrumbList\",\"@id\":\"https:\/\/priceattorneys.com\/es\/lesiones-personales\/productos-defectuosos\/defectos-automaticos\/#breadcrumb\",\"itemListElement\":[{\"@type\":\"ListItem\",\"position\":1,\"name\":\"Home\",\"item\":\"https:\/\/priceattorneys.com\/es\/\"},{\"@type\":\"ListItem\",\"position\":2,\"name\":\"Lesiones Personales\",\"item\":\"https:\/\/priceattorneys.com\/es\/lesiones-personales\/\"},{\"@type\":\"ListItem\",\"position\":3,\"name\":\"Productos Defectuosos\",\"item\":\"https:\/\/priceattorneys.com\/es\/lesiones-personales\/productos-defectuosos\/\"},{\"@type\":\"ListItem\",\"position\":4,\"name\":\"Defectos Autom\u00e1ticos\"}]},{\"@type\":\"WebSite\",\"@id\":\"https:\/\/priceattorneys.com\/es\/#website\",\"url\":\"https:\/\/priceattorneys.com\/es\/\",\"name\":\"Price Petho &amp; Associates, Personal Injury Attorneys\",\"description\":\"Charlotte Personal Injury Lawyers\",\"potentialAction\":[{\"@type\":\"SearchAction\",\"target\":{\"@type\":\"EntryPoint\",\"urlTemplate\":\"https:\/\/priceattorneys.com\/es\/?s={search_term_string}\"},\"query-input\":{\"@type\":\"PropertyValueSpecification\",\"valueRequired\":true,\"valueName\":\"search_term_string\"}}],\"inLanguage\":\"es\"}]}<\/script>\n<!-- \/ Yoast SEO plugin. -->","yoast_head_json":{"title":"Defectos Autom\u00e1ticos | Price Petho &amp; Associates, Personal Injury Attorneys","robots":{"index":"index","follow":"follow","max-snippet":"max-snippet:-1","max-image-preview":"max-image-preview:large","max-video-preview":"max-video-preview:-1"},"canonical":"https:\/\/priceattorneys.com\/es\/lesiones-personales\/productos-defectuosos\/defectos-automaticos\/","og_locale":"es_ES","og_type":"article","og_title":"Defectos Autom\u00e1ticos | Price Petho &amp; Associates, Personal Injury Attorneys","og_description":"Abogados de Defectos de Auto en Charlotte, NC Ayuda despu\u00e9s de accidentes y lesiones causadas por piezas de autom\u00f3viles defectuosas en todo Carolina del Norte Cuando usted o un ser querido se ven involucrados en un accidente automovil\u00edstico o de cami\u00f3n, las investigaciones generalmente se enfocan en el error del conductor, ya sea que el&hellip;","og_url":"https:\/\/priceattorneys.com\/es\/lesiones-personales\/productos-defectuosos\/defectos-automaticos\/","og_site_name":"Price Petho &amp; Associates, Personal Injury Attorneys","article_modified_time":"2022-04-27T12:53:50+00:00","og_image":[{"url":"https:\/\/priceattorneys.com\/wp-content\/uploads\/2022\/03\/auto-defect.jpg","type":"","width":"","height":""}],"twitter_card":"summary_large_image","twitter_misc":{"Tiempo de lectura":"9 minutos"},"schema":{"@context":"https:\/\/schema.org","@graph":[{"@type":"WebPage","@id":"https:\/\/priceattorneys.com\/es\/lesiones-personales\/productos-defectuosos\/defectos-automaticos\/","url":"https:\/\/priceattorneys.com\/es\/lesiones-personales\/productos-defectuosos\/defectos-automaticos\/","name":"Defectos Autom\u00e1ticos | Price Petho &amp; Associates, Personal Injury Attorneys","isPartOf":{"@id":"https:\/\/priceattorneys.com\/es\/#website"},"primaryImageOfPage":{"@id":"https:\/\/priceattorneys.com\/es\/lesiones-personales\/productos-defectuosos\/defectos-automaticos\/#primaryimage"},"image":{"@id":"https:\/\/priceattorneys.com\/es\/lesiones-personales\/productos-defectuosos\/defectos-automaticos\/#primaryimage"},"thumbnailUrl":"https:\/\/priceattorneys.com\/wp-content\/uploads\/2022\/03\/auto-defect.jpg","datePublished":"2022-03-18T22:16:13+00:00","dateModified":"2022-04-27T12:53:50+00:00","breadcrumb":{"@id":"https:\/\/priceattorneys.com\/es\/lesiones-personales\/productos-defectuosos\/defectos-automaticos\/#breadcrumb"},"inLanguage":"es","potentialAction":[{"@type":"ReadAction","target":["https:\/\/priceattorneys.com\/es\/lesiones-personales\/productos-defectuosos\/defectos-automaticos\/"]}]},{"@type":"ImageObject","inLanguage":"es","@id":"https:\/\/priceattorneys.com\/es\/lesiones-personales\/productos-defectuosos\/defectos-automaticos\/#primaryimage","url":"https:\/\/priceattorneys.com\/wp-content\/uploads\/2022\/03\/auto-defect.jpg","contentUrl":"https:\/\/priceattorneys.com\/wp-content\/uploads\/2022\/03\/auto-defect.jpg"},{"@type":"BreadcrumbList","@id":"https:\/\/priceattorneys.com\/es\/lesiones-personales\/productos-defectuosos\/defectos-automaticos\/#breadcrumb","itemListElement":[{"@type":"ListItem","position":1,"name":"Home","item":"https:\/\/priceattorneys.com\/es\/"},{"@type":"ListItem","position":2,"name":"Lesiones Personales","item":"https:\/\/priceattorneys.com\/es\/lesiones-personales\/"},{"@type":"ListItem","position":3,"name":"Productos Defectuosos","item":"https:\/\/priceattorneys.com\/es\/lesiones-personales\/productos-defectuosos\/"},{"@type":"ListItem","position":4,"name":"Defectos Autom\u00e1ticos"}]},{"@type":"WebSite","@id":"https:\/\/priceattorneys.com\/es\/#website","url":"https:\/\/priceattorneys.com\/es\/","name":"Price Petho &amp; Associates, Personal Injury Attorneys","description":"Charlotte Personal Injury Lawyers","potentialAction":[{"@type":"SearchAction","target":{"@type":"EntryPoint","urlTemplate":"https:\/\/priceattorneys.com\/es\/?s={search_term_string}"},"query-input":{"@type":"PropertyValueSpecification","valueRequired":true,"valueName":"search_term_string"}}],"inLanguage":"es"}]}},"_links":{"self":[{"href":"https:\/\/priceattorneys.com\/es\/wp-json\/wp\/v2\/pages\/5057","targetHints":{"allow":["GET"]}}],"collection":[{"href":"https:\/\/priceattorneys.com\/es\/wp-json\/wp\/v2\/pages"}],"about":[{"href":"https:\/\/priceattorneys.com\/es\/wp-json\/wp\/v2\/types\/page"}],"author":[{"embeddable":true,"href":"https:\/\/priceattorneys.com\/es\/wp-json\/wp\/v2\/users\/1"}],"replies":[{"embeddable":true,"href":"https:\/\/priceattorneys.com\/es\/wp-json\/wp\/v2\/comments?post=5057"}],"version-history":[{"count":0,"href":"https:\/\/priceattorneys.com\/es\/wp-json\/wp\/v2\/pages\/5057\/revisions"}],"up":[{"embeddable":true,"href":"https:\/\/priceattorneys.com\/es\/wp-json\/wp\/v2\/pages\/5051"}],"wp:attachment":[{"href":"https:\/\/priceattorneys.com\/es\/wp-json\/wp\/v2\/media?parent=5057"}],"curies":[{"name":"wp","href":"https:\/\/api.w.org\/{rel}","templated":true}]}}