{"id":5067,"date":"2021-06-24T08:47:17","date_gmt":"2021-06-24T08:47:17","guid":{"rendered":"https:\/\/priceattorneys.com\/?page_id=5067"},"modified":"2022-12-08T20:44:21","modified_gmt":"2022-12-08T20:44:21","slug":"accidente-automovilistico-en-zona-de-construccion","status":"publish","type":"page","link":"https:\/\/priceattorneys.com\/es\/lesiones-personales\/accidentes-automovilisticos\/accidente-automovilistico-en-zona-de-construccion\/","title":{"rendered":"Accidente Automovil\u00edstico en Zona de Construcci\u00f3n"},"content":{"rendered":"\n\n\t\t\t\t<img decoding=\"async\" src=\"https:\/\/priceattorneys.com\/wp-content\/uploads\/2022\/03\/construction-zone.jpg\" alt=\"construction-zone\" itemprop=\"image\" height=\"621\" width=\"1245\" title=\"construction-zone\" onerror=\"this.style.display='none'\"  \/>\n\t<h1>Abogados de Accidentes Automovil\u00edsticos en la Zona de Construcci\u00f3n de Charlotte, NC<\/h1>\n<h2>Ayuda legal cuando se lesiona en un accidente en una zona de trabajo en Carolina del Norte<\/h2>\n<p>Las zonas de construcci\u00f3n alrededor de las carreteras de Charlotte y las \u00e1reas circundantes son un espect\u00e1culo omnipresente. Al igual que puede esperar tr\u00e1fico continuo en el \u00e1rea de Charlotte, tambi\u00e9n puede estar seguro de que habr\u00e1 zonas de construcci\u00f3n por las que tendr\u00e1 que conducir regularmente. Sin embargo, estas \u00e1reas pueden presentar peligros significativos para los conductores, incluidos los cambios en los l\u00edmites de velocidad, las condiciones de la carretera y las se\u00f1ales de tr\u00e1fico.<\/p>\n<p>En Price, Petho &amp; Asociados, nuestros abogados de accidentes automovil\u00edsticos en Charlotte est\u00e1n aqu\u00ed para ayudarlo si usted o un ser querido resultan heridos en una zona de construcci\u00f3n. Ya sea que su accidente haya ocurrido debido a la negligencia de otro conductor o de la propia empresa constructora, tenemos los recursos necesarios para investigar a fondo la causa para que podamos ayudarlo a recuperar la compensaci\u00f3n que necesita por sus lesiones y p\u00e9rdidas.<\/p>\n\t<h2>\u00bfQu\u00e9 le gustar\u00eda saber?<\/h2>\n\t<ul>\n<li><a href=\"#FAQ1\">\u00bfQu\u00e9 tan comunes son los accidentes en zonas de construcci\u00f3n?<\/a><\/li>\n<li><a href=\"#FAQ2\">\u00bfQu\u00e9 causa los accidentes automovil\u00edsticos en la zona de construcci\u00f3n de Charlotte?<\/a><\/li>\n<li><a href=\"#FAQ3\">\u00bfQui\u00e9n es responsable de mi accidente automovil\u00edstico en la zona de construcci\u00f3n?<\/a><\/li>\n<\/ul>\n\t<ul>\n<li><a href=\"#FAQ4\">\u00bfC\u00f3mo conduzco con seguridad en una zona de construcci\u00f3n de Charlotte?<\/a><\/li>\n<li><a href=\"#FAQ5\">\u00bfCu\u00e1l es el valor de mi reclamo por accidente automovil\u00edstico en la zona de construcci\u00f3n?<\/a><\/li>\n<li><a href=\"#FAQ6\">\u00bfHay un abogado de accidentes automovil\u00edsticos en zonas de construcci\u00f3n cerca de m\u00ed?<\/a><\/li>\n<\/ul>\n\t\t\t\t<img decoding=\"async\" src=\"https:\/\/priceattorneys.com\/wp-content\/uploads\/2022\/03\/AdobeStock_281705427.jpg\" alt=\"AdobeStock_281705427\" itemprop=\"image\" height=\"800\" width=\"1200\" title=\"AdobeStock_281705427\" onerror=\"this.style.display='none'\"  \/>\n\t<h2>\u00bfQu\u00e9 tan comunes son los accidentes en zonas de construcci\u00f3n?<\/h2>\n<p>La <a href=\"https:\/\/workzonesafety.org\/work-zone-data\/\" target=\"_blank\" rel=\"noopener\">C\u00e1mara de compensaci\u00f3n de informaci\u00f3n de seguridad de la zona de trabajo nacional<\/a> inform\u00f3 que en 2019 (los datos m\u00e1s recientes disponibles), hubo 762 accidentes fatales en zonas de construcci\u00f3n, con 842 muertes en todo el pa\u00eds. Esto inclu\u00eda:<\/p>\n<ul>\n<li>247 cami\u00f3n involucrado accidentes con 288 muertes<\/li>\n<li>136 peat\u00f3n involucrado accidentes con 133 muertes<\/li>\n<li>3 accidentes de autob\u00fas con 4 muertes<\/li>\n<li>135 muertes de trabajadores<\/li>\n<\/ul>\n<p>Mas cerca de casa, Carolina del Norte vio:<\/p>\n<ul>\n<li>16 accidentes fatales con 16 muertes<\/li>\n<li>4 choques de camiones con 4 muertes<\/li>\n<li>4 choques con peatones con 4 muertes<\/li>\n<li>4 muertes de trabajadores<\/li>\n<\/ul>\n<p>Estos choques y colisiones ocurren por una variedad de razones, incluida la confusi\u00f3n del conductor o distracci\u00f3n mientras navega por zonas de construcci\u00f3n. Sin embargo, esta no es la \u00fanica causa de accidentes en la zona de trabajo.<\/p>\n\t<h2>\u00bfQu\u00e9 causa los accidentes automovil\u00edsticos en la zona de construcci\u00f3n de Charlotte?<\/h2>\n<p>Los accidentes en zonas de construcci\u00f3n pueden ocurrir en una amplia variedad de formas en el \u00e1rea de Charlotte. En muchos casos, estos incidentes son causados \u200b\u200bpor las acciones de conductores negligentes que no siguen las se\u00f1ales de tr\u00e1fico o las leyes de tr\u00e1nsito con respecto a las zonas de construcci\u00f3n. Sin embargo, hay casos en los que otras partes pueden tener responsabilidad.<\/p>\n<p>Los abogados de Price, Petho &amp; Asociados pueden ayudar cuando las empresas constructoras:<\/p>\n<ul>\n<li>No seguir las normas de seguridad locales y\/o federales para la construcci\u00f3n de carreteras<\/li>\n<li>No usar se\u00f1ales de advertencia para alertar a los conductores sobre la zona de construcci\u00f3n<\/li>\n<li>No marcar correctamente los carriles de conducci\u00f3n temporales<\/li>\n<li>No iluminar adecuadamente las zonas de construcci\u00f3n por la noche<\/li>\n<li>Dejar equipos o veh\u00edculos peligrosos demasiado cerca del tr\u00e1fico.<\/li>\n<li>No puede navegar correctamente el tr\u00e1fico a trav\u00e9s de la zona de construcci\u00f3n<\/li>\n<li>Dejar escombros de construcci\u00f3n en la calzada.<\/li>\n<li>No acordonar \u00e1reas peligrosas<\/li>\n<\/ul>\n<p>Trabajamos para mostrar responsabilidad por parte de los conductores infractores, empresas constructoras o municipios. Nuestro equipo legal tiene acceso a una amplia red de expertos profesionales para ayudar a determinar todas las partes responsables de su accidente.<\/p>\n\t<h2>\u00bfQui\u00e9n es responsable de mi accidente automovil\u00edstico en la zona de construcci\u00f3n?<\/h2>\n<p>M\u00e1s de una parte puede ser considerada responsable despu\u00e9s de su accidente en la zona de construcci\u00f3n de Charlotte. Con la mayor\u00eda de los choques en zonas de trabajo, generalmente hay algunas entidades p\u00fablicas y privadas involucradas. Algunos de estos pueden incluir:<\/p>\n<ul>\n<li>Las principales empresas constructoras<\/li>\n<li>Terceros contratistas y subcontratistas<\/li>\n<li>Agencias del gobierno estatal<\/li>\n<li>Agencias gubernamentales del condado o de la ciudad<\/li>\n<\/ul>\n<p>Investigamos estos incidentes a fondo para determinar si m\u00e1s de una parte puede ser responsable de su accidente y lesiones.<\/p>\n\t<h2>\u00bfC\u00f3mo conduzco con seguridad en una zona de construcci\u00f3n de Charlotte?<\/h2>\n<p>Puede tomar algunas medidas para conducir a la defensiva en una zona de construcci\u00f3n para evitar ser v\u00edctima de un accidente grave:<\/p>\n<ul>\n<li><strong>Mant\u00e9ngase alerta<\/strong>. Cuando vea se\u00f1ales de advertencia de una zona de construcci\u00f3n m\u00e1s adelante, proceda con precauci\u00f3n. Busque se\u00f1ales de l\u00edmite de velocidad, carriles de fusi\u00f3n, conos y otros cambios.<\/li>\n<li><strong>Busque abanderados<\/strong>. Los abanderados tienen la misma autoridad que un sem\u00e1foro o una se\u00f1al de tr\u00e1fico: siga las instrucciones o se\u00f1ales que le den. Los trabajadores de la construcci\u00f3n tambi\u00e9n merecen ser tratados de manera segura cuando est\u00e1n en el trabajo.<\/li>\n<li><strong>Cuidado con otros conductores<\/strong>. Es posible que comprenda c\u00f3mo conducir de manera segura en una zona de construcci\u00f3n, pero eso no significa que todos los dem\u00e1s lo entiendan. Mant\u00e9ngase al tanto de su entorno y de otros conductores, dej\u00e1ndose una zona de protecci\u00f3n en caso de accidente. En otras palabras, conduzca a la defensiva.<\/li>\n<\/ul>\n\t<h2>\u00bfCu\u00e1l es el valor de mi reclamo por accidente automovil\u00edstico en la zona de construcci\u00f3n?<\/h2>\n<p>Si usted o un ser querido resultaron heridos en un accidente en la zona de construcci\u00f3n de Charlotte, los abogados de Price, Petho &amp; Asociados trabajar\u00e1n para responsabilizar a la parte o partes negligentes. Puede ser elegible para una compensaci\u00f3n por sus p\u00e9rdidas, incluidos los siguientes da\u00f1os:<\/p>\n<ul>\n<li>Gastos m\u00e9dicos, actuales y futuros<\/li>\n<li>P\u00e9rdida de ingresos y potencial de ingresos si no puede trabajar<\/li>\n<li>Gastos de bolsillo relacionados con sus lesiones<\/li>\n<li>Dolor y sufrimiento<\/li>\n<li>P\u00e9rdida del disfrute de la vida.<\/li>\n<\/ul>\n<p>La cantidad exacta de compensaci\u00f3n a la que puede tener derecho depende de las circunstancias relacionadas con su situaci\u00f3n particular. Los factores que podr\u00edan afectar esto incluyen la gravedad de sus lesiones, si comparti\u00f3 alguna culpa en el accidente, su nivel de dolor y sufrimiento, y c\u00f3mo sus lesiones afectan su vida cotidiana.<\/p>\n<p>Es importante notar que Carolina del Norte sigue la doctrina de negligencia contributiva. Esto significa que si la otra parte, el demandado, puede demostrar que usted tuvo la culpa de su propio accidente, el demandado puede evitar pagar da\u00f1os y perjuicios. Esto significa que si se determina que usted es responsable del uno por ciento de su accidente automovil\u00edstico en la zona de construcci\u00f3n, no ser\u00e1 elegible para una compensaci\u00f3n. Por lo tanto, es crucial trabajar con abogados calificados y experimentados como el equipo de Price, Petho &amp; Asociados despu\u00e9s de un accidente que no fue su culpa. Ayudamos a construir el caso m\u00e1s s\u00f3lido posible en su nombre.<\/p>\n\t<h2>\u00bfHay un abogado de accidentes automovil\u00edsticos en zonas de construcci\u00f3n cerca de m\u00ed?<\/h2>\n<p>Price, Petho &amp; Asociados tiene una oficina en 1430 Elizabeth Ave en Charlotte. Tambi\u00e9n mantenemos oficinas en Rockingham y Rutherfordton para su comodidad. Si est\u00e1 demasiado lesionado para acudir a nosotros, podemos visitarlo en su casa o en el hospital.<\/p>\n<h3>Abogados confiables de accidentes automovil\u00edsticos en la zona de construcci\u00f3n de Charlotte<\/h3>\n<p>Si usted o un ser querido ha resultado herido en un accidente en una zona de construcci\u00f3n en el \u00e1rea de Charlotte o sus alrededores, comun\u00edquese con el equipo de Price, Petho &amp; Asociados para obtener ayuda hoy. Queremos que sepa que puede tener derecho a una compensaci\u00f3n. Nuestro equipo investigar\u00e1 el incidente, determinar\u00e1 la responsabilidad y ayudar\u00e1 a recuperar la compensaci\u00f3n que necesita. Esto puede incluir la cobertura de sus facturas m\u00e9dicas, gastos por da\u00f1os a la propiedad, p\u00e9rdida de ingresos, da\u00f1os por dolor y sufrimiento, y m\u00e1s. Para programar una consulta gratuita, llame <a href=\"tel:7043722160\">704-372-2160<\/a> o llena nuestro Formulario de contacto. Sirviendo a Carlota, Rockingham, Rutherfordton, Carolina del Norte y Carolina del Sur.<\/p>\n\n","protected":false},"excerpt":{"rendered":"<p>Abogados de Accidentes Automovil\u00edsticos en la Zona de Construcci\u00f3n de Charlotte, NC Ayuda legal cuando se lesiona en un accidente en una zona de trabajo en Carolina del Norte Las zonas de construcci\u00f3n alrededor de las carreteras de Charlotte y las \u00e1reas circundantes son un espect\u00e1culo omnipresente. Al igual que puede esperar tr\u00e1fico continuo en&hellip;<\/p>\n","protected":false},"author":1,"featured_media":0,"parent":5062,"menu_order":0,"comment_status":"closed","ping_status":"closed","template":"","meta":{"footnotes":""},"class_list":["post-5067","page","type-page","status-publish","hentry"],"yoast_head":"<!-- This site is optimized with the Yoast SEO plugin v27.2 - https:\/\/yoast.com\/product\/yoast-seo-wordpress\/ -->\n<title>Accidente Automovil\u00edstico en Zona de Construcci\u00f3n | Price Petho &amp; Associates, Personal Injury Attorneys<\/title>\n<meta name=\"robots\" content=\"index, follow, max-snippet:-1, max-image-preview:large, max-video-preview:-1\" \/>\n<link rel=\"canonical\" href=\"https:\/\/priceattorneys.com\/es\/lesiones-personales\/accidentes-automovilisticos\/accidente-automovilistico-en-zona-de-construccion\/\" \/>\n<meta property=\"og:locale\" content=\"es_ES\" \/>\n<meta property=\"og:type\" content=\"article\" \/>\n<meta property=\"og:title\" content=\"Accidente Automovil\u00edstico en Zona de Construcci\u00f3n | Price Petho &amp; Associates, Personal Injury Attorneys\" \/>\n<meta property=\"og:description\" content=\"Abogados de Accidentes Automovil\u00edsticos en la Zona de Construcci\u00f3n de Charlotte, NC Ayuda legal cuando se lesiona en un accidente en una zona de trabajo en Carolina del Norte Las zonas de construcci\u00f3n alrededor de las carreteras de Charlotte y las \u00e1reas circundantes son un espect\u00e1culo omnipresente. Al igual que puede esperar tr\u00e1fico continuo en&hellip;\" \/>\n<meta property=\"og:url\" content=\"https:\/\/priceattorneys.com\/es\/lesiones-personales\/accidentes-automovilisticos\/accidente-automovilistico-en-zona-de-construccion\/\" \/>\n<meta property=\"og:site_name\" content=\"Price Petho &amp; Associates, Personal Injury Attorneys\" \/>\n<meta property=\"article:modified_time\" content=\"2022-12-08T20:44:21+00:00\" \/>\n<meta property=\"og:image\" content=\"https:\/\/priceattorneys.com\/wp-content\/uploads\/2022\/03\/construction-zone.jpg\" \/>\n<meta name=\"twitter:card\" content=\"summary_large_image\" \/>\n<meta name=\"twitter:label1\" content=\"Tiempo de lectura\" \/>\n\t<meta name=\"twitter:data1\" content=\"7 minutos\" \/>\n<script type=\"application\/ld+json\" class=\"yoast-schema-graph\">{\"@context\":\"https:\/\/schema.org\",\"@graph\":[{\"@type\":\"WebPage\",\"@id\":\"https:\/\/priceattorneys.com\/es\/lesiones-personales\/accidentes-automovilisticos\/accidente-automovilistico-en-zona-de-construccion\/\",\"url\":\"https:\/\/priceattorneys.com\/es\/lesiones-personales\/accidentes-automovilisticos\/accidente-automovilistico-en-zona-de-construccion\/\",\"name\":\"Accidente Automovil\u00edstico en Zona de Construcci\u00f3n | Price Petho &amp; Associates, Personal Injury Attorneys\",\"isPartOf\":{\"@id\":\"https:\/\/priceattorneys.com\/es\/#website\"},\"primaryImageOfPage\":{\"@id\":\"https:\/\/priceattorneys.com\/es\/lesiones-personales\/accidentes-automovilisticos\/accidente-automovilistico-en-zona-de-construccion\/#primaryimage\"},\"image\":{\"@id\":\"https:\/\/priceattorneys.com\/es\/lesiones-personales\/accidentes-automovilisticos\/accidente-automovilistico-en-zona-de-construccion\/#primaryimage\"},\"thumbnailUrl\":\"https:\/\/priceattorneys.com\/wp-content\/uploads\/2022\/03\/construction-zone.jpg\",\"datePublished\":\"2021-06-24T08:47:17+00:00\",\"dateModified\":\"2022-12-08T20:44:21+00:00\",\"breadcrumb\":{\"@id\":\"https:\/\/priceattorneys.com\/es\/lesiones-personales\/accidentes-automovilisticos\/accidente-automovilistico-en-zona-de-construccion\/#breadcrumb\"},\"inLanguage\":\"es\",\"potentialAction\":[{\"@type\":\"ReadAction\",\"target\":[\"https:\/\/priceattorneys.com\/es\/lesiones-personales\/accidentes-automovilisticos\/accidente-automovilistico-en-zona-de-construccion\/\"]}]},{\"@type\":\"ImageObject\",\"inLanguage\":\"es\",\"@id\":\"https:\/\/priceattorneys.com\/es\/lesiones-personales\/accidentes-automovilisticos\/accidente-automovilistico-en-zona-de-construccion\/#primaryimage\",\"url\":\"https:\/\/priceattorneys.com\/wp-content\/uploads\/2022\/03\/construction-zone.jpg\",\"contentUrl\":\"https:\/\/priceattorneys.com\/wp-content\/uploads\/2022\/03\/construction-zone.jpg\"},{\"@type\":\"BreadcrumbList\",\"@id\":\"https:\/\/priceattorneys.com\/es\/lesiones-personales\/accidentes-automovilisticos\/accidente-automovilistico-en-zona-de-construccion\/#breadcrumb\",\"itemListElement\":[{\"@type\":\"ListItem\",\"position\":1,\"name\":\"Home\",\"item\":\"https:\/\/priceattorneys.com\/es\/\"},{\"@type\":\"ListItem\",\"position\":2,\"name\":\"Lesiones Personales\",\"item\":\"https:\/\/priceattorneys.com\/es\/lesiones-personales\/\"},{\"@type\":\"ListItem\",\"position\":3,\"name\":\"Accidentes Automovil\u00edsticos\",\"item\":\"https:\/\/priceattorneys.com\/es\/lesiones-personales\/accidentes-automovilisticos\/\"},{\"@type\":\"ListItem\",\"position\":4,\"name\":\"Accidente Automovil\u00edstico en Zona de Construcci\u00f3n\"}]},{\"@type\":\"WebSite\",\"@id\":\"https:\/\/priceattorneys.com\/es\/#website\",\"url\":\"https:\/\/priceattorneys.com\/es\/\",\"name\":\"Price Petho &amp; Associates, Personal Injury Attorneys\",\"description\":\"Charlotte Personal Injury Lawyers\",\"potentialAction\":[{\"@type\":\"SearchAction\",\"target\":{\"@type\":\"EntryPoint\",\"urlTemplate\":\"https:\/\/priceattorneys.com\/es\/?s={search_term_string}\"},\"query-input\":{\"@type\":\"PropertyValueSpecification\",\"valueRequired\":true,\"valueName\":\"search_term_string\"}}],\"inLanguage\":\"es\"}]}<\/script>\n<!-- \/ Yoast SEO plugin. -->","yoast_head_json":{"title":"Accidente Automovil\u00edstico en Zona de Construcci\u00f3n | Price Petho &amp; Associates, Personal Injury Attorneys","robots":{"index":"index","follow":"follow","max-snippet":"max-snippet:-1","max-image-preview":"max-image-preview:large","max-video-preview":"max-video-preview:-1"},"canonical":"https:\/\/priceattorneys.com\/es\/lesiones-personales\/accidentes-automovilisticos\/accidente-automovilistico-en-zona-de-construccion\/","og_locale":"es_ES","og_type":"article","og_title":"Accidente Automovil\u00edstico en Zona de Construcci\u00f3n | Price Petho &amp; Associates, Personal Injury Attorneys","og_description":"Abogados de Accidentes Automovil\u00edsticos en la Zona de Construcci\u00f3n de Charlotte, NC Ayuda legal cuando se lesiona en un accidente en una zona de trabajo en Carolina del Norte Las zonas de construcci\u00f3n alrededor de las carreteras de Charlotte y las \u00e1reas circundantes son un espect\u00e1culo omnipresente. Al igual que puede esperar tr\u00e1fico continuo en&hellip;","og_url":"https:\/\/priceattorneys.com\/es\/lesiones-personales\/accidentes-automovilisticos\/accidente-automovilistico-en-zona-de-construccion\/","og_site_name":"Price Petho &amp; Associates, Personal Injury Attorneys","article_modified_time":"2022-12-08T20:44:21+00:00","og_image":[{"url":"https:\/\/priceattorneys.com\/wp-content\/uploads\/2022\/03\/construction-zone.jpg","type":"","width":"","height":""}],"twitter_card":"summary_large_image","twitter_misc":{"Tiempo de lectura":"7 minutos"},"schema":{"@context":"https:\/\/schema.org","@graph":[{"@type":"WebPage","@id":"https:\/\/priceattorneys.com\/es\/lesiones-personales\/accidentes-automovilisticos\/accidente-automovilistico-en-zona-de-construccion\/","url":"https:\/\/priceattorneys.com\/es\/lesiones-personales\/accidentes-automovilisticos\/accidente-automovilistico-en-zona-de-construccion\/","name":"Accidente Automovil\u00edstico en Zona de Construcci\u00f3n | Price Petho &amp; Associates, Personal Injury Attorneys","isPartOf":{"@id":"https:\/\/priceattorneys.com\/es\/#website"},"primaryImageOfPage":{"@id":"https:\/\/priceattorneys.com\/es\/lesiones-personales\/accidentes-automovilisticos\/accidente-automovilistico-en-zona-de-construccion\/#primaryimage"},"image":{"@id":"https:\/\/priceattorneys.com\/es\/lesiones-personales\/accidentes-automovilisticos\/accidente-automovilistico-en-zona-de-construccion\/#primaryimage"},"thumbnailUrl":"https:\/\/priceattorneys.com\/wp-content\/uploads\/2022\/03\/construction-zone.jpg","datePublished":"2021-06-24T08:47:17+00:00","dateModified":"2022-12-08T20:44:21+00:00","breadcrumb":{"@id":"https:\/\/priceattorneys.com\/es\/lesiones-personales\/accidentes-automovilisticos\/accidente-automovilistico-en-zona-de-construccion\/#breadcrumb"},"inLanguage":"es","potentialAction":[{"@type":"ReadAction","target":["https:\/\/priceattorneys.com\/es\/lesiones-personales\/accidentes-automovilisticos\/accidente-automovilistico-en-zona-de-construccion\/"]}]},{"@type":"ImageObject","inLanguage":"es","@id":"https:\/\/priceattorneys.com\/es\/lesiones-personales\/accidentes-automovilisticos\/accidente-automovilistico-en-zona-de-construccion\/#primaryimage","url":"https:\/\/priceattorneys.com\/wp-content\/uploads\/2022\/03\/construction-zone.jpg","contentUrl":"https:\/\/priceattorneys.com\/wp-content\/uploads\/2022\/03\/construction-zone.jpg"},{"@type":"BreadcrumbList","@id":"https:\/\/priceattorneys.com\/es\/lesiones-personales\/accidentes-automovilisticos\/accidente-automovilistico-en-zona-de-construccion\/#breadcrumb","itemListElement":[{"@type":"ListItem","position":1,"name":"Home","item":"https:\/\/priceattorneys.com\/es\/"},{"@type":"ListItem","position":2,"name":"Lesiones Personales","item":"https:\/\/priceattorneys.com\/es\/lesiones-personales\/"},{"@type":"ListItem","position":3,"name":"Accidentes Automovil\u00edsticos","item":"https:\/\/priceattorneys.com\/es\/lesiones-personales\/accidentes-automovilisticos\/"},{"@type":"ListItem","position":4,"name":"Accidente Automovil\u00edstico en Zona de Construcci\u00f3n"}]},{"@type":"WebSite","@id":"https:\/\/priceattorneys.com\/es\/#website","url":"https:\/\/priceattorneys.com\/es\/","name":"Price Petho &amp; Associates, Personal Injury Attorneys","description":"Charlotte Personal Injury Lawyers","potentialAction":[{"@type":"SearchAction","target":{"@type":"EntryPoint","urlTemplate":"https:\/\/priceattorneys.com\/es\/?s={search_term_string}"},"query-input":{"@type":"PropertyValueSpecification","valueRequired":true,"valueName":"search_term_string"}}],"inLanguage":"es"}]}},"_links":{"self":[{"href":"https:\/\/priceattorneys.com\/es\/wp-json\/wp\/v2\/pages\/5067","targetHints":{"allow":["GET"]}}],"collection":[{"href":"https:\/\/priceattorneys.com\/es\/wp-json\/wp\/v2\/pages"}],"about":[{"href":"https:\/\/priceattorneys.com\/es\/wp-json\/wp\/v2\/types\/page"}],"author":[{"embeddable":true,"href":"https:\/\/priceattorneys.com\/es\/wp-json\/wp\/v2\/users\/1"}],"replies":[{"embeddable":true,"href":"https:\/\/priceattorneys.com\/es\/wp-json\/wp\/v2\/comments?post=5067"}],"version-history":[{"count":0,"href":"https:\/\/priceattorneys.com\/es\/wp-json\/wp\/v2\/pages\/5067\/revisions"}],"up":[{"embeddable":true,"href":"https:\/\/priceattorneys.com\/es\/wp-json\/wp\/v2\/pages\/5062"}],"wp:attachment":[{"href":"https:\/\/priceattorneys.com\/es\/wp-json\/wp\/v2\/media?parent=5067"}],"curies":[{"name":"wp","href":"https:\/\/api.w.org\/{rel}","templated":true}]}}