{"id":5072,"date":"2020-06-11T14:13:01","date_gmt":"2020-06-11T14:13:01","guid":{"rendered":"https:\/\/priceattorneys.com\/?page_id=5072"},"modified":"2023-05-11T17:29:49","modified_gmt":"2023-05-11T17:29:49","slug":"conducir-ebrio","status":"publish","type":"page","link":"https:\/\/priceattorneys.com\/es\/lesiones-personales\/accidentes-automovilisticos\/conducir-ebrio\/","title":{"rendered":"Conducir Ebrio"},"content":{"rendered":"\n\n\t\t\t\t<img decoding=\"async\" src=\"https:\/\/priceattorneys.com\/wp-content\/uploads\/2022\/03\/dui.jpg\" alt=\"Drunk driving accident North Carolina\" itemprop=\"image\" height=\"621\" width=\"1245\" title=\"dui\" onerror=\"this.style.display='none'\"  \/>\n\t<h1>Abogados de accidentes por conducir ebrio en Charlotte<\/h1>\n<h2>Ayuda legal cuando resulta lesionado por un conductor ebrio en Carolina del Norte<\/h2>\n<p>Los accidentes por conducir ebrio son una de las principales causas de lesiones catastr\u00f3ficas y muerte por negligencia en el pa\u00eds. Con m\u00e1s de un mill\u00f3n de estadounidenses arrestados por conducir bajo los efectos del alcohol cada a\u00f1o, es una probabilidad desafortunada de que usted o alguien a quien ama se encuentre con un conductor ebrio en alg\u00fan momento. Si causan un accidente automovil\u00edstico, debe estar listo y dispuesto a buscar una compensaci\u00f3n y arreglar las cosas.<\/p>\n<p>En Price, Petho &amp; Asociados, nuestra Charlotte <a href=\"https:\/\/priceattorneys.com\/es\/lesiones-personales\/\">abogados de lesiones personales<\/a> cree en la importancia de buscar justicia despu\u00e9s de que un conductor negligente, imprudente o ebrio cause da\u00f1o a otros. Nuestros clientes no solo merecen una compensaci\u00f3n por sus p\u00e9rdidas, sino que los automovilistas irresponsables deben saber que no pueden salirse con la suya con acciones ilegales como conducir ebrio. Estamos aqu\u00ed para ayudarlo a presentar su reclamo, defender sus derechos y encontrar tranquilidad despu\u00e9s de lesionarse en un accidente automovil\u00edstico.<\/p>\n\t<h2>\u00bfQu\u00e9 le gustar\u00eda saber?<\/h2>\n\t<ul>\n<li><a href=\"#FAQ1\">\u00bfQu\u00e9 tan comunes son los accidentes por conducir ebrio en Carolina del Norte?<\/a><\/li>\n<li><a href=\"#FAQ2\">\u00bfCu\u00e1l es la diferencia entre los procedimientos civiles y penales?<\/a><\/li>\n<li><a href=\"#FAQ3\">\u00bfCu\u00e1les son las lesiones comunes de los accidentes por conducir ebrio?<\/a><\/li>\n<li><a href=\"#FAQ4\">\u00bfQui\u00e9n es responsable de mi accidente y lesiones por conducir ebrio en Charlotte?<\/a><\/li>\n<\/ul>\n\t<ul>\n<li><a href=\"#FAQ5\">\u00bfC\u00f3mo pruebo mi caso de accidente por conducir ebrio?<\/a><\/li>\n<li><a href=\"#FAQ6\">\u00bfCu\u00e1l es el valor de mi reclamo por accidente por conducir ebrio en Charlotte?<\/a><\/li>\n<li><a href=\"#FAQ7\">\u00bfHay un abogado de accidentes por conducir ebrio cerca de m\u00ed?<\/a><\/li>\n<\/ul>\n\t<h2>\u00bfQu\u00e9 tan comunes son los accidentes por conducir ebrio en Carolina del Norte?<\/h2>\n<p>El Departamento de Transporte de Carolina del Norte (NCDOT) informa, en su <a href=\"https:\/\/connect.ncdot.gov\/business\/DMV\/CrashFactsDocuments\/2020%20Crash%20Facts.pdf\">Datos del accidente de 2020<\/a>, 11.475 relacionados con el alcohol <a href=\"https:\/\/priceattorneys.com\/es\/lesiones-personales\/accidentes-automovilisticos\/\">accidentes automovil\u00edsticos<\/a> ocurri\u00f3 en nuestras carreteras. Estos choques resultaron en casi 7,500 heridos y 412 muertes.<\/p>\n<p>M\u00e1s cerca de casa aqu\u00ed en Charlotte, hubo 780 accidentes automovil\u00edsticos relacionados con el alcohol, con 49 muertes y 699 heridos. El condado de Mecklenburg vio 901 accidentes relacionados con el alcohol, con 821 heridos, 53 de ellos fatales.<\/p>\n\t<h2>\u00bfCu\u00e1l es la diferencia entre los procedimientos civiles y penales?<\/h2>\n<p>Porque conducir ebrio (DWI) es contra la ley, la persona que caus\u00f3 su accidente y lesiones probablemente enfrente cargos y procedimientos penales. Sin embargo, estos cargos son presentados por el estado, mientras que una demanda civil por lesiones personales es presentada por la v\u00edctima o la familia de la v\u00edctima. El caso penal est\u00e1 destinado a castigar al infractor por violar la ley y poner en riesgo la seguridad del p\u00fablico en general. El caso civil est\u00e1 destinado a compensar a la v\u00edctima por cosas como facturas m\u00e9dicas, da\u00f1os a la propiedad, salarios perdidos y dolor y sufrimiento.<\/p>\n<p>Los procedimientos penales y civiles se ejecutan por separado, por lo que no tiene que esperar el resultado de un juicio para iniciar su reclamo por accidente por conducir ebrio. Sin embargo, la evidencia recopilada para un caso penal puede ser \u00fatil para usted, as\u00ed que trabaje con nuestros abogados de accidentes por conducir ebrio en Charlotte para comprender el momento adecuado para iniciar su reclamo.<\/p>\n\t<h2>\u00bfCu\u00e1les son las lesiones comunes de los accidentes por conducir ebrio?<\/h2>\n<p>Debido a la naturaleza de los accidentes por conducir ebrio, las lesiones resultantes tienden a ser graves, catastr\u00f3ficas o fatales. Estos accidentes tienden a ocurrir a altas velocidades, lo que se suma a la gravedad de las colisiones. Las lesiones por accidentes relacionados con el alcohol incluyen:<\/p>\n<ul>\n<li>Lesiones cerebrales traum\u00e1ticas<\/li>\n<li>Lesiones de espalda y cuello<\/li>\n<li>Lesiones de la m\u00e9dula espinal<\/li>\n<li>Huesos rotos, fracturados y aplastados<\/li>\n<li>Lesiones por quemaduras<\/li>\n<li>Lesiones internas y da\u00f1o de \u00f3rganos.<\/li>\n<li>Amputaciones traum\u00e1ticas<\/li>\n<li>Trastorno de estr\u00e9s postraum\u00e1tico<\/li>\n<li>Muerte injusta<\/li>\n<\/ul>\n<p>No importa qu\u00e9 tipo de lesi\u00f3n experimenten usted o su ser querido en un accidente por conducir ebrio, los abogados de Price, Petho &amp; Asociados trabajan para garantizar que reciba el tratamiento que necesita.<\/p>\n\t\t\t\t<img decoding=\"async\" src=\"https:\/\/priceattorneys.com\/wp-content\/uploads\/2022\/03\/injury-dui-1.jpg\" alt=\"Drunk driving accidents in North Carolina\" itemprop=\"image\" height=\"499\" width=\"770\" title=\"injury-dui\" onerror=\"this.style.display='none'\"  \/>\n\t<h2>\u00bfQui\u00e9n es responsable de mi accidente y lesiones por conducir ebrio en Charlotte?<\/h2>\n<p>Cuando se lesiona en un accidente por conducir ebrio, es probable que pueda presentar un reclamo contra el conductor culpable. Sin embargo, en ciertos casos, es posible que pueda presentar un reclamo contra un establecimiento o anfitri\u00f3n social que sirvi\u00f3 alcohol al conductor.<\/p>\n<p>Carolina del Norte reconoce dos tipos de casos de dramshop\/host social:<\/p>\n<p><a href=\"https:\/\/www.ncleg.net\/enactedlegislation\/statutes\/html\/bysection\/chapter_18b\/gs_18b-121.html\"><strong> 18B-121. Reclamaci\u00f3n de amparo creada por venta a menor de edad<\/strong>.<\/a> Una parte agraviada tiene un reclamo de reparaci\u00f3n por da\u00f1os y perjuicios contra el titular del permiso o la Junta de Control de Bebidas Alcoh\u00f3licas local si:<\/p>\n<ol>\n<li>El tenedor del permiso o su agente o empleado o la junta local o su agente o empleado negligentemente vendi\u00f3 o suministr\u00f3 una bebida alcoh\u00f3lica a una persona menor de edad; y<\/li>\n<li>El consumo de la bebida alcoh\u00f3lica que se vendi\u00f3 o entreg\u00f3 a una persona menor de edad caus\u00f3 o contribuy\u00f3, en su totalidad o en parte, a que un conductor menor de edad estuviera sujeto a una sustancia perjudicial seg\u00fan el significado de GS 20-138.1 en el momento de la lesi\u00f3n; y<\/li>\n<li>La lesi\u00f3n que result\u00f3 fue causada por la operaci\u00f3n negligente de un veh\u00edculo por parte del conductor menor de edad mientras estaba tan incapacitado. (1983, c. 435, art. 37.)<\/li>\n<\/ol>\n<p>El estatuto de limitaciones para estas reclamaciones es de un a\u00f1o.<\/p>\n<p><a href=\"https:\/\/www.ncleg.net\/enactedlegislation\/statutes\/html\/bysection\/chapter_18b\/gs_18b-305.html\"><strong> 18B-305. Otras ventas prohibidas<\/strong><\/a>.<\/p>\n<ol>\n<li>Venta a Persona Intoxicada. &#8211; Ser\u00e1 ilegal que un tenedor de permiso o su empleado o un empleado de la tienda ABC venda o d\u00e9 bebidas alcoh\u00f3licas a sabiendas a cualquier persona que est\u00e9 intoxicada.<\/li>\n<li>Discreci\u00f3n para el vendedor. &#8211; Toda persona autorizada para vender bebidas alcoh\u00f3licas conforme a este Cap\u00edtulo podr\u00e1, a su discreci\u00f3n, negarse a vender a cualquier persona. Ser\u00e1 ilegal que cualquier persona compre bebidas alcoh\u00f3licas a sabiendas para alguien a quien se le ha negado el derecho a comprar bajo esta subsecci\u00f3n.<\/li>\n<li>No obstante la subsecci\u00f3n (b) de esta secci\u00f3n, ning\u00fan tenedor de permiso puede negarse a vender bebidas alcoh\u00f3licas a una persona bas\u00e1ndose \u00fanicamente en la raza, religi\u00f3n, color, origen nacional, sexo o discapacidad de esa persona. (1937, c. 49, ss. 11, 15; c. 411; 1971, c. 872, s. 1; 1977, 2\u00aa sesi\u00f3n, c. 1138, s. 5; 1981, c. 412, s. 2 ; 1999-462, s. 5.)<\/li>\n<\/ol>\n<p>El plazo de prescripci\u00f3n de estas reclamaciones es de tres a\u00f1os.<\/p>\n\t<h2>\u00bfC\u00f3mo pruebo mi caso de accidente por conducir ebrio?<\/h2>\n<p>Los organismos encargados de hacer cumplir la ley tienen la tarea de atrapar a los conductores ebrios y arrestarlos. Los fiscales buscan su condena y los jueces tienen el deber de asegurarse de que sean sancionados en consecuencia. Sin embargo, el sistema de justicia penal est\u00e1 separado de los tribunales civiles, y las personas que resultan heridas por conductores ebrios en accidentes automovil\u00edsticos no tienen garantizada ninguna compensaci\u00f3n, incluso despu\u00e9s de que el sospechoso sea declarado culpable y sentenciado.<\/p>\n<p>Para obtener el mejor resultado posible para su caso, trabaje con un abogado de accidentes automovil\u00edsticos de Charlotte que sepa qu\u00e9 evidencia usar para aumentar sus posibilidades de \u00e9xito. La evidencia para respaldar su afirmaci\u00f3n de que un conductor ebrio caus\u00f3 su accidente y lesiones incluye:<\/p>\n<ul>\n<li><strong>Declaraciones policiales. <\/strong>Idealmente, la polic\u00eda arrestar\u00e1 a un conductor ebrio despu\u00e9s de que provoque un accidente. Los oficiales que respondieron deben tener un informe del incidente, que puede incluir el nivel de concentraci\u00f3n de alcohol en la sangre (BAC) del automovilista intoxicado.<\/li>\n<li><strong>Historial del conductor. <\/strong>Examinaremos los antecedentes penales y de manejo de la persona que caus\u00f3 su accidente. Es posible que muestren un historial de negligencia o conducci\u00f3n en estado de ebriedad.<\/li>\n<li><strong>Testimonio de terceros. <\/strong>Los conductores ebrios a menudo se notan desde los carriles de distancia debido a su comportamiento de conducci\u00f3n err\u00e1tico. Despu\u00e9s de un choque, hable con los testigos para ver si notaron actividad sospechosa.<\/li>\n<li><strong>Medios de comunicaci\u00f3n social. <\/strong>La era digital ha proporcionado a los abogados especialistas en lesiones un nuevo lugar para recopilar evidencia de negligencia y responsabilidad: las redes sociales. Si la persona que lo golpe\u00f3 fue etiquetada en un bar m\u00e1s temprano en la noche, se puede usar para argumentar su intoxicaci\u00f3n.<\/li>\n<\/ul>\n\t<h2>\u00bfCu\u00e1l es el valor de mi reclamo por accidente por conducir ebrio en Charlotte?<\/h2>\n<p>Si usted o un ser querido fueron v\u00edctimas de un conductor ebrio, es probable que tenga derecho a una compensaci\u00f3n financiera por sus lesiones y p\u00e9rdidas a trav\u00e9s de la compa\u00f1\u00eda de seguros del conductor culpable o mediante un veredicto de demanda por lesiones personales. Esto puede incluir lo siguiente:<\/p>\n<ul>\n<li>Facturas m\u00e9dicas, actuales y futuras<\/li>\n<li>Salarios perdidos y potencial de ingresos perdidos en el futuro<\/li>\n<li>Dolor y sufrimiento, incluido el dolor f\u00edsico y emocional<\/li>\n<li>Da\u00f1os a la propiedad de su veh\u00edculo<\/li>\n<\/ul>\n<p>Aunque estos n\u00fameros var\u00edan seg\u00fan sus circunstancias personales, puede estar seguro de que nuestros abogados de lesiones trabajan para asegurar la compensaci\u00f3n m\u00e1xima a la que tiene derecho. Trabajamos con expertos y profesionales en sus campos para calcular el alcance total de sus p\u00e9rdidas, ahora y en el futuro.<\/p>\n\t<h2>\u00bfHay un abogado de accidentes por conducir ebrio cerca de m\u00ed?<\/h2>\n<p>Price, Petho &amp; Asociados tiene oficinas en 1430 Elizabeth Ave en Charlotte. Tambi\u00e9n mantenemos oficinas en Rockingham y Rutherfordton para su comodidad. Si est\u00e1 demasiado lesionado para acudir a nosotros, podemos hacer arreglos para visitarlo en su casa o en el hospital.<\/p>\n<h2>Abogados con experiencia en accidentes por conducir ebrio que prestan servicios en Charlotte<\/h2>\n<p>Desde 1979, los abogados de Price, Petho &amp; Asociados han sido el nombre confiable en reclamos por lesiones personales y accidentes automovil\u00edsticos en todo el estado. Los resultados de nuestros casos recientes incluyen un total de m\u00e1s de $9 millones en recuperaciones aseguradas para clientes de accidentes automovil\u00edsticos. Perm\u00edtanos mostrarle lo que nuestro servicio y nuestra experiencia pueden hacer si se lesiona en un accidente por conducir ebrio. Para programar una consulta gratuita, ll\u00e1menos hoy al <a href=\"tel:7043722160\">704-372-2160<\/a> o llena nuestro Formulario de contacto. Orgullosamente servimos a clientes en Charlotte, Rockingham, Rutherfordton, Carolina del Norte y Carolina del Sur.<\/p>\n\n","protected":false},"excerpt":{"rendered":"<p>Abogados de accidentes por conducir ebrio en Charlotte Ayuda legal cuando resulta lesionado por un conductor ebrio en Carolina del Norte Los accidentes por conducir ebrio son una de las principales causas de lesiones catastr\u00f3ficas y muerte por negligencia en el pa\u00eds. Con m\u00e1s de un mill\u00f3n de estadounidenses arrestados por conducir bajo los efectos&hellip;<\/p>\n","protected":false},"author":1,"featured_media":0,"parent":5062,"menu_order":0,"comment_status":"closed","ping_status":"closed","template":"","meta":{"footnotes":""},"class_list":["post-5072","page","type-page","status-publish","hentry"],"yoast_head":"<!-- This site is optimized with the Yoast SEO plugin v27.3 - https:\/\/yoast.com\/product\/yoast-seo-wordpress\/ -->\n<title>Conducir Ebrio | Price Petho &amp; Associates, Personal Injury Attorneys<\/title>\n<meta name=\"robots\" content=\"index, follow, max-snippet:-1, max-image-preview:large, max-video-preview:-1\" \/>\n<link rel=\"canonical\" href=\"https:\/\/priceattorneys.com\/es\/lesiones-personales\/accidentes-automovilisticos\/conducir-ebrio\/\" \/>\n<meta property=\"og:locale\" content=\"es_ES\" \/>\n<meta property=\"og:type\" content=\"article\" \/>\n<meta property=\"og:title\" content=\"Conducir Ebrio | Price Petho &amp; Associates, Personal Injury Attorneys\" \/>\n<meta property=\"og:description\" content=\"Abogados de accidentes por conducir ebrio en Charlotte Ayuda legal cuando resulta lesionado por un conductor ebrio en Carolina del Norte Los accidentes por conducir ebrio son una de las principales causas de lesiones catastr\u00f3ficas y muerte por negligencia en el pa\u00eds. Con m\u00e1s de un mill\u00f3n de estadounidenses arrestados por conducir bajo los efectos&hellip;\" \/>\n<meta property=\"og:url\" content=\"https:\/\/priceattorneys.com\/es\/lesiones-personales\/accidentes-automovilisticos\/conducir-ebrio\/\" \/>\n<meta property=\"og:site_name\" content=\"Price Petho &amp; Associates, Personal Injury Attorneys\" \/>\n<meta property=\"article:modified_time\" content=\"2023-05-11T17:29:49+00:00\" \/>\n<meta property=\"og:image\" content=\"https:\/\/priceattorneys.com\/wp-content\/uploads\/2022\/03\/dui.jpg\" \/>\n<meta name=\"twitter:card\" content=\"summary_large_image\" \/>\n<meta name=\"twitter:label1\" content=\"Tiempo de lectura\" \/>\n\t<meta name=\"twitter:data1\" content=\"9 minutos\" \/>\n<script type=\"application\/ld+json\" class=\"yoast-schema-graph\">{\"@context\":\"https:\\\/\\\/schema.org\",\"@graph\":[{\"@type\":\"WebPage\",\"@id\":\"https:\\\/\\\/priceattorneys.com\\\/es\\\/lesiones-personales\\\/accidentes-automovilisticos\\\/conducir-ebrio\\\/\",\"url\":\"https:\\\/\\\/priceattorneys.com\\\/es\\\/lesiones-personales\\\/accidentes-automovilisticos\\\/conducir-ebrio\\\/\",\"name\":\"Conducir Ebrio | Price Petho &amp; Associates, Personal Injury Attorneys\",\"isPartOf\":{\"@id\":\"https:\\\/\\\/priceattorneys.com\\\/es\\\/#website\"},\"primaryImageOfPage\":{\"@id\":\"https:\\\/\\\/priceattorneys.com\\\/es\\\/lesiones-personales\\\/accidentes-automovilisticos\\\/conducir-ebrio\\\/#primaryimage\"},\"image\":{\"@id\":\"https:\\\/\\\/priceattorneys.com\\\/es\\\/lesiones-personales\\\/accidentes-automovilisticos\\\/conducir-ebrio\\\/#primaryimage\"},\"thumbnailUrl\":\"https:\\\/\\\/priceattorneys.com\\\/wp-content\\\/uploads\\\/2022\\\/03\\\/dui.jpg\",\"datePublished\":\"2020-06-11T14:13:01+00:00\",\"dateModified\":\"2023-05-11T17:29:49+00:00\",\"breadcrumb\":{\"@id\":\"https:\\\/\\\/priceattorneys.com\\\/es\\\/lesiones-personales\\\/accidentes-automovilisticos\\\/conducir-ebrio\\\/#breadcrumb\"},\"inLanguage\":\"es\",\"potentialAction\":[{\"@type\":\"ReadAction\",\"target\":[\"https:\\\/\\\/priceattorneys.com\\\/es\\\/lesiones-personales\\\/accidentes-automovilisticos\\\/conducir-ebrio\\\/\"]}]},{\"@type\":\"ImageObject\",\"inLanguage\":\"es\",\"@id\":\"https:\\\/\\\/priceattorneys.com\\\/es\\\/lesiones-personales\\\/accidentes-automovilisticos\\\/conducir-ebrio\\\/#primaryimage\",\"url\":\"https:\\\/\\\/priceattorneys.com\\\/wp-content\\\/uploads\\\/2022\\\/03\\\/dui.jpg\",\"contentUrl\":\"https:\\\/\\\/priceattorneys.com\\\/wp-content\\\/uploads\\\/2022\\\/03\\\/dui.jpg\"},{\"@type\":\"BreadcrumbList\",\"@id\":\"https:\\\/\\\/priceattorneys.com\\\/es\\\/lesiones-personales\\\/accidentes-automovilisticos\\\/conducir-ebrio\\\/#breadcrumb\",\"itemListElement\":[{\"@type\":\"ListItem\",\"position\":1,\"name\":\"Home\",\"item\":\"https:\\\/\\\/priceattorneys.com\\\/es\\\/\"},{\"@type\":\"ListItem\",\"position\":2,\"name\":\"Lesiones Personales\",\"item\":\"https:\\\/\\\/priceattorneys.com\\\/es\\\/lesiones-personales\\\/\"},{\"@type\":\"ListItem\",\"position\":3,\"name\":\"Accidentes Automovil\u00edsticos\",\"item\":\"https:\\\/\\\/priceattorneys.com\\\/es\\\/lesiones-personales\\\/accidentes-automovilisticos\\\/\"},{\"@type\":\"ListItem\",\"position\":4,\"name\":\"Conducir Ebrio\"}]},{\"@type\":\"WebSite\",\"@id\":\"https:\\\/\\\/priceattorneys.com\\\/es\\\/#website\",\"url\":\"https:\\\/\\\/priceattorneys.com\\\/es\\\/\",\"name\":\"Price Petho &amp; Associates, Personal Injury Attorneys\",\"description\":\"Charlotte Personal Injury Lawyers\",\"potentialAction\":[{\"@type\":\"SearchAction\",\"target\":{\"@type\":\"EntryPoint\",\"urlTemplate\":\"https:\\\/\\\/priceattorneys.com\\\/es\\\/?s={search_term_string}\"},\"query-input\":{\"@type\":\"PropertyValueSpecification\",\"valueRequired\":true,\"valueName\":\"search_term_string\"}}],\"inLanguage\":\"es\"}]}<\/script>\n<!-- \/ Yoast SEO plugin. -->","yoast_head_json":{"title":"Conducir Ebrio | Price Petho &amp; Associates, Personal Injury Attorneys","robots":{"index":"index","follow":"follow","max-snippet":"max-snippet:-1","max-image-preview":"max-image-preview:large","max-video-preview":"max-video-preview:-1"},"canonical":"https:\/\/priceattorneys.com\/es\/lesiones-personales\/accidentes-automovilisticos\/conducir-ebrio\/","og_locale":"es_ES","og_type":"article","og_title":"Conducir Ebrio | Price Petho &amp; Associates, Personal Injury Attorneys","og_description":"Abogados de accidentes por conducir ebrio en Charlotte Ayuda legal cuando resulta lesionado por un conductor ebrio en Carolina del Norte Los accidentes por conducir ebrio son una de las principales causas de lesiones catastr\u00f3ficas y muerte por negligencia en el pa\u00eds. Con m\u00e1s de un mill\u00f3n de estadounidenses arrestados por conducir bajo los efectos&hellip;","og_url":"https:\/\/priceattorneys.com\/es\/lesiones-personales\/accidentes-automovilisticos\/conducir-ebrio\/","og_site_name":"Price Petho &amp; Associates, Personal Injury Attorneys","article_modified_time":"2023-05-11T17:29:49+00:00","og_image":[{"url":"https:\/\/priceattorneys.com\/wp-content\/uploads\/2022\/03\/dui.jpg","type":"","width":"","height":""}],"twitter_card":"summary_large_image","twitter_misc":{"Tiempo de lectura":"9 minutos"},"schema":{"@context":"https:\/\/schema.org","@graph":[{"@type":"WebPage","@id":"https:\/\/priceattorneys.com\/es\/lesiones-personales\/accidentes-automovilisticos\/conducir-ebrio\/","url":"https:\/\/priceattorneys.com\/es\/lesiones-personales\/accidentes-automovilisticos\/conducir-ebrio\/","name":"Conducir Ebrio | Price Petho &amp; Associates, Personal Injury Attorneys","isPartOf":{"@id":"https:\/\/priceattorneys.com\/es\/#website"},"primaryImageOfPage":{"@id":"https:\/\/priceattorneys.com\/es\/lesiones-personales\/accidentes-automovilisticos\/conducir-ebrio\/#primaryimage"},"image":{"@id":"https:\/\/priceattorneys.com\/es\/lesiones-personales\/accidentes-automovilisticos\/conducir-ebrio\/#primaryimage"},"thumbnailUrl":"https:\/\/priceattorneys.com\/wp-content\/uploads\/2022\/03\/dui.jpg","datePublished":"2020-06-11T14:13:01+00:00","dateModified":"2023-05-11T17:29:49+00:00","breadcrumb":{"@id":"https:\/\/priceattorneys.com\/es\/lesiones-personales\/accidentes-automovilisticos\/conducir-ebrio\/#breadcrumb"},"inLanguage":"es","potentialAction":[{"@type":"ReadAction","target":["https:\/\/priceattorneys.com\/es\/lesiones-personales\/accidentes-automovilisticos\/conducir-ebrio\/"]}]},{"@type":"ImageObject","inLanguage":"es","@id":"https:\/\/priceattorneys.com\/es\/lesiones-personales\/accidentes-automovilisticos\/conducir-ebrio\/#primaryimage","url":"https:\/\/priceattorneys.com\/wp-content\/uploads\/2022\/03\/dui.jpg","contentUrl":"https:\/\/priceattorneys.com\/wp-content\/uploads\/2022\/03\/dui.jpg"},{"@type":"BreadcrumbList","@id":"https:\/\/priceattorneys.com\/es\/lesiones-personales\/accidentes-automovilisticos\/conducir-ebrio\/#breadcrumb","itemListElement":[{"@type":"ListItem","position":1,"name":"Home","item":"https:\/\/priceattorneys.com\/es\/"},{"@type":"ListItem","position":2,"name":"Lesiones Personales","item":"https:\/\/priceattorneys.com\/es\/lesiones-personales\/"},{"@type":"ListItem","position":3,"name":"Accidentes Automovil\u00edsticos","item":"https:\/\/priceattorneys.com\/es\/lesiones-personales\/accidentes-automovilisticos\/"},{"@type":"ListItem","position":4,"name":"Conducir Ebrio"}]},{"@type":"WebSite","@id":"https:\/\/priceattorneys.com\/es\/#website","url":"https:\/\/priceattorneys.com\/es\/","name":"Price Petho &amp; Associates, Personal Injury Attorneys","description":"Charlotte Personal Injury Lawyers","potentialAction":[{"@type":"SearchAction","target":{"@type":"EntryPoint","urlTemplate":"https:\/\/priceattorneys.com\/es\/?s={search_term_string}"},"query-input":{"@type":"PropertyValueSpecification","valueRequired":true,"valueName":"search_term_string"}}],"inLanguage":"es"}]}},"_links":{"self":[{"href":"https:\/\/priceattorneys.com\/es\/wp-json\/wp\/v2\/pages\/5072","targetHints":{"allow":["GET"]}}],"collection":[{"href":"https:\/\/priceattorneys.com\/es\/wp-json\/wp\/v2\/pages"}],"about":[{"href":"https:\/\/priceattorneys.com\/es\/wp-json\/wp\/v2\/types\/page"}],"author":[{"embeddable":true,"href":"https:\/\/priceattorneys.com\/es\/wp-json\/wp\/v2\/users\/1"}],"replies":[{"embeddable":true,"href":"https:\/\/priceattorneys.com\/es\/wp-json\/wp\/v2\/comments?post=5072"}],"version-history":[{"count":0,"href":"https:\/\/priceattorneys.com\/es\/wp-json\/wp\/v2\/pages\/5072\/revisions"}],"up":[{"embeddable":true,"href":"https:\/\/priceattorneys.com\/es\/wp-json\/wp\/v2\/pages\/5062"}],"wp:attachment":[{"href":"https:\/\/priceattorneys.com\/es\/wp-json\/wp\/v2\/media?parent=5072"}],"curies":[{"name":"wp","href":"https:\/\/api.w.org\/{rel}","templated":true}]}}