{"id":5077,"date":"2021-06-24T08:39:31","date_gmt":"2021-06-24T08:39:31","guid":{"rendered":"https:\/\/priceattorneys.com\/?page_id=5077"},"modified":"2024-05-22T15:20:11","modified_gmt":"2024-05-22T15:20:11","slug":"conduccion-distraida","status":"publish","type":"page","link":"https:\/\/priceattorneys.com\/es\/lesiones-personales\/accidentes-automovilisticos\/conduccion-distraida\/","title":{"rendered":"Conducci\u00f3n Distraida"},"content":{"rendered":"\n\n\t\t\t\t<img decoding=\"async\" src=\"https:\/\/priceattorneys.com\/wp-content\/uploads\/2022\/03\/lip-service.jpg\" alt=\"Distracted driving in North Carolina\" itemprop=\"image\" height=\"621\" width=\"1245\" title=\"lip-service\" onerror=\"this.style.display='none'\"  \/>\n\t<h1>Abogados de accidentes por conducci\u00f3n distra\u00edda en Charlotte<\/h1>\n<h2>Defensa calificada para v\u00edctimas de accidentes de tr\u00e1fico y mensajes de texto en Carolina del Norte<\/h2>\n<p>Una de las vistas m\u00e1s comunes que uno ve cuando conduce por Charlotte es que los conductores miran sus tel\u00e9fonos. A medida que dependemos cada vez m\u00e1s de la tecnolog\u00eda para cada faceta de nuestras vidas, parece una segunda naturaleza mirar nuestros tel\u00e9fonos y otros dispositivos en todo momento del d\u00eda, pero apartar la vista de la carretera incluso por un segundo puede causar accidentes graves.<\/p>\n<p>En Price, Petho &amp; Asociados, estamos aqu\u00ed para ayudarlo si usted o un ser querido result\u00f3 herido en un accidente con un conductor distra\u00eddo. Nuestros abogados de accidentes de Charlotte llevar\u00e1n a cabo una investigaci\u00f3n completa de su caso para asignar la responsabilidad y responsabilizar al conductor culpable por sus acciones. Tenemos un extenso historial de ayudar a las v\u00edctimas de accidentes a recuperar la compensaci\u00f3n que necesitan de los conductores negligentes, as\u00ed que empecemos a trabajar en su caso hoy.<\/p>\n\t<h2>\u00bfQu\u00e9 le gustar\u00eda saber?<\/h2>\n\t<ul>\n<li><a href=\"#FAQ1\">\u00bfQu\u00e9 es la conducci\u00f3n distra\u00edda?<\/a><\/li>\n<li><a href=\"#FAQ2\">\u00bfQu\u00e9 tan com\u00fan es conducir distra\u00eddo en Carolina del Norte?<\/a><\/li>\n<li><a href=\"#FAQ3\">\u00bfCu\u00e1les son las leyes de Carolina del Norte sobre enviar mensajes de texto y conducir?<\/a><\/li>\n<li><a href=\"#FAQ4\">\u00bfQu\u00e9 tipos de lesiones ocurren en los accidentes por conducci\u00f3n distra\u00edda en Charlotte?<\/a><\/li>\n<\/ul>\n\t<ul>\n<li><a href=\"#FAQ5\">\u00bfQu\u00e9 debo hacer si me atropella un conductor distra\u00eddo?<\/a><\/li>\n<li><a href=\"#FAQ6\">\u00bfCu\u00e1nto tiempo tengo para presentar un reclamo por accidente de manejo distra\u00eddo en Charlotte?<\/a><\/li>\n<li><a href=\"#FAQ7\">\u00bfCu\u00e1l es el valor de mi caso de accidente por conducci\u00f3n distra\u00edda?<\/a><\/li>\n<li><a href=\"#FAQ8\">\u00bfHay un abogado de conducci\u00f3n distra\u00edda cerca de m\u00ed?<\/a><\/li>\n<\/ul>\n\t\t\t\t<img decoding=\"async\" src=\"https:\/\/priceattorneys.com\/wp-content\/uploads\/2022\/03\/AdobeStock_422391118.jpg\" alt=\"Distracted driving in North Carolina\" itemprop=\"image\" height=\"527\" width=\"1245\" title=\"AdobeStock_422391118\" onerror=\"this.style.display='none'\"  \/>\n\t<h2>\u00bfQu\u00e9 es la conducci\u00f3n distra\u00edda?<\/h2>\n<p>\u00c9l <a href=\"https:\/\/www.cdc.gov\/distracted-driving\/about\/\" target=\"_blank\" rel=\"noopener\">Centros de Control y Prevenci\u00f3n de Enfermedades<\/a> (CDC) informa que cientos de miles de personas resultan heridas cada a\u00f1o debido a las acciones de los conductores distra\u00eddos. De hecho, ocho personas pierden la vida cada d\u00eda en <a href=\"https:\/\/priceattorneys.com\/es\/lesiones-personales\/accidentes-automovilisticos\/\">accidentes automovil\u00edsticos<\/a> involucrando conductores distra\u00eddos.<\/p>\n<p>Tres tipos principales de distracciones pueden ocurrir detr\u00e1s del volante:<\/p>\n<ol>\n<li><strong>Distracciones visuales<\/strong>: cualquier tipo de distracci\u00f3n que desv\u00eda la vista de la carretera.<\/li>\n<li><strong>distracciones manuales<\/strong>: cualquier distracci\u00f3n que quite las manos de una persona del volante.<\/li>\n<li><strong>Distracciones cognitivas<\/strong>: cualquier distracci\u00f3n que distraiga a la persona de la conducci\u00f3n.<\/li>\n<\/ol>\n<p>En muchos casos, la conducci\u00f3n distra\u00edda implica m\u00e1s de un tipo de distracci\u00f3n mencionado anteriormente. Por ejemplo, los mensajes de texto desv\u00edan la vista de la carretera para mirar la pantalla, las manos del volante para desplazarse o enviar una respuesta, y la mente de manejar mientras redacta una respuesta en su cabeza.<\/p>\n\t<h2>\u00bfQu\u00e9 tan com\u00fan es conducir distra\u00eddo en Carolina del Norte?<\/h2>\n<p>De acuerdo con el <a href=\"https:\/\/connect.ncdot.gov\/business\/DMV\/CrashFactsDocuments\/2020%20Crash%20Facts.pdf\" target=\"_blank\" rel=\"noopener\">Departamento de Transporte de Carolina del Norte<\/a> (NCDOT), la conducci\u00f3n distra\u00edda es lamentablemente com\u00fan en todo el estado. En 2020, la conducci\u00f3n distra\u00edda caus\u00f3 44\u00a0128 accidentes, con 18\u00a0552 heridos y 157 muertes. Esto represent\u00f3 el 17,9 por ciento de todos los accidentes automovil\u00edsticos de Carolina del Norte durante ese a\u00f1o.<\/p>\n\t<h2>\u00bfCu\u00e1les son las leyes de Carolina del Norte sobre enviar mensajes de texto y conducir?<\/h2>\n<p>Ley de Carolina del Norte <a href=\"https:\/\/www.ncleg.net\/enactedlegislation\/statutes\/html\/bysection\/chapter_20\/gs_20-137.4a.html\" target=\"_blank\" rel=\"noopener\">proh\u00edbe que una persona use su tel\u00e9fono para enviar mensajes de texto<\/a> prop\u00f3sitos Espec\u00edficamente, la ley establece que es ilegal que una persona:<\/p>\n<p>(1) Introducir manualmente varias letras o texto en el dispositivo como medio de comunicaci\u00f3n con otra persona; o<\/p>\n<p>(2) Leer cualquier correo electr\u00f3nico o mensaje de texto transmitido al dispositivo o almacenado en el dispositivo, siempre que esta prohibici\u00f3n no se aplique a ning\u00fan nombre o n\u00famero almacenado en el dispositivo ni a ninguna informaci\u00f3n de identificaci\u00f3n de la persona que llama.<\/p>\n<p>Uso de celular por conductores menores de 18 a\u00f1os <a href=\"https:\/\/www.ncdot.gov\/initiatives-policies\/safety\/driving-safety\/Pages\/distracted-driving.aspx\" target=\"_blank\" rel=\"noopener\">tambi\u00e9n es ilegal<\/a>.<\/p>\n\t\t\t\t<img decoding=\"async\" src=\"https:\/\/priceattorneys.com\/wp-content\/uploads\/2022\/03\/distracted-driver-2.jpg\" alt=\"Distracted driving in North Carolina\" itemprop=\"image\" height=\"621\" width=\"1245\" title=\"distracted-driver\" onerror=\"this.style.display='none'\"  \/>\n\t<h2>\u00bfQu\u00e9 tipos de lesiones ocurren en los accidentes por conducci\u00f3n distra\u00edda en Charlotte?<\/h2>\n<p>Los choques por conducci\u00f3n distra\u00edda a menudo provocan lesiones graves a los conductores y pasajeros involucrados. En Price, Petho &amp; Asociados, nuestros abogados ayudan a clientes que han sufrido lesiones graves como:<\/p>\n\t<ul>\n<li>Huesos rotos o dislocados<\/li>\n<li>Lesiones por aplastamiento y p\u00e9rdida de una extremidad<\/li>\n<li>Lesiones por quemaduras<\/li>\n<li>Da\u00f1o a \u00f3rganos internos<\/li>\n<li>Hemorragia interna<\/li>\n<\/ul>\n\t<ul>\n<li>Lesiones cerebrales traum\u00e1ticas<\/li>\n<li>Heridas en la cabeza y conmociones cerebrales<\/li>\n<li>Lesiones de la m\u00e9dula espinal<\/li>\n<li>Latigazo<\/li>\n<li>Cicatrizaci\u00f3n y desfiguraci\u00f3n<\/li>\n<\/ul>\n\t<p>Consultamos con sus m\u00e9dicos y equipo m\u00e9dico para determinar el alcance total de sus lesiones y c\u00f3mo le afectar\u00e1n ahora y en el futuro. Adem\u00e1s, trabajamos para garantizar que obtenga la compensaci\u00f3n adecuada por sus p\u00e9rdidas.<\/p>\n\t<h2>\u00bfQu\u00e9 debo hacer si me atropella un conductor distra\u00eddo?<\/h2>\n<p>Despu\u00e9s de un accidente en Charlotte que involucr\u00f3 a un conductor distra\u00eddo, intente seguir los siguientes pasos para proteger sus derechos de compensaci\u00f3n. Recuerde que su primera prioridad siempre debe ser su seguridad y buscar atenci\u00f3n m\u00e9dica para lesiones urgentes.<\/p>\n<ul>\n<li><strong>Llama al 911<\/strong>. Si puede hacerlo, debe llamar al 911 lo antes posible para asegurarse de que los primeros en responder lleguen a la escena. La polic\u00eda debe realizar una investigaci\u00f3n preliminar y su compa\u00f1\u00eda de seguros requerir\u00e1 un informe de accidente.<\/li>\n<li><strong>Reunir evidencias<\/strong>. Si es posible en la escena del accidente, re\u00fana tanta evidencia como pueda. Esto puede incluir el uso de la c\u00e1mara de su tel\u00e9fono celular para tomar fotograf\u00edas de todo: da\u00f1os al veh\u00edculo, escombros alrededor de la escena, marcas de derrape, tr\u00e1fico y condiciones clim\u00e1ticas, lesiones y cualquier otra cosa que crea que puede ser relevante. Tome nota de cualquier c\u00e1mara de vigilancia en el \u00e1rea que pueda haber capturado el incidente. Obtenga los nombres y la informaci\u00f3n de contacto de los testigos.<\/li>\n<li><strong>Busque atenci\u00f3n m\u00e9dica<\/strong>. Cualquier persona involucrada en un accidente debe ver a un m\u00e9dico lo antes posible. Entendemos que los signos y s\u00edntomas de muchas lesiones pueden no aparecer hasta horas o d\u00edas despu\u00e9s de ocurrido el accidente; sin embargo, le recomendamos encarecidamente que busque atenci\u00f3n m\u00e9dica lo antes posible. Esto no solo garantiza su bienestar f\u00edsico, sino que tambi\u00e9n establece un v\u00ednculo directo entre el accidente y sus lesiones.<\/li>\n<li><strong>P\u00f3ngase en contacto con un abogado<\/strong>. Los abogados de Charlotte en Price, Petho &amp; Asociados se involucrar\u00e1n muy r\u00e1pidamente para obtener y preservar la evidencia necesaria para probar la responsabilidad. Tambi\u00e9n nos haremos cargo de cualquier comunicaci\u00f3n con otras partes involucradas, incluidas las compa\u00f1\u00edas de seguros y los conductores culpables.<\/li>\n<li><strong>Siga las \u00f3rdenes del m\u00e9dico<\/strong>. Es absolutamente necesario que contin\u00fae con toda la atenci\u00f3n m\u00e9dica recomendada por su m\u00e9dico hasta que haya alcanzado la mejor\u00eda m\u00e9dica m\u00e1xima. No hacerlo podr\u00eda ser perjudicial para su reclamo.<\/li>\n<\/ul>\n<p>Nuestro equipo legal puede brindarle m\u00e1s orientaci\u00f3n en una consulta gratuita.<\/p>\n\t<h2>\u00bfCu\u00e1nto tiempo tengo para presentar un reclamo por accidente de manejo distra\u00eddo en Charlotte?<\/h2>\n<p>Cualquier persona lesionada en un accidente causado por las acciones de una parte negligente tiene un tiempo limitado para presentar un reclamo. El estatuto de limitaciones de lesiones personales de Carolina del Norte es de tres a\u00f1os a partir de la fecha en que ocurri\u00f3 la lesi\u00f3n. Esto significa que las v\u00edctimas de accidentes por conducci\u00f3n distra\u00edda tienen una ventana de tres a\u00f1os para presentar una demanda contra el presunto conductor distra\u00eddo.<\/p>\n<p>Presentar un reclamo despu\u00e9s de que expire el estatuto de limitaciones puede resultar en la denegaci\u00f3n de su reclamo. El plazo se ampliar\u00e1 en algunos casos, como cuando la v\u00edctima sea menor de edad. Independientemente, es importante hablar con un abogado lo antes posible despu\u00e9s del accidente suyo o de su ser querido.<\/p>\n\t<h2>\u00bfCu\u00e1l es el valor de mi caso de accidente por conducci\u00f3n distra\u00edda?<\/h2>\n<p>Si usted o un ser querido ha resultado lesionado porque otro conductor estaba enviando mensajes de texto al volante, comun\u00edquese con un abogado de inmediato. En Price, Petho &amp; Asociados, nos comprometemos a investigar a fondo su reclamo para que podamos obtener la compensaci\u00f3n que necesita. Esto puede incluir:<\/p>\n<ul>\n<li>Compensaci\u00f3n total por facturas m\u00e9dicas.<\/li>\n<li>P\u00e9rdida de ingresos si no puede trabajar<\/li>\n<li>Gastos de da\u00f1os a la propiedad<\/li>\n<li>Gastos generales del hogar relacionados con el accidente<\/li>\n<li>Dolor y sufrimiento y p\u00e9rdida del disfrute de la vida da\u00f1os<\/li>\n<\/ul>\n\t<h2>\u00bfHay un abogado de accidentes por conducci\u00f3n distra\u00edda cerca de m\u00ed?<\/h2>\n<p>Price, Petho &amp; Asociados tiene oficinas en 1430 Elizabeth Ave en Charlotte. Tambi\u00e9n mantenemos oficinas en Rockingham y Rutherfordton para su comodidad. Si est\u00e1 demasiado lesionado para acudir a nosotros, podemos visitarlo en su casa o en el hospital.<\/p>\n<h3>P\u00f3ngase en contacto con un abogado de accidentes por conducci\u00f3n distra\u00edda de Charlotte hoy<\/h3>\n<p>Si usted o un ser querido han resultado heridos en un accidente causado por un conductor distra\u00eddo en el \u00e1rea de Charlotte o sus alrededores, solicite ayuda al equipo de Price, Petho &amp; Asociados. Nuestros abogados tienen una amplia experiencia en el manejo de reclamos complejos de accidentes automovil\u00edsticos en todo el estado, y sabemos lo que se necesita para ayudar a los clientes a recuperar la compensaci\u00f3n por sus p\u00e9rdidas. Queremos asegurarnos de que reciba cobertura para sus gastos m\u00e9dicos, p\u00e9rdidas por da\u00f1os a la propiedad, da\u00f1os por dolor y sufrimiento, p\u00e9rdida de ingresos y m\u00e1s. Para programar una consulta gratuita, ll\u00e1menos hoy al <a href=\"tel:7043722160\">704-372-2160<\/a> o llena nuestro Formulario de contacto. Orgullosamente servimos a clientes en Charlotte, Rockingham, Rutherfordton, Carolina del Norte y Carolina del Sur.<\/p>\n\n","protected":false},"excerpt":{"rendered":"<p>Abogados de accidentes por conducci\u00f3n distra\u00edda en Charlotte Defensa calificada para v\u00edctimas de accidentes de tr\u00e1fico y mensajes de texto en Carolina del Norte Una de las vistas m\u00e1s comunes que uno ve cuando conduce por Charlotte es que los conductores miran sus tel\u00e9fonos. A medida que dependemos cada vez m\u00e1s de la tecnolog\u00eda para&hellip;<\/p>\n","protected":false},"author":1,"featured_media":0,"parent":5062,"menu_order":0,"comment_status":"closed","ping_status":"closed","template":"","meta":{"footnotes":""},"class_list":["post-5077","page","type-page","status-publish","hentry"],"yoast_head":"<!-- This site is optimized with the Yoast SEO plugin v27.3 - https:\/\/yoast.com\/product\/yoast-seo-wordpress\/ -->\n<title>Conducci\u00f3n Distraida | Price Petho &amp; Associates, Personal Injury Attorneys<\/title>\n<meta name=\"robots\" content=\"index, follow, max-snippet:-1, max-image-preview:large, max-video-preview:-1\" \/>\n<link rel=\"canonical\" href=\"https:\/\/priceattorneys.com\/es\/lesiones-personales\/accidentes-automovilisticos\/conduccion-distraida\/\" \/>\n<meta property=\"og:locale\" content=\"es_ES\" \/>\n<meta property=\"og:type\" content=\"article\" \/>\n<meta property=\"og:title\" content=\"Conducci\u00f3n Distraida | Price Petho &amp; Associates, Personal Injury Attorneys\" \/>\n<meta property=\"og:description\" content=\"Abogados de accidentes por conducci\u00f3n distra\u00edda en Charlotte Defensa calificada para v\u00edctimas de accidentes de tr\u00e1fico y mensajes de texto en Carolina del Norte Una de las vistas m\u00e1s comunes que uno ve cuando conduce por Charlotte es que los conductores miran sus tel\u00e9fonos. A medida que dependemos cada vez m\u00e1s de la tecnolog\u00eda para&hellip;\" \/>\n<meta property=\"og:url\" content=\"https:\/\/priceattorneys.com\/es\/lesiones-personales\/accidentes-automovilisticos\/conduccion-distraida\/\" \/>\n<meta property=\"og:site_name\" content=\"Price Petho &amp; Associates, Personal Injury Attorneys\" \/>\n<meta property=\"article:modified_time\" content=\"2024-05-22T15:20:11+00:00\" \/>\n<meta property=\"og:image\" content=\"https:\/\/priceattorneys.com\/wp-content\/uploads\/2022\/03\/lip-service.jpg\" \/>\n<meta name=\"twitter:card\" content=\"summary_large_image\" \/>\n<meta name=\"twitter:label1\" content=\"Tiempo de lectura\" \/>\n\t<meta name=\"twitter:data1\" content=\"8 minutos\" \/>\n<script type=\"application\/ld+json\" class=\"yoast-schema-graph\">{\"@context\":\"https:\\\/\\\/schema.org\",\"@graph\":[{\"@type\":\"WebPage\",\"@id\":\"https:\\\/\\\/priceattorneys.com\\\/es\\\/lesiones-personales\\\/accidentes-automovilisticos\\\/conduccion-distraida\\\/\",\"url\":\"https:\\\/\\\/priceattorneys.com\\\/es\\\/lesiones-personales\\\/accidentes-automovilisticos\\\/conduccion-distraida\\\/\",\"name\":\"Conducci\u00f3n Distraida | Price Petho &amp; Associates, Personal Injury Attorneys\",\"isPartOf\":{\"@id\":\"https:\\\/\\\/priceattorneys.com\\\/es\\\/#website\"},\"primaryImageOfPage\":{\"@id\":\"https:\\\/\\\/priceattorneys.com\\\/es\\\/lesiones-personales\\\/accidentes-automovilisticos\\\/conduccion-distraida\\\/#primaryimage\"},\"image\":{\"@id\":\"https:\\\/\\\/priceattorneys.com\\\/es\\\/lesiones-personales\\\/accidentes-automovilisticos\\\/conduccion-distraida\\\/#primaryimage\"},\"thumbnailUrl\":\"https:\\\/\\\/priceattorneys.com\\\/wp-content\\\/uploads\\\/2022\\\/03\\\/lip-service.jpg\",\"datePublished\":\"2021-06-24T08:39:31+00:00\",\"dateModified\":\"2024-05-22T15:20:11+00:00\",\"breadcrumb\":{\"@id\":\"https:\\\/\\\/priceattorneys.com\\\/es\\\/lesiones-personales\\\/accidentes-automovilisticos\\\/conduccion-distraida\\\/#breadcrumb\"},\"inLanguage\":\"es\",\"potentialAction\":[{\"@type\":\"ReadAction\",\"target\":[\"https:\\\/\\\/priceattorneys.com\\\/es\\\/lesiones-personales\\\/accidentes-automovilisticos\\\/conduccion-distraida\\\/\"]}]},{\"@type\":\"ImageObject\",\"inLanguage\":\"es\",\"@id\":\"https:\\\/\\\/priceattorneys.com\\\/es\\\/lesiones-personales\\\/accidentes-automovilisticos\\\/conduccion-distraida\\\/#primaryimage\",\"url\":\"https:\\\/\\\/priceattorneys.com\\\/wp-content\\\/uploads\\\/2022\\\/03\\\/lip-service.jpg\",\"contentUrl\":\"https:\\\/\\\/priceattorneys.com\\\/wp-content\\\/uploads\\\/2022\\\/03\\\/lip-service.jpg\"},{\"@type\":\"BreadcrumbList\",\"@id\":\"https:\\\/\\\/priceattorneys.com\\\/es\\\/lesiones-personales\\\/accidentes-automovilisticos\\\/conduccion-distraida\\\/#breadcrumb\",\"itemListElement\":[{\"@type\":\"ListItem\",\"position\":1,\"name\":\"Home\",\"item\":\"https:\\\/\\\/priceattorneys.com\\\/es\\\/\"},{\"@type\":\"ListItem\",\"position\":2,\"name\":\"Lesiones Personales\",\"item\":\"https:\\\/\\\/priceattorneys.com\\\/es\\\/lesiones-personales\\\/\"},{\"@type\":\"ListItem\",\"position\":3,\"name\":\"Accidentes Automovil\u00edsticos\",\"item\":\"https:\\\/\\\/priceattorneys.com\\\/es\\\/lesiones-personales\\\/accidentes-automovilisticos\\\/\"},{\"@type\":\"ListItem\",\"position\":4,\"name\":\"Conducci\u00f3n Distraida\"}]},{\"@type\":\"WebSite\",\"@id\":\"https:\\\/\\\/priceattorneys.com\\\/es\\\/#website\",\"url\":\"https:\\\/\\\/priceattorneys.com\\\/es\\\/\",\"name\":\"Price Petho &amp; Associates, Personal Injury Attorneys\",\"description\":\"Charlotte Personal Injury Lawyers\",\"potentialAction\":[{\"@type\":\"SearchAction\",\"target\":{\"@type\":\"EntryPoint\",\"urlTemplate\":\"https:\\\/\\\/priceattorneys.com\\\/es\\\/?s={search_term_string}\"},\"query-input\":{\"@type\":\"PropertyValueSpecification\",\"valueRequired\":true,\"valueName\":\"search_term_string\"}}],\"inLanguage\":\"es\"}]}<\/script>\n<!-- \/ Yoast SEO plugin. -->","yoast_head_json":{"title":"Conducci\u00f3n Distraida | Price Petho &amp; Associates, Personal Injury Attorneys","robots":{"index":"index","follow":"follow","max-snippet":"max-snippet:-1","max-image-preview":"max-image-preview:large","max-video-preview":"max-video-preview:-1"},"canonical":"https:\/\/priceattorneys.com\/es\/lesiones-personales\/accidentes-automovilisticos\/conduccion-distraida\/","og_locale":"es_ES","og_type":"article","og_title":"Conducci\u00f3n Distraida | Price Petho &amp; Associates, Personal Injury Attorneys","og_description":"Abogados de accidentes por conducci\u00f3n distra\u00edda en Charlotte Defensa calificada para v\u00edctimas de accidentes de tr\u00e1fico y mensajes de texto en Carolina del Norte Una de las vistas m\u00e1s comunes que uno ve cuando conduce por Charlotte es que los conductores miran sus tel\u00e9fonos. A medida que dependemos cada vez m\u00e1s de la tecnolog\u00eda para&hellip;","og_url":"https:\/\/priceattorneys.com\/es\/lesiones-personales\/accidentes-automovilisticos\/conduccion-distraida\/","og_site_name":"Price Petho &amp; Associates, Personal Injury Attorneys","article_modified_time":"2024-05-22T15:20:11+00:00","og_image":[{"url":"https:\/\/priceattorneys.com\/wp-content\/uploads\/2022\/03\/lip-service.jpg","type":"","width":"","height":""}],"twitter_card":"summary_large_image","twitter_misc":{"Tiempo de lectura":"8 minutos"},"schema":{"@context":"https:\/\/schema.org","@graph":[{"@type":"WebPage","@id":"https:\/\/priceattorneys.com\/es\/lesiones-personales\/accidentes-automovilisticos\/conduccion-distraida\/","url":"https:\/\/priceattorneys.com\/es\/lesiones-personales\/accidentes-automovilisticos\/conduccion-distraida\/","name":"Conducci\u00f3n Distraida | Price Petho &amp; Associates, Personal Injury Attorneys","isPartOf":{"@id":"https:\/\/priceattorneys.com\/es\/#website"},"primaryImageOfPage":{"@id":"https:\/\/priceattorneys.com\/es\/lesiones-personales\/accidentes-automovilisticos\/conduccion-distraida\/#primaryimage"},"image":{"@id":"https:\/\/priceattorneys.com\/es\/lesiones-personales\/accidentes-automovilisticos\/conduccion-distraida\/#primaryimage"},"thumbnailUrl":"https:\/\/priceattorneys.com\/wp-content\/uploads\/2022\/03\/lip-service.jpg","datePublished":"2021-06-24T08:39:31+00:00","dateModified":"2024-05-22T15:20:11+00:00","breadcrumb":{"@id":"https:\/\/priceattorneys.com\/es\/lesiones-personales\/accidentes-automovilisticos\/conduccion-distraida\/#breadcrumb"},"inLanguage":"es","potentialAction":[{"@type":"ReadAction","target":["https:\/\/priceattorneys.com\/es\/lesiones-personales\/accidentes-automovilisticos\/conduccion-distraida\/"]}]},{"@type":"ImageObject","inLanguage":"es","@id":"https:\/\/priceattorneys.com\/es\/lesiones-personales\/accidentes-automovilisticos\/conduccion-distraida\/#primaryimage","url":"https:\/\/priceattorneys.com\/wp-content\/uploads\/2022\/03\/lip-service.jpg","contentUrl":"https:\/\/priceattorneys.com\/wp-content\/uploads\/2022\/03\/lip-service.jpg"},{"@type":"BreadcrumbList","@id":"https:\/\/priceattorneys.com\/es\/lesiones-personales\/accidentes-automovilisticos\/conduccion-distraida\/#breadcrumb","itemListElement":[{"@type":"ListItem","position":1,"name":"Home","item":"https:\/\/priceattorneys.com\/es\/"},{"@type":"ListItem","position":2,"name":"Lesiones Personales","item":"https:\/\/priceattorneys.com\/es\/lesiones-personales\/"},{"@type":"ListItem","position":3,"name":"Accidentes Automovil\u00edsticos","item":"https:\/\/priceattorneys.com\/es\/lesiones-personales\/accidentes-automovilisticos\/"},{"@type":"ListItem","position":4,"name":"Conducci\u00f3n Distraida"}]},{"@type":"WebSite","@id":"https:\/\/priceattorneys.com\/es\/#website","url":"https:\/\/priceattorneys.com\/es\/","name":"Price Petho &amp; Associates, Personal Injury Attorneys","description":"Charlotte Personal Injury Lawyers","potentialAction":[{"@type":"SearchAction","target":{"@type":"EntryPoint","urlTemplate":"https:\/\/priceattorneys.com\/es\/?s={search_term_string}"},"query-input":{"@type":"PropertyValueSpecification","valueRequired":true,"valueName":"search_term_string"}}],"inLanguage":"es"}]}},"_links":{"self":[{"href":"https:\/\/priceattorneys.com\/es\/wp-json\/wp\/v2\/pages\/5077","targetHints":{"allow":["GET"]}}],"collection":[{"href":"https:\/\/priceattorneys.com\/es\/wp-json\/wp\/v2\/pages"}],"about":[{"href":"https:\/\/priceattorneys.com\/es\/wp-json\/wp\/v2\/types\/page"}],"author":[{"embeddable":true,"href":"https:\/\/priceattorneys.com\/es\/wp-json\/wp\/v2\/users\/1"}],"replies":[{"embeddable":true,"href":"https:\/\/priceattorneys.com\/es\/wp-json\/wp\/v2\/comments?post=5077"}],"version-history":[{"count":1,"href":"https:\/\/priceattorneys.com\/es\/wp-json\/wp\/v2\/pages\/5077\/revisions"}],"predecessor-version":[{"id":7076,"href":"https:\/\/priceattorneys.com\/es\/wp-json\/wp\/v2\/pages\/5077\/revisions\/7076"}],"up":[{"embeddable":true,"href":"https:\/\/priceattorneys.com\/es\/wp-json\/wp\/v2\/pages\/5062"}],"wp:attachment":[{"href":"https:\/\/priceattorneys.com\/es\/wp-json\/wp\/v2\/media?parent=5077"}],"curies":[{"name":"wp","href":"https:\/\/api.w.org\/{rel}","templated":true}]}}