{"id":5097,"date":"2021-06-01T05:44:17","date_gmt":"2021-06-01T05:44:17","guid":{"rendered":"https:\/\/priceattorneys.com\/?page_id=5097"},"modified":"2022-04-27T16:02:28","modified_gmt":"2022-04-27T16:02:28","slug":"accidente-automovilistico-fatal","status":"publish","type":"page","link":"https:\/\/priceattorneys.com\/es\/lesiones-personales\/accidentes-automovilisticos\/accidente-automovilistico-fatal\/","title":{"rendered":"Accidente Automovil\u00edstico Fatal"},"content":{"rendered":"\n\n\t\t\t\t<img decoding=\"async\" src=\"https:\/\/priceattorneys.com\/wp-content\/uploads\/2022\/03\/car-bang.jpg\" alt=\"car-bang\" itemprop=\"image\" height=\"621\" width=\"1245\" title=\"car-bang\" onerror=\"this.style.display='none'\"  \/>\n\t<h1>Abogados de Accidentes Automovil\u00edsticos Fatales en Charlotte<\/h1>\n<h2>Defensa compasiva cuando su ser querido pierde la vida en un accidente automovil\u00edstico en NC<\/h2>\n<p>La tragedia golpea con frecuencia en las carreteras de Carolina del Norte, particularmente en o alrededor del \u00e1rea de Charlotte. Ya sea que las personas conduzcan ebrias, distra\u00eddas o de cualquier manera imprudente y otra persona resulte lesionada, deben rendir cuentas por sus acciones. En el peor de los casos, una persona inocente pierde la vida en uno de estos accidentes. Cuando esa persona es alguien a quien amas, no necesitas pasar por eso solo.<\/p>\n<p>En Price, Petho &amp; Asociados, nuestros abogados de accidentes automovil\u00edsticos entienden el costo masivo que un accidente automovil\u00edstico fatal tiene para una familia. Contamos con los recursos necesarios para investigar a fondo estos incidentes y manejar todas las presentaciones y negociaciones legales en su nombre. Nuestro experimentado equipo legal trabaja para asegurar la compensaci\u00f3n a la que usted y su familia tienen derecho cuando pierde a un ser querido en un accidente automovil\u00edstico prevenible. Hable con nosotros hoy para averiguar c\u00f3mo podemos ayudarlo en este momento terrible, as\u00ed como brindarle un cierre y justicia.<\/p>\n\t<h2>\u00bfQu\u00e9 le gustar\u00eda saber?<\/h2>\n\t<ul>\n<li><a href=\"#FAQ1\">\u00bfQu\u00e9 tan comunes son los accidentes automovil\u00edsticos fatales en Charlotte?<\/a><\/li>\n<li><a href=\"#FAQ2\">\u00bfCu\u00e1les son las causas m\u00e1s comunes de accidentes automovil\u00edsticos fatales?<\/a><\/li>\n<li><a href=\"#FAQ3\">\u00bfQui\u00e9n puede presentar un reclamo por muerte por negligencia en Charlotte despu\u00e9s de un accidente fatal?<\/a><\/li>\n<\/ul>\n\t<ul>\n<li><a href=\"#FAQ4\">\u00bfTengo derecho a una indemnizaci\u00f3n cuando un ser querido muere en un accidente?<\/a><\/li>\n<li><a href=\"#FAQ5\">\u00bfC\u00f3mo puede ayudar un abogado de accidentes fatales de Charlotte?<\/a><\/li>\n<li><a href=\"#FAQ6\">\u00bfHay un abogado de accidentes fatales cerca de m\u00ed?<\/a><\/li>\n<\/ul>\n\t<h2>\u00bfQu\u00e9 tan comunes son los accidentes automovil\u00edsticos fatales en Charlotte?<\/h2>\n<p>\u00c9l <a href=\"https:\/\/connect.ncdot.gov\/business\/DMV\/CrashFactsDocuments\/2020%20Crash%20Facts.pdf\">Departamento de Transporte de Carolina del Norte<\/a> (NCDOT) informa que, en 2020, podemos ver que hubo m\u00e1s de 247,214 en total <a href=\"https:\/\/priceattorneys.com\/es\/lesiones-personales\/accidentes-automovilisticos\/\">accidentes automovil\u00edsticos<\/a> en todo el estado. De estos accidentes, 1.658 personas perdieron la vida.<\/p>\n<p>Aqu\u00ed en el condado de Mecklenburg, vimos 30,794 accidentes con 15,247 heridos y 125 muertes. Estos se encuentran entre algunos de los n\u00fameros m\u00e1s altos en el estado.<\/p>\n\t\t\t\t<img decoding=\"async\" src=\"https:\/\/priceattorneys.com\/wp-content\/uploads\/2022\/03\/Fatal-Car-Accidents.jpg\" alt=\"Fatal-Car-Accidents\" itemprop=\"image\" height=\"780\" width=\"900\" title=\"Fatal-Car-Accidents\" onerror=\"this.style.display='none'\"  \/>\n\t<h2>\u00bfCu\u00e1les son las causas m\u00e1s comunes de accidentes automovil\u00edsticos fatales?<\/h2>\n<p>Los datos del informe de accidentes del NCDOT tambi\u00e9n desglosan las causas de estos accidentes automovil\u00edsticos y muertes en todo el estado. Incluyen:<\/p>\n<ul>\n<li><strong>Alcohol<\/strong>&#8211; 24,8% de las v\u00edctimas mortales. Conducir borracho perjudica el juicio, los reflejos y el tiempo de respuesta del conductor, adem\u00e1s de ser ilegal. Conducir ebrio pone a todos en la carretera en riesgo de sufrir accidentes graves o fatales.<\/li>\n<li><strong>Exceso de velocidad<\/strong>&#8211; 25,1% de las v\u00edctimas mortales. Los l\u00edmites de velocidad existen por una raz\u00f3n. Evitan que los automovilistas vayan demasiado r\u00e1pido para las condiciones de la carretera, adem\u00e1s de reducir el riesgo de accidentes. Los accidentes a alta velocidad tienden a causar lesiones fatales debido a colisiones de alto impacto.<\/li>\n<li><strong>Salida de carril<\/strong>&#8211; 56,2% de las v\u00edctimas mortales. No revisar los puntos ciegos, se\u00f1alizar un cambio de carril o desviarse hacia el tr\u00e1fico que se aproxima puede causar un golpe lateral o colisiones frontales, a menudo con resultados mortales.<\/li>\n<li><strong>Conducci\u00f3n distraida<\/strong>&#8211; 9,5% de las v\u00edctimas mortales. Conducir mientras est\u00e1 distra\u00eddo (incluidos los mensajes de texto y el uso del tel\u00e9fono celular) desv\u00eda la atenci\u00f3n del conductor de la carretera. Incluso un segundo de distracci\u00f3n puede causar un tr\u00e1gico choque, ya sea con otro veh\u00edculo, un peatonal,ciclista, u objeto estacionario.<\/li>\n<\/ul>\n<p>Seg\u00fan Torre Jessup, comisionado de NCDOT:<\/p>\n<p>En 2020, los accidentes de tr\u00e1fico reportables disminuyeron en un 13,3 por ciento. El n\u00famero de muertes aument\u00f3 en un 12,8 por ciento en comparaci\u00f3n con las de 2019. Las muertes de motociclistas disminuyeron en un 3,8 por ciento; mientras que las muertes de ciclistas aumentaron un 55,6 % desde 2019. Tambi\u00e9n se observaron aumentos en la cantidad de peatones muertos en accidentes automovil\u00edsticos, un 7,8 % m\u00e1s en 2020. Desafortunadamente, el 25,1 % de todas las muertes por accidentes de tr\u00e1fico estaban relacionadas con el exceso de velocidad.<\/p>\n<p>Como puede ver, la negligencia del conductor sigue siendo la principal causa de accidentes automovil\u00edsticos fatales. Los abogados de Charlotte en Price, Petho &amp; Asociados pueden ayudar a probar la culpa del otro conductor y c\u00f3mo fue la culpa de ese conductor la que caus\u00f3 la muerte de su ser querido.<\/p>\n\t<h2>\u00bfQui\u00e9n puede presentar un reclamo por muerte por negligencia en Charlotte despu\u00e9s de un accidente fatal?<\/h2>\n<p>En el estado de Carolina del Norte, la ley es muy espec\u00edfica sobre qui\u00e9n puede presentar una <a href=\"https:\/\/priceattorneys.com\/es\/lesiones-personales\/muerte-injusta\/\">demanda por muerte injusta<\/a> despu\u00e9s de un fatal accidente automovil\u00edstico. El representante personal del patrimonio de la persona fallecida debe presentar la demanda ante el tribunal dentro de los dos a\u00f1os siguientes a la fecha del fallecimiento.<\/p>\n<p>Si el difunto ten\u00eda un plan patrimonial, es posible que haya nombrado a un representante personal dentro del plan. Esa persona tiene la autoridad para presentar un reclamo por muerte injusta. Si el difunto no ten\u00eda un plan patrimonial, o la persona seleccionada en el plan no desea presentar un reclamo por muerte injusta, el tribunal designar\u00e1 a otra persona. En la mayor\u00eda de las circunstancias, esta persona es el c\u00f3nyuge sobreviviente, padre o hijo adulto del difunto.<\/p>\n\t\t\t\t<img decoding=\"async\" src=\"https:\/\/priceattorneys.com\/wp-content\/uploads\/2022\/03\/fatal-car-crash.png\" alt=\"fatal-car-crash\" itemprop=\"image\" height=\"340\" width=\"900\" title=\"fatal-car-crash\" onerror=\"this.style.display='none'\"  \/>\n\t<h2>\u00bfTengo derecho a una indemnizaci\u00f3n cuando un ser querido muere en un accidente?<\/h2>\n<p>Si su ser querido perdi\u00f3 la vida debido a la negligencia de otra persona, lo m\u00e1s probable es que sea elegible para una compensaci\u00f3n financiera, que incluye:<\/p>\n<ul>\n<li>Cualquier factura m\u00e9dica en la que haya incurrido el difunto despu\u00e9s del accidente y antes de la muerte.<\/li>\n<li>Dolor y sufrimiento que sufri\u00f3 el difunto despu\u00e9s del accidente antes de morir<\/li>\n<li>Gastos de funeral y entierro<\/li>\n<li>P\u00e9rdida de ingresos del difunto, incluidos los ingresos que se habr\u00edan ganado si \u00e9l o ella hubiera vivido<\/li>\n<li>La p\u00e9rdida de los servicios, la protecci\u00f3n, la asistencia y el cuidado del difunto<\/li>\n<li>La p\u00e9rdida de compa\u00f1\u00eda, consuelo, gu\u00eda, sociedad y consejo del difunto<\/li>\n<\/ul>\n<p>En los casos en que las acciones del conductor culpable fueron gravemente negligentes o intencionales, nuestros abogados tambi\u00e9n buscan da\u00f1os punitivos. Estos tienen la intenci\u00f3n tanto de castigar al acusado por sus acciones como disuadir de un comportamiento imprudente en el futuro.<\/p>\n\t<h2>\u00bfC\u00f3mo puede ayudar un abogado de accidentes fatales de Charlotte?<\/h2>\n<p>Los abogados de Price, Petho &amp; Asociados trabajan en estrecha colaboraci\u00f3n con usted y su familia para asegurar la compensaci\u00f3n financiera a la que tiene derecho despu\u00e9s de que la negligencia de otra persona cause la muerte de su ser querido. Demostramos que el otro conductor le deb\u00eda a su ser querido un deber de cuidado en la carretera e incumpli\u00f3 ese deber de cuidado al infringir las leyes de tr\u00e1nsito o conducir de manera imprudente.<\/p>\n<p>En los casos de conducci\u00f3n en estado de ebriedad, obtenemos informes policiales y documentos que muestran la concentraci\u00f3n de alcohol en la sangre (BAC) del conductor y c\u00f3mo la intoxicaci\u00f3n caus\u00f3 el accidente fatal, as\u00ed como los cargos penales presentados contra ese conductor. Tambi\u00e9n trabajamos con expertos en reconstrucci\u00f3n de accidentes para mostrar c\u00f3mo ocurri\u00f3 el accidente, hablar con testigos oculares y asegurar cualquier video del accidente para reforzar a\u00fan m\u00e1s su caso.<\/p>\n\t<h2>\u00bfHay un abogado de accidentes fatales cerca de m\u00ed?<\/h2>\n<p>Price, Petho &amp; Asociados tiene oficinas en 1430 Elizabeth Ave en Charlotte, NC. Tambi\u00e9n mantenemos oficinas en Rockingham y Rutherfordton para su comodidad. Si no puede acudir a nosotros, podemos hacer arreglos para visitarlo en su casa o en el hospital.<\/p>\n<h3>Abogados experimentados en accidentes automovil\u00edsticos fatales que prestan servicios en Charlotte<\/h3>\n<p>Si un ser querido perdi\u00f3 la vida en un accidente automovil\u00edstico causado por las acciones descuidadas o negligentes de otro conductor, comun\u00edquese con el equipo de Price, Petho &amp; Asociados para obtener ayuda lo antes posible. Nuestros abogados tienen una amplia experiencia en el manejo de estos complicados reclamos. Sabemos lo que se necesita para hacer frente a las compa\u00f1\u00edas de seguros agresivas y ayudar a satisfacer las necesidades de su familia. Estamos aqu\u00ed para ayudar a su familia cuando m\u00e1s lo necesita. Para una consulta gratuita sobre su caso, llame al <a href=\"tel:7043722160\">704-372-2160<\/a> o llena nuestro Formulario de contacto. Atendemos a clientes en Charlotte, Rockingham, Rutherfordton, Carolina del Norte y Carolina del Sur.<\/p>\n\n","protected":false},"excerpt":{"rendered":"<p>Abogados de Accidentes Automovil\u00edsticos Fatales en Charlotte Defensa compasiva cuando su ser querido pierde la vida en un accidente automovil\u00edstico en NC La tragedia golpea con frecuencia en las carreteras de Carolina del Norte, particularmente en o alrededor del \u00e1rea de Charlotte. Ya sea que las personas conduzcan ebrias, distra\u00eddas o de cualquier manera imprudente&hellip;<\/p>\n","protected":false},"author":1,"featured_media":0,"parent":5062,"menu_order":0,"comment_status":"closed","ping_status":"closed","template":"","meta":{"footnotes":""},"class_list":["post-5097","page","type-page","status-publish","hentry"],"yoast_head":"<!-- This site is optimized with the Yoast SEO plugin v27.4 - https:\/\/yoast.com\/product\/yoast-seo-wordpress\/ -->\n<title>Accidente Automovil\u00edstico Fatal | Price Petho &amp; Associates, Personal Injury Attorneys<\/title>\n<meta name=\"robots\" content=\"index, follow, max-snippet:-1, max-image-preview:large, max-video-preview:-1\" \/>\n<link rel=\"canonical\" href=\"https:\/\/priceattorneys.com\/es\/lesiones-personales\/accidentes-automovilisticos\/accidente-automovilistico-fatal\/\" \/>\n<meta property=\"og:locale\" content=\"es_ES\" \/>\n<meta property=\"og:type\" content=\"article\" \/>\n<meta property=\"og:title\" content=\"Accidente Automovil\u00edstico Fatal | Price Petho &amp; Associates, Personal Injury Attorneys\" \/>\n<meta property=\"og:description\" content=\"Abogados de Accidentes Automovil\u00edsticos Fatales en Charlotte Defensa compasiva cuando su ser querido pierde la vida en un accidente automovil\u00edstico en NC La tragedia golpea con frecuencia en las carreteras de Carolina del Norte, particularmente en o alrededor del \u00e1rea de Charlotte. Ya sea que las personas conduzcan ebrias, distra\u00eddas o de cualquier manera imprudente&hellip;\" \/>\n<meta property=\"og:url\" content=\"https:\/\/priceattorneys.com\/es\/lesiones-personales\/accidentes-automovilisticos\/accidente-automovilistico-fatal\/\" \/>\n<meta property=\"og:site_name\" content=\"Price Petho &amp; Associates, Personal Injury Attorneys\" \/>\n<meta property=\"article:modified_time\" content=\"2022-04-27T16:02:28+00:00\" \/>\n<meta property=\"og:image\" content=\"https:\/\/priceattorneys.com\/wp-content\/uploads\/2022\/03\/car-bang.jpg\" \/>\n<meta name=\"twitter:card\" content=\"summary_large_image\" \/>\n<meta name=\"twitter:label1\" content=\"Tiempo de lectura\" \/>\n\t<meta name=\"twitter:data1\" content=\"7 minutos\" \/>\n<script type=\"application\/ld+json\" class=\"yoast-schema-graph\">{\"@context\":\"https:\\\/\\\/schema.org\",\"@graph\":[{\"@type\":\"WebPage\",\"@id\":\"https:\\\/\\\/priceattorneys.com\\\/es\\\/lesiones-personales\\\/accidentes-automovilisticos\\\/accidente-automovilistico-fatal\\\/\",\"url\":\"https:\\\/\\\/priceattorneys.com\\\/es\\\/lesiones-personales\\\/accidentes-automovilisticos\\\/accidente-automovilistico-fatal\\\/\",\"name\":\"Accidente Automovil\u00edstico Fatal | Price Petho &amp; Associates, Personal Injury Attorneys\",\"isPartOf\":{\"@id\":\"https:\\\/\\\/priceattorneys.com\\\/es\\\/#website\"},\"primaryImageOfPage\":{\"@id\":\"https:\\\/\\\/priceattorneys.com\\\/es\\\/lesiones-personales\\\/accidentes-automovilisticos\\\/accidente-automovilistico-fatal\\\/#primaryimage\"},\"image\":{\"@id\":\"https:\\\/\\\/priceattorneys.com\\\/es\\\/lesiones-personales\\\/accidentes-automovilisticos\\\/accidente-automovilistico-fatal\\\/#primaryimage\"},\"thumbnailUrl\":\"https:\\\/\\\/priceattorneys.com\\\/wp-content\\\/uploads\\\/2022\\\/03\\\/car-bang.jpg\",\"datePublished\":\"2021-06-01T05:44:17+00:00\",\"dateModified\":\"2022-04-27T16:02:28+00:00\",\"breadcrumb\":{\"@id\":\"https:\\\/\\\/priceattorneys.com\\\/es\\\/lesiones-personales\\\/accidentes-automovilisticos\\\/accidente-automovilistico-fatal\\\/#breadcrumb\"},\"inLanguage\":\"es\",\"potentialAction\":[{\"@type\":\"ReadAction\",\"target\":[\"https:\\\/\\\/priceattorneys.com\\\/es\\\/lesiones-personales\\\/accidentes-automovilisticos\\\/accidente-automovilistico-fatal\\\/\"]}]},{\"@type\":\"ImageObject\",\"inLanguage\":\"es\",\"@id\":\"https:\\\/\\\/priceattorneys.com\\\/es\\\/lesiones-personales\\\/accidentes-automovilisticos\\\/accidente-automovilistico-fatal\\\/#primaryimage\",\"url\":\"https:\\\/\\\/priceattorneys.com\\\/wp-content\\\/uploads\\\/2022\\\/03\\\/car-bang.jpg\",\"contentUrl\":\"https:\\\/\\\/priceattorneys.com\\\/wp-content\\\/uploads\\\/2022\\\/03\\\/car-bang.jpg\"},{\"@type\":\"BreadcrumbList\",\"@id\":\"https:\\\/\\\/priceattorneys.com\\\/es\\\/lesiones-personales\\\/accidentes-automovilisticos\\\/accidente-automovilistico-fatal\\\/#breadcrumb\",\"itemListElement\":[{\"@type\":\"ListItem\",\"position\":1,\"name\":\"Home\",\"item\":\"https:\\\/\\\/priceattorneys.com\\\/es\\\/\"},{\"@type\":\"ListItem\",\"position\":2,\"name\":\"Lesiones Personales\",\"item\":\"https:\\\/\\\/priceattorneys.com\\\/es\\\/lesiones-personales\\\/\"},{\"@type\":\"ListItem\",\"position\":3,\"name\":\"Accidentes Automovil\u00edsticos\",\"item\":\"https:\\\/\\\/priceattorneys.com\\\/es\\\/lesiones-personales\\\/accidentes-automovilisticos\\\/\"},{\"@type\":\"ListItem\",\"position\":4,\"name\":\"Accidente Automovil\u00edstico Fatal\"}]},{\"@type\":\"WebSite\",\"@id\":\"https:\\\/\\\/priceattorneys.com\\\/es\\\/#website\",\"url\":\"https:\\\/\\\/priceattorneys.com\\\/es\\\/\",\"name\":\"Price Petho &amp; Associates, Personal Injury Attorneys\",\"description\":\"Charlotte Personal Injury Lawyers\",\"potentialAction\":[{\"@type\":\"SearchAction\",\"target\":{\"@type\":\"EntryPoint\",\"urlTemplate\":\"https:\\\/\\\/priceattorneys.com\\\/es\\\/?s={search_term_string}\"},\"query-input\":{\"@type\":\"PropertyValueSpecification\",\"valueRequired\":true,\"valueName\":\"search_term_string\"}}],\"inLanguage\":\"es\"}]}<\/script>\n<!-- \/ Yoast SEO plugin. -->","yoast_head_json":{"title":"Accidente Automovil\u00edstico Fatal | Price Petho &amp; Associates, Personal Injury Attorneys","robots":{"index":"index","follow":"follow","max-snippet":"max-snippet:-1","max-image-preview":"max-image-preview:large","max-video-preview":"max-video-preview:-1"},"canonical":"https:\/\/priceattorneys.com\/es\/lesiones-personales\/accidentes-automovilisticos\/accidente-automovilistico-fatal\/","og_locale":"es_ES","og_type":"article","og_title":"Accidente Automovil\u00edstico Fatal | Price Petho &amp; Associates, Personal Injury Attorneys","og_description":"Abogados de Accidentes Automovil\u00edsticos Fatales en Charlotte Defensa compasiva cuando su ser querido pierde la vida en un accidente automovil\u00edstico en NC La tragedia golpea con frecuencia en las carreteras de Carolina del Norte, particularmente en o alrededor del \u00e1rea de Charlotte. Ya sea que las personas conduzcan ebrias, distra\u00eddas o de cualquier manera imprudente&hellip;","og_url":"https:\/\/priceattorneys.com\/es\/lesiones-personales\/accidentes-automovilisticos\/accidente-automovilistico-fatal\/","og_site_name":"Price Petho &amp; Associates, Personal Injury Attorneys","article_modified_time":"2022-04-27T16:02:28+00:00","og_image":[{"url":"https:\/\/priceattorneys.com\/wp-content\/uploads\/2022\/03\/car-bang.jpg","type":"","width":"","height":""}],"twitter_card":"summary_large_image","twitter_misc":{"Tiempo de lectura":"7 minutos"},"schema":{"@context":"https:\/\/schema.org","@graph":[{"@type":"WebPage","@id":"https:\/\/priceattorneys.com\/es\/lesiones-personales\/accidentes-automovilisticos\/accidente-automovilistico-fatal\/","url":"https:\/\/priceattorneys.com\/es\/lesiones-personales\/accidentes-automovilisticos\/accidente-automovilistico-fatal\/","name":"Accidente Automovil\u00edstico Fatal | Price Petho &amp; Associates, Personal Injury Attorneys","isPartOf":{"@id":"https:\/\/priceattorneys.com\/es\/#website"},"primaryImageOfPage":{"@id":"https:\/\/priceattorneys.com\/es\/lesiones-personales\/accidentes-automovilisticos\/accidente-automovilistico-fatal\/#primaryimage"},"image":{"@id":"https:\/\/priceattorneys.com\/es\/lesiones-personales\/accidentes-automovilisticos\/accidente-automovilistico-fatal\/#primaryimage"},"thumbnailUrl":"https:\/\/priceattorneys.com\/wp-content\/uploads\/2022\/03\/car-bang.jpg","datePublished":"2021-06-01T05:44:17+00:00","dateModified":"2022-04-27T16:02:28+00:00","breadcrumb":{"@id":"https:\/\/priceattorneys.com\/es\/lesiones-personales\/accidentes-automovilisticos\/accidente-automovilistico-fatal\/#breadcrumb"},"inLanguage":"es","potentialAction":[{"@type":"ReadAction","target":["https:\/\/priceattorneys.com\/es\/lesiones-personales\/accidentes-automovilisticos\/accidente-automovilistico-fatal\/"]}]},{"@type":"ImageObject","inLanguage":"es","@id":"https:\/\/priceattorneys.com\/es\/lesiones-personales\/accidentes-automovilisticos\/accidente-automovilistico-fatal\/#primaryimage","url":"https:\/\/priceattorneys.com\/wp-content\/uploads\/2022\/03\/car-bang.jpg","contentUrl":"https:\/\/priceattorneys.com\/wp-content\/uploads\/2022\/03\/car-bang.jpg"},{"@type":"BreadcrumbList","@id":"https:\/\/priceattorneys.com\/es\/lesiones-personales\/accidentes-automovilisticos\/accidente-automovilistico-fatal\/#breadcrumb","itemListElement":[{"@type":"ListItem","position":1,"name":"Home","item":"https:\/\/priceattorneys.com\/es\/"},{"@type":"ListItem","position":2,"name":"Lesiones Personales","item":"https:\/\/priceattorneys.com\/es\/lesiones-personales\/"},{"@type":"ListItem","position":3,"name":"Accidentes Automovil\u00edsticos","item":"https:\/\/priceattorneys.com\/es\/lesiones-personales\/accidentes-automovilisticos\/"},{"@type":"ListItem","position":4,"name":"Accidente Automovil\u00edstico Fatal"}]},{"@type":"WebSite","@id":"https:\/\/priceattorneys.com\/es\/#website","url":"https:\/\/priceattorneys.com\/es\/","name":"Price Petho &amp; Associates, Personal Injury Attorneys","description":"Charlotte Personal Injury Lawyers","potentialAction":[{"@type":"SearchAction","target":{"@type":"EntryPoint","urlTemplate":"https:\/\/priceattorneys.com\/es\/?s={search_term_string}"},"query-input":{"@type":"PropertyValueSpecification","valueRequired":true,"valueName":"search_term_string"}}],"inLanguage":"es"}]}},"_links":{"self":[{"href":"https:\/\/priceattorneys.com\/es\/wp-json\/wp\/v2\/pages\/5097","targetHints":{"allow":["GET"]}}],"collection":[{"href":"https:\/\/priceattorneys.com\/es\/wp-json\/wp\/v2\/pages"}],"about":[{"href":"https:\/\/priceattorneys.com\/es\/wp-json\/wp\/v2\/types\/page"}],"author":[{"embeddable":true,"href":"https:\/\/priceattorneys.com\/es\/wp-json\/wp\/v2\/users\/1"}],"replies":[{"embeddable":true,"href":"https:\/\/priceattorneys.com\/es\/wp-json\/wp\/v2\/comments?post=5097"}],"version-history":[{"count":0,"href":"https:\/\/priceattorneys.com\/es\/wp-json\/wp\/v2\/pages\/5097\/revisions"}],"up":[{"embeddable":true,"href":"https:\/\/priceattorneys.com\/es\/wp-json\/wp\/v2\/pages\/5062"}],"wp:attachment":[{"href":"https:\/\/priceattorneys.com\/es\/wp-json\/wp\/v2\/media?parent=5097"}],"curies":[{"name":"wp","href":"https:\/\/api.w.org\/{rel}","templated":true}]}}