{"id":5100,"date":"2020-08-18T07:43:38","date_gmt":"2020-08-18T07:43:38","guid":{"rendered":"https:\/\/priceattorneys.com\/?page_id=5100"},"modified":"2024-03-27T18:53:57","modified_gmt":"2024-03-27T18:53:57","slug":"accidente-de-atropello-y-fuga","status":"publish","type":"page","link":"https:\/\/priceattorneys.com\/es\/lesiones-personales\/accidentes-automovilisticos\/accidente-de-atropello-y-fuga\/","title":{"rendered":"Accidente de Atropello y Fuga"},"content":{"rendered":"\n\n\t\t\t\t<img decoding=\"async\" src=\"https:\/\/priceattorneys.com\/wp-content\/uploads\/2022\/03\/hit-and-run-auto-accident.jpg\" alt=\"Hit &amp; run accidents in NC\" itemprop=\"image\" height=\"739\" width=\"2000\" title=\"hit and run auto accident\" onerror=\"this.style.display='none'\"  \/>\n\t<h1>Abogados de accidentes de atropello y fuga de Charlotte<\/h1>\n<h2>Ayuda legal cuando se lesiona en un atropello y fuga en Carolina del Norte<\/h2>\n<p>Un accidente de atropello y fuga puede ocurrir en un instante: en un segundo todo est\u00e1 bien y al siguiente est\u00e1s sorprendido. Despu\u00e9s de recoger los pedazos, te das cuenta de que el conductor culpable ha huido de la escena. En situaciones como estas, \u00bfcu\u00e1les son sus opciones? \u00bfQui\u00e9n paga sus facturas m\u00e9dicas, los da\u00f1os a su veh\u00edculo y sus cheques de pago perdidos cuando un accidente no fue su culpa? Cuando intenta recuperarse de lesiones graves, no deber\u00eda tener que resolver esto por su cuenta.<\/p>\n<p>Despu\u00e9s de un accidente de atropello y fuga, las compa\u00f1\u00edas de seguros suelen poner tantos obst\u00e1culos como sea posible para evitar que las v\u00edctimas obtengan la compensaci\u00f3n financiera que merecen. Sin embargo, el equipo de Price, Petho &amp; Asociados est\u00e1 listo para estar a su lado. Nuestros abogados de accidentes de atropello y fuga de Charlotte se comprometen a realizar una investigaci\u00f3n completa de su caso, trabajando para asegurar la compensaci\u00f3n justa y adecuada a la que tiene derecho. Podemos ayudar.<\/p>\n\t<h2>\u00bfQu\u00e9 le gustar\u00eda saber?<\/h2>\n\t<ul>\n<li><a href=\"#FAQ1\">\u00bfQu\u00e9 tan serios son los accidentes de atropello y fuga de Charlotte?<\/a><\/li>\n<li><a href=\"#FAQ2\">\u00bfQu\u00e9 debo hacer despu\u00e9s de experimentar un golpe y fuga?<\/a><\/li>\n<li><a href=\"#FAQ3\">\u00bfC\u00f3mo obtengo compensaci\u00f3n por mis lesiones despu\u00e9s de un golpe y fuga?<\/a><\/li>\n<\/ul>\n\t<ul>\n<li><a href=\"#FAQ4\">\u00bfCu\u00e1nto tiempo tengo para presentar un reclamo por accidente de atropello y fuga en Charlotte?<\/a><\/li>\n<li><a href=\"#FAQ5\">\u00bfHay un abogado de accidentes de atropello y fuga cerca de m\u00ed?<\/a><\/li>\n<\/ul>\n\t\t\t\t<img decoding=\"async\" src=\"https:\/\/priceattorneys.com\/wp-content\/uploads\/2022\/03\/Hit-and-Run-Car-Accidents.jpg\" alt=\"Hit &amp; run accidents in NC\" itemprop=\"image\" height=\"760\" width=\"900\" title=\"Hit and Run Car Accidents\" onerror=\"this.style.display='none'\"  \/>\n\t<h2>\u00bfQu\u00e9 tan serios son los accidentes de atropello y fuga de Charlotte?<\/h2>\n<p>\u00c9l <a href=\"https:\/\/connect.ncdot.gov\/business\/DMV\/CrashFactsDocuments\/2020%20Crash%20Facts.pdf\">Departamento de Transporte de Carolina del Norte<\/a> (NCDOT) dice que hubo 247,214 en total <a href=\"https:\/\/priceattorneys.com\/es\/lesiones-personales\/accidentes-automovilisticos\/\">accidentes automovil\u00edsticos<\/a> reportado en todo el estado en 2020. De estos incidentes, 105,382 personas resultaron heridas y 1,658 personas perdieron la vida. Si bien no tenemos estad\u00edsticas exactas sobre cu\u00e1ntos atropellos y fugas ocurren cada a\u00f1o en Carolina del Norte, sabemos que estos accidentes ocurren regularmente y que pueden provocar lesiones graves y devastadoras.<\/p>\n<p>No es raro que las v\u00edctimas de accidentes de golpe y fuga sufran lo siguiente:<\/p>\n<ul>\n<li>Huesos rotos o dislocados<\/li>\n<li>Laceraciones severas o heridas punzantes<\/li>\n<li><a href=\"https:\/\/priceattorneys.com\/es\/lesiones-personales\/lesiones-catastroficas\/lesiones-cerebrales\/\">Lesiones cerebrales traum\u00e1ticas<\/a><\/li>\n<li>Conmociones cerebrales<\/li>\n<li><a href=\"https:\/\/priceattorneys.com\/es\/lesiones-personales\/lesiones-catastroficas\/lesiones-de-la-medula-espinal\/\">Lesiones de la m\u00e9dula espinal<\/a><\/li>\n<li>Lesiones por latigazo cervical, hombros y espalda<\/li>\n<li><a href=\"https:\/\/priceattorneys.com\/personal-injury\/catastrophic-injuries\/burn-injuries\/\">Lesiones por quemaduras<\/a><\/li>\n<li><a href=\"https:\/\/priceattorneys.com\/es\/lesiones-personales\/muerte-injusta\/\">Muerte injusta<\/a><\/li>\n<\/ul>\n<p>Cada una de estas lesiones requerir\u00e1 atenci\u00f3n m\u00e9dica y es posible que las v\u00edctimas no puedan trabajar mientras se recuperan. Con gastos m\u00e9dicos, salarios perdidos y da\u00f1os a la propiedad que enfrentar, las v\u00edctimas de atropello y fuga necesitan saber a d\u00f3nde acudir para obtener una compensaci\u00f3n.<\/p>\n\t<h2>\u00bfQu\u00e9 debo hacer despu\u00e9s de experimentar un golpe y fuga?<\/h2>\n<p>Las consecuencias de un accidente de atropello y fuga pueden ser incre\u00edblemente confusas, y los involucrados a menudo no saben qu\u00e9 hacer. A medida que avanzamos en estos pasos, esperamos que nunca necesite seguirlos. No queremos que nadie sea v\u00edctima de un accidente de atropello y fuga. Sin embargo, si esto le sucede a usted, estos pasos podr\u00edan ayudar a garantizar que reciba la compensaci\u00f3n a la que tiene derecho.<\/p>\n<ol>\n<li><strong>Llama al 911:<\/strong>Tan pronto como lleve su veh\u00edculo a un lugar seguro despu\u00e9s de un accidente de atropello y fuga, llame al 911. La polic\u00eda y el EMS deben acudir al lugar del incidente para evaluar sus lesiones y hacer una declaraci\u00f3n oficial. reporte policial. Adem\u00e1s, es responsabilidad de los funcionarios encargados de hacer cumplir la ley localizar a los conductores que se dan a la fuga. Puede ser tentador tratar de seguir a un conductor que huye de la escena de un accidente, pero esto pondr\u00e1 a m\u00e1s personas en peligro, incluy\u00e9ndote a ti mismo.<\/li>\n<li><strong>Busque atenci\u00f3n m\u00e9dica inmediata: <\/strong>Todas las v\u00edctimas de accidentes de atropello y fuga deben buscar atenci\u00f3n m\u00e9dica inmediata. Los signos y s\u00edntomas de muchas lesiones no aparecen hasta horas, o incluso d\u00edas, despu\u00e9s de un accidente, pero todas las v\u00edctimas de choques deben ser evaluadas por un m\u00e9dico lo antes posible. Esto asegura su bienestar f\u00edsico al mismo tiempo que establece un v\u00ednculo directo entre sus lesiones y los accidentes.<\/li>\n<li><strong>Toma nota: <\/strong>Los recuerdos pueden desvanecerse muy r\u00e1pidamente despu\u00e9s de un accidente, y siempre recomendamos que las v\u00edctimas de atropellos y fugas escriban todo lo que recuerden tan pronto como puedan. Esto puede incluir una descripci\u00f3n del veh\u00edculo que los golpe\u00f3 y una descripci\u00f3n del conductor o los pasajeros del veh\u00edculo responsables del golpe y la fuga.<\/li>\n<li><strong>Re\u00fana tanta evidencia como sea posible: <\/strong>Las v\u00edctimas de accidentes de atropello y fuga en Charlotte pueden comenzar a recopilar evidencia si es seguro hacerlo en la escena del accidente. Esto puede incluir obtener los nombres y la informaci\u00f3n de contacto de los testigos presenciales. Tambi\u00e9n puede incluir el uso de su tel\u00e9fono celular u otra c\u00e1mara para tomar fotograf\u00edas de da\u00f1os al veh\u00edculo, escombros en la carretera, marcas de derrape, condiciones clim\u00e1ticas y de tr\u00e1fico, sus lesiones y m\u00e1s.<\/li>\n<li><strong>Informe el incidente a su compa\u00f1\u00eda de seguros: <\/strong>Su compa\u00f1\u00eda de seguros deber\u00e1 ser notificada de que ha tenido un accidente. No es necesario que entre en detalles, pero s\u00ed debe informarles que el incidente fue un choque y fuga.<\/li>\n<li><strong>P\u00f3ngase en contacto con un abogado: <\/strong>Debe comunicarse con un abogado experto en accidentes automovil\u00edsticos. Debido a que estos accidentes no siempre son sencillos, contar con los abogados de Price, Petho &amp; Asociados en Charlotte de su lado es una pieza esencial del rompecabezas cuando se trata de obtener una compensaci\u00f3n.<\/li>\n<\/ol>\n<p>Si tiene alguna pregunta sobre sus pr\u00f3ximos pasos despu\u00e9s de un accidente de atropello y fuga, nos complace brindarle respuestas y orientaci\u00f3n.<\/p>\n\t<h2>\u00bfC\u00f3mo obtengo compensaci\u00f3n por mis lesiones despu\u00e9s de un golpe y fuga?<\/h2>\n<p>Abandonar la escena de un accidente es un delito en Carolina del Norte. Sin embargo, eso no ayudar\u00e1 a las personas como usted que no est\u00e1n seguras de c\u00f3mo obtendr\u00e1n una compensaci\u00f3n por sus p\u00e9rdidas. Adem\u00e1s, esto puede ser particularmente dif\u00edcil si la polic\u00eda no localiza al conductor que se da a la fuga.<\/p>\n<p>Todos los conductores en Carolina del Norte deben tener la siguiente cobertura de seguro para permanecer legales en la carretera:<\/p>\n<ul>\n<li>Cobertura de responsabilidad por lesiones corporales a $30,000 por persona y $60,000 por accidente<\/li>\n<li>Cobertura de responsabilidad por da\u00f1os a la propiedad en 25,000<\/li>\n<li>Lesiones corporales de automovilistas sin seguro a $30,000 por persona y $60,000 por accidente<\/li>\n<li>Da\u00f1os a la propiedad de automovilistas sin seguro o con seguro insuficiente a $ 25,000<\/li>\n<\/ul>\n<p>Si no se puede ubicar a un conductor que se dio a la fuga, las v\u00edctimas deber\u00e1n confiar en su cobertura de motorista sin seguro para recuperar la compensaci\u00f3n por sus p\u00e9rdidas.<\/p>\n<p>Si se localiza al conductor que choc\u00f3 y se dio a la fuga y \u00e9l o ella tiene seguro, se puede presentar un reclamo contra la compa\u00f1\u00eda de seguros de ese conductor para recuperar una compensaci\u00f3n. Finalmente, si el conductor culpable no tiene seguro o si los l\u00edmites de cobertura no son suficientes, puede ser necesario presentar una <a href=\"https:\/\/priceattorneys.com\/es\/lesiones-personales\/\">lesiones personales<\/a> reclamar para recuperar la compensaci\u00f3n adecuada. Nuestros abogados experimentados pueden ayudar.<\/p>\n\t\t\t\t<img decoding=\"async\" src=\"https:\/\/priceattorneys.com\/wp-content\/uploads\/2022\/03\/Price-Attorneys-Offices.jpg\" alt=\"Price-Attorneys-Offices\" itemprop=\"image\" height=\"499\" width=\"770\" title=\"Price-Attorneys-Offices\" onerror=\"this.style.display='none'\"  \/>\n\t<h2>\u00bfCu\u00e1nto tiempo tengo para presentar un reclamo por accidente de atropello y fuga en Charlotte?<\/h2>\n<p>Las v\u00edctimas de accidentes de atropello y fuga deben saber que tienen un tiempo limitado para presentar una demanda. El estatuto de limitaciones de lesiones personales de Carolina del Norte es de tres a\u00f1os a partir de la fecha en que ocurre la lesi\u00f3n. Esto significa que las v\u00edctimas de accidentes de atropello y fuga tienen una ventana de tres a\u00f1os para presentar una demanda contra el presunto conductor negligente.<\/p>\n<p>Cabe se\u00f1alar que las compa\u00f1\u00edas de seguros tienen plazos de notificaci\u00f3n bastante estrictos en estos casos. La mayor\u00eda de las compa\u00f1\u00edas de seguros en Carolina del Norte requieren que los accidentes se informen dentro de uno o dos d\u00edas despu\u00e9s de que ocurra el incidente. Si no informa de inmediato un accidente, el transportista podr\u00eda retrasar o rechazar el reclamo.<\/p>\n<p>Debido a que la gran mayor\u00eda de los accidentes de atropello y fuga se pueden resolver a trav\u00e9s de un acuerdo con las compa\u00f1\u00edas de seguros (incluidas las reclamaciones que la v\u00edctima puede hacer con su propia compa\u00f1\u00eda de seguros), nuestros abogados negociar\u00e1n con las compa\u00f1\u00edas de seguros para asegurar la compensaci\u00f3n a la que usted est\u00e1 sujeto. con derecho. Sin embargo, siempre estamos preparados para llevar su caso a juicio si eso es lo que se necesita para lograr la justicia que se merece.<\/p>\n\t<h2>\u00bfHay un abogado de accidentes de atropello y fuga cerca de m\u00ed?<\/h2>\n<p>Puede encontrar a Price, Petho &amp; Asociados en 1430 Elizabeth Ave en Charlotte, NC. Tambi\u00e9n mantenemos oficinas en Rockingham y Rutherfordton para su comodidad. Si no puede acudir a nosotros, podemos hacer arreglos para visitarlo en su casa o en el hospital.<\/p>\n<h3>Charlotte golpe\u00f3 y huy\u00f3 abogados de su lado<\/h3>\n<p>Si usted o alguien a quien ama ha resultado herido en un accidente de atropello y fuga, es imperativo hablar con un abogado lo antes posible. En Price, Petho &amp; Asociados, nuestro equipo realiza una investigaci\u00f3n completa de su caso, trabajando para asegurar la compensaci\u00f3n que necesita para recuperarse de sus lesiones y comenzar de nuevo. Podemos ayudar. Para programar una consulta gratuita, llame <a href=\"tel:7043722160\">704-372-2160<\/a> o llena nuestro Formulario de contacto. Atendemos a clientes en Charlotte, Rockingham, Rutherfordton, Carolina del Norte y Carolina del Sur.<\/p>\n\n","protected":false},"excerpt":{"rendered":"<p>Abogados de accidentes de atropello y fuga de Charlotte Ayuda legal cuando se lesiona en un atropello y fuga en Carolina del Norte Un accidente de atropello y fuga puede ocurrir en un instante: en un segundo todo est\u00e1 bien y al siguiente est\u00e1s sorprendido. Despu\u00e9s de recoger los pedazos, te das cuenta de que&hellip;<\/p>\n","protected":false},"author":1,"featured_media":0,"parent":5062,"menu_order":0,"comment_status":"closed","ping_status":"closed","template":"","meta":{"footnotes":""},"class_list":["post-5100","page","type-page","status-publish","hentry"],"yoast_head":"<!-- This site is optimized with the Yoast SEO plugin v27.2 - https:\/\/yoast.com\/product\/yoast-seo-wordpress\/ -->\n<title>Accidente de Atropello y Fuga | Price Petho &amp; Associates, Personal Injury Attorneys<\/title>\n<meta name=\"robots\" content=\"index, follow, max-snippet:-1, max-image-preview:large, max-video-preview:-1\" \/>\n<link rel=\"canonical\" href=\"https:\/\/priceattorneys.com\/es\/lesiones-personales\/accidentes-automovilisticos\/accidente-de-atropello-y-fuga\/\" \/>\n<meta property=\"og:locale\" content=\"es_ES\" \/>\n<meta property=\"og:type\" content=\"article\" \/>\n<meta property=\"og:title\" content=\"Accidente de Atropello y Fuga | Price Petho &amp; Associates, Personal Injury Attorneys\" \/>\n<meta property=\"og:description\" content=\"Abogados de accidentes de atropello y fuga de Charlotte Ayuda legal cuando se lesiona en un atropello y fuga en Carolina del Norte Un accidente de atropello y fuga puede ocurrir en un instante: en un segundo todo est\u00e1 bien y al siguiente est\u00e1s sorprendido. Despu\u00e9s de recoger los pedazos, te das cuenta de que&hellip;\" \/>\n<meta property=\"og:url\" content=\"https:\/\/priceattorneys.com\/es\/lesiones-personales\/accidentes-automovilisticos\/accidente-de-atropello-y-fuga\/\" \/>\n<meta property=\"og:site_name\" content=\"Price Petho &amp; Associates, Personal Injury Attorneys\" \/>\n<meta property=\"article:modified_time\" content=\"2024-03-27T18:53:57+00:00\" \/>\n<meta property=\"og:image\" content=\"https:\/\/priceattorneys.com\/wp-content\/uploads\/2022\/03\/hit-and-run-auto-accident.jpg\" \/>\n<meta name=\"twitter:card\" content=\"summary_large_image\" \/>\n<meta name=\"twitter:label1\" content=\"Tiempo de lectura\" \/>\n\t<meta name=\"twitter:data1\" content=\"8 minutos\" \/>\n<script type=\"application\/ld+json\" class=\"yoast-schema-graph\">{\"@context\":\"https:\/\/schema.org\",\"@graph\":[{\"@type\":\"WebPage\",\"@id\":\"https:\/\/priceattorneys.com\/es\/lesiones-personales\/accidentes-automovilisticos\/accidente-de-atropello-y-fuga\/\",\"url\":\"https:\/\/priceattorneys.com\/es\/lesiones-personales\/accidentes-automovilisticos\/accidente-de-atropello-y-fuga\/\",\"name\":\"Accidente de Atropello y Fuga | Price Petho &amp; Associates, Personal Injury Attorneys\",\"isPartOf\":{\"@id\":\"https:\/\/priceattorneys.com\/es\/#website\"},\"primaryImageOfPage\":{\"@id\":\"https:\/\/priceattorneys.com\/es\/lesiones-personales\/accidentes-automovilisticos\/accidente-de-atropello-y-fuga\/#primaryimage\"},\"image\":{\"@id\":\"https:\/\/priceattorneys.com\/es\/lesiones-personales\/accidentes-automovilisticos\/accidente-de-atropello-y-fuga\/#primaryimage\"},\"thumbnailUrl\":\"https:\/\/priceattorneys.com\/wp-content\/uploads\/2022\/03\/hit-and-run-auto-accident.jpg\",\"datePublished\":\"2020-08-18T07:43:38+00:00\",\"dateModified\":\"2024-03-27T18:53:57+00:00\",\"breadcrumb\":{\"@id\":\"https:\/\/priceattorneys.com\/es\/lesiones-personales\/accidentes-automovilisticos\/accidente-de-atropello-y-fuga\/#breadcrumb\"},\"inLanguage\":\"es\",\"potentialAction\":[{\"@type\":\"ReadAction\",\"target\":[\"https:\/\/priceattorneys.com\/es\/lesiones-personales\/accidentes-automovilisticos\/accidente-de-atropello-y-fuga\/\"]}]},{\"@type\":\"ImageObject\",\"inLanguage\":\"es\",\"@id\":\"https:\/\/priceattorneys.com\/es\/lesiones-personales\/accidentes-automovilisticos\/accidente-de-atropello-y-fuga\/#primaryimage\",\"url\":\"https:\/\/priceattorneys.com\/wp-content\/uploads\/2022\/03\/hit-and-run-auto-accident.jpg\",\"contentUrl\":\"https:\/\/priceattorneys.com\/wp-content\/uploads\/2022\/03\/hit-and-run-auto-accident.jpg\"},{\"@type\":\"BreadcrumbList\",\"@id\":\"https:\/\/priceattorneys.com\/es\/lesiones-personales\/accidentes-automovilisticos\/accidente-de-atropello-y-fuga\/#breadcrumb\",\"itemListElement\":[{\"@type\":\"ListItem\",\"position\":1,\"name\":\"Home\",\"item\":\"https:\/\/priceattorneys.com\/es\/\"},{\"@type\":\"ListItem\",\"position\":2,\"name\":\"Lesiones Personales\",\"item\":\"https:\/\/priceattorneys.com\/es\/lesiones-personales\/\"},{\"@type\":\"ListItem\",\"position\":3,\"name\":\"Accidentes Automovil\u00edsticos\",\"item\":\"https:\/\/priceattorneys.com\/es\/lesiones-personales\/accidentes-automovilisticos\/\"},{\"@type\":\"ListItem\",\"position\":4,\"name\":\"Accidente de Atropello y Fuga\"}]},{\"@type\":\"WebSite\",\"@id\":\"https:\/\/priceattorneys.com\/es\/#website\",\"url\":\"https:\/\/priceattorneys.com\/es\/\",\"name\":\"Price Petho &amp; Associates, Personal Injury Attorneys\",\"description\":\"Charlotte Personal Injury Lawyers\",\"potentialAction\":[{\"@type\":\"SearchAction\",\"target\":{\"@type\":\"EntryPoint\",\"urlTemplate\":\"https:\/\/priceattorneys.com\/es\/?s={search_term_string}\"},\"query-input\":{\"@type\":\"PropertyValueSpecification\",\"valueRequired\":true,\"valueName\":\"search_term_string\"}}],\"inLanguage\":\"es\"}]}<\/script>\n<!-- \/ Yoast SEO plugin. -->","yoast_head_json":{"title":"Accidente de Atropello y Fuga | Price Petho &amp; Associates, Personal Injury Attorneys","robots":{"index":"index","follow":"follow","max-snippet":"max-snippet:-1","max-image-preview":"max-image-preview:large","max-video-preview":"max-video-preview:-1"},"canonical":"https:\/\/priceattorneys.com\/es\/lesiones-personales\/accidentes-automovilisticos\/accidente-de-atropello-y-fuga\/","og_locale":"es_ES","og_type":"article","og_title":"Accidente de Atropello y Fuga | Price Petho &amp; Associates, Personal Injury Attorneys","og_description":"Abogados de accidentes de atropello y fuga de Charlotte Ayuda legal cuando se lesiona en un atropello y fuga en Carolina del Norte Un accidente de atropello y fuga puede ocurrir en un instante: en un segundo todo est\u00e1 bien y al siguiente est\u00e1s sorprendido. Despu\u00e9s de recoger los pedazos, te das cuenta de que&hellip;","og_url":"https:\/\/priceattorneys.com\/es\/lesiones-personales\/accidentes-automovilisticos\/accidente-de-atropello-y-fuga\/","og_site_name":"Price Petho &amp; Associates, Personal Injury Attorneys","article_modified_time":"2024-03-27T18:53:57+00:00","og_image":[{"url":"https:\/\/priceattorneys.com\/wp-content\/uploads\/2022\/03\/hit-and-run-auto-accident.jpg","type":"","width":"","height":""}],"twitter_card":"summary_large_image","twitter_misc":{"Tiempo de lectura":"8 minutos"},"schema":{"@context":"https:\/\/schema.org","@graph":[{"@type":"WebPage","@id":"https:\/\/priceattorneys.com\/es\/lesiones-personales\/accidentes-automovilisticos\/accidente-de-atropello-y-fuga\/","url":"https:\/\/priceattorneys.com\/es\/lesiones-personales\/accidentes-automovilisticos\/accidente-de-atropello-y-fuga\/","name":"Accidente de Atropello y Fuga | Price Petho &amp; Associates, Personal Injury Attorneys","isPartOf":{"@id":"https:\/\/priceattorneys.com\/es\/#website"},"primaryImageOfPage":{"@id":"https:\/\/priceattorneys.com\/es\/lesiones-personales\/accidentes-automovilisticos\/accidente-de-atropello-y-fuga\/#primaryimage"},"image":{"@id":"https:\/\/priceattorneys.com\/es\/lesiones-personales\/accidentes-automovilisticos\/accidente-de-atropello-y-fuga\/#primaryimage"},"thumbnailUrl":"https:\/\/priceattorneys.com\/wp-content\/uploads\/2022\/03\/hit-and-run-auto-accident.jpg","datePublished":"2020-08-18T07:43:38+00:00","dateModified":"2024-03-27T18:53:57+00:00","breadcrumb":{"@id":"https:\/\/priceattorneys.com\/es\/lesiones-personales\/accidentes-automovilisticos\/accidente-de-atropello-y-fuga\/#breadcrumb"},"inLanguage":"es","potentialAction":[{"@type":"ReadAction","target":["https:\/\/priceattorneys.com\/es\/lesiones-personales\/accidentes-automovilisticos\/accidente-de-atropello-y-fuga\/"]}]},{"@type":"ImageObject","inLanguage":"es","@id":"https:\/\/priceattorneys.com\/es\/lesiones-personales\/accidentes-automovilisticos\/accidente-de-atropello-y-fuga\/#primaryimage","url":"https:\/\/priceattorneys.com\/wp-content\/uploads\/2022\/03\/hit-and-run-auto-accident.jpg","contentUrl":"https:\/\/priceattorneys.com\/wp-content\/uploads\/2022\/03\/hit-and-run-auto-accident.jpg"},{"@type":"BreadcrumbList","@id":"https:\/\/priceattorneys.com\/es\/lesiones-personales\/accidentes-automovilisticos\/accidente-de-atropello-y-fuga\/#breadcrumb","itemListElement":[{"@type":"ListItem","position":1,"name":"Home","item":"https:\/\/priceattorneys.com\/es\/"},{"@type":"ListItem","position":2,"name":"Lesiones Personales","item":"https:\/\/priceattorneys.com\/es\/lesiones-personales\/"},{"@type":"ListItem","position":3,"name":"Accidentes Automovil\u00edsticos","item":"https:\/\/priceattorneys.com\/es\/lesiones-personales\/accidentes-automovilisticos\/"},{"@type":"ListItem","position":4,"name":"Accidente de Atropello y Fuga"}]},{"@type":"WebSite","@id":"https:\/\/priceattorneys.com\/es\/#website","url":"https:\/\/priceattorneys.com\/es\/","name":"Price Petho &amp; Associates, Personal Injury Attorneys","description":"Charlotte Personal Injury Lawyers","potentialAction":[{"@type":"SearchAction","target":{"@type":"EntryPoint","urlTemplate":"https:\/\/priceattorneys.com\/es\/?s={search_term_string}"},"query-input":{"@type":"PropertyValueSpecification","valueRequired":true,"valueName":"search_term_string"}}],"inLanguage":"es"}]}},"_links":{"self":[{"href":"https:\/\/priceattorneys.com\/es\/wp-json\/wp\/v2\/pages\/5100","targetHints":{"allow":["GET"]}}],"collection":[{"href":"https:\/\/priceattorneys.com\/es\/wp-json\/wp\/v2\/pages"}],"about":[{"href":"https:\/\/priceattorneys.com\/es\/wp-json\/wp\/v2\/types\/page"}],"author":[{"embeddable":true,"href":"https:\/\/priceattorneys.com\/es\/wp-json\/wp\/v2\/users\/1"}],"replies":[{"embeddable":true,"href":"https:\/\/priceattorneys.com\/es\/wp-json\/wp\/v2\/comments?post=5100"}],"version-history":[{"count":1,"href":"https:\/\/priceattorneys.com\/es\/wp-json\/wp\/v2\/pages\/5100\/revisions"}],"predecessor-version":[{"id":6965,"href":"https:\/\/priceattorneys.com\/es\/wp-json\/wp\/v2\/pages\/5100\/revisions\/6965"}],"up":[{"embeddable":true,"href":"https:\/\/priceattorneys.com\/es\/wp-json\/wp\/v2\/pages\/5062"}],"wp:attachment":[{"href":"https:\/\/priceattorneys.com\/es\/wp-json\/wp\/v2\/media?parent=5100"}],"curies":[{"name":"wp","href":"https:\/\/api.w.org\/{rel}","templated":true}]}}