{"id":5103,"date":"2020-06-13T11:47:03","date_gmt":"2020-06-13T11:47:03","guid":{"rendered":"https:\/\/priceattorneys.com\/?page_id=5103"},"modified":"2022-04-27T16:19:35","modified_gmt":"2022-04-27T16:19:35","slug":"motoristas-sin-seguro","status":"publish","type":"page","link":"https:\/\/priceattorneys.com\/es\/lesiones-personales\/accidentes-automovilisticos\/motoristas-sin-seguro\/","title":{"rendered":"Motoristas Sin Seguro"},"content":{"rendered":"\n\n\t\t\t\t<img decoding=\"async\" src=\"https:\/\/priceattorneys.com\/wp-content\/uploads\/2022\/03\/car-insurance.jpg\" alt=\"car-insurance\" itemprop=\"image\" height=\"667\" width=\"2000\" title=\"car-insurance\" onerror=\"this.style.display='none'\"  \/>\n\t<h1>Abogados de accidentes automovil\u00edsticos sin seguro de Charlotte<\/h1>\n<h2>Ayuda legal cuando se lesiona en un atropello y fuga en Carolina del Norte<\/h2>\n<p>Si estuvo involucrado en un accidente automovil\u00edstico en el que el otro conductor no ten\u00eda seguro de responsabilidad civil, la parte responsable de cubrir los da\u00f1os se convierte en su propia compa\u00f1\u00eda de seguros. La cobertura de motorista sin seguro es una caracter\u00edstica est\u00e1ndar en todas las p\u00f3lizas de seguro de autom\u00f3vil de Carolina del Norte y brinda cobertura por lesiones personales y da\u00f1os a la propiedad cuando el conductor culpable no tiene seguro.<\/p>\n<p>Price, Petho &amp; Asociados ha estado ayudando a v\u00edctimas de accidentes automovil\u00edsticos sin seguro durante d\u00e9cadas y tiene la experiencia para ayudarlo a obtener compensaci\u00f3n por da\u00f1os despu\u00e9s de una colisi\u00f3n que no fue su culpa. Entendemos la frustraci\u00f3n de no solo sufrir lesiones en un accidente causado por un conductor negligente, sino tambi\u00e9n de tener que navegar por el complejo y dif\u00edcil proceso del seguro. Nuestros abogados de Charlotte est\u00e1n aqu\u00ed para hacer que todo sea m\u00e1s f\u00e1cil. No cobramos una tarifa a menos que lo ayudemos a llegar a un acuerdo.<\/p>\n\t<h2>\u00bfQu\u00e9 le gustar\u00eda saber?<\/h2>\n\t<ul>\n<li><a href=\"#FAQ1\">\u00bfQu\u00e9 es el seguro de motorista sin seguro o con seguro insuficiente?<\/a><\/li>\n<li><a href=\"#FAQ2\">\u00bfCu\u00e1les son las lesiones comunes de accidentes automovil\u00edsticos en Charlotte?<\/a><\/li>\n<li><a href=\"#FAQ3\">\u00bfSe requiere seguro de motorista sin seguro en Carolina del Norte?<\/a><\/li>\n<\/ul>\n\t<ul>\n<li><a href=\"#FAQ4\">\u00bfPuedo presentar un reclamo contra el automovilista sin seguro que me golpe\u00f3?<\/a><\/li>\n<li><a href=\"#FAQ5\">\u00bfC\u00f3mo pruebo mi caso de accidente de motorista sin seguro en Charlotte?<\/a><\/li>\n<li><a href=\"#FAQ6\">\u00bfHay un abogado de accidentes de atropello y fuga cerca de m\u00ed?<\/a><\/li>\n<\/ul>\n\t\t\t\t<img decoding=\"async\" src=\"https:\/\/priceattorneys.com\/wp-content\/uploads\/2022\/03\/uninsured-motorist-accident.jpg\" alt=\"uninsured-motorist-accident\" itemprop=\"image\" height=\"440\" width=\"900\" title=\"uninsured-motorist-accident\" onerror=\"this.style.display='none'\"  \/>\n\t<h2>\u00bfQu\u00e9 es el seguro de motorista sin seguro o con seguro insuficiente?<\/h2>\n<p>por e l<a href=\"https:\/\/files.nc.gov\/doi\/documents\/consumer\/publications\/consumer-guide-to-automobile-insurance_cau1.pdf\">Departamento de Seguros de Carolina del Norte<\/a>:<\/p>\n<p>La cobertura de conductores sin seguro (UM) brindar\u00e1 protecci\u00f3n cuando un conductor sin seguro, que tiene la culpa, lo lastime a usted oa otra persona cubierta. Tambi\u00e9n proporciona cobertura de da\u00f1os a la propiedad. La cobertura de conductores con seguro insuficiente (UIM, por sus siglas en ingl\u00e9s) brindar\u00e1 protecci\u00f3n cuando un conductor con seguro insuficiente, que tiene la culpa, cause lesiones a una persona cubierta.<\/p>\n<p>Un conductor con seguro insuficiente es aquel cuyos l\u00edmites de responsabilidad son inferiores a los l\u00edmites de su UIM y no son suficientes para cubrir las p\u00e9rdidas de las personas que el conductor con seguro insuficiente lesiona en un accidente en el que tuvo la culpa. La cobertura de UIM no brinda protecci\u00f3n contra da\u00f1os a la propiedad. La cobertura de UIM pagar\u00e1 un m\u00e1ximo de la diferencia entre los l\u00edmites de responsabilidad del otro conductor y sus l\u00edmites de UIM.<\/p>\n<p>Si est\u00e1 involucrado en un accidente con un conductor sin seguro de Charlotte, puede encontrarse con una variedad de dificultades al intentar resolver su reclamo.<\/p>\n\t<h2>\u00bfCu\u00e1les son las lesiones comunes de accidentes automovil\u00edsticos en Charlotte?<\/h2>\n<p>Seg\u00fan los datos disponibles de el <a href=\"https:\/\/connect.ncdot.gov\/business\/DMV\/CrashFactsDocuments\/2020%20Crash%20Facts.pdf\">Departamento de Transporte de Carolina del Norte<\/a>(NCDOT), hubo m\u00e1s de 247,000 en total <a href=\"https:\/\/priceattorneys.com\/es\/lesiones-personales\/accidentes-automovilisticos\/\">accidentes automovil\u00edsticos<\/a> en 2020 en todo el estado. De estos incidentes, 1.658 personas perdieron la vida y hubo m\u00e1s de 105.000 heridos.<\/p>\n<p>Los accidentes con automovilistas sin seguro de Charlotte a menudo resultan en lesiones graves para las v\u00edctimas. Lo m\u00e1s probable es que al conductor culpable se le revoque el seguro por accidentes anteriores o no pueda pagar las primas debido a h\u00e1bitos de manejo riesgosos. Las lesiones causadas por automovilistas sin seguro pueden incluir:<\/p>\n\t<ul>\n<li><a href=\"https:\/\/priceattorneys.com\/es\/lesiones-personales\/lesiones-catastroficas\/lesiones-cerebrales\/\">Lesiones cerebrales traum\u00e1ticas<\/a><\/li>\n<li>Conmociones cerebrales<\/li>\n<li><a href=\"https:\/\/priceattorneys.com\/es\/lesiones-personales\/lesiones-catastroficas\/lesiones-de-la-medula-espinal\/\">Lesiones de la m\u00e9dula espinal<\/a><\/li>\n<li>Otro trauma severo en el cuello o la espalda<\/li>\n<li>Lesiones por latigazo<\/li>\n<\/ul>\n\t<ul>\n<li><a href=\"https:\/\/priceattorneys.com\/es\/lesiones-personales\/lesiones-catastroficas\/lesiones-por-quemaduras\/\">Lesiones por quemaduras<\/a><\/li>\n<li>Huesos rotos o dislocados<\/li>\n<li>Laceraciones o heridas punzantes<\/li>\n<li>Sangrado interno o da\u00f1o a \u00f3rganos<\/li>\n<li><a href=\"https:\/\/priceattorneys.com\/es\/lesiones-personales\/muerte-injusta\/\">Muerte injusta<\/a><\/li>\n<\/ul>\n\t<p>Este tipo de lesiones a menudo resultan en que las v\u00edctimas incurran en enormes facturas m\u00e9dicas. Si las v\u00edctimas no pueden trabajar mientras se recuperan, sus dificultades financieras se ver\u00e1n agravadas por una p\u00e9rdida de ingresos.<\/p>\n\t<h2>\u00bfSe requiere seguro de motorista sin seguro en Carolina del Norte?<\/h2>\n<p>El estado de Carolina del Norte requiere que todos los conductores tengan cobertura de motorista sin seguro. Esto es importante porque muchos estados no exigen este seguro. La cobertura de automovilistas sin seguro es incre\u00edblemente beneficiosa para aquellos que son atropellados por un conductor sin seguro y ayuda a cubrir los costos m\u00e9dicos y los da\u00f1os a la propiedad.<\/p>\n<p>Para operar legalmente en las carreteras de Carolina del Norte, los conductores deben tener los siguientes tipos de seguros (con los requisitos m\u00ednimos correspondientes):<\/p>\n<ul>\n<li>Cobertura de responsabilidad por lesiones corporales: $30,000 por persona y $60,000 por accidente<\/li>\n<li>Cobertura de responsabilidad por da\u00f1os a la propiedad: $25,000<\/li>\n<li>Lesiones corporales de automovilistas sin seguro: $30,000 por persona y $60,000 por accidente<\/li>\n<li>Da\u00f1os a la propiedad de automovilistas sin seguro o con seguro insuficiente: $ 25,000<\/li>\n<\/ul>\n\t\t\t\t<img decoding=\"async\" src=\"https:\/\/priceattorneys.com\/wp-content\/uploads\/2022\/03\/uninsured-motorist-accidents.jpg\" alt=\"uninsured-motorist-accidents\" itemprop=\"image\" height=\"370\" width=\"900\" title=\"uninsured-motorist-accidents\" onerror=\"this.style.display='none'\"  \/>\n\t<h2>\u00bfPuedo presentar un reclamo contra el automovilista sin seguro que me golpe\u00f3?<\/h2>\n<p>Si usted o un ser querido tiene un accidente con un automovilista sin seguro, generalmente recurre a su cobertura de automovilista sin seguro para manejar los gastos relacionados con el incidente. Sin embargo, si sus costos m\u00e9dicos y da\u00f1os a la propiedad superan los l\u00edmites de su p\u00f3liza de seguro, lo que suele suceder en casos de lesiones graves, es posible que deba encontrar otras formas de cubrir sus costos.<\/p>\n<p>En casos como estos, puede presentar una demanda contra el conductor sin seguro que caus\u00f3 su accidente. Sin embargo, es importante comprender que si un conductor no puede permitirse el lujo de tener un seguro para su veh\u00edculo, es probable que no pueda pagar los da\u00f1os que finalmente se le otorguen en una reclamaci\u00f3n exitosa. Nuestros abogados de Charlotte lo invitan a programar una consulta para repasar los detalles espec\u00edficos de su caso, ya que todos los accidentes son \u00fanicos.<\/p>\n\t<h2>\u00bfC\u00f3mo pruebo mi caso de accidente de motorista sin seguro en Charlotte?<\/h2>\n<p>En general, la mayor\u00eda de los accidentes automovil\u00edsticos se resuelven mediante acuerdos entre las compa\u00f1\u00edas de seguros de ambos conductores. Sin embargo, si una de las partes involucradas en un accidente no tiene seguro, esto puede complicar significativamente el asunto. En lo que respecta a los accidentes automovil\u00edsticos sin seguro, el Instituto de Informaci\u00f3n de Seguros (III) muestra que Carolina del Norte en realidad tiene uno de los porcentajes m\u00e1s bajos de conductores sin seguro en el pa\u00eds.<\/p>\n<p>Los III estados <a href=\"https:\/\/www.iii.org\/fact-statistic\/facts-statistics-uninsured-motorists\">7.4 por ciento de todos los conductores en nuestro estado no tienen seguro<\/a>. Si bien esto parece un n\u00famero relativamente bajo, pong\u00e1moslo en otra perspectiva: de cada 100 conductores en las carreteras de Carolina del Norte, m\u00e1s de siete de ellos no tienen seguro.<\/p>\n<p>Para establecer un reclamo de automovilista sin seguro, nuestros abogados trabajan para probar dos puntos importantes:<\/p>\n<ul>\n<li>El conductor sin seguro tuvo la culpa de causar el accidente, generalmente probado con una carta del Departamento de Veh\u00edculos Motorizados de Carolina del Norte que identifica la \u00faltima compa\u00f1\u00eda de seguros conocida para el conductor y el veh\u00edculo.<\/li>\n<li>El conductor culpable no estaba asegurado en el momento del accidente, demostrado con una carta de la \u00faltima compa\u00f1\u00eda de seguros conocida, que indica que el veh\u00edculo no estaba asegurado en el momento del accidente.<\/li>\n<\/ul>\n<p>Muchas personas creen que al apelar a su propia compa\u00f1\u00eda de seguros, recibir\u00e1n un trato justo. Desafortunadamente para las v\u00edctimas de accidentes y lesiones, este no es siempre el caso. En nuestra experiencia, las compa\u00f1\u00edas de seguros hacen todo lo posible para evitar pagar un acuerdo. Por eso es tan importante contar con un abogado calificado y con experiencia de su lado.<\/p>\n\t<h2>\u00bfHay un abogado de accidentes de automovilistas sin seguro o con seguro insuficiente cerca de m\u00ed?<\/h2>\n<p>Price, Petho &amp; Asociados est\u00e1 ubicado en 1430 Elizabeth Ave en Charlotte, NC. Tambi\u00e9n mantenemos oficinas en Rockingham y Rutherfordton para su comodidad. Si no puede acudir a nosotros, podemos hacer arreglos para visitarlo en su casa o en el hospital.<\/p>\n<h3>Una trayectoria exitosa en el trato con las compa\u00f1\u00edas de seguros de Charlotte<\/h3>\n<p>Aunque tratar\u00e1 con su propia compa\u00f1\u00eda de seguros, nunca asuma que sus reclamos se pagar\u00e1n sin pelear. Las compa\u00f1\u00edas de seguros tienen un deber fiduciario con sus asegurados y deben tratar con ellos de buena fe, y el incumplimiento de esta obligaci\u00f3n puede exponerlos a una responsabilidad que exceda los l\u00edmites de su cobertura. Hable hoy con los abogados de accidentes automovil\u00edsticos de Price, Petho &amp; Asociados si usted o un ser querido resultaron heridos en una colisi\u00f3n con un automovilista sin seguro. Llamar <a href=\"tel:7043722160\">704-372-2160<\/a> o llena nuestro Formulario de contacto para programar una consulta gratuita. Atendemos a clientes en Charlotte, Rockingham, Rutherfordton, Carolina del Norte y Carolina del Sur.<\/p>\n\n","protected":false},"excerpt":{"rendered":"<p>Abogados de accidentes automovil\u00edsticos sin seguro de Charlotte Ayuda legal cuando se lesiona en un atropello y fuga en Carolina del Norte Si estuvo involucrado en un accidente automovil\u00edstico en el que el otro conductor no ten\u00eda seguro de responsabilidad civil, la parte responsable de cubrir los da\u00f1os se convierte en su propia compa\u00f1\u00eda de&hellip;<\/p>\n","protected":false},"author":1,"featured_media":0,"parent":5062,"menu_order":0,"comment_status":"closed","ping_status":"closed","template":"","meta":{"footnotes":""},"class_list":["post-5103","page","type-page","status-publish","hentry"],"yoast_head":"<!-- This site is optimized with the Yoast SEO plugin v27.3 - https:\/\/yoast.com\/product\/yoast-seo-wordpress\/ -->\n<title>Motoristas Sin Seguro | Price Petho &amp; Associates, Personal Injury Attorneys<\/title>\n<meta name=\"robots\" content=\"index, follow, max-snippet:-1, max-image-preview:large, max-video-preview:-1\" \/>\n<link rel=\"canonical\" href=\"https:\/\/priceattorneys.com\/es\/lesiones-personales\/accidentes-automovilisticos\/motoristas-sin-seguro\/\" \/>\n<meta property=\"og:locale\" content=\"es_ES\" \/>\n<meta property=\"og:type\" content=\"article\" \/>\n<meta property=\"og:title\" content=\"Motoristas Sin Seguro | Price Petho &amp; Associates, Personal Injury Attorneys\" \/>\n<meta property=\"og:description\" content=\"Abogados de accidentes automovil\u00edsticos sin seguro de Charlotte Ayuda legal cuando se lesiona en un atropello y fuga en Carolina del Norte Si estuvo involucrado en un accidente automovil\u00edstico en el que el otro conductor no ten\u00eda seguro de responsabilidad civil, la parte responsable de cubrir los da\u00f1os se convierte en su propia compa\u00f1\u00eda de&hellip;\" \/>\n<meta property=\"og:url\" content=\"https:\/\/priceattorneys.com\/es\/lesiones-personales\/accidentes-automovilisticos\/motoristas-sin-seguro\/\" \/>\n<meta property=\"og:site_name\" content=\"Price Petho &amp; Associates, Personal Injury Attorneys\" \/>\n<meta property=\"article:modified_time\" content=\"2022-04-27T16:19:35+00:00\" \/>\n<meta property=\"og:image\" content=\"https:\/\/priceattorneys.com\/wp-content\/uploads\/2022\/03\/car-insurance.jpg\" \/>\n<meta name=\"twitter:card\" content=\"summary_large_image\" \/>\n<meta name=\"twitter:label1\" content=\"Tiempo de lectura\" \/>\n\t<meta name=\"twitter:data1\" content=\"7 minutos\" \/>\n<script type=\"application\/ld+json\" class=\"yoast-schema-graph\">{\"@context\":\"https:\\\/\\\/schema.org\",\"@graph\":[{\"@type\":\"WebPage\",\"@id\":\"https:\\\/\\\/priceattorneys.com\\\/es\\\/lesiones-personales\\\/accidentes-automovilisticos\\\/motoristas-sin-seguro\\\/\",\"url\":\"https:\\\/\\\/priceattorneys.com\\\/es\\\/lesiones-personales\\\/accidentes-automovilisticos\\\/motoristas-sin-seguro\\\/\",\"name\":\"Motoristas Sin Seguro | Price Petho &amp; Associates, Personal Injury Attorneys\",\"isPartOf\":{\"@id\":\"https:\\\/\\\/priceattorneys.com\\\/es\\\/#website\"},\"primaryImageOfPage\":{\"@id\":\"https:\\\/\\\/priceattorneys.com\\\/es\\\/lesiones-personales\\\/accidentes-automovilisticos\\\/motoristas-sin-seguro\\\/#primaryimage\"},\"image\":{\"@id\":\"https:\\\/\\\/priceattorneys.com\\\/es\\\/lesiones-personales\\\/accidentes-automovilisticos\\\/motoristas-sin-seguro\\\/#primaryimage\"},\"thumbnailUrl\":\"https:\\\/\\\/priceattorneys.com\\\/wp-content\\\/uploads\\\/2022\\\/03\\\/car-insurance.jpg\",\"datePublished\":\"2020-06-13T11:47:03+00:00\",\"dateModified\":\"2022-04-27T16:19:35+00:00\",\"breadcrumb\":{\"@id\":\"https:\\\/\\\/priceattorneys.com\\\/es\\\/lesiones-personales\\\/accidentes-automovilisticos\\\/motoristas-sin-seguro\\\/#breadcrumb\"},\"inLanguage\":\"es\",\"potentialAction\":[{\"@type\":\"ReadAction\",\"target\":[\"https:\\\/\\\/priceattorneys.com\\\/es\\\/lesiones-personales\\\/accidentes-automovilisticos\\\/motoristas-sin-seguro\\\/\"]}]},{\"@type\":\"ImageObject\",\"inLanguage\":\"es\",\"@id\":\"https:\\\/\\\/priceattorneys.com\\\/es\\\/lesiones-personales\\\/accidentes-automovilisticos\\\/motoristas-sin-seguro\\\/#primaryimage\",\"url\":\"https:\\\/\\\/priceattorneys.com\\\/wp-content\\\/uploads\\\/2022\\\/03\\\/car-insurance.jpg\",\"contentUrl\":\"https:\\\/\\\/priceattorneys.com\\\/wp-content\\\/uploads\\\/2022\\\/03\\\/car-insurance.jpg\"},{\"@type\":\"BreadcrumbList\",\"@id\":\"https:\\\/\\\/priceattorneys.com\\\/es\\\/lesiones-personales\\\/accidentes-automovilisticos\\\/motoristas-sin-seguro\\\/#breadcrumb\",\"itemListElement\":[{\"@type\":\"ListItem\",\"position\":1,\"name\":\"Home\",\"item\":\"https:\\\/\\\/priceattorneys.com\\\/es\\\/\"},{\"@type\":\"ListItem\",\"position\":2,\"name\":\"Lesiones Personales\",\"item\":\"https:\\\/\\\/priceattorneys.com\\\/es\\\/lesiones-personales\\\/\"},{\"@type\":\"ListItem\",\"position\":3,\"name\":\"Accidentes Automovil\u00edsticos\",\"item\":\"https:\\\/\\\/priceattorneys.com\\\/es\\\/lesiones-personales\\\/accidentes-automovilisticos\\\/\"},{\"@type\":\"ListItem\",\"position\":4,\"name\":\"Motoristas Sin Seguro\"}]},{\"@type\":\"WebSite\",\"@id\":\"https:\\\/\\\/priceattorneys.com\\\/es\\\/#website\",\"url\":\"https:\\\/\\\/priceattorneys.com\\\/es\\\/\",\"name\":\"Price Petho &amp; Associates, Personal Injury Attorneys\",\"description\":\"Charlotte Personal Injury Lawyers\",\"potentialAction\":[{\"@type\":\"SearchAction\",\"target\":{\"@type\":\"EntryPoint\",\"urlTemplate\":\"https:\\\/\\\/priceattorneys.com\\\/es\\\/?s={search_term_string}\"},\"query-input\":{\"@type\":\"PropertyValueSpecification\",\"valueRequired\":true,\"valueName\":\"search_term_string\"}}],\"inLanguage\":\"es\"}]}<\/script>\n<!-- \/ Yoast SEO plugin. -->","yoast_head_json":{"title":"Motoristas Sin Seguro | Price Petho &amp; Associates, Personal Injury Attorneys","robots":{"index":"index","follow":"follow","max-snippet":"max-snippet:-1","max-image-preview":"max-image-preview:large","max-video-preview":"max-video-preview:-1"},"canonical":"https:\/\/priceattorneys.com\/es\/lesiones-personales\/accidentes-automovilisticos\/motoristas-sin-seguro\/","og_locale":"es_ES","og_type":"article","og_title":"Motoristas Sin Seguro | Price Petho &amp; Associates, Personal Injury Attorneys","og_description":"Abogados de accidentes automovil\u00edsticos sin seguro de Charlotte Ayuda legal cuando se lesiona en un atropello y fuga en Carolina del Norte Si estuvo involucrado en un accidente automovil\u00edstico en el que el otro conductor no ten\u00eda seguro de responsabilidad civil, la parte responsable de cubrir los da\u00f1os se convierte en su propia compa\u00f1\u00eda de&hellip;","og_url":"https:\/\/priceattorneys.com\/es\/lesiones-personales\/accidentes-automovilisticos\/motoristas-sin-seguro\/","og_site_name":"Price Petho &amp; Associates, Personal Injury Attorneys","article_modified_time":"2022-04-27T16:19:35+00:00","og_image":[{"url":"https:\/\/priceattorneys.com\/wp-content\/uploads\/2022\/03\/car-insurance.jpg","type":"","width":"","height":""}],"twitter_card":"summary_large_image","twitter_misc":{"Tiempo de lectura":"7 minutos"},"schema":{"@context":"https:\/\/schema.org","@graph":[{"@type":"WebPage","@id":"https:\/\/priceattorneys.com\/es\/lesiones-personales\/accidentes-automovilisticos\/motoristas-sin-seguro\/","url":"https:\/\/priceattorneys.com\/es\/lesiones-personales\/accidentes-automovilisticos\/motoristas-sin-seguro\/","name":"Motoristas Sin Seguro | Price Petho &amp; Associates, Personal Injury Attorneys","isPartOf":{"@id":"https:\/\/priceattorneys.com\/es\/#website"},"primaryImageOfPage":{"@id":"https:\/\/priceattorneys.com\/es\/lesiones-personales\/accidentes-automovilisticos\/motoristas-sin-seguro\/#primaryimage"},"image":{"@id":"https:\/\/priceattorneys.com\/es\/lesiones-personales\/accidentes-automovilisticos\/motoristas-sin-seguro\/#primaryimage"},"thumbnailUrl":"https:\/\/priceattorneys.com\/wp-content\/uploads\/2022\/03\/car-insurance.jpg","datePublished":"2020-06-13T11:47:03+00:00","dateModified":"2022-04-27T16:19:35+00:00","breadcrumb":{"@id":"https:\/\/priceattorneys.com\/es\/lesiones-personales\/accidentes-automovilisticos\/motoristas-sin-seguro\/#breadcrumb"},"inLanguage":"es","potentialAction":[{"@type":"ReadAction","target":["https:\/\/priceattorneys.com\/es\/lesiones-personales\/accidentes-automovilisticos\/motoristas-sin-seguro\/"]}]},{"@type":"ImageObject","inLanguage":"es","@id":"https:\/\/priceattorneys.com\/es\/lesiones-personales\/accidentes-automovilisticos\/motoristas-sin-seguro\/#primaryimage","url":"https:\/\/priceattorneys.com\/wp-content\/uploads\/2022\/03\/car-insurance.jpg","contentUrl":"https:\/\/priceattorneys.com\/wp-content\/uploads\/2022\/03\/car-insurance.jpg"},{"@type":"BreadcrumbList","@id":"https:\/\/priceattorneys.com\/es\/lesiones-personales\/accidentes-automovilisticos\/motoristas-sin-seguro\/#breadcrumb","itemListElement":[{"@type":"ListItem","position":1,"name":"Home","item":"https:\/\/priceattorneys.com\/es\/"},{"@type":"ListItem","position":2,"name":"Lesiones Personales","item":"https:\/\/priceattorneys.com\/es\/lesiones-personales\/"},{"@type":"ListItem","position":3,"name":"Accidentes Automovil\u00edsticos","item":"https:\/\/priceattorneys.com\/es\/lesiones-personales\/accidentes-automovilisticos\/"},{"@type":"ListItem","position":4,"name":"Motoristas Sin Seguro"}]},{"@type":"WebSite","@id":"https:\/\/priceattorneys.com\/es\/#website","url":"https:\/\/priceattorneys.com\/es\/","name":"Price Petho &amp; Associates, Personal Injury Attorneys","description":"Charlotte Personal Injury Lawyers","potentialAction":[{"@type":"SearchAction","target":{"@type":"EntryPoint","urlTemplate":"https:\/\/priceattorneys.com\/es\/?s={search_term_string}"},"query-input":{"@type":"PropertyValueSpecification","valueRequired":true,"valueName":"search_term_string"}}],"inLanguage":"es"}]}},"_links":{"self":[{"href":"https:\/\/priceattorneys.com\/es\/wp-json\/wp\/v2\/pages\/5103","targetHints":{"allow":["GET"]}}],"collection":[{"href":"https:\/\/priceattorneys.com\/es\/wp-json\/wp\/v2\/pages"}],"about":[{"href":"https:\/\/priceattorneys.com\/es\/wp-json\/wp\/v2\/types\/page"}],"author":[{"embeddable":true,"href":"https:\/\/priceattorneys.com\/es\/wp-json\/wp\/v2\/users\/1"}],"replies":[{"embeddable":true,"href":"https:\/\/priceattorneys.com\/es\/wp-json\/wp\/v2\/comments?post=5103"}],"version-history":[{"count":0,"href":"https:\/\/priceattorneys.com\/es\/wp-json\/wp\/v2\/pages\/5103\/revisions"}],"up":[{"embeddable":true,"href":"https:\/\/priceattorneys.com\/es\/wp-json\/wp\/v2\/pages\/5062"}],"wp:attachment":[{"href":"https:\/\/priceattorneys.com\/es\/wp-json\/wp\/v2\/media?parent=5103"}],"curies":[{"name":"wp","href":"https:\/\/api.w.org\/{rel}","templated":true}]}}