{"id":5112,"date":"2020-08-18T09:31:40","date_gmt":"2020-08-18T09:31:40","guid":{"rendered":"https:\/\/priceattorneys.com\/?page_id=5112"},"modified":"2024-03-27T18:52:30","modified_gmt":"2024-03-27T18:52:30","slug":"carreteras-defectuosas","status":"publish","type":"page","link":"https:\/\/priceattorneys.com\/es\/lesiones-personales\/accidentes-automovilisticos\/carreteras-defectuosas\/","title":{"rendered":"Carreteras Defectuosas"},"content":{"rendered":"\n\n\t\t\t\t<img decoding=\"async\" src=\"https:\/\/priceattorneys.com\/wp-content\/uploads\/2022\/03\/creepy-road-cracks.jpg\" alt=\"Defective roadways in North Carolina\" itemprop=\"image\" height=\"621\" width=\"1245\" title=\"creepy-road-cracks\" onerror=\"this.style.display='none'\"  \/>\n\t<h1>Abogados de carreteras defectuosas de Charlotte<\/h1>\n<h2>Cuando las carreteras peligrosas y defectuosas causan accidentes en Carolina del Norte<\/h2>\n<p>Los accidentes automovil\u00edsticos pueden provocar lesiones graves a los conductores y pasajeros. Si bien la mayor\u00eda de la gente piensa que los accidentes automovil\u00edsticos son causados \u200b\u200bpor un error del conductor, la realidad es que los accidentes tambi\u00e9n pueden ser causados \u200b\u200bpor defectos en la carretera. Las carreteras mal mantenidas o dise\u00f1adas pueden tener efectos devastadores en cualquiera que tenga la mala suerte de verse involucrado en un accidente simplemente por conducir sobre ellas.<\/p>\n<p>En Price, Petho &amp; Asociados, estamos aqu\u00ed para ayudarlo cuando necesite un <a href=\"https:\/\/priceattorneys.com\/es\/lesiones-personales\/accidentes-automovilisticos\/\">Abogado de accidentes automovil\u00edsticos en Charlotte<\/a> cuando usted o un ser querido sufre un accidente grave causado por la mala calidad de la carretera. Nuestro equipo investigar\u00e1 su caso en un esfuerzo por asegurar una compensaci\u00f3n total por su reclamo. No tenemos miedo de enfrentarnos con compa\u00f1\u00edas de seguros agresivas que intentan pagar menos de lo debido por su reclamo, o las autoridades municipales responsables de su accidente.<\/p>\n\t<h2>\u00bfQu\u00e9 le gustar\u00eda saber?<\/h2>\n\t<ul>\n<li><a href=\"#FAQ1\">\u00bfCu\u00e1les son algunos ejemplos de condiciones viales defectuosas?<\/a><\/li>\n<li><a href=\"#FAQ2\">\u00bfQu\u00e9 tipos de lesiones son causadas por las carreteras defectuosas de Charlotte?<\/a><\/li>\n<li><a href=\"#FAQ3\">\u00bfQui\u00e9n es responsable de mi reclamaci\u00f3n de carretera defectuosa?<\/a><\/li>\n<\/ul>\n\t<ul>\n<li><a href=\"#FAQ4\">\u00bfCu\u00e1nto tiempo tengo para presentar una reclamaci\u00f3n por carretera defectuosa?<\/a><\/li>\n<li><a href=\"#FAQ5\">\u00bfCu\u00e1l es el valor de mi reclamo de carretera defectuosa de Charlotte?<\/a><\/li>\n<li><a href=\"#FAQ6\">\u00bfHay un abogado especializado en carreteras defectuosas cerca de m\u00ed?<\/a><\/li>\n<\/ul>\n\t\t\t\t<img decoding=\"async\" src=\"https:\/\/priceattorneys.com\/wp-content\/uploads\/2022\/03\/bad-roads.jpg\" alt=\"Defective roadways in North Carolina\" itemprop=\"image\" height=\"937\" width=\"807\" title=\"bad-roads\" onerror=\"this.style.display='none'\"  \/>\n\t<h2>\u00bfCu\u00e1les son algunos ejemplos de condiciones viales defectuosas?<\/h2>\n<p>La construcci\u00f3n y el mantenimiento de una autopista o carretera es responsabilidad de varias partes. Esto puede incluir al gobierno de Carolina del Norte, as\u00ed como a las agencias gubernamentales locales. Sin embargo, la construcci\u00f3n y el dise\u00f1o de carreteras y autopistas a menudo tambi\u00e9n son responsabilidad de empresas de construcci\u00f3n de terceros.<\/p>\n<p>Cuando nuestro equipo legal inicia una investigaci\u00f3n detallada sobre la causa de un accidente automovil\u00edstico, a menudo encontramos evidencia de que una carretera defectuosa caus\u00f3 el incidente. Algunos de los ejemplos m\u00e1s comunes de c\u00f3mo los defectos de las carreteras pueden causar accidentes automovil\u00edsticos incluyen los siguientes:<\/p>\n\t<ul>\n<li>Postes de servicios p\u00fablicos, letreros o jardines que bloquean la vista del conductor<\/li>\n<li>Hombros inadecuados en las carreteras<\/li>\n<li>Falta de barandas<\/li>\n<li>Se\u00f1ales de carretera mal colocadas o faltantes, como se\u00f1ales de direcci\u00f3n del tr\u00e1fico<\/li>\n<li>Rampas de entrada y salida mal dise\u00f1adas en carreteras<\/li>\n<li>Hormig\u00f3n roto<\/li>\n<li>Se\u00f1ales de alto o se\u00f1ales de ceder el paso que oscurecen los obst\u00e1culos<\/li>\n<li>Baches<\/li>\n<\/ul>\n\t<ul>\n<li>Sem\u00e1foros o sistemas de control defectuosos<\/li>\n<li>Sumideros<\/li>\n<li>Barra de refuerzo expuesta<\/li>\n<li>Curvas o giros demasiado cerrados en las carreteras<\/li>\n<li>L\u00edmite de velocidad faltante u otras se\u00f1ales de advertencia<\/li>\n<li>Bordes de caminos mal nivelados<\/li>\n<li>Escombros que no han sido removidos de la calzada<\/li>\n<li>Construcci\u00f3n incompleta falta de se\u00f1ales de advertencia adecuadas<\/li>\n<\/ul>\n\t<p>De acuerdo a <a href=\"https:\/\/connect.ncdot.gov\/business\/DMV\/CrashFactsDocuments\/2020%20Crash%20Facts.pdf\">Departamento de Transporte de Carolina del Norte<\/a> (DOT), ocurrieron 247,214 colisiones en 2020, los datos m\u00e1s actuales disponibles. De estos incidentes, 1.658 personas murieron y 105.382 resultaron heridas.<\/p>\n<p>El DOT de Carolina del Norte no es muy comunicativo cuando se trata de discutir cu\u00e1ntos accidentes fueron causados \u200b\u200bpor las malas condiciones de las carreteras. Esto es comprensible porque las autoridades gubernamentales estatales y locales suelen ser responsables de inspeccionar y mantener las carreteras. Sin embargo, las malas condiciones de las carreteras pueden generar algo m\u00e1s que un viaje lleno de baches para los conductores y pasajeros. Las carreteras pueden deteriorarse hasta el punto de volverse peligrosas para todos.<\/p>\n\t<h2>\u00bfQu\u00e9 tipos de lesiones son causadas por las carreteras defectuosas de Charlotte?<\/h2>\n<p>Las malas condiciones de la carretera pueden provocar accidentes graves. No es raro que nuestros abogados de accidentes automovil\u00edsticos de Charlotte ayuden a los clientes y sus seres queridos que han sufrido lesiones como las siguientes:<\/p>\n\t<ul>\n<li>Distensiones o esguinces significativos<\/li>\n<li><a href=\"https:\/\/priceattorneys.com\/es\/lesiones-personales\/lesiones-catastroficas\/lesiones-cerebrales\/\">Lesiones cerebrales traum\u00e1ticas<\/a><\/li>\n<li><a href=\"https:\/\/priceattorneys.com\/es\/lesiones-personales\/lesiones-catastroficas\/lesiones-de-la-medula-espinal\/\">Traumatismo de la m\u00e9dula espinal<\/a> con par\u00e1lisis<\/li>\n<li>Otras lesiones graves en el cuello, la cabeza o la espalda<\/li>\n<\/ul>\n\t<ul>\n<li><a href=\"https:\/\/priceattorneys.com\/es\/lesiones-personales\/lesiones-catastroficas\/lesiones-por-quemaduras\/\">Lesiones graves por quemaduras<\/a><\/li>\n<li>Laceraciones o heridas punzantes<\/li>\n<li>Da\u00f1o a \u00f3rganos internos o hemorragia interna<\/li>\n<li><a href=\"https:\/\/priceattorneys.com\/es\/lesiones-personales\/muerte-injusta\/\">Muerte injusta<\/a><\/li>\n<\/ul>\n\t<p>Un choque causado por las malas condiciones de la carretera puede afectar solo a un veh\u00edculo o involucrar a varios veh\u00edculos. Si un veh\u00edculo choca debido a la mala calidad de la carretera, otro puede chocar con \u00e9l. Del mismo modo, si los conductores se desv\u00edan para evitar un obst\u00e1culo o las malas condiciones en la carretera, tambi\u00e9n podr\u00edan chocar contra otros veh\u00edculos a su alrededor.<\/p>\n\t<h2>\u00bfQui\u00e9n es responsable de mi reclamaci\u00f3n de carretera defectuosa?<\/h2>\n<p>El propietario de la carretera, ya sea el estado de Carolina del Norte o un gobierno municipal local, es el responsable \u00faltimo del dise\u00f1o de sus carreteras, as\u00ed como del mantenimiento y la reparaci\u00f3n. Sin embargo, presentar una demanda contra cualquier entidad gubernamental puede ser incre\u00edblemente dif\u00edcil.<\/p>\n<p>Probar la responsabilidad en estos incidentes a menudo requiere la asistencia de abogados de accidentes automovil\u00edsticos de Charlotte con vasta experiencia en el manejo de casos de lesiones complicadas. Tenemos la experiencia y los recursos para trabajar con profesionales del dise\u00f1o de carreteras que pueden brindar testimonio experto sobre los peligros de la carretera donde ocurri\u00f3 el accidente.<\/p>\n\t<h2>\u00bfCu\u00e1nto tiempo tengo para presentar una reclamaci\u00f3n por carretera defectuosa?<\/h2>\n<p>Si se necesita presentar un reclamo por lesiones relacionado con las malas condiciones de la carretera contra el estado de Carolina del Norte u otras agencias municipales, ser\u00e1 necesario presentar el reclamo bajo la <a href=\"https:\/\/www.ncleg.net\/EnactedLegislation\/Statutes\/PDF\/ByArticle\/Chapter_143\/Article_31.pdf\">Ley de reclamos por agravios de Carolina del Norte (NCTCA)<\/a>.<\/p>\n<p>Cualquier reclamo por lesi\u00f3n debe hacerse dentro de los tres a\u00f1os a partir de la fecha en que ocurri\u00f3 la lesi\u00f3n. Sin embargo, si el incidente involucr\u00f3 una fatalidad, se debe presentar un reclamo por muerte injusta contra la entidad gubernamental dentro de los dos a\u00f1os posteriores a la fecha de la muerte. Todos los reclamos contra los gobiernos estatales o locales de Carolina del Norte deben presentarse ante la Comisi\u00f3n Industrial de Carolina del Norte. Los abogados de Price, Petho &amp; Asociados pueden ayudar con esto.<\/p>\n\t<h2>\u00bfCu\u00e1l es el valor de mi reclamo de carretera defectuosa de Charlotte?<\/h2>\n<p>Si usted o un ser querido ha resultado lesionado en un accidente causado por un defecto en la carretera en Carolina del Norte, comun\u00edquese con un abogado lo antes posible. En Price, Petho &amp; Asociados, investigamos el incidente y trabajamos para asegurar cualquier compensaci\u00f3n a la que pueda tener derecho. Esto puede incluir:<\/p>\n<ul>\n<li>Cobertura de sus gastos m\u00e9dicos<\/li>\n<li>Salarios perdidos si no puede trabajar<\/li>\n<li>Da\u00f1os por dolor y sufrimiento<\/li>\n<li>Da\u00f1os por p\u00e9rdida de disfrute personal<\/li>\n<li>Gastos de da\u00f1os a la propiedad<\/li>\n<\/ul>\n<p>Si sospecha que su accidente fue causado por un dise\u00f1o defectuoso de la carretera o la carretera, nuestros abogados pueden responder sus preguntas. Recuerde, los representantes de su compa\u00f1\u00eda de seguros no son expertos en el dise\u00f1o de carreteras y probablemente no tengan el conocimiento para compensarlo adecuadamente. Podemos ayudar.<\/p>\n\t<h2>\u00bfHay un abogado especializado en carreteras defectuosas cerca de m\u00ed?<\/h2>\n<p>Price, Petho &amp; Asociados tiene una oficina en 1430 Elizabeth Ave en Charlotte. Tambi\u00e9n mantenemos oficinas en Rockingham y Rutherfordton para su comodidad. Si no puede acudir a nosotros, estaremos encantados de hacer arreglos para visitarlo en su casa o en el hospital.<\/p>\n<h3>Hable con un abogado de carreteras defectuosas de Charlotte hoy<\/h3>\n<p>Si usted o un ser querido sufrieron lesiones graves en un accidente de tr\u00e1nsito peligroso o defectuoso, los abogados de Price, Petho &amp; Asociados en Charlotte quieren ayudarlo. Con d\u00e9cadas de resultados exitosos para nuestros clientes de lesiones personales, podemos trabajar para asegurarle la compensaci\u00f3n que merece cuando se lesiona debido a las malas condiciones de la carretera. Para una consulta gratuita, llame <a href=\"tel:7043722160\">704-372-2160<\/a> o llena nuestro <a href=\"https:\/\/priceattorneys.com\/contact-us\/\">Formulario de <\/a>contacto. Atendemos a clientes en Charlotte, Rockingham, Rutherfordton, Carolina del Norte y Carolina del Sur.<\/p>\n\n","protected":false},"excerpt":{"rendered":"<p>Abogados de carreteras defectuosas de Charlotte Cuando las carreteras peligrosas y defectuosas causan accidentes en Carolina del Norte Los accidentes automovil\u00edsticos pueden provocar lesiones graves a los conductores y pasajeros. Si bien la mayor\u00eda de la gente piensa que los accidentes automovil\u00edsticos son causados \u200b\u200bpor un error del conductor, la realidad es que los accidentes&hellip;<\/p>\n","protected":false},"author":1,"featured_media":0,"parent":5062,"menu_order":0,"comment_status":"closed","ping_status":"closed","template":"","meta":{"footnotes":""},"class_list":["post-5112","page","type-page","status-publish","hentry"],"yoast_head":"<!-- This site is optimized with the Yoast SEO plugin v27.2 - https:\/\/yoast.com\/product\/yoast-seo-wordpress\/ -->\n<title>Carreteras Defectuosas | Price Petho &amp; Associates, Personal Injury Attorneys<\/title>\n<meta name=\"robots\" content=\"index, follow, max-snippet:-1, max-image-preview:large, max-video-preview:-1\" \/>\n<link rel=\"canonical\" href=\"https:\/\/priceattorneys.com\/es\/lesiones-personales\/accidentes-automovilisticos\/carreteras-defectuosas\/\" \/>\n<meta property=\"og:locale\" content=\"es_ES\" \/>\n<meta property=\"og:type\" content=\"article\" \/>\n<meta property=\"og:title\" content=\"Carreteras Defectuosas | Price Petho &amp; Associates, Personal Injury Attorneys\" \/>\n<meta property=\"og:description\" content=\"Abogados de carreteras defectuosas de Charlotte Cuando las carreteras peligrosas y defectuosas causan accidentes en Carolina del Norte Los accidentes automovil\u00edsticos pueden provocar lesiones graves a los conductores y pasajeros. Si bien la mayor\u00eda de la gente piensa que los accidentes automovil\u00edsticos son causados \u200b\u200bpor un error del conductor, la realidad es que los accidentes&hellip;\" \/>\n<meta property=\"og:url\" content=\"https:\/\/priceattorneys.com\/es\/lesiones-personales\/accidentes-automovilisticos\/carreteras-defectuosas\/\" \/>\n<meta property=\"og:site_name\" content=\"Price Petho &amp; Associates, Personal Injury Attorneys\" \/>\n<meta property=\"article:modified_time\" content=\"2024-03-27T18:52:30+00:00\" \/>\n<meta property=\"og:image\" content=\"https:\/\/priceattorneys.com\/wp-content\/uploads\/2022\/03\/creepy-road-cracks.jpg\" \/>\n<meta name=\"twitter:card\" content=\"summary_large_image\" \/>\n<meta name=\"twitter:label1\" content=\"Tiempo de lectura\" \/>\n\t<meta name=\"twitter:data1\" content=\"7 minutos\" \/>\n<script type=\"application\/ld+json\" class=\"yoast-schema-graph\">{\"@context\":\"https:\/\/schema.org\",\"@graph\":[{\"@type\":\"WebPage\",\"@id\":\"https:\/\/priceattorneys.com\/es\/lesiones-personales\/accidentes-automovilisticos\/carreteras-defectuosas\/\",\"url\":\"https:\/\/priceattorneys.com\/es\/lesiones-personales\/accidentes-automovilisticos\/carreteras-defectuosas\/\",\"name\":\"Carreteras Defectuosas | Price Petho &amp; Associates, Personal Injury Attorneys\",\"isPartOf\":{\"@id\":\"https:\/\/priceattorneys.com\/es\/#website\"},\"primaryImageOfPage\":{\"@id\":\"https:\/\/priceattorneys.com\/es\/lesiones-personales\/accidentes-automovilisticos\/carreteras-defectuosas\/#primaryimage\"},\"image\":{\"@id\":\"https:\/\/priceattorneys.com\/es\/lesiones-personales\/accidentes-automovilisticos\/carreteras-defectuosas\/#primaryimage\"},\"thumbnailUrl\":\"https:\/\/priceattorneys.com\/wp-content\/uploads\/2022\/03\/creepy-road-cracks.jpg\",\"datePublished\":\"2020-08-18T09:31:40+00:00\",\"dateModified\":\"2024-03-27T18:52:30+00:00\",\"breadcrumb\":{\"@id\":\"https:\/\/priceattorneys.com\/es\/lesiones-personales\/accidentes-automovilisticos\/carreteras-defectuosas\/#breadcrumb\"},\"inLanguage\":\"es\",\"potentialAction\":[{\"@type\":\"ReadAction\",\"target\":[\"https:\/\/priceattorneys.com\/es\/lesiones-personales\/accidentes-automovilisticos\/carreteras-defectuosas\/\"]}]},{\"@type\":\"ImageObject\",\"inLanguage\":\"es\",\"@id\":\"https:\/\/priceattorneys.com\/es\/lesiones-personales\/accidentes-automovilisticos\/carreteras-defectuosas\/#primaryimage\",\"url\":\"https:\/\/priceattorneys.com\/wp-content\/uploads\/2022\/03\/creepy-road-cracks.jpg\",\"contentUrl\":\"https:\/\/priceattorneys.com\/wp-content\/uploads\/2022\/03\/creepy-road-cracks.jpg\"},{\"@type\":\"BreadcrumbList\",\"@id\":\"https:\/\/priceattorneys.com\/es\/lesiones-personales\/accidentes-automovilisticos\/carreteras-defectuosas\/#breadcrumb\",\"itemListElement\":[{\"@type\":\"ListItem\",\"position\":1,\"name\":\"Home\",\"item\":\"https:\/\/priceattorneys.com\/es\/\"},{\"@type\":\"ListItem\",\"position\":2,\"name\":\"Lesiones Personales\",\"item\":\"https:\/\/priceattorneys.com\/es\/lesiones-personales\/\"},{\"@type\":\"ListItem\",\"position\":3,\"name\":\"Accidentes Automovil\u00edsticos\",\"item\":\"https:\/\/priceattorneys.com\/es\/lesiones-personales\/accidentes-automovilisticos\/\"},{\"@type\":\"ListItem\",\"position\":4,\"name\":\"Carreteras Defectuosas\"}]},{\"@type\":\"WebSite\",\"@id\":\"https:\/\/priceattorneys.com\/es\/#website\",\"url\":\"https:\/\/priceattorneys.com\/es\/\",\"name\":\"Price Petho &amp; Associates, Personal Injury Attorneys\",\"description\":\"Charlotte Personal Injury Lawyers\",\"potentialAction\":[{\"@type\":\"SearchAction\",\"target\":{\"@type\":\"EntryPoint\",\"urlTemplate\":\"https:\/\/priceattorneys.com\/es\/?s={search_term_string}\"},\"query-input\":{\"@type\":\"PropertyValueSpecification\",\"valueRequired\":true,\"valueName\":\"search_term_string\"}}],\"inLanguage\":\"es\"}]}<\/script>\n<!-- \/ Yoast SEO plugin. -->","yoast_head_json":{"title":"Carreteras Defectuosas | Price Petho &amp; Associates, Personal Injury Attorneys","robots":{"index":"index","follow":"follow","max-snippet":"max-snippet:-1","max-image-preview":"max-image-preview:large","max-video-preview":"max-video-preview:-1"},"canonical":"https:\/\/priceattorneys.com\/es\/lesiones-personales\/accidentes-automovilisticos\/carreteras-defectuosas\/","og_locale":"es_ES","og_type":"article","og_title":"Carreteras Defectuosas | Price Petho &amp; Associates, Personal Injury Attorneys","og_description":"Abogados de carreteras defectuosas de Charlotte Cuando las carreteras peligrosas y defectuosas causan accidentes en Carolina del Norte Los accidentes automovil\u00edsticos pueden provocar lesiones graves a los conductores y pasajeros. Si bien la mayor\u00eda de la gente piensa que los accidentes automovil\u00edsticos son causados \u200b\u200bpor un error del conductor, la realidad es que los accidentes&hellip;","og_url":"https:\/\/priceattorneys.com\/es\/lesiones-personales\/accidentes-automovilisticos\/carreteras-defectuosas\/","og_site_name":"Price Petho &amp; Associates, Personal Injury Attorneys","article_modified_time":"2024-03-27T18:52:30+00:00","og_image":[{"url":"https:\/\/priceattorneys.com\/wp-content\/uploads\/2022\/03\/creepy-road-cracks.jpg","type":"","width":"","height":""}],"twitter_card":"summary_large_image","twitter_misc":{"Tiempo de lectura":"7 minutos"},"schema":{"@context":"https:\/\/schema.org","@graph":[{"@type":"WebPage","@id":"https:\/\/priceattorneys.com\/es\/lesiones-personales\/accidentes-automovilisticos\/carreteras-defectuosas\/","url":"https:\/\/priceattorneys.com\/es\/lesiones-personales\/accidentes-automovilisticos\/carreteras-defectuosas\/","name":"Carreteras Defectuosas | Price Petho &amp; Associates, Personal Injury Attorneys","isPartOf":{"@id":"https:\/\/priceattorneys.com\/es\/#website"},"primaryImageOfPage":{"@id":"https:\/\/priceattorneys.com\/es\/lesiones-personales\/accidentes-automovilisticos\/carreteras-defectuosas\/#primaryimage"},"image":{"@id":"https:\/\/priceattorneys.com\/es\/lesiones-personales\/accidentes-automovilisticos\/carreteras-defectuosas\/#primaryimage"},"thumbnailUrl":"https:\/\/priceattorneys.com\/wp-content\/uploads\/2022\/03\/creepy-road-cracks.jpg","datePublished":"2020-08-18T09:31:40+00:00","dateModified":"2024-03-27T18:52:30+00:00","breadcrumb":{"@id":"https:\/\/priceattorneys.com\/es\/lesiones-personales\/accidentes-automovilisticos\/carreteras-defectuosas\/#breadcrumb"},"inLanguage":"es","potentialAction":[{"@type":"ReadAction","target":["https:\/\/priceattorneys.com\/es\/lesiones-personales\/accidentes-automovilisticos\/carreteras-defectuosas\/"]}]},{"@type":"ImageObject","inLanguage":"es","@id":"https:\/\/priceattorneys.com\/es\/lesiones-personales\/accidentes-automovilisticos\/carreteras-defectuosas\/#primaryimage","url":"https:\/\/priceattorneys.com\/wp-content\/uploads\/2022\/03\/creepy-road-cracks.jpg","contentUrl":"https:\/\/priceattorneys.com\/wp-content\/uploads\/2022\/03\/creepy-road-cracks.jpg"},{"@type":"BreadcrumbList","@id":"https:\/\/priceattorneys.com\/es\/lesiones-personales\/accidentes-automovilisticos\/carreteras-defectuosas\/#breadcrumb","itemListElement":[{"@type":"ListItem","position":1,"name":"Home","item":"https:\/\/priceattorneys.com\/es\/"},{"@type":"ListItem","position":2,"name":"Lesiones Personales","item":"https:\/\/priceattorneys.com\/es\/lesiones-personales\/"},{"@type":"ListItem","position":3,"name":"Accidentes Automovil\u00edsticos","item":"https:\/\/priceattorneys.com\/es\/lesiones-personales\/accidentes-automovilisticos\/"},{"@type":"ListItem","position":4,"name":"Carreteras Defectuosas"}]},{"@type":"WebSite","@id":"https:\/\/priceattorneys.com\/es\/#website","url":"https:\/\/priceattorneys.com\/es\/","name":"Price Petho &amp; Associates, Personal Injury Attorneys","description":"Charlotte Personal Injury Lawyers","potentialAction":[{"@type":"SearchAction","target":{"@type":"EntryPoint","urlTemplate":"https:\/\/priceattorneys.com\/es\/?s={search_term_string}"},"query-input":{"@type":"PropertyValueSpecification","valueRequired":true,"valueName":"search_term_string"}}],"inLanguage":"es"}]}},"_links":{"self":[{"href":"https:\/\/priceattorneys.com\/es\/wp-json\/wp\/v2\/pages\/5112","targetHints":{"allow":["GET"]}}],"collection":[{"href":"https:\/\/priceattorneys.com\/es\/wp-json\/wp\/v2\/pages"}],"about":[{"href":"https:\/\/priceattorneys.com\/es\/wp-json\/wp\/v2\/types\/page"}],"author":[{"embeddable":true,"href":"https:\/\/priceattorneys.com\/es\/wp-json\/wp\/v2\/users\/1"}],"replies":[{"embeddable":true,"href":"https:\/\/priceattorneys.com\/es\/wp-json\/wp\/v2\/comments?post=5112"}],"version-history":[{"count":1,"href":"https:\/\/priceattorneys.com\/es\/wp-json\/wp\/v2\/pages\/5112\/revisions"}],"predecessor-version":[{"id":6963,"href":"https:\/\/priceattorneys.com\/es\/wp-json\/wp\/v2\/pages\/5112\/revisions\/6963"}],"up":[{"embeddable":true,"href":"https:\/\/priceattorneys.com\/es\/wp-json\/wp\/v2\/pages\/5062"}],"wp:attachment":[{"href":"https:\/\/priceattorneys.com\/es\/wp-json\/wp\/v2\/media?parent=5112"}],"curies":[{"name":"wp","href":"https:\/\/api.w.org\/{rel}","templated":true}]}}