{"id":5116,"date":"2021-04-08T09:41:42","date_gmt":"2021-04-08T09:41:42","guid":{"rendered":"https:\/\/priceattorneys.com\/?page_id=5116"},"modified":"2024-03-27T18:42:40","modified_gmt":"2024-03-27T18:42:40","slug":"como-acceder-a-los-informes-de-accidentes-de-choque","status":"publish","type":"page","link":"https:\/\/priceattorneys.com\/es\/lesiones-personales\/accidentes-automovilisticos\/como-acceder-a-los-informes-de-accidentes-de-choque\/","title":{"rendered":"C\u00f3mo Acceder a los Informes de Accidentes de Choque"},"content":{"rendered":"\n\n\t\t\t\t<img decoding=\"async\" src=\"https:\/\/priceattorneys.com\/wp-content\/uploads\/2022\/03\/car-report.jpg\" alt=\"Access Car Accident Reports in NC\" itemprop=\"image\" height=\"621\" width=\"1245\" title=\"car-report\" onerror=\"this.style.display='none'\"  \/>\n\t<h1>C\u00f3mo acceder a los informes de accidentes de choque en Charlotte<\/h1>\n<h2>C\u00f3mo puede ayudar un abogado de accidentes automovil\u00edsticos de Carolina del Norte<\/h2>\n<p>Despu\u00e9s de estar involucrado en un accidente automovil\u00edstico en el \u00e1rea de Charlotte o sus alrededores, una de las cosas m\u00e1s importantes que necesitar\u00e1 es el informe del accidente. Sin embargo, esas primeras horas o d\u00edas despu\u00e9s de un accidente automovil\u00edstico pueden ser ca\u00f3ticos, y obtener un informe policial y del accidente probablemente sea lo \u00faltimo que tenga en mente. Despu\u00e9s de todo, est\u00e1s herido y traumatizado y lidias con problemas m\u00e1s grandes.<\/p>\n<p>Adem\u00e1s, el proceso de obtener un informe de accidente automovil\u00edstico puede ser confuso, pero no debe preocuparse. En Price, Petho &amp; Asociados, nuestro equipo dedicado comprende el papel integral que juegan los informes de accidentes automovil\u00edsticos cuando se trata de ayudar a las v\u00edctimas de lesiones como usted a obtener una compensaci\u00f3n. Tenemos la informaci\u00f3n y los recursos que usted o su ser querido necesitan, y podemos ayudarlo.<\/p>\n\t<h2>\u00bfQu\u00e9 le gustar\u00eda saber?<\/h2>\n\t<ul>\n<li><a href=\"#FAQ1\">\u00bfC\u00f3mo obtengo mi informe de accidente automovil\u00edstico en Charlotte?<\/a><\/li>\n<li><a href=\"#FAQ2\">\u00bfPuede un abogado de Charlotte obtener mi informe de accidente por m\u00ed?<\/a><\/li>\n<li><a href=\"#FAQ3\">\u00bfC\u00f3mo leo un informe policial de mi accidente automovil\u00edstico?<\/a><\/li>\n<\/ul>\n\t<ul>\n<li><a href=\"#FAQ4\">\u00bfQu\u00e9 sucede si hay un error en mi informe policial de Charlotte?<\/a><\/li>\n<li><a href=\"#FAQ5\">\u00bfHay un abogado de accidentes automovil\u00edsticos cerca de m\u00ed?<\/a><\/li>\n<\/ul>\n\t<h2>\u00bfC\u00f3mo obtengo mi informe de accidente automovil\u00edstico en Charlotte?<\/h2>\n<p>Una de las mejores maneras, si no la mejor, de probar su caso de lesiones despu\u00e9s de un accidente automovil\u00edstico es a trav\u00e9s del informe policial. El informe del accidente puede ayudar a mostrar qui\u00e9n tuvo la culpa del accidente, as\u00ed como proporcionar informaci\u00f3n crucial para su compa\u00f1\u00eda de seguros.<\/p>\n<p>Cuando la mayor\u00eda de las personas necesitan su informe de accidente de veh\u00edculo, generalmente tendr\u00e1n que obtener una copia visitando <a href=\"https:\/\/www.ncdot.gov\/dmv\/downloads\/Pages\/crash-report.aspx\">el sitio web del DMV de Carolina del Norte<\/a> y completar el formulario de solicitud de accidente TR-67A, imprimirlo y enviarlo por correo. Adem\u00e1s, aquellos que han estado involucrados en un accidente tambi\u00e9n pueden llamar al DMV de Carolina del Norte para que les env\u00eden el formulario de solicitud para completarlo y enviarlo devu\u00e9lvalo. El DMV le enviar\u00e1 el informe por correo. Los informes de accidentes cuestan $5.50 por una copia certificada.<\/p>\n<p>Las v\u00edctimas de accidentes tambi\u00e9n pueden visitar la sede del DMV de Carolina del Norte en persona para obtener una copia del informe del accidente, pero esto puede presentar desaf\u00edos. Sus lesiones pueden ser demasiado graves, o puede estar sin veh\u00edculo debido al <a href=\"https:\/\/priceattorneys.com\/es\/lesiones-personales\/accidentes-automovilisticos\/\">accidente automovilistico<\/a>. Si no puede recuperar su informe de accidente por estos o por cualquier otro motivo, nuestros abogados pueden ayudarlo.<\/p>\n\t<h2>\u00bfPuede un abogado de Charlotte obtener mi informe de accidente por m\u00ed?<\/h2>\n<p>Si podemos. Anteriormente, cualquier persona involucrada en un accidente automovil\u00edstico pod\u00eda acceder a su informe de accidente en l\u00ednea. Sin embargo, a principios de 2021, el Departamento de Polic\u00eda de Charlotte-Mecklenburg determin\u00f3 que ya no publicar\u00edan informes de accidentes a trav\u00e9s de su sitio web. Esta decisi\u00f3n llev\u00f3 a los abogados de Price, Petho &amp; Asociados a trabajar con el DMV de Carolina del Norte para obtener permiso para obtener acceso directo al sitio web del DMV para obtener copias de los informes de accidentes.<\/p>\n<p>Hicimos esto para poder acelerar los reclamos en los que trabajamos para nuestros clientes. Entendemos la importancia de obtener un informe de accidente lo antes posible para que pueda comenzar el reclamo de seguro. Las v\u00edctimas de accidentes automovil\u00edsticos no deber\u00edan tener que esperar semanas o meses para obtener acuerdos que puedan ayudarlos a pagar sus facturas m\u00e9dicas, salarios perdidos y da\u00f1os a la propiedad. Independientemente de las acciones futuras del Departamento de Polic\u00eda de Charlotte-Mecklenburg con respecto a los informes de accidentes, nuestras oficinas siempre sera capaz de ayudar.<\/p>\n\t<h2>\u00bfC\u00f3mo leo un informe policial de mi accidente automovil\u00edstico?<\/h2>\n<p>Un informe de accidente de la polic\u00eda de Carolina del Norte (DMV-349) contiene una amplia variedad de informaci\u00f3n. La polic\u00eda est\u00e1 obligada a completar un informe si un accidente automovil\u00edstico result\u00f3 en:<\/p>\n<ul>\n<li>Una o m\u00e1s muertes<\/li>\n<li><a href=\"https:\/\/priceattorneys.com\/es\/lesiones-personales\/\">Lesiones personales<\/a><\/li>\n<li>Da\u00f1os a la propiedad de $ 1,000 o m\u00e1s<\/li>\n<li>Da\u00f1os de cualquier cuant\u00eda a un veh\u00edculo incautado<\/li>\n<li>Un veh\u00edculo incautado y decomisado<\/li>\n<\/ul>\n<p>Su informe de accidente se divide en ocho secciones en dos p\u00e1ginas, de arriba hacia abajo:<\/p>\n<ul>\n<li><strong>Secci\u00f3n de informaci\u00f3n general<\/strong>. Esto enumera la ubicaci\u00f3n, la hora y la fecha del accidente, as\u00ed como la cantidad de veh\u00edculos involucrados. Tambi\u00e9n incluye la distancia a la intersecci\u00f3n o punto de referencia m\u00e1s cercano, e incluso la latitud y la longitud.<\/li>\n<li><strong>Secci\u00f3n de la unidad<\/strong>. La secci\u00f3n de la unidad brinda informaci\u00f3n m\u00e1s espec\u00edfica sobre los conductores y\/o peatones involucrados en el choque, incluidos los nombres, la informaci\u00f3n de contacto y la informaci\u00f3n de la licencia de conducir. El oficial tambi\u00e9n puede anotar aqu\u00ed si se sospecha que un conductor bajo la influencia.<\/li>\n<li><strong>Secci\u00f3n de propietario<\/strong>. Si es diferente al conductor, proporciona informaci\u00f3n sobre el propietario del veh\u00edculo o veh\u00edculos involucrados en el accidente. Tambi\u00e9n enumera la informaci\u00f3n del veh\u00edculo, como el VIN, la marca, el modelo, el estilo y el n\u00famero de placa, as\u00ed como la informaci\u00f3n del seguro y una primera estimaci\u00f3n de los da\u00f1os.<\/li>\n<li><strong>Secci\u00f3n de contacto<\/strong>. La parte inferior de la p\u00e1gina 1 enumera la informaci\u00f3n de contacto de todas las personas involucradas en el accidente, incluidos los testigos en la escena. El oficial de polic\u00eda que informa tambi\u00e9n anotar\u00e1 si alguien recibi\u00f3 atenci\u00f3n m\u00e9dica de emergencia y, de ser as\u00ed, ad\u00f3nde fue llevado para recibir tratamiento.<\/li>\n<li><strong>Eventos<\/strong>. En la parte superior de la p\u00e1gina 2, encontrar\u00e1 el informe del oficial sobre la secuencia de eventos que llevaron al accidente. Esto incluye cosas como maniobras de veh\u00edculos, relacionado con la zona de trabajo, defectos del veh\u00edculo y otras causas. Tambi\u00e9n nota condiciones del camino y caracter\u00edsticas, incluido el n\u00famero de carriles y el tipo de superficie.<\/li>\n<li><strong>Diagrama<\/strong>. Luego, el oficial proporcionar\u00e1 un diagrama de la escena del accidente, incluidos todos los veh\u00edculos involucrados y sus posiciones.<\/li>\n<li><strong>Descripci\u00f3n del accidente<\/strong>. La siguiente secci\u00f3n es la descripci\u00f3n del oficial de lo que sucedi\u00f3.<\/li>\n<li><strong>Da\u00f1o a la propiedad<\/strong>. Finalmente, el oficial enumera cualquier da\u00f1o a la propiedad que no sea del veh\u00edculo, junto con la informaci\u00f3n de contacto de los propietarios y testigos de ese da\u00f1o. Esta secci\u00f3n tambi\u00e9n indica si se emitieron multas de tr\u00e1nsito en la escena.<\/li>\n<\/ul>\n<p>Puede acceder al Manual de Instrucciones completo aqu\u00ed. Por supuesto, si tiene alguna inquietud o pregunta sobre su informe policial, los abogados de accidentes automovil\u00edsticos de Charlotte en Price, Petho &amp; Asociados estar\u00e1n encantados de ayudarlo.<\/p>\n\t\t\t\t<img decoding=\"async\" src=\"https:\/\/priceattorneys.com\/wp-content\/uploads\/2022\/03\/Car-Accident-Report.jpg\" alt=\"Charlotte Accident Reports\" itemprop=\"image\" height=\"1074\" width=\"807\" title=\"Car Accident Report\" onerror=\"this.style.display='none'\"  \/>\n\t<h2>\u00bfQu\u00e9 sucede si hay un error en mi informe policial de Charlotte?<\/h2>\n<p>Si cree que hay un error en su informe policial, tambi\u00e9n podemos ayudarlo a corregirlo. Esto es especialmente importante si un accidente lo asigna por error a usted como culpable, aunque sea parcialmente, del choque que caus\u00f3 sus lesiones. Recuerde, los oficiales de polic\u00eda basan sus informes en los relatos de muchas personas sobre el accidente, incluida la parte culpable. Adem\u00e1s, muchos oficiales de polic\u00eda simplemente no le dan mucha importancia a completar un informe con precisi\u00f3n si no creen que el accidente sea grave; sin embargo, no es su decisi\u00f3n.<\/p>\n<p>Si encuentra un error en su informe de accidente, puede ir al departamento y solicitar un informe complementario con nueva informaci\u00f3n. Por lo general, tendr\u00e1 que proporcionar pruebas, e incluso esto no garantizar\u00e1 un nuevo informe. Solicitar un nuevo informe por escrito puede ayudar a establecer un rastro en papel. En caso de que tenga problemas o simplemente necesite ayuda desde el principio, no dude en consultar con nuestros abogados para obtener un informe complementario.<\/p>\n\t<h2>\u00bfHay un abogado de accidentes automovil\u00edsticos cerca de m\u00ed?<\/h2>\n<p>Price, Petho &amp; Asociados tiene una oficina en 1430 Elizabeth Ave en Charlotte. Tambi\u00e9n mantenemos oficinas en Rockingham y Rutherfordton para su comodidad. Si no puede acudir a nosotros, estaremos encantados de hacer arreglos para visitarlo en su casa o en el hospital.<\/p>\n<h3>Abogados de accidentes automovil\u00edsticos que ayudan a obtener informes policiales<\/h3>\n<p>Si usted o alguien a quien ama ha estado involucrado en un accidente automovil\u00edstico, comun\u00edquese hoy con los abogados de accidentes automovil\u00edsticos de Charlotte en Price, Petho &amp; Asociados. Nuestro equipo tiene una amplia experiencia en el manejo de reclamos de accidentes de veh\u00edculos y comprendemos la importancia de obtener la compensaci\u00f3n que necesita. Queremos ayudarlo a obtener el informe de accidente automovil\u00edstico relacionado con su reclamo para que pueda obtener lo que necesita, de manera justa y r\u00e1pida. Para una consulta gratuita, llame <a href=\"tel:7043722160\">704-372-2160<\/a> o llena nuestro Formulario de contacto. Atendemos a clientes en Charlotte, Rockingham, Rutherfordton, Carolina del Norte y Carolina del Sur.<\/p>\n\n","protected":false},"excerpt":{"rendered":"<p>C\u00f3mo acceder a los informes de accidentes de choque en Charlotte C\u00f3mo puede ayudar un abogado de accidentes automovil\u00edsticos de Carolina del Norte Despu\u00e9s de estar involucrado en un accidente automovil\u00edstico en el \u00e1rea de Charlotte o sus alrededores, una de las cosas m\u00e1s importantes que necesitar\u00e1 es el informe del accidente. Sin embargo, esas&hellip;<\/p>\n","protected":false},"author":1,"featured_media":0,"parent":5062,"menu_order":0,"comment_status":"closed","ping_status":"closed","template":"","meta":{"footnotes":""},"class_list":["post-5116","page","type-page","status-publish","hentry"],"yoast_head":"<!-- This site is optimized with the Yoast SEO plugin v27.4 - https:\/\/yoast.com\/product\/yoast-seo-wordpress\/ -->\n<title>C\u00f3mo Acceder a los Informes de Accidentes de Choque | Price Petho &amp; Associates, Personal Injury Attorneys<\/title>\n<meta name=\"robots\" content=\"index, follow, max-snippet:-1, max-image-preview:large, max-video-preview:-1\" \/>\n<link rel=\"canonical\" href=\"https:\/\/priceattorneys.com\/es\/lesiones-personales\/accidentes-automovilisticos\/como-acceder-a-los-informes-de-accidentes-de-choque\/\" \/>\n<meta property=\"og:locale\" content=\"es_ES\" \/>\n<meta property=\"og:type\" content=\"article\" \/>\n<meta property=\"og:title\" content=\"C\u00f3mo Acceder a los Informes de Accidentes de Choque | Price Petho &amp; Associates, Personal Injury Attorneys\" \/>\n<meta property=\"og:description\" content=\"C\u00f3mo acceder a los informes de accidentes de choque en Charlotte C\u00f3mo puede ayudar un abogado de accidentes automovil\u00edsticos de Carolina del Norte Despu\u00e9s de estar involucrado en un accidente automovil\u00edstico en el \u00e1rea de Charlotte o sus alrededores, una de las cosas m\u00e1s importantes que necesitar\u00e1 es el informe del accidente. Sin embargo, esas&hellip;\" \/>\n<meta property=\"og:url\" content=\"https:\/\/priceattorneys.com\/es\/lesiones-personales\/accidentes-automovilisticos\/como-acceder-a-los-informes-de-accidentes-de-choque\/\" \/>\n<meta property=\"og:site_name\" content=\"Price Petho &amp; Associates, Personal Injury Attorneys\" \/>\n<meta property=\"article:modified_time\" content=\"2024-03-27T18:42:40+00:00\" \/>\n<meta property=\"og:image\" content=\"https:\/\/priceattorneys.com\/wp-content\/uploads\/2022\/03\/car-report.jpg\" \/>\n<meta name=\"twitter:card\" content=\"summary_large_image\" \/>\n<meta name=\"twitter:label1\" content=\"Tiempo de lectura\" \/>\n\t<meta name=\"twitter:data1\" content=\"8 minutos\" \/>\n<script type=\"application\/ld+json\" class=\"yoast-schema-graph\">{\"@context\":\"https:\\\/\\\/schema.org\",\"@graph\":[{\"@type\":\"WebPage\",\"@id\":\"https:\\\/\\\/priceattorneys.com\\\/es\\\/lesiones-personales\\\/accidentes-automovilisticos\\\/como-acceder-a-los-informes-de-accidentes-de-choque\\\/\",\"url\":\"https:\\\/\\\/priceattorneys.com\\\/es\\\/lesiones-personales\\\/accidentes-automovilisticos\\\/como-acceder-a-los-informes-de-accidentes-de-choque\\\/\",\"name\":\"C\u00f3mo Acceder a los Informes de Accidentes de Choque | Price Petho &amp; Associates, Personal Injury Attorneys\",\"isPartOf\":{\"@id\":\"https:\\\/\\\/priceattorneys.com\\\/es\\\/#website\"},\"primaryImageOfPage\":{\"@id\":\"https:\\\/\\\/priceattorneys.com\\\/es\\\/lesiones-personales\\\/accidentes-automovilisticos\\\/como-acceder-a-los-informes-de-accidentes-de-choque\\\/#primaryimage\"},\"image\":{\"@id\":\"https:\\\/\\\/priceattorneys.com\\\/es\\\/lesiones-personales\\\/accidentes-automovilisticos\\\/como-acceder-a-los-informes-de-accidentes-de-choque\\\/#primaryimage\"},\"thumbnailUrl\":\"https:\\\/\\\/priceattorneys.com\\\/wp-content\\\/uploads\\\/2022\\\/03\\\/car-report.jpg\",\"datePublished\":\"2021-04-08T09:41:42+00:00\",\"dateModified\":\"2024-03-27T18:42:40+00:00\",\"breadcrumb\":{\"@id\":\"https:\\\/\\\/priceattorneys.com\\\/es\\\/lesiones-personales\\\/accidentes-automovilisticos\\\/como-acceder-a-los-informes-de-accidentes-de-choque\\\/#breadcrumb\"},\"inLanguage\":\"es\",\"potentialAction\":[{\"@type\":\"ReadAction\",\"target\":[\"https:\\\/\\\/priceattorneys.com\\\/es\\\/lesiones-personales\\\/accidentes-automovilisticos\\\/como-acceder-a-los-informes-de-accidentes-de-choque\\\/\"]}]},{\"@type\":\"ImageObject\",\"inLanguage\":\"es\",\"@id\":\"https:\\\/\\\/priceattorneys.com\\\/es\\\/lesiones-personales\\\/accidentes-automovilisticos\\\/como-acceder-a-los-informes-de-accidentes-de-choque\\\/#primaryimage\",\"url\":\"https:\\\/\\\/priceattorneys.com\\\/wp-content\\\/uploads\\\/2022\\\/03\\\/car-report.jpg\",\"contentUrl\":\"https:\\\/\\\/priceattorneys.com\\\/wp-content\\\/uploads\\\/2022\\\/03\\\/car-report.jpg\"},{\"@type\":\"BreadcrumbList\",\"@id\":\"https:\\\/\\\/priceattorneys.com\\\/es\\\/lesiones-personales\\\/accidentes-automovilisticos\\\/como-acceder-a-los-informes-de-accidentes-de-choque\\\/#breadcrumb\",\"itemListElement\":[{\"@type\":\"ListItem\",\"position\":1,\"name\":\"Home\",\"item\":\"https:\\\/\\\/priceattorneys.com\\\/es\\\/\"},{\"@type\":\"ListItem\",\"position\":2,\"name\":\"Lesiones Personales\",\"item\":\"https:\\\/\\\/priceattorneys.com\\\/es\\\/lesiones-personales\\\/\"},{\"@type\":\"ListItem\",\"position\":3,\"name\":\"Accidentes Automovil\u00edsticos\",\"item\":\"https:\\\/\\\/priceattorneys.com\\\/es\\\/lesiones-personales\\\/accidentes-automovilisticos\\\/\"},{\"@type\":\"ListItem\",\"position\":4,\"name\":\"C\u00f3mo Acceder a los Informes de Accidentes de Choque\"}]},{\"@type\":\"WebSite\",\"@id\":\"https:\\\/\\\/priceattorneys.com\\\/es\\\/#website\",\"url\":\"https:\\\/\\\/priceattorneys.com\\\/es\\\/\",\"name\":\"Price Petho &amp; Associates, Personal Injury Attorneys\",\"description\":\"Charlotte Personal Injury Lawyers\",\"potentialAction\":[{\"@type\":\"SearchAction\",\"target\":{\"@type\":\"EntryPoint\",\"urlTemplate\":\"https:\\\/\\\/priceattorneys.com\\\/es\\\/?s={search_term_string}\"},\"query-input\":{\"@type\":\"PropertyValueSpecification\",\"valueRequired\":true,\"valueName\":\"search_term_string\"}}],\"inLanguage\":\"es\"}]}<\/script>\n<!-- \/ Yoast SEO plugin. -->","yoast_head_json":{"title":"C\u00f3mo Acceder a los Informes de Accidentes de Choque | Price Petho &amp; Associates, Personal Injury Attorneys","robots":{"index":"index","follow":"follow","max-snippet":"max-snippet:-1","max-image-preview":"max-image-preview:large","max-video-preview":"max-video-preview:-1"},"canonical":"https:\/\/priceattorneys.com\/es\/lesiones-personales\/accidentes-automovilisticos\/como-acceder-a-los-informes-de-accidentes-de-choque\/","og_locale":"es_ES","og_type":"article","og_title":"C\u00f3mo Acceder a los Informes de Accidentes de Choque | Price Petho &amp; Associates, Personal Injury Attorneys","og_description":"C\u00f3mo acceder a los informes de accidentes de choque en Charlotte C\u00f3mo puede ayudar un abogado de accidentes automovil\u00edsticos de Carolina del Norte Despu\u00e9s de estar involucrado en un accidente automovil\u00edstico en el \u00e1rea de Charlotte o sus alrededores, una de las cosas m\u00e1s importantes que necesitar\u00e1 es el informe del accidente. Sin embargo, esas&hellip;","og_url":"https:\/\/priceattorneys.com\/es\/lesiones-personales\/accidentes-automovilisticos\/como-acceder-a-los-informes-de-accidentes-de-choque\/","og_site_name":"Price Petho &amp; Associates, Personal Injury Attorneys","article_modified_time":"2024-03-27T18:42:40+00:00","og_image":[{"url":"https:\/\/priceattorneys.com\/wp-content\/uploads\/2022\/03\/car-report.jpg","type":"","width":"","height":""}],"twitter_card":"summary_large_image","twitter_misc":{"Tiempo de lectura":"8 minutos"},"schema":{"@context":"https:\/\/schema.org","@graph":[{"@type":"WebPage","@id":"https:\/\/priceattorneys.com\/es\/lesiones-personales\/accidentes-automovilisticos\/como-acceder-a-los-informes-de-accidentes-de-choque\/","url":"https:\/\/priceattorneys.com\/es\/lesiones-personales\/accidentes-automovilisticos\/como-acceder-a-los-informes-de-accidentes-de-choque\/","name":"C\u00f3mo Acceder a los Informes de Accidentes de Choque | Price Petho &amp; Associates, Personal Injury Attorneys","isPartOf":{"@id":"https:\/\/priceattorneys.com\/es\/#website"},"primaryImageOfPage":{"@id":"https:\/\/priceattorneys.com\/es\/lesiones-personales\/accidentes-automovilisticos\/como-acceder-a-los-informes-de-accidentes-de-choque\/#primaryimage"},"image":{"@id":"https:\/\/priceattorneys.com\/es\/lesiones-personales\/accidentes-automovilisticos\/como-acceder-a-los-informes-de-accidentes-de-choque\/#primaryimage"},"thumbnailUrl":"https:\/\/priceattorneys.com\/wp-content\/uploads\/2022\/03\/car-report.jpg","datePublished":"2021-04-08T09:41:42+00:00","dateModified":"2024-03-27T18:42:40+00:00","breadcrumb":{"@id":"https:\/\/priceattorneys.com\/es\/lesiones-personales\/accidentes-automovilisticos\/como-acceder-a-los-informes-de-accidentes-de-choque\/#breadcrumb"},"inLanguage":"es","potentialAction":[{"@type":"ReadAction","target":["https:\/\/priceattorneys.com\/es\/lesiones-personales\/accidentes-automovilisticos\/como-acceder-a-los-informes-de-accidentes-de-choque\/"]}]},{"@type":"ImageObject","inLanguage":"es","@id":"https:\/\/priceattorneys.com\/es\/lesiones-personales\/accidentes-automovilisticos\/como-acceder-a-los-informes-de-accidentes-de-choque\/#primaryimage","url":"https:\/\/priceattorneys.com\/wp-content\/uploads\/2022\/03\/car-report.jpg","contentUrl":"https:\/\/priceattorneys.com\/wp-content\/uploads\/2022\/03\/car-report.jpg"},{"@type":"BreadcrumbList","@id":"https:\/\/priceattorneys.com\/es\/lesiones-personales\/accidentes-automovilisticos\/como-acceder-a-los-informes-de-accidentes-de-choque\/#breadcrumb","itemListElement":[{"@type":"ListItem","position":1,"name":"Home","item":"https:\/\/priceattorneys.com\/es\/"},{"@type":"ListItem","position":2,"name":"Lesiones Personales","item":"https:\/\/priceattorneys.com\/es\/lesiones-personales\/"},{"@type":"ListItem","position":3,"name":"Accidentes Automovil\u00edsticos","item":"https:\/\/priceattorneys.com\/es\/lesiones-personales\/accidentes-automovilisticos\/"},{"@type":"ListItem","position":4,"name":"C\u00f3mo Acceder a los Informes de Accidentes de Choque"}]},{"@type":"WebSite","@id":"https:\/\/priceattorneys.com\/es\/#website","url":"https:\/\/priceattorneys.com\/es\/","name":"Price Petho &amp; Associates, Personal Injury Attorneys","description":"Charlotte Personal Injury Lawyers","potentialAction":[{"@type":"SearchAction","target":{"@type":"EntryPoint","urlTemplate":"https:\/\/priceattorneys.com\/es\/?s={search_term_string}"},"query-input":{"@type":"PropertyValueSpecification","valueRequired":true,"valueName":"search_term_string"}}],"inLanguage":"es"}]}},"_links":{"self":[{"href":"https:\/\/priceattorneys.com\/es\/wp-json\/wp\/v2\/pages\/5116","targetHints":{"allow":["GET"]}}],"collection":[{"href":"https:\/\/priceattorneys.com\/es\/wp-json\/wp\/v2\/pages"}],"about":[{"href":"https:\/\/priceattorneys.com\/es\/wp-json\/wp\/v2\/types\/page"}],"author":[{"embeddable":true,"href":"https:\/\/priceattorneys.com\/es\/wp-json\/wp\/v2\/users\/1"}],"replies":[{"embeddable":true,"href":"https:\/\/priceattorneys.com\/es\/wp-json\/wp\/v2\/comments?post=5116"}],"version-history":[{"count":0,"href":"https:\/\/priceattorneys.com\/es\/wp-json\/wp\/v2\/pages\/5116\/revisions"}],"up":[{"embeddable":true,"href":"https:\/\/priceattorneys.com\/es\/wp-json\/wp\/v2\/pages\/5062"}],"wp:attachment":[{"href":"https:\/\/priceattorneys.com\/es\/wp-json\/wp\/v2\/media?parent=5116"}],"curies":[{"name":"wp","href":"https:\/\/api.w.org\/{rel}","templated":true}]}}