{"id":5140,"date":"2020-06-11T13:11:23","date_gmt":"2020-06-11T13:11:23","guid":{"rendered":"https:\/\/priceattorneys.com\/?page_id=5140"},"modified":"2024-03-27T18:40:12","modified_gmt":"2024-03-27T18:40:12","slug":"accidentes-de-bicicleta","status":"publish","type":"page","link":"https:\/\/priceattorneys.com\/es\/lesiones-personales\/accidentes-de-bicicleta\/","title":{"rendered":"Accidentes de Bicicleta"},"content":{"rendered":"\n\n\t\t\t\t<img decoding=\"async\" src=\"https:\/\/priceattorneys.com\/wp-content\/uploads\/2022\/03\/bicycle.jpg\" alt=\"Bicycle accidents in Charlotte\" itemprop=\"image\" height=\"621\" width=\"1245\" title=\"bicycle\" onerror=\"this.style.display='none'\"  \/>\n\t<h1>Abogados de Accidentes de Bicicleta en Charlotte<\/h1>\n<h2>Ayuda legal experimentada para ciclistas lesionados en Carolina del Norte<\/h2>\n<p>Si consulta los mapas de bicicletas del \u00e1rea de Charlotte en l\u00ednea, encontrar\u00e1 cientos de rutas para bicicletas en el \u00e1rea de Charlotte. Carolina del Norte ofrece a los entusiastas del ciclismo una amplia gama de paseos, y algunas de estas rutas pueden obligar a los ciclistas a compartir el camino con los automovilistas. Esto puede ponerlos en riesgo de sufrir colisiones, accidentes y lesiones graves.<\/p>\n<p>Cada vez que usted o un ser querido se sube a una bicicleta, lo \u00faltimo en lo que piensa es en verse involucrado en un accidente. Desafortunadamente, incluso los ciclistas m\u00e1s seguros no pueden protegerse de los conductores negligentes. En Price, Petho &amp; Asociados, nuestro equipo est\u00e1 aqu\u00ed para ayudarlo cuando necesite un abogado de accidentes de bicicleta en Charlotte. Contamos con los recursos necesarios para investigar a fondo su caso y ayudarlo a obtener una compensaci\u00f3n por sus p\u00e9rdidas.<\/p>\n\t<h2>\u00bfQu\u00e9 le gustar\u00eda saber?<\/h2>\n\t<ul>\n<li><a href=\"#FAQ1\">\u00bfQu\u00e9 tan frecuentes son los accidentes de bicicleta en Charlotte?<\/a><\/li>\n<li><a href=\"#FAQ2\">\u00bfQu\u00e9 tipos de lesiones resultan de los accidentes de bicicleta?<\/a><\/li>\n<li><a href=\"#FAQ3\">\u00bfQu\u00e9 debo hacer despu\u00e9s de un accidente de bicicleta en Charlotte?<\/a><\/li>\n<\/ul>\n\t<ul>\n<li><a href=\"#FAQ4\">\u00bfCu\u00e1nto tiempo tengo para presentar mi reclamo por accidente?<\/a><\/li>\n<li><a href=\"#FAQ5\">\u00bfCu\u00e1l es el valor de mi caso de accidente de bicicleta en Charlotte?<\/a><\/li>\n<li><a href=\"#FAQ6\">\u00bfHay un abogado de accidentes de bicicleta cerca de m\u00ed?<\/a><\/li>\n<\/ul>\n\t<h2>\u00bfQu\u00e9 tan frecuentes son los accidentes de bicicleta en Charlotte?<\/h2>\n<p>En su <a href=\"https:\/\/connect.ncdot.gov\/business\/DMV\/CrashFactsDocuments\/2020%20Crash%20Facts.pdf\">Estudio de datos de accidentes de 2020<\/a>, el Departamento de Transporte de Carolina del Norte informa:<\/p>\n<ul>\n<li>28 ciclistas murieron en <a href=\"https:\/\/priceattorneys.com\/es\/lesiones-personales\/accidentes-automovilisticos\/\">accidentes automovil\u00edsticos<\/a>, un asombroso aumento del 55,6 % desde 2019.<\/li>\n<li>Charlotte, en particular, vio 77 accidentes de bicicleta, con 4 muertes y 74 heridos, dr\u00e1sticamente m\u00e1s que la mayor\u00eda de las ciudades de Carolina del Norte.<\/li>\n<\/ul>\n<p>Como puede ver, la gran mayor\u00eda de los accidentes de bicicleta resultan en lesiones graves o fatales para el ciclista. La simple realidad es que los ciclistas (a veces llamados ciclistas de pedales en los informes policiales y de tr\u00e1nsito) son incre\u00edblemente vulnerables cuando est\u00e1n dentro o alrededor de veh\u00edculos motorizados.<\/p>\n<p>Incluso cuando un ciclista usa un casco, el cuerpo humano no est\u00e1 dise\u00f1ado para soportar el impacto de un veh\u00edculo que pesa miles de libras y se estrella contra \u00e9l. Adem\u00e1s, es probable que un impacto secundario con el suelo o el asfalto provoque m\u00e1s lesiones.<\/p>\n\t<h2>\u00bfQu\u00e9 tipos de lesiones resultan de los accidentes de bicicleta?<\/h2>\n<p>Una desafortunada realidad de los accidentes de bicicleta es que los ciclistas a menudo soportan mucho m\u00e1s <a href=\"https:\/\/priceattorneys.com\/es\/lesiones-personales\/\">lesiones graves<\/a> que el conductor que los atropella. Un ciclista, incluso cuando usa casco, no es rival para un veh\u00edculo que pesa miles de libras. En Price, Petho &amp; Asociados, nuestros abogados de Charlotte ayudan regularmente a los clientes y a sus seres queridos que han sufrido las siguientes lesiones que les cambiaron la vida:<\/p>\n<ul>\n<li><a href=\"https:\/\/priceattorneys.com\/es\/lesiones-personales\/lesiones-catastroficas\/lesiones-cerebrales\/\">Lesiones cerebrales traum\u00e1ticas<\/a><\/li>\n<li><a href=\"https:\/\/priceattorneys.com\/es\/lesiones-personales\/lesiones-catastroficas\/lesiones-de-la-medula-espinal\/\">Lesiones de la m\u00e9dula espinal<\/a>, incluida la par\u00e1lisis<\/li>\n<li>Otras lesiones graves en la cabeza, el cuello y la espalda<\/li>\n<li>Da\u00f1o a \u00f3rganos internos<\/li>\n<li>Hemorragia interna<\/li>\n<li>Lesiones por aplastamiento o p\u00e9rdida de una extremidad<\/li>\n<li>Huesos rotos y dislocados<\/li>\n<li>Laceraciones severas o erupci\u00f3n de la carretera<\/li>\n<li><a href=\"https:\/\/priceattorneys.com\/es\/lesiones-personales\/muerte-injusta\/\">Muerte injusta<\/a><\/li>\n<\/ul>\n<p>Nuestros abogados tambi\u00e9n ayudan regularmente a las v\u00edctimas de accidentes de bicicleta que han experimentado un trauma emocional y psicol\u00f3gico significativo como resultado del accidente y sus lesiones posteriores.<\/p>\n\t<h2>\u00bfQu\u00e9 debo hacer despu\u00e9s de un accidente de bicicleta en Charlotte?<\/h2>\n<p>Los ciclistas generalmente podr\u00e1n recuperar la compensaci\u00f3n de la compa\u00f1\u00eda de seguros del conductor culpable en estas situaciones. Sin embargo, recuperar esta compensaci\u00f3n puede ser un desaf\u00edo. Al igual que un accidente automovil\u00edstico, la evidencia s\u00f3lida construye un caso s\u00f3lido.<\/p>\n<p>Algunas de las pruebas que debe recopilar inmediatamente despu\u00e9s de un accidente de bicicleta, si puede, deben incluir lo siguiente:<\/p>\n<ul>\n<li>Fotograf\u00edas del veh\u00edculo y de la bicicleta, y da\u00f1os en ambos<\/li>\n<li>La bicicleta real en s\u00ed<\/li>\n<li>Videovigilancia de cualquier c\u00e1mara cercana<\/li>\n<li>Declaraciones de testigos presenciales<\/li>\n<li>Declaraciones de otros conductores o pasajeros<\/li>\n<li><a href=\"https:\/\/priceattorneys.com\/es\/lesiones-personales\/accidentes-automovilisticos\/como-acceder-a-los-informes-de-accidentes-de-choque\/\">El informe policial<\/a><\/li>\n<\/ul>\n<p>Necesitamos enfatizar cu\u00e1n importante es que un ciclista involucrado en un accidente busque atenci\u00f3n m\u00e9dica lo antes posible. Incluso si no experimenta dolor inmediatamente despu\u00e9s de un accidente de bicicleta, recuerde que la adrenalina que corre por su cuerpo despu\u00e9s del accidente puede enmascarar los signos y s\u00edntomas de las lesiones. Buscar atenci\u00f3n m\u00e9dica de inmediato garantiza su bienestar y establece un v\u00ednculo directo entre el accidente y sus lesiones.<\/p>\n\t\t\t\t<img decoding=\"async\" src=\"https:\/\/priceattorneys.com\/wp-content\/uploads\/2022\/03\/house-law.jpg\" alt=\"Price Petho &amp; Associates\" itemprop=\"image\" height=\"499\" width=\"770\" title=\"house-law\" onerror=\"this.style.display='none'\"  \/>\n\t<h2>\u00bfCu\u00e1nto tiempo tengo para presentar mi reclamo por accidente?<\/h2>\n<p>Si usted o un ser querido sufrieron lesiones graves en un accidente de bicicleta y desean emprender acciones legales, recuerde que el estado de Carolina del Norte tiene un l\u00edmite de tiempo para estos reclamos. El estatuto de limitaciones de lesiones personales para Carolina del Norte es de tres a\u00f1os a partir de la fecha en que ocurre el accidente. Esto proporciona una ventana de tres a\u00f1os para presentar un reclamo contra la parte negligente, o es probable que pierda la oportunidad de obtener la compensaci\u00f3n adecuada a la que tiene derecho.<\/p>\n<p>Sin embargo, es importante tener en cuenta que este estatuto de limitaciones no afecta la presentaci\u00f3n de un reclamo a las compa\u00f1\u00edas de seguros. Muchos reclamos de accidentes se pueden resolver a trav\u00e9s de acuerdos con las compa\u00f1\u00edas de seguros del conductor culpable, pero estos reclamos generalmente deben presentarse dentro de un corto per\u00edodo de tiempo despu\u00e9s de que ocurre el accidente. Esto es a menudo s\u00f3lo uno o dos d\u00edas. Si no presenta un reclamo de seguro dentro de un per\u00edodo de tiempo razonable, su reclamo podr\u00eda demorarse o rechazarse.<\/p>\n<p>Comun\u00edquese con los abogados de Price, Petho &amp; Asociados lo antes posible despu\u00e9s de su accidente para una consulta y orientaci\u00f3n sobre la mejor ruta para buscar una compensaci\u00f3n por sus lesiones.<\/p>\n\t<h2>\u00bfCu\u00e1l es el valor de mi caso de accidente de bicicleta en Charlotte?<\/h2>\n<p>Si usted o un ser querido ha resultado lesionado en un accidente de bicicleta, puede haber varios tipos de compensaci\u00f3n disponibles para su reclamo. En Price, Petho &amp; Asociados, nuestros abogados de accidentes de bicicleta en Charlotte se dedican a ayudar a los clientes a recuperar lo siguiente:<\/p>\n<ul>\n<li>Cobertura completa de las facturas m\u00e9dicas relacionadas con el accidente<\/li>\n<li>Salarios perdidos si no pueden trabajar mientras se recuperan<\/li>\n<li>Cualquier gasto de bolsillo del hogar en el que incurran<\/li>\n<li>Da\u00f1os por dolor y sufrimiento<\/li>\n<li>Da\u00f1os por p\u00e9rdida de disfrute personal<\/li>\n<\/ul>\n<p>La cantidad total de compensaci\u00f3n disponible en estos casos variar\u00e1 dependiendo de los hechos relacionados con cada colisi\u00f3n en particular. Si perdi\u00f3 a un ser querido en un accidente de bicicleta en Charlotte, nuestros abogados tambi\u00e9n trabajan para asegurar los gastos de funeral y entierro, as\u00ed como la compensaci\u00f3n mencionada anteriormente.<\/p>\n\t<h2>\u00bfHay un abogado de accidentes de bicicleta cerca de m\u00ed?<\/h2>\n<p>Puede encontrar a Price, Petho &amp; Asociados en 1430 Elizabeth Ave en Charlotte. Tambi\u00e9n mantenemos oficinas en Rockingham y Rutherfordton para su comodidad. Si no puede acudir a nosotros, podemos hacer arreglos para visitarlo en su casa o en el hospital.<\/p>\n<h3>Abogados estrat\u00e9gicos de accidentes de bicicleta en Charlotte de su lado<\/h3>\n<p>Si usted o un ser querido ha resultado lesionado en un accidente de bicicleta debido a las acciones negligentes de otra persona, comun\u00edquese con el equipo de Price, Petho &amp; Asociados para obtener ayuda. Nos comprometemos a investigar cada aspecto de su reclamo para que podamos ayudarlo a recuperar la compensaci\u00f3n a la que tiene derecho. Esto puede incluir la cobertura de sus facturas m\u00e9dicas, p\u00e9rdida de ingresos, gastos por da\u00f1os a la propiedad, da\u00f1os por dolor y sufrimiento, y m\u00e1s. Para programar una consulta gratuita, llame <a href=\"tel:7043722160\">704-372-2160<\/a> o llena nuestro Formulario de contacto. Atendemos a clientes en Charlotte, Rockingham, Rutherfordton, Carolina del Norte y Carolina del Sur.<\/p>\n\n","protected":false},"excerpt":{"rendered":"<p>Abogados de Accidentes de Bicicleta en Charlotte Ayuda legal experimentada para ciclistas lesionados en Carolina del Norte Si consulta los mapas de bicicletas del \u00e1rea de Charlotte en l\u00ednea, encontrar\u00e1 cientos de rutas para bicicletas en el \u00e1rea de Charlotte. Carolina del Norte ofrece a los entusiastas del ciclismo una amplia gama de paseos, y&hellip;<\/p>\n","protected":false},"author":1,"featured_media":0,"parent":4969,"menu_order":0,"comment_status":"closed","ping_status":"closed","template":"","meta":{"footnotes":""},"class_list":["post-5140","page","type-page","status-publish","hentry"],"yoast_head":"<!-- This site is optimized with the Yoast SEO plugin v27.3 - https:\/\/yoast.com\/product\/yoast-seo-wordpress\/ -->\n<title>Accidentes de Bicicleta | Price Petho &amp; Associates, Personal Injury Attorneys<\/title>\n<meta name=\"robots\" content=\"index, follow, max-snippet:-1, max-image-preview:large, max-video-preview:-1\" \/>\n<link rel=\"canonical\" href=\"https:\/\/priceattorneys.com\/es\/lesiones-personales\/accidentes-de-bicicleta\/\" \/>\n<meta property=\"og:locale\" content=\"es_ES\" \/>\n<meta property=\"og:type\" content=\"article\" \/>\n<meta property=\"og:title\" content=\"Accidentes de Bicicleta | Price Petho &amp; Associates, Personal Injury Attorneys\" \/>\n<meta property=\"og:description\" content=\"Abogados de Accidentes de Bicicleta en Charlotte Ayuda legal experimentada para ciclistas lesionados en Carolina del Norte Si consulta los mapas de bicicletas del \u00e1rea de Charlotte en l\u00ednea, encontrar\u00e1 cientos de rutas para bicicletas en el \u00e1rea de Charlotte. Carolina del Norte ofrece a los entusiastas del ciclismo una amplia gama de paseos, y&hellip;\" \/>\n<meta property=\"og:url\" content=\"https:\/\/priceattorneys.com\/es\/lesiones-personales\/accidentes-de-bicicleta\/\" \/>\n<meta property=\"og:site_name\" content=\"Price Petho &amp; Associates, Personal Injury Attorneys\" \/>\n<meta property=\"article:modified_time\" content=\"2024-03-27T18:40:12+00:00\" \/>\n<meta property=\"og:image\" content=\"https:\/\/priceattorneys.com\/wp-content\/uploads\/2022\/03\/bicycle.jpg\" \/>\n<meta name=\"twitter:card\" content=\"summary_large_image\" \/>\n<meta name=\"twitter:label1\" content=\"Tiempo de lectura\" \/>\n\t<meta name=\"twitter:data1\" content=\"7 minutos\" \/>\n<script type=\"application\/ld+json\" class=\"yoast-schema-graph\">{\"@context\":\"https:\\\/\\\/schema.org\",\"@graph\":[{\"@type\":\"WebPage\",\"@id\":\"https:\\\/\\\/priceattorneys.com\\\/es\\\/lesiones-personales\\\/accidentes-de-bicicleta\\\/\",\"url\":\"https:\\\/\\\/priceattorneys.com\\\/es\\\/lesiones-personales\\\/accidentes-de-bicicleta\\\/\",\"name\":\"Accidentes de Bicicleta | Price Petho &amp; Associates, Personal Injury Attorneys\",\"isPartOf\":{\"@id\":\"https:\\\/\\\/priceattorneys.com\\\/es\\\/#website\"},\"primaryImageOfPage\":{\"@id\":\"https:\\\/\\\/priceattorneys.com\\\/es\\\/lesiones-personales\\\/accidentes-de-bicicleta\\\/#primaryimage\"},\"image\":{\"@id\":\"https:\\\/\\\/priceattorneys.com\\\/es\\\/lesiones-personales\\\/accidentes-de-bicicleta\\\/#primaryimage\"},\"thumbnailUrl\":\"https:\\\/\\\/priceattorneys.com\\\/wp-content\\\/uploads\\\/2022\\\/03\\\/bicycle.jpg\",\"datePublished\":\"2020-06-11T13:11:23+00:00\",\"dateModified\":\"2024-03-27T18:40:12+00:00\",\"breadcrumb\":{\"@id\":\"https:\\\/\\\/priceattorneys.com\\\/es\\\/lesiones-personales\\\/accidentes-de-bicicleta\\\/#breadcrumb\"},\"inLanguage\":\"es\",\"potentialAction\":[{\"@type\":\"ReadAction\",\"target\":[\"https:\\\/\\\/priceattorneys.com\\\/es\\\/lesiones-personales\\\/accidentes-de-bicicleta\\\/\"]}]},{\"@type\":\"ImageObject\",\"inLanguage\":\"es\",\"@id\":\"https:\\\/\\\/priceattorneys.com\\\/es\\\/lesiones-personales\\\/accidentes-de-bicicleta\\\/#primaryimage\",\"url\":\"https:\\\/\\\/priceattorneys.com\\\/wp-content\\\/uploads\\\/2022\\\/03\\\/bicycle.jpg\",\"contentUrl\":\"https:\\\/\\\/priceattorneys.com\\\/wp-content\\\/uploads\\\/2022\\\/03\\\/bicycle.jpg\"},{\"@type\":\"BreadcrumbList\",\"@id\":\"https:\\\/\\\/priceattorneys.com\\\/es\\\/lesiones-personales\\\/accidentes-de-bicicleta\\\/#breadcrumb\",\"itemListElement\":[{\"@type\":\"ListItem\",\"position\":1,\"name\":\"Home\",\"item\":\"https:\\\/\\\/priceattorneys.com\\\/es\\\/\"},{\"@type\":\"ListItem\",\"position\":2,\"name\":\"Lesiones Personales\",\"item\":\"https:\\\/\\\/priceattorneys.com\\\/es\\\/lesiones-personales\\\/\"},{\"@type\":\"ListItem\",\"position\":3,\"name\":\"Accidentes de Bicicleta\"}]},{\"@type\":\"WebSite\",\"@id\":\"https:\\\/\\\/priceattorneys.com\\\/es\\\/#website\",\"url\":\"https:\\\/\\\/priceattorneys.com\\\/es\\\/\",\"name\":\"Price Petho &amp; Associates, Personal Injury Attorneys\",\"description\":\"Charlotte Personal Injury Lawyers\",\"potentialAction\":[{\"@type\":\"SearchAction\",\"target\":{\"@type\":\"EntryPoint\",\"urlTemplate\":\"https:\\\/\\\/priceattorneys.com\\\/es\\\/?s={search_term_string}\"},\"query-input\":{\"@type\":\"PropertyValueSpecification\",\"valueRequired\":true,\"valueName\":\"search_term_string\"}}],\"inLanguage\":\"es\"}]}<\/script>\n<!-- \/ Yoast SEO plugin. -->","yoast_head_json":{"title":"Accidentes de Bicicleta | Price Petho &amp; Associates, Personal Injury Attorneys","robots":{"index":"index","follow":"follow","max-snippet":"max-snippet:-1","max-image-preview":"max-image-preview:large","max-video-preview":"max-video-preview:-1"},"canonical":"https:\/\/priceattorneys.com\/es\/lesiones-personales\/accidentes-de-bicicleta\/","og_locale":"es_ES","og_type":"article","og_title":"Accidentes de Bicicleta | Price Petho &amp; Associates, Personal Injury Attorneys","og_description":"Abogados de Accidentes de Bicicleta en Charlotte Ayuda legal experimentada para ciclistas lesionados en Carolina del Norte Si consulta los mapas de bicicletas del \u00e1rea de Charlotte en l\u00ednea, encontrar\u00e1 cientos de rutas para bicicletas en el \u00e1rea de Charlotte. Carolina del Norte ofrece a los entusiastas del ciclismo una amplia gama de paseos, y&hellip;","og_url":"https:\/\/priceattorneys.com\/es\/lesiones-personales\/accidentes-de-bicicleta\/","og_site_name":"Price Petho &amp; Associates, Personal Injury Attorneys","article_modified_time":"2024-03-27T18:40:12+00:00","og_image":[{"url":"https:\/\/priceattorneys.com\/wp-content\/uploads\/2022\/03\/bicycle.jpg","type":"","width":"","height":""}],"twitter_card":"summary_large_image","twitter_misc":{"Tiempo de lectura":"7 minutos"},"schema":{"@context":"https:\/\/schema.org","@graph":[{"@type":"WebPage","@id":"https:\/\/priceattorneys.com\/es\/lesiones-personales\/accidentes-de-bicicleta\/","url":"https:\/\/priceattorneys.com\/es\/lesiones-personales\/accidentes-de-bicicleta\/","name":"Accidentes de Bicicleta | Price Petho &amp; Associates, Personal Injury Attorneys","isPartOf":{"@id":"https:\/\/priceattorneys.com\/es\/#website"},"primaryImageOfPage":{"@id":"https:\/\/priceattorneys.com\/es\/lesiones-personales\/accidentes-de-bicicleta\/#primaryimage"},"image":{"@id":"https:\/\/priceattorneys.com\/es\/lesiones-personales\/accidentes-de-bicicleta\/#primaryimage"},"thumbnailUrl":"https:\/\/priceattorneys.com\/wp-content\/uploads\/2022\/03\/bicycle.jpg","datePublished":"2020-06-11T13:11:23+00:00","dateModified":"2024-03-27T18:40:12+00:00","breadcrumb":{"@id":"https:\/\/priceattorneys.com\/es\/lesiones-personales\/accidentes-de-bicicleta\/#breadcrumb"},"inLanguage":"es","potentialAction":[{"@type":"ReadAction","target":["https:\/\/priceattorneys.com\/es\/lesiones-personales\/accidentes-de-bicicleta\/"]}]},{"@type":"ImageObject","inLanguage":"es","@id":"https:\/\/priceattorneys.com\/es\/lesiones-personales\/accidentes-de-bicicleta\/#primaryimage","url":"https:\/\/priceattorneys.com\/wp-content\/uploads\/2022\/03\/bicycle.jpg","contentUrl":"https:\/\/priceattorneys.com\/wp-content\/uploads\/2022\/03\/bicycle.jpg"},{"@type":"BreadcrumbList","@id":"https:\/\/priceattorneys.com\/es\/lesiones-personales\/accidentes-de-bicicleta\/#breadcrumb","itemListElement":[{"@type":"ListItem","position":1,"name":"Home","item":"https:\/\/priceattorneys.com\/es\/"},{"@type":"ListItem","position":2,"name":"Lesiones Personales","item":"https:\/\/priceattorneys.com\/es\/lesiones-personales\/"},{"@type":"ListItem","position":3,"name":"Accidentes de Bicicleta"}]},{"@type":"WebSite","@id":"https:\/\/priceattorneys.com\/es\/#website","url":"https:\/\/priceattorneys.com\/es\/","name":"Price Petho &amp; Associates, Personal Injury Attorneys","description":"Charlotte Personal Injury Lawyers","potentialAction":[{"@type":"SearchAction","target":{"@type":"EntryPoint","urlTemplate":"https:\/\/priceattorneys.com\/es\/?s={search_term_string}"},"query-input":{"@type":"PropertyValueSpecification","valueRequired":true,"valueName":"search_term_string"}}],"inLanguage":"es"}]}},"_links":{"self":[{"href":"https:\/\/priceattorneys.com\/es\/wp-json\/wp\/v2\/pages\/5140","targetHints":{"allow":["GET"]}}],"collection":[{"href":"https:\/\/priceattorneys.com\/es\/wp-json\/wp\/v2\/pages"}],"about":[{"href":"https:\/\/priceattorneys.com\/es\/wp-json\/wp\/v2\/types\/page"}],"author":[{"embeddable":true,"href":"https:\/\/priceattorneys.com\/es\/wp-json\/wp\/v2\/users\/1"}],"replies":[{"embeddable":true,"href":"https:\/\/priceattorneys.com\/es\/wp-json\/wp\/v2\/comments?post=5140"}],"version-history":[{"count":1,"href":"https:\/\/priceattorneys.com\/es\/wp-json\/wp\/v2\/pages\/5140\/revisions"}],"predecessor-version":[{"id":6955,"href":"https:\/\/priceattorneys.com\/es\/wp-json\/wp\/v2\/pages\/5140\/revisions\/6955"}],"up":[{"embeddable":true,"href":"https:\/\/priceattorneys.com\/es\/wp-json\/wp\/v2\/pages\/4969"}],"wp:attachment":[{"href":"https:\/\/priceattorneys.com\/es\/wp-json\/wp\/v2\/media?parent=5140"}],"curies":[{"name":"wp","href":"https:\/\/api.w.org\/{rel}","templated":true}]}}