{"id":5143,"date":"2022-03-18T22:44:13","date_gmt":"2022-03-18T22:44:13","guid":{"rendered":"https:\/\/priceattorneys.com\/?page_id=5143"},"modified":"2024-03-27T18:56:12","modified_gmt":"2024-03-27T18:56:12","slug":"lesiones-de-peatones","status":"publish","type":"page","link":"https:\/\/priceattorneys.com\/es\/lesiones-personales\/lesiones-de-peatones\/","title":{"rendered":"Lesiones de Peatones"},"content":{"rendered":"\n\n\t\t\t\t<img decoding=\"async\" src=\"https:\/\/priceattorneys.com\/wp-content\/uploads\/2022\/03\/pedestrian.jpg\" alt=\"Pedestrian accidents in North Carolina\" itemprop=\"image\" height=\"621\" width=\"1245\" title=\"pedestrian\" onerror=\"this.style.display='none'\"  \/>\n\t<h1>Abogados de lesiones de peatones de Charlotte<\/h1>\n<h2>Defensa legal para peatones heridos en accidentes automovil\u00edsticos en Carolina del Norte<\/h2>\n<p>Los expertos en salud consideran que caminar es una de las mejores y m\u00e1s f\u00e1ciles formas de ejercicio. Con el clima templado de Carolina del Norte, muchos lugare\u00f1os y turistas optan por caminar de un lugar a otro cuando pueden. Sin embargo, los peatones tambi\u00e9n corren el riesgo de colisionar con autom\u00f3viles y otros veh\u00edculos motorizados.<\/p>\n<p>Los accidentes en los que los veh\u00edculos de motor chocan con los peatones a menudo resultan en lesiones graves. Incluso a bajas velocidades, los autom\u00f3viles y camiones pueden causar mucho da\u00f1o a los peatones y potencialmente evitar que las v\u00edctimas puedan incluso ayudar a las autoridades a brindar informaci\u00f3n sobre lo que sucedi\u00f3. En Price, Petho &amp; Asociados, comprendemos el gran trauma, los gastos y la angustia que resultan de este tipo de accidentes. Desde 1979, nuestros abogados de Charlotte han litigado y resuelto con \u00e9xito miles de reclamaciones por lesiones personales.<\/p>\n\t<h2>\u00bfQu\u00e9 le gustar\u00eda saber?<\/h2>\n\t<ul>\n<li><a href=\"#FAQ1\">\u00bfCon qu\u00e9 frecuencia ocurren accidentes de peatones en Charlotte?<\/a><\/li>\n<li><a href=\"#FAQ2\">\u00bfQu\u00e9 tipos de lesiones experimentan los peatones en accidentes?<\/a><\/li>\n<li><a href=\"#FAQ3\">\u00bfCu\u00e1l es el momento del d\u00eda m\u00e1s peligroso para los peatones?<\/a><\/li>\n<\/ul>\n\t<ul>\n<li><a href=\"#FAQ4\">\u00bfQui\u00e9n es responsable de mi accidente de peat\u00f3n y lesiones en Charlotte?<\/a><\/li>\n<li><a href=\"#FAQ5\">\u00bfC\u00f3mo puede ayudarme un abogado de accidentes de peatones en Charlotte con mi caso?<\/a><\/li>\n<li><a href=\"#FAQ6\">\u00bfHay un abogado de lesiones de peatones cerca de m\u00ed?<\/a><\/li>\n<\/ul>\n\t<h2>\u00bfCon qu\u00e9 frecuencia ocurren accidentes de peatones en Charlotte?<\/h2>\n<p>En 2021, el sitio web Walkscore.com clasific\u00f3 a Charlottela 49 ciudad m\u00e1s transitable en los Estados Unidos, una puntuaci\u00f3n que se puede mejorar mucho. Adem\u00e1s, el Departamento de Transporte de Carolina del Norte <a href=\"https:\/\/connect.ncdot.gov\/business\/DMV\/CrashFactsDocuments\/2020%20Crash%20Facts.pdf\">Estudio de datos de accidentes de 2020<\/a>\u00a0muestra las siguientes estad\u00edsticas:<\/p>\n<ul>\n<li>Se produjeron 2.131 accidentes de peatones, con 1.821 heridos graves.<\/li>\n<li>249 peatones perdieron la vida, frente a los 231 de 2019.<\/li>\n<li>De todos los peatones involucrados en un accidente, el 12% muri\u00f3 a causa de sus heridas.<\/li>\n<li>Charlotte, en particular, vio 303 accidentes de peatones, 329 lesiones y 27 muertes.<\/li>\n<\/ul>\n<p>Como puede ver, los accidentes de peatones y veh\u00edculos a menudo provocan lesiones graves y mortales. Los abogados de Price, Petho &amp; Asociados pueden ayudar.<\/p>\n\t<h2>\u00bfQu\u00e9 tipos de lesiones experimentan los peatones en accidentes?<\/h2>\n<p>Los peatones tienen muy poca protecci\u00f3n, si es que tienen alguna, de la fuerza de un veh\u00edculo que se estrelle contra ellos. Nuestro equipo legal a menudo trabaja con v\u00edctimas que han sufrido las siguientes lesiones que les cambiaron la vida:<\/p>\n<ul>\n<li><a href=\"https:\/\/priceattorneys.com\/es\/lesiones-personales\/lesiones-catastroficas\/lesiones-cerebrales\/\">Lesiones cerebrales traum\u00e1ticas<\/a><\/li>\n<li>Heridas abiertas en la cabeza<\/li>\n<li><a href=\"https:\/\/priceattorneys.com\/es\/lesiones-personales\/lesiones-catastroficas\/lesiones-de-la-medula-espinal\/\">Lesiones de la m\u00e9dula espinal<\/a><\/li>\n<li>Lesiones graves en el cuello o la espalda<\/li>\n<li>Cortes y laceraciones<\/li>\n<li>Erupci\u00f3n en la carretera<\/li>\n<li>Huesos rotos o dislocados<\/li>\n<li>P\u00e9rdida de una extremidad o lesiones por choque<\/li>\n<\/ul>\n<p>Adem\u00e1s, es probable que las v\u00edctimas de accidentes de peatones tambi\u00e9n sufran un trauma emocional y psicol\u00f3gico significativo como resultado del accidente y sus lesiones posteriores. Nuestros abogados de accidentes de peatones en Charlotte trabajan para ayudarlo a usted o a su ser querido a recuperar una compensaci\u00f3n por lesiones f\u00edsicas, as\u00ed como por cualquier trauma emocional y psicol\u00f3gico sufrido debido al accidente.<\/p>\n\t<h2>\u00bfCu\u00e1l es el momento del d\u00eda m\u00e1s peligroso para los peatones?<\/h2>\n<p>Un <a href=\"https:\/\/www.carinsurance.org\/distracted-pedestrians\/\">informe de estudio de seguros<\/a> que los momentos m\u00e1s mortales para los peatones son la tarde y la noche. La mayor\u00eda de los accidentes que involucran a peatones ocurren entre las 6:00 y las 9:00 p. m., seguidos de cerca por los horarios de 9:00 p. m. a 12:00 a. m. Como era de esperar, quiz\u00e1s, el tercer momento de mayor riesgo para los peatones es entre las 12:00 a. m. y las 3:00 a. m. de la ma\u00f1ana. El d\u00eda m\u00e1s peligroso de la semana para los peatones en s\u00e1bado.<\/p>\n\t<h2>\u00bfQui\u00e9n es responsable de mi accidente de peat\u00f3n y lesiones en Charlotte?<\/h2>\n<p>Bajo la teor\u00eda de negligencia contributiva en Carolina del Norte, si se determina que los peatones de alguna manera tuvieron la culpa del accidente que les caus\u00f3 lesiones, se les puede prohibir recuperar una compensaci\u00f3n. Los peatones tienen el deber de \u00abver lo que se debe ver\u00bb, lo que significa que se espera que busquen veh\u00edculos antes de entrar o cruzar una v\u00eda. Esto significa que si una compa\u00f1\u00eda de seguros de autom\u00f3viles puede probar alg\u00fan grado de culpa por parte del peat\u00f3n lesionado, no tendr\u00e1 que cubrir los da\u00f1os.<\/p>\n<p>Nuestros abogados demuestran la culpa de un conductor negligente mientras descartan la culpa del peat\u00f3n al mostrar:<\/p>\n<ul>\n<li>El conductor del veh\u00edculo motorizado no cumpli\u00f3 con su propio deber de cuidado al actuar de manera negligente.<\/li>\n<li>El conductor no obedeci\u00f3 un estatuto de seguridad, mantuvo una vigilancia adecuada o mantuvo el veh\u00edculo bajo el control adecuado para evitar golpear al peat\u00f3n.<\/li>\n<li>La negligencia del conductor fue 100% la causa de la colisi\u00f3n.<\/li>\n<\/ul>\n<p>Tenga la seguridad de que cuando trabaja con Price, Petho &amp; Asociados, nos dedicamos a demostrar que un automovilista tuvo el 100 por ciento de la culpa de sus lesiones.<\/p>\n\t<h2>\u00bfC\u00f3mo puede ayudarme un abogado de accidentes de peatones en Charlotte con mi caso?<\/h2>\n<p>Un abogado experto en accidentes de peatones puede ser un recurso invaluable para su caso de accidente de peatones en Charlotte. La mayor\u00eda de las personas lesionadas no tienen la capacidad financiera o la experiencia legal necesaria para realizar una investigaci\u00f3n completa de su caso y obtener una compensaci\u00f3n total por sus p\u00e9rdidas. La buena noticia es que Price, Petho &amp; Asociados ofrece consultas gratuitas y no paga un centavo hasta que obtengamos una compensaci\u00f3n por sus lesiones.<\/p>\n<p>Nuestros abogados pueden:<\/p>\n<ul>\n<li>Obtenga la evidencia correcta necesaria para probar la responsabilidad, incluida la vigilancia con fotograf\u00edas y videos, declaraciones de testigos presenciales, informes policiales, datos de la \u00abcaja negra\u00bb del veh\u00edculo y m\u00e1s.<\/li>\n<li>Aseg\u00farese de que lo eval\u00fae un profesional m\u00e9dico de confianza que pueda ayudarlo a evaluar sus lesiones y calcular las p\u00e9rdidas totales resultantes de su accidente.<\/li>\n<li>Negocie con todas las partes involucradas, incluidas las aseguradoras agresivas, para obtener una compensaci\u00f3n justa por sus lesiones.<\/li>\n<li>Prepare completamente su caso de accidente de peatones en Charlotte para ir a juicio si es necesario para garantizar que reciba un trato justo y una compensaci\u00f3n.<\/li>\n<\/ul>\n\t<h2>\u00bfHay un abogado de lesiones de peatones cerca de m\u00ed?<\/h2>\n<p>Puede encontrar a Price, Petho &amp; Asociados en 1430 Elizabeth Ave en Charlotte. Tambi\u00e9n mantenemos oficinas en Rockingham y Rutherfordton para su comodidad. Si no puede acudir a nosotros, podemos hacer arreglos para visitarlo en su casa o en el hospital.<\/p>\n<h3>Nuestros abogados de accidentes de peatones en Charlotte pueden ayudar<\/h3>\n<p>Desde 1979, el equipo de Price, Petho &amp; Asociados tiene el conocimiento y la experiencia necesarios para evitar trampas potenciales en casos de accidentes complejos. Entendemos que el tiempo es esencial para reunir pruebas. Una vez contratada, nuestra firma trabaja arduamente para investigar los accidentes de peatones reuniendo declaraciones de testigos, tomando fotograf\u00edas y realizando reconstrucciones de accidentes. La participaci\u00f3n temprana de nuestra firma en este tipo de casos es fundamental para lograr un resultado exitoso. Para programar una consulta gratuita, llame <a href=\"tel:7043722160\">704-372-2160<\/a> o llena nuestro Formulario de contacto. Atendemos a clientes en Charlotte, Rockingham, Rutherfordton, Carolina del Norte y Carolina del Sur.<\/p>\n\n","protected":false},"excerpt":{"rendered":"<p>Abogados de lesiones de peatones de Charlotte Defensa legal para peatones heridos en accidentes automovil\u00edsticos en Carolina del Norte Los expertos en salud consideran que caminar es una de las mejores y m\u00e1s f\u00e1ciles formas de ejercicio. Con el clima templado de Carolina del Norte, muchos lugare\u00f1os y turistas optan por caminar de un lugar&hellip;<\/p>\n","protected":false},"author":1,"featured_media":0,"parent":4969,"menu_order":0,"comment_status":"closed","ping_status":"closed","template":"","meta":{"footnotes":""},"class_list":["post-5143","page","type-page","status-publish","hentry"],"yoast_head":"<!-- This site is optimized with the Yoast SEO plugin v27.4 - https:\/\/yoast.com\/product\/yoast-seo-wordpress\/ -->\n<title>Lesiones de Peatones | Price Petho &amp; Associates, Personal Injury Attorneys<\/title>\n<meta name=\"robots\" content=\"index, follow, max-snippet:-1, max-image-preview:large, max-video-preview:-1\" \/>\n<link rel=\"canonical\" href=\"https:\/\/priceattorneys.com\/es\/lesiones-personales\/lesiones-de-peatones\/\" \/>\n<meta property=\"og:locale\" content=\"es_ES\" \/>\n<meta property=\"og:type\" content=\"article\" \/>\n<meta property=\"og:title\" content=\"Lesiones de Peatones | Price Petho &amp; Associates, Personal Injury Attorneys\" \/>\n<meta property=\"og:description\" content=\"Abogados de lesiones de peatones de Charlotte Defensa legal para peatones heridos en accidentes automovil\u00edsticos en Carolina del Norte Los expertos en salud consideran que caminar es una de las mejores y m\u00e1s f\u00e1ciles formas de ejercicio. Con el clima templado de Carolina del Norte, muchos lugare\u00f1os y turistas optan por caminar de un lugar&hellip;\" \/>\n<meta property=\"og:url\" content=\"https:\/\/priceattorneys.com\/es\/lesiones-personales\/lesiones-de-peatones\/\" \/>\n<meta property=\"og:site_name\" content=\"Price Petho &amp; Associates, Personal Injury Attorneys\" \/>\n<meta property=\"article:modified_time\" content=\"2024-03-27T18:56:12+00:00\" \/>\n<meta property=\"og:image\" content=\"https:\/\/priceattorneys.com\/wp-content\/uploads\/2022\/03\/pedestrian.jpg\" \/>\n<meta name=\"twitter:card\" content=\"summary_large_image\" \/>\n<meta name=\"twitter:label1\" content=\"Tiempo de lectura\" \/>\n\t<meta name=\"twitter:data1\" content=\"6 minutos\" \/>\n<script type=\"application\/ld+json\" class=\"yoast-schema-graph\">{\"@context\":\"https:\\\/\\\/schema.org\",\"@graph\":[{\"@type\":\"WebPage\",\"@id\":\"https:\\\/\\\/priceattorneys.com\\\/es\\\/lesiones-personales\\\/lesiones-de-peatones\\\/\",\"url\":\"https:\\\/\\\/priceattorneys.com\\\/es\\\/lesiones-personales\\\/lesiones-de-peatones\\\/\",\"name\":\"Lesiones de Peatones | Price Petho &amp; Associates, Personal Injury Attorneys\",\"isPartOf\":{\"@id\":\"https:\\\/\\\/priceattorneys.com\\\/es\\\/#website\"},\"primaryImageOfPage\":{\"@id\":\"https:\\\/\\\/priceattorneys.com\\\/es\\\/lesiones-personales\\\/lesiones-de-peatones\\\/#primaryimage\"},\"image\":{\"@id\":\"https:\\\/\\\/priceattorneys.com\\\/es\\\/lesiones-personales\\\/lesiones-de-peatones\\\/#primaryimage\"},\"thumbnailUrl\":\"https:\\\/\\\/priceattorneys.com\\\/wp-content\\\/uploads\\\/2022\\\/03\\\/pedestrian.jpg\",\"datePublished\":\"2022-03-18T22:44:13+00:00\",\"dateModified\":\"2024-03-27T18:56:12+00:00\",\"breadcrumb\":{\"@id\":\"https:\\\/\\\/priceattorneys.com\\\/es\\\/lesiones-personales\\\/lesiones-de-peatones\\\/#breadcrumb\"},\"inLanguage\":\"es\",\"potentialAction\":[{\"@type\":\"ReadAction\",\"target\":[\"https:\\\/\\\/priceattorneys.com\\\/es\\\/lesiones-personales\\\/lesiones-de-peatones\\\/\"]}]},{\"@type\":\"ImageObject\",\"inLanguage\":\"es\",\"@id\":\"https:\\\/\\\/priceattorneys.com\\\/es\\\/lesiones-personales\\\/lesiones-de-peatones\\\/#primaryimage\",\"url\":\"https:\\\/\\\/priceattorneys.com\\\/wp-content\\\/uploads\\\/2022\\\/03\\\/pedestrian.jpg\",\"contentUrl\":\"https:\\\/\\\/priceattorneys.com\\\/wp-content\\\/uploads\\\/2022\\\/03\\\/pedestrian.jpg\"},{\"@type\":\"BreadcrumbList\",\"@id\":\"https:\\\/\\\/priceattorneys.com\\\/es\\\/lesiones-personales\\\/lesiones-de-peatones\\\/#breadcrumb\",\"itemListElement\":[{\"@type\":\"ListItem\",\"position\":1,\"name\":\"Home\",\"item\":\"https:\\\/\\\/priceattorneys.com\\\/es\\\/\"},{\"@type\":\"ListItem\",\"position\":2,\"name\":\"Lesiones Personales\",\"item\":\"https:\\\/\\\/priceattorneys.com\\\/es\\\/lesiones-personales\\\/\"},{\"@type\":\"ListItem\",\"position\":3,\"name\":\"Lesiones de Peatones\"}]},{\"@type\":\"WebSite\",\"@id\":\"https:\\\/\\\/priceattorneys.com\\\/es\\\/#website\",\"url\":\"https:\\\/\\\/priceattorneys.com\\\/es\\\/\",\"name\":\"Price Petho &amp; Associates, Personal Injury Attorneys\",\"description\":\"Charlotte Personal Injury Lawyers\",\"potentialAction\":[{\"@type\":\"SearchAction\",\"target\":{\"@type\":\"EntryPoint\",\"urlTemplate\":\"https:\\\/\\\/priceattorneys.com\\\/es\\\/?s={search_term_string}\"},\"query-input\":{\"@type\":\"PropertyValueSpecification\",\"valueRequired\":true,\"valueName\":\"search_term_string\"}}],\"inLanguage\":\"es\"}]}<\/script>\n<!-- \/ Yoast SEO plugin. -->","yoast_head_json":{"title":"Lesiones de Peatones | Price Petho &amp; Associates, Personal Injury Attorneys","robots":{"index":"index","follow":"follow","max-snippet":"max-snippet:-1","max-image-preview":"max-image-preview:large","max-video-preview":"max-video-preview:-1"},"canonical":"https:\/\/priceattorneys.com\/es\/lesiones-personales\/lesiones-de-peatones\/","og_locale":"es_ES","og_type":"article","og_title":"Lesiones de Peatones | Price Petho &amp; Associates, Personal Injury Attorneys","og_description":"Abogados de lesiones de peatones de Charlotte Defensa legal para peatones heridos en accidentes automovil\u00edsticos en Carolina del Norte Los expertos en salud consideran que caminar es una de las mejores y m\u00e1s f\u00e1ciles formas de ejercicio. Con el clima templado de Carolina del Norte, muchos lugare\u00f1os y turistas optan por caminar de un lugar&hellip;","og_url":"https:\/\/priceattorneys.com\/es\/lesiones-personales\/lesiones-de-peatones\/","og_site_name":"Price Petho &amp; Associates, Personal Injury Attorneys","article_modified_time":"2024-03-27T18:56:12+00:00","og_image":[{"url":"https:\/\/priceattorneys.com\/wp-content\/uploads\/2022\/03\/pedestrian.jpg","type":"","width":"","height":""}],"twitter_card":"summary_large_image","twitter_misc":{"Tiempo de lectura":"6 minutos"},"schema":{"@context":"https:\/\/schema.org","@graph":[{"@type":"WebPage","@id":"https:\/\/priceattorneys.com\/es\/lesiones-personales\/lesiones-de-peatones\/","url":"https:\/\/priceattorneys.com\/es\/lesiones-personales\/lesiones-de-peatones\/","name":"Lesiones de Peatones | Price Petho &amp; Associates, Personal Injury Attorneys","isPartOf":{"@id":"https:\/\/priceattorneys.com\/es\/#website"},"primaryImageOfPage":{"@id":"https:\/\/priceattorneys.com\/es\/lesiones-personales\/lesiones-de-peatones\/#primaryimage"},"image":{"@id":"https:\/\/priceattorneys.com\/es\/lesiones-personales\/lesiones-de-peatones\/#primaryimage"},"thumbnailUrl":"https:\/\/priceattorneys.com\/wp-content\/uploads\/2022\/03\/pedestrian.jpg","datePublished":"2022-03-18T22:44:13+00:00","dateModified":"2024-03-27T18:56:12+00:00","breadcrumb":{"@id":"https:\/\/priceattorneys.com\/es\/lesiones-personales\/lesiones-de-peatones\/#breadcrumb"},"inLanguage":"es","potentialAction":[{"@type":"ReadAction","target":["https:\/\/priceattorneys.com\/es\/lesiones-personales\/lesiones-de-peatones\/"]}]},{"@type":"ImageObject","inLanguage":"es","@id":"https:\/\/priceattorneys.com\/es\/lesiones-personales\/lesiones-de-peatones\/#primaryimage","url":"https:\/\/priceattorneys.com\/wp-content\/uploads\/2022\/03\/pedestrian.jpg","contentUrl":"https:\/\/priceattorneys.com\/wp-content\/uploads\/2022\/03\/pedestrian.jpg"},{"@type":"BreadcrumbList","@id":"https:\/\/priceattorneys.com\/es\/lesiones-personales\/lesiones-de-peatones\/#breadcrumb","itemListElement":[{"@type":"ListItem","position":1,"name":"Home","item":"https:\/\/priceattorneys.com\/es\/"},{"@type":"ListItem","position":2,"name":"Lesiones Personales","item":"https:\/\/priceattorneys.com\/es\/lesiones-personales\/"},{"@type":"ListItem","position":3,"name":"Lesiones de Peatones"}]},{"@type":"WebSite","@id":"https:\/\/priceattorneys.com\/es\/#website","url":"https:\/\/priceattorneys.com\/es\/","name":"Price Petho &amp; Associates, Personal Injury Attorneys","description":"Charlotte Personal Injury Lawyers","potentialAction":[{"@type":"SearchAction","target":{"@type":"EntryPoint","urlTemplate":"https:\/\/priceattorneys.com\/es\/?s={search_term_string}"},"query-input":{"@type":"PropertyValueSpecification","valueRequired":true,"valueName":"search_term_string"}}],"inLanguage":"es"}]}},"_links":{"self":[{"href":"https:\/\/priceattorneys.com\/es\/wp-json\/wp\/v2\/pages\/5143","targetHints":{"allow":["GET"]}}],"collection":[{"href":"https:\/\/priceattorneys.com\/es\/wp-json\/wp\/v2\/pages"}],"about":[{"href":"https:\/\/priceattorneys.com\/es\/wp-json\/wp\/v2\/types\/page"}],"author":[{"embeddable":true,"href":"https:\/\/priceattorneys.com\/es\/wp-json\/wp\/v2\/users\/1"}],"replies":[{"embeddable":true,"href":"https:\/\/priceattorneys.com\/es\/wp-json\/wp\/v2\/comments?post=5143"}],"version-history":[{"count":0,"href":"https:\/\/priceattorneys.com\/es\/wp-json\/wp\/v2\/pages\/5143\/revisions"}],"up":[{"embeddable":true,"href":"https:\/\/priceattorneys.com\/es\/wp-json\/wp\/v2\/pages\/4969"}],"wp:attachment":[{"href":"https:\/\/priceattorneys.com\/es\/wp-json\/wp\/v2\/media?parent=5143"}],"curies":[{"name":"wp","href":"https:\/\/api.w.org\/{rel}","templated":true}]}}