{"id":5146,"date":"2020-06-13T11:28:24","date_gmt":"2020-06-13T11:28:24","guid":{"rendered":"https:\/\/priceattorneys.com\/?page_id=5146"},"modified":"2024-03-27T18:58:59","modified_gmt":"2024-03-27T18:58:59","slug":"accidente-de-camion","status":"publish","type":"page","link":"https:\/\/priceattorneys.com\/es\/lesiones-personales\/accidente-de-camion\/","title":{"rendered":"Accidente de Cami\u00f3n"},"content":{"rendered":"\n\n\t\t\t\t<img decoding=\"async\" src=\"https:\/\/priceattorneys.com\/wp-content\/uploads\/2022\/03\/red-truck.jpg\" alt=\"Trucking accident lawyer Charlotte\" itemprop=\"image\" height=\"621\" width=\"1245\" title=\"red-truck\" onerror=\"this.style.display='none'\"  \/>\n\t<h1>Abogados de Accidentes de Camiones en Charlotte, NC<\/h1>\n<h2>Defensa calificada para las v\u00edctimas de accidentes de camiones comerciales en Carolina del Norte<\/h2>\n<p>Cuando viaja al trabajo, la escuela o hace mandados, lo m\u00e1s probable es que conduzca cerca de un veh\u00edculo motorizado comercial (CMV). Los veh\u00edculos comerciales y los camiones recorren las carreteras de Charlotte y sus alrededores todos los d\u00edas. Estos veh\u00edculos juegan un papel crucial no solo en la econom\u00eda de esta ciudad, sino tambi\u00e9n en todo Carolina del Norte y los Estados Unidos. Sin embargo, los camiones comerciales grandes pueden provocar lesiones importantes en caso de que se vean involucrados en un accidente con otros veh\u00edculos m\u00e1s peque\u00f1os.<\/p>\n<p>En Price, Petho &amp; Asociados, nuestro equipo experto est\u00e1 aqu\u00ed para ayudarlo cuando necesite un abogado de accidentes de camiones comerciales de Charlotte a su lado. Si las acciones de un conductor de cami\u00f3n o una empresa de camiones le han causado da\u00f1o, trabajaremos para asegurar una compensaci\u00f3n total por sus p\u00e9rdidas. Contamos con los recursos necesarios para manejar todos los aspectos de este tipo de reclamos y sabemos lo que se necesita para ayudar a los clientes a recuperar una compensaci\u00f3n completa por sus p\u00e9rdidas.<\/p>\n\t<h2>\u00bfQu\u00e9 le gustar\u00eda saber?<\/h2>\n\t<ul>\n<li><a href=\"#FAQ1\">\u00bfQu\u00e9 tan comunes son los accidentes de camiones comerciales en Charlotte?<\/a><\/li>\n<li><a href=\"#FAQ2\">\u00bfQu\u00e9 accidentes son exclusivos de los camiones?<\/a><\/li>\n<li><a href=\"#FAQ3\">\u00bfQu\u00e9 tipos de lesiones causan los accidentes de camiones?<\/a><\/li>\n<li><a href=\"#FAQ4\">\u00bfPor qu\u00e9 ocurren los accidentes de camiones comerciales en Charlotte?<\/a><\/li>\n<\/ul>\n\t<ul>\n<li><a href=\"#FAQ5\">\u00bfCu\u00e1l es el valor de mi caso de accidente de cami\u00f3n en Charlotte?<\/a><\/li>\n<li><a href=\"#FAQ6\">\u00bfCu\u00e1nto tiempo tengo para presentar mi reclamo por accidente de cami\u00f3n comercial?<\/a><\/li>\n<li><a href=\"#FAQ7\">\u00bfHay un abogado de accidentes de camiones cerca de m\u00ed?<\/a><\/li>\n<\/ul>\n\t\t\t\t<img decoding=\"async\" src=\"https:\/\/priceattorneys.com\/wp-content\/uploads\/2022\/03\/Truck-Accidents-1.jpg\" alt=\"Truck accidents in NC\" itemprop=\"image\" height=\"810\" width=\"900\" title=\"Truck Accidents\" onerror=\"this.style.display='none'\"  \/>\n\t<h2>\u00bfQu\u00e9 tan comunes son los accidentes de camiones comerciales en Charlotte?<\/h2>\n<p><a href=\"https:\/\/connect.ncdot.gov\/resources\/safety\/Documents\/Crash%20Data%20and%20Information\/2020.pdf\">Departamento de Transporte de Carolina del Norte<\/a>(NC DOT) datos de 2020 muestran una cantidad significativa de accidentes de veh\u00edculos motorizados comerciales aqu\u00ed en el condado de Mecklenburg:<\/p>\n<ul>\n<li>Choques de camiones con remolque: 838 choques, con 162 heridos y 9 muertes<\/li>\n<li>Choques de autobuses escolares: 101 choques, con 22 heridos y 1 fatalidad<\/li>\n<li>Choques de autobuses comerciales: 238 choques, con 47 heridos y 2 muertes<\/li>\n<li>Choques de camiones de una sola unidad: 394 choques, con 77 heridos y 1 fatalidad<\/li>\n<li>Choques de camiones de bomberos: 28 choques y 2 heridos<\/li>\n<\/ul>\n<p>Sin embargo, el hecho de que estos sean los \u00fanicos tipos espec\u00edficos de veh\u00edculos enumerados por el NCDOT no significa que sean los \u00fanicos tipos de camiones grandes involucrados en accidentes cada a\u00f1o. Otros tipos de camiones comerciales que pueden provocar lesiones importantes si ocurre un choque incluyen los siguientes:<\/p>\n<ul>\n<li>Camiones de reparto (UPS, FedEx, USPS, Amazon, etc.)<\/li>\n<li>Furgonetas de carga<\/li>\n<li>Camiones de basura y reciclaje<\/li>\n<li>Veh\u00edculos de construcci\u00f3n<\/li>\n<\/ul>\n<p>Los camiones comerciales grandes son especialmente peligrosos en las carreteras debido a su tama\u00f1o y peso. Un cami\u00f3n con remolque completamente cargado puede pesar hasta 80,000 libras, mientras que los veh\u00edculos de pasajeros tradicionales pesan, en promedio, 4,000 libras. Es probable que los automovilistas sufran lesiones graves si un <a href=\"https:\/\/priceattorneys.com\/es\/lesiones-personales\/accidentes-automovilisticos\/\">accidente automovil\u00edstico<\/a> ocurre involucrando un cami\u00f3n grande.<\/p>\n\t<h2>\u00bfQu\u00e9 accidentes son exclusivos de los camiones?<\/h2>\n<p>Si bien los conductores de camiones pueden tener los mismos tipos de accidentes que los autom\u00f3viles o las motocicletas, hay algunos accidentes que son exclusivos de camiones y veh\u00edculos comerciales. Incluyen:<\/p>\n<p><strong>Accidentes de anulaci\u00f3n<\/strong><\/p>\n<p>Un accidente de anulaci\u00f3n ocurre cuando un veh\u00edculo de pasajeros choca con un cami\u00f3n comercial y pasa por debajo del remolque del cami\u00f3n. Estos choques generalmente ocurren cuando un autom\u00f3vil choca contra la parte trasera o lateral de un cami\u00f3n comercial grande. Si un cami\u00f3n frena repentinamente o cambia de carril de manera insegura, podr\u00eda causar un accidente de anulaci\u00f3n. Por otro lado, un conductor puede chocar contra la parte trasera o lateral de un cami\u00f3n comercial que est\u00e1 estacionado al costado de la carretera. Estos choques pueden provocar lesiones graves y catastr\u00f3ficas, y con frecuencia son fatales.<\/p>\n<p>El gobierno federal ha establecido varias regulaciones para ayudar a prevenir accidentes de anulaci\u00f3n. Con las medidas de seguridad adecuadas, muchos de estos accidentes pueden evitarse. Si un camionero negligente caus\u00f3 su accidente, lo ayudaremos a presentar un reclamo para buscar justicia.<\/p>\n<p>Seg\u00fan las leyes federales, los conductores de camiones deben:<\/p>\n<ul>\n<li>Instale barandas certificadas por el gobierno federal<\/li>\n<li>Proporcionar un mantenimiento adecuado para las luces traseras y de freno.<\/li>\n<li>Use cinta reflectante para aumentar la visibilidad del cami\u00f3n.<\/li>\n<li>Evite aparcar en zonas poco iluminadas de la v\u00eda<\/li>\n<\/ul>\n<p>Si no se utilizan equipos de seguridad, como cintas reflectantes y barandillas, puede aumentar el riesgo de un accidente fatal de anulaci\u00f3n. Adem\u00e1s, los conductores de camiones deben colocar se\u00f1ales reflectantes de peligro cuando el cami\u00f3n est\u00e9 estacionado junto a la carretera. Si el conductor de un cami\u00f3n frena repentinamente, conduce de manera imprudente o no cumple con las normas federales, puede ser responsable de las lesiones que ocurran.<\/p>\n<p><strong>Vuelcos<\/strong><\/p>\n<p>Los choques de volcadura de camiones resultan en miles de lesiones cada a\u00f1o en los Estados Unidos. Las v\u00edctimas pueden sufrir una variedad de lesiones, como lesiones cerebrales traum\u00e1ticas, laceraciones, lesiones por quemaduras, traumatismo de la m\u00e9dula espinal, lesiones de tejidos blandos, huesos rotos, amputaciones accidentales, par\u00e1lisis y otras lesiones catastr\u00f3ficas.<\/p>\n<p>Las causas m\u00e1s comunes de vuelcos de camiones son:<\/p>\n<ol>\n<li><strong>Error del controlador: <\/strong>La falta de atenci\u00f3n del conductor, la somnolencia y el mal comportamiento al conducir pueden causar un accidente de vuelco. De hecho, se estima que el error del conductor es, al menos en parte, responsable de m\u00e1s del 75 % de todos los accidentes con vuelcos de camiones. Exceso de velocidad, no mantener el carril y frenar o acelerar repentinamente podr\u00eda provocar un accidente mortal. Conducir ebrio o distra\u00eddo tambi\u00e9n podr\u00eda resultar en un vuelco del cami\u00f3n.<\/li>\n<li><strong>Equipo defectuoso: <\/strong>El mantenimiento deficiente del cami\u00f3n en s\u00ed ha resultado en muchos accidentes de vuelco. En un estudio realizado por la Administraci\u00f3n Federal de Seguridad de Autotransportes (FMCSA), aproximadamente el 55% de todos los vuelcos de camiones fueron causados \u200b\u200bpor un defecto en los frenos. Los conductores de camiones y los equipos de mantenimiento tienen la responsabilidad de garantizar que el cami\u00f3n est\u00e9 en condiciones de funcionamiento adecuadas antes de cada viaje.<\/li>\n<li><strong>Carga mal cargada: <\/strong>La carga desequilibrada y sobrecargada podr\u00eda hacer que el centro de gravedad se desplace mientras el cami\u00f3n est\u00e1 en movimiento. Para los camiones que transportan carga l\u00edquida, el chapoteo del l\u00edquido podr\u00eda desequilibrar el cami\u00f3n. Esto podr\u00eda hacer que la carga se vuelque y provoque un choque por vuelco.<\/li>\n<\/ol>\n<p><strong>Navajas<\/strong><\/p>\n<p>Los camiones con remolque y los camiones de 18 ruedas tienen dos partes: una cabina y un remolque. Cuando un cami\u00f3n se dobla, la cabina y el remolque se mueven uno cerca del otro en forma de \u00abV\u00bb, como lo hace una navaja de bolsillo. Un cami\u00f3n con navaja puede golpear varios veh\u00edculos (y\/u objetos estacionarios) a la vez, lo que hace que una navaja sea un tipo de evento particularmente peligroso.<\/p>\n<p>Las navajas generalmente son el resultado de incidentes relacionados con el exceso de velocidad, como no poder tomar una curva o girar, o pisar los frenos con demasiada fuerza en un intento de detenerse. En algunos casos, pueden ser el resultado de malas condiciones de la carretera o mal tiempo, o piezas defectuosas del cami\u00f3n, como neum\u00e1ticos.<\/p>\n\t<h2>\u00bfQu\u00e9 tipos de lesiones causan los accidentes de camiones?<\/h2>\n<p>En Price, Petho &amp; Asociados, nuestros abogados de accidentes de camiones comerciales de Charlotte tienen una amplia experiencia ayudando a los clientes despu\u00e9s de sus lesiones. Regularmente ayudamos a las v\u00edctimas que han sufrido las siguientes lesiones graves y que alteran la vida:<\/p>\n\t<ul>\n<li>Huesos rotos y dislocados<\/li>\n<li><a href=\"https:\/\/priceattorneys.com\/es\/lesiones-personales\/lesiones-catastroficas\/lesiones-por-quemaduras\/\">Lesiones por quemaduras<\/a><\/li>\n<li>Laceraciones graves y heridas punzantes.<\/li>\n<li><a href=\"https:\/\/priceattorneys.com\/es\/lesiones-personales\/lesiones-catastroficas\/lesiones-cerebrales\/\">Lesiones cerebrales traum\u00e1ticas<\/a><\/li>\n<li>Heridas abiertas en la cabeza<\/li>\n<li><a href=\"https:\/\/priceattorneys.com\/es\/lesiones-personales\/lesiones-catastroficas\/lesiones-de-la-medula-espinal\/\">Lesiones de la m\u00e9dula espinal<\/a><\/li>\n<\/ul>\n\t<ul>\n<li>Lesiones en la cabeza, el cuello y la espalda<\/li>\n<li>lesiones por aplastamiento<\/li>\n<li>Amputaciones traum\u00e1ticas<\/li>\n<li><a href=\"https:\/\/priceattorneys.com\/es\/lesiones-personales\/muerte-injusta\/\">Muerte injusta<\/a><\/li>\n<li>Da\u00f1o a \u00f3rganos internos<\/li>\n<li>Hemorragia interna<\/li>\n<\/ul>\n\t<p>Tambi\u00e9n es probable que las v\u00edctimas involucradas en accidentes de camiones comerciales experimenten un trauma emocional o psicol\u00f3gico despu\u00e9s, generalmente causado por el estr\u00e9s del accidente en s\u00ed, as\u00ed como por las lesiones resultantes y el proceso de recuperaci\u00f3n.<\/p>\n\t\t\t\t<img decoding=\"async\" src=\"https:\/\/priceattorneys.com\/wp-content\/uploads\/2022\/03\/Price-Attorneys-Offices.jpg\" alt=\"Price-Attorneys-Offices\" itemprop=\"image\" height=\"499\" width=\"770\" title=\"Price-Attorneys-Offices\" onerror=\"this.style.display='none'\"  \/>\n\t<h2>\u00bfPor qu\u00e9 ocurren los accidentes de camiones comerciales en Charlotte?<\/h2>\n<p>Los accidentes que involucran camiones comerciales en Charlotte a menudo involucran las acciones negligentes de un conductor de cami\u00f3n o una compa\u00f1\u00eda de camiones, o incluso un fabricante de camiones. Los accidentes pueden ocurrir por:<\/p>\n<ul>\n<li>Conductores deteriorado por el alcohol o drogas<\/li>\n<li>Conductores distra\u00eddo por los tel\u00e9fonos u otros dispositivos<\/li>\n<li>No seguir las regulaciones federales de horas de servicio (HOS)<\/li>\n<li>No inspeccionar y mantener minuciosamente cada veh\u00edculo<\/li>\n<li>Incumplimiento de las leyes de tr\u00e1nsito<\/li>\n<li>Carga mal cargada<\/li>\n<li>Falta de mantenimiento adecuado de los camiones.<\/li>\n<li>Partes defectuosas del veh\u00edculo, como llantas defectuosas<\/li>\n<\/ul>\n<p>Como puede ver, los accidentes por estas causas son prevenibles. Si usted o un ser querido result\u00f3 herido en un accidente de cami\u00f3n comercial que no fue su culpa, es probable que sea elegible para una compensaci\u00f3n. Los abogados de Price, Petho &amp; Asociados pueden ayudar.<\/p>\n\t<h2>\u00bfCu\u00e1l es el valor de mi caso de accidente de cami\u00f3n en Charlotte?<\/h2>\n<p>Si result\u00f3 gravemente lesionado en un accidente causado por las acciones descuidadas o negligentes de un conductor de cami\u00f3n o una empresa de camiones, es importante que se comunique con un abogado lo antes posible. Nuestros abogados expertos en accidentes de camiones en Charlotte tienen una <a href=\"https:\/\/priceattorneys.com\/case-results\/\">largo historial de \u00e9xito<\/a> asegurar la compensaci\u00f3n para nuestros clientes, incluyendo:<\/p>\n<ul>\n<li>Cobertura completa de las facturas m\u00e9dicas relacionadas con el accidente<\/li>\n<li>P\u00e9rdida de ingresos si no puede trabajar<\/li>\n<li>Gastos de bolsillo relacionados con sus lesiones<\/li>\n<li>Dolor y sufrimiento<\/li>\n<li>P\u00e9rdida del disfrute de la vida.<\/li>\n<li>Posibles da\u00f1os punitivos, en casos de negligencia grave<\/li>\n<\/ul>\n<p>Sin embargo, la cantidad total de compensaci\u00f3n disponible depende de sus circunstancias personales. Es por eso que trabajamos con su equipo m\u00e9dico, as\u00ed como con testigos expertos, para determinar exactamente cu\u00e1nto han afectado y afectar\u00e1n sus lesiones su vida cotidiana.<\/p>\n<p>Debido a la naturaleza de los accidentes de camiones, determinar la responsabilidad puede ser un desaf\u00edo. Para la mayor\u00eda de los accidentes de veh\u00edculos comerciales que ocurren en el \u00e1rea de Charlotte, las v\u00edctimas de lesiones tambi\u00e9n deben lidiar con:<\/p>\n<ul>\n<li>Varias compa\u00f1\u00edas de seguros<\/li>\n<li>La empresa que posee o alquila el veh\u00edculo comercial<\/li>\n<li>Agencias reguladoras estatales o federales<\/li>\n<li>Varios equipos legales<\/li>\n<\/ul>\n<p>Cuando tomamos su caso, puede dejar de lado sus preocupaciones y dejar que nosotros nos encarguemos del proceso legal mientras se toma el tiempo que necesita para recuperarse de sus lesiones.<\/p>\n\t<h2>\u00bfCu\u00e1nto tiempo tengo para presentar mi reclamo por accidente de cami\u00f3n comercial?<\/h2>\n<p>Si se lesiona en un accidente de cami\u00f3n en Charlotte, debe conocer los plazos para presentar un reclamo legal. El estatuto de limitaciones de lesiones personales de Carolina del Norte es de tres a\u00f1os a partir de la fecha en que ocurre un accidente o lesi\u00f3n. Esto significa que usted, o su ser querido, tiene una ventana de tres a\u00f1os para presentar una demanda contra un presunto conductor de cami\u00f3n o empresa de camiones negligente. De lo contrario, es probable que pierda la oportunidad de recuperar la compensaci\u00f3n a la que tiene derecho.<\/p>\n<p>Es importante comenzar con estos casos lo antes posible. A menudo, las v\u00edctimas terminan negociando con compa\u00f1\u00edas de seguros agresivas que intentar\u00e1n retrasar un acuerdo el mayor tiempo posible. Nuestros abogados pueden hacer avanzar este proceso y abogar para que funcione a su favor.<\/p>\n\t<h2>\u00bfHay un abogado de accidentes de camiones cerca de m\u00ed?<\/h2>\n<p>Price, Petho &amp; Asociados tiene una oficina en 1430 Elizabeth Ave en Charlotte. Tambi\u00e9n mantenemos oficinas en Rockingham y Rutherfordton para su comodidad. Si est\u00e1 demasiado lesionado para acudir a nosotros, tambi\u00e9n hacemos visitas a domicilio y al hospital.<\/p>\n<h3>Abogados de accidentes de camiones grandes de Charlotte de su lado<\/h3>\n<p>Si usted o alguien a quien ama result\u00f3 lesionado en un accidente que involucr\u00f3 un veh\u00edculo motorizado comercial en el \u00e1rea de Charlotte o sus alrededores, comun\u00edquese con el equipo de Price, Petho &amp; Asociados para obtener ayuda hoy. Nuestros abogados tienen una amplia experiencia en el manejo de reclamos complejos de accidentes de veh\u00edculos en todo el estado, y contamos con los recursos y el conocimiento necesarios para ayudarlo a recuperar la compensaci\u00f3n que necesita. Para programar una consulta gratuita, llame <a href=\"tel:7043722160\">704-372-2160<\/a> o llena nuestro Formulario de contacto hoy dia. Sirviendo a Carlota, Rockingham, Rutherfordton, Carolina del Norte y Carolina del Sur.<\/p>\n\n","protected":false},"excerpt":{"rendered":"<p>Abogados de Accidentes de Camiones en Charlotte, NC Defensa calificada para las v\u00edctimas de accidentes de camiones comerciales en Carolina del Norte Cuando viaja al trabajo, la escuela o hace mandados, lo m\u00e1s probable es que conduzca cerca de un veh\u00edculo motorizado comercial (CMV). Los veh\u00edculos comerciales y los camiones recorren las carreteras de Charlotte&hellip;<\/p>\n","protected":false},"author":1,"featured_media":0,"parent":4969,"menu_order":0,"comment_status":"closed","ping_status":"closed","template":"","meta":{"footnotes":""},"class_list":["post-5146","page","type-page","status-publish","hentry"],"yoast_head":"<!-- This site is optimized with the Yoast SEO plugin v27.3 - https:\/\/yoast.com\/product\/yoast-seo-wordpress\/ -->\n<title>Accidente de Cami\u00f3n | Price Petho &amp; Associates, Personal Injury Attorneys<\/title>\n<meta name=\"robots\" content=\"index, follow, max-snippet:-1, max-image-preview:large, max-video-preview:-1\" \/>\n<link rel=\"canonical\" href=\"https:\/\/priceattorneys.com\/es\/lesiones-personales\/accidente-de-camion\/\" \/>\n<meta property=\"og:locale\" content=\"es_ES\" \/>\n<meta property=\"og:type\" content=\"article\" \/>\n<meta property=\"og:title\" content=\"Accidente de Cami\u00f3n | Price Petho &amp; Associates, Personal Injury Attorneys\" \/>\n<meta property=\"og:description\" content=\"Abogados de Accidentes de Camiones en Charlotte, NC Defensa calificada para las v\u00edctimas de accidentes de camiones comerciales en Carolina del Norte Cuando viaja al trabajo, la escuela o hace mandados, lo m\u00e1s probable es que conduzca cerca de un veh\u00edculo motorizado comercial (CMV). Los veh\u00edculos comerciales y los camiones recorren las carreteras de Charlotte&hellip;\" \/>\n<meta property=\"og:url\" content=\"https:\/\/priceattorneys.com\/es\/lesiones-personales\/accidente-de-camion\/\" \/>\n<meta property=\"og:site_name\" content=\"Price Petho &amp; Associates, Personal Injury Attorneys\" \/>\n<meta property=\"article:modified_time\" content=\"2024-03-27T18:58:59+00:00\" \/>\n<meta property=\"og:image\" content=\"https:\/\/priceattorneys.com\/wp-content\/uploads\/2022\/03\/red-truck.jpg\" \/>\n<meta name=\"twitter:card\" content=\"summary_large_image\" \/>\n<meta name=\"twitter:label1\" content=\"Tiempo de lectura\" \/>\n\t<meta name=\"twitter:data1\" content=\"11 minutos\" \/>\n<script type=\"application\/ld+json\" class=\"yoast-schema-graph\">{\"@context\":\"https:\\\/\\\/schema.org\",\"@graph\":[{\"@type\":\"WebPage\",\"@id\":\"https:\\\/\\\/priceattorneys.com\\\/es\\\/lesiones-personales\\\/accidente-de-camion\\\/\",\"url\":\"https:\\\/\\\/priceattorneys.com\\\/es\\\/lesiones-personales\\\/accidente-de-camion\\\/\",\"name\":\"Accidente de Cami\u00f3n | Price Petho &amp; Associates, Personal Injury Attorneys\",\"isPartOf\":{\"@id\":\"https:\\\/\\\/priceattorneys.com\\\/es\\\/#website\"},\"primaryImageOfPage\":{\"@id\":\"https:\\\/\\\/priceattorneys.com\\\/es\\\/lesiones-personales\\\/accidente-de-camion\\\/#primaryimage\"},\"image\":{\"@id\":\"https:\\\/\\\/priceattorneys.com\\\/es\\\/lesiones-personales\\\/accidente-de-camion\\\/#primaryimage\"},\"thumbnailUrl\":\"https:\\\/\\\/priceattorneys.com\\\/wp-content\\\/uploads\\\/2022\\\/03\\\/red-truck.jpg\",\"datePublished\":\"2020-06-13T11:28:24+00:00\",\"dateModified\":\"2024-03-27T18:58:59+00:00\",\"breadcrumb\":{\"@id\":\"https:\\\/\\\/priceattorneys.com\\\/es\\\/lesiones-personales\\\/accidente-de-camion\\\/#breadcrumb\"},\"inLanguage\":\"es\",\"potentialAction\":[{\"@type\":\"ReadAction\",\"target\":[\"https:\\\/\\\/priceattorneys.com\\\/es\\\/lesiones-personales\\\/accidente-de-camion\\\/\"]}]},{\"@type\":\"ImageObject\",\"inLanguage\":\"es\",\"@id\":\"https:\\\/\\\/priceattorneys.com\\\/es\\\/lesiones-personales\\\/accidente-de-camion\\\/#primaryimage\",\"url\":\"https:\\\/\\\/priceattorneys.com\\\/wp-content\\\/uploads\\\/2022\\\/03\\\/red-truck.jpg\",\"contentUrl\":\"https:\\\/\\\/priceattorneys.com\\\/wp-content\\\/uploads\\\/2022\\\/03\\\/red-truck.jpg\"},{\"@type\":\"BreadcrumbList\",\"@id\":\"https:\\\/\\\/priceattorneys.com\\\/es\\\/lesiones-personales\\\/accidente-de-camion\\\/#breadcrumb\",\"itemListElement\":[{\"@type\":\"ListItem\",\"position\":1,\"name\":\"Home\",\"item\":\"https:\\\/\\\/priceattorneys.com\\\/es\\\/\"},{\"@type\":\"ListItem\",\"position\":2,\"name\":\"Lesiones Personales\",\"item\":\"https:\\\/\\\/priceattorneys.com\\\/es\\\/lesiones-personales\\\/\"},{\"@type\":\"ListItem\",\"position\":3,\"name\":\"Accidente de Cami\u00f3n\"}]},{\"@type\":\"WebSite\",\"@id\":\"https:\\\/\\\/priceattorneys.com\\\/es\\\/#website\",\"url\":\"https:\\\/\\\/priceattorneys.com\\\/es\\\/\",\"name\":\"Price Petho &amp; Associates, Personal Injury Attorneys\",\"description\":\"Charlotte Personal Injury Lawyers\",\"potentialAction\":[{\"@type\":\"SearchAction\",\"target\":{\"@type\":\"EntryPoint\",\"urlTemplate\":\"https:\\\/\\\/priceattorneys.com\\\/es\\\/?s={search_term_string}\"},\"query-input\":{\"@type\":\"PropertyValueSpecification\",\"valueRequired\":true,\"valueName\":\"search_term_string\"}}],\"inLanguage\":\"es\"}]}<\/script>\n<!-- \/ Yoast SEO plugin. -->","yoast_head_json":{"title":"Accidente de Cami\u00f3n | Price Petho &amp; Associates, Personal Injury Attorneys","robots":{"index":"index","follow":"follow","max-snippet":"max-snippet:-1","max-image-preview":"max-image-preview:large","max-video-preview":"max-video-preview:-1"},"canonical":"https:\/\/priceattorneys.com\/es\/lesiones-personales\/accidente-de-camion\/","og_locale":"es_ES","og_type":"article","og_title":"Accidente de Cami\u00f3n | Price Petho &amp; Associates, Personal Injury Attorneys","og_description":"Abogados de Accidentes de Camiones en Charlotte, NC Defensa calificada para las v\u00edctimas de accidentes de camiones comerciales en Carolina del Norte Cuando viaja al trabajo, la escuela o hace mandados, lo m\u00e1s probable es que conduzca cerca de un veh\u00edculo motorizado comercial (CMV). Los veh\u00edculos comerciales y los camiones recorren las carreteras de Charlotte&hellip;","og_url":"https:\/\/priceattorneys.com\/es\/lesiones-personales\/accidente-de-camion\/","og_site_name":"Price Petho &amp; Associates, Personal Injury Attorneys","article_modified_time":"2024-03-27T18:58:59+00:00","og_image":[{"url":"https:\/\/priceattorneys.com\/wp-content\/uploads\/2022\/03\/red-truck.jpg","type":"","width":"","height":""}],"twitter_card":"summary_large_image","twitter_misc":{"Tiempo de lectura":"11 minutos"},"schema":{"@context":"https:\/\/schema.org","@graph":[{"@type":"WebPage","@id":"https:\/\/priceattorneys.com\/es\/lesiones-personales\/accidente-de-camion\/","url":"https:\/\/priceattorneys.com\/es\/lesiones-personales\/accidente-de-camion\/","name":"Accidente de Cami\u00f3n | Price Petho &amp; Associates, Personal Injury Attorneys","isPartOf":{"@id":"https:\/\/priceattorneys.com\/es\/#website"},"primaryImageOfPage":{"@id":"https:\/\/priceattorneys.com\/es\/lesiones-personales\/accidente-de-camion\/#primaryimage"},"image":{"@id":"https:\/\/priceattorneys.com\/es\/lesiones-personales\/accidente-de-camion\/#primaryimage"},"thumbnailUrl":"https:\/\/priceattorneys.com\/wp-content\/uploads\/2022\/03\/red-truck.jpg","datePublished":"2020-06-13T11:28:24+00:00","dateModified":"2024-03-27T18:58:59+00:00","breadcrumb":{"@id":"https:\/\/priceattorneys.com\/es\/lesiones-personales\/accidente-de-camion\/#breadcrumb"},"inLanguage":"es","potentialAction":[{"@type":"ReadAction","target":["https:\/\/priceattorneys.com\/es\/lesiones-personales\/accidente-de-camion\/"]}]},{"@type":"ImageObject","inLanguage":"es","@id":"https:\/\/priceattorneys.com\/es\/lesiones-personales\/accidente-de-camion\/#primaryimage","url":"https:\/\/priceattorneys.com\/wp-content\/uploads\/2022\/03\/red-truck.jpg","contentUrl":"https:\/\/priceattorneys.com\/wp-content\/uploads\/2022\/03\/red-truck.jpg"},{"@type":"BreadcrumbList","@id":"https:\/\/priceattorneys.com\/es\/lesiones-personales\/accidente-de-camion\/#breadcrumb","itemListElement":[{"@type":"ListItem","position":1,"name":"Home","item":"https:\/\/priceattorneys.com\/es\/"},{"@type":"ListItem","position":2,"name":"Lesiones Personales","item":"https:\/\/priceattorneys.com\/es\/lesiones-personales\/"},{"@type":"ListItem","position":3,"name":"Accidente de Cami\u00f3n"}]},{"@type":"WebSite","@id":"https:\/\/priceattorneys.com\/es\/#website","url":"https:\/\/priceattorneys.com\/es\/","name":"Price Petho &amp; Associates, Personal Injury Attorneys","description":"Charlotte Personal Injury Lawyers","potentialAction":[{"@type":"SearchAction","target":{"@type":"EntryPoint","urlTemplate":"https:\/\/priceattorneys.com\/es\/?s={search_term_string}"},"query-input":{"@type":"PropertyValueSpecification","valueRequired":true,"valueName":"search_term_string"}}],"inLanguage":"es"}]}},"_links":{"self":[{"href":"https:\/\/priceattorneys.com\/es\/wp-json\/wp\/v2\/pages\/5146","targetHints":{"allow":["GET"]}}],"collection":[{"href":"https:\/\/priceattorneys.com\/es\/wp-json\/wp\/v2\/pages"}],"about":[{"href":"https:\/\/priceattorneys.com\/es\/wp-json\/wp\/v2\/types\/page"}],"author":[{"embeddable":true,"href":"https:\/\/priceattorneys.com\/es\/wp-json\/wp\/v2\/users\/1"}],"replies":[{"embeddable":true,"href":"https:\/\/priceattorneys.com\/es\/wp-json\/wp\/v2\/comments?post=5146"}],"version-history":[{"count":1,"href":"https:\/\/priceattorneys.com\/es\/wp-json\/wp\/v2\/pages\/5146\/revisions"}],"predecessor-version":[{"id":6972,"href":"https:\/\/priceattorneys.com\/es\/wp-json\/wp\/v2\/pages\/5146\/revisions\/6972"}],"up":[{"embeddable":true,"href":"https:\/\/priceattorneys.com\/es\/wp-json\/wp\/v2\/pages\/4969"}],"wp:attachment":[{"href":"https:\/\/priceattorneys.com\/es\/wp-json\/wp\/v2\/media?parent=5146"}],"curies":[{"name":"wp","href":"https:\/\/api.w.org\/{rel}","templated":true}]}}