{"id":5149,"date":"2022-03-18T22:09:14","date_gmt":"2022-03-18T22:09:14","guid":{"rendered":"https:\/\/priceattorneys.com\/?page_id=5149"},"modified":"2024-03-27T18:55:10","modified_gmt":"2024-03-27T18:55:10","slug":"accidente-de-motocicleta","status":"publish","type":"page","link":"https:\/\/priceattorneys.com\/es\/lesiones-personales\/accidente-de-motocicleta\/","title":{"rendered":"Accidente de Motocicleta"},"content":{"rendered":"\n\n\t\t\t\t<img decoding=\"async\" src=\"https:\/\/priceattorneys.com\/wp-content\/uploads\/2022\/03\/motorcycles.jpg\" alt=\"Motorcycle accident lawyer Charlotte\" itemprop=\"image\" height=\"621\" width=\"1245\" title=\"motorcycles\" onerror=\"this.style.display='none'\"  \/>\n\t<h1>Abogados de Accidentes de Motocicleta en Charlotte, NC<\/h1>\n<h2>Defensa calificada para las v\u00edctimas de accidentes de motocicleta en Carolina del Norte<\/h2>\n<p>Las motocicletas pueden ser veh\u00edculos emocionantes para operar, pero la realidad es que tambi\u00e9n presentan riesgos significativos para los conductores. La libertad de andar en bicicleta es tambi\u00e9n el factor que los hace inseguros: la falta de marco y protecci\u00f3n alrededor de la motocicleta. Cuando otros automovilistas act\u00faan descuidadamente alrededor de los motociclistas, puede provocar accidentes tr\u00e1gicos o catastr\u00f3ficos.<\/p>\n<p>En Price, Petho &amp; Asociados, nuestro equipo est\u00e1 aqu\u00ed para ayudarlo cuando necesite un abogado experto en accidentes de motocicleta a su lado. Tenemos una amplia experiencia en el manejo de casos complejos de lesiones personales aqu\u00ed en Charlotte y en todo el estado. Contamos con una amplia red de recursos profesionales disponibles para iniciar una investigaci\u00f3n exhaustiva de su accidente, lo que nos permite asignar la responsabilidad y trabajar para recuperar la compensaci\u00f3n por sus lesiones y p\u00e9rdidas.<\/p>\n\t<h2>\u00bfQu\u00e9 le gustar\u00eda saber?<\/h2>\n\t<ul>\n<li><a href=\"#FAQ1\">\u00bfCon qu\u00e9 frecuencia ocurren los accidentes de motocicleta en Charlotte?<\/a><\/li>\n<li><a href=\"#FAQ2\">\u00bfCu\u00e1les son algunas de las causas comunes de los accidentes de motocicleta?<\/a><\/li>\n<li><a href=\"#FAQ3\">\u00bfQu\u00e9 lesiones provocan los accidentes de moto?<\/a><\/li>\n<li><a href=\"#FAQ4\">\u00bfCu\u00e1les son las leyes de casco de Carolina del Norte?<\/a><\/li>\n<\/ul>\n\t<ul>\n<li><a href=\"#FAQ5\">\u00bfQui\u00e9n es responsable de mi accidente de motocicleta en Charlotte?<\/a><\/li>\n<li><a href=\"#FAQ6\">\u00bfCu\u00e1l es el valor de mi reclamo por accidente de motocicleta?<\/a><\/li>\n<li><a href=\"#FAQ7\">\u00bfHay un abogado de accidentes de motocicleta cerca de m\u00ed?<\/a><\/li>\n<\/ul>\n\t<h2>\u00bfCon qu\u00e9 frecuencia ocurren los accidentes de motocicleta en Charlotte?<\/h2>\n<p>Los accidentes que involucran a motociclistas a menudo resultan en lesiones devastadoras para los involucrados. Seg\u00fan datos de 2020 de la <a href=\"https:\/\/connect.ncdot.gov\/business\/DMV\/CrashFactsDocuments\/2020%20Crash%20Facts.pdf\">Departamento de Transporte de Carolina del Norte<\/a> (NC DOT), podemos ver que hubo 3,409 accidentes de motocicleta en total reportados en todo el estado. De estos incidentes, hubo 182 muertos y 2.684 heridos. Los choques alcanzaron su punto m\u00e1ximo en junio, con 425 accidentes, pero se produjeron m\u00e1s muertes en mayo, con veintis\u00e9is vidas perdidas en accidentes de motocicleta.<\/p>\n<p>Aqu\u00ed en el condado de Mecklenburg, 2020 vio un total de 231 accidentes de motocicleta, con 13 muertes.<\/p>\n\t<h2>\u00bfCu\u00e1les son algunas de las causas comunes de los accidentes de motocicleta?<\/h2>\n<p>Los accidentes que involucran a motociclistas en el \u00e1rea de Charlotte y sus alrededores ocurren en una amplia variedad de formas, a menudo debido a la negligencia de otros conductores. Algunas de las principales causas de estos accidentes incluyen las siguientes:<\/p>\n<ul>\n<li><strong>No ceder el derecho de paso<\/strong>. Ya sea que un conductor no vea una motocicleta o simplemente no siga las se\u00f1ales de tr\u00e1fico, no ceder el paso es una causa com\u00fan de colisiones.<\/li>\n<li><strong>Giros a la izquierda<\/strong>. Otra causa de accidentes es dar vuelta a la izquierda, ya sea la bicicleta u otro veh\u00edculo. Un conductor puede no ver la se\u00f1al de giro de un motociclista o girar a la izquierda frente a una bicicleta; cualquiera de las dos acciones puede provocar un bloqueo.<\/li>\n<li><strong>Exceso de velocidad y conducci\u00f3n temeraria<\/strong>. Conducir a altas velocidades aumenta la probabilidad de un accidente. El exceso de velocidad y la conducci\u00f3n agresiva pueden convertir un choque menor en uno catastr\u00f3fico, ya que los choques a alta velocidad causan mucho m\u00e1s da\u00f1o a los motociclistas, que pueden salir despedidos de sus bicicletas.<\/li>\n<li><a href=\"https:\/\/priceattorneys.com\/es\/lesiones-personales\/accidentes-automovilisticos\/carreteras-defectuosas\/\"><strong>Condiciones peligrosas de la carretera<\/strong><\/a>. Las condiciones peligrosas de la carretera, como baches, grava suelta y escombros, pueden hacer que un motociclista pierda el control de su bicicleta. Debido a que las motocicletas son m\u00e1s peque\u00f1as y menos estables que los veh\u00edculos de pasajeros, tienen menos capacidad para manejar caminos y carreteras inseguras.<\/li>\n<li><strong>Conducci\u00f3n deteriorada<\/strong>. Conducir bajo la influencia del alcohol o las drogas es peligroso para cualquier persona en la carretera, pero a\u00fan m\u00e1s peligroso para los motociclistas. Una vez m\u00e1s, la falta de protecci\u00f3n para los motociclistas puede hacer que cualquier colisi\u00f3n sea grave, pero es posible que los conductores discapacitados ni siquiera noten a un motociclista en la carretera, lo cual es una receta para el desastre.<\/li>\n<\/ul>\n<p>Las lesiones por accidentes de motocicleta pueden ser graves, y los abogados de Price, Petho &amp; Asociados trabajan para mostrar el verdadero alcance de sus p\u00e9rdidas y c\u00f3mo est\u00e1n afectando su vida.<\/p>\n\t<h2>\u00bfQu\u00e9 lesiones provocan los accidentes de moto?<\/h2>\n<p>Incluso cuando los motociclistas usan cascos y otros equipos de protecci\u00f3n, tienen muy poca protecci\u00f3n contra la fuerza de otro veh\u00edculo que los golpea. Nuestros abogados de accidentes de motocicleta en Charlotte ayudan regularmente a los clientes que han sufrido las siguientes lesiones:<\/p>\n<ul>\n<li>Huesos rotos o dislocados<\/li>\n<li>Laceraciones severas o heridas punzantes<\/li>\n<li>Erupci\u00f3n en la carretera<\/li>\n<li><a href=\"https:\/\/priceattorneys.com\/es\/lesiones-personales\/lesiones-catastroficas\/lesiones-por-quemaduras\/\">Lesiones por quemaduras<\/a><\/li>\n<li><a href=\"https:\/\/priceattorneys.com\/es\/lesiones-personales\/lesiones-catastroficas\/lesiones-cerebrales\/\">Lesiones cerebrales traum\u00e1ticas<\/a><\/li>\n<li><a href=\"https:\/\/priceattorneys.com\/personal-injury\/catastrophic-injuries\/spinal-cord-injury\/\">Lesiones de la m\u00e9dula espinal<\/a><\/li>\n<li>Da\u00f1o o sangrado de \u00f3rganos internos<\/li>\n<li><a href=\"https:\/\/priceattorneys.com\/es\/lesiones-personales\/muerte-injusta\/\">Muerte injusta<\/a><\/li>\n<\/ul>\n<p>Entendemos que las lesiones graves pueden afectar enormemente su vida. Incluso dejando de lado el dolor f\u00edsico y el trauma emocional, las cargas financieras de una lesi\u00f3n grave pueden cambiarlo todo, incluida su capacidad para ganarse la vida. Nuestros abogados trabajan para garantizar que las personas adecuadas rindan cuentas por sus acciones.<\/p>\n\t\t\t\t<img decoding=\"async\" src=\"https:\/\/priceattorneys.com\/wp-content\/uploads\/2022\/03\/house1.jpg\" alt=\"Price Petho &amp; Associates\" itemprop=\"image\" height=\"499\" width=\"770\" title=\"house1\" onerror=\"this.style.display='none'\"  \/>\n\t<h2>\u00bfCu\u00e1les son las leyes de casco de Carolina del Norte?<\/h2>\n<p>De acuerdo a <a href=\"https:\/\/www.ncdot.gov\/dmv\/license-id\/driver-licenses\/motorcycle\/Pages\/safety-helmet-law.aspx\">Ley de Carolina del Norte<\/a>, \u00abtodos los conductores y pasajeros de motocicletas y ciclomotores deben usar un casco de seguridad para motocicletas de un tipo que cumpla con la Norma Federal de Seguridad de Veh\u00edculos Motorizados 218\u00bb. Puede ver los detalles de esos est\u00e1ndares <a href=\"https:\/\/www.law.cornell.edu\/cfr\/text\/49\/571.218\">aqu\u00ed<\/a>.<\/p>\n\t<h2>\u00bfQui\u00e9n es responsable de mi accidente de motocicleta en Charlotte?<\/h2>\n<p>Las partes responsables de sus lesiones dependen de la causa de su accidente. Por ejemplo, si un automovilista negligente caus\u00f3 el choque, \u00e9l\/ella ser\u00eda responsable por sus lesiones y p\u00e9rdidas. Sin embargo, otras partes responsables podr\u00edan incluir:<\/p>\n<ul>\n<li>Gobierno o municipios si las condiciones viales inseguras causaron su accidente.<\/li>\n<li>Los fabricantes de veh\u00edculos si un pieza defectuosa result\u00f3 en un accidente.<\/li>\n<li>Las empresas de camiones, si <a href=\"https:\/\/priceattorneys.com\/es\/lesiones-personales\/accidente-de-camion\/\">accidente de cami\u00f3n<\/a> caus\u00f3 sus heridas.<\/li>\n<\/ul>\n<p>El equipo legal de Price, Petho &amp; Asociados trabaja para mostrar c\u00f3mo todas las partes responsables contribuyeron a su accidente y lesiones, y luego las responsabiliza.<\/p>\n\t<h2>\u00bfCu\u00e1l es el valor de mi reclamo por accidente de motocicleta?<\/h2>\n<p>Desde 1979, hemos estado manejando casos de lesiones personales y muerte por negligencia como resultado de accidentes de motocicleta, y obteniendo resultados en veredictos y acuerdos. Nuestros abogados de accidentes de motocicleta tienen un historial exitoso de ayudar a las personas a superar las t\u00e1cticas utilizadas por las compa\u00f1\u00edas de seguros para obtener la compensaci\u00f3n que necesitan y merecen, que incluyen:<\/p>\n<ul>\n<li>Cobertura total de sus facturas m\u00e9dicas, actuales y futuras<\/li>\n<li>P\u00e9rdida de ingresos y capacidad de ingresos futuros si no puede trabajar debido a sus lesiones<\/li>\n<li>Gastos de bolsillo relacionados con sus lesiones<\/li>\n<li>Dolor y sufrimiento<\/li>\n<li>P\u00e9rdida del disfrute de la vida.<\/li>\n<li>Posibles da\u00f1os punitivos, en casos de negligencia grave<\/li>\n<\/ul>\n<p>La cantidad exacta de compensaci\u00f3n a la que puede tener derecho depende de las circunstancias espec\u00edficas de su accidente, incluido el grado de negligencia por parte de la parte responsable, la gravedad de sus lesiones y c\u00f3mo afectar\u00e1n su vida diaria y su futuro.<\/p>\n\t<h2>\u00bfHay un abogado de accidentes de motocicleta cerca de m\u00ed?<\/h2>\n<p>Puede encontrar a Price, Petho &amp; Asociados en 1430 Elizabeth Ave en Charlotte. Tambi\u00e9n mantenemos oficinas en Rockingham y Rutherfordton para su comodidad. Si est\u00e1 demasiado lesionado para acudir a nosotros, tambi\u00e9n hacemos visitas a domicilio y al hospital.<\/p>\n<h3>Abogados confiables de accidentes de motocicleta en Charlotte<\/h3>\n<p>Si usted o alguien a quien ama ha resultado lesionado en un accidente de motocicleta causado por las acciones negligentes o descuidadas de otra persona, comun\u00edquese con el equipo de Price, Petho &amp; Asociados lo antes posible. Tenemos una amplia experiencia en el manejo de reclamos complejos de accidentes de motocicleta en el \u00e1rea de Charlotte y sus alrededores, y sabemos lo que se necesita para ayudarlo a obtener una compensaci\u00f3n total por sus p\u00e9rdidas. Esto puede incluir la cobertura de sus facturas m\u00e9dicas, gastos por da\u00f1os a la propiedad, p\u00e9rdida de ingresos, da\u00f1os por dolor y sufrimiento, y m\u00e1s. Cuando necesite un abogado de accidentes de motocicleta en Charlotte, puede contar con nosotros. Para programar una consulta gratuita, llame <a href=\"tel:7043722160\">704-372-2160<\/a> o llena nuestro Formulario de contacto hoy dia. Sirviendo a Carlota, Rockingham, Rutherfordton, Carolina del Norte y Carolina del Sur.<\/p>\n\n","protected":false},"excerpt":{"rendered":"<p>Abogados de Accidentes de Motocicleta en Charlotte, NC Defensa calificada para las v\u00edctimas de accidentes de motocicleta en Carolina del Norte Las motocicletas pueden ser veh\u00edculos emocionantes para operar, pero la realidad es que tambi\u00e9n presentan riesgos significativos para los conductores. La libertad de andar en bicicleta es tambi\u00e9n el factor que los hace inseguros:&hellip;<\/p>\n","protected":false},"author":1,"featured_media":0,"parent":4969,"menu_order":0,"comment_status":"closed","ping_status":"closed","template":"","meta":{"footnotes":""},"class_list":["post-5149","page","type-page","status-publish","hentry"],"yoast_head":"<!-- This site is optimized with the Yoast SEO plugin v27.2 - https:\/\/yoast.com\/product\/yoast-seo-wordpress\/ -->\n<title>Accidente de Motocicleta | Price Petho &amp; Associates, Personal Injury Attorneys<\/title>\n<meta name=\"robots\" content=\"index, follow, max-snippet:-1, max-image-preview:large, max-video-preview:-1\" \/>\n<link rel=\"canonical\" href=\"https:\/\/priceattorneys.com\/es\/lesiones-personales\/accidente-de-motocicleta\/\" \/>\n<meta property=\"og:locale\" content=\"es_ES\" \/>\n<meta property=\"og:type\" content=\"article\" \/>\n<meta property=\"og:title\" content=\"Accidente de Motocicleta | Price Petho &amp; Associates, Personal Injury Attorneys\" \/>\n<meta property=\"og:description\" content=\"Abogados de Accidentes de Motocicleta en Charlotte, NC Defensa calificada para las v\u00edctimas de accidentes de motocicleta en Carolina del Norte Las motocicletas pueden ser veh\u00edculos emocionantes para operar, pero la realidad es que tambi\u00e9n presentan riesgos significativos para los conductores. La libertad de andar en bicicleta es tambi\u00e9n el factor que los hace inseguros:&hellip;\" \/>\n<meta property=\"og:url\" content=\"https:\/\/priceattorneys.com\/es\/lesiones-personales\/accidente-de-motocicleta\/\" \/>\n<meta property=\"og:site_name\" content=\"Price Petho &amp; Associates, Personal Injury Attorneys\" \/>\n<meta property=\"article:modified_time\" content=\"2024-03-27T18:55:10+00:00\" \/>\n<meta property=\"og:image\" content=\"https:\/\/priceattorneys.com\/wp-content\/uploads\/2022\/03\/motorcycles.jpg\" \/>\n<meta name=\"twitter:card\" content=\"summary_large_image\" \/>\n<meta name=\"twitter:label1\" content=\"Tiempo de lectura\" \/>\n\t<meta name=\"twitter:data1\" content=\"7 minutos\" \/>\n<script type=\"application\/ld+json\" class=\"yoast-schema-graph\">{\"@context\":\"https:\/\/schema.org\",\"@graph\":[{\"@type\":\"WebPage\",\"@id\":\"https:\/\/priceattorneys.com\/es\/lesiones-personales\/accidente-de-motocicleta\/\",\"url\":\"https:\/\/priceattorneys.com\/es\/lesiones-personales\/accidente-de-motocicleta\/\",\"name\":\"Accidente de Motocicleta | Price Petho &amp; Associates, Personal Injury Attorneys\",\"isPartOf\":{\"@id\":\"https:\/\/priceattorneys.com\/es\/#website\"},\"primaryImageOfPage\":{\"@id\":\"https:\/\/priceattorneys.com\/es\/lesiones-personales\/accidente-de-motocicleta\/#primaryimage\"},\"image\":{\"@id\":\"https:\/\/priceattorneys.com\/es\/lesiones-personales\/accidente-de-motocicleta\/#primaryimage\"},\"thumbnailUrl\":\"https:\/\/priceattorneys.com\/wp-content\/uploads\/2022\/03\/motorcycles.jpg\",\"datePublished\":\"2022-03-18T22:09:14+00:00\",\"dateModified\":\"2024-03-27T18:55:10+00:00\",\"breadcrumb\":{\"@id\":\"https:\/\/priceattorneys.com\/es\/lesiones-personales\/accidente-de-motocicleta\/#breadcrumb\"},\"inLanguage\":\"es\",\"potentialAction\":[{\"@type\":\"ReadAction\",\"target\":[\"https:\/\/priceattorneys.com\/es\/lesiones-personales\/accidente-de-motocicleta\/\"]}]},{\"@type\":\"ImageObject\",\"inLanguage\":\"es\",\"@id\":\"https:\/\/priceattorneys.com\/es\/lesiones-personales\/accidente-de-motocicleta\/#primaryimage\",\"url\":\"https:\/\/priceattorneys.com\/wp-content\/uploads\/2022\/03\/motorcycles.jpg\",\"contentUrl\":\"https:\/\/priceattorneys.com\/wp-content\/uploads\/2022\/03\/motorcycles.jpg\"},{\"@type\":\"BreadcrumbList\",\"@id\":\"https:\/\/priceattorneys.com\/es\/lesiones-personales\/accidente-de-motocicleta\/#breadcrumb\",\"itemListElement\":[{\"@type\":\"ListItem\",\"position\":1,\"name\":\"Home\",\"item\":\"https:\/\/priceattorneys.com\/es\/\"},{\"@type\":\"ListItem\",\"position\":2,\"name\":\"Lesiones Personales\",\"item\":\"https:\/\/priceattorneys.com\/es\/lesiones-personales\/\"},{\"@type\":\"ListItem\",\"position\":3,\"name\":\"Accidente de Motocicleta\"}]},{\"@type\":\"WebSite\",\"@id\":\"https:\/\/priceattorneys.com\/es\/#website\",\"url\":\"https:\/\/priceattorneys.com\/es\/\",\"name\":\"Price Petho &amp; Associates, Personal Injury Attorneys\",\"description\":\"Charlotte Personal Injury Lawyers\",\"potentialAction\":[{\"@type\":\"SearchAction\",\"target\":{\"@type\":\"EntryPoint\",\"urlTemplate\":\"https:\/\/priceattorneys.com\/es\/?s={search_term_string}\"},\"query-input\":{\"@type\":\"PropertyValueSpecification\",\"valueRequired\":true,\"valueName\":\"search_term_string\"}}],\"inLanguage\":\"es\"}]}<\/script>\n<!-- \/ Yoast SEO plugin. -->","yoast_head_json":{"title":"Accidente de Motocicleta | Price Petho &amp; Associates, Personal Injury Attorneys","robots":{"index":"index","follow":"follow","max-snippet":"max-snippet:-1","max-image-preview":"max-image-preview:large","max-video-preview":"max-video-preview:-1"},"canonical":"https:\/\/priceattorneys.com\/es\/lesiones-personales\/accidente-de-motocicleta\/","og_locale":"es_ES","og_type":"article","og_title":"Accidente de Motocicleta | Price Petho &amp; Associates, Personal Injury Attorneys","og_description":"Abogados de Accidentes de Motocicleta en Charlotte, NC Defensa calificada para las v\u00edctimas de accidentes de motocicleta en Carolina del Norte Las motocicletas pueden ser veh\u00edculos emocionantes para operar, pero la realidad es que tambi\u00e9n presentan riesgos significativos para los conductores. La libertad de andar en bicicleta es tambi\u00e9n el factor que los hace inseguros:&hellip;","og_url":"https:\/\/priceattorneys.com\/es\/lesiones-personales\/accidente-de-motocicleta\/","og_site_name":"Price Petho &amp; Associates, Personal Injury Attorneys","article_modified_time":"2024-03-27T18:55:10+00:00","og_image":[{"url":"https:\/\/priceattorneys.com\/wp-content\/uploads\/2022\/03\/motorcycles.jpg","type":"","width":"","height":""}],"twitter_card":"summary_large_image","twitter_misc":{"Tiempo de lectura":"7 minutos"},"schema":{"@context":"https:\/\/schema.org","@graph":[{"@type":"WebPage","@id":"https:\/\/priceattorneys.com\/es\/lesiones-personales\/accidente-de-motocicleta\/","url":"https:\/\/priceattorneys.com\/es\/lesiones-personales\/accidente-de-motocicleta\/","name":"Accidente de Motocicleta | Price Petho &amp; Associates, Personal Injury Attorneys","isPartOf":{"@id":"https:\/\/priceattorneys.com\/es\/#website"},"primaryImageOfPage":{"@id":"https:\/\/priceattorneys.com\/es\/lesiones-personales\/accidente-de-motocicleta\/#primaryimage"},"image":{"@id":"https:\/\/priceattorneys.com\/es\/lesiones-personales\/accidente-de-motocicleta\/#primaryimage"},"thumbnailUrl":"https:\/\/priceattorneys.com\/wp-content\/uploads\/2022\/03\/motorcycles.jpg","datePublished":"2022-03-18T22:09:14+00:00","dateModified":"2024-03-27T18:55:10+00:00","breadcrumb":{"@id":"https:\/\/priceattorneys.com\/es\/lesiones-personales\/accidente-de-motocicleta\/#breadcrumb"},"inLanguage":"es","potentialAction":[{"@type":"ReadAction","target":["https:\/\/priceattorneys.com\/es\/lesiones-personales\/accidente-de-motocicleta\/"]}]},{"@type":"ImageObject","inLanguage":"es","@id":"https:\/\/priceattorneys.com\/es\/lesiones-personales\/accidente-de-motocicleta\/#primaryimage","url":"https:\/\/priceattorneys.com\/wp-content\/uploads\/2022\/03\/motorcycles.jpg","contentUrl":"https:\/\/priceattorneys.com\/wp-content\/uploads\/2022\/03\/motorcycles.jpg"},{"@type":"BreadcrumbList","@id":"https:\/\/priceattorneys.com\/es\/lesiones-personales\/accidente-de-motocicleta\/#breadcrumb","itemListElement":[{"@type":"ListItem","position":1,"name":"Home","item":"https:\/\/priceattorneys.com\/es\/"},{"@type":"ListItem","position":2,"name":"Lesiones Personales","item":"https:\/\/priceattorneys.com\/es\/lesiones-personales\/"},{"@type":"ListItem","position":3,"name":"Accidente de Motocicleta"}]},{"@type":"WebSite","@id":"https:\/\/priceattorneys.com\/es\/#website","url":"https:\/\/priceattorneys.com\/es\/","name":"Price Petho &amp; Associates, Personal Injury Attorneys","description":"Charlotte Personal Injury Lawyers","potentialAction":[{"@type":"SearchAction","target":{"@type":"EntryPoint","urlTemplate":"https:\/\/priceattorneys.com\/es\/?s={search_term_string}"},"query-input":{"@type":"PropertyValueSpecification","valueRequired":true,"valueName":"search_term_string"}}],"inLanguage":"es"}]}},"_links":{"self":[{"href":"https:\/\/priceattorneys.com\/es\/wp-json\/wp\/v2\/pages\/5149","targetHints":{"allow":["GET"]}}],"collection":[{"href":"https:\/\/priceattorneys.com\/es\/wp-json\/wp\/v2\/pages"}],"about":[{"href":"https:\/\/priceattorneys.com\/es\/wp-json\/wp\/v2\/types\/page"}],"author":[{"embeddable":true,"href":"https:\/\/priceattorneys.com\/es\/wp-json\/wp\/v2\/users\/1"}],"replies":[{"embeddable":true,"href":"https:\/\/priceattorneys.com\/es\/wp-json\/wp\/v2\/comments?post=5149"}],"version-history":[{"count":1,"href":"https:\/\/priceattorneys.com\/es\/wp-json\/wp\/v2\/pages\/5149\/revisions"}],"predecessor-version":[{"id":6967,"href":"https:\/\/priceattorneys.com\/es\/wp-json\/wp\/v2\/pages\/5149\/revisions\/6967"}],"up":[{"embeddable":true,"href":"https:\/\/priceattorneys.com\/es\/wp-json\/wp\/v2\/pages\/4969"}],"wp:attachment":[{"href":"https:\/\/priceattorneys.com\/es\/wp-json\/wp\/v2\/media?parent=5149"}],"curies":[{"name":"wp","href":"https:\/\/api.w.org\/{rel}","templated":true}]}}