{"id":5152,"date":"2020-12-18T05:45:42","date_gmt":"2020-12-18T05:45:42","guid":{"rendered":"https:\/\/priceattorneys.com\/?page_id=5152"},"modified":"2024-03-27T18:59:28","modified_gmt":"2024-03-27T18:59:28","slug":"accidentes-de-uber-y-lyft","status":"publish","type":"page","link":"https:\/\/priceattorneys.com\/es\/lesiones-personales\/accidentes-de-uber-y-lyft\/","title":{"rendered":"Accidentes de Uber y Lyft"},"content":{"rendered":"\n\n\t\t\t\t<img decoding=\"async\" src=\"https:\/\/priceattorneys.com\/wp-content\/uploads\/2022\/03\/uber1.jpg\" alt=\"Uber accidents in North Carolina\" itemprop=\"image\" height=\"621\" width=\"1245\" title=\"uber1\" onerror=\"this.style.display='none'\"  \/>\n\t<h1>Abogados de accidentes de Uber y Lyft en Charlotte<\/h1>\n<h2>Ayuda cuando se lesiona en un accidente de viaje compartido en Carolina del Norte<\/h2>\n<p>Uber y Lyft son servicios de viajes compartidos incre\u00edblemente populares en el \u00e1rea de Charlotte y sus alrededores. De hecho, estas empresas son nombres nacionales y familiares en los que nuestros residentes y visitantes conf\u00edan. Sin embargo, con m\u00e1s veh\u00edculos compartidos (como se les llama) en nuestras carreteras, es natural que tambi\u00e9n ocurran m\u00e1s accidentes. Cuando su accidente y lesiones ocurren debido a la negligencia de un conductor de Uber o Lyft, es importante que las personas y partes adecuadas rindan cuentas.<\/p>\n<p>Debido a las complejidades \u00fanicas de las compa\u00f1\u00edas de viajes compartidos y sus clasificaciones de trabajadores, puede ser complicado obtener una compensaci\u00f3n por sus lesiones y da\u00f1os a la propiedad. En Price, Petho &amp; Asociados, nuestros abogados de accidentes de Uber y Lyft en Charlotte quieren ayudar. Entendemos lo que se necesita para hacer frente a las compa\u00f1\u00edas de seguros involucradas en estos casos, y nuestro objetivo es asegurar la m\u00e1xima compensaci\u00f3n en su nombre.<\/p>\n\t<h2>\u00bfQu\u00e9 le gustar\u00eda saber?<\/h2>\n\t<ul>\n<li><a href=\"#FAQ1\">\u00bfQu\u00e9 tan frecuentes son los accidentes de Uber y Lyft en Carolina del Norte?<\/a><\/li>\n<li><a href=\"#FAQ2\">\u00bfCu\u00e1les son algunas de las causas comunes de los accidentes de Uber\/Lyft?<\/a><\/li>\n<li><a href=\"#FAQ3\">\u00bfQui\u00e9n es responsable en un accidente de viaje compartido en Charlotte?<\/a><\/li>\n<\/ul>\n\t<ul>\n<li><a href=\"#FAQ4\">\u00bfC\u00f3mo funciona el seguro despu\u00e9s de un accidente de viaje compartido en Charlotte?<\/a><\/li>\n<li><a href=\"#FAQ5\">\u00bfC\u00f3mo puede ayudarme un abogado de accidentes de Charlotte Lyft y Uber con mi caso?<\/a><\/li>\n<li><a href=\"#FAQ6\">\u00bfHay un abogado de accidentes de Uber o Lyft cerca de m\u00ed?<\/a><\/li>\n<\/ul>\n\t\t\t\t<img decoding=\"async\" src=\"https:\/\/priceattorneys.com\/wp-content\/uploads\/2022\/03\/Ride-sharing.jpg\" alt=\"Ridesharing accidents in NC\" itemprop=\"image\" height=\"490\" width=\"900\" title=\"Ride sharing\" onerror=\"this.style.display='none'\"  \/>\n\t<h2>\u00bfQu\u00e9 tan frecuentes son los accidentes de Uber y Lyft en Carolina del Norte?<\/h2>\n<p>En carolina del norte <a href=\"https:\/\/connect.ncdot.gov\/business\/DMV\/CrashFactsDocuments\/2020%20Crash%20Facts.pdf\">Departamento de transporte<\/a> (NCDOT) no mantiene estad\u00edsticas sobre cu\u00e1ntos accidentes ocurren cada a\u00f1o que involucran veh\u00edculos Uber y Lyft. Estos datos de accidentes generalmente se agrupan con las estad\u00edsticas generales de accidentes del a\u00f1o. Durante 2020, sin embargo, hubo m\u00e1s de 247,214 en total <a href=\"https:\/\/priceattorneys.com\/es\/lesiones-personales\/accidentes-automovilisticos\/\">accidentes automovil\u00edsticos<\/a> en todo el estado, lo que result\u00f3 en m\u00e1s de 105,382 lesiones totales y 1,658 muertes. Una de las razones por las que los estados no pueden rastrear los datos de accidentes de viajes compartidos es porque Uber y Lyft no comparten f\u00e1cilmente esa informaci\u00f3n con los funcionarios o con el p\u00fablico.<\/p>\n<p>Sin embargo, <a href=\"https:\/\/www.chicagobooth.edu\/media-relations-and-communications\/press-releases\/ridehailing-services-may-be-driving-up-traffic-deaths\">investigaci\u00f3n 2019<\/a> de la Escuela de Negocios Booth de la Universidad de Chicago mostr\u00f3 que los servicios de viajes compartidos est\u00e1n relacionados con un aumento del tres por ciento en accidentes fatales. Seg\u00fan los investigadores, \u00abel aumento documentado de accidentes parece persistir e incluso aumentar con el tiempo, y esa tasa se ha mantenido constante durante los d\u00edas de semana, las noches de semana, los d\u00edas de fin de semana y las noches de fin de semana\u00bb.<\/p>\n<p>Los conductores de Uber y Lyft por lo general no tienen capacitaci\u00f3n adicional en seguridad vial, adem\u00e1s de las licencias involucradas en la obtenci\u00f3n de su licencia de conducir regular de Carolina del Norte. Son como cualquier otro conductor en la carretera, utilizan sus veh\u00edculos personales para transportar pasajeros de un lugar a otro.<\/p>\n\t<h2>\u00bfCu\u00e1les son algunas de las causas comunes de los accidentes de Uber\/Lyft?<\/h2>\n<p>La mayor\u00eda de las causas de los accidentes de Lyft y Uber son como otros accidentes automovil\u00edsticos, que incluyen:<\/p>\n<ul>\n<li><a href=\"https:\/\/priceattorneys.com\/personal-injury\/car-accidents\/drunk-driving-accidents\/\"><strong>Conducir ebrio<\/strong><\/a>. El NCDOT informa que, en 2020, 7500 personas resultaron heridas y 412 murieron en accidentes relacionados con el alcohol en las carreteras de Carolina del Norte. Las compa\u00f1\u00edas de viajes compartidos deben investigar a todos sus conductores para asegurarse de que no tengan un historial de manejo en estado de ebriedad o bajo los efectos del alcohol.<\/li>\n<li><strong>Conducci\u00f3n fatigada<\/strong>. La privaci\u00f3n del sue\u00f1o afecta la capacidad de conducci\u00f3n de varias maneras diferentes. Disminuye el tiempo de reacci\u00f3n, perjudica el juicio y afecta la coordinaci\u00f3n. Muchos trabajadores de Uber y Lyft conducen como segundo trabajo, lo que puede hacer que se sientan cansados \u200b\u200bo somnolientos al volante, lo que aumenta el riesgo de un accidente.<\/li>\n<li><a href=\"https:\/\/priceattorneys.com\/personal-injury\/car-accidents\/distracted-driving\/\"><strong>Conducci\u00f3n distra\u00edda<\/strong><\/a>. Cuando las personas conducen sin ver lo que sucede en la carretera, se distraen. Esto incluye comer, alcanzar el asiento trasero, hablar con un pasajero, ajustar los controles o enviar mensajes de texto (lo cual es ilegal en Carolina del Norte). Los conductores de viajes compartidos pueden distraerse f\u00e1cilmente con su aplicaci\u00f3n o un GPS.<\/li>\n<li><strong>Exceso de velocidad o conducci\u00f3n imprudente<\/strong>. El NCDOT se\u00f1ala que el 25,1% de todas las muertes de veh\u00edculos motorizados estaban relacionadas con el exceso de velocidad. Los conductores deben respetar los l\u00edmites de velocidad en el \u00e1rea de Charlotte y sus alrededores. Sin embargo, los automovilistas a\u00fan pueden conducir demasiado r\u00e1pido para las condiciones, incluso si est\u00e1n operando al l\u00edmite de velocidad indicado. Si las carreteras est\u00e1n resbaladizas o heladas, o si el tr\u00e1fico es particularmente malo, los conductores deben ajustar su velocidad en consecuencia o corren el riesgo de causar un accidente.<\/li>\n<\/ul>\n<p>Los abogados de Price, Petho &amp; Asociados pueden iniciar una investigaci\u00f3n sobre su accidente para determinar exactamente qui\u00e9n o qu\u00e9 tuvo la culpa y luego responsabilizarlos.<\/p>\n\t<h2>\u00bfQui\u00e9n es responsable en un accidente de viaje compartido en Charlotte?<\/h2>\n<p>Los reclamos por lesiones que involucran a Uber o Lyft a menudo pueden ser dif\u00edciles de navegar, ya que puede haber m\u00e1s de una parte responsable. Nuestro equipo legal determina el alcance y la naturaleza de sus lesiones, y tambi\u00e9n negocia con todas las partes potencialmente responsables. Estos pueden incluir:<\/p>\n<ul>\n<li><strong>El conductor de viaje compartido<\/strong>. Si las acciones negligentes del conductor causaron el accidente y sus lesiones, primero buscaremos una compensaci\u00f3n a trav\u00e9s de su cobertura de seguro, que los conductores de viajes compartidos deben tener para sus trabajos.<\/li>\n<li><strong>La empresa de viajes compartidos<\/strong>. En determinadas circunstancias, Uber o Lyft pueden ser considerados responsables de las acciones de sus conductores. Sin embargo, har\u00e1n todo lo que est\u00e9 a su alcance para evitar la responsabilidad, y parte de c\u00f3mo lo hacen es afirmando que sus conductores no son empleados, sino contratistas. Nuestros abogados trabajar\u00e1n para demostrar la responsabilidad por parte de las compa\u00f1\u00edas de viajes compartidos si las circunstancias lo requieren.<\/li>\n<li><strong>Otros conductores culpables<\/strong>. Si usted era un pasajero en un Uber o Lyft y otro conductor caus\u00f3 el accidente que result\u00f3 en sus lesiones, nuestros abogados tambi\u00e9n pueden solicitar una compensaci\u00f3n de la compa\u00f1\u00eda de seguros del conductor culpable.<\/li>\n<\/ul>\n<p>Como puede ver, dependiendo de las circunstancias de su accidente, cualquier n\u00famero de partes puede ser responsable de sus lesiones. La \u00fanica manera de estar seguro es consultar con un abogado con experiencia en Charlotte lo antes posible.<\/p>\n\t<h2>\u00bfC\u00f3mo funciona el seguro despu\u00e9s de un accidente de viaje compartido en Charlotte?<\/h2>\n<p>Cuando ocurre un accidente que involucra un veh\u00edculo Uber o Lyft, el seguro puede complicarse y operar en un sistema escalonado.<\/p>\n<ul>\n<li><strong>El conductor est\u00e1 en su propio tiempo<\/strong>. Si un conductor de viaje compartido no est\u00e1 conectado a la aplicaci\u00f3n para trabajar y est\u00e1 en su propio tiempo, la compa\u00f1\u00eda de seguros personal del conductor ser\u00e1 responsable de cubrir cualquier accidente que \u00e9l o ella provoque.<\/li>\n<li><strong>El conductor est\u00e1 conectado y esperando una tarifa<\/strong>. Si un conductor de viaje compartido inici\u00f3 sesi\u00f3n en la aplicaci\u00f3n pero no tiene un pasajero y no est\u00e1 en camino para recoger uno, la compa\u00f1\u00eda de seguros personal del conductor seguir\u00e1 siendo el proveedor de cobertura principal si el conductor causa un accidente. Uber y Lyft pagar\u00e1n los da\u00f1os que superen los l\u00edmites de cobertura del conductor, hasta una cierta cantidad.<\/li>\n<li><strong>El conductor tiene un pasajero o est\u00e1 en camino a recoger uno<\/strong>. Si un conductor de viaje compartido tiene un pasajero o est\u00e1 en camino a recoger uno, el seguro provisto por Uber y Lyft se activar\u00e1 para cubrir los da\u00f1os por un accidente causado por el conductor. En Carolina del Norte, estas empresas proporcionar\u00e1n hasta $1.5 millones en compensaci\u00f3n total por accidente.<\/li>\n<\/ul>\n<p>Si no est\u00e1 seguro de qui\u00e9n es responsable de sus lesiones y p\u00e9rdidas, los abogados de Price, Petho &amp; Asociados en Charlotte estar\u00e1n encantados de analizar estas pol\u00edticas a menudo complejas con usted.<\/p>\n\t<h2>\u00bfC\u00f3mo puede ayudarme un abogado de accidentes de Charlotte Lyft o Uber con mi caso?<\/h2>\n<p>Debido a que la industria de viajes compartidos no est\u00e1 regulada en gran medida, obtener una compensaci\u00f3n despu\u00e9s de un accidente con Uber o Lyft, o como pasajero de Uber o Lyft, puede ser m\u00e1s dif\u00edcil que otros tipos de accidentes automovil\u00edsticos. Nuestros abogados pueden ayudar a recopilar la informaci\u00f3n necesaria para este tipo de reclamos, que incluyen:<\/p>\n<ul>\n<li>Si hay m\u00faltiples partes responsables<\/li>\n<li>La p\u00f3liza de seguro de qu\u00e9 parte es aplicable a su reclamo<\/li>\n<li>El estado del conductor de Lyft o Uber en el momento del accidente<\/li>\n<li>Si debe presentar un reclamo legal directamente contra la compa\u00f1\u00eda de viajes compartidos<\/li>\n<\/ul>\n<p>Cuando nos elige para su caso de lesiones, iniciamos una investigaci\u00f3n exhaustiva de su accidente y determinamos el alcance total de sus lesiones para garantizar que obtenga la m\u00e1xima compensaci\u00f3n por sus p\u00e9rdidas.<\/p>\n\t<h2>\u00bfHay un abogado de accidentes de Uber\/Lyft cerca de m\u00ed?<\/h2>\n<p>Price, Petho &amp; Asociados tiene oficinas en 1430 Elizabeth Ave en Charlotte. Tambi\u00e9n mantenemos oficinas en Rockingham y Rutherfordton para su comodidad. Si est\u00e1 demasiado lesionado para acudir a nosotros, podemos visitarlo en su casa o en el hospital.<\/p>\n<h2>Consulte a nuestros abogados de accidentes de Charlotte Uber y Lyft para obtener ayuda.<\/h2>\n<p>Si usted o un ser querido han resultado heridos en un accidente que involucr\u00f3 un veh\u00edculo Uber o Lyft en el \u00e1rea de Charlotte, nuestros abogados experimentados pueden ayudarlo. En Price, Petho &amp; Asociados, sabemos lo que se necesita para hacer frente a las aseguradoras y compa\u00f1\u00edas involucradas. Pondremos nuestros recursos a trabajar para obtener la m\u00e1xima compensaci\u00f3n en su nombre, incluida la cobertura de sus facturas m\u00e9dicas, p\u00e9rdida de ingresos, dolor y sufrimiento, da\u00f1os a la propiedad y m\u00e1s. Para programar una consulta gratuita, ll\u00e1menos al <a href=\"tel:7043722160\">704-372-2160<\/a> o llena nuestro Formulario de contacto hoy dia. Orgullosamente servimos a clientes en Charlotte, Rockingham,Rutherfordton, Carolina del Norte y Carolina del Sur.<\/p>\n\n","protected":false},"excerpt":{"rendered":"<p>Abogados de accidentes de Uber y Lyft en Charlotte Ayuda cuando se lesiona en un accidente de viaje compartido en Carolina del Norte Uber y Lyft son servicios de viajes compartidos incre\u00edblemente populares en el \u00e1rea de Charlotte y sus alrededores. De hecho, estas empresas son nombres nacionales y familiares en los que nuestros residentes&hellip;<\/p>\n","protected":false},"author":1,"featured_media":0,"parent":4969,"menu_order":0,"comment_status":"closed","ping_status":"closed","template":"","meta":{"footnotes":""},"class_list":["post-5152","page","type-page","status-publish","hentry"],"yoast_head":"<!-- This site is optimized with the Yoast SEO plugin v27.4 - https:\/\/yoast.com\/product\/yoast-seo-wordpress\/ -->\n<title>Accidentes de Uber y Lyft | Price Petho &amp; Associates, Personal Injury Attorneys<\/title>\n<meta name=\"robots\" content=\"index, follow, max-snippet:-1, max-image-preview:large, max-video-preview:-1\" \/>\n<link rel=\"canonical\" href=\"https:\/\/priceattorneys.com\/es\/lesiones-personales\/accidentes-de-uber-y-lyft\/\" \/>\n<meta property=\"og:locale\" content=\"es_ES\" \/>\n<meta property=\"og:type\" content=\"article\" \/>\n<meta property=\"og:title\" content=\"Accidentes de Uber y Lyft | Price Petho &amp; Associates, Personal Injury Attorneys\" \/>\n<meta property=\"og:description\" content=\"Abogados de accidentes de Uber y Lyft en Charlotte Ayuda cuando se lesiona en un accidente de viaje compartido en Carolina del Norte Uber y Lyft son servicios de viajes compartidos incre\u00edblemente populares en el \u00e1rea de Charlotte y sus alrededores. De hecho, estas empresas son nombres nacionales y familiares en los que nuestros residentes&hellip;\" \/>\n<meta property=\"og:url\" content=\"https:\/\/priceattorneys.com\/es\/lesiones-personales\/accidentes-de-uber-y-lyft\/\" \/>\n<meta property=\"og:site_name\" content=\"Price Petho &amp; Associates, Personal Injury Attorneys\" \/>\n<meta property=\"article:modified_time\" content=\"2024-03-27T18:59:28+00:00\" \/>\n<meta property=\"og:image\" content=\"https:\/\/priceattorneys.com\/wp-content\/uploads\/2022\/03\/uber1.jpg\" \/>\n<meta name=\"twitter:card\" content=\"summary_large_image\" \/>\n<meta name=\"twitter:label1\" content=\"Tiempo de lectura\" \/>\n\t<meta name=\"twitter:data1\" content=\"9 minutos\" \/>\n<script type=\"application\/ld+json\" class=\"yoast-schema-graph\">{\"@context\":\"https:\\\/\\\/schema.org\",\"@graph\":[{\"@type\":\"WebPage\",\"@id\":\"https:\\\/\\\/priceattorneys.com\\\/es\\\/lesiones-personales\\\/accidentes-de-uber-y-lyft\\\/\",\"url\":\"https:\\\/\\\/priceattorneys.com\\\/es\\\/lesiones-personales\\\/accidentes-de-uber-y-lyft\\\/\",\"name\":\"Accidentes de Uber y Lyft | Price Petho &amp; Associates, Personal Injury Attorneys\",\"isPartOf\":{\"@id\":\"https:\\\/\\\/priceattorneys.com\\\/es\\\/#website\"},\"primaryImageOfPage\":{\"@id\":\"https:\\\/\\\/priceattorneys.com\\\/es\\\/lesiones-personales\\\/accidentes-de-uber-y-lyft\\\/#primaryimage\"},\"image\":{\"@id\":\"https:\\\/\\\/priceattorneys.com\\\/es\\\/lesiones-personales\\\/accidentes-de-uber-y-lyft\\\/#primaryimage\"},\"thumbnailUrl\":\"https:\\\/\\\/priceattorneys.com\\\/wp-content\\\/uploads\\\/2022\\\/03\\\/uber1.jpg\",\"datePublished\":\"2020-12-18T05:45:42+00:00\",\"dateModified\":\"2024-03-27T18:59:28+00:00\",\"breadcrumb\":{\"@id\":\"https:\\\/\\\/priceattorneys.com\\\/es\\\/lesiones-personales\\\/accidentes-de-uber-y-lyft\\\/#breadcrumb\"},\"inLanguage\":\"es\",\"potentialAction\":[{\"@type\":\"ReadAction\",\"target\":[\"https:\\\/\\\/priceattorneys.com\\\/es\\\/lesiones-personales\\\/accidentes-de-uber-y-lyft\\\/\"]}]},{\"@type\":\"ImageObject\",\"inLanguage\":\"es\",\"@id\":\"https:\\\/\\\/priceattorneys.com\\\/es\\\/lesiones-personales\\\/accidentes-de-uber-y-lyft\\\/#primaryimage\",\"url\":\"https:\\\/\\\/priceattorneys.com\\\/wp-content\\\/uploads\\\/2022\\\/03\\\/uber1.jpg\",\"contentUrl\":\"https:\\\/\\\/priceattorneys.com\\\/wp-content\\\/uploads\\\/2022\\\/03\\\/uber1.jpg\"},{\"@type\":\"BreadcrumbList\",\"@id\":\"https:\\\/\\\/priceattorneys.com\\\/es\\\/lesiones-personales\\\/accidentes-de-uber-y-lyft\\\/#breadcrumb\",\"itemListElement\":[{\"@type\":\"ListItem\",\"position\":1,\"name\":\"Home\",\"item\":\"https:\\\/\\\/priceattorneys.com\\\/es\\\/\"},{\"@type\":\"ListItem\",\"position\":2,\"name\":\"Lesiones Personales\",\"item\":\"https:\\\/\\\/priceattorneys.com\\\/es\\\/lesiones-personales\\\/\"},{\"@type\":\"ListItem\",\"position\":3,\"name\":\"Accidentes de Uber y Lyft\"}]},{\"@type\":\"WebSite\",\"@id\":\"https:\\\/\\\/priceattorneys.com\\\/es\\\/#website\",\"url\":\"https:\\\/\\\/priceattorneys.com\\\/es\\\/\",\"name\":\"Price Petho &amp; Associates, Personal Injury Attorneys\",\"description\":\"Charlotte Personal Injury Lawyers\",\"potentialAction\":[{\"@type\":\"SearchAction\",\"target\":{\"@type\":\"EntryPoint\",\"urlTemplate\":\"https:\\\/\\\/priceattorneys.com\\\/es\\\/?s={search_term_string}\"},\"query-input\":{\"@type\":\"PropertyValueSpecification\",\"valueRequired\":true,\"valueName\":\"search_term_string\"}}],\"inLanguage\":\"es\"}]}<\/script>\n<!-- \/ Yoast SEO plugin. -->","yoast_head_json":{"title":"Accidentes de Uber y Lyft | Price Petho &amp; Associates, Personal Injury Attorneys","robots":{"index":"index","follow":"follow","max-snippet":"max-snippet:-1","max-image-preview":"max-image-preview:large","max-video-preview":"max-video-preview:-1"},"canonical":"https:\/\/priceattorneys.com\/es\/lesiones-personales\/accidentes-de-uber-y-lyft\/","og_locale":"es_ES","og_type":"article","og_title":"Accidentes de Uber y Lyft | Price Petho &amp; Associates, Personal Injury Attorneys","og_description":"Abogados de accidentes de Uber y Lyft en Charlotte Ayuda cuando se lesiona en un accidente de viaje compartido en Carolina del Norte Uber y Lyft son servicios de viajes compartidos incre\u00edblemente populares en el \u00e1rea de Charlotte y sus alrededores. De hecho, estas empresas son nombres nacionales y familiares en los que nuestros residentes&hellip;","og_url":"https:\/\/priceattorneys.com\/es\/lesiones-personales\/accidentes-de-uber-y-lyft\/","og_site_name":"Price Petho &amp; Associates, Personal Injury Attorneys","article_modified_time":"2024-03-27T18:59:28+00:00","og_image":[{"url":"https:\/\/priceattorneys.com\/wp-content\/uploads\/2022\/03\/uber1.jpg","type":"","width":"","height":""}],"twitter_card":"summary_large_image","twitter_misc":{"Tiempo de lectura":"9 minutos"},"schema":{"@context":"https:\/\/schema.org","@graph":[{"@type":"WebPage","@id":"https:\/\/priceattorneys.com\/es\/lesiones-personales\/accidentes-de-uber-y-lyft\/","url":"https:\/\/priceattorneys.com\/es\/lesiones-personales\/accidentes-de-uber-y-lyft\/","name":"Accidentes de Uber y Lyft | Price Petho &amp; Associates, Personal Injury Attorneys","isPartOf":{"@id":"https:\/\/priceattorneys.com\/es\/#website"},"primaryImageOfPage":{"@id":"https:\/\/priceattorneys.com\/es\/lesiones-personales\/accidentes-de-uber-y-lyft\/#primaryimage"},"image":{"@id":"https:\/\/priceattorneys.com\/es\/lesiones-personales\/accidentes-de-uber-y-lyft\/#primaryimage"},"thumbnailUrl":"https:\/\/priceattorneys.com\/wp-content\/uploads\/2022\/03\/uber1.jpg","datePublished":"2020-12-18T05:45:42+00:00","dateModified":"2024-03-27T18:59:28+00:00","breadcrumb":{"@id":"https:\/\/priceattorneys.com\/es\/lesiones-personales\/accidentes-de-uber-y-lyft\/#breadcrumb"},"inLanguage":"es","potentialAction":[{"@type":"ReadAction","target":["https:\/\/priceattorneys.com\/es\/lesiones-personales\/accidentes-de-uber-y-lyft\/"]}]},{"@type":"ImageObject","inLanguage":"es","@id":"https:\/\/priceattorneys.com\/es\/lesiones-personales\/accidentes-de-uber-y-lyft\/#primaryimage","url":"https:\/\/priceattorneys.com\/wp-content\/uploads\/2022\/03\/uber1.jpg","contentUrl":"https:\/\/priceattorneys.com\/wp-content\/uploads\/2022\/03\/uber1.jpg"},{"@type":"BreadcrumbList","@id":"https:\/\/priceattorneys.com\/es\/lesiones-personales\/accidentes-de-uber-y-lyft\/#breadcrumb","itemListElement":[{"@type":"ListItem","position":1,"name":"Home","item":"https:\/\/priceattorneys.com\/es\/"},{"@type":"ListItem","position":2,"name":"Lesiones Personales","item":"https:\/\/priceattorneys.com\/es\/lesiones-personales\/"},{"@type":"ListItem","position":3,"name":"Accidentes de Uber y Lyft"}]},{"@type":"WebSite","@id":"https:\/\/priceattorneys.com\/es\/#website","url":"https:\/\/priceattorneys.com\/es\/","name":"Price Petho &amp; Associates, Personal Injury Attorneys","description":"Charlotte Personal Injury Lawyers","potentialAction":[{"@type":"SearchAction","target":{"@type":"EntryPoint","urlTemplate":"https:\/\/priceattorneys.com\/es\/?s={search_term_string}"},"query-input":{"@type":"PropertyValueSpecification","valueRequired":true,"valueName":"search_term_string"}}],"inLanguage":"es"}]}},"_links":{"self":[{"href":"https:\/\/priceattorneys.com\/es\/wp-json\/wp\/v2\/pages\/5152","targetHints":{"allow":["GET"]}}],"collection":[{"href":"https:\/\/priceattorneys.com\/es\/wp-json\/wp\/v2\/pages"}],"about":[{"href":"https:\/\/priceattorneys.com\/es\/wp-json\/wp\/v2\/types\/page"}],"author":[{"embeddable":true,"href":"https:\/\/priceattorneys.com\/es\/wp-json\/wp\/v2\/users\/1"}],"replies":[{"embeddable":true,"href":"https:\/\/priceattorneys.com\/es\/wp-json\/wp\/v2\/comments?post=5152"}],"version-history":[{"count":0,"href":"https:\/\/priceattorneys.com\/es\/wp-json\/wp\/v2\/pages\/5152\/revisions"}],"up":[{"embeddable":true,"href":"https:\/\/priceattorneys.com\/es\/wp-json\/wp\/v2\/pages\/4969"}],"wp:attachment":[{"href":"https:\/\/priceattorneys.com\/es\/wp-json\/wp\/v2\/media?parent=5152"}],"curies":[{"name":"wp","href":"https:\/\/api.w.org\/{rel}","templated":true}]}}