{"id":5155,"date":"2020-06-13T09:07:00","date_gmt":"2020-06-13T09:07:00","guid":{"rendered":"https:\/\/priceattorneys.com\/?page_id=5155"},"modified":"2025-02-21T18:06:21","modified_gmt":"2025-02-21T18:06:21","slug":"accidentes-de-navegacion","status":"publish","type":"page","link":"https:\/\/priceattorneys.com\/es\/lesiones-personales\/accidentes-de-navegacion\/","title":{"rendered":"Accidentes de Navegaci\u00f3n"},"content":{"rendered":"\n\n\t\t\t\t<img decoding=\"async\" src=\"https:\/\/priceattorneys.com\/wp-content\/uploads\/2022\/03\/boat.jpg\" alt=\"Boat accidents in North Carolina\" itemprop=\"image\" height=\"621\" width=\"1245\" title=\"boat\" onerror=\"this.style.display='none'\"  \/>\n\t<h1>Abogados de Accidentes de Embarcaciones en Charlotte<\/h1>\n<h2>Ayuda legal para accidentes de agua y ahogamiento en Carolina del Norte<\/h2>\n<p>Independientemente de la \u00e9poca del a\u00f1o, puede estar seguro de que los navegantes est\u00e1n navegando por los canales alrededor de Charlotte y sus alrededores. El canotaje es una actividad incre\u00edblemente popular. Nuestra regi\u00f3n tiene muchos residentes y visitantes que participan en paseos en bote, ya sea para recreaci\u00f3n, pesca u otras actividades. Sin embargo, los accidentes de embarcaciones pueden provocar lesiones graves.<\/p>\n<p>En Price, Petho &amp; Asociados, nuestro equipo calificado y experimentado est\u00e1 listo para ayudarlo cuando necesite un abogado de accidentes de navegaci\u00f3n en Charlotte. Llevamos a cabo una investigaci\u00f3n completa de lo sucedido y trabajamos para asegurar cualquier compensaci\u00f3n a la que pueda tener derecho. Si ha perdido a un ser querido debido a un accidente por la borda, nuestros abogados de homicidio culposo en Charlotte est\u00e1n listos para ayudarlo con su caso. Cont\u00e1ctenos hoy para averiguar c\u00f3mo podemos ayudarlo, ya que hemos ayudado a cientos de clientes desde 1979.<\/p>\n\t<h2>\u00bfQu\u00e9 le gustar\u00eda saber?<\/h2>\n\t<ul>\n<li><a href=\"#FAQ1\">\u00bfCon qu\u00e9 frecuencia ocurren los accidentes de barcos?<\/a><\/li>\n<li><a href=\"#FAQ2\">\u00bfCu\u00e1les son los diferentes tipos de accidentes de navegaci\u00f3n?<\/a>\n<ul>\n<li><a href=\"#FAQ3\">Accidentes por ahogamiento<\/a><\/li>\n<li><a href=\"#FAQ4\">Accidentes por la borda<\/a><\/li>\n<li><a href=\"#FAQ5\">Accidentes de barcos de fiesta<\/a><\/li>\n<li><a href=\"#FAQ6\">Accidentes de pontones<\/a><\/li>\n<li><a href=\"#FAQ7\">Accidentes de esqu\u00ed acu\u00e1tico y remolque<\/a><\/li>\n<\/ul>\n<\/li>\n<\/ul>\n\t<ul>\n<li><a href=\"#FAQ8\">\u00bfCu\u00e1les son las principales causas de los accidentes de navegaci\u00f3n en Charlotte?<\/a><\/li>\n<li><a href=\"#FAQ9\">\u00bfTiene un abogado de accidentes de barcos cerca de m\u00ed?<\/a><\/li>\n<\/ul>\n\t<h2>\u00bfCon qu\u00e9 frecuencia ocurren los accidentes de barcos?<\/h2>\n<p>La Guardia Costera de los Estados Unidos (USCG) publica <a href=\"https:\/\/uscgboating.org\/statistics\/accident_statistics.php\">una lista anual<\/a> de las estad\u00edsticas de accidentes de navegaci\u00f3n de recreo. Para el a\u00f1o 2020, informan 5.265 accidentes de navegaci\u00f3n en total en todo el pa\u00eds. De estos incidentes, hubo 767 muertos y 3.191 heridos. Al analizar los datos proporcionados por la USCG para Carolina del Norte, podemos ver que se informaron 183 accidentes de navegaci\u00f3n recreativa, con 23 muertes.<\/p>\n<p>Es importante para nosotros se\u00f1alar que estas estad\u00edsticas solo incluyen accidentes reportados a la Guardia Costera. Hay muchos otros accidentes de navegaci\u00f3n que se consideran menos graves y, por lo tanto, no se informan. Sin embargo, los pasajeros de los barcos a\u00fan pueden sufrir lesiones importantes en estos accidentes no informados.<\/p>\n\t<h2>\u00bfCu\u00e1les son los diferentes tipos de accidentes de navegaci\u00f3n?<\/h2>\n<p>Nuestros abogados de accidentes de embarcaciones ayudan regularmente a los clientes y las familias a superar accidentes que involucran lo siguiente:<\/p>\n\t<h3>Accidentes por ahogamiento<\/h3>\n<p>El accidente m\u00e1s grave que puede ocurrir en un barco es aquel que conduce al ahogamiento de la v\u00edctima. Seg\u00fan la USCG, el 70 por ciento de todos los accidentes de navegaci\u00f3n fatales en 2020 involucraron v\u00edctimas que se ahogaron. La mayor\u00eda de los accidentes por ahogamiento son completamente prevenibles y, por lo general, ocurren debido a errores y negligencias del operador.<\/p>\n<p>Si ha perdido a un ser querido debido a las acciones negligentes del propietario u operador de un barco, nuestro Charlotte <a href=\"https:\/\/priceattorneys.com\/es\/lesiones-personales\/muerte-injusta\/\">abogados de muerte por negligencia<\/a> puede ayudar en una consulta gratuita.<\/p>\n\t<h3>Accidentes por la borda<\/h3>\n<p>Los accidentes por la borda pueden provocar lesiones graves o la muerte. La Guardia Costera tambi\u00e9n realiza un seguimiento de los incidentes por la borda, otro accidente de navegaci\u00f3n com\u00fan. Este tipo de accidentes pueden ser aterradores para todos los involucrados. En 2020, ocurrieron 335 accidentes por la borda en todo el pa\u00eds, con 181 muertos y 161 heridos. Puede ver que casi la mitad de estos accidentes terminan en fatalidad para la v\u00edctima.<\/p>\n<p>Cuando una persona est\u00e1 en un bote, ya sea en el oc\u00e9ano, en un lago o en un r\u00edo, los amplios espacios abiertos a menudo dan una falsa sensaci\u00f3n de seguridad a los que est\u00e1n a bordo del barco. Cuando un operador de barco no tiene experiencia, conduciendo distra\u00eddo, a exceso de velocidad, es m\u00e1s probable que colisionen con otra embarcaci\u00f3n, un objeto fijo o incluso con otra embarcaci\u00f3n, lo que puede provocar un accidente mortal por la borda.<\/p>\n\t<h3>Accidentes de barcos de fiesta<\/h3>\n<p>Los navegantes en el \u00e1rea de Charlotte y sus alrededores disfrutan regularmente de fiestas recreativas en bote, lo cual es perfectamente legal. Sin embargo, la naturaleza misma de la fiesta a menudo significa que puede haber alcohol u otras actividades inseguras involucradas. Para algunas personas, las fiestas y los paseos en bote no combinan bien.<\/p>\n<p>Las embarcaciones personales (PWC), como las motos de agua, por ejemplo, son una embarcaci\u00f3n acu\u00e1tica recreativa muy popular y, a menudo, participan en situaciones de botes de fiesta. Sin embargo, los propietarios de PWC nunca deben permitir que personas sin experiencia o intoxicadas operen estas embarcaciones. Las motos acu\u00e1ticas pueden alcanzar altas velocidades muy r\u00e1pidamente, lo que puede provocar lesiones graves en caso de accidente o colisi\u00f3n.<\/p>\n<p>Recuerde, es contra la ley de Carolina del Norte que cualquier persona opere una embarcaci\u00f3n bajo la influencia del alcohol o las drogas. El nivel legal de contenido de alcohol en sangre para un operador de bote es .08%, el mismo que para conducir un veh\u00edculo.<\/p>\n\t<h3>Accidentes de pontones<\/h3>\n<p>Los pontones sol\u00edan considerarse embarcaciones m\u00e1s lentas utilizadas con fines recreativos. Los botes de pontones t\u00edpicos cuentan con una superficie plana con un \u00e1rea de descanso m\u00e1s grande en la parte superior y dos \u00abpontones\u00bb inflables o r\u00edgidos que mantienen la embarcaci\u00f3n a flote. Sin embargo, los botes de pontones modernos suelen ser mucho m\u00e1s r\u00e1pidos de lo que sol\u00edan ser, y estas embarcaciones pueden causar lesiones graves en caso de que se vean involucradas en un accidente. Seg\u00fan la Guardia Costera, los botes de pontones se encuentran entre los cinco principales tipos de embarcaciones acu\u00e1ticas responsables de las v\u00edctimas cada a\u00f1o en todo el pa\u00eds.<\/p>\n<p>Una de las principales causas de los accidentes de pontones es que las personas caen por la borda frente al pont\u00f3n y son golpeadas por la h\u00e9lice. Esto puede ocurrir de varias maneras, pero a menudo sucede cuando las v\u00edctimas est\u00e1n \u00abmontando el arco\u00bb. Esto significa que estaban sentados en la cubierta delantera y con las piernas o los pies colgando en el agua mientras el bote a\u00fan se mov\u00eda. El operador de una embarcaci\u00f3n no tendr\u00e1 tiempo de detener la embarcaci\u00f3n si una persona cae al agua mientras navega por la proa. Depende del operador del barco garantizar la seguridad de los pasajeros, especialmente cuando se trata de una situaci\u00f3n tur\u00edstica.<\/p>\n\t<h3>Accidentes de esqu\u00ed acu\u00e1tico y remolque<\/h3>\n<p>Muchas actividades acu\u00e1ticas recreativas implican ser remolcado por un bote. El m\u00e1s com\u00fan de estos es el esqu\u00ed acu\u00e1tico, pero tambi\u00e9n incluyen el wakeboard, el kneeboard, los inflables y los tubos.<\/p>\n<p>Desafortunadamente, el esqu\u00ed acu\u00e1tico puede ser arriesgado en condiciones inadecuadas. Es mucho m\u00e1s probable que los esquiadores acu\u00e1ticos sin experiencia sufran lesiones. Sin embargo, no siempre es culpa del esquiador acu\u00e1tico. Al remolcar a un esquiador, los conductores de embarcaciones deben mantener un rumbo constante y evitar cualquier peligro u obst\u00e1culo en el agua. No hace falta decir que los operadores de embarcaciones nunca deben conducir la embarcaci\u00f3n bajo los efectos del alcohol o las drogas.<\/p>\n<p>Si usted o un ser querido sufre una lesi\u00f3n en la navegaci\u00f3n debido a la negligencia de otra persona, los abogados de Price, Petho &amp; Asociados pueden hablar con usted sobre sus opciones en una consulta gratuita.<\/p>\n\t<h2>\u00bfCu\u00e1les son las principales causas de los accidentes de navegaci\u00f3n en Charlotte?<\/h2>\n<p>Independientemente de si una persona es propietario de una embarcaci\u00f3n comercial o privada, es importante que se tomen medidas para garantizar la seguridad de las personas a bordo. Esto incluye la inspecci\u00f3n y el mantenimiento de la embarcaci\u00f3n y garantizar que todos los pasajeros tengan acceso al equipo de seguridad adecuado. La USCG actualiza una lista anual de las principales causas que contribuyen a los accidentes de navegaci\u00f3n, y estas incluyen:<\/p>\n\t<ul>\n<li>Falta de atenci\u00f3n del operador<\/li>\n<li>Vig\u00eda inadecuado<\/li>\n<li>Inexperiencia del operador<\/li>\n<li>Exceso de velocidad<\/li>\n<\/ul>\n\t<ul>\n<li>Falla de maquinaria<\/li>\n<li>Violaci\u00f3n de las reglas de navegaci\u00f3n<\/li>\n<li>Tiempo<\/li>\n<li>Aguas peligrosas<\/li>\n<\/ul>\n\t<p>Al observar esta lista de causas de accidentes, podemos ver que la mayor\u00eda de estos incidentes podr\u00edan evitarse si los propietarios y operadores de una embarcaci\u00f3n realizaran su trabajo de manera responsable.<\/p>\n\t<h2>\u00bfTiene un abogado de accidentes de barcos cerca de m\u00ed?<\/h2>\n<p>Price, Petho &amp; Asociados tiene oficinas en 1430 Elizabeth Ave en Charlotte. Tambi\u00e9n mantenemos oficinas en Rockingham y Rutherfordton para su comodidad. Si est\u00e1 demasiado lesionado para acudir a nosotros, podemos visitarlo en su casa o en el hospital.<\/p>\n<h3>Abogados de confianza en accidentes de barcos que prestan servicios en Charlotte<\/h3>\n<p>Si usted o un ser querido ha resultado lesionado en un accidente de navegaci\u00f3n causado por las acciones negligentes o descuidadas de otra persona, comun\u00edquese hoy con los abogados de lesiones personales de Price, Petho &amp; Asociados para obtener ayuda experimentada. Nuestro equipo lleva a cabo una investigaci\u00f3n completa de su caso para asegurar la compensaci\u00f3n que necesita y merece por el da\u00f1o que ha sufrido. Para programar una consulta gratuita, ll\u00e1menos al <a href=\"tel:7043722160\">704-372-2160<\/a> o llena nuestro Formulario de contacto hoy dia. Orgullosamente servimos a clientes en Charlotte, Rockingham, Rutherfordton, Carolina del Norte y Carolina del Sur.<\/p>\n\n","protected":false},"excerpt":{"rendered":"<p>Abogados de Accidentes de Embarcaciones en Charlotte Ayuda legal para accidentes de agua y ahogamiento en Carolina del Norte Independientemente de la \u00e9poca del a\u00f1o, puede estar seguro de que los navegantes est\u00e1n navegando por los canales alrededor de Charlotte y sus alrededores. El canotaje es una actividad incre\u00edblemente popular. Nuestra regi\u00f3n tiene muchos residentes&hellip;<\/p>\n","protected":false},"author":1,"featured_media":0,"parent":4969,"menu_order":0,"comment_status":"closed","ping_status":"closed","template":"","meta":{"footnotes":""},"class_list":["post-5155","page","type-page","status-publish","hentry"],"yoast_head":"<!-- This site is optimized with the Yoast SEO plugin v27.2 - https:\/\/yoast.com\/product\/yoast-seo-wordpress\/ -->\n<title>Accidentes de Navegaci\u00f3n | Price Petho &amp; Associates, Personal Injury Attorneys<\/title>\n<meta name=\"robots\" content=\"index, follow, max-snippet:-1, max-image-preview:large, max-video-preview:-1\" \/>\n<link rel=\"canonical\" href=\"https:\/\/priceattorneys.com\/es\/lesiones-personales\/accidentes-de-navegacion\/\" \/>\n<meta property=\"og:locale\" content=\"es_ES\" \/>\n<meta property=\"og:type\" content=\"article\" \/>\n<meta property=\"og:title\" content=\"Accidentes de Navegaci\u00f3n | Price Petho &amp; Associates, Personal Injury Attorneys\" \/>\n<meta property=\"og:description\" content=\"Abogados de Accidentes de Embarcaciones en Charlotte Ayuda legal para accidentes de agua y ahogamiento en Carolina del Norte Independientemente de la \u00e9poca del a\u00f1o, puede estar seguro de que los navegantes est\u00e1n navegando por los canales alrededor de Charlotte y sus alrededores. El canotaje es una actividad incre\u00edblemente popular. Nuestra regi\u00f3n tiene muchos residentes&hellip;\" \/>\n<meta property=\"og:url\" content=\"https:\/\/priceattorneys.com\/es\/lesiones-personales\/accidentes-de-navegacion\/\" \/>\n<meta property=\"og:site_name\" content=\"Price Petho &amp; Associates, Personal Injury Attorneys\" \/>\n<meta property=\"article:modified_time\" content=\"2025-02-21T18:06:21+00:00\" \/>\n<meta property=\"og:image\" content=\"https:\/\/priceattorneys.com\/wp-content\/uploads\/2022\/03\/boat.jpg\" \/>\n<meta name=\"twitter:card\" content=\"summary_large_image\" \/>\n<meta name=\"twitter:label1\" content=\"Tiempo de lectura\" \/>\n\t<meta name=\"twitter:data1\" content=\"8 minutos\" \/>\n<script type=\"application\/ld+json\" class=\"yoast-schema-graph\">{\"@context\":\"https:\/\/schema.org\",\"@graph\":[{\"@type\":\"WebPage\",\"@id\":\"https:\/\/priceattorneys.com\/es\/lesiones-personales\/accidentes-de-navegacion\/\",\"url\":\"https:\/\/priceattorneys.com\/es\/lesiones-personales\/accidentes-de-navegacion\/\",\"name\":\"Accidentes de Navegaci\u00f3n | Price Petho &amp; Associates, Personal Injury Attorneys\",\"isPartOf\":{\"@id\":\"https:\/\/priceattorneys.com\/es\/#website\"},\"primaryImageOfPage\":{\"@id\":\"https:\/\/priceattorneys.com\/es\/lesiones-personales\/accidentes-de-navegacion\/#primaryimage\"},\"image\":{\"@id\":\"https:\/\/priceattorneys.com\/es\/lesiones-personales\/accidentes-de-navegacion\/#primaryimage\"},\"thumbnailUrl\":\"https:\/\/priceattorneys.com\/wp-content\/uploads\/2022\/03\/boat.jpg\",\"datePublished\":\"2020-06-13T09:07:00+00:00\",\"dateModified\":\"2025-02-21T18:06:21+00:00\",\"breadcrumb\":{\"@id\":\"https:\/\/priceattorneys.com\/es\/lesiones-personales\/accidentes-de-navegacion\/#breadcrumb\"},\"inLanguage\":\"es\",\"potentialAction\":[{\"@type\":\"ReadAction\",\"target\":[\"https:\/\/priceattorneys.com\/es\/lesiones-personales\/accidentes-de-navegacion\/\"]}]},{\"@type\":\"ImageObject\",\"inLanguage\":\"es\",\"@id\":\"https:\/\/priceattorneys.com\/es\/lesiones-personales\/accidentes-de-navegacion\/#primaryimage\",\"url\":\"https:\/\/priceattorneys.com\/wp-content\/uploads\/2022\/03\/boat.jpg\",\"contentUrl\":\"https:\/\/priceattorneys.com\/wp-content\/uploads\/2022\/03\/boat.jpg\"},{\"@type\":\"BreadcrumbList\",\"@id\":\"https:\/\/priceattorneys.com\/es\/lesiones-personales\/accidentes-de-navegacion\/#breadcrumb\",\"itemListElement\":[{\"@type\":\"ListItem\",\"position\":1,\"name\":\"Home\",\"item\":\"https:\/\/priceattorneys.com\/es\/\"},{\"@type\":\"ListItem\",\"position\":2,\"name\":\"Lesiones Personales\",\"item\":\"https:\/\/priceattorneys.com\/es\/lesiones-personales\/\"},{\"@type\":\"ListItem\",\"position\":3,\"name\":\"Accidentes de Navegaci\u00f3n\"}]},{\"@type\":\"WebSite\",\"@id\":\"https:\/\/priceattorneys.com\/es\/#website\",\"url\":\"https:\/\/priceattorneys.com\/es\/\",\"name\":\"Price Petho &amp; Associates, Personal Injury Attorneys\",\"description\":\"Charlotte Personal Injury Lawyers\",\"potentialAction\":[{\"@type\":\"SearchAction\",\"target\":{\"@type\":\"EntryPoint\",\"urlTemplate\":\"https:\/\/priceattorneys.com\/es\/?s={search_term_string}\"},\"query-input\":{\"@type\":\"PropertyValueSpecification\",\"valueRequired\":true,\"valueName\":\"search_term_string\"}}],\"inLanguage\":\"es\"}]}<\/script>\n<!-- \/ Yoast SEO plugin. -->","yoast_head_json":{"title":"Accidentes de Navegaci\u00f3n | Price Petho &amp; Associates, Personal Injury Attorneys","robots":{"index":"index","follow":"follow","max-snippet":"max-snippet:-1","max-image-preview":"max-image-preview:large","max-video-preview":"max-video-preview:-1"},"canonical":"https:\/\/priceattorneys.com\/es\/lesiones-personales\/accidentes-de-navegacion\/","og_locale":"es_ES","og_type":"article","og_title":"Accidentes de Navegaci\u00f3n | Price Petho &amp; Associates, Personal Injury Attorneys","og_description":"Abogados de Accidentes de Embarcaciones en Charlotte Ayuda legal para accidentes de agua y ahogamiento en Carolina del Norte Independientemente de la \u00e9poca del a\u00f1o, puede estar seguro de que los navegantes est\u00e1n navegando por los canales alrededor de Charlotte y sus alrededores. El canotaje es una actividad incre\u00edblemente popular. Nuestra regi\u00f3n tiene muchos residentes&hellip;","og_url":"https:\/\/priceattorneys.com\/es\/lesiones-personales\/accidentes-de-navegacion\/","og_site_name":"Price Petho &amp; Associates, Personal Injury Attorneys","article_modified_time":"2025-02-21T18:06:21+00:00","og_image":[{"url":"https:\/\/priceattorneys.com\/wp-content\/uploads\/2022\/03\/boat.jpg","type":"","width":"","height":""}],"twitter_card":"summary_large_image","twitter_misc":{"Tiempo de lectura":"8 minutos"},"schema":{"@context":"https:\/\/schema.org","@graph":[{"@type":"WebPage","@id":"https:\/\/priceattorneys.com\/es\/lesiones-personales\/accidentes-de-navegacion\/","url":"https:\/\/priceattorneys.com\/es\/lesiones-personales\/accidentes-de-navegacion\/","name":"Accidentes de Navegaci\u00f3n | Price Petho &amp; Associates, Personal Injury Attorneys","isPartOf":{"@id":"https:\/\/priceattorneys.com\/es\/#website"},"primaryImageOfPage":{"@id":"https:\/\/priceattorneys.com\/es\/lesiones-personales\/accidentes-de-navegacion\/#primaryimage"},"image":{"@id":"https:\/\/priceattorneys.com\/es\/lesiones-personales\/accidentes-de-navegacion\/#primaryimage"},"thumbnailUrl":"https:\/\/priceattorneys.com\/wp-content\/uploads\/2022\/03\/boat.jpg","datePublished":"2020-06-13T09:07:00+00:00","dateModified":"2025-02-21T18:06:21+00:00","breadcrumb":{"@id":"https:\/\/priceattorneys.com\/es\/lesiones-personales\/accidentes-de-navegacion\/#breadcrumb"},"inLanguage":"es","potentialAction":[{"@type":"ReadAction","target":["https:\/\/priceattorneys.com\/es\/lesiones-personales\/accidentes-de-navegacion\/"]}]},{"@type":"ImageObject","inLanguage":"es","@id":"https:\/\/priceattorneys.com\/es\/lesiones-personales\/accidentes-de-navegacion\/#primaryimage","url":"https:\/\/priceattorneys.com\/wp-content\/uploads\/2022\/03\/boat.jpg","contentUrl":"https:\/\/priceattorneys.com\/wp-content\/uploads\/2022\/03\/boat.jpg"},{"@type":"BreadcrumbList","@id":"https:\/\/priceattorneys.com\/es\/lesiones-personales\/accidentes-de-navegacion\/#breadcrumb","itemListElement":[{"@type":"ListItem","position":1,"name":"Home","item":"https:\/\/priceattorneys.com\/es\/"},{"@type":"ListItem","position":2,"name":"Lesiones Personales","item":"https:\/\/priceattorneys.com\/es\/lesiones-personales\/"},{"@type":"ListItem","position":3,"name":"Accidentes de Navegaci\u00f3n"}]},{"@type":"WebSite","@id":"https:\/\/priceattorneys.com\/es\/#website","url":"https:\/\/priceattorneys.com\/es\/","name":"Price Petho &amp; Associates, Personal Injury Attorneys","description":"Charlotte Personal Injury Lawyers","potentialAction":[{"@type":"SearchAction","target":{"@type":"EntryPoint","urlTemplate":"https:\/\/priceattorneys.com\/es\/?s={search_term_string}"},"query-input":{"@type":"PropertyValueSpecification","valueRequired":true,"valueName":"search_term_string"}}],"inLanguage":"es"}]}},"_links":{"self":[{"href":"https:\/\/priceattorneys.com\/es\/wp-json\/wp\/v2\/pages\/5155","targetHints":{"allow":["GET"]}}],"collection":[{"href":"https:\/\/priceattorneys.com\/es\/wp-json\/wp\/v2\/pages"}],"about":[{"href":"https:\/\/priceattorneys.com\/es\/wp-json\/wp\/v2\/types\/page"}],"author":[{"embeddable":true,"href":"https:\/\/priceattorneys.com\/es\/wp-json\/wp\/v2\/users\/1"}],"replies":[{"embeddable":true,"href":"https:\/\/priceattorneys.com\/es\/wp-json\/wp\/v2\/comments?post=5155"}],"version-history":[{"count":3,"href":"https:\/\/priceattorneys.com\/es\/wp-json\/wp\/v2\/pages\/5155\/revisions"}],"predecessor-version":[{"id":7420,"href":"https:\/\/priceattorneys.com\/es\/wp-json\/wp\/v2\/pages\/5155\/revisions\/7420"}],"up":[{"embeddable":true,"href":"https:\/\/priceattorneys.com\/es\/wp-json\/wp\/v2\/pages\/4969"}],"wp:attachment":[{"href":"https:\/\/priceattorneys.com\/es\/wp-json\/wp\/v2\/media?parent=5155"}],"curies":[{"name":"wp","href":"https:\/\/api.w.org\/{rel}","templated":true}]}}