{"id":5158,"date":"2020-12-18T05:51:44","date_gmt":"2020-12-18T05:51:44","guid":{"rendered":"https:\/\/priceattorneys.com\/?page_id=5158"},"modified":"2022-04-28T17:35:50","modified_gmt":"2022-04-28T17:35:50","slug":"accidente-de-taxi-limusina","status":"publish","type":"page","link":"https:\/\/priceattorneys.com\/es\/lesiones-personales\/accidente-de-taxi-limusina\/","title":{"rendered":"Accidente de Taxi \/ Limusina"},"content":{"rendered":"\n\n\t\t\t\t<img decoding=\"async\" src=\"https:\/\/priceattorneys.com\/wp-content\/uploads\/2022\/03\/limo.jpg\" alt=\"limo\" itemprop=\"image\" height=\"621\" width=\"1245\" title=\"limo\" onerror=\"this.style.display='none'\"  \/>\n\t<h1>Abogado de Accidentes de Taxi\/Limusina de Charlotte<\/h1>\n<h2>Defensa experimentada despu\u00e9s de accidentes de taxi y limusina en Carolina del Norte<\/h2>\n<p>Los taxis y las limusinas son una buena manera de moverse por Charlotte, ya sea por negocios o por placer. Cuando paga por estos servicios, espera que su conductor tenga experiencia, sea examinado y brinde una experiencia segura de principio a fin. Desafortunadamente, los accidentes que involucran taxis y limusinas ocurren y pueden provocar lesiones graves y da\u00f1os a la propiedad. Es importante que comprenda sus derechos si se lesiona en un choque de taxi o limusina.<\/p>\n<p>En Price, Petho &amp; Asociados, nuestro equipo est\u00e1 a su disposici\u00f3n cuando necesite un abogado de accidentes de taxi o limusina en Charlotte. Entendemos que estos casos son complejos con posibles partes responsables m\u00faltiples, y ponemos todos nuestros recursos a trabajar para recuperar la compensaci\u00f3n total en su nombre. No tenemos miedo de hacer frente a las compa\u00f1\u00edas de seguros agresivas o a las compa\u00f1\u00edas culpables, y siempre estamos listos para ir a juicio si las negociaciones no dan como resultado un acuerdo satisfactorio.<\/p>\n\t<h2>\u00bfQu\u00e9 le gustar\u00eda saber?<\/h2>\n\t<ul>\n<li><a href=\"#FAQ1\">\u00bfCon qu\u00e9 frecuencia ocurren accidentes de taxi\/limusina en Carolina del Norte?<\/a><\/li>\n<li><a href=\"#FAQ2\">\u00bfCu\u00e1les son las principales causas de accidentes de taxis y limusinas?<\/a><\/li>\n<li><a href=\"#FAQ3\">\u00bfQu\u00e9 tipos de lesiones ocurren en los accidentes de taxi y limusina de Charlotte?<\/a><\/li>\n<\/ul>\n\t<ul>\n<li><a href=\"#FAQ4\">\u00bfQui\u00e9n es responsable de mis lesiones por accidentes de taxi y limusina?<\/a><\/li>\n<li><a href=\"#FAQ5\">\u00bfCu\u00e1l es el valor de mi caso de accidente de taxi\/limusina en Charlotte?<\/a><\/li>\n<li><a href=\"#FAQ6\">\u00bfHay un abogado de accidentes de taxi y limusina cerca de m\u00ed?<\/a><\/li>\n<\/ul>\n\t<h2>\u00bfCon qu\u00e9 frecuencia ocurren accidentes de taxi\/limusina en Carolina del Norte?<\/h2>\n<p>Los accidentes de taxis y limusinas ocurren en cualquier momento y en cualquier lugar del \u00e1rea de Charlotte. Seg\u00fan los datos disponibles de el <a href=\"https:\/\/connect.ncdot.gov\/business\/DMV\/CrashFactsDocuments\/2020%20Crash%20Facts.pdf\">Departamento de Transporte de Carolina del Norte<\/a> (NCDOT), 68 accidentes de taxi en total ocurrieron en 2020, causando lesiones a 29 personas. Desafortunadamente, el NCDOT no realiza un seguimiento de los accidentes que involucran limusinas en el estado, por lo que no tenemos estad\u00edsticas sobre accidentes relacionados con limusinas. <a href=\"https:\/\/priceattorneys.com\/es\/lesiones-personales\/accidentes-automovilisticos\/\">accidentes automovil\u00edsticos<\/a>.<\/p>\n\t\t\t\t<img decoding=\"async\" src=\"https:\/\/priceattorneys.com\/wp-content\/uploads\/2022\/03\/taxi2.jpg\" alt=\"taxi2\" itemprop=\"image\" height=\"473\" width=\"900\" title=\"taxi2\" onerror=\"this.style.display='none'\"  \/>\n\t<h2>\u00bfCu\u00e1les son las principales causas de accidentes de taxis y limusinas?<\/h2>\n<p>Aunque una variedad de factores pueden entrar en juego para causar un accidente automovil\u00edstico, la verdad es que la mayor\u00eda de las colisiones ocurren debido a un error o negligencia del conductor. Los conductores de taxis y limusinas pasan muchas horas al volante y ganan m\u00e1s dinero cuantos m\u00e1s turnos trabajan. Las largas jornadas, especialmente de noche, pueden dar lugar a errores de conducci\u00f3n irresponsables, como:<\/p>\n<ul>\n<li><a href=\"https:\/\/priceattorneys.com\/es\/lesiones-personales\/accidentes-automovilisticos\/conduccion-distraida\/\">Conducci\u00f3n distra\u00edda<\/a>, cuando un conductor usa un tel\u00e9fono celular o un sistema GPS al volante<\/li>\n<li>Conducci\u00f3n agresiva, cuando el conductor incurre en ira al volante o conducci\u00f3n imprudente<\/li>\n<li>Conducir fatigado, que puede ser tan peligroso como conducir ebrio<\/li>\n<li><a href=\"https:\/\/priceattorneys.com\/es\/lesiones-personales\/accidentes-automovilisticos\/conducir-ebrio\/\">Conducir bajo la influencia<\/a>, que es ilegal y extremadamente peligroso<\/li>\n<li>Infracciones de tr\u00e1fico, como pasarse un sem\u00e1foro en rojo, exceso de velocidad o no ceder el paso<\/li>\n<\/ul>\n<p>Recuerde, los conductores de taxis y limusinas deben tener una licencia de conducir especial para realizar su trabajo. Si el conductor de la limusina o del taxi que caus\u00f3 su accidente no ten\u00eda la licencia adecuada (llamada licencia de \u00ablibrer\u00eda\u00bb), su caso se vuelve a\u00fan m\u00e1s complejo. nuestra charlotte <a href=\"https:\/\/priceattorneys.com\/es\/lesiones-personales\/\">abogados de lesiones<\/a> puede explicar m\u00e1s.<\/p>\n\t<h2>\u00bfQu\u00e9 tipos de lesiones ocurren en los accidentes de taxi y limusina de Charlotte?<\/h2>\n<p>En caso de un accidente con una limusina o un taxi, muchas personas pueden sufrir lesiones, entre ellas:<\/p>\n<ul>\n<li>Los pasajeros dentro de un taxi o limusina<\/li>\n<li>El conductor del taxi o limusina<\/li>\n<li>Conductores y pasajeros de otros veh\u00edculos involucrados en el choque<\/li>\n<li>Peatones, ciclistas u otros transe\u00fantes<\/li>\n<\/ul>\n<p>Los accidentes que involucran taxis o limusinas pueden resultar en lesiones graves, particularmente para los pasajeros dentro del taxi o limusina porque a menudo no est\u00e1n sujetos. No es raro que las v\u00edctimas en estas situaciones sufran las siguientes lesiones:<\/p>\n<ul>\n<li><a href=\"https:\/\/priceattorneys.com\/es\/lesiones-personales\/lesiones-catastroficas\/lesiones-cerebrales\/\">Lesiones cerebrales traum\u00e1ticas<\/a><\/li>\n<li><a href=\"https:\/\/priceattorneys.com\/es\/lesiones-personales\/lesiones-catastroficas\/lesiones-de-la-medula-espinal\/\">Lesiones de la m\u00e9dula espinal<\/a> \u00a0y par\u00e1lisis<\/li>\n<li>Da\u00f1o a \u00f3rganos internos<\/li>\n<li>Hemorragia interna<\/li>\n<li>Huesos rotos y dislocados<\/li>\n<li><a href=\"https:\/\/priceattorneys.com\/es\/lesiones-personales\/lesiones-catastroficas\/lesiones-por-quemaduras\/\">Lesiones por quemaduras<\/a><\/li>\n<li>Laceraciones severas o heridas punzantes<\/li>\n<li><a href=\"https:\/\/priceattorneys.com\/es\/lesiones-personales\/muerte-injusta\/\">Muerte injusta<\/a><\/li>\n<\/ul>\n<p>Nuestros abogados de Charlotte trabajan para determinar c\u00f3mo ocurri\u00f3 su accidente y qui\u00e9n es responsable de sus lesiones y p\u00e9rdidas.<\/p>\n\t\t\t\t<img decoding=\"async\" src=\"https:\/\/priceattorneys.com\/wp-content\/uploads\/2022\/03\/Taxi-Cab.jpg\" alt=\"Taxi Cab\" itemprop=\"image\" height=\"680\" width=\"900\" title=\"Taxi Cab\" onerror=\"this.style.display='none'\"  \/>\n\t<h2>\u00bfQui\u00e9n es responsable de mis lesiones por accidentes de taxi y limusina?<\/h2>\n<p>Determinar qui\u00e9n es responsable de cubrir sus gastos m\u00e9dicos y p\u00e9rdidas despu\u00e9s de un accidente de taxi o limusina en Charlotte puede ser complicado. Es crucial determinar qui\u00e9n tiene la culpa en estos casos, as\u00ed como si el conductor del taxi o la limusina operaba como empleado de una empresa o como contratista independiente.<\/p>\n<p>Si un conductor de limusina o taxi est\u00e1 involucrado en un accidente, y \u00e9l o ella est\u00e1 operando como un contratista independiente, nuestros abogados buscar\u00e1n una compensaci\u00f3n de la compa\u00f1\u00eda de seguros personal del conductor. Si el conductor de la limusina o del taxi estaba operando un veh\u00edculo propiedad de una empresa, buscaremos una compensaci\u00f3n de la empresa, en lugar del conductor.<\/p>\n\t<h2>\u00bfCu\u00e1l es el valor de mi caso de accidente de taxi\/limusina en Charlotte?<\/h2>\n<p>Si usted o un ser querido sufrieron lesiones en un accidente de taxi o limusina, es probable que tenga derecho a una compensaci\u00f3n por sus p\u00e9rdidas y lesiones. Nuestros abogados pueden ayudarlo a presentar un reclamo, ya sea contra la parte culpable, la compa\u00f1\u00eda de seguros, el empleador o, cuando las negociaciones se rompen, acudir a los tribunales para luchar por lo que se merece.<\/p>\n<p>Un reclamo exitoso por lesiones personales puede asegurarle una compensaci\u00f3n financiera por sus p\u00e9rdidas, que incluye:<\/p>\n<ul>\n<li>Sus facturas y gastos m\u00e9dicos, actuales y futuros<\/li>\n<li>Salarios perdidos y potencial de ingresos futuros causados \u200b\u200bpor sus lesiones<\/li>\n<li>Dolor y sufrimiento, incluido el dolor f\u00edsico y emocional<\/li>\n<li>Cualquier p\u00e9rdida de propiedad del accidente, como sus pertenencias en el veh\u00edculo<\/li>\n<\/ul>\n<p>El valor exacto de su caso depende de las circunstancias espec\u00edficas de su accidente, la gravedad de sus lesiones y el grado de negligencia de la parte culpable. Trabajamos con profesionales m\u00e9dicos y otros expertos para determinar el alcance total de sus p\u00e9rdidas, asegurando que obtenga la compensaci\u00f3n adecuada.<\/p>\n\t<h2>\u00bfHay un abogado de accidentes de taxi y limusina cerca de m\u00ed?<\/h2>\n<p>Puede encontrar a Price, Petho &amp; Asociados en 1430 Elizabeth Ave en Charlotte, NC. Tambi\u00e9n mantenemos oficinas en Rockingham y Rutherfordton para su comodidad. Si no puede acudir a nosotros, estaremos encantados de hacer arreglos para visitarlo en su casa o en el hospital.<\/p>\n<h3>Llame a nuestros abogados de accidentes de taxi y limusina de Charlotte hoy<\/h3>\n<p>Si usted o alguien a quien ama result\u00f3 lesionado en un accidente que involucr\u00f3 a un taxi o limusina en el \u00e1rea de Charlotte, comun\u00edquese hoy con el equipo de Price, Petho &amp; Asociados para obtener ayuda con su caso. Contamos con una extensa red de recursos para determinar la responsabilidad y buscar una compensaci\u00f3n total en su nombre. Esto incluye la cobertura de sus facturas m\u00e9dicas, p\u00e9rdida de ingresos, da\u00f1os por dolor y sufrimiento, y m\u00e1s. Entendemos lo que se necesita para manejar las compa\u00f1\u00edas de seguros en estos casos a menudo complicados. Llamar <a href=\"tel:7043722160\">704-372-2160<\/a> o llena nuestro Formulario de contacto para programar una consulta gratuita con un miembro experimentado de nuestro equipo. Atendemos a clientes en Charlotte, Rockingham, Rutherfordton, Carolina del Norte y Carolina del Sur.<\/p>\n\n","protected":false},"excerpt":{"rendered":"<p>Abogado de Accidentes de Taxi\/Limusina de Charlotte Defensa experimentada despu\u00e9s de accidentes de taxi y limusina en Carolina del Norte Los taxis y las limusinas son una buena manera de moverse por Charlotte, ya sea por negocios o por placer. Cuando paga por estos servicios, espera que su conductor tenga experiencia, sea examinado y brinde&hellip;<\/p>\n","protected":false},"author":1,"featured_media":0,"parent":4969,"menu_order":0,"comment_status":"closed","ping_status":"closed","template":"","meta":{"footnotes":""},"class_list":["post-5158","page","type-page","status-publish","hentry"],"yoast_head":"<!-- This site is optimized with the Yoast SEO plugin v27.2 - https:\/\/yoast.com\/product\/yoast-seo-wordpress\/ -->\n<title>Accidente de Taxi \/ Limusina | Price Petho &amp; Associates, Personal Injury Attorneys<\/title>\n<meta name=\"robots\" content=\"index, follow, max-snippet:-1, max-image-preview:large, max-video-preview:-1\" \/>\n<link rel=\"canonical\" href=\"https:\/\/priceattorneys.com\/es\/lesiones-personales\/accidente-de-taxi-limusina\/\" \/>\n<meta property=\"og:locale\" content=\"es_ES\" \/>\n<meta property=\"og:type\" content=\"article\" \/>\n<meta property=\"og:title\" content=\"Accidente de Taxi \/ Limusina | Price Petho &amp; Associates, Personal Injury Attorneys\" \/>\n<meta property=\"og:description\" content=\"Abogado de Accidentes de Taxi\/Limusina de Charlotte Defensa experimentada despu\u00e9s de accidentes de taxi y limusina en Carolina del Norte Los taxis y las limusinas son una buena manera de moverse por Charlotte, ya sea por negocios o por placer. Cuando paga por estos servicios, espera que su conductor tenga experiencia, sea examinado y brinde&hellip;\" \/>\n<meta property=\"og:url\" content=\"https:\/\/priceattorneys.com\/es\/lesiones-personales\/accidente-de-taxi-limusina\/\" \/>\n<meta property=\"og:site_name\" content=\"Price Petho &amp; Associates, Personal Injury Attorneys\" \/>\n<meta property=\"article:modified_time\" content=\"2022-04-28T17:35:50+00:00\" \/>\n<meta property=\"og:image\" content=\"https:\/\/priceattorneys.com\/wp-content\/uploads\/2022\/03\/limo.jpg\" \/>\n<meta name=\"twitter:card\" content=\"summary_large_image\" \/>\n<meta name=\"twitter:label1\" content=\"Tiempo de lectura\" \/>\n\t<meta name=\"twitter:data1\" content=\"6 minutos\" \/>\n<script type=\"application\/ld+json\" class=\"yoast-schema-graph\">{\"@context\":\"https:\/\/schema.org\",\"@graph\":[{\"@type\":\"WebPage\",\"@id\":\"https:\/\/priceattorneys.com\/es\/lesiones-personales\/accidente-de-taxi-limusina\/\",\"url\":\"https:\/\/priceattorneys.com\/es\/lesiones-personales\/accidente-de-taxi-limusina\/\",\"name\":\"Accidente de Taxi \/ Limusina | Price Petho &amp; Associates, Personal Injury Attorneys\",\"isPartOf\":{\"@id\":\"https:\/\/priceattorneys.com\/es\/#website\"},\"primaryImageOfPage\":{\"@id\":\"https:\/\/priceattorneys.com\/es\/lesiones-personales\/accidente-de-taxi-limusina\/#primaryimage\"},\"image\":{\"@id\":\"https:\/\/priceattorneys.com\/es\/lesiones-personales\/accidente-de-taxi-limusina\/#primaryimage\"},\"thumbnailUrl\":\"https:\/\/priceattorneys.com\/wp-content\/uploads\/2022\/03\/limo.jpg\",\"datePublished\":\"2020-12-18T05:51:44+00:00\",\"dateModified\":\"2022-04-28T17:35:50+00:00\",\"breadcrumb\":{\"@id\":\"https:\/\/priceattorneys.com\/es\/lesiones-personales\/accidente-de-taxi-limusina\/#breadcrumb\"},\"inLanguage\":\"es\",\"potentialAction\":[{\"@type\":\"ReadAction\",\"target\":[\"https:\/\/priceattorneys.com\/es\/lesiones-personales\/accidente-de-taxi-limusina\/\"]}]},{\"@type\":\"ImageObject\",\"inLanguage\":\"es\",\"@id\":\"https:\/\/priceattorneys.com\/es\/lesiones-personales\/accidente-de-taxi-limusina\/#primaryimage\",\"url\":\"https:\/\/priceattorneys.com\/wp-content\/uploads\/2022\/03\/limo.jpg\",\"contentUrl\":\"https:\/\/priceattorneys.com\/wp-content\/uploads\/2022\/03\/limo.jpg\"},{\"@type\":\"BreadcrumbList\",\"@id\":\"https:\/\/priceattorneys.com\/es\/lesiones-personales\/accidente-de-taxi-limusina\/#breadcrumb\",\"itemListElement\":[{\"@type\":\"ListItem\",\"position\":1,\"name\":\"Home\",\"item\":\"https:\/\/priceattorneys.com\/es\/\"},{\"@type\":\"ListItem\",\"position\":2,\"name\":\"Lesiones Personales\",\"item\":\"https:\/\/priceattorneys.com\/es\/lesiones-personales\/\"},{\"@type\":\"ListItem\",\"position\":3,\"name\":\"Accidente de Taxi \/ Limusina\"}]},{\"@type\":\"WebSite\",\"@id\":\"https:\/\/priceattorneys.com\/es\/#website\",\"url\":\"https:\/\/priceattorneys.com\/es\/\",\"name\":\"Price Petho &amp; Associates, Personal Injury Attorneys\",\"description\":\"Charlotte Personal Injury Lawyers\",\"potentialAction\":[{\"@type\":\"SearchAction\",\"target\":{\"@type\":\"EntryPoint\",\"urlTemplate\":\"https:\/\/priceattorneys.com\/es\/?s={search_term_string}\"},\"query-input\":{\"@type\":\"PropertyValueSpecification\",\"valueRequired\":true,\"valueName\":\"search_term_string\"}}],\"inLanguage\":\"es\"}]}<\/script>\n<!-- \/ Yoast SEO plugin. -->","yoast_head_json":{"title":"Accidente de Taxi \/ Limusina | Price Petho &amp; Associates, Personal Injury Attorneys","robots":{"index":"index","follow":"follow","max-snippet":"max-snippet:-1","max-image-preview":"max-image-preview:large","max-video-preview":"max-video-preview:-1"},"canonical":"https:\/\/priceattorneys.com\/es\/lesiones-personales\/accidente-de-taxi-limusina\/","og_locale":"es_ES","og_type":"article","og_title":"Accidente de Taxi \/ Limusina | Price Petho &amp; Associates, Personal Injury Attorneys","og_description":"Abogado de Accidentes de Taxi\/Limusina de Charlotte Defensa experimentada despu\u00e9s de accidentes de taxi y limusina en Carolina del Norte Los taxis y las limusinas son una buena manera de moverse por Charlotte, ya sea por negocios o por placer. Cuando paga por estos servicios, espera que su conductor tenga experiencia, sea examinado y brinde&hellip;","og_url":"https:\/\/priceattorneys.com\/es\/lesiones-personales\/accidente-de-taxi-limusina\/","og_site_name":"Price Petho &amp; Associates, Personal Injury Attorneys","article_modified_time":"2022-04-28T17:35:50+00:00","og_image":[{"url":"https:\/\/priceattorneys.com\/wp-content\/uploads\/2022\/03\/limo.jpg","type":"","width":"","height":""}],"twitter_card":"summary_large_image","twitter_misc":{"Tiempo de lectura":"6 minutos"},"schema":{"@context":"https:\/\/schema.org","@graph":[{"@type":"WebPage","@id":"https:\/\/priceattorneys.com\/es\/lesiones-personales\/accidente-de-taxi-limusina\/","url":"https:\/\/priceattorneys.com\/es\/lesiones-personales\/accidente-de-taxi-limusina\/","name":"Accidente de Taxi \/ Limusina | Price Petho &amp; Associates, Personal Injury Attorneys","isPartOf":{"@id":"https:\/\/priceattorneys.com\/es\/#website"},"primaryImageOfPage":{"@id":"https:\/\/priceattorneys.com\/es\/lesiones-personales\/accidente-de-taxi-limusina\/#primaryimage"},"image":{"@id":"https:\/\/priceattorneys.com\/es\/lesiones-personales\/accidente-de-taxi-limusina\/#primaryimage"},"thumbnailUrl":"https:\/\/priceattorneys.com\/wp-content\/uploads\/2022\/03\/limo.jpg","datePublished":"2020-12-18T05:51:44+00:00","dateModified":"2022-04-28T17:35:50+00:00","breadcrumb":{"@id":"https:\/\/priceattorneys.com\/es\/lesiones-personales\/accidente-de-taxi-limusina\/#breadcrumb"},"inLanguage":"es","potentialAction":[{"@type":"ReadAction","target":["https:\/\/priceattorneys.com\/es\/lesiones-personales\/accidente-de-taxi-limusina\/"]}]},{"@type":"ImageObject","inLanguage":"es","@id":"https:\/\/priceattorneys.com\/es\/lesiones-personales\/accidente-de-taxi-limusina\/#primaryimage","url":"https:\/\/priceattorneys.com\/wp-content\/uploads\/2022\/03\/limo.jpg","contentUrl":"https:\/\/priceattorneys.com\/wp-content\/uploads\/2022\/03\/limo.jpg"},{"@type":"BreadcrumbList","@id":"https:\/\/priceattorneys.com\/es\/lesiones-personales\/accidente-de-taxi-limusina\/#breadcrumb","itemListElement":[{"@type":"ListItem","position":1,"name":"Home","item":"https:\/\/priceattorneys.com\/es\/"},{"@type":"ListItem","position":2,"name":"Lesiones Personales","item":"https:\/\/priceattorneys.com\/es\/lesiones-personales\/"},{"@type":"ListItem","position":3,"name":"Accidente de Taxi \/ Limusina"}]},{"@type":"WebSite","@id":"https:\/\/priceattorneys.com\/es\/#website","url":"https:\/\/priceattorneys.com\/es\/","name":"Price Petho &amp; Associates, Personal Injury Attorneys","description":"Charlotte Personal Injury Lawyers","potentialAction":[{"@type":"SearchAction","target":{"@type":"EntryPoint","urlTemplate":"https:\/\/priceattorneys.com\/es\/?s={search_term_string}"},"query-input":{"@type":"PropertyValueSpecification","valueRequired":true,"valueName":"search_term_string"}}],"inLanguage":"es"}]}},"_links":{"self":[{"href":"https:\/\/priceattorneys.com\/es\/wp-json\/wp\/v2\/pages\/5158","targetHints":{"allow":["GET"]}}],"collection":[{"href":"https:\/\/priceattorneys.com\/es\/wp-json\/wp\/v2\/pages"}],"about":[{"href":"https:\/\/priceattorneys.com\/es\/wp-json\/wp\/v2\/types\/page"}],"author":[{"embeddable":true,"href":"https:\/\/priceattorneys.com\/es\/wp-json\/wp\/v2\/users\/1"}],"replies":[{"embeddable":true,"href":"https:\/\/priceattorneys.com\/es\/wp-json\/wp\/v2\/comments?post=5158"}],"version-history":[{"count":0,"href":"https:\/\/priceattorneys.com\/es\/wp-json\/wp\/v2\/pages\/5158\/revisions"}],"up":[{"embeddable":true,"href":"https:\/\/priceattorneys.com\/es\/wp-json\/wp\/v2\/pages\/4969"}],"wp:attachment":[{"href":"https:\/\/priceattorneys.com\/es\/wp-json\/wp\/v2\/media?parent=5158"}],"curies":[{"name":"wp","href":"https:\/\/api.w.org\/{rel}","templated":true}]}}