{"id":5162,"date":"2020-06-13T08:43:26","date_gmt":"2020-06-13T08:43:26","guid":{"rendered":"https:\/\/priceattorneys.com\/?page_id=5162"},"modified":"2024-03-27T18:37:12","modified_gmt":"2024-03-27T18:37:12","slug":"accidentes-de-vehiculos-todo-terreno","status":"publish","type":"page","link":"https:\/\/priceattorneys.com\/es\/lesiones-personales\/accidentes-de-vehiculos-todo-terreno\/","title":{"rendered":"Accidentes de Veh\u00edculos Todo Terreno"},"content":{"rendered":"\n\n\t\t\t\t<img decoding=\"async\" src=\"https:\/\/priceattorneys.com\/wp-content\/uploads\/2022\/03\/ATV.jpg\" alt=\"ATV accidents in North Carolina\" itemprop=\"image\" height=\"800\" width=\"2000\" title=\"ATV\" onerror=\"this.style.display='none'\"  \/>\n\t<h1>Abogado de accidentes de veh\u00edculos todo terreno en Charlotte<\/h1>\n<h2>Representando a v\u00edctimas de lesiones causadas por veh\u00edculos todo terreno en Carolina del Norte<\/h2>\n<p>Cuando disfruta de unas vacaciones o de un d\u00eda de relax con su familia, lo \u00faltimo que desea escuchar es que su hijo tuvo un accidente. Desafortunadamente, muchos padres escuchan este tipo de noticias escalofriantes cada a\u00f1o, ya que m\u00e1s personas recurren a los veh\u00edculos todo terreno, o veh\u00edculos todo terreno, para sus aventuras de verano. Los veh\u00edculos todo terreno deben mantenerse y operarse de manera responsable, y una variedad de factores pueden contribuir a estos accidentes.<\/p>\n<p>Los veh\u00edculos todo terreno son peligrosos por derecho propio, y cuando un fabricante u operador es negligente, los accidentes resultantes pueden ser catastr\u00f3ficos. Si usted o un miembro de su familia sufri\u00f3 una lesi\u00f3n en uno de estos veh\u00edculos, nuestro equipo de abogados de lesiones personales puede ayudarlo a determinar qui\u00e9n es responsable y, lo que es m\u00e1s importante, qu\u00e9 puede hacer al respecto. Los abogados experimentados de Price, Petho &amp; Asociados ofrecen defensa legal compasiva en Charlotte para las personas lesionadas en accidentes de veh\u00edculos todo terreno.<\/p>\n\t<h2>\u00bfQu\u00e9 le gustar\u00eda saber?<\/h2>\n\t<ul>\n<li><a href=\"#FAQ1\">\u00bfQu\u00e9 es un cuatriciclo?<\/a><\/li>\n<li><a href=\"#FAQ2\">\u00bfQu\u00e9 tan peligrosos son los veh\u00edculos todo terreno?<\/a><\/li>\n<li><a href=\"#FAQ3\">\u00bfQu\u00e9 tipos de lesiones ocurren en los accidentes de ATV en Charlotte?<\/a><\/li>\n<\/ul>\n\t<ul>\n<li><a href=\"#FAQ4\">\u00bfC\u00f3mo ocurren los accidentes y choques de veh\u00edculos todo terreno?<\/a><\/li>\n<li><a href=\"#FAQ5\">\u00bfCu\u00e1l es el valor de mi caso de accidente de ATV en Charlotte?<\/a><\/li>\n<li><a href=\"#FAQ6\">\u00bfHay un abogado de accidentes de veh\u00edculos todo terreno cerca de m\u00ed?<\/a><\/li>\n<\/ul>\n\t\t\t\t<img decoding=\"async\" src=\"https:\/\/priceattorneys.com\/wp-content\/uploads\/2022\/03\/ATV-Racer.jpg\" alt=\"ATV accidents in North Carolina\" itemprop=\"image\" height=\"400\" width=\"900\" title=\"ATV Racer\" onerror=\"this.style.display='none'\"  \/>\n\t<h2>\u00bfQu\u00e9 es un cuatriciclo?<\/h2>\n<p>Los veh\u00edculos todo terreno son veh\u00edculos motorizados dise\u00f1ados para viajar fuera de carreteras y autopistas. por el <a href=\"https:\/\/atvsafety.org\/what-is-an-atv\/\">Instituto de seguridad de veh\u00edculos todo terreno<\/a>:<\/p>\n<p>Un veh\u00edculo todo terreno (ATV) se define como un veh\u00edculo todo terreno motorizado dise\u00f1ado para viajar con cuatro neum\u00e1ticos de baja presi\u00f3n o no neum\u00e1ticos, que tiene un asiento dise\u00f1ado para que el operador lo monte a horcajadas y manubrios para el control de la direcci\u00f3n. Los veh\u00edculos todo terreno se subdividen en dos tipos seg\u00fan lo designado por el fabricante. Los ATV Tipo I est\u00e1n dise\u00f1ados por el fabricante para que los use un solo operador y ning\u00fan pasajero. Los ATV Tipo II est\u00e1n dise\u00f1ados por el fabricante para que los usen un operador y un pasajero, y est\u00e1n equipados con un asiento designado detr\u00e1s del operador. Del mismo modo, los conductores tambi\u00e9n deben tener en cuenta los distintos tama\u00f1os de veh\u00edculos todo terreno.<\/p>\n<p>Tambi\u00e9n se\u00f1alan que los ni\u00f1os siempre deben operar un veh\u00edculo todo terreno dise\u00f1ado para su tama\u00f1o y edad.<\/p>\n\t<h2>\u00bfQu\u00e9 tan peligrosos son los veh\u00edculos todo terreno?<\/h2>\n<p>La <a href=\"https:\/\/www.cpsc.gov\/s3fs-public\/2020_Report_of_Deaths_and_Injuries_Invovling_Off_HighwayVehicles.pdf?imC.TJWgDuptE5LCrTj9lkE08Vo3Nu4g\">Comisi\u00f3n de Seguridad de Productos de Consumo de EE. UU.<\/a> (CPSC) informes entre 2015 y 2017 (los datos m\u00e1s actualizados disponibles):<\/p>\n<ul>\n<li>1,697 muertes asociadas con accidentes de veh\u00edculos todo terreno<\/li>\n<li>26 de estos incidentes tuvieron muertes m\u00faltiples<\/li>\n<li>El 65% de los accidentes fatales involucraron un ATV volcado<\/li>\n<li>Las colisiones son el peligro principal en el 37% de los accidentes fatales de veh\u00edculos todo terreno<\/li>\n<li>La mayor\u00eda de las colisiones involucran objetos estacionarios u otros veh\u00edculos.<\/li>\n<li>Las expulsiones de ocupantes representan la mayor\u00eda de las muertes<\/li>\n<li>Los ni\u00f1os menores de 12 a\u00f1os representan el 48% de las muertes en el grupo de edad de menores de 16 a\u00f1os<\/li>\n<\/ul>\n<p>Entre 2015 y 2019, 524\u00a0600 personas recibieron tratamiento de urgencias por lesiones relacionadas con veh\u00edculos todo terreno.<\/p>\n\t<h2>\u00bfQu\u00e9 tipos de lesiones ocurren en los accidentes de ATV en Charlotte?<\/h2>\n<p>Los choques y colisiones de veh\u00edculos todo terreno pueden causar lesiones graves y catastr\u00f3ficas, que incluyen:<\/p>\n<ul>\n<li><a href=\"https:\/\/priceattorneys.com\/es\/lesiones-personales\/lesiones-catastroficas\/lesiones-cerebrales\/\"><strong>Lesi\u00f3n cerebral traum\u00e1tica<\/strong><\/a> <strong>(LCT).<\/strong>Causado por golpes fuertes en la cabeza que afectan el tejido cerebral, los s\u00edntomas de un TBI dependen de su gravedad. Una TBI requiere atenci\u00f3n m\u00e9dica inmediata y, a menudo, resulta en hospitalizaci\u00f3n, y sus s\u00edntomas pueden variar desde una conmoci\u00f3n cerebral leve y mareos hasta coma y p\u00e9rdida permanente de la funci\u00f3n motora.<\/li>\n<li><strong>Luxaciones y fracturas \u00f3seas<\/strong>. Los huesos son vulnerables al peso pesado e inestable de los veh\u00edculos todo terreno y pueden ser aplastados o fracturados por muchas de las partes m\u00f3viles. La rehabilitaci\u00f3n de lesiones \u00f3seas graves puede tardar a\u00f1os en sanar.<\/li>\n<li><strong>Hemorragia interna<\/strong>. La tremenda fuerza ejercida sobre su cuerpo durante un accidente relacionado con un veh\u00edculo todo terreno puede causar sangrado interno grave y hemorragia, y puede ser fatal sin el tratamiento m\u00e9dico adecuado.<\/li>\n<li><strong>P\u00e9rdida de una extremidad<\/strong>. Los accidentes de vuelco pueden causar lesiones graves por aplastamiento o laceraci\u00f3n que resultan en la amputaci\u00f3n de una extremidad o parte del cuerpo.<\/li>\n<li><a href=\"https:\/\/priceattorneys.com\/es\/lesiones-personales\/lesiones-catastroficas\/lesiones-de-la-medula-espinal\/\"><strong>Lesiones de columna y cuello<\/strong><\/a>. Como base del cuerpo humano, la columna vertebral es fundamental para el movimiento y extremadamente vulnerable a los accidentes. Desde un latigazo cervical hasta una paraplej\u00eda total, las lesiones de la columna y el cuello necesitan tiempo para sanar y pueden impedirle trabajar a tiempo completo.<\/li>\n<li><a href=\"https:\/\/priceattorneys.com\/es\/lesiones-personales\/muerte-injusta\/\"><strong>Muerte injusta<\/strong><\/a>. En el peor de los casos, un operador de ATV puede perder la vida en un accidente.<\/li>\n<\/ul>\n<p>Si bien el error del usuario, la inexperiencia y el desacato de las reglas de tr\u00e1nsito son responsables de muchas lesiones relacionadas con veh\u00edculos todo terreno registradas, tambi\u00e9n hay casos en los que un fabricante fue directamente responsable de una lesi\u00f3n sufrida en un veh\u00edculo todo terreno, y a\u00fan m\u00e1s en los que se puede responsabilizar a otro conductor. por lesiones<\/p>\n\t<h2>\u00bfC\u00f3mo ocurren los accidentes y choques de veh\u00edculos todo terreno?<\/h2>\n<p>En la mayor\u00eda de los casos, los accidentes de veh\u00edculos todo terreno se pueden prevenir cuando los propietarios de veh\u00edculos y propiedades toman las precauciones adecuadas y brindan precauciones de seguridad. Si su accidente de ATV o el de su hijo ocurri\u00f3 debido a la negligencia de otra persona, puede ser elegible para presentar un reclamo por lesiones personales. Los ejemplos de negligencia pueden incluir:<\/p>\n<ul>\n<li><a href=\"https:\/\/priceattorneys.com\/es\/lesiones-personales\/accidentes-automovilisticos\/conduccion-distraida\/\">Conducir distra\u00edda<\/a><\/li>\n<li><a href=\"https:\/\/priceattorneys.com\/es\/lesiones-personales\/accidentes-automovilisticos\/conducir-ebrio\/\">Conducir ebrio<\/a><\/li>\n<li>Falta de experiencia en manejo de veh\u00edculos todo terreno<\/li>\n<li>Conducci\u00f3n temeraria<\/li>\n<li>Operar un ATV en condiciones inadecuadas<\/li>\n<\/ul>\n<p>Otros ejemplos de negligencia ser\u00edan que el propietario de un veh\u00edculo todo terreno permita que conductores menores de edad o sin licencia operen veh\u00edculos sin supervisi\u00f3n. Los due\u00f1os de propiedades tambi\u00e9n ser\u00edan responsables de las lesiones si dejaran sus veh\u00edculos todo terreno accesibles para los ni\u00f1os, seg\u00fan Charlotte <a href=\"https:\/\/priceattorneys.com\/es\/lesiones-personales\/responsabilidad-de-los-locales\/\">responsabilidad de locales<\/a> ley.<\/p>\n<p>Los accidentes de veh\u00edculos todo terreno y las lesiones tambi\u00e9n pueden ocurrir por piezas defectuosas del veh\u00edculo. Cuando cualquier parte de un veh\u00edculo falla, un ATV puede perder el control y provocar un accidente grave. En casos como estos, nuestros abogados responsabilizan al fabricante por poner en el mercado un producto peligroso y defectuoso.<\/p>\n\t<h2>\u00bfCu\u00e1l es el valor de mi caso de accidente de ATV en Charlotte?<\/h2>\n<p>Cada lesi\u00f3n y accidente es \u00fanico, y los abogados de Price, Petho &amp; Asociados trabajan para garantizar que obtenga una compensaci\u00f3n justa y adecuada por sus lesiones y p\u00e9rdidas. Responsabilizamos a todas las partes responsables por su participaci\u00f3n en el accidente, trabajando para recuperar la compensaci\u00f3n a la que tiene derecho, que incluye:<\/p>\n<ul>\n<li>Gastos m\u00e9dicos, actuales y futuros<\/li>\n<li>Salarios perdidos, incluido el futuro potencial de ingresos perdidos\/reducidos<\/li>\n<li>Dolor y sufrimiento<\/li>\n<li>Discapacidad y desfiguraci\u00f3n<\/li>\n<\/ul>\n<p>Aqu\u00ed en Carolina del Norte, las v\u00edctimas tienen tres a\u00f1os para presentar un reclamo por lesiones personales, pero es importante buscar asesor\u00eda legal lo antes posible. Esto le da a sus abogados tiempo para comenzar a construir un caso s\u00f3lido mientras la evidencia y los detalles a\u00fan est\u00e1n frescos.<\/p>\n\t<h2>\u00bfHay un abogado de accidentes de veh\u00edculos todo terreno cerca de m\u00ed?<\/h2>\n<p>Price, Petho &amp; Asociados est\u00e1 ubicado en 1430 Elizabeth Ave en Charlotte, NC. Tambi\u00e9n mantenemos oficinas en Rockingham y Rutherfordton para su comodidad. Si no puede acudir a nosotros, podemos hacer arreglos para visitarlo en su casa o en el hospital.<\/p>\n<h3>Abogados experimentados en accidentes de veh\u00edculos todo terreno de Charlotte de su lado<\/h3>\n<p>Si cree que su accidente fue causado por cualquier tipo de negligencia, comun\u00edquese hoy con los abogados de Price, Petho &amp; Asociados. Las leyes que rigen las lesiones personales en Carolina del Norte son estrictas, ya que el estado sigue la \u00abregla de negligencia contributiva\u00bb. Esto significa que no puede presentar una demanda civil si fue parcialmente culpable del accidente, seg\u00fan lo determine un jurado. Discutir su caso con un abogado de lesiones personales es la mejor manera de recuperar la totalidad de los da\u00f1os que ha sufrido. Para programar una consulta con uno de nuestros abogados, llame <a href=\"tel:7043722160\">704-372-2160<\/a> o llena nuestro Formulario de contacto. Atendemos a clientes en Charlotte, Rockingham, Rutherfordton, Carolina del Norte y Carolina del Sur.<\/p>\n\n","protected":false},"excerpt":{"rendered":"<p>Abogado de accidentes de veh\u00edculos todo terreno en Charlotte Representando a v\u00edctimas de lesiones causadas por veh\u00edculos todo terreno en Carolina del Norte Cuando disfruta de unas vacaciones o de un d\u00eda de relax con su familia, lo \u00faltimo que desea escuchar es que su hijo tuvo un accidente. Desafortunadamente, muchos padres escuchan este tipo&hellip;<\/p>\n","protected":false},"author":1,"featured_media":0,"parent":4969,"menu_order":0,"comment_status":"closed","ping_status":"closed","template":"","meta":{"footnotes":""},"class_list":["post-5162","page","type-page","status-publish","hentry"],"yoast_head":"<!-- This site is optimized with the Yoast SEO plugin v27.3 - https:\/\/yoast.com\/product\/yoast-seo-wordpress\/ -->\n<title>Accidentes de Veh\u00edculos Todo Terreno | Price Petho &amp; Associates, Personal Injury Attorneys<\/title>\n<meta name=\"robots\" content=\"index, follow, max-snippet:-1, max-image-preview:large, max-video-preview:-1\" \/>\n<link rel=\"canonical\" href=\"https:\/\/priceattorneys.com\/es\/lesiones-personales\/accidentes-de-vehiculos-todo-terreno\/\" \/>\n<meta property=\"og:locale\" content=\"es_ES\" \/>\n<meta property=\"og:type\" content=\"article\" \/>\n<meta property=\"og:title\" content=\"Accidentes de Veh\u00edculos Todo Terreno | Price Petho &amp; Associates, Personal Injury Attorneys\" \/>\n<meta property=\"og:description\" content=\"Abogado de accidentes de veh\u00edculos todo terreno en Charlotte Representando a v\u00edctimas de lesiones causadas por veh\u00edculos todo terreno en Carolina del Norte Cuando disfruta de unas vacaciones o de un d\u00eda de relax con su familia, lo \u00faltimo que desea escuchar es que su hijo tuvo un accidente. Desafortunadamente, muchos padres escuchan este tipo&hellip;\" \/>\n<meta property=\"og:url\" content=\"https:\/\/priceattorneys.com\/es\/lesiones-personales\/accidentes-de-vehiculos-todo-terreno\/\" \/>\n<meta property=\"og:site_name\" content=\"Price Petho &amp; Associates, Personal Injury Attorneys\" \/>\n<meta property=\"article:modified_time\" content=\"2024-03-27T18:37:12+00:00\" \/>\n<meta property=\"og:image\" content=\"https:\/\/priceattorneys.com\/wp-content\/uploads\/2022\/03\/ATV.jpg\" \/>\n<meta name=\"twitter:card\" content=\"summary_large_image\" \/>\n<meta name=\"twitter:label1\" content=\"Tiempo de lectura\" \/>\n\t<meta name=\"twitter:data1\" content=\"8 minutos\" \/>\n<script type=\"application\/ld+json\" class=\"yoast-schema-graph\">{\"@context\":\"https:\\\/\\\/schema.org\",\"@graph\":[{\"@type\":\"WebPage\",\"@id\":\"https:\\\/\\\/priceattorneys.com\\\/es\\\/lesiones-personales\\\/accidentes-de-vehiculos-todo-terreno\\\/\",\"url\":\"https:\\\/\\\/priceattorneys.com\\\/es\\\/lesiones-personales\\\/accidentes-de-vehiculos-todo-terreno\\\/\",\"name\":\"Accidentes de Veh\u00edculos Todo Terreno | Price Petho &amp; Associates, Personal Injury Attorneys\",\"isPartOf\":{\"@id\":\"https:\\\/\\\/priceattorneys.com\\\/es\\\/#website\"},\"primaryImageOfPage\":{\"@id\":\"https:\\\/\\\/priceattorneys.com\\\/es\\\/lesiones-personales\\\/accidentes-de-vehiculos-todo-terreno\\\/#primaryimage\"},\"image\":{\"@id\":\"https:\\\/\\\/priceattorneys.com\\\/es\\\/lesiones-personales\\\/accidentes-de-vehiculos-todo-terreno\\\/#primaryimage\"},\"thumbnailUrl\":\"https:\\\/\\\/priceattorneys.com\\\/wp-content\\\/uploads\\\/2022\\\/03\\\/ATV.jpg\",\"datePublished\":\"2020-06-13T08:43:26+00:00\",\"dateModified\":\"2024-03-27T18:37:12+00:00\",\"breadcrumb\":{\"@id\":\"https:\\\/\\\/priceattorneys.com\\\/es\\\/lesiones-personales\\\/accidentes-de-vehiculos-todo-terreno\\\/#breadcrumb\"},\"inLanguage\":\"es\",\"potentialAction\":[{\"@type\":\"ReadAction\",\"target\":[\"https:\\\/\\\/priceattorneys.com\\\/es\\\/lesiones-personales\\\/accidentes-de-vehiculos-todo-terreno\\\/\"]}]},{\"@type\":\"ImageObject\",\"inLanguage\":\"es\",\"@id\":\"https:\\\/\\\/priceattorneys.com\\\/es\\\/lesiones-personales\\\/accidentes-de-vehiculos-todo-terreno\\\/#primaryimage\",\"url\":\"https:\\\/\\\/priceattorneys.com\\\/wp-content\\\/uploads\\\/2022\\\/03\\\/ATV.jpg\",\"contentUrl\":\"https:\\\/\\\/priceattorneys.com\\\/wp-content\\\/uploads\\\/2022\\\/03\\\/ATV.jpg\"},{\"@type\":\"BreadcrumbList\",\"@id\":\"https:\\\/\\\/priceattorneys.com\\\/es\\\/lesiones-personales\\\/accidentes-de-vehiculos-todo-terreno\\\/#breadcrumb\",\"itemListElement\":[{\"@type\":\"ListItem\",\"position\":1,\"name\":\"Home\",\"item\":\"https:\\\/\\\/priceattorneys.com\\\/es\\\/\"},{\"@type\":\"ListItem\",\"position\":2,\"name\":\"Lesiones Personales\",\"item\":\"https:\\\/\\\/priceattorneys.com\\\/es\\\/lesiones-personales\\\/\"},{\"@type\":\"ListItem\",\"position\":3,\"name\":\"Accidentes de Veh\u00edculos Todo Terreno\"}]},{\"@type\":\"WebSite\",\"@id\":\"https:\\\/\\\/priceattorneys.com\\\/es\\\/#website\",\"url\":\"https:\\\/\\\/priceattorneys.com\\\/es\\\/\",\"name\":\"Price Petho &amp; Associates, Personal Injury Attorneys\",\"description\":\"Charlotte Personal Injury Lawyers\",\"potentialAction\":[{\"@type\":\"SearchAction\",\"target\":{\"@type\":\"EntryPoint\",\"urlTemplate\":\"https:\\\/\\\/priceattorneys.com\\\/es\\\/?s={search_term_string}\"},\"query-input\":{\"@type\":\"PropertyValueSpecification\",\"valueRequired\":true,\"valueName\":\"search_term_string\"}}],\"inLanguage\":\"es\"}]}<\/script>\n<!-- \/ Yoast SEO plugin. -->","yoast_head_json":{"title":"Accidentes de Veh\u00edculos Todo Terreno | Price Petho &amp; Associates, Personal Injury Attorneys","robots":{"index":"index","follow":"follow","max-snippet":"max-snippet:-1","max-image-preview":"max-image-preview:large","max-video-preview":"max-video-preview:-1"},"canonical":"https:\/\/priceattorneys.com\/es\/lesiones-personales\/accidentes-de-vehiculos-todo-terreno\/","og_locale":"es_ES","og_type":"article","og_title":"Accidentes de Veh\u00edculos Todo Terreno | Price Petho &amp; Associates, Personal Injury Attorneys","og_description":"Abogado de accidentes de veh\u00edculos todo terreno en Charlotte Representando a v\u00edctimas de lesiones causadas por veh\u00edculos todo terreno en Carolina del Norte Cuando disfruta de unas vacaciones o de un d\u00eda de relax con su familia, lo \u00faltimo que desea escuchar es que su hijo tuvo un accidente. Desafortunadamente, muchos padres escuchan este tipo&hellip;","og_url":"https:\/\/priceattorneys.com\/es\/lesiones-personales\/accidentes-de-vehiculos-todo-terreno\/","og_site_name":"Price Petho &amp; Associates, Personal Injury Attorneys","article_modified_time":"2024-03-27T18:37:12+00:00","og_image":[{"url":"https:\/\/priceattorneys.com\/wp-content\/uploads\/2022\/03\/ATV.jpg","type":"","width":"","height":""}],"twitter_card":"summary_large_image","twitter_misc":{"Tiempo de lectura":"8 minutos"},"schema":{"@context":"https:\/\/schema.org","@graph":[{"@type":"WebPage","@id":"https:\/\/priceattorneys.com\/es\/lesiones-personales\/accidentes-de-vehiculos-todo-terreno\/","url":"https:\/\/priceattorneys.com\/es\/lesiones-personales\/accidentes-de-vehiculos-todo-terreno\/","name":"Accidentes de Veh\u00edculos Todo Terreno | Price Petho &amp; Associates, Personal Injury Attorneys","isPartOf":{"@id":"https:\/\/priceattorneys.com\/es\/#website"},"primaryImageOfPage":{"@id":"https:\/\/priceattorneys.com\/es\/lesiones-personales\/accidentes-de-vehiculos-todo-terreno\/#primaryimage"},"image":{"@id":"https:\/\/priceattorneys.com\/es\/lesiones-personales\/accidentes-de-vehiculos-todo-terreno\/#primaryimage"},"thumbnailUrl":"https:\/\/priceattorneys.com\/wp-content\/uploads\/2022\/03\/ATV.jpg","datePublished":"2020-06-13T08:43:26+00:00","dateModified":"2024-03-27T18:37:12+00:00","breadcrumb":{"@id":"https:\/\/priceattorneys.com\/es\/lesiones-personales\/accidentes-de-vehiculos-todo-terreno\/#breadcrumb"},"inLanguage":"es","potentialAction":[{"@type":"ReadAction","target":["https:\/\/priceattorneys.com\/es\/lesiones-personales\/accidentes-de-vehiculos-todo-terreno\/"]}]},{"@type":"ImageObject","inLanguage":"es","@id":"https:\/\/priceattorneys.com\/es\/lesiones-personales\/accidentes-de-vehiculos-todo-terreno\/#primaryimage","url":"https:\/\/priceattorneys.com\/wp-content\/uploads\/2022\/03\/ATV.jpg","contentUrl":"https:\/\/priceattorneys.com\/wp-content\/uploads\/2022\/03\/ATV.jpg"},{"@type":"BreadcrumbList","@id":"https:\/\/priceattorneys.com\/es\/lesiones-personales\/accidentes-de-vehiculos-todo-terreno\/#breadcrumb","itemListElement":[{"@type":"ListItem","position":1,"name":"Home","item":"https:\/\/priceattorneys.com\/es\/"},{"@type":"ListItem","position":2,"name":"Lesiones Personales","item":"https:\/\/priceattorneys.com\/es\/lesiones-personales\/"},{"@type":"ListItem","position":3,"name":"Accidentes de Veh\u00edculos Todo Terreno"}]},{"@type":"WebSite","@id":"https:\/\/priceattorneys.com\/es\/#website","url":"https:\/\/priceattorneys.com\/es\/","name":"Price Petho &amp; Associates, Personal Injury Attorneys","description":"Charlotte Personal Injury Lawyers","potentialAction":[{"@type":"SearchAction","target":{"@type":"EntryPoint","urlTemplate":"https:\/\/priceattorneys.com\/es\/?s={search_term_string}"},"query-input":{"@type":"PropertyValueSpecification","valueRequired":true,"valueName":"search_term_string"}}],"inLanguage":"es"}]}},"_links":{"self":[{"href":"https:\/\/priceattorneys.com\/es\/wp-json\/wp\/v2\/pages\/5162","targetHints":{"allow":["GET"]}}],"collection":[{"href":"https:\/\/priceattorneys.com\/es\/wp-json\/wp\/v2\/pages"}],"about":[{"href":"https:\/\/priceattorneys.com\/es\/wp-json\/wp\/v2\/types\/page"}],"author":[{"embeddable":true,"href":"https:\/\/priceattorneys.com\/es\/wp-json\/wp\/v2\/users\/1"}],"replies":[{"embeddable":true,"href":"https:\/\/priceattorneys.com\/es\/wp-json\/wp\/v2\/comments?post=5162"}],"version-history":[{"count":1,"href":"https:\/\/priceattorneys.com\/es\/wp-json\/wp\/v2\/pages\/5162\/revisions"}],"predecessor-version":[{"id":6949,"href":"https:\/\/priceattorneys.com\/es\/wp-json\/wp\/v2\/pages\/5162\/revisions\/6949"}],"up":[{"embeddable":true,"href":"https:\/\/priceattorneys.com\/es\/wp-json\/wp\/v2\/pages\/4969"}],"wp:attachment":[{"href":"https:\/\/priceattorneys.com\/es\/wp-json\/wp\/v2\/media?parent=5162"}],"curies":[{"name":"wp","href":"https:\/\/api.w.org\/{rel}","templated":true}]}}