{"id":5165,"date":"2020-06-13T09:01:00","date_gmt":"2020-06-13T09:01:00","guid":{"rendered":"https:\/\/priceattorneys.com\/?page_id=5165"},"modified":"2022-12-22T16:10:05","modified_gmt":"2022-12-22T16:10:05","slug":"accidentes-de-aviacion","status":"publish","type":"page","link":"https:\/\/priceattorneys.com\/es\/lesiones-personales\/accidentes-de-aviacion\/","title":{"rendered":"Accidentes de Aviaci\u00f3n"},"content":{"rendered":"\n\n\t\t\t\t<img decoding=\"async\" src=\"https:\/\/priceattorneys.com\/wp-content\/uploads\/2022\/03\/Airline.jpg\" alt=\"Airline\" itemprop=\"image\" height=\"621\" width=\"1245\" title=\"Airline\" onerror=\"this.style.display='none'\"  \/>\n\t<h1>Abogado de accidentes de aviaci\u00f3n de Charlotte<\/h1>\n<h2>Trabajando para v\u00edctimas lesionadas en accidentes de avi\u00f3n y helic\u00f3ptero en Carolina del Norte<\/h2>\n<p>Aunque los viajes a\u00e9reos son generalmente un medio de transporte seguro, los accidentes de aviaci\u00f3n pueden ocurrir y ocurren todos los a\u00f1os. Debido al tama\u00f1o inherente y la forma en que opera un avi\u00f3n o un helic\u00f3ptero, los accidentes de aviaci\u00f3n tienden a ser catastr\u00f3ficos o mortales. Los accidentes de aviaci\u00f3n requieren investigaciones largas y detalladas, as\u00ed como abogados con experiencia para ayudar a las v\u00edctimas a obtener una compensaci\u00f3n por sus lesiones y traumas.<\/p>\n<p>Independientemente de las recientes mejoras en las medidas de seguridad de las aerol\u00edneas, estos horribles accidentes no se pueden deshacer, y las partes responsables deben rendir cuentas cuando ocurran. Los abogados de accidentes de aviaci\u00f3n de Charlotte en Price, Petho &amp; Asociados est\u00e1n bien versados \u200b\u200ben esta \u00e1rea de la ley, y si usted o un ser querido sufrieron lesiones en un accidente a\u00e9reo, podemos responder todas sus preguntas. Estamos aqu\u00ed para ayudar.<\/p>\n\t<h2>\u00bfQu\u00e9 le gustar\u00eda saber?<\/h2>\n\t<ul>\n<li><a href=\"#FAQ1\">\u00bfPor qu\u00e9 ocurren los accidentes de aviaci\u00f3n?<\/a>\n<ul>\n<li><a href=\"#FAQ2\">Error o fatiga del piloto<\/a><\/li>\n<li><a href=\"#FAQ3\">Falla de mantenimiento<\/a><\/li>\n<li><a href=\"#FAQ4\">Problemas de salud mental<\/a><\/li>\n<li><a href=\"#FAQ5\">Error de tr\u00e1fico a\u00e9reo o de control terrestre<\/a><\/li>\n<li><a href=\"#FAQ6\">Problemas meteorol\u00f3gicos<\/a><\/li>\n<\/ul>\n<\/li>\n<\/ul>\n\t<ul>\n<li><a href=\"#FAQ7\">\u00bfCu\u00e1les son las lesiones m\u00e1s comunes causadas por accidentes de aviaci\u00f3n?<\/a><\/li>\n<li><a href=\"#FAQ8\">\u00bfQui\u00e9n es responsable de mis lesiones por accidentes de avi\u00f3n y helic\u00f3ptero en Charlotte?<\/a><\/li>\n<li><a href=\"#FAQ9\">\u00bfHay un abogado de accidentes de aviaci\u00f3n cerca de m\u00ed?<\/a><\/li>\n<\/ul>\n\t<h2>\u00bfPor qu\u00e9 ocurren los accidentes de aviaci\u00f3n?<\/h2>\n<p>Cuando los pilotos y las compa\u00f1\u00edas a\u00e9reas no mantienen seguros a sus pasajeros, los resultados son devastadores. Aunque la inmensa mayor\u00eda de los pasajeros vuelan de forma segura en l\u00edneas a\u00e9reas comerciales cada a\u00f1o, <a href=\"https:\/\/www.iata.org\/\" target=\"_blank\" rel=\"noopener\">Asociaci\u00f3n Internacional de Transporte A\u00e9reo<\/a> Los informes de IATA muestran 38 accidentes a\u00e9reos y cinco accidentes a\u00e9reos mortales en 2020. La tasa total de accidentes fue de 1,71 por mill\u00f3n de vuelos. Seg\u00fan Alexandre de Juniac, Director General y CEO de IATA:<\/p>\n<p>Volar es seguro, aunque la industria dio un paso atr\u00e1s en el desempe\u00f1o en 2020. La severa reducci\u00f3n en el n\u00famero de vuelos magnific\u00f3 el impacto de cada accidente cuando calculamos las tasas. Pero los n\u00fameros no mienten, y no permitiremos que esto se convierta en tendencia. Nos enfocaremos a\u00fan m\u00e1s en la seguridad durante este per\u00edodo de operaciones reducidas y a medida que se reconstruyan los horarios de vuelo cuando el mundo vuelva a abrir.<\/p>\n<p>Dada la cantidad de experiencia t\u00e9cnica y equilibrio mec\u00e1nico que se requieren para mantener un avi\u00f3n comercial, no sorprende que haya habido muchos accidentes hist\u00f3ricamente. Sin embargo, la tecnolog\u00eda moderna casi ha perfeccionado el arte de volar, por lo que surge la pregunta: \u00bfQu\u00e9 causa exactamente un accidente a\u00e9reo?<\/p>\n<p>Hay m\u00faltiples factores en un accidente, pero algunos de los m\u00e1s comunes en los accidentes de aviaci\u00f3n incluyen los siguientes.<\/p>\n\t<h3>Error o fatiga del piloto<\/h3>\n<p>La triste verdad es que <a href=\"https:\/\/www.bbc.com\/news\/magazine-26563806\">error del piloto<\/a> causa la mayor\u00eda de los accidentes de avi\u00f3n. Se espera cierto grado de error humano en cualquier campo, pero en la aviaci\u00f3n hay mucho m\u00e1s en juego: las aerol\u00edneas son responsables de cientos de vidas en cada vuelo. Si el piloto o la aerol\u00ednea no mitigaron adecuadamente los riesgos de accidente, pueden ser responsables de sus lesiones.<\/p>\n<p>Las aerol\u00edneas tambi\u00e9n son notorias por hacer trabajar a sus pilotos hasta el borde del agotamiento, con gran riesgo para todos a bordo. Ya sea que se deba a los turnos de noche, los tiempos de escala inadecuados o la recuperaci\u00f3n inadecuada del desfase horario, la fatiga del piloto puede provocar accidentes graves. Cuando esto sucede, la aerol\u00ednea o el piloto pueden ser responsables de las lesiones sufridas en el accidente.<\/p>\n\t<h3>Falla de mantenimiento<\/h3>\n<p>en uno de los <a href=\"https:\/\/www.telegraph.co.uk\/travel\/travel-truths\/the-deadliest-aviation-plane-crashes-disasters-in-history\/\">Los peores accidentes de aviaci\u00f3n en la historia de Estados Unidos.<\/a>, el vuelo 191 de American Airlines despeg\u00f3 del aeropuerto O&#8217;Hare de Chicago y luego se incendi\u00f3 despu\u00e9s de que el motor del lado izquierdo se desprendiera. M\u00e1s tarde se descubri\u00f3 que un trabajador de mantenimiento tom\u00f3 un atajo mientras reparaba el motor. Aunque este es un ejemplo extremo, las fallas de mantenimiento a menudo est\u00e1n en el coraz\u00f3n de los accidentes de aviaci\u00f3n y pueden tener consecuencias mortales.<\/p>\n\t<h3>Problemas de salud mental<\/h3>\n<p>Desde el alcoholismo hasta la depresi\u00f3n, el hecho de que una aerol\u00ednea no detecte y aborde adecuadamente los problemas de salud mental en su personal puede amenazar a los pasajeros en los aviones. En un ejemplo famoso, un <a href=\"https:\/\/www.nytimes.com\/2015\/03\/28\/world\/europe\/germanwings-crash-andreas-lubitz.html\">copiloto deprimido estrell\u00f3 intencionalmente un avi\u00f3n de pasajeros de Germanwings<\/a> en los Alpes franceses en 2015, lo que result\u00f3 en la tr\u00e1gica muerte de m\u00e1s de 140 personas. Si bien en ese caso el copiloto hab\u00eda ocultado la verdad sobre su condici\u00f3n a sus empleadores, las aerol\u00edneas deben ejercer la debida diligencia al seleccionar y examinar a los pilotos, as\u00ed como continuar monitoreando su salud mental y f\u00edsica.<\/p>\n\t<h3>Error de tr\u00e1fico a\u00e9reo o de control terrestre<\/h3>\n<p>Incluso el piloto m\u00e1s experimentado est\u00e1 tan seguro como el equipo de control de tierra y tr\u00e1fico a\u00e9reo. Este equipo maneja una variedad de aviones al mismo tiempo, teniendo tambi\u00e9n en cuenta el tr\u00e1fico a\u00e9reo, el clima y las consideraciones de combustible. Cualquier error puede causar un accidente grave, incluida una colisi\u00f3n de varios aviones. El personal de tierra como los despachadores, los manipuladores de equipaje, el mantenimiento y otras cuadrillas tambi\u00e9n pueden causar problemas de seguridad al no seguir los procedimientos.<\/p>\n\t<h3>Problemas meteorol\u00f3gicos<\/h3>\n<p>Los aviones y helic\u00f3pteros est\u00e1n dise\u00f1ados para funcionar en una variedad de condiciones clim\u00e1ticas, pero eso no significa que deban hacerlo. Los fuertes vientos, la nieve, el hielo y la niebla a menudo contribuyen a choques y colisiones con objetos fijos como monta\u00f1as y l\u00edneas de \u00e1rboles. Los pilotos, el control de tierra y las aerol\u00edneas no deben tomar la decisi\u00f3n de volar en condiciones inseguras. Las turbulencias durante un vuelo debido a las malas condiciones clim\u00e1ticas tambi\u00e9n pueden causar lesiones graves a los pasajeros y al personal de vuelo.<\/p>\n\t<h2>\u00bfCu\u00e1les son las lesiones m\u00e1s comunes causadas por accidentes de aviaci\u00f3n?<\/h2>\n<p>Cuando ocurre un accidente de avi\u00f3n o helic\u00f3ptero en el aire, la mayor\u00eda de las v\u00edctimas no sobreviven. Aquellos que sobreviven a un accidente de aviaci\u00f3n a menudo sufren lesiones catastr\u00f3ficas que les cambian la vida, que incluyen:<\/p>\n<ul>\n<li><a href=\"https:\/\/priceattorneys.com\/es\/lesiones-personales\/lesiones-catastroficas\/lesiones-cerebrales\/\">Lesiones cerebrales traum\u00e1ticas<\/a><\/li>\n<li>Lesiones de espalda, cuello y hombros<\/li>\n<li>Huesos rotos, fracturados y aplastados<\/li>\n<li><a href=\"https:\/\/priceattorneys.com\/es\/lesiones-personales\/lesiones-catastroficas\/lesiones-por-quemaduras\/\">Lesiones por quemaduras<\/a> de combustible derramado y encendido<\/li>\n<li><a href=\"https:\/\/priceattorneys.com\/es\/lesiones-personales\/lesiones-catastroficas\/lesiones-de-la-medula-espinal\/\">Lesiones de la m\u00e9dula espinal<\/a><\/li>\n<li>P\u00e9rdida de extremidades y amputaciones traum\u00e1ticas<\/li>\n<li><a href=\"https:\/\/priceattorneys.com\/es\/lesiones-personales\/muerte-injusta\/\">Muerte injusta<\/a><\/li>\n<\/ul>\n<p>Los abogados de Price, Petho &amp; Asociados comprenden la gravedad de este tipo de lesiones y trabajan para garantizar que todas las partes responsables sean responsables.<\/p>\n\t\t\t\t<img decoding=\"async\" src=\"https:\/\/priceattorneys.com\/wp-content\/uploads\/2022\/03\/aviation-accidents.jpg\" alt=\"aviation-accidents\" itemprop=\"image\" height=\"450\" width=\"900\" title=\"aviation-accidents\" onerror=\"this.style.display='none'\"  \/>\n\t<h2>\u00bfQui\u00e9n es responsable de mis lesiones por accidentes de avi\u00f3n y helic\u00f3ptero en Charlotte?<\/h2>\n<p>Los accidentes de aviaci\u00f3n tienden a ser devastadores y catastr\u00f3ficos. Es probable que las lesiones alteren la vida, y nuestros abogados de Charlotte se dedican a responsabilizar a todas y cada una de las partes responsables por su negligencia. Las posibles partes responsables en un accidente de aviaci\u00f3n pueden incluir:<\/p>\n<ul>\n<li><strong>Piloto de la aeronave<\/strong>. Cuando las acciones negligentes del piloto causaron el choque o el accidente, \u00e9l o ella pueden ser considerados responsables de las lesiones suyas o de su ser querido.<\/li>\n<li><strong>Propietario de la aeronave<\/strong>. Si no es la misma persona, el propietario de la aeronave tambi\u00e9n puede ser considerado responsable del accidente, incluso si el propietario no estaba operando el avi\u00f3n o el helic\u00f3ptero en el momento en que ocurrieron sus lesiones.<\/li>\n<li><strong>Fabricante de aeronaves o partes<\/strong>. Cuando ocurre un accidente de aviaci\u00f3n debido a una pieza defectuosa o que funciona mal, el fabricante puede ser considerado responsable bajo la teor\u00eda legal de <a href=\"https:\/\/priceattorneys.com\/es\/lesiones-personales\/productos-defectuosos\/\">Responsabilidad del producto<\/a>.<\/li>\n<li><strong>Gobierno federal<\/strong>. En algunos casos, las v\u00edctimas de lesiones pueden presentar su reclamo contra la Administraci\u00f3n Federal de Aviaci\u00f3n (FAA). Esto suele ocurrir cuando un accidente resulta de la negligencia del control del tr\u00e1fico a\u00e9reo, ya que la FAA supervisa el control del tr\u00e1fico a\u00e9reo en los Estados Unidos y, por lo tanto, puede ser responsable.<\/li>\n<\/ul>\n<p>Nuestros abogados de accidentes de aviaci\u00f3n de Charlotte representan a clientes lesionados en accidentes de aviones y helic\u00f3pteros de transporte p\u00fablico y privado.<\/p>\n\t<h2>\u00bfHay un abogado de accidentes de aviaci\u00f3n cerca de m\u00ed?<\/h2>\n<p>Price, Petho &amp; Asociados tiene oficinas en 1430 Elizabeth Ave en Charlotte, NC. Tambi\u00e9n mantenemos oficinas en Rockingham y Rutherfordton para su comodidad. Si no puede acudir a nosotros, podemos hacer arreglos para visitarlo en su casa o en el hospital.<\/p>\n<h3>Abogados de accidentes de aviaci\u00f3n de Charlotte luchando para recuperar sus p\u00e9rdidas<\/h3>\n<p>Si cree que la negligencia del piloto o de la aerol\u00ednea provoc\u00f3 su accidente o el de su ser querido, hable con nuestros abogados de accidentes de aviaci\u00f3n lo antes posible. Tiene derecho a recuperar sus p\u00e9rdidas cuando los encargados de su seguridad no cumplen con sus responsabilidades. En Price, Petho &amp; Asociados, estamos orgullosos de servir a la gente de Charlotte y podemos ayudar. Para programar una consulta con un miembro experimentado de nuestro equipo, llame <a href=\"tel:7043722160\">704-372-2160<\/a> o llena nuestro Formulario de contacto hoy dia. Atendemos a clientes en Charlotte, Rockingham, Rutherfordton, Carolina del Norte y Carolina del Sur.<\/p>\n\n","protected":false},"excerpt":{"rendered":"<p>Abogado de accidentes de aviaci\u00f3n de Charlotte Trabajando para v\u00edctimas lesionadas en accidentes de avi\u00f3n y helic\u00f3ptero en Carolina del Norte Aunque los viajes a\u00e9reos son generalmente un medio de transporte seguro, los accidentes de aviaci\u00f3n pueden ocurrir y ocurren todos los a\u00f1os. Debido al tama\u00f1o inherente y la forma en que opera un avi\u00f3n&hellip;<\/p>\n","protected":false},"author":1,"featured_media":0,"parent":4969,"menu_order":0,"comment_status":"closed","ping_status":"closed","template":"","meta":{"footnotes":""},"class_list":["post-5165","page","type-page","status-publish","hentry"],"yoast_head":"<!-- This site is optimized with the Yoast SEO plugin v27.3 - https:\/\/yoast.com\/product\/yoast-seo-wordpress\/ -->\n<title>Accidentes de Aviaci\u00f3n | Price Petho &amp; Associates, Personal Injury Attorneys<\/title>\n<meta name=\"robots\" content=\"index, follow, max-snippet:-1, max-image-preview:large, max-video-preview:-1\" \/>\n<link rel=\"canonical\" href=\"https:\/\/priceattorneys.com\/es\/lesiones-personales\/accidentes-de-aviacion\/\" \/>\n<meta property=\"og:locale\" content=\"es_ES\" \/>\n<meta property=\"og:type\" content=\"article\" \/>\n<meta property=\"og:title\" content=\"Accidentes de Aviaci\u00f3n | Price Petho &amp; Associates, Personal Injury Attorneys\" \/>\n<meta property=\"og:description\" content=\"Abogado de accidentes de aviaci\u00f3n de Charlotte Trabajando para v\u00edctimas lesionadas en accidentes de avi\u00f3n y helic\u00f3ptero en Carolina del Norte Aunque los viajes a\u00e9reos son generalmente un medio de transporte seguro, los accidentes de aviaci\u00f3n pueden ocurrir y ocurren todos los a\u00f1os. Debido al tama\u00f1o inherente y la forma en que opera un avi\u00f3n&hellip;\" \/>\n<meta property=\"og:url\" content=\"https:\/\/priceattorneys.com\/es\/lesiones-personales\/accidentes-de-aviacion\/\" \/>\n<meta property=\"og:site_name\" content=\"Price Petho &amp; Associates, Personal Injury Attorneys\" \/>\n<meta property=\"article:modified_time\" content=\"2022-12-22T16:10:05+00:00\" \/>\n<meta property=\"og:image\" content=\"https:\/\/priceattorneys.com\/wp-content\/uploads\/2022\/03\/Airline.jpg\" \/>\n<meta name=\"twitter:card\" content=\"summary_large_image\" \/>\n<meta name=\"twitter:label1\" content=\"Tiempo de lectura\" \/>\n\t<meta name=\"twitter:data1\" content=\"8 minutos\" \/>\n<script type=\"application\/ld+json\" class=\"yoast-schema-graph\">{\"@context\":\"https:\\\/\\\/schema.org\",\"@graph\":[{\"@type\":\"WebPage\",\"@id\":\"https:\\\/\\\/priceattorneys.com\\\/es\\\/lesiones-personales\\\/accidentes-de-aviacion\\\/\",\"url\":\"https:\\\/\\\/priceattorneys.com\\\/es\\\/lesiones-personales\\\/accidentes-de-aviacion\\\/\",\"name\":\"Accidentes de Aviaci\u00f3n | Price Petho &amp; Associates, Personal Injury Attorneys\",\"isPartOf\":{\"@id\":\"https:\\\/\\\/priceattorneys.com\\\/es\\\/#website\"},\"primaryImageOfPage\":{\"@id\":\"https:\\\/\\\/priceattorneys.com\\\/es\\\/lesiones-personales\\\/accidentes-de-aviacion\\\/#primaryimage\"},\"image\":{\"@id\":\"https:\\\/\\\/priceattorneys.com\\\/es\\\/lesiones-personales\\\/accidentes-de-aviacion\\\/#primaryimage\"},\"thumbnailUrl\":\"https:\\\/\\\/priceattorneys.com\\\/wp-content\\\/uploads\\\/2022\\\/03\\\/Airline.jpg\",\"datePublished\":\"2020-06-13T09:01:00+00:00\",\"dateModified\":\"2022-12-22T16:10:05+00:00\",\"breadcrumb\":{\"@id\":\"https:\\\/\\\/priceattorneys.com\\\/es\\\/lesiones-personales\\\/accidentes-de-aviacion\\\/#breadcrumb\"},\"inLanguage\":\"es\",\"potentialAction\":[{\"@type\":\"ReadAction\",\"target\":[\"https:\\\/\\\/priceattorneys.com\\\/es\\\/lesiones-personales\\\/accidentes-de-aviacion\\\/\"]}]},{\"@type\":\"ImageObject\",\"inLanguage\":\"es\",\"@id\":\"https:\\\/\\\/priceattorneys.com\\\/es\\\/lesiones-personales\\\/accidentes-de-aviacion\\\/#primaryimage\",\"url\":\"https:\\\/\\\/priceattorneys.com\\\/wp-content\\\/uploads\\\/2022\\\/03\\\/Airline.jpg\",\"contentUrl\":\"https:\\\/\\\/priceattorneys.com\\\/wp-content\\\/uploads\\\/2022\\\/03\\\/Airline.jpg\"},{\"@type\":\"BreadcrumbList\",\"@id\":\"https:\\\/\\\/priceattorneys.com\\\/es\\\/lesiones-personales\\\/accidentes-de-aviacion\\\/#breadcrumb\",\"itemListElement\":[{\"@type\":\"ListItem\",\"position\":1,\"name\":\"Home\",\"item\":\"https:\\\/\\\/priceattorneys.com\\\/es\\\/\"},{\"@type\":\"ListItem\",\"position\":2,\"name\":\"Lesiones Personales\",\"item\":\"https:\\\/\\\/priceattorneys.com\\\/es\\\/lesiones-personales\\\/\"},{\"@type\":\"ListItem\",\"position\":3,\"name\":\"Accidentes de Aviaci\u00f3n\"}]},{\"@type\":\"WebSite\",\"@id\":\"https:\\\/\\\/priceattorneys.com\\\/es\\\/#website\",\"url\":\"https:\\\/\\\/priceattorneys.com\\\/es\\\/\",\"name\":\"Price Petho &amp; Associates, Personal Injury Attorneys\",\"description\":\"Charlotte Personal Injury Lawyers\",\"potentialAction\":[{\"@type\":\"SearchAction\",\"target\":{\"@type\":\"EntryPoint\",\"urlTemplate\":\"https:\\\/\\\/priceattorneys.com\\\/es\\\/?s={search_term_string}\"},\"query-input\":{\"@type\":\"PropertyValueSpecification\",\"valueRequired\":true,\"valueName\":\"search_term_string\"}}],\"inLanguage\":\"es\"}]}<\/script>\n<!-- \/ Yoast SEO plugin. -->","yoast_head_json":{"title":"Accidentes de Aviaci\u00f3n | Price Petho &amp; Associates, Personal Injury Attorneys","robots":{"index":"index","follow":"follow","max-snippet":"max-snippet:-1","max-image-preview":"max-image-preview:large","max-video-preview":"max-video-preview:-1"},"canonical":"https:\/\/priceattorneys.com\/es\/lesiones-personales\/accidentes-de-aviacion\/","og_locale":"es_ES","og_type":"article","og_title":"Accidentes de Aviaci\u00f3n | Price Petho &amp; Associates, Personal Injury Attorneys","og_description":"Abogado de accidentes de aviaci\u00f3n de Charlotte Trabajando para v\u00edctimas lesionadas en accidentes de avi\u00f3n y helic\u00f3ptero en Carolina del Norte Aunque los viajes a\u00e9reos son generalmente un medio de transporte seguro, los accidentes de aviaci\u00f3n pueden ocurrir y ocurren todos los a\u00f1os. Debido al tama\u00f1o inherente y la forma en que opera un avi\u00f3n&hellip;","og_url":"https:\/\/priceattorneys.com\/es\/lesiones-personales\/accidentes-de-aviacion\/","og_site_name":"Price Petho &amp; Associates, Personal Injury Attorneys","article_modified_time":"2022-12-22T16:10:05+00:00","og_image":[{"url":"https:\/\/priceattorneys.com\/wp-content\/uploads\/2022\/03\/Airline.jpg","type":"","width":"","height":""}],"twitter_card":"summary_large_image","twitter_misc":{"Tiempo de lectura":"8 minutos"},"schema":{"@context":"https:\/\/schema.org","@graph":[{"@type":"WebPage","@id":"https:\/\/priceattorneys.com\/es\/lesiones-personales\/accidentes-de-aviacion\/","url":"https:\/\/priceattorneys.com\/es\/lesiones-personales\/accidentes-de-aviacion\/","name":"Accidentes de Aviaci\u00f3n | Price Petho &amp; Associates, Personal Injury Attorneys","isPartOf":{"@id":"https:\/\/priceattorneys.com\/es\/#website"},"primaryImageOfPage":{"@id":"https:\/\/priceattorneys.com\/es\/lesiones-personales\/accidentes-de-aviacion\/#primaryimage"},"image":{"@id":"https:\/\/priceattorneys.com\/es\/lesiones-personales\/accidentes-de-aviacion\/#primaryimage"},"thumbnailUrl":"https:\/\/priceattorneys.com\/wp-content\/uploads\/2022\/03\/Airline.jpg","datePublished":"2020-06-13T09:01:00+00:00","dateModified":"2022-12-22T16:10:05+00:00","breadcrumb":{"@id":"https:\/\/priceattorneys.com\/es\/lesiones-personales\/accidentes-de-aviacion\/#breadcrumb"},"inLanguage":"es","potentialAction":[{"@type":"ReadAction","target":["https:\/\/priceattorneys.com\/es\/lesiones-personales\/accidentes-de-aviacion\/"]}]},{"@type":"ImageObject","inLanguage":"es","@id":"https:\/\/priceattorneys.com\/es\/lesiones-personales\/accidentes-de-aviacion\/#primaryimage","url":"https:\/\/priceattorneys.com\/wp-content\/uploads\/2022\/03\/Airline.jpg","contentUrl":"https:\/\/priceattorneys.com\/wp-content\/uploads\/2022\/03\/Airline.jpg"},{"@type":"BreadcrumbList","@id":"https:\/\/priceattorneys.com\/es\/lesiones-personales\/accidentes-de-aviacion\/#breadcrumb","itemListElement":[{"@type":"ListItem","position":1,"name":"Home","item":"https:\/\/priceattorneys.com\/es\/"},{"@type":"ListItem","position":2,"name":"Lesiones Personales","item":"https:\/\/priceattorneys.com\/es\/lesiones-personales\/"},{"@type":"ListItem","position":3,"name":"Accidentes de Aviaci\u00f3n"}]},{"@type":"WebSite","@id":"https:\/\/priceattorneys.com\/es\/#website","url":"https:\/\/priceattorneys.com\/es\/","name":"Price Petho &amp; Associates, Personal Injury Attorneys","description":"Charlotte Personal Injury Lawyers","potentialAction":[{"@type":"SearchAction","target":{"@type":"EntryPoint","urlTemplate":"https:\/\/priceattorneys.com\/es\/?s={search_term_string}"},"query-input":{"@type":"PropertyValueSpecification","valueRequired":true,"valueName":"search_term_string"}}],"inLanguage":"es"}]}},"_links":{"self":[{"href":"https:\/\/priceattorneys.com\/es\/wp-json\/wp\/v2\/pages\/5165","targetHints":{"allow":["GET"]}}],"collection":[{"href":"https:\/\/priceattorneys.com\/es\/wp-json\/wp\/v2\/pages"}],"about":[{"href":"https:\/\/priceattorneys.com\/es\/wp-json\/wp\/v2\/types\/page"}],"author":[{"embeddable":true,"href":"https:\/\/priceattorneys.com\/es\/wp-json\/wp\/v2\/users\/1"}],"replies":[{"embeddable":true,"href":"https:\/\/priceattorneys.com\/es\/wp-json\/wp\/v2\/comments?post=5165"}],"version-history":[{"count":0,"href":"https:\/\/priceattorneys.com\/es\/wp-json\/wp\/v2\/pages\/5165\/revisions"}],"up":[{"embeddable":true,"href":"https:\/\/priceattorneys.com\/es\/wp-json\/wp\/v2\/pages\/4969"}],"wp:attachment":[{"href":"https:\/\/priceattorneys.com\/es\/wp-json\/wp\/v2\/media?parent=5165"}],"curies":[{"name":"wp","href":"https:\/\/api.w.org\/{rel}","templated":true}]}}