{"id":5195,"date":"2020-06-15T05:07:35","date_gmt":"2020-06-15T05:07:35","guid":{"rendered":"https:\/\/priceattorneys.com\/?page_id=5195"},"modified":"2024-03-27T18:51:25","modified_gmt":"2024-03-27T18:51:25","slug":"accidentes-de-construccion","status":"publish","type":"page","link":"https:\/\/priceattorneys.com\/es\/compensacion-de-trabajadores\/accidentes-de-construccion\/","title":{"rendered":"Accidentes de Construcci\u00f3n"},"content":{"rendered":"\n\n\t\t\t\t<img decoding=\"async\" src=\"https:\/\/priceattorneys.com\/wp-content\/uploads\/2022\/03\/Construction-Accidents.jpg\" alt=\"Construction accidents in North Carolina\" itemprop=\"image\" height=\"621\" width=\"1245\" title=\"Construction Accidents\" onerror=\"this.style.display='none'\"  \/>\n\t<h1>Abogados de accidentes de construcci\u00f3n en Charlotte<\/h1>\n<h2>Defender a los trabajadores de la construcci\u00f3n lesionados en el trabajo en Carolina del Norte<\/h2>\n<p>Los trabajadores de cualquier profesi\u00f3n pueden lesionarse, pero aquellos que trabajan en la industria, incluida la construcci\u00f3n, la fabricaci\u00f3n o muchas otras profesiones, enfrentan peligros significativamente mayores todos los d\u00edas. Eso significa que los trabajadores industriales y de la construcci\u00f3n a menudo experimentan accidentes y lesiones en el trabajo a tasas mucho m\u00e1s altas que aquellos que trabajan en negocios comerciales.<\/p>\n<p>La construcci\u00f3n puede ser un trabajo duro, pero no deber\u00eda ser un trabajo innecesariamente peligroso. Los empleadores deben tomar las medidas apropiadas para mantener seguros a sus trabajadores y, cuando hay lesiones, deben proporcionar una compensaci\u00f3n justa para los trabajadores. En Price, Petho &amp; Asociados, nuestros abogados de Charlotte se enorgullecen de nuestra capacidad para enfrentar a empleadores negligentes en casos de accidentes de construcci\u00f3n. Nos enorgullecemos de nuestra capacidad de hacer lo correcto para nuestros clientes.<\/p>\n\t<h2>\u00bfQu\u00e9 le gustar\u00eda saber?<\/h2>\n\t<ul>\n<li><a href=\"#FAQ1\">\u00bfQu\u00e9 tipos de accidentes de construcci\u00f3n maneja su empresa?<\/a><\/li>\n<li><a href=\"#FAQ2\">\u00bfCon qu\u00e9 frecuencia ocurren los accidentes de construcci\u00f3n en Charlotte?<\/a><\/li>\n<li><a href=\"#FAQ3\">\u00bfCu\u00e1les son las causas m\u00e1s comunes de accidentes de construcci\u00f3n?<\/a><\/li>\n<li><a href=\"#FAQ4\">\u00bfTengo derecho a compensaci\u00f3n laboral despu\u00e9s de un accidente de construcci\u00f3n?<\/a><\/li>\n<\/ul>\n\t<ul>\n<li><a href=\"#FAQ5\">\u00bfQui\u00e9n es responsable de mi accidente de construcci\u00f3n y lesiones en Charlotte?<\/a><\/li>\n<li><a href=\"#FAQ6\">\u00bfCu\u00e1nto tiempo tengo para presentar un reclamo de compensaci\u00f3n para trabajadores de Charlotte?<\/a><\/li>\n<li><a href=\"#FAQ7\">\u00bfTiene un abogado de accidentes de construcci\u00f3n cerca de m\u00ed?<\/a><\/li>\n<\/ul>\n\t\t\t\t<img decoding=\"async\" src=\"https:\/\/priceattorneys.com\/wp-content\/uploads\/2022\/03\/Construction-worker-injury.jpg\" alt=\"Construction accidents in NC\" itemprop=\"image\" height=\"610\" width=\"900\" title=\"Construction-worker-injury\" onerror=\"this.style.display='none'\"  \/>\n\t<h2>\u00bfQu\u00e9 tipos de accidentes de construcci\u00f3n maneja su empresa?<\/h2>\n<p>Los casos de accidentes de construcci\u00f3n pueden ser un desaf\u00edo, especialmente para las v\u00edctimas que solo intentan recuperarse de sus lesiones. Dado que normalmente hay m\u00faltiples niveles de autoridad en este tipo de incidentes, todos parecen culpar a alguien m\u00e1s. Nuestro objetivo es averiguar qui\u00e9n es el responsable del accidente. A trav\u00e9s de la investigaci\u00f3n, a menudo encontramos que un empleador tiene un historial de infracciones de seguridad e incluso puede haber recibido m\u00faltiples infracciones de la Administraci\u00f3n de Seguridad y Salud Ocupacional (OSHA) por no proporcionar equipo de seguridad. Usamos estos signos claros de negligencia para construir casos s\u00f3lidos para nuestros clientes.<\/p>\n<p>Manejamos todo tipo de accidentes de construcci\u00f3n, incluyendo:<\/p>\n<ul>\n<li>Accidentes de gr\u00faa<\/li>\n<li>Colapso de trinchera<\/li>\n<li>Accidentes por ca\u00eddas<\/li>\n<li>Accidentes de construcci\u00f3n de carreteras<\/li>\n<\/ul>\n<p>Independientemente de la causa de sus lesiones, nuestros abogados trabajar\u00e1n para garantizar que usted o su ser querido obtengan la compensaci\u00f3n adecuada por sus p\u00e9rdidas.<\/p>\n\t<h2>\u00bfCon qu\u00e9 frecuencia ocurren los accidentes de construcci\u00f3n en Charlotte?<\/h2>\n<p>Datos disponibles de la <a href=\"https:\/\/www.osha.gov\/data\/commonstats\">OSHA<\/a> muestra que la industria de la construcci\u00f3n presenta peligros incre\u00edbles para los trabajadores. Durante 2019, aproximadamente el 20 por ciento de todas las muertes en el lugar de trabajo en los Estados Unidos ocurrieron en la industria de la construcci\u00f3n. Aproximadamente una de cada cinco muertes de trabajadores fueron trabajadores de la construcci\u00f3n. Adem\u00e1s, \u00a0la <a href=\"https:\/\/www.bls.gov\/web\/osh\/summ1_00.htm\">Oficina de estad\u00edsticas laborales<\/a> BLS) informa que el 1,6 por ciento de los trabajadores de la construcci\u00f3n sufren una lesi\u00f3n lo suficientemente grave como para perder d\u00edas de trabajo cada a\u00f1o.<\/p>\n\t<h2>\u00bfCu\u00e1les son las causas m\u00e1s comunes de accidentes de construcci\u00f3n?<\/h2>\n<p>En comparaci\u00f3n con otros trabajos, el trabajo de construcci\u00f3n presenta un riesgo significativamente mayor de lesiones graves o <a href=\"https:\/\/priceattorneys.com\/personal-injury\/wrongful-death\/\">muerte injusta<\/a>. Debido a los peligros inherentes a los que se enfrentan los trabajadores a diario, la OSHA exige que las empresas de construcci\u00f3n apliquen estrictas pol\u00edticas de seguridad. Desafortunadamente, muchos empleadores ignoran estas protecciones para cumplir con los plazos y\/o obtener ganancias y arriesgar la vida de sus trabajadores en el proceso. Las causas comunes de accidentes en sitios de construcci\u00f3n incluyen:<\/p>\n\t<ul>\n<li>Ca\u00eddas desde alturas<\/li>\n<li>Ser golpeado por un objeto<\/li>\n<li>Explosiones e incendios<\/li>\n<li>Exposici\u00f3n qu\u00edmica t\u00f3xica<\/li>\n<li>Electrocuci\u00f3n<\/li>\n<\/ul>\n\t<ul>\n<li>Equipo o maquinaria defectuosa<\/li>\n<li>Sobreesfuerzo<\/li>\n<li>Enredo de la m\u00e1quina<\/li>\n<li>Derrumbe de andamios o estructuras<\/li>\n<li>Accidentes vehiculares<\/li>\n<\/ul>\n\t<p>Aunque la mayor\u00eda de los empleados lesionados en el trabajo tienen derecho a los beneficios de compensaci\u00f3n para trabajadores, obtener una compensaci\u00f3n puede ser un desaf\u00edo sin una representaci\u00f3n legal experimentada. En algunos casos, un empleador o su compa\u00f1\u00eda de seguros pueden intentar denegar un reclamo por lesiones, lo que significa que los trabajadores lesionados pueden tener que pagar sus propias facturas m\u00e9dicas o incluso perder sus trabajos por d\u00edas de trabajo perdidos mientras se recuperan de sus lesiones.<\/p>\n\t\t\t\t<img decoding=\"async\" src=\"https:\/\/priceattorneys.com\/wp-content\/uploads\/2022\/03\/Common-Construction-Injury.jpg\" alt=\"Construction accidents in North Carolina\" itemprop=\"image\" height=\"499\" width=\"770\" title=\"Common Construction Injury\" onerror=\"this.style.display='none'\"  \/>\n\t<h2>\u00bfTengo derecho a compensaci\u00f3n laboral despu\u00e9s de un accidente de construcci\u00f3n?<\/h2>\n<p>La realidad es que depende. Sin embargo, la gran mayor\u00eda de las reclamaciones de accidentes de construcci\u00f3n de Charlotte se manejan bajo compensaci\u00f3n de trabajadores. Casi todos los empleados en el estado de Carolina del Norte est\u00e1n cubiertos por el sistema de compensaci\u00f3n para trabajadores. En la mayor\u00eda de las situaciones, los empleados lesionados no pueden recuperar una compensaci\u00f3n a trav\u00e9s de una demanda de terceros si sufrieron una lesi\u00f3n en el trabajo. En cambio, recibir\u00e1n una compensaci\u00f3n por sus facturas m\u00e9dicas y la p\u00e9rdida de ingresos directamente a trav\u00e9s del sistema de compensaci\u00f3n para trabajadores.<\/p>\n<p>Sin embargo, si se determina que un tercero que no sea el empleador caus\u00f3 la lesi\u00f3n, un trabajador de la construcci\u00f3n puede presentar una acci\u00f3n de lesiones personales contra la parte culpable. Esto abre la puerta a una compensaci\u00f3n adicional, incluidos da\u00f1os por dolor y sufrimiento. Los abogados expertos en accidentes de construcci\u00f3n de Charlotte en Price, Petho &amp; Asociados investigan a fondo su accidente para determinar la mejor ruta para obtener una compensaci\u00f3n por sus p\u00e9rdidas.<\/p>\n\t<h2>\u00bfQui\u00e9n es responsable de mi accidente de construcci\u00f3n y lesiones en Charlotte?<\/h2>\n<p>Incluso con la compensaci\u00f3n de los trabajadores vigente, algunos accidentes en el sitio de construcci\u00f3n ocurren debido a la negligencia de otra parte. En casos como estos, una acci\u00f3n por lesiones personales puede ser m\u00e1s apropiada que un reclamo de compensaci\u00f3n laboral. Las reclamaciones por lesiones personales (o de terceros) tambi\u00e9n pueden ser la \u00fanica v\u00eda para los trabajadores que no son elegibles para la compensaci\u00f3n laboral. Las posibles partes responsables de estas reclamaciones pueden incluir:<\/p>\n<ul>\n<li><strong>Su empleador<\/strong>. Cuando un empleador o supervisor no implementa las normas de seguridad implementadas por OSHA, ha incumplido su deber de cuidar a sus empleados. En casos como estos, pueden ser responsables de las lesiones sufridas por los trabajadores de la construcci\u00f3n.<\/li>\n<li><strong>Fabricantes de herramientas y equipos<\/strong>. Los trabajadores de la construcci\u00f3n dependen de ciertos productos para realizar su trabajo, como escaleras, herramientas el\u00e9ctricas y maquinaria pesada. Si alguno de estos funciona mal, Responsabilidad del producto La ley permite que los trabajadores presenten un reclamo por lesiones.<\/li>\n<li><strong>Terceros<\/strong>. En caso de que un tercero negligente haya causado su lesi\u00f3n, como un contratista en el sitio, un compa\u00f1ero de trabajo imprudente o un conductor de veh\u00edculo motorizado, es posible que pueda presentar un reclamo de compensaci\u00f3n para trabajadores y un reclamo por lesiones personales. Nuestros abogados de Charlotte pueden explicarle m\u00e1s acerca de c\u00f3mo hacer esto.<\/li>\n<\/ul>\n<p>Si su ser querido perdi\u00f3 la vida en un accidente de construcci\u00f3n, tambi\u00e9n podemos hablar con usted sobre sus opciones con un <a href=\"https:\/\/priceattorneys.com\/es\/lesiones-personales\/muerte-injusta\/\">muerte injusta<\/a> acci\u00f3n. Estaremos encantados de reunirnos con usted en una consulta gratuita cuando est\u00e9 listo.<\/p>\n\t<h2>\u00bfCu\u00e1nto tiempo tengo para presentar un reclamo de compensaci\u00f3n para trabajadores de Charlotte?<\/h2>\n<p>Al manejar un reclamo por accidente de construcci\u00f3n a trav\u00e9s del sistema de compensaci\u00f3n para trabajadores, existen varios plazos que las v\u00edctimas de lesiones deben conocer. En primer lugar, se requiere que los empleados informen cualquier lesi\u00f3n laboral, independientemente de cu\u00e1n leve sea, a su empleador dentro de los 30 d\u00edas. Esto no cuenta como la presentaci\u00f3n real del reclamo de compensaci\u00f3n para trabajadores. Despu\u00e9s de que se informa una lesi\u00f3n, los trabajadores tienen un plazo de prescripci\u00f3n de dos a\u00f1os para presentar el reclamo de compensaci\u00f3n para trabajadores. Sin embargo, consultar con un abogado lo antes posible le brinda la mejor oportunidad de obtener un resultado exitoso.<\/p>\n<p>Si usted y su abogado deciden presentar una demanda por lesiones personales de terceros, se aplicar\u00e1 el estatuto de limitaciones de lesiones personales de Carolina del Norte, lo que significa que debe presentarla dentro de los tres a\u00f1os a partir de la fecha en que ocurri\u00f3 la lesi\u00f3n. Nuestros abogados de Charlotte pueden discutir qu\u00e9 v\u00eda es mejor para sus circunstancias en una consulta.<\/p>\n\t<h2>\u00bfTiene un abogado de accidentes de construcci\u00f3n cerca de m\u00ed?<\/h2>\n<p>Price, Petho &amp; Asociados tiene oficinas en 1430 Elizabeth Ave en Charlotte. Tambi\u00e9n mantenemos oficinas en Rockingham y Rutherfordton para su comodidad. Si est\u00e1 demasiado lesionado para acudir a nosotros, podemos visitarlo en su casa o en el hospital.<\/p>\n<h3>Abogados experimentados en accidentes de construcci\u00f3n en Charlotte a su servicio<\/h3>\n<p>Con cada caso que toma nuestro bufete de abogados, nos comprometemos con nuestros clientes: hacer todo lo posible, esforz\u00e1ndonos para que obtenga una compensaci\u00f3n justa por sus lesiones. Durante tres d\u00e9cadas, los abogados de Price, Petho &amp; Asociados han brindado una s\u00f3lida representaci\u00f3n a las v\u00edctimas de accidentes de construcci\u00f3n en Charlotte y en todo el estado. Para programar una consulta gratuita, ll\u00e1menos al <a href=\"tel:7043722160\">704-372-2160<\/a> o llena nuestro Formulario de contacto hoy dia. Orgullosamente servimos a clientes en Charlotte, Rockingham, Rutherfordton, Carolina del Norte y Carolina del Sur.<\/p>\n\n","protected":false},"excerpt":{"rendered":"<p>Abogados de accidentes de construcci\u00f3n en Charlotte Defender a los trabajadores de la construcci\u00f3n lesionados en el trabajo en Carolina del Norte Los trabajadores de cualquier profesi\u00f3n pueden lesionarse, pero aquellos que trabajan en la industria, incluida la construcci\u00f3n, la fabricaci\u00f3n o muchas otras profesiones, enfrentan peligros significativamente mayores todos los d\u00edas. Eso significa que&hellip;<\/p>\n","protected":false},"author":1,"featured_media":0,"parent":5187,"menu_order":0,"comment_status":"closed","ping_status":"closed","template":"","meta":{"footnotes":""},"class_list":["post-5195","page","type-page","status-publish","hentry"],"yoast_head":"<!-- This site is optimized with the Yoast SEO plugin v27.4 - https:\/\/yoast.com\/product\/yoast-seo-wordpress\/ -->\n<title>Accidentes de Construcci\u00f3n | Price Petho &amp; Associates, Personal Injury Attorneys<\/title>\n<meta name=\"robots\" content=\"index, follow, max-snippet:-1, max-image-preview:large, max-video-preview:-1\" \/>\n<link rel=\"canonical\" href=\"https:\/\/priceattorneys.com\/es\/compensacion-de-trabajadores\/accidentes-de-construccion\/\" \/>\n<meta property=\"og:locale\" content=\"es_ES\" \/>\n<meta property=\"og:type\" content=\"article\" \/>\n<meta property=\"og:title\" content=\"Accidentes de Construcci\u00f3n | Price Petho &amp; Associates, Personal Injury Attorneys\" \/>\n<meta property=\"og:description\" content=\"Abogados de accidentes de construcci\u00f3n en Charlotte Defender a los trabajadores de la construcci\u00f3n lesionados en el trabajo en Carolina del Norte Los trabajadores de cualquier profesi\u00f3n pueden lesionarse, pero aquellos que trabajan en la industria, incluida la construcci\u00f3n, la fabricaci\u00f3n o muchas otras profesiones, enfrentan peligros significativamente mayores todos los d\u00edas. Eso significa que&hellip;\" \/>\n<meta property=\"og:url\" content=\"https:\/\/priceattorneys.com\/es\/compensacion-de-trabajadores\/accidentes-de-construccion\/\" \/>\n<meta property=\"og:site_name\" content=\"Price Petho &amp; Associates, Personal Injury Attorneys\" \/>\n<meta property=\"article:modified_time\" content=\"2024-03-27T18:51:25+00:00\" \/>\n<meta property=\"og:image\" content=\"https:\/\/priceattorneys.com\/wp-content\/uploads\/2022\/03\/Construction-Accidents.jpg\" \/>\n<meta name=\"twitter:card\" content=\"summary_large_image\" \/>\n<meta name=\"twitter:label1\" content=\"Tiempo de lectura\" \/>\n\t<meta name=\"twitter:data1\" content=\"8 minutos\" \/>\n<script type=\"application\/ld+json\" class=\"yoast-schema-graph\">{\"@context\":\"https:\\\/\\\/schema.org\",\"@graph\":[{\"@type\":\"WebPage\",\"@id\":\"https:\\\/\\\/priceattorneys.com\\\/es\\\/compensacion-de-trabajadores\\\/accidentes-de-construccion\\\/\",\"url\":\"https:\\\/\\\/priceattorneys.com\\\/es\\\/compensacion-de-trabajadores\\\/accidentes-de-construccion\\\/\",\"name\":\"Accidentes de Construcci\u00f3n | Price Petho &amp; Associates, Personal Injury Attorneys\",\"isPartOf\":{\"@id\":\"https:\\\/\\\/priceattorneys.com\\\/es\\\/#website\"},\"primaryImageOfPage\":{\"@id\":\"https:\\\/\\\/priceattorneys.com\\\/es\\\/compensacion-de-trabajadores\\\/accidentes-de-construccion\\\/#primaryimage\"},\"image\":{\"@id\":\"https:\\\/\\\/priceattorneys.com\\\/es\\\/compensacion-de-trabajadores\\\/accidentes-de-construccion\\\/#primaryimage\"},\"thumbnailUrl\":\"https:\\\/\\\/priceattorneys.com\\\/wp-content\\\/uploads\\\/2022\\\/03\\\/Construction-Accidents.jpg\",\"datePublished\":\"2020-06-15T05:07:35+00:00\",\"dateModified\":\"2024-03-27T18:51:25+00:00\",\"breadcrumb\":{\"@id\":\"https:\\\/\\\/priceattorneys.com\\\/es\\\/compensacion-de-trabajadores\\\/accidentes-de-construccion\\\/#breadcrumb\"},\"inLanguage\":\"es\",\"potentialAction\":[{\"@type\":\"ReadAction\",\"target\":[\"https:\\\/\\\/priceattorneys.com\\\/es\\\/compensacion-de-trabajadores\\\/accidentes-de-construccion\\\/\"]}]},{\"@type\":\"ImageObject\",\"inLanguage\":\"es\",\"@id\":\"https:\\\/\\\/priceattorneys.com\\\/es\\\/compensacion-de-trabajadores\\\/accidentes-de-construccion\\\/#primaryimage\",\"url\":\"https:\\\/\\\/priceattorneys.com\\\/wp-content\\\/uploads\\\/2022\\\/03\\\/Construction-Accidents.jpg\",\"contentUrl\":\"https:\\\/\\\/priceattorneys.com\\\/wp-content\\\/uploads\\\/2022\\\/03\\\/Construction-Accidents.jpg\"},{\"@type\":\"BreadcrumbList\",\"@id\":\"https:\\\/\\\/priceattorneys.com\\\/es\\\/compensacion-de-trabajadores\\\/accidentes-de-construccion\\\/#breadcrumb\",\"itemListElement\":[{\"@type\":\"ListItem\",\"position\":1,\"name\":\"Home\",\"item\":\"https:\\\/\\\/priceattorneys.com\\\/es\\\/\"},{\"@type\":\"ListItem\",\"position\":2,\"name\":\"Compensaci\u00f3n de Trabajadores\",\"item\":\"https:\\\/\\\/priceattorneys.com\\\/es\\\/compensacion-de-trabajadores\\\/\"},{\"@type\":\"ListItem\",\"position\":3,\"name\":\"Accidentes de Construcci\u00f3n\"}]},{\"@type\":\"WebSite\",\"@id\":\"https:\\\/\\\/priceattorneys.com\\\/es\\\/#website\",\"url\":\"https:\\\/\\\/priceattorneys.com\\\/es\\\/\",\"name\":\"Price Petho &amp; Associates, Personal Injury Attorneys\",\"description\":\"Charlotte Personal Injury Lawyers\",\"potentialAction\":[{\"@type\":\"SearchAction\",\"target\":{\"@type\":\"EntryPoint\",\"urlTemplate\":\"https:\\\/\\\/priceattorneys.com\\\/es\\\/?s={search_term_string}\"},\"query-input\":{\"@type\":\"PropertyValueSpecification\",\"valueRequired\":true,\"valueName\":\"search_term_string\"}}],\"inLanguage\":\"es\"}]}<\/script>\n<!-- \/ Yoast SEO plugin. -->","yoast_head_json":{"title":"Accidentes de Construcci\u00f3n | Price Petho &amp; Associates, Personal Injury Attorneys","robots":{"index":"index","follow":"follow","max-snippet":"max-snippet:-1","max-image-preview":"max-image-preview:large","max-video-preview":"max-video-preview:-1"},"canonical":"https:\/\/priceattorneys.com\/es\/compensacion-de-trabajadores\/accidentes-de-construccion\/","og_locale":"es_ES","og_type":"article","og_title":"Accidentes de Construcci\u00f3n | Price Petho &amp; Associates, Personal Injury Attorneys","og_description":"Abogados de accidentes de construcci\u00f3n en Charlotte Defender a los trabajadores de la construcci\u00f3n lesionados en el trabajo en Carolina del Norte Los trabajadores de cualquier profesi\u00f3n pueden lesionarse, pero aquellos que trabajan en la industria, incluida la construcci\u00f3n, la fabricaci\u00f3n o muchas otras profesiones, enfrentan peligros significativamente mayores todos los d\u00edas. Eso significa que&hellip;","og_url":"https:\/\/priceattorneys.com\/es\/compensacion-de-trabajadores\/accidentes-de-construccion\/","og_site_name":"Price Petho &amp; Associates, Personal Injury Attorneys","article_modified_time":"2024-03-27T18:51:25+00:00","og_image":[{"url":"https:\/\/priceattorneys.com\/wp-content\/uploads\/2022\/03\/Construction-Accidents.jpg","type":"","width":"","height":""}],"twitter_card":"summary_large_image","twitter_misc":{"Tiempo de lectura":"8 minutos"},"schema":{"@context":"https:\/\/schema.org","@graph":[{"@type":"WebPage","@id":"https:\/\/priceattorneys.com\/es\/compensacion-de-trabajadores\/accidentes-de-construccion\/","url":"https:\/\/priceattorneys.com\/es\/compensacion-de-trabajadores\/accidentes-de-construccion\/","name":"Accidentes de Construcci\u00f3n | Price Petho &amp; Associates, Personal Injury Attorneys","isPartOf":{"@id":"https:\/\/priceattorneys.com\/es\/#website"},"primaryImageOfPage":{"@id":"https:\/\/priceattorneys.com\/es\/compensacion-de-trabajadores\/accidentes-de-construccion\/#primaryimage"},"image":{"@id":"https:\/\/priceattorneys.com\/es\/compensacion-de-trabajadores\/accidentes-de-construccion\/#primaryimage"},"thumbnailUrl":"https:\/\/priceattorneys.com\/wp-content\/uploads\/2022\/03\/Construction-Accidents.jpg","datePublished":"2020-06-15T05:07:35+00:00","dateModified":"2024-03-27T18:51:25+00:00","breadcrumb":{"@id":"https:\/\/priceattorneys.com\/es\/compensacion-de-trabajadores\/accidentes-de-construccion\/#breadcrumb"},"inLanguage":"es","potentialAction":[{"@type":"ReadAction","target":["https:\/\/priceattorneys.com\/es\/compensacion-de-trabajadores\/accidentes-de-construccion\/"]}]},{"@type":"ImageObject","inLanguage":"es","@id":"https:\/\/priceattorneys.com\/es\/compensacion-de-trabajadores\/accidentes-de-construccion\/#primaryimage","url":"https:\/\/priceattorneys.com\/wp-content\/uploads\/2022\/03\/Construction-Accidents.jpg","contentUrl":"https:\/\/priceattorneys.com\/wp-content\/uploads\/2022\/03\/Construction-Accidents.jpg"},{"@type":"BreadcrumbList","@id":"https:\/\/priceattorneys.com\/es\/compensacion-de-trabajadores\/accidentes-de-construccion\/#breadcrumb","itemListElement":[{"@type":"ListItem","position":1,"name":"Home","item":"https:\/\/priceattorneys.com\/es\/"},{"@type":"ListItem","position":2,"name":"Compensaci\u00f3n de Trabajadores","item":"https:\/\/priceattorneys.com\/es\/compensacion-de-trabajadores\/"},{"@type":"ListItem","position":3,"name":"Accidentes de Construcci\u00f3n"}]},{"@type":"WebSite","@id":"https:\/\/priceattorneys.com\/es\/#website","url":"https:\/\/priceattorneys.com\/es\/","name":"Price Petho &amp; Associates, Personal Injury Attorneys","description":"Charlotte Personal Injury Lawyers","potentialAction":[{"@type":"SearchAction","target":{"@type":"EntryPoint","urlTemplate":"https:\/\/priceattorneys.com\/es\/?s={search_term_string}"},"query-input":{"@type":"PropertyValueSpecification","valueRequired":true,"valueName":"search_term_string"}}],"inLanguage":"es"}]}},"_links":{"self":[{"href":"https:\/\/priceattorneys.com\/es\/wp-json\/wp\/v2\/pages\/5195","targetHints":{"allow":["GET"]}}],"collection":[{"href":"https:\/\/priceattorneys.com\/es\/wp-json\/wp\/v2\/pages"}],"about":[{"href":"https:\/\/priceattorneys.com\/es\/wp-json\/wp\/v2\/types\/page"}],"author":[{"embeddable":true,"href":"https:\/\/priceattorneys.com\/es\/wp-json\/wp\/v2\/users\/1"}],"replies":[{"embeddable":true,"href":"https:\/\/priceattorneys.com\/es\/wp-json\/wp\/v2\/comments?post=5195"}],"version-history":[{"count":0,"href":"https:\/\/priceattorneys.com\/es\/wp-json\/wp\/v2\/pages\/5195\/revisions"}],"up":[{"embeddable":true,"href":"https:\/\/priceattorneys.com\/es\/wp-json\/wp\/v2\/pages\/5187"}],"wp:attachment":[{"href":"https:\/\/priceattorneys.com\/es\/wp-json\/wp\/v2\/media?parent=5195"}],"curies":[{"name":"wp","href":"https:\/\/api.w.org\/{rel}","templated":true}]}}