{"id":5201,"date":"2020-06-18T13:16:17","date_gmt":"2020-06-18T13:16:17","guid":{"rendered":"https:\/\/priceattorneys.com\/?page_id=5201"},"modified":"2022-05-02T13:50:09","modified_gmt":"2022-05-02T13:50:09","slug":"lesion-ocupacional","status":"publish","type":"page","link":"https:\/\/priceattorneys.com\/es\/lesiones-personales\/lesion-ocupacional\/","title":{"rendered":"Lesi\u00f3n Ocupacional"},"content":{"rendered":"\n\n\t\t\t\t<img decoding=\"async\" src=\"https:\/\/priceattorneys.com\/wp-content\/uploads\/2022\/03\/workers.jpg\" alt=\"workers\" itemprop=\"image\" height=\"621\" width=\"1245\" title=\"workers\" onerror=\"this.style.display='none'\"  \/>\n\t<h1>Abogados de Lesiones Ocupacionales de Charlotte<\/h1>\n<h2>Ayud\u00e1ndole a luchar por una compensaci\u00f3n justa para los trabajadores en Carolina del Norte<\/h2>\n<p>Los trabajadores en casi todas las ocupaciones enfrentan riesgos significativos de lesiones: desde la industria de restaurantes hasta la construcci\u00f3n y la fabricaci\u00f3n, la posibilidad de accidentes relacionados con el trabajo es muy grande. Si usted es uno de los muchos habitantes de Carolina del Norte que ha sufrido una lesi\u00f3n ocupacional, es posible que le preocupe no poder volver a trabajar nunca, y las empresas pueden ser notoriamente lentas para proporcionarle los beneficios a los que tiene derecho.<\/p>\n<p>Afortunadamente, los abogados de compensaci\u00f3n laboral de Charlotte en Price, Petho &amp; Asociados tienen d\u00e9cadas de experiencia luchando por los derechos de nuestros clientes y asegur\u00e1ndose de que recuperen los beneficios que necesitan para descansar y sanar adecuadamente. Si usted o un ser querido sufrieron una lesi\u00f3n ocupacional en el trabajo y tienen problemas para obtener los beneficios a los que tienen derecho, comun\u00edquese hoy con nuestro experimentado equipo para una consulta gratuita.<\/p>\n\t<h2>\u00bfQu\u00e9 le gustar\u00eda saber?<\/h2>\n\t<ul>\n<li><a href=\"#FAQ1\">\u00bfQu\u00e9 tan frecuentes son las lesiones ocupacionales en Carolina del Norte?<\/a><\/li>\n<li><a href=\"#FAQ2\">\u00bfCu\u00e1les son algunos reclamos comunes por lesiones laborales?<\/a><\/li>\n<li><a href=\"#FAQ3\">\u00bfSoy elegible para los beneficios de compensaci\u00f3n para trabajadores de Charlotte?<\/a><\/li>\n<li><a href=\"#FAQ4\">\u00bfTiene un abogado de lesiones ocupacionales cerca de m\u00ed?<\/a><\/li>\n<\/ul>\n\t<h2>\u00bfQu\u00e9 tan frecuentes son las lesiones ocupacionales en Carolina del Norte?<\/h2>\n<p>La Oficina de Estad\u00edsticas Laborales de EE. UU. (BLS, por sus siglas en ingl\u00e9s) recopila datos sobre lesiones y enfermedades ocupacionales de empleadores privados en todo el pa\u00eds cada a\u00f1o. En 2020, Carolina del Norte report\u00f3 64,900 lesiones y enfermedades laborales no fatales, lo que representa 2.1 casos por cada 100 trabajadores de tiempo completo. Tambi\u00e9n se\u00f1alaron dos \u00absupersectores\u00bb para las lesiones ocupacionales: la industria del comercio, el transporte y los servicios p\u00fablicos y la industria de servicios de educaci\u00f3n y salud.<\/p>\n<p>Vale la pena se\u00f1alar que:<\/p>\n<p>Las lesiones y enfermedades ocupacionales recopiladas en el SOII [Encuesta de Lesiones y Enfermedades Ocupacionales] 2020 incluyen casos de COVID-19 cuando un trabajador se infect\u00f3 como resultado del desempe\u00f1o de sus funciones relacionadas con el trabajo y cumpli\u00f3 con otros criterios de mantenimiento de registros. COVID-19 se considera una enfermedad respiratoria seg\u00fan los criterios establecidos por la Administraci\u00f3n de Seguridad y Salud Ocupacional (OSHA).<\/p>\n<p>Los accidentes laborales pueden abarcar una amplia gama de incidentes y dar lugar a una amplia gama de lesiones.<\/p>\n\t<h2>\u00bfCu\u00e1les son algunos reclamos comunes por lesiones laborales?<\/h2>\n<p>Las lesiones ocupacionales son tan diversas como las industrias y empresas en las que ocurren, pero la definici\u00f3n b\u00e1sica de una lesi\u00f3n ocupacional es da\u00f1o corporal o lesi\u00f3n catastr\u00f3fica sufrida mientras realiza su trabajo. Aunque ciertas industrias, como construcci\u00f3n, tiene un riesgo intr\u00ednsecamente mayor de lesionarse, a\u00fan tiene derecho a la seguridad corporal b\u00e1sica mientras trabaja. En su defecto, tiene derecho a una compensaci\u00f3n adecuada de su empleador cuando ciertos accidentes le impiden ganar.<\/p>\n<p>Algunos de los reclamos por lesiones ocupacionales m\u00e1s comunes en Carolina del Norte y en todo el pa\u00eds incluyen:<\/p>\n<ul>\n<li><strong>Sobreesfuerzo<\/strong>. Si su trabajo requiere que levante, empuje o sostenga objetos pesados, puede correr el riesgo de lesionarse por sobreesfuerzo. El impacto en su salud puede variar desde tensi\u00f3n muscular hasta par\u00e1lisis total, e impedirle obtener un trabajo similar.<\/li>\n<li><strong>Resbalar y caer<\/strong>. A menudo llamados \u00abca\u00eddas en el mismo nivel\u00bb, los accidentes por resbalones y ca\u00eddas pueden causar lesiones catastr\u00f3ficas. Estos representan hasta el 15 % de las lesiones en el lugar de trabajo en el pa\u00eds y, por lo general, son causados \u200b\u200bpor negligencia, como no advertir a los empleados sobre las superficies del piso mojadas y resbaladizas.<\/li>\n<li><strong>Accidentes vehiculares<\/strong>. Ya sea que conduzca un veh\u00edculo tradicional como un autom\u00f3vil o un equipo industrial como una excavadora, tiene derecho a viajar sin accidentes. Nuestros abogados pueden determinar la causa de su accidente y responsabilizar a la parte correcta.<\/li>\n<li><strong>Lesiones por estr\u00e9s repetitivo (RSI)<\/strong>. Las RSI ocurren por el uso excesivo de ciertos m\u00fasculos y partes del cuerpo. Los ejemplos incluyen lesiones del manguito rotador, s\u00edndrome del t\u00fanel carpiano, lesiones de espalda y lesiones de rodilla. Incluso estar de pie sobre superficies duras durante demasiado tiempo puede provocar lesiones y afecciones dolorosas por estr\u00e9s repetitivo.<\/li>\n<li><strong>Asbestosis<\/strong>. Los trabajadores de las industrias de la construcci\u00f3n, la fabricaci\u00f3n y la miner\u00eda corren un mayor riesgo de exposici\u00f3n al asbesto. Si desarrolla los s\u00edntomas de asbestosis debido a su trabajo, podr\u00eda ser elegible para recibir beneficios de compensaci\u00f3n en el lugar de trabajo.<\/li>\n<\/ul>\n<p>Nuestros abogados de Charlotte pueden consultar con usted sobre cualquier lesi\u00f3n o condici\u00f3n ocupacional que experimente en el trabajo y su mejor v\u00eda para obtener una compensaci\u00f3n.<\/p>\n\t<h2>\u00bfSoy elegible para los beneficios de compensaci\u00f3n para trabajadores de Charlotte?<\/h2>\n<p>Bajo la <a href=\"https:\/\/www.ncleg.gov\/EnactedLegislation\/Statutes\/PDF\/ByChapter\/Chapter_97.pdf\">Ley de Compensaci\u00f3n para Trabajadores de Carolina del Norte<\/a>, todas las empresas con tres o m\u00e1s empleados deben tener un seguro de compensaci\u00f3n para trabajadores. Incluso si su empleador no fue directamente responsable de su accidente, compensaci\u00f3n de trabajadores puede permitirle recuperar los beneficios que necesita de manera eficiente.<\/p>\n<p>Sin embargo, no todas las lesiones ocupacionales pueden calificarlo para reclamos de compensaci\u00f3n laboral, y los beneficios pueden cambiar significativamente seg\u00fan la causa de su accidente relacionado con el trabajo. Puede haber varias partes responsables de sus lesiones y, en esos casos, es posible que deba emprender acciones legales para recuperar el alcance total de sus p\u00e9rdidas.<\/p>\n<p>Si es un contratista independiente, puede tener derecho a los beneficios de compensaci\u00f3n para trabajadores. Sin embargo, esto a menudo depende de si cumple con la definici\u00f3n legal de \u00abempleado\u00bb de acuerdo con la <a href=\"https:\/\/www.ncleg.net\/EnactedLegislation\/Statutes\/PDF\/BySection\/Chapter_97\/GS_97-2.pdf\">Estatutos generales de Carolina del Norte.<\/a> Aunque esta definici\u00f3n puede parecer simple, se vuelve bastante complicada bajo la ley.<\/p>\n<p>Por todas estas razones, es importante revisar cuidadosamente los detalles de su caso de compensaci\u00f3n laboral con un abogado con experiencia en Charlotte, ya que estos casos pueden volverse complejos r\u00e1pidamente.<\/p>\n<p>Para calificar para los beneficios de compensaci\u00f3n para trabajadores en Carolina del Norte, su caso debe cumplir con las siguientes condiciones:<\/p>\n<ul>\n<li>Sus lesiones deben haber resultado directamente de un accidente relacionado con el trabajo.<\/li>\n<li>Sus lesiones deben haber sido sufridas en el ambiente de trabajo, durante el transcurso de su rutina diaria.<\/li>\n<li>Debe ser considerado un empleado bajo los Estatutos Generales de Carolina del Norte.<\/li>\n<\/ul>\n<p>No dude en ponerse en contacto con nuestros abogados expertos si tiene alguna pregunta sobre su elegibilidad.<\/p>\n\t\t\t\t<img decoding=\"async\" src=\"https:\/\/priceattorneys.com\/wp-content\/uploads\/2022\/03\/Charlotte-workers-compensation-benefits.jpg\" alt=\"Charlotte workers compensation benefits\" itemprop=\"image\" height=\"675\" width=\"900\" title=\"Charlotte workers compensation benefits\" onerror=\"this.style.display='none'\"  \/>\n\t<h2>\u00bfHay un abogado de lesiones ocupacionales cerca de m\u00ed?<\/h2>\n<p>Price, Petho &amp; Asociados tiene oficinas en 1430 Elizabeth Ave en Charlotte. Tambi\u00e9n mantenemos oficinas en Rockingham y Rutherfordton para su comodidad. Si est\u00e1 demasiado lesionado para acudir a nosotros, podemos visitarlo en su casa o en el hospital.<\/p>\n<h3>Abogados de lesiones ocupacionales de Charlotte que lo ayudan a recuperar sus p\u00e9rdidas<\/h3>\n<p>En Price, Petho &amp; Asociados, hemos construido una reputaci\u00f3n de representaci\u00f3n agresiva en nombre de los trabajadores, asegurando millones de d\u00f3lares en acuerdos para nuestros clientes. Independientemente de qui\u00e9n sea el responsable final de sus lesiones, puede confiar en que nuestros abogados experimentados en lesiones personales de Charlotte tienen la experiencia para navegar demandas complejas por lesiones ocupacionales. Los empleadores a menudo pueden ser reacios a pagar la cantidad justa y justa de los gastos m\u00e9dicos y la p\u00e9rdida de salarios cuando usted ha resultado lesionado. Si esto te sucede, queremos ayudarte. Llamenos al <a href=\"tel:7043722160\">704-372-2160<\/a> o llena nuestro Formulario de contacto hoy para programar una consulta gratuita. Orgullosamente servimos a los trabajadores en Charlotte, Rockingham, Rutherfordton, Carolina del Norte y Carolina del Sur.<\/p>\n\n","protected":false},"excerpt":{"rendered":"<p>Abogados de Lesiones Ocupacionales de Charlotte Ayud\u00e1ndole a luchar por una compensaci\u00f3n justa para los trabajadores en Carolina del Norte Los trabajadores en casi todas las ocupaciones enfrentan riesgos significativos de lesiones: desde la industria de restaurantes hasta la construcci\u00f3n y la fabricaci\u00f3n, la posibilidad de accidentes relacionados con el trabajo es muy grande. Si&hellip;<\/p>\n","protected":false},"author":1,"featured_media":0,"parent":4969,"menu_order":0,"comment_status":"closed","ping_status":"closed","template":"","meta":{"footnotes":""},"class_list":["post-5201","page","type-page","status-publish","hentry"],"yoast_head":"<!-- This site is optimized with the Yoast SEO plugin v27.3 - https:\/\/yoast.com\/product\/yoast-seo-wordpress\/ -->\n<title>Lesi\u00f3n Ocupacional | Price Petho &amp; Associates, Personal Injury Attorneys<\/title>\n<meta name=\"robots\" content=\"index, follow, max-snippet:-1, max-image-preview:large, max-video-preview:-1\" \/>\n<link rel=\"canonical\" href=\"https:\/\/priceattorneys.com\/es\/lesiones-personales\/lesion-ocupacional\/\" \/>\n<meta property=\"og:locale\" content=\"es_ES\" \/>\n<meta property=\"og:type\" content=\"article\" \/>\n<meta property=\"og:title\" content=\"Lesi\u00f3n Ocupacional | Price Petho &amp; Associates, Personal Injury Attorneys\" \/>\n<meta property=\"og:description\" content=\"Abogados de Lesiones Ocupacionales de Charlotte Ayud\u00e1ndole a luchar por una compensaci\u00f3n justa para los trabajadores en Carolina del Norte Los trabajadores en casi todas las ocupaciones enfrentan riesgos significativos de lesiones: desde la industria de restaurantes hasta la construcci\u00f3n y la fabricaci\u00f3n, la posibilidad de accidentes relacionados con el trabajo es muy grande. Si&hellip;\" \/>\n<meta property=\"og:url\" content=\"https:\/\/priceattorneys.com\/es\/lesiones-personales\/lesion-ocupacional\/\" \/>\n<meta property=\"og:site_name\" content=\"Price Petho &amp; Associates, Personal Injury Attorneys\" \/>\n<meta property=\"article:modified_time\" content=\"2022-05-02T13:50:09+00:00\" \/>\n<meta property=\"og:image\" content=\"https:\/\/priceattorneys.com\/wp-content\/uploads\/2022\/03\/workers.jpg\" \/>\n<meta name=\"twitter:card\" content=\"summary_large_image\" \/>\n<meta name=\"twitter:label1\" content=\"Tiempo de lectura\" \/>\n\t<meta name=\"twitter:data1\" content=\"7 minutos\" \/>\n<script type=\"application\/ld+json\" class=\"yoast-schema-graph\">{\"@context\":\"https:\\\/\\\/schema.org\",\"@graph\":[{\"@type\":\"WebPage\",\"@id\":\"https:\\\/\\\/priceattorneys.com\\\/es\\\/lesiones-personales\\\/lesion-ocupacional\\\/\",\"url\":\"https:\\\/\\\/priceattorneys.com\\\/es\\\/lesiones-personales\\\/lesion-ocupacional\\\/\",\"name\":\"Lesi\u00f3n Ocupacional | Price Petho &amp; Associates, Personal Injury Attorneys\",\"isPartOf\":{\"@id\":\"https:\\\/\\\/priceattorneys.com\\\/es\\\/#website\"},\"primaryImageOfPage\":{\"@id\":\"https:\\\/\\\/priceattorneys.com\\\/es\\\/lesiones-personales\\\/lesion-ocupacional\\\/#primaryimage\"},\"image\":{\"@id\":\"https:\\\/\\\/priceattorneys.com\\\/es\\\/lesiones-personales\\\/lesion-ocupacional\\\/#primaryimage\"},\"thumbnailUrl\":\"https:\\\/\\\/priceattorneys.com\\\/wp-content\\\/uploads\\\/2022\\\/03\\\/workers.jpg\",\"datePublished\":\"2020-06-18T13:16:17+00:00\",\"dateModified\":\"2022-05-02T13:50:09+00:00\",\"breadcrumb\":{\"@id\":\"https:\\\/\\\/priceattorneys.com\\\/es\\\/lesiones-personales\\\/lesion-ocupacional\\\/#breadcrumb\"},\"inLanguage\":\"es\",\"potentialAction\":[{\"@type\":\"ReadAction\",\"target\":[\"https:\\\/\\\/priceattorneys.com\\\/es\\\/lesiones-personales\\\/lesion-ocupacional\\\/\"]}]},{\"@type\":\"ImageObject\",\"inLanguage\":\"es\",\"@id\":\"https:\\\/\\\/priceattorneys.com\\\/es\\\/lesiones-personales\\\/lesion-ocupacional\\\/#primaryimage\",\"url\":\"https:\\\/\\\/priceattorneys.com\\\/wp-content\\\/uploads\\\/2022\\\/03\\\/workers.jpg\",\"contentUrl\":\"https:\\\/\\\/priceattorneys.com\\\/wp-content\\\/uploads\\\/2022\\\/03\\\/workers.jpg\"},{\"@type\":\"BreadcrumbList\",\"@id\":\"https:\\\/\\\/priceattorneys.com\\\/es\\\/lesiones-personales\\\/lesion-ocupacional\\\/#breadcrumb\",\"itemListElement\":[{\"@type\":\"ListItem\",\"position\":1,\"name\":\"Home\",\"item\":\"https:\\\/\\\/priceattorneys.com\\\/es\\\/\"},{\"@type\":\"ListItem\",\"position\":2,\"name\":\"Lesiones Personales\",\"item\":\"https:\\\/\\\/priceattorneys.com\\\/es\\\/lesiones-personales\\\/\"},{\"@type\":\"ListItem\",\"position\":3,\"name\":\"Lesi\u00f3n Ocupacional\"}]},{\"@type\":\"WebSite\",\"@id\":\"https:\\\/\\\/priceattorneys.com\\\/es\\\/#website\",\"url\":\"https:\\\/\\\/priceattorneys.com\\\/es\\\/\",\"name\":\"Price Petho &amp; Associates, Personal Injury Attorneys\",\"description\":\"Charlotte Personal Injury Lawyers\",\"potentialAction\":[{\"@type\":\"SearchAction\",\"target\":{\"@type\":\"EntryPoint\",\"urlTemplate\":\"https:\\\/\\\/priceattorneys.com\\\/es\\\/?s={search_term_string}\"},\"query-input\":{\"@type\":\"PropertyValueSpecification\",\"valueRequired\":true,\"valueName\":\"search_term_string\"}}],\"inLanguage\":\"es\"}]}<\/script>\n<!-- \/ Yoast SEO plugin. -->","yoast_head_json":{"title":"Lesi\u00f3n Ocupacional | Price Petho &amp; Associates, Personal Injury Attorneys","robots":{"index":"index","follow":"follow","max-snippet":"max-snippet:-1","max-image-preview":"max-image-preview:large","max-video-preview":"max-video-preview:-1"},"canonical":"https:\/\/priceattorneys.com\/es\/lesiones-personales\/lesion-ocupacional\/","og_locale":"es_ES","og_type":"article","og_title":"Lesi\u00f3n Ocupacional | Price Petho &amp; Associates, Personal Injury Attorneys","og_description":"Abogados de Lesiones Ocupacionales de Charlotte Ayud\u00e1ndole a luchar por una compensaci\u00f3n justa para los trabajadores en Carolina del Norte Los trabajadores en casi todas las ocupaciones enfrentan riesgos significativos de lesiones: desde la industria de restaurantes hasta la construcci\u00f3n y la fabricaci\u00f3n, la posibilidad de accidentes relacionados con el trabajo es muy grande. Si&hellip;","og_url":"https:\/\/priceattorneys.com\/es\/lesiones-personales\/lesion-ocupacional\/","og_site_name":"Price Petho &amp; Associates, Personal Injury Attorneys","article_modified_time":"2022-05-02T13:50:09+00:00","og_image":[{"url":"https:\/\/priceattorneys.com\/wp-content\/uploads\/2022\/03\/workers.jpg","type":"","width":"","height":""}],"twitter_card":"summary_large_image","twitter_misc":{"Tiempo de lectura":"7 minutos"},"schema":{"@context":"https:\/\/schema.org","@graph":[{"@type":"WebPage","@id":"https:\/\/priceattorneys.com\/es\/lesiones-personales\/lesion-ocupacional\/","url":"https:\/\/priceattorneys.com\/es\/lesiones-personales\/lesion-ocupacional\/","name":"Lesi\u00f3n Ocupacional | Price Petho &amp; Associates, Personal Injury Attorneys","isPartOf":{"@id":"https:\/\/priceattorneys.com\/es\/#website"},"primaryImageOfPage":{"@id":"https:\/\/priceattorneys.com\/es\/lesiones-personales\/lesion-ocupacional\/#primaryimage"},"image":{"@id":"https:\/\/priceattorneys.com\/es\/lesiones-personales\/lesion-ocupacional\/#primaryimage"},"thumbnailUrl":"https:\/\/priceattorneys.com\/wp-content\/uploads\/2022\/03\/workers.jpg","datePublished":"2020-06-18T13:16:17+00:00","dateModified":"2022-05-02T13:50:09+00:00","breadcrumb":{"@id":"https:\/\/priceattorneys.com\/es\/lesiones-personales\/lesion-ocupacional\/#breadcrumb"},"inLanguage":"es","potentialAction":[{"@type":"ReadAction","target":["https:\/\/priceattorneys.com\/es\/lesiones-personales\/lesion-ocupacional\/"]}]},{"@type":"ImageObject","inLanguage":"es","@id":"https:\/\/priceattorneys.com\/es\/lesiones-personales\/lesion-ocupacional\/#primaryimage","url":"https:\/\/priceattorneys.com\/wp-content\/uploads\/2022\/03\/workers.jpg","contentUrl":"https:\/\/priceattorneys.com\/wp-content\/uploads\/2022\/03\/workers.jpg"},{"@type":"BreadcrumbList","@id":"https:\/\/priceattorneys.com\/es\/lesiones-personales\/lesion-ocupacional\/#breadcrumb","itemListElement":[{"@type":"ListItem","position":1,"name":"Home","item":"https:\/\/priceattorneys.com\/es\/"},{"@type":"ListItem","position":2,"name":"Lesiones Personales","item":"https:\/\/priceattorneys.com\/es\/lesiones-personales\/"},{"@type":"ListItem","position":3,"name":"Lesi\u00f3n Ocupacional"}]},{"@type":"WebSite","@id":"https:\/\/priceattorneys.com\/es\/#website","url":"https:\/\/priceattorneys.com\/es\/","name":"Price Petho &amp; Associates, Personal Injury Attorneys","description":"Charlotte Personal Injury Lawyers","potentialAction":[{"@type":"SearchAction","target":{"@type":"EntryPoint","urlTemplate":"https:\/\/priceattorneys.com\/es\/?s={search_term_string}"},"query-input":{"@type":"PropertyValueSpecification","valueRequired":true,"valueName":"search_term_string"}}],"inLanguage":"es"}]}},"_links":{"self":[{"href":"https:\/\/priceattorneys.com\/es\/wp-json\/wp\/v2\/pages\/5201","targetHints":{"allow":["GET"]}}],"collection":[{"href":"https:\/\/priceattorneys.com\/es\/wp-json\/wp\/v2\/pages"}],"about":[{"href":"https:\/\/priceattorneys.com\/es\/wp-json\/wp\/v2\/types\/page"}],"author":[{"embeddable":true,"href":"https:\/\/priceattorneys.com\/es\/wp-json\/wp\/v2\/users\/1"}],"replies":[{"embeddable":true,"href":"https:\/\/priceattorneys.com\/es\/wp-json\/wp\/v2\/comments?post=5201"}],"version-history":[{"count":0,"href":"https:\/\/priceattorneys.com\/es\/wp-json\/wp\/v2\/pages\/5201\/revisions"}],"up":[{"embeddable":true,"href":"https:\/\/priceattorneys.com\/es\/wp-json\/wp\/v2\/pages\/4969"}],"wp:attachment":[{"href":"https:\/\/priceattorneys.com\/es\/wp-json\/wp\/v2\/media?parent=5201"}],"curies":[{"name":"wp","href":"https:\/\/api.w.org\/{rel}","templated":true}]}}