{"id":5206,"date":"2020-06-15T04:47:03","date_gmt":"2020-06-15T04:47:03","guid":{"rendered":"https:\/\/priceattorneys.com\/?page_id=5206"},"modified":"2022-05-02T14:11:48","modified_gmt":"2022-05-02T14:11:48","slug":"profesionales-de-negocios","status":"publish","type":"page","link":"https:\/\/priceattorneys.com\/es\/compensacion-de-trabajadores\/profesionales-de-negocios\/","title":{"rendered":"Profesionales de Negocios"},"content":{"rendered":"\n\n\t\t\t\t<img decoding=\"async\" src=\"https:\/\/priceattorneys.com\/wp-content\/uploads\/2022\/03\/Business-Professionals.jpg\" alt=\"Business Professionals\" itemprop=\"image\" height=\"621\" width=\"1245\" title=\"Business Professionals\" onerror=\"this.style.display='none'\"  \/>\n\t<h1>Abogado de Reclamos de Compensaci\u00f3n de Trabajadores Profesionales de Negocios de Charlotte<\/h1>\n<h2>Ayuda legal para oficinistas y profesionales administrativos lesionados en el trabajo en NC<\/h2>\n<p>No todos los accidentes relacionados con el trabajo ocurren en lugares intr\u00ednsecamente ocupados y peligrosos, como un sitio de construcci\u00f3n o una lesi\u00f3n sufrida por un bombero en el cumplimiento de su deber. En muchas situaciones, la oficina promedio tiene sus propios peligros y riesgos que pueden causar o conducir a lesiones de un empleado. Cuando esto sucede, los profesionales de negocios tienen derecho a solicitar beneficios de compensaci\u00f3n para trabajadores para ayudar a llegar a fin de mes mientras se recuperan.<\/p>\n<p>En Price, Petho &amp; Asociados, nuestros abogados de Charlotte se enorgullecen de apoyar a los profesionales de negocios y trabajadores de oficina que necesitan asistencia para presentar o defender sus reclamos de compensaci\u00f3n laboral. Las empresas, corporaciones y proveedores de seguros son conocidos por tratar de negar las afirmaciones de los profesionales de negocios, ya que creen que los entornos de trabajo de oficina son completamente seguros. Nuestra representaci\u00f3n legal y orientaci\u00f3n le permiten defender sus derechos y asegurar los beneficios a los que tiene derecho.<\/p>\n\t<h2>\u00bfQu\u00e9 le gustar\u00eda saber?<\/h2>\n\t<ul>\n<li><a href=\"#FAQ1\">\u00bfQu\u00e9 es la compensaci\u00f3n de trabajadores en Carolina del Norte?<\/a><\/li>\n<li><a href=\"#FAQ2\">\u00bfQu\u00e9 tipos de lesiones sufren com\u00fanmente los profesionales de negocios?<\/a><\/li>\n<li><a href=\"#FAQ3\">\u00bfQu\u00e9 debo hacer despu\u00e9s de una lesi\u00f3n en el lugar de trabajo de Charlotte?<\/a><\/li>\n<\/ul>\n\t<ul>\n<li><a href=\"#FAQ4\">\u00bfQu\u00e9 debo hacer si se niega mi reclamo de compensaci\u00f3n para trabajadores?<\/a><\/li>\n<li><a href=\"#FAQ5\">\u00bfHay un abogado de lesiones profesionales de negocios cerca de m\u00ed?<\/a><\/li>\n<\/ul>\n\t\t\t\t<img decoding=\"async\" src=\"https:\/\/priceattorneys.com\/wp-content\/uploads\/2022\/03\/work-place.jpg\" alt=\"work-place\" itemprop=\"image\" height=\"600\" width=\"900\" title=\"work-place\" onerror=\"this.style.display='none'\"  \/>\n\t<h2>\u00bfQu\u00e9 es la compensaci\u00f3n de trabajadores en Carolina del Norte?<\/h2>\n<p>La <a href=\"https:\/\/www.ncleg.gov\/EnactedLegislation\/Statutes\/PDF\/ByChapter\/Chapter_97.pdf\">Ley de Compensaci\u00f3n para Trabajadores de Carolina del Norte<\/a> es una legislaci\u00f3n destinada a brindar beneficios a los empleados que no pueden trabajar debido a lesiones sufridas en el trabajo. La compensaci\u00f3n para trabajadores es una compensaci\u00f3n entre un empleador y un empleado. Cuando un trabajador tiene un accidente y sufre lesiones durante el \u00e1mbito de su empleo, la compensaci\u00f3n de los trabajadores brinda cobertura m\u00e9dica y reembolso del salario y, a cambio, el trabajador se compromete a no presentar una demanda contra el empleador por negligencia.<\/p>\n<p><a href=\"https:\/\/priceattorneys.com\/es\/compensacion-de-trabajadores\/\">Compensaci\u00f3n de trabajadores<\/a> debe cubrir sus gastos por lesiones siempre que el accidente haya ocurrido durante el curso de su empleo y como resultado de su empleo. Por ejemplo, si se lastim\u00f3 en un <a href=\"https:\/\/priceattorneys.com\/es\/lesiones-personales\/accidentes-automovilisticos\/\">accidente automovilistico<\/a> haciendo un mandado despu\u00e9s del trabajo, la compensaci\u00f3n de los trabajadores no se aplicar\u00eda. Sin embargo, si result\u00f3 herido en un accidente automovil\u00edstico mientras se dirig\u00eda a una conferencia de negocios, probablemente lo har\u00eda.<\/p>\n\t<h2>\u00bfQu\u00e9 tipos de lesiones sufren com\u00fanmente los profesionales de negocios?<\/h2>\n<p>En un reclamo de compensaci\u00f3n para trabajadores, los empleados no tienen que probar que su lesi\u00f3n fue causada por negligencia del empleador. Esto significa que a\u00fan puede obtener compensaci\u00f3n laboral si fue su propio error lo que caus\u00f3 su lesi\u00f3n. Lo que es m\u00e1s importante es si la lesi\u00f3n ocurri\u00f3 o no mientras realizaba una tarea relacionada con el trabajo. Para un profesional de negocios o un empleado de oficina, sus deberes pueden incluir trabajar en una computadora, archivar documentos, entregar un informe, conducir hacia y desde la oficina para obtener suministros o asistir a reuniones fuera del sitio y mucho m\u00e1s.<\/p>\n<p>Los trabajos administrativos y profesionales de negocios a menudo implican mucho trabajo de computadora y escritorio, lo que aumenta el riesgo de ciertas lesiones, como:<\/p>\n<ul>\n<li><strong>Trastornos de espalda y cuello<\/strong>, del trabajo sedentario sostenido. Inclinar la cabeza y el cuello para leer la pantalla de una computadora todo el d\u00eda puede causar rigidez, calambres, incomodidad y provocar dolor cr\u00f3nico que lo afecta tanto dentro como fuera del lugar de trabajo.<\/li>\n<li><strong>Lesiones en la mano y la mu\u00f1eca<\/strong>, incluido el s\u00edndrome del t\u00fanel carpiano y la tendinitis. Estas lesiones por estr\u00e9s repetitivo (RSI) provienen de realizar los mismos movimientos continuamente durante per\u00edodos prolongados, como escribir o ingresar datos. Las RSI pueden afectar el movimiento y la destreza en los dedos, las mu\u00f1ecas y las manos.<\/li>\n<li><strong>Problemas de la vista<\/strong>, causado por mirar fijamente pantallas, tabletas y computadoras sin los descansos adecuados. Esto puede llevar a necesitar intervenciones como anteojos recetados o incluso cirug\u00eda ocular.<\/li>\n<li><strong>Migra\u00f1as y dolores de cabeza<\/strong>, que puede deberse a demasiado tiempo frente a la pantalla, pero tambi\u00e9n al entorno de trabajo, como la iluminaci\u00f3n del techo, los al\u00e9rgenos u otros problemas.<\/li>\n<\/ul>\n<p>Todos los empleados tambi\u00e9n corren el riesgo de sufrir accidentes como resbalones y ca\u00eddas (ya sea sobre escombros como hielo y nieve o alfombras sueltas), <a href=\"https:\/\/priceattorneys.com\/personal-injury\/catastrophic-injuries\/brain-injuries\/\">Heridas en la cabeza<\/a> (por objetos que caen desde arriba), accidentes automovil\u00edsticos (durante un viaje relacionado con el trabajo) o cualquier otro tipo de lesi\u00f3n, siempre que ocurra durante el \u00e1mbito de su trabajo.<\/p>\n<p>Los abogados de Price, Petho &amp; Asociados est\u00e1n aqu\u00ed para ayudarlo cuando tenga preguntas o problemas con su reclamo de compensaci\u00f3n para trabajadores de cuello blanco.<\/p>\n\t<h2>\u00bfQu\u00e9 debo hacer despu\u00e9s de una lesi\u00f3n en el lugar de trabajo de Charlotte?<\/h2>\n<p>Para que su reclamo tenga el mejor comienzo posible, despu\u00e9s de una lesi\u00f3n en el trabajo, siga los siguientes pasos:<\/p>\n<ul>\n<li><strong>Notifique a su empleador inmediatamente<\/strong>. Informe su accidente y lesi\u00f3n a su empleador, tanto verbalmente como por escrito. Si no puede hacerlo debido a la gravedad de su lesi\u00f3n, p\u00eddale a un familiar o a su proveedor m\u00e9dico que lo haga por usted. Tienes 30 d\u00edas, pero cuanto antes mejor.<\/li>\n<li><strong>Busque atenci\u00f3n m\u00e9dica<\/strong>. Es posible que deba ver a un proveedor de atenci\u00f3n m\u00e9dica designado por el empleador acerca de sus lesiones. Puede ver a su propio m\u00e9dico adem\u00e1s del m\u00e9dico de su empleador. Si su m\u00e9dico est\u00e1 a m\u00e1s de 20 millas de ida y vuelta, tiene derecho a un reembolso de millas.<\/li>\n<li><strong>Siga todas las \u00f3rdenes del m\u00e9dico<\/strong>. Es crucial que siga todas las instrucciones del m\u00e9dico, el cuidado posterior y cualquier medicamento o fisioterapia. De lo contrario, podr\u00eda poner en peligro su reclamo, ya que la compa\u00f1\u00eda de seguros podr\u00eda afirmar que no est\u00e1 trabajando para restaurar su salud.<\/li>\n<li><strong>Aseg\u00farese de presentar su reclamo correctamente<\/strong>. Presente su reclamo ante la Comisi\u00f3n Industrial de Carolina del Norte, <a href=\"https:\/\/www.ic.nc.gov\/forms\/form18.pdf\">Formulario 18<\/a>, \u00abAviso de accidente\u00bb. Recibir\u00e1 formularios adicionales y solicitudes de documentaci\u00f3n a medida que avance su reclamo. Compl\u00e9telos en su totalidad y a tiempo para que su reclamo avance sin problemas.<\/li>\n<li><strong>Haz copias de todo<\/strong>. La documentaci\u00f3n es clave para un reclamo s\u00f3lido de com pensaci\u00f3n para trabajadores. Haga una copia de todos los informes m\u00e9dicos, facturas, recibos, cartas de la compa\u00f1\u00eda de seguros y todos los formularios que llene. Cuando hable con los representantes por tel\u00e9fono, p\u00eddales sus nombres y n\u00fameros de tel\u00e9fono. En caso de que haya una disputa o una denegaci\u00f3n con su reclamo, necesitar\u00e1 esta evidencia para su apelaci\u00f3n.<\/li>\n<\/ul>\n<p>Si se niega su reclamo de compensaci\u00f3n para trabajadores de Charlotte, nuestros abogados pueden ayudarlo.<\/p>\n\t\t\t\t<img decoding=\"async\" src=\"https:\/\/priceattorneys.com\/wp-content\/uploads\/2022\/03\/work-place2.jpg\" alt=\"work-place2\" itemprop=\"image\" height=\"1179\" width=\"900\" title=\"work-place2\" onerror=\"this.style.display='none'\"  \/>\n\t<h2>\u00bfQu\u00e9 debo hacer si se niega mi reclamo de compensaci\u00f3n para trabajadores?<\/h2>\n<p>Incluso las reclamaciones v\u00e1lidas a menudo son negadas por la Comisi\u00f3n Industrial de Carolina del Norte (NCIC). Algunas de las razones citadas para reclamaciones denegadas incluyen:<\/p>\n<ul>\n<li>Plazos de presentaci\u00f3n incumplidos<\/li>\n<li>Informaci\u00f3n incorrecta o faltante<\/li>\n<li>La lesi\u00f3n no fue el resultado de un accidente de trabajo<\/li>\n<li>Si el trabajador es un empleado o contratista<\/li>\n<\/ul>\n<p>Nuestros abogados de Charlotte pueden ayudarlo a apelar la denegaci\u00f3n de su reclamo de compensaci\u00f3n para trabajadores. La compa\u00f1\u00eda de seguros de su empleador debe informarle el motivo de la denegaci\u00f3n, y luego puede completar <a href=\"http:\/\/www.ic.nc.gov\/forms\/form33.pdf\">Formulario 33 del NCIC<\/a>, que es una solicitud de audiencia. Si su apelaci\u00f3n no tiene \u00e9xito, puede presentar otra apelaci\u00f3n ante la Corte de Apelaciones de Carolina del Norte y, finalmente, ante la Corte Suprema de Carolina del Norte. La gran mayor\u00eda de los casos nunca necesitar\u00e1n llegar tan lejos, pero nuestro equipo legal hace lo necesario para asegurarle los beneficios a los que tiene derecho.<\/p>\n\t<h2>\u00bfHay un abogado de lesiones profesionales de negocios cerca de m\u00ed?<\/h2>\n<p>Price, Petho &amp; Asociados tiene una oficina en 1430 Elizabeth Ave en Charlotte, NC. Tambi\u00e9n mantenemos oficinas en Rockingham y Rutherfordton para su comodidad. Si no puede acudir a nosotros, podemos hacer arreglos para visitarlo en su casa o en el hospital.<\/p>\n<h3>Abogados confiables de compensaci\u00f3n de trabajadores de Charlotte que atienden a trabajadores de oficina y profesionales<\/h3>\n<p>En Price, Petho &amp; Asociados, ofrecemos un equipo de abogados especialistas en lesiones profesionales altamente experimentados y compasivos. Tenemos una reputaci\u00f3n muy apreciada como campeones legales por parte de los trabajadores lesionados en Charlotte y las \u00e1reas circundantes. Para programar una consulta con un miembro experimentado de nuestro equipo, llame <a href=\"tel:7043722160\">704-372-2160<\/a> o llena nuestro Formulario de contacto hoy dia. Atendemos a clientes en Charlotte, Rockingham, Rutherfordton, Carolina del Norte y Carolina del Sur.<\/p>\n\n","protected":false},"excerpt":{"rendered":"<p>Abogado de Reclamos de Compensaci\u00f3n de Trabajadores Profesionales de Negocios de Charlotte Ayuda legal para oficinistas y profesionales administrativos lesionados en el trabajo en NC No todos los accidentes relacionados con el trabajo ocurren en lugares intr\u00ednsecamente ocupados y peligrosos, como un sitio de construcci\u00f3n o una lesi\u00f3n sufrida por un bombero en el cumplimiento&hellip;<\/p>\n","protected":false},"author":1,"featured_media":0,"parent":5187,"menu_order":0,"comment_status":"closed","ping_status":"closed","template":"","meta":{"footnotes":""},"class_list":["post-5206","page","type-page","status-publish","hentry"],"yoast_head":"<!-- This site is optimized with the Yoast SEO plugin v27.3 - https:\/\/yoast.com\/product\/yoast-seo-wordpress\/ -->\n<title>Profesionales de Negocios | Price Petho &amp; Associates, Personal Injury Attorneys<\/title>\n<meta name=\"robots\" content=\"index, follow, max-snippet:-1, max-image-preview:large, max-video-preview:-1\" \/>\n<link rel=\"canonical\" href=\"https:\/\/priceattorneys.com\/es\/compensacion-de-trabajadores\/profesionales-de-negocios\/\" \/>\n<meta property=\"og:locale\" content=\"es_ES\" \/>\n<meta property=\"og:type\" content=\"article\" \/>\n<meta property=\"og:title\" content=\"Profesionales de Negocios | Price Petho &amp; Associates, Personal Injury Attorneys\" \/>\n<meta property=\"og:description\" content=\"Abogado de Reclamos de Compensaci\u00f3n de Trabajadores Profesionales de Negocios de Charlotte Ayuda legal para oficinistas y profesionales administrativos lesionados en el trabajo en NC No todos los accidentes relacionados con el trabajo ocurren en lugares intr\u00ednsecamente ocupados y peligrosos, como un sitio de construcci\u00f3n o una lesi\u00f3n sufrida por un bombero en el cumplimiento&hellip;\" \/>\n<meta property=\"og:url\" content=\"https:\/\/priceattorneys.com\/es\/compensacion-de-trabajadores\/profesionales-de-negocios\/\" \/>\n<meta property=\"og:site_name\" content=\"Price Petho &amp; Associates, Personal Injury Attorneys\" \/>\n<meta property=\"article:modified_time\" content=\"2022-05-02T14:11:48+00:00\" \/>\n<meta property=\"og:image\" content=\"https:\/\/priceattorneys.com\/wp-content\/uploads\/2022\/03\/Business-Professionals.jpg\" \/>\n<meta name=\"twitter:card\" content=\"summary_large_image\" \/>\n<meta name=\"twitter:label1\" content=\"Tiempo de lectura\" \/>\n\t<meta name=\"twitter:data1\" content=\"8 minutos\" \/>\n<script type=\"application\/ld+json\" class=\"yoast-schema-graph\">{\"@context\":\"https:\\\/\\\/schema.org\",\"@graph\":[{\"@type\":\"WebPage\",\"@id\":\"https:\\\/\\\/priceattorneys.com\\\/es\\\/compensacion-de-trabajadores\\\/profesionales-de-negocios\\\/\",\"url\":\"https:\\\/\\\/priceattorneys.com\\\/es\\\/compensacion-de-trabajadores\\\/profesionales-de-negocios\\\/\",\"name\":\"Profesionales de Negocios | Price Petho &amp; Associates, Personal Injury Attorneys\",\"isPartOf\":{\"@id\":\"https:\\\/\\\/priceattorneys.com\\\/es\\\/#website\"},\"primaryImageOfPage\":{\"@id\":\"https:\\\/\\\/priceattorneys.com\\\/es\\\/compensacion-de-trabajadores\\\/profesionales-de-negocios\\\/#primaryimage\"},\"image\":{\"@id\":\"https:\\\/\\\/priceattorneys.com\\\/es\\\/compensacion-de-trabajadores\\\/profesionales-de-negocios\\\/#primaryimage\"},\"thumbnailUrl\":\"https:\\\/\\\/priceattorneys.com\\\/wp-content\\\/uploads\\\/2022\\\/03\\\/Business-Professionals.jpg\",\"datePublished\":\"2020-06-15T04:47:03+00:00\",\"dateModified\":\"2022-05-02T14:11:48+00:00\",\"breadcrumb\":{\"@id\":\"https:\\\/\\\/priceattorneys.com\\\/es\\\/compensacion-de-trabajadores\\\/profesionales-de-negocios\\\/#breadcrumb\"},\"inLanguage\":\"es\",\"potentialAction\":[{\"@type\":\"ReadAction\",\"target\":[\"https:\\\/\\\/priceattorneys.com\\\/es\\\/compensacion-de-trabajadores\\\/profesionales-de-negocios\\\/\"]}]},{\"@type\":\"ImageObject\",\"inLanguage\":\"es\",\"@id\":\"https:\\\/\\\/priceattorneys.com\\\/es\\\/compensacion-de-trabajadores\\\/profesionales-de-negocios\\\/#primaryimage\",\"url\":\"https:\\\/\\\/priceattorneys.com\\\/wp-content\\\/uploads\\\/2022\\\/03\\\/Business-Professionals.jpg\",\"contentUrl\":\"https:\\\/\\\/priceattorneys.com\\\/wp-content\\\/uploads\\\/2022\\\/03\\\/Business-Professionals.jpg\"},{\"@type\":\"BreadcrumbList\",\"@id\":\"https:\\\/\\\/priceattorneys.com\\\/es\\\/compensacion-de-trabajadores\\\/profesionales-de-negocios\\\/#breadcrumb\",\"itemListElement\":[{\"@type\":\"ListItem\",\"position\":1,\"name\":\"Home\",\"item\":\"https:\\\/\\\/priceattorneys.com\\\/es\\\/\"},{\"@type\":\"ListItem\",\"position\":2,\"name\":\"Compensaci\u00f3n de Trabajadores\",\"item\":\"https:\\\/\\\/priceattorneys.com\\\/es\\\/compensacion-de-trabajadores\\\/\"},{\"@type\":\"ListItem\",\"position\":3,\"name\":\"Profesionales de Negocios\"}]},{\"@type\":\"WebSite\",\"@id\":\"https:\\\/\\\/priceattorneys.com\\\/es\\\/#website\",\"url\":\"https:\\\/\\\/priceattorneys.com\\\/es\\\/\",\"name\":\"Price Petho &amp; Associates, Personal Injury Attorneys\",\"description\":\"Charlotte Personal Injury Lawyers\",\"potentialAction\":[{\"@type\":\"SearchAction\",\"target\":{\"@type\":\"EntryPoint\",\"urlTemplate\":\"https:\\\/\\\/priceattorneys.com\\\/es\\\/?s={search_term_string}\"},\"query-input\":{\"@type\":\"PropertyValueSpecification\",\"valueRequired\":true,\"valueName\":\"search_term_string\"}}],\"inLanguage\":\"es\"}]}<\/script>\n<!-- \/ Yoast SEO plugin. -->","yoast_head_json":{"title":"Profesionales de Negocios | Price Petho &amp; Associates, Personal Injury Attorneys","robots":{"index":"index","follow":"follow","max-snippet":"max-snippet:-1","max-image-preview":"max-image-preview:large","max-video-preview":"max-video-preview:-1"},"canonical":"https:\/\/priceattorneys.com\/es\/compensacion-de-trabajadores\/profesionales-de-negocios\/","og_locale":"es_ES","og_type":"article","og_title":"Profesionales de Negocios | Price Petho &amp; Associates, Personal Injury Attorneys","og_description":"Abogado de Reclamos de Compensaci\u00f3n de Trabajadores Profesionales de Negocios de Charlotte Ayuda legal para oficinistas y profesionales administrativos lesionados en el trabajo en NC No todos los accidentes relacionados con el trabajo ocurren en lugares intr\u00ednsecamente ocupados y peligrosos, como un sitio de construcci\u00f3n o una lesi\u00f3n sufrida por un bombero en el cumplimiento&hellip;","og_url":"https:\/\/priceattorneys.com\/es\/compensacion-de-trabajadores\/profesionales-de-negocios\/","og_site_name":"Price Petho &amp; Associates, Personal Injury Attorneys","article_modified_time":"2022-05-02T14:11:48+00:00","og_image":[{"url":"https:\/\/priceattorneys.com\/wp-content\/uploads\/2022\/03\/Business-Professionals.jpg","type":"","width":"","height":""}],"twitter_card":"summary_large_image","twitter_misc":{"Tiempo de lectura":"8 minutos"},"schema":{"@context":"https:\/\/schema.org","@graph":[{"@type":"WebPage","@id":"https:\/\/priceattorneys.com\/es\/compensacion-de-trabajadores\/profesionales-de-negocios\/","url":"https:\/\/priceattorneys.com\/es\/compensacion-de-trabajadores\/profesionales-de-negocios\/","name":"Profesionales de Negocios | Price Petho &amp; Associates, Personal Injury Attorneys","isPartOf":{"@id":"https:\/\/priceattorneys.com\/es\/#website"},"primaryImageOfPage":{"@id":"https:\/\/priceattorneys.com\/es\/compensacion-de-trabajadores\/profesionales-de-negocios\/#primaryimage"},"image":{"@id":"https:\/\/priceattorneys.com\/es\/compensacion-de-trabajadores\/profesionales-de-negocios\/#primaryimage"},"thumbnailUrl":"https:\/\/priceattorneys.com\/wp-content\/uploads\/2022\/03\/Business-Professionals.jpg","datePublished":"2020-06-15T04:47:03+00:00","dateModified":"2022-05-02T14:11:48+00:00","breadcrumb":{"@id":"https:\/\/priceattorneys.com\/es\/compensacion-de-trabajadores\/profesionales-de-negocios\/#breadcrumb"},"inLanguage":"es","potentialAction":[{"@type":"ReadAction","target":["https:\/\/priceattorneys.com\/es\/compensacion-de-trabajadores\/profesionales-de-negocios\/"]}]},{"@type":"ImageObject","inLanguage":"es","@id":"https:\/\/priceattorneys.com\/es\/compensacion-de-trabajadores\/profesionales-de-negocios\/#primaryimage","url":"https:\/\/priceattorneys.com\/wp-content\/uploads\/2022\/03\/Business-Professionals.jpg","contentUrl":"https:\/\/priceattorneys.com\/wp-content\/uploads\/2022\/03\/Business-Professionals.jpg"},{"@type":"BreadcrumbList","@id":"https:\/\/priceattorneys.com\/es\/compensacion-de-trabajadores\/profesionales-de-negocios\/#breadcrumb","itemListElement":[{"@type":"ListItem","position":1,"name":"Home","item":"https:\/\/priceattorneys.com\/es\/"},{"@type":"ListItem","position":2,"name":"Compensaci\u00f3n de Trabajadores","item":"https:\/\/priceattorneys.com\/es\/compensacion-de-trabajadores\/"},{"@type":"ListItem","position":3,"name":"Profesionales de Negocios"}]},{"@type":"WebSite","@id":"https:\/\/priceattorneys.com\/es\/#website","url":"https:\/\/priceattorneys.com\/es\/","name":"Price Petho &amp; Associates, Personal Injury Attorneys","description":"Charlotte Personal Injury Lawyers","potentialAction":[{"@type":"SearchAction","target":{"@type":"EntryPoint","urlTemplate":"https:\/\/priceattorneys.com\/es\/?s={search_term_string}"},"query-input":{"@type":"PropertyValueSpecification","valueRequired":true,"valueName":"search_term_string"}}],"inLanguage":"es"}]}},"_links":{"self":[{"href":"https:\/\/priceattorneys.com\/es\/wp-json\/wp\/v2\/pages\/5206","targetHints":{"allow":["GET"]}}],"collection":[{"href":"https:\/\/priceattorneys.com\/es\/wp-json\/wp\/v2\/pages"}],"about":[{"href":"https:\/\/priceattorneys.com\/es\/wp-json\/wp\/v2\/types\/page"}],"author":[{"embeddable":true,"href":"https:\/\/priceattorneys.com\/es\/wp-json\/wp\/v2\/users\/1"}],"replies":[{"embeddable":true,"href":"https:\/\/priceattorneys.com\/es\/wp-json\/wp\/v2\/comments?post=5206"}],"version-history":[{"count":0,"href":"https:\/\/priceattorneys.com\/es\/wp-json\/wp\/v2\/pages\/5206\/revisions"}],"up":[{"embeddable":true,"href":"https:\/\/priceattorneys.com\/es\/wp-json\/wp\/v2\/pages\/5187"}],"wp:attachment":[{"href":"https:\/\/priceattorneys.com\/es\/wp-json\/wp\/v2\/media?parent=5206"}],"curies":[{"name":"wp","href":"https:\/\/api.w.org\/{rel}","templated":true}]}}