{"id":5210,"date":"2020-06-15T05:37:26","date_gmt":"2020-06-15T05:37:26","guid":{"rendered":"https:\/\/priceattorneys.com\/?page_id=5210"},"modified":"2023-10-09T14:25:52","modified_gmt":"2023-10-09T14:25:52","slug":"trabajadores-automotrices","status":"publish","type":"page","link":"https:\/\/priceattorneys.com\/es\/compensacion-de-trabajadores\/trabajadores-automotrices\/","title":{"rendered":"Trabajadores Automotrices"},"content":{"rendered":"\n\n\t\t\t\t<img decoding=\"async\" src=\"https:\/\/priceattorneys.com\/wp-content\/uploads\/2022\/03\/Auto-workers.jpg\" alt=\"Auto Worker Injuries in NC\" itemprop=\"image\" height=\"621\" width=\"1245\" title=\"Auto workers\" onerror=\"this.style.display='none'\"  \/>\n\t<h1>Abogado de lesiones de trabajadores automotrices de Charlotte<\/h1>\n<h2>Abogados experimentados en compensaci\u00f3n laboral que atienden a trabajadores automotrices en Carolina del Norte<\/h2>\n<p>Carolina del Norte alberga una variedad de industrias y fabricantes de autom\u00f3viles. Entre otros, estos incluyen Daimler, Takata, Freightliner, Caterpillar, MGM Brakes y CooperStandard. Tambi\u00e9n contamos con el Centro de Investigaci\u00f3n Automotriz de Carolina del Norte y el Centro de Investigaci\u00f3n Automotriz y de Deportes de Motor de Carolina del Norte. Las empresas automotrices y de camiones como estas emplean a miles de trabajadores en todo el estado.<\/p>\n<p>Durante d\u00e9cadas, Price, Petho &amp; Asociados ha representado a trabajadores automotrices lesionados en el trabajo. A nuestros abogados de compensaci\u00f3n laboral de Charlotte les apasiona ayudar a los clientes a obtener ayuda financiera, y nos mantenemos actualizados sobre las leyes federales y estatales. Si se lesion\u00f3 mientras trabajaba en la industria automotriz, nuestra firma puede ayudarlo a analizar su situaci\u00f3n, ayudarlo a presentar un reclamo y representarlo agresivamente durante todo el proceso legal.<\/p>\n\t<h2>\u00bfQu\u00e9 le gustar\u00eda saber?<\/h2>\n\t<ul>\n<li><a href=\"#FAQ1\">\u00bfCu\u00e1les son los riesgos de trabajar en la industria automotriz?<\/a><\/li>\n<li><a href=\"#FAQ2\">\u00bfCu\u00e1les son mis derechos despu\u00e9s de una lesi\u00f3n laboral en el autom\u00f3vil de Charlotte?<\/a><\/li>\n<li><a href=\"#FAQ3\">\u00bfQu\u00e9 debo hacer cuando me lesiono en el trabajo como trabajador automotriz?<\/a><\/li>\n<\/ul>\n\t<ul>\n<li><a href=\"#FAQ4\">\u00bfMe pueden despedir por presentar un reclamo de compensaci\u00f3n para trabajadores en Charlotte?<\/a><\/li>\n<li><a href=\"#FAQ5\">\u00bfHay un abogado de lesiones de trabajadores automotrices cerca de m\u00ed?<\/a><\/li>\n<\/ul>\n\t\t\t\t<img decoding=\"async\" src=\"https:\/\/priceattorneys.com\/wp-content\/uploads\/2022\/03\/auto-worker-dangers.jpg\" alt=\"Auto Worker Injuries in North Carolina\" itemprop=\"image\" height=\"1006\" width=\"900\" title=\"auto-worker-dangers\" onerror=\"this.style.display='none'\"  \/>\n\t<h2>\u00bfCu\u00e1les son los riesgos de trabajar en la industria automotriz?<\/h2>\n<p>Trabajar en la industria automotriz es peligroso. Los mec\u00e1nicos de autom\u00f3viles, los pintores, los instaladores de cristales, los trabajadores de reparaci\u00f3n de carrocer\u00edas y los empleados de los talleres de autom\u00f3viles manipulan productos qu\u00edmicos t\u00f3xicos, maquinaria peligrosa y piezas pesadas de autom\u00f3viles a diario. Con toda esta actividad y piezas m\u00f3viles, la falta de equipo de seguridad y capacitaci\u00f3n adecuados podr\u00eda provocar lesiones graves.<\/p>\n<p>Las lesiones que los trabajadores automotrices pueden experimentar en el trabajo incluyen:<\/p>\n\t<ul>\n<li>Lesiones en la cabeza y el cerebro<\/li>\n<li>Huesos rotos<\/li>\n<li>Amputaciones y p\u00e9rdida de extremidades<\/li>\n<li>Quemaduras y cicatrices<\/li>\n<li>Aplastamiento o lesiones atrapadas entre<\/li>\n<\/ul>\n\t<ul>\n<li>Lesiones el\u00e9ctricas<\/li>\n<li><a href=\"https:\/\/priceattorneys.com\/es\/lesiones-personales\/lesiones-catastroficas\/lesiones-de-la-medula-espinal\/\">Trauma de m\u00e9dula espinal<\/a><\/li>\n<li>Lesiones por estr\u00e9s repetitivo<\/li>\n<li>Exposici\u00f3n qu\u00edmica t\u00f3xica<\/li>\n<li><a href=\"https:\/\/priceattorneys.com\/es\/lesiones-personales\/muerte-injusta\/\">Muerte injusta<\/a><\/li>\n<\/ul>\n\t<p>Levantar equipos pesados, agacharse para alcanzar herramientas y trabajar con los brazos por encima de la cabeza podr\u00eda provocar una lesi\u00f3n grave por esfuerzo repetitivo o RSI. Los desgarros del manguito rotador, la tensi\u00f3n en la espalda y el cuello, las hernias de disco y otras lesiones pueden ocurrir debido a una postura antinatural y un esfuerzo excesivo. El uso de equipos ergon\u00f3micos, como m\u00e1quinas de elevaci\u00f3n y aparatos ortop\u00e9dicos para la espalda, podr\u00eda ayudar a prevenir una lesi\u00f3n por estr\u00e9s repetitivo.<\/p>\n<p>Los trabajadores automotrices y de talleres tambi\u00e9n corren el riesgo de exponerse a enfermedades ocupacionales por productos qu\u00edmicos o materiales peligrosos, que incluyen:<\/p>\n<ul>\n<li>Asbestosis<\/li>\n<li>P\u00e9rdida de la audici\u00f3n<\/li>\n<li>Envenenamiento por \u00e1cido sulf\u00farico, clorh\u00eddrico o fluorh\u00eddrico<\/li>\n<li>Intoxicaci\u00f3n por mon\u00f3xido de carbono<\/li>\n<li>Envenenamiento por plomo<\/li>\n<li>Enfermedades causadas por la exposici\u00f3n a productos qu\u00edmicos y gases.<\/li>\n<\/ul>\n<p>Los trabajadores automotrices tienen un trabajo muy pr\u00e1ctico. Deben operar m\u00e1quinas complejas y manejar productos qu\u00edmicos agresivos a diario. El uso de m\u00e1scaras de respiraci\u00f3n y otros equipos de seguridad es necesario para evitar lesiones graves. Los equipos defectuosos o mal mantenidos pueden funcionar mal y provocar un accidente, y los cables sueltos o las piezas de m\u00e1quinas, las herramientas o los veh\u00edculos no asegurados tambi\u00e9n ponen en riesgo a los trabajadores. Si se lesion\u00f3 mientras trabajaba con equipos automotrices, tiene derecho a presentar un reclamo de compensaci\u00f3n para trabajadores de Charlotte.<\/p>\n\t<h2>\u00bfCu\u00e1les son mis derechos despu\u00e9s de una lesi\u00f3n laboral en el autom\u00f3vil de Charlotte?<\/h2>\n<p>Como empleado en Carolina del Norte, tiene muchos derechos, y uno de esos derechos es el de <a href=\"https:\/\/priceattorneys.com\/workers-compensation\/\">compensaci\u00f3n de trabajadores<\/a> beneficios. Proporcionada a trav\u00e9s de su empleador, la compensaci\u00f3n para trabajadores le da derecho a beneficios m\u00e9dicos y salariales cuando sufre una lesi\u00f3n o enfermedad en el trabajo. Esta compensaci\u00f3n puede incluir beneficios por discapacidad temporal o permanente y tratamiento m\u00e9dico, como hospitalizaci\u00f3n, atenci\u00f3n m\u00e9dica, medicamentos recetados y servicios de rehabilitaci\u00f3n vocacional.<\/p>\n<p>La compensaci\u00f3n para trabajadores es un acuerdo entre usted y su empleador: le brindan estos beneficios independientemente de qui\u00e9n o qu\u00e9 caus\u00f3 la lesi\u00f3n y, a cambio, usted no los demanda por sus lesiones. Para que su lesi\u00f3n califique para estos beneficios, debe cumplir con tres criterios simples:<\/p>\n<ul>\n<li>La herida se produjo por un accidente<\/li>\n<li>El accidente fue relacionado con el trabajo.<\/li>\n<li>El accidente ocurri\u00f3 durante el curso de su empleo<\/li>\n<\/ul>\n<p>La <a href=\"http:\/\/www.ic.nc.gov\/forms.html\" target=\"_blank\" rel=\"noopener\">Comisi\u00f3n Industrial de Carolina del Norte<\/a> (NCIC) supervisa la compensaci\u00f3n de los trabajadores en nuestro estado y es la agencia ante la cual presentar\u00e1 su documentaci\u00f3n.<\/p>\n\t<h2>\u00bfQu\u00e9 debo hacer cuando me lesiono en el trabajo como trabajador automotriz?<\/h2>\n<p>Para construir un reclamo de compensaci\u00f3n para trabajadores s\u00f3lido en Charlotte, debe tomar las medidas adecuadas despu\u00e9s de una enfermedad o lesi\u00f3n causada por su trabajo:<\/p>\n<ul>\n<li><strong>Informe su lesi\u00f3n o enfermedad a su supervisor y empleador lo antes posible<\/strong>. Si no puede hacerlo debido a la gravedad de sus lesiones, haga que un miembro de su familia o su proveedor m\u00e9dico le notifique. Aseg\u00farese de que est\u00e9 por escrito y hecho dentro de los 30 d\u00edas; sin embargo, cuanto antes mejor.<\/li>\n<li><strong>Busque atenci\u00f3n m\u00e9dica<\/strong>. Puede ver a su propio m\u00e9dico, pero su empleador tambi\u00e9n puede exigirle que vea a un m\u00e9dico aprobado por la compa\u00f1\u00eda. Siga las instrucciones de su empleador y, si elige ver a su m\u00e9dico personal, se le puede reembolsar si \u00e9l o ella se encuentra a m\u00e1s de 20 millas de ida y vuelta. Recuerde informar a su m\u00e9dico que su lesi\u00f3n\/enfermedad se produjo en el lugar de trabajo.<\/li>\n<li><strong>Siga las instrucciones de su m\u00e9dico<\/strong>. Esta parte es importante: siga las indicaciones del m\u00e9dico. Descanse, asista a citas de seguimiento, terapia f\u00edsica, tome medicamentos o lo que dicte el curso de tratamiento de su m\u00e9dico. Esto demuestra que usted est\u00e1 tratando activamente de recuperarse y volver al trabajo.<\/li>\n<li><strong>Documentar todo<\/strong>. Haga una copia de todo lo relacionado con su lesi\u00f3n. Esto incluye todos sus registros m\u00e9dicos, recibos, documentaci\u00f3n del seguro, fotograf\u00edas y gastos. Obtenga el nombre y el n\u00famero de cualquier representante con el que hable por tel\u00e9fono.<\/li>\n<\/ul>\n\t\t\t\t<img decoding=\"async\" src=\"https:\/\/priceattorneys.com\/wp-content\/uploads\/2022\/03\/auto-worker.jpg\" alt=\"Auto Worker Injuries in North Carolina\" itemprop=\"image\" height=\"538\" width=\"900\" title=\"auto worker\" onerror=\"this.style.display='none'\"  \/>\n\t<h2>\u00bfMe pueden despedir por presentar un reclamo de compensaci\u00f3n para trabajadores en Charlotte?<\/h2>\n<p>Algunos empleados dudan en presentar un reclamo de compensaci\u00f3n para trabajadores. Puede pensar que no vale la pena, o que al presentar un reclamo, podr\u00eda poner en peligro su trabajo. Sin embargo, bajo el estado <a href=\"https:\/\/www.ncleg.net\/EnactedLegislation\/Statutes\/HTML\/ByArticle\/Chapter_95\/Article_21.html\" target=\"_blank\" rel=\"noopener\">Discriminaci\u00f3n laboral en represalia<\/a> Por ley, los empleadores de Carolina del Norte tienen prohibido despedir a los empleados que, de buena fe, participen en actividades protegidas. \u00a0La <a href=\"https:\/\/www.labor.nc.gov\/workplace-rights\/retaliatory-employment-discrimination-bureau\" target=\"_blank\" rel=\"noopener\">Oficina de Represalias contra la Discriminaci\u00f3n en el Empleo<\/a> ayuda a manejar estas quejas, bajo las cuales se cubren las lesiones en el lugar de trabajo.<\/p>\n<p>Carolina del Norte es un estado con \u00abderecho al trabajo\u00bb, lo que significa que un empleador puede despedirlo por casi cualquier motivo, o sin motivo alguno. Por eso existen leyes protectoras. Si cree que fue despedido injustamente debido a un accidente o lesi\u00f3n en el lugar de trabajo, los abogados de Price, Petho &amp; Asociados en Charlotte pueden ayudarlo.<\/p>\n\t<h2>\u00bfHay un abogado de lesiones de trabajadores automotrices cerca de m\u00ed?<\/h2>\n<p>Price, Petho &amp; Asociados est\u00e1 ubicado en 1430 Elizabeth Ave en Charlotte, NC. Tambi\u00e9n tenemos oficinas en Rockingham y Rutherfordton para su comodidad. Si no puede acudir a nosotros, podemos hacer arreglos para visitarlo en su casa o en el hospital.<\/p>\n<h3>Hable hoy con nuestros abogados experimentados en compensaci\u00f3n laboral de Charlotte<\/h3>\n<p>En Price, Petho &amp; Asociados, brindamos una representaci\u00f3n agresiva en nombre de los trabajadores automotrices lesionados. Cualquiera que sea su situaci\u00f3n, discutiremos sus opciones para buscar ayuda financiera. Con nuestros abogados de compensaci\u00f3n laboral de Charlotte, brindamos servicios legales atentos en cada paso del camino. Llamar <a href=\"tel:7043722160\">704-372-2160<\/a> o llena nuestro Formulario de contacto para programar una consulta con un miembro de nuestro equipo. Atendemos a clientes en Charlotte, Rockingham, Rutherfordton, Carolina del Norte y Carolina del Sur.<\/p>\n\n","protected":false},"excerpt":{"rendered":"<p>Abogado de lesiones de trabajadores automotrices de Charlotte Abogados experimentados en compensaci\u00f3n laboral que atienden a trabajadores automotrices en Carolina del Norte Carolina del Norte alberga una variedad de industrias y fabricantes de autom\u00f3viles. Entre otros, estos incluyen Daimler, Takata, Freightliner, Caterpillar, MGM Brakes y CooperStandard. Tambi\u00e9n contamos con el Centro de Investigaci\u00f3n Automotriz de&hellip;<\/p>\n","protected":false},"author":1,"featured_media":0,"parent":5187,"menu_order":0,"comment_status":"closed","ping_status":"closed","template":"","meta":{"footnotes":""},"class_list":["post-5210","page","type-page","status-publish","hentry"],"yoast_head":"<!-- This site is optimized with the Yoast SEO plugin v27.3 - https:\/\/yoast.com\/product\/yoast-seo-wordpress\/ -->\n<title>Trabajadores Automotrices | Price Petho &amp; Associates, Personal Injury Attorneys<\/title>\n<meta name=\"robots\" content=\"index, follow, max-snippet:-1, max-image-preview:large, max-video-preview:-1\" \/>\n<link rel=\"canonical\" href=\"https:\/\/priceattorneys.com\/es\/compensacion-de-trabajadores\/trabajadores-automotrices\/\" \/>\n<meta property=\"og:locale\" content=\"es_ES\" \/>\n<meta property=\"og:type\" content=\"article\" \/>\n<meta property=\"og:title\" content=\"Trabajadores Automotrices | Price Petho &amp; Associates, Personal Injury Attorneys\" \/>\n<meta property=\"og:description\" content=\"Abogado de lesiones de trabajadores automotrices de Charlotte Abogados experimentados en compensaci\u00f3n laboral que atienden a trabajadores automotrices en Carolina del Norte Carolina del Norte alberga una variedad de industrias y fabricantes de autom\u00f3viles. Entre otros, estos incluyen Daimler, Takata, Freightliner, Caterpillar, MGM Brakes y CooperStandard. Tambi\u00e9n contamos con el Centro de Investigaci\u00f3n Automotriz de&hellip;\" \/>\n<meta property=\"og:url\" content=\"https:\/\/priceattorneys.com\/es\/compensacion-de-trabajadores\/trabajadores-automotrices\/\" \/>\n<meta property=\"og:site_name\" content=\"Price Petho &amp; Associates, Personal Injury Attorneys\" \/>\n<meta property=\"article:modified_time\" content=\"2023-10-09T14:25:52+00:00\" \/>\n<meta property=\"og:image\" content=\"https:\/\/priceattorneys.com\/wp-content\/uploads\/2022\/03\/Auto-workers.jpg\" \/>\n<meta name=\"twitter:card\" content=\"summary_large_image\" \/>\n<meta name=\"twitter:label1\" content=\"Tiempo de lectura\" \/>\n\t<meta name=\"twitter:data1\" content=\"7 minutos\" \/>\n<script type=\"application\/ld+json\" class=\"yoast-schema-graph\">{\"@context\":\"https:\\\/\\\/schema.org\",\"@graph\":[{\"@type\":\"WebPage\",\"@id\":\"https:\\\/\\\/priceattorneys.com\\\/es\\\/compensacion-de-trabajadores\\\/trabajadores-automotrices\\\/\",\"url\":\"https:\\\/\\\/priceattorneys.com\\\/es\\\/compensacion-de-trabajadores\\\/trabajadores-automotrices\\\/\",\"name\":\"Trabajadores Automotrices | Price Petho &amp; Associates, Personal Injury Attorneys\",\"isPartOf\":{\"@id\":\"https:\\\/\\\/priceattorneys.com\\\/es\\\/#website\"},\"primaryImageOfPage\":{\"@id\":\"https:\\\/\\\/priceattorneys.com\\\/es\\\/compensacion-de-trabajadores\\\/trabajadores-automotrices\\\/#primaryimage\"},\"image\":{\"@id\":\"https:\\\/\\\/priceattorneys.com\\\/es\\\/compensacion-de-trabajadores\\\/trabajadores-automotrices\\\/#primaryimage\"},\"thumbnailUrl\":\"https:\\\/\\\/priceattorneys.com\\\/wp-content\\\/uploads\\\/2022\\\/03\\\/Auto-workers.jpg\",\"datePublished\":\"2020-06-15T05:37:26+00:00\",\"dateModified\":\"2023-10-09T14:25:52+00:00\",\"breadcrumb\":{\"@id\":\"https:\\\/\\\/priceattorneys.com\\\/es\\\/compensacion-de-trabajadores\\\/trabajadores-automotrices\\\/#breadcrumb\"},\"inLanguage\":\"es\",\"potentialAction\":[{\"@type\":\"ReadAction\",\"target\":[\"https:\\\/\\\/priceattorneys.com\\\/es\\\/compensacion-de-trabajadores\\\/trabajadores-automotrices\\\/\"]}]},{\"@type\":\"ImageObject\",\"inLanguage\":\"es\",\"@id\":\"https:\\\/\\\/priceattorneys.com\\\/es\\\/compensacion-de-trabajadores\\\/trabajadores-automotrices\\\/#primaryimage\",\"url\":\"https:\\\/\\\/priceattorneys.com\\\/wp-content\\\/uploads\\\/2022\\\/03\\\/Auto-workers.jpg\",\"contentUrl\":\"https:\\\/\\\/priceattorneys.com\\\/wp-content\\\/uploads\\\/2022\\\/03\\\/Auto-workers.jpg\"},{\"@type\":\"BreadcrumbList\",\"@id\":\"https:\\\/\\\/priceattorneys.com\\\/es\\\/compensacion-de-trabajadores\\\/trabajadores-automotrices\\\/#breadcrumb\",\"itemListElement\":[{\"@type\":\"ListItem\",\"position\":1,\"name\":\"Home\",\"item\":\"https:\\\/\\\/priceattorneys.com\\\/es\\\/\"},{\"@type\":\"ListItem\",\"position\":2,\"name\":\"Compensaci\u00f3n de Trabajadores\",\"item\":\"https:\\\/\\\/priceattorneys.com\\\/es\\\/compensacion-de-trabajadores\\\/\"},{\"@type\":\"ListItem\",\"position\":3,\"name\":\"Trabajadores Automotrices\"}]},{\"@type\":\"WebSite\",\"@id\":\"https:\\\/\\\/priceattorneys.com\\\/es\\\/#website\",\"url\":\"https:\\\/\\\/priceattorneys.com\\\/es\\\/\",\"name\":\"Price Petho &amp; Associates, Personal Injury Attorneys\",\"description\":\"Charlotte Personal Injury Lawyers\",\"potentialAction\":[{\"@type\":\"SearchAction\",\"target\":{\"@type\":\"EntryPoint\",\"urlTemplate\":\"https:\\\/\\\/priceattorneys.com\\\/es\\\/?s={search_term_string}\"},\"query-input\":{\"@type\":\"PropertyValueSpecification\",\"valueRequired\":true,\"valueName\":\"search_term_string\"}}],\"inLanguage\":\"es\"}]}<\/script>\n<!-- \/ Yoast SEO plugin. -->","yoast_head_json":{"title":"Trabajadores Automotrices | Price Petho &amp; Associates, Personal Injury Attorneys","robots":{"index":"index","follow":"follow","max-snippet":"max-snippet:-1","max-image-preview":"max-image-preview:large","max-video-preview":"max-video-preview:-1"},"canonical":"https:\/\/priceattorneys.com\/es\/compensacion-de-trabajadores\/trabajadores-automotrices\/","og_locale":"es_ES","og_type":"article","og_title":"Trabajadores Automotrices | Price Petho &amp; Associates, Personal Injury Attorneys","og_description":"Abogado de lesiones de trabajadores automotrices de Charlotte Abogados experimentados en compensaci\u00f3n laboral que atienden a trabajadores automotrices en Carolina del Norte Carolina del Norte alberga una variedad de industrias y fabricantes de autom\u00f3viles. Entre otros, estos incluyen Daimler, Takata, Freightliner, Caterpillar, MGM Brakes y CooperStandard. Tambi\u00e9n contamos con el Centro de Investigaci\u00f3n Automotriz de&hellip;","og_url":"https:\/\/priceattorneys.com\/es\/compensacion-de-trabajadores\/trabajadores-automotrices\/","og_site_name":"Price Petho &amp; Associates, Personal Injury Attorneys","article_modified_time":"2023-10-09T14:25:52+00:00","og_image":[{"url":"https:\/\/priceattorneys.com\/wp-content\/uploads\/2022\/03\/Auto-workers.jpg","type":"","width":"","height":""}],"twitter_card":"summary_large_image","twitter_misc":{"Tiempo de lectura":"7 minutos"},"schema":{"@context":"https:\/\/schema.org","@graph":[{"@type":"WebPage","@id":"https:\/\/priceattorneys.com\/es\/compensacion-de-trabajadores\/trabajadores-automotrices\/","url":"https:\/\/priceattorneys.com\/es\/compensacion-de-trabajadores\/trabajadores-automotrices\/","name":"Trabajadores Automotrices | Price Petho &amp; Associates, Personal Injury Attorneys","isPartOf":{"@id":"https:\/\/priceattorneys.com\/es\/#website"},"primaryImageOfPage":{"@id":"https:\/\/priceattorneys.com\/es\/compensacion-de-trabajadores\/trabajadores-automotrices\/#primaryimage"},"image":{"@id":"https:\/\/priceattorneys.com\/es\/compensacion-de-trabajadores\/trabajadores-automotrices\/#primaryimage"},"thumbnailUrl":"https:\/\/priceattorneys.com\/wp-content\/uploads\/2022\/03\/Auto-workers.jpg","datePublished":"2020-06-15T05:37:26+00:00","dateModified":"2023-10-09T14:25:52+00:00","breadcrumb":{"@id":"https:\/\/priceattorneys.com\/es\/compensacion-de-trabajadores\/trabajadores-automotrices\/#breadcrumb"},"inLanguage":"es","potentialAction":[{"@type":"ReadAction","target":["https:\/\/priceattorneys.com\/es\/compensacion-de-trabajadores\/trabajadores-automotrices\/"]}]},{"@type":"ImageObject","inLanguage":"es","@id":"https:\/\/priceattorneys.com\/es\/compensacion-de-trabajadores\/trabajadores-automotrices\/#primaryimage","url":"https:\/\/priceattorneys.com\/wp-content\/uploads\/2022\/03\/Auto-workers.jpg","contentUrl":"https:\/\/priceattorneys.com\/wp-content\/uploads\/2022\/03\/Auto-workers.jpg"},{"@type":"BreadcrumbList","@id":"https:\/\/priceattorneys.com\/es\/compensacion-de-trabajadores\/trabajadores-automotrices\/#breadcrumb","itemListElement":[{"@type":"ListItem","position":1,"name":"Home","item":"https:\/\/priceattorneys.com\/es\/"},{"@type":"ListItem","position":2,"name":"Compensaci\u00f3n de Trabajadores","item":"https:\/\/priceattorneys.com\/es\/compensacion-de-trabajadores\/"},{"@type":"ListItem","position":3,"name":"Trabajadores Automotrices"}]},{"@type":"WebSite","@id":"https:\/\/priceattorneys.com\/es\/#website","url":"https:\/\/priceattorneys.com\/es\/","name":"Price Petho &amp; Associates, Personal Injury Attorneys","description":"Charlotte Personal Injury Lawyers","potentialAction":[{"@type":"SearchAction","target":{"@type":"EntryPoint","urlTemplate":"https:\/\/priceattorneys.com\/es\/?s={search_term_string}"},"query-input":{"@type":"PropertyValueSpecification","valueRequired":true,"valueName":"search_term_string"}}],"inLanguage":"es"}]}},"_links":{"self":[{"href":"https:\/\/priceattorneys.com\/es\/wp-json\/wp\/v2\/pages\/5210","targetHints":{"allow":["GET"]}}],"collection":[{"href":"https:\/\/priceattorneys.com\/es\/wp-json\/wp\/v2\/pages"}],"about":[{"href":"https:\/\/priceattorneys.com\/es\/wp-json\/wp\/v2\/types\/page"}],"author":[{"embeddable":true,"href":"https:\/\/priceattorneys.com\/es\/wp-json\/wp\/v2\/users\/1"}],"replies":[{"embeddable":true,"href":"https:\/\/priceattorneys.com\/es\/wp-json\/wp\/v2\/comments?post=5210"}],"version-history":[{"count":2,"href":"https:\/\/priceattorneys.com\/es\/wp-json\/wp\/v2\/pages\/5210\/revisions"}],"predecessor-version":[{"id":6396,"href":"https:\/\/priceattorneys.com\/es\/wp-json\/wp\/v2\/pages\/5210\/revisions\/6396"}],"up":[{"embeddable":true,"href":"https:\/\/priceattorneys.com\/es\/wp-json\/wp\/v2\/pages\/5187"}],"wp:attachment":[{"href":"https:\/\/priceattorneys.com\/es\/wp-json\/wp\/v2\/media?parent=5210"}],"curies":[{"name":"wp","href":"https:\/\/api.w.org\/{rel}","templated":true}]}}