{"id":5214,"date":"2020-06-15T05:41:46","date_gmt":"2020-06-15T05:41:46","guid":{"rendered":"https:\/\/priceattorneys.com\/?page_id=5214"},"modified":"2022-12-08T20:21:04","modified_gmt":"2022-12-08T20:21:04","slug":"lesiones-de-bomberos-y-oficiales-de-policia","status":"publish","type":"page","link":"https:\/\/priceattorneys.com\/es\/compensacion-de-trabajadores\/lesiones-de-bomberos-y-oficiales-de-policia\/","title":{"rendered":"Lesiones de Bomberos y Oficiales de Polic\u00eda"},"content":{"rendered":"\n\n\t\t\t\t<img decoding=\"async\" src=\"https:\/\/priceattorneys.com\/wp-content\/uploads\/2022\/03\/Fire-Fighters.jpg\" alt=\"Fire Fighters\" itemprop=\"image\" height=\"621\" width=\"1245\" title=\"Fire Fighters\" onerror=\"this.style.display='none'\"  \/>\n\t<h1>Abogado de Compensaci\u00f3n Laboral para Oficiales de Polic\u00eda y Bomberos de Charlotte<\/h1>\n<h2>Protegiendo a los socorristas heridos en todo Carolina del Norte<\/h2>\n<p>Los oficiales de polic\u00eda y los bomberos arriesgan sus vidas todos los d\u00edas para proteger al p\u00fablico. En muchos casos, estos valientes individuos sufren lesiones que son el resultado de sus trabajos peligrosos. Las fuerzas del orden est\u00e1n constantemente en presencia de situaciones que amenazan la vida, por lo que las lesiones graves y fatales son una parte habitual de su l\u00ednea de trabajo. Los bomberos sirven a nuestra naci\u00f3n con valent\u00eda todos los d\u00edas y nos sentimos honrados de representar a los bomberos que han resultado heridos en el trabajo.<\/p>\n<p>Desde 1979, Price, Petho &amp; Asociados ha ayudado a cientos de clientes a obtener acuerdos y resultados favorables cuando se lesionan en el cumplimiento de su deber. Cualquiera que sea su situaci\u00f3n, nuestros abogados de compensaci\u00f3n laboral de Charlotte brindar\u00e1n asistencia legal informativa, atenta y personal en cada paso del camino. Nuestros abogados de compensaci\u00f3n laboral de Charlotte se asegurar\u00e1n de que obtenga la cobertura adecuada cuando se lesione como bombero o polic\u00eda.<\/p>\n\t<h2>\u00bfQu\u00e9 le gustar\u00eda saber?<\/h2>\n\t<ul>\n<li><a href=\"#FAQ1\">\u00bfQu\u00e9 tipos de lesiones experimenta la polic\u00eda en el trabajo?<\/a><\/li>\n<li><a href=\"#FAQ2\">\u00bfQu\u00e9 tipos de lesiones experimentan los bomberos en el trabajo?<\/a><\/li>\n<li><a href=\"#FAQ3\">\u00bfTengo derecho a compensaci\u00f3n laboral como socorrista de Charlotte?<\/a><\/li>\n<\/ul>\n\t<ul>\n<li><a href=\"#FAQ4\">\u00bfLa compensaci\u00f3n para trabajadores cubre el PTSD para los socorristas de Carolina del Norte?<\/a><\/li>\n<li><a href=\"#FAQ5\">\u00bfC\u00f3mo pueden ayudar sus abogados de compensaci\u00f3n de trabajadores de Charlotte?<\/a><\/li>\n<li><a href=\"#FAQ6\">\u00bfHay un abogado de lesiones de oficiales de polic\u00eda y bomberos cerca de m\u00ed?<\/a><\/li>\n<\/ul>\n\t\t\t\t<img decoding=\"async\" src=\"https:\/\/priceattorneys.com\/wp-content\/uploads\/2022\/03\/Police-Officer.jpg\" alt=\"Police-Officer\" itemprop=\"image\" height=\"990\" width=\"900\" title=\"Police-Officer\" onerror=\"this.style.display='none'\"  \/>\n\t<h2>\u00bfQu\u00e9 tipos de lesiones experimentan los oficiales de polic\u00eda en el trabajo?<\/h2>\n<p>Los socorristas como la polic\u00eda enfrentan una variedad de riesgos inherentes al trabajo. Seg\u00fan los \u00faltimos datos de la <a href=\"https:\/\/www.bls.gov\/iif\/home.htm\" target=\"_blank\" rel=\"noopener\">Oficina de estad\u00edsticas laborales<\/a> (BLS) Estados Unidos tiene alrededor de 687,100 polic\u00edas y alguaciles trabajando hoy. Entre ellos:<\/p>\n<ul>\n<li>108 resultaron fatalmente heridos en el trabajo<\/li>\n<li>Las lesiones mortales ocurrieron a una tasa de 13,7 por cada 100.000 trabajadores, en comparaci\u00f3n con todas las dem\u00e1s ocupaciones, que es de 3,5<\/li>\n<li>La tasa de lesiones y enfermedades no mortales fue de 371 por cada 10.000 trabajadores, en comparaci\u00f3n con 98,4 para todas las dem\u00e1s ocupaciones.<\/li>\n<\/ul>\n<p>El BLS tambi\u00e9n informa los eventos y la exposici\u00f3n m\u00e1s comunes que causan lesiones a los agentes de polic\u00eda. \u00c9stos incluyen:<\/p>\n<ul>\n<li>Violencia y homicidio<\/li>\n<li>Incidentes de transporte y <a href=\"https:\/\/priceattorneys.com\/es\/lesiones-personales\/accidentes-automovilisticos\/\">Accidentes automovil\u00edsticos<\/a><\/li>\n<li>Resbalones, tropiezos y ca\u00eddas<\/li>\n<li>Heridas de bala<\/li>\n<li>M\u00faltiples lesiones traum\u00e1ticas<\/li>\n<li>Esguinces, distensiones y desgarros musculares<\/li>\n<li>Varios canceres<\/li>\n<\/ul>\n<p>Los funcionarios encargados de hacer cumplir la ley tambi\u00e9n pueden sufrir <a href=\"https:\/\/priceattorneys.com\/es\/lesiones-personales\/lesiones-catastroficas\/lesiones-de-la-medula-espinal\/\">lesiones de la m\u00e9dula espinal<\/a>, <a href=\"https:\/\/priceattorneys.com\/es\/lesiones-personales\/lesiones-catastroficas\/lesiones-cerebrales\/\">lesiones cerebrales traum\u00e1ticas<\/a>, y el trastorno de estr\u00e9s postraum\u00e1tico. Adem\u00e1s, ciertos oficiales de polic\u00eda que pierden la capacidad de trabajar debido a una lesi\u00f3n o enfermedad ocupacional sufrida mientras desempe\u00f1an sus funciones laborales son elegibles para la continuaci\u00f3n del salario por hasta dos a\u00f1os, seg\u00fan la <a href=\"https:\/\/ncdoj.gov\/law-enforcement-training\/criminal-justice\/\">Ley de Normas y Capacitaci\u00f3n en Justicia Penal<\/a>. Si bien las lesiones sufridas durante el servicio activo est\u00e1n cubiertas, tambi\u00e9n lo est\u00e1n las lesiones sufridas durante el entrenamiento, el desempe\u00f1o de tareas de oficina, el mantenimiento del equipo o la ca\u00edda de una enfermedad debido a las condiciones de trabajo o la exposici\u00f3n a una enfermedad.<\/p>\n\t<h2>\u00bfQu\u00e9 tipos de lesiones experimentan los bomberos en el trabajo?<\/h2>\n<p>Los bomberos se ponen en peligro todos los d\u00edas. La naturaleza de su trabajo es peligrosa. Mover cargas pesadas de equipos, operar m\u00e1quinas complejas, estar muy cerca de llamas y humo, y quitar los escombros del fuego pueden causar lesiones graves. La Administraci\u00f3n de Incendios de EE. UU. <a href=\"https:\/\/www.usfa.fema.gov\/downloads\/pdf\/publications\/firefighter-fatalities-2019.pdf\">Informe Anual de Muertes de Bomberos 2019<\/a> ofrece una idea (tenga en cuenta que estos n\u00fameros incluyen tanto a los bomberos voluntarios como a los de carrera):<\/p>\n<ul>\n<li>62 bomberos perdieron la vida en el trabajo<\/li>\n<li>37 muertos respondiendo a una emergencia<\/li>\n<li>33 murieron de ataques al coraz\u00f3n<\/li>\n<li>5 fallecieron durante ejercicios y actividades de entrenamiento<\/li>\n<\/ul>\n<p>Las lesiones m\u00e1s comunes de los bomberos incluyen:<\/p>\n\t<ul>\n<li>Estr\u00e9s y sobreesfuerzo<\/li>\n<li>Carrera<\/li>\n<li>Accidentes de veh\u00edculos de motor<\/li>\n<li>Lesiones atrapadas o atrapadas<\/li>\n<\/ul>\n\t<ul>\n<li>Colapso del edificio<\/li>\n<li>Ca\u00eddas desde alturas<\/li>\n<li>Golpeado por objetos<\/li>\n<li>Varios canceres<\/li>\n<\/ul>\n\t<p>Los bomberos tambi\u00e9n se enfrentan a una serie de otros peligros que podr\u00edan resultar en lesiones como quemaduras severas, inhalaci\u00f3n de humo, exposici\u00f3n a sustancias qu\u00edmicas t\u00f3xicas, lesiones de la m\u00e9dula espinal y huesos rotos o fracturados. Tambi\u00e9n entran en contacto con llamas, vidrios rotos, fragmentos de madera y metal y otros desechos mientras combaten incendios. Las quemaduras de tercer y cuarto grado pueden causar desfiguraci\u00f3n, da\u00f1o permanente a los nervios, problemas de movilidad, angustia emocional, cicatrices y otros s\u00edntomas a largo plazo. El c\u00e1ncer y las enfermedades pulmonares por la inhalaci\u00f3n de gases t\u00f3xicos tambi\u00e9n podr\u00edan provocar s\u00edntomas permanentes.<\/p>\n<p>Los beneficios de compensaci\u00f3n para trabajadores pueden proporcionar alivio financiero para polic\u00edas y bomberos lesionados en el trabajo.<\/p>\n\t<h2>\u00bfTengo derecho a compensaci\u00f3n laboral como socorrista de Charlotte?<\/h2>\n<p>S\u00ed. Carolina del Norte requiere que los empleadores lleven <a href=\"https:\/\/priceattorneys.com\/es\/compensacion-de-trabajadores\/\">compensaci\u00f3n de trabajadores<\/a> seguros para sus empleados. La compensaci\u00f3n para trabajadores es un programa dise\u00f1ado para ayudar a cubrir los gastos incurridos por los trabajadores cuando sufren lesiones o enfermedades en el trabajo. Puede cobrar estos beneficios independientemente de qui\u00e9n haya causado su accidente o enfermedad y, a cambio, acepta no demandar a su empleador por sus lesiones. Los beneficios de compensaci\u00f3n para trabajadores incluyen:<\/p>\n<ul>\n<li><strong>Gastos m\u00e9dicos<\/strong>para su lesi\u00f3n o enfermedad, que incluye visitas al m\u00e9dico y al hospital, tratamientos de seguimiento y medicamentos recetados.<\/li>\n<li><strong>Beneficios por discapacidad<\/strong>, por salarios perdidos debido a su lesi\u00f3n. Estos se basan en su salario semanal promedio y pueden ser temporales o permanentes, parciales o totales, seg\u00fan el alcance de sus lesiones.<\/li>\n<\/ul>\n<p>Las familias de los polic\u00edas y bomberos que pierden la vida en el trabajo tambi\u00e9n tienen derecho a los beneficios por fallecimiento. Los abogados de Charlotte en Price, Petho &amp; Asociados pueden explicar todos los beneficios de compensaci\u00f3n para trabajadores con m\u00e1s detalle y c\u00f3mo podr\u00edan aplicarse a su reclamo espec\u00edfico.<\/p>\n\t\t\t\t<img decoding=\"async\" src=\"https:\/\/priceattorneys.com\/wp-content\/uploads\/2022\/03\/Price-Attorneys-Offices.jpg\" alt=\"Price-Attorneys-Offices\" itemprop=\"image\" height=\"499\" width=\"770\" title=\"Price-Attorneys-Offices\" onerror=\"this.style.display='none'\"  \/>\n\t<h2>\u00bfLa compensaci\u00f3n para trabajadores cubre el PTSD para los socorristas de Carolina del Norte?<\/h2>\n<p>Aunque la compensaci\u00f3n para trabajadores permite que cualquier trabajador busque beneficios por enfermedades mentales y lesiones resultantes de su empleo, los legisladores estatales hicieron un esfuerzo en 2021 para aprobar <a href=\"https:\/\/www.ncleg.gov\/BillLookUp\/2021\/h492\">HB 492<\/a>, lo que convertir\u00eda el trastorno de estr\u00e9s postraum\u00e1tico (TEPT) en una enfermedad ocupacional compensable para los socorristas. El proyecto de ley eliminar\u00eda la carga de la prueba para que los socorristas muestren evidencia de la causalidad entre su trabajo y su PTSD. Tambi\u00e9n requerir\u00eda que los empleadores brinden una mejor educaci\u00f3n y recursos de concientizaci\u00f3n sobre la salud mental a sus empleados. Al momento de escribir este art\u00edculo, la HB 492 ha sido aprobada en la C\u00e1mara de Representantes, pero se estanc\u00f3 all\u00ed.<\/p>\n\t<h2>\u00bfC\u00f3mo pueden ayudar sus abogados de compensaci\u00f3n de trabajadores de Charlotte?<\/h2>\n<p>\u00bfPor qu\u00e9 elegir a Price, Petho &amp; Asociados para que lo ayuden con su reclamo de compensaci\u00f3n para trabajadores?<\/p>\n<ul>\n<li>Hemos juzgado cientos de casos frente a jurados.<\/li>\n<li>Ofrecemos consultas gratuitas las 24 horas para su conveniencia<\/li>\n<li>No hay tarifa a menos que ganemos su caso<\/li>\n<li>Hemos asegurado m\u00e1s de $250 millones para nuestros clientes<\/li>\n<\/ul>\n<p>Nuestro equipo jur\u00eddico tiene m\u00e1s de un siglo de experiencia colectiva. Si se ha denegado su reclamo de compensaci\u00f3n para trabajadores, trabajamos diligentemente para recopilar evidencia y construir su caso. Seg\u00fan la situaci\u00f3n, es posible que pueda recibir beneficios para todas las facturas m\u00e9dicas, salarios perdidos, discapacidad y otros gastos relacionados con lesiones.<\/p>\n\t<h2>\u00bfHay un abogado de lesiones de oficiales de polic\u00eda y bomberos cerca de m\u00ed?<\/h2>\n<p>Price, Petho &amp; Asociados tiene oficinas en 1430 Elizabeth Ave en Charlotte, NC. Tambi\u00e9n tenemos oficinas en Rockingham y Rutherfordton para su comodidad. Si no puede acudir a nosotros, h\u00e1ganoslo saber y podemos hacer arreglos para visitarlo en su casa o en el hospital.<\/p>\n<h3>Abogados de compensaci\u00f3n laboral de Charlotte que protegen y atienden a los socorristas<\/h3>\n<p>En Price, Petho &amp; Asociados, tenemos el honor de representar a los bomberos heridos, las fuerzas del orden p\u00fablico y los socorristas en todo el estado. Trabajamos r\u00e1pidamente para construir su caso, recopilar evidencia y ayudarlo a presentar los documentos necesarios mientras busca la compensaci\u00f3n para trabajadores a la que tiene derecho. De principio a fin, nuestros abogados de compensaci\u00f3n laboral de Charlotte lo mantendr\u00e1n informado, se comunicar\u00e1n honestamente con usted y defender\u00e1n tenazmente su derecho a un acuerdo. Para programar su consulta, llame al <a href=\"tel:7043722160\">704-372-2160<\/a> o llena nuestro Formulario de contacto para programar una consulta con un miembro de nuestro equipo. Atendemos a clientes en Charlotte, Rockingham, Rutherfordton, Carolina del Norte y Carolina del Sur.<\/p>\n\n","protected":false},"excerpt":{"rendered":"<p>Abogado de Compensaci\u00f3n Laboral para Oficiales de Polic\u00eda y Bomberos de Charlotte Protegiendo a los socorristas heridos en todo Carolina del Norte Los oficiales de polic\u00eda y los bomberos arriesgan sus vidas todos los d\u00edas para proteger al p\u00fablico. En muchos casos, estos valientes individuos sufren lesiones que son el resultado de sus trabajos peligrosos.&hellip;<\/p>\n","protected":false},"author":1,"featured_media":0,"parent":5187,"menu_order":0,"comment_status":"closed","ping_status":"closed","template":"","meta":{"footnotes":""},"class_list":["post-5214","page","type-page","status-publish","hentry"],"yoast_head":"<!-- This site is optimized with the Yoast SEO plugin v27.3 - https:\/\/yoast.com\/product\/yoast-seo-wordpress\/ -->\n<title>Lesiones de Bomberos y Oficiales de Polic\u00eda | Price Petho &amp; Associates, Personal Injury Attorneys<\/title>\n<meta name=\"robots\" content=\"index, follow, max-snippet:-1, max-image-preview:large, max-video-preview:-1\" \/>\n<link rel=\"canonical\" href=\"https:\/\/priceattorneys.com\/es\/compensacion-de-trabajadores\/lesiones-de-bomberos-y-oficiales-de-policia\/\" \/>\n<meta property=\"og:locale\" content=\"es_ES\" \/>\n<meta property=\"og:type\" content=\"article\" \/>\n<meta property=\"og:title\" content=\"Lesiones de Bomberos y Oficiales de Polic\u00eda | Price Petho &amp; Associates, Personal Injury Attorneys\" \/>\n<meta property=\"og:description\" content=\"Abogado de Compensaci\u00f3n Laboral para Oficiales de Polic\u00eda y Bomberos de Charlotte Protegiendo a los socorristas heridos en todo Carolina del Norte Los oficiales de polic\u00eda y los bomberos arriesgan sus vidas todos los d\u00edas para proteger al p\u00fablico. En muchos casos, estos valientes individuos sufren lesiones que son el resultado de sus trabajos peligrosos.&hellip;\" \/>\n<meta property=\"og:url\" content=\"https:\/\/priceattorneys.com\/es\/compensacion-de-trabajadores\/lesiones-de-bomberos-y-oficiales-de-policia\/\" \/>\n<meta property=\"og:site_name\" content=\"Price Petho &amp; Associates, Personal Injury Attorneys\" \/>\n<meta property=\"article:modified_time\" content=\"2022-12-08T20:21:04+00:00\" \/>\n<meta property=\"og:image\" content=\"https:\/\/priceattorneys.com\/wp-content\/uploads\/2022\/03\/Fire-Fighters.jpg\" \/>\n<meta name=\"twitter:card\" content=\"summary_large_image\" \/>\n<meta name=\"twitter:label1\" content=\"Tiempo de lectura\" \/>\n\t<meta name=\"twitter:data1\" content=\"8 minutos\" \/>\n<script type=\"application\/ld+json\" class=\"yoast-schema-graph\">{\"@context\":\"https:\\\/\\\/schema.org\",\"@graph\":[{\"@type\":\"WebPage\",\"@id\":\"https:\\\/\\\/priceattorneys.com\\\/es\\\/compensacion-de-trabajadores\\\/lesiones-de-bomberos-y-oficiales-de-policia\\\/\",\"url\":\"https:\\\/\\\/priceattorneys.com\\\/es\\\/compensacion-de-trabajadores\\\/lesiones-de-bomberos-y-oficiales-de-policia\\\/\",\"name\":\"Lesiones de Bomberos y Oficiales de Polic\u00eda | Price Petho &amp; Associates, Personal Injury Attorneys\",\"isPartOf\":{\"@id\":\"https:\\\/\\\/priceattorneys.com\\\/es\\\/#website\"},\"primaryImageOfPage\":{\"@id\":\"https:\\\/\\\/priceattorneys.com\\\/es\\\/compensacion-de-trabajadores\\\/lesiones-de-bomberos-y-oficiales-de-policia\\\/#primaryimage\"},\"image\":{\"@id\":\"https:\\\/\\\/priceattorneys.com\\\/es\\\/compensacion-de-trabajadores\\\/lesiones-de-bomberos-y-oficiales-de-policia\\\/#primaryimage\"},\"thumbnailUrl\":\"https:\\\/\\\/priceattorneys.com\\\/wp-content\\\/uploads\\\/2022\\\/03\\\/Fire-Fighters.jpg\",\"datePublished\":\"2020-06-15T05:41:46+00:00\",\"dateModified\":\"2022-12-08T20:21:04+00:00\",\"breadcrumb\":{\"@id\":\"https:\\\/\\\/priceattorneys.com\\\/es\\\/compensacion-de-trabajadores\\\/lesiones-de-bomberos-y-oficiales-de-policia\\\/#breadcrumb\"},\"inLanguage\":\"es\",\"potentialAction\":[{\"@type\":\"ReadAction\",\"target\":[\"https:\\\/\\\/priceattorneys.com\\\/es\\\/compensacion-de-trabajadores\\\/lesiones-de-bomberos-y-oficiales-de-policia\\\/\"]}]},{\"@type\":\"ImageObject\",\"inLanguage\":\"es\",\"@id\":\"https:\\\/\\\/priceattorneys.com\\\/es\\\/compensacion-de-trabajadores\\\/lesiones-de-bomberos-y-oficiales-de-policia\\\/#primaryimage\",\"url\":\"https:\\\/\\\/priceattorneys.com\\\/wp-content\\\/uploads\\\/2022\\\/03\\\/Fire-Fighters.jpg\",\"contentUrl\":\"https:\\\/\\\/priceattorneys.com\\\/wp-content\\\/uploads\\\/2022\\\/03\\\/Fire-Fighters.jpg\"},{\"@type\":\"BreadcrumbList\",\"@id\":\"https:\\\/\\\/priceattorneys.com\\\/es\\\/compensacion-de-trabajadores\\\/lesiones-de-bomberos-y-oficiales-de-policia\\\/#breadcrumb\",\"itemListElement\":[{\"@type\":\"ListItem\",\"position\":1,\"name\":\"Home\",\"item\":\"https:\\\/\\\/priceattorneys.com\\\/es\\\/\"},{\"@type\":\"ListItem\",\"position\":2,\"name\":\"Compensaci\u00f3n de Trabajadores\",\"item\":\"https:\\\/\\\/priceattorneys.com\\\/es\\\/compensacion-de-trabajadores\\\/\"},{\"@type\":\"ListItem\",\"position\":3,\"name\":\"Lesiones de Bomberos y Oficiales de Polic\u00eda\"}]},{\"@type\":\"WebSite\",\"@id\":\"https:\\\/\\\/priceattorneys.com\\\/es\\\/#website\",\"url\":\"https:\\\/\\\/priceattorneys.com\\\/es\\\/\",\"name\":\"Price Petho &amp; Associates, Personal Injury Attorneys\",\"description\":\"Charlotte Personal Injury Lawyers\",\"potentialAction\":[{\"@type\":\"SearchAction\",\"target\":{\"@type\":\"EntryPoint\",\"urlTemplate\":\"https:\\\/\\\/priceattorneys.com\\\/es\\\/?s={search_term_string}\"},\"query-input\":{\"@type\":\"PropertyValueSpecification\",\"valueRequired\":true,\"valueName\":\"search_term_string\"}}],\"inLanguage\":\"es\"}]}<\/script>\n<!-- \/ Yoast SEO plugin. -->","yoast_head_json":{"title":"Lesiones de Bomberos y Oficiales de Polic\u00eda | Price Petho &amp; Associates, Personal Injury Attorneys","robots":{"index":"index","follow":"follow","max-snippet":"max-snippet:-1","max-image-preview":"max-image-preview:large","max-video-preview":"max-video-preview:-1"},"canonical":"https:\/\/priceattorneys.com\/es\/compensacion-de-trabajadores\/lesiones-de-bomberos-y-oficiales-de-policia\/","og_locale":"es_ES","og_type":"article","og_title":"Lesiones de Bomberos y Oficiales de Polic\u00eda | Price Petho &amp; Associates, Personal Injury Attorneys","og_description":"Abogado de Compensaci\u00f3n Laboral para Oficiales de Polic\u00eda y Bomberos de Charlotte Protegiendo a los socorristas heridos en todo Carolina del Norte Los oficiales de polic\u00eda y los bomberos arriesgan sus vidas todos los d\u00edas para proteger al p\u00fablico. En muchos casos, estos valientes individuos sufren lesiones que son el resultado de sus trabajos peligrosos.&hellip;","og_url":"https:\/\/priceattorneys.com\/es\/compensacion-de-trabajadores\/lesiones-de-bomberos-y-oficiales-de-policia\/","og_site_name":"Price Petho &amp; Associates, Personal Injury Attorneys","article_modified_time":"2022-12-08T20:21:04+00:00","og_image":[{"url":"https:\/\/priceattorneys.com\/wp-content\/uploads\/2022\/03\/Fire-Fighters.jpg","type":"","width":"","height":""}],"twitter_card":"summary_large_image","twitter_misc":{"Tiempo de lectura":"8 minutos"},"schema":{"@context":"https:\/\/schema.org","@graph":[{"@type":"WebPage","@id":"https:\/\/priceattorneys.com\/es\/compensacion-de-trabajadores\/lesiones-de-bomberos-y-oficiales-de-policia\/","url":"https:\/\/priceattorneys.com\/es\/compensacion-de-trabajadores\/lesiones-de-bomberos-y-oficiales-de-policia\/","name":"Lesiones de Bomberos y Oficiales de Polic\u00eda | Price Petho &amp; Associates, Personal Injury Attorneys","isPartOf":{"@id":"https:\/\/priceattorneys.com\/es\/#website"},"primaryImageOfPage":{"@id":"https:\/\/priceattorneys.com\/es\/compensacion-de-trabajadores\/lesiones-de-bomberos-y-oficiales-de-policia\/#primaryimage"},"image":{"@id":"https:\/\/priceattorneys.com\/es\/compensacion-de-trabajadores\/lesiones-de-bomberos-y-oficiales-de-policia\/#primaryimage"},"thumbnailUrl":"https:\/\/priceattorneys.com\/wp-content\/uploads\/2022\/03\/Fire-Fighters.jpg","datePublished":"2020-06-15T05:41:46+00:00","dateModified":"2022-12-08T20:21:04+00:00","breadcrumb":{"@id":"https:\/\/priceattorneys.com\/es\/compensacion-de-trabajadores\/lesiones-de-bomberos-y-oficiales-de-policia\/#breadcrumb"},"inLanguage":"es","potentialAction":[{"@type":"ReadAction","target":["https:\/\/priceattorneys.com\/es\/compensacion-de-trabajadores\/lesiones-de-bomberos-y-oficiales-de-policia\/"]}]},{"@type":"ImageObject","inLanguage":"es","@id":"https:\/\/priceattorneys.com\/es\/compensacion-de-trabajadores\/lesiones-de-bomberos-y-oficiales-de-policia\/#primaryimage","url":"https:\/\/priceattorneys.com\/wp-content\/uploads\/2022\/03\/Fire-Fighters.jpg","contentUrl":"https:\/\/priceattorneys.com\/wp-content\/uploads\/2022\/03\/Fire-Fighters.jpg"},{"@type":"BreadcrumbList","@id":"https:\/\/priceattorneys.com\/es\/compensacion-de-trabajadores\/lesiones-de-bomberos-y-oficiales-de-policia\/#breadcrumb","itemListElement":[{"@type":"ListItem","position":1,"name":"Home","item":"https:\/\/priceattorneys.com\/es\/"},{"@type":"ListItem","position":2,"name":"Compensaci\u00f3n de Trabajadores","item":"https:\/\/priceattorneys.com\/es\/compensacion-de-trabajadores\/"},{"@type":"ListItem","position":3,"name":"Lesiones de Bomberos y Oficiales de Polic\u00eda"}]},{"@type":"WebSite","@id":"https:\/\/priceattorneys.com\/es\/#website","url":"https:\/\/priceattorneys.com\/es\/","name":"Price Petho &amp; Associates, Personal Injury Attorneys","description":"Charlotte Personal Injury Lawyers","potentialAction":[{"@type":"SearchAction","target":{"@type":"EntryPoint","urlTemplate":"https:\/\/priceattorneys.com\/es\/?s={search_term_string}"},"query-input":{"@type":"PropertyValueSpecification","valueRequired":true,"valueName":"search_term_string"}}],"inLanguage":"es"}]}},"_links":{"self":[{"href":"https:\/\/priceattorneys.com\/es\/wp-json\/wp\/v2\/pages\/5214","targetHints":{"allow":["GET"]}}],"collection":[{"href":"https:\/\/priceattorneys.com\/es\/wp-json\/wp\/v2\/pages"}],"about":[{"href":"https:\/\/priceattorneys.com\/es\/wp-json\/wp\/v2\/types\/page"}],"author":[{"embeddable":true,"href":"https:\/\/priceattorneys.com\/es\/wp-json\/wp\/v2\/users\/1"}],"replies":[{"embeddable":true,"href":"https:\/\/priceattorneys.com\/es\/wp-json\/wp\/v2\/comments?post=5214"}],"version-history":[{"count":0,"href":"https:\/\/priceattorneys.com\/es\/wp-json\/wp\/v2\/pages\/5214\/revisions"}],"up":[{"embeddable":true,"href":"https:\/\/priceattorneys.com\/es\/wp-json\/wp\/v2\/pages\/5187"}],"wp:attachment":[{"href":"https:\/\/priceattorneys.com\/es\/wp-json\/wp\/v2\/media?parent=5214"}],"curies":[{"name":"wp","href":"https:\/\/api.w.org\/{rel}","templated":true}]}}