{"id":5217,"date":"2020-06-15T05:51:14","date_gmt":"2020-06-15T05:51:14","guid":{"rendered":"https:\/\/priceattorneys.com\/?page_id=5217"},"modified":"2022-05-02T14:43:41","modified_gmt":"2022-05-02T14:43:41","slug":"trabajadores-sindicales","status":"publish","type":"page","link":"https:\/\/priceattorneys.com\/es\/compensacion-de-trabajadores\/trabajadores-sindicales\/","title":{"rendered":"Trabajadores Sindicales"},"content":{"rendered":"\n\n\t\t\t\t<img decoding=\"async\" src=\"https:\/\/priceattorneys.com\/wp-content\/uploads\/2022\/03\/unionworkers1.jpg\" alt=\"unionworkers1\" itemprop=\"image\" height=\"621\" width=\"1245\" title=\"unionworkers1\" onerror=\"this.style.display='none'\"  \/>\n\t<h1>Abogado de Lesiones Laborales de la Uni\u00f3n de Charlotte<\/h1>\n<h2>Abogados calificados en compensaci\u00f3n de trabajadores que prestan servicios en Carolina del Norte<\/h2>\n<p>Un sindicato es un grupo de personas que trabajan juntas para mejorar los salarios, los beneficios y un mejor entorno laboral. Los sindicatos existen desde hace m\u00e1s de un siglo para proteger los derechos de los trabajadores y mejorar sus vidas a trav\u00e9s de la negociaci\u00f3n colectiva. Sin embargo, si los trabajadores sindicalizados sufren lesiones, se pueden aplicar reglas diferentes cuando tienen que solicitar los beneficios de compensaci\u00f3n para trabajadores.<\/p>\n<p>En Price, Petho &amp; Asociados, entendemos que los trabajadores sindicalizados en Carolina del Norte tienen ciertas protecciones que los trabajadores no sindicalizados no tienen. nuestra charlotte <a href=\"https:\/\/priceattorneys.com\/es\/compensacion-de-trabajadores\/\">abogados de compensaci\u00f3n de trabajadores<\/a> tiene un amplio conocimiento de las leyes laborales y sindicales, y puede guiarlo a trav\u00e9s de las complejidades del proceso legal para ayudarlo a obtener los beneficios que merece cuando se lesiona en el trabajo.<\/p>\n\t<h2>\u00bfQu\u00e9 le gustar\u00eda saber?<\/h2>\n\t<ul>\n<li><a href=\"#FAQ1\">\u00bfCu\u00e1l es la relaci\u00f3n entre los trabajadores sindicalizados y la compensaci\u00f3n de los trabajadores?<\/a><\/li>\n<li><a href=\"#FAQ2\">\u00bfCu\u00e1les son las lesiones comunes experimentadas por los trabajadores sindicalizados de Charlotte?<\/a><\/li>\n<li><a href=\"#FAQ3\">\u00bfQu\u00e9 debo hacer si me lesiono en mi trabajo sindical?<\/a><\/li>\n<\/ul>\n\t<ul>\n<li><a href=\"#FAQ4\">\u00bfC\u00f3mo puede ayudar un abogado de lesiones laborales del sindicato de Charlotte?<\/a><\/li>\n<li><a href=\"#FAQ5\">\u00bfHay un abogado de lesiones laborales sindicales cerca de m\u00ed?<\/a><\/li>\n<\/ul>\n\t\t\t\t<img decoding=\"async\" src=\"https:\/\/priceattorneys.com\/wp-content\/uploads\/2022\/03\/Union-workers-2.jpg\" alt=\"Union-workers-2\" itemprop=\"image\" height=\"420\" width=\"900\" title=\"Union-workers-2\" onerror=\"this.style.display='none'\"  \/>\n\t<h2>\u00bfCu\u00e1l es la relaci\u00f3n entre los trabajadores sindicalizados y la compensaci\u00f3n de los trabajadores?<\/h2>\n<p>De acuerdo a <a href=\"https:\/\/www.causeiq.com\/directory\/unions-list\/north-carolina-state\/\">Porque el coeficiente intelectual<\/a>, Carolina del Norte tiene 385 sindicatos. En muchos casos, los empleados sindicalizados poseen m\u00e1s derechos y protecciones en comparaci\u00f3n con los trabajadores no sindicalizados. Es posible que tengan un acceso m\u00e1s f\u00e1cil a la informaci\u00f3n sobre los beneficios, c\u00f3mo presentarlos y qu\u00e9 esperar durante el proceso. Adem\u00e1s, es menos probable que los supervisores sindicales desalienten o tomen represalias contra los trabajadores que buscan compensaci\u00f3n de trabajadores beneficios.<\/p>\n<p>Sin embargo, dado que los trabajadores sindicalizados est\u00e1n sujetos a acuerdos de negociaci\u00f3n colectiva, deben obedecer las reglas establecidas por los empleadores con respecto a los beneficios de compensaci\u00f3n para trabajadores. Si bien algunos pueden reflejar las leyes estatales, otros pueden diferir. Es imperativo preguntarle a su empleador si se aplican reglas especiales a usted antes de presentar un reclamo de compensaci\u00f3n para trabajadores. Debe revisar minuciosamente su contrato sindical para conocer sus derechos y los pasos adecuados a seguir despu\u00e9s de una lesi\u00f3n en el trabajo. Nuestros abogados de Charlotte estar\u00e1n encantados de responder a cualquiera de sus preguntas o inquietudes en una consulta.<\/p>\n\t<h2>\u00bfCu\u00e1les son las lesiones comunes experimentadas por los trabajadores sindicalizados de Charlotte?<\/h2>\n<p>Los trabajos sindicales a menudo requieren trabajo f\u00edsico y riesgoso. Nuestro estado ofrece una variedad de ocupaciones que pueden involucrar sindicatos, que incluyen:<\/p>\n\t<ul>\n<li>Trabajo de construcci\u00f3n<\/li>\n<li>Polic\u00eda y bomberos<\/li>\n<li>Camioneros<\/li>\n<li>Trabajadores de la salud<\/li>\n<\/ul>\n\t<ul>\n<li>F\u00e1brica y fabricaci\u00f3n<\/li>\n<li>Trabajadores de aerol\u00edneas y aeropuertos<\/li>\n<li>electricistas<\/li>\n<li>trabajadores automotrices<\/li>\n<\/ul>\n\t<p>Debido a la naturaleza intensiva en mano de obra de este tipo de trabajos, los empleados pueden enfrentar muchos peligros potenciales relacionados con el trabajo que podr\u00edan resultar en lesiones graves como:<\/p>\n\t<ul>\n<li>Huesos rotos y fracturados<\/li>\n<li>Lesiones cerebrales traum\u00e1ticas<\/li>\n<li>P\u00e9rdida de una extremidad<\/li>\n<li>lesiones por aplastamiento<\/li>\n<li>Lesiones por quemaduras<\/li>\n<\/ul>\n\t<ul>\n<li>Enfermedades profesionales<\/li>\n<li>Lesiones de la m\u00e9dula espinal<\/li>\n<li>Lesiones de cuello, espalda y hombros<\/li>\n<li>Muerte injusta<\/li>\n<\/ul>\n\t<p>Cuando se lesiona durante el alcance de sus deberes laborales, tiene derecho a ciertos beneficios como parte de la compensaci\u00f3n para trabajadores.<\/p>\n\t<h2>\u00bfQu\u00e9 debo hacer si me lesiono en mi trabajo sindical?<\/h2>\n<p>Si sufre un accidente o lesi\u00f3n en el trabajo, tiene derecho a los beneficios de compensaci\u00f3n para trabajadores. Su empleador puede alentarlo a usar el tiempo de enfermedad para recuperarse de sus lesiones, lo que es ventajoso para ellos por varias razones: no tienen que preocuparse por el aumento de las primas de sus seguros y no tienen que informar su lesi\u00f3n a OSHA. Adem\u00e1s, tomar d\u00edas de enfermedad para recuperarse de una lesi\u00f3n relacionada con el trabajo puede impedirle recibir beneficios futuros si su lesi\u00f3n empeora o se repite en el futuro.<\/p>\n<p>Cuando se lesione en el trabajo como empleado del sindicato, recuerde seguir los siguientes pasos para construir un reclamo s\u00f3lido de compensaci\u00f3n para trabajadores:<\/p>\n<ul>\n<li><strong>Informe su lesi\u00f3n tanto a su empleador como a su representante sindical<\/strong>. Debe informar a su empleador de su accidente o condici\u00f3n, y es una buena idea informar a su delegado sindical en caso de que surja un problema con su reclamo m\u00e1s adelante.<\/li>\n<li><strong>Busque atenci\u00f3n m\u00e9dica<\/strong>. Su empleador puede exigirle que vea a un m\u00e9dico aprobado por la compa\u00f1\u00eda por sus lesiones, pero tambi\u00e9n puede ver a su m\u00e9dico. Aseg\u00farese de que el m\u00e9dico sepa que su lesi\u00f3n o condici\u00f3n fue resultado del trabajo. Siga todas las instrucciones del m\u00e9dico, incluidas las citas de seguimiento, la fisioterapia, los medicamentos y otros planes de tratamiento.<\/li>\n<li><strong>Representaci\u00f3n segura<\/strong>. Despu\u00e9s de presentar un reclamo de compensaci\u00f3n para trabajadores, es probable que su empleador quiera hablar con usted y hacerle preguntas sobre su estado laboral. Tiene derecho a representaci\u00f3n durante estas reuniones, ya sea su abogado de compensaci\u00f3n de trabajadores, su representante sindical, o ambos. Si lo hace, asegura que sus derechos est\u00e1n protegidos.<\/li>\n<li><strong>Mantenga registros completos<\/strong>. Documente todo lo relacionado con su lesi\u00f3n. Esto incluye cada papeleo, documento m\u00e9dico, papeleo del seguro, recibo y fotograf\u00eda. Adem\u00e1s, obtenga el nombre y la informaci\u00f3n de contacto de los testigos de su accidente, as\u00ed como los representantes de seguros y sindicatos con los que hable por tel\u00e9fono.<\/li>\n<\/ul>\n<p>Nuestros abogados de compensaci\u00f3n laboral abogan por los trabajadores sindicalizados en cada paso del camino, y si su reclamo es denegado o se retrasa injustificadamente, estamos aqu\u00ed para ayudarlo a avanzar en el proceso y eliminar los obst\u00e1culos.<\/p>\n\t\t\t\t<img decoding=\"async\" src=\"https:\/\/priceattorneys.com\/wp-content\/uploads\/2022\/03\/Union-Workers-1.jpg\" alt=\"Union Workers\" itemprop=\"image\" height=\"820\" width=\"900\" title=\"Union Workers\" onerror=\"this.style.display='none'\"  \/>\n\t<h2>\u00bfC\u00f3mo puede ayudar un abogado de lesiones laborales del sindicato de Charlotte?<\/h2>\n<p>Los abogados de Price, Petho &amp; Asociados entienden que usted est\u00e1 sujeto a los t\u00e9rminos de su contrato laboral, que describe sus derechos con respecto a salarios, horas y c\u00f3mo presentar quejas. Si se lesiona en el trabajo y tiene dificultades con su reclamo de compensaci\u00f3n laboral, nuestros abogados pueden trabajar con su representante sindical para recopilar la informaci\u00f3n necesaria para su caso.<\/p>\n<p>Los representantes sindicales tienen la autoridad para solicitar acceso a informaci\u00f3n sobre los registros de seguridad de su empleador, informaci\u00f3n sobre accidentes y lesiones laborales anteriores y datos sobre sustancias peligrosas o t\u00f3xicas en su lugar de trabajo.<\/p>\n<p>Nuestros abogados tambi\u00e9n pueden explicarle c\u00f3mo se aplican los beneficios de su sindicato y compensaci\u00f3n laboral a su situaci\u00f3n particular, y abogar por usted cuando las negociaciones se estancan.<\/p>\n\t<h2>\u00bfHay un abogado de lesiones laborales sindicales cerca de m\u00ed?<\/h2>\n<p>S\u00ed. Price, Petho &amp; Asociados tiene oficinas en 1430 Elizabeth Ave en Charlotte, NC. Tambi\u00e9n tenemos oficinas en Rockingham y Rutherfordton para su comodidad. Si no puede acudir a nosotros, haremos los arreglos para visitarlo en su casa o en el hospital.<\/p>\n<h3>Abogados de Charlotte listos para ayudar a trabajadores sindicalizados lesionados en todas las industrias<\/h3>\n<p>En Price, Petho &amp; Asociados, nuestros abogados de compensaci\u00f3n laboral de Charlotte pueden guiarlo a trav\u00e9s de los diversos asuntos legales relacionados con los derechos laborales y los sindicatos para garantizar que obtenga el resultado m\u00e1s favorable posible para su reclamo. Podemos evaluar su caso, determinar todas sus opciones legales disponibles y ayudarlo a obtener los beneficios que necesita para recuperarse de una lesi\u00f3n. Llamar <a href=\"tel:7043722160\">704-372-2160<\/a> o llena nuestro <a href=\"https:\/\/priceattorneys.com\/contact-us\/\">Formulario de contacto<\/a> para programar una consulta hoy. Atendemos a clientes en Charlotte, Rockingham, Rutherfordton, Carolina del Norte y Carolina del Sur.<\/p>\n\n","protected":false},"excerpt":{"rendered":"<p>Abogado de Lesiones Laborales de la Uni\u00f3n de Charlotte Abogados calificados en compensaci\u00f3n de trabajadores que prestan servicios en Carolina del Norte Un sindicato es un grupo de personas que trabajan juntas para mejorar los salarios, los beneficios y un mejor entorno laboral. Los sindicatos existen desde hace m\u00e1s de un siglo para proteger los&hellip;<\/p>\n","protected":false},"author":1,"featured_media":0,"parent":5187,"menu_order":0,"comment_status":"closed","ping_status":"closed","template":"","meta":{"footnotes":""},"class_list":["post-5217","page","type-page","status-publish","hentry"],"yoast_head":"<!-- This site is optimized with the Yoast SEO plugin v27.4 - https:\/\/yoast.com\/product\/yoast-seo-wordpress\/ -->\n<title>Trabajadores Sindicales | Price Petho &amp; Associates, Personal Injury Attorneys<\/title>\n<meta name=\"robots\" content=\"index, follow, max-snippet:-1, max-image-preview:large, max-video-preview:-1\" \/>\n<link rel=\"canonical\" href=\"https:\/\/priceattorneys.com\/es\/compensacion-de-trabajadores\/trabajadores-sindicales\/\" \/>\n<meta property=\"og:locale\" content=\"es_ES\" \/>\n<meta property=\"og:type\" content=\"article\" \/>\n<meta property=\"og:title\" content=\"Trabajadores Sindicales | Price Petho &amp; Associates, Personal Injury Attorneys\" \/>\n<meta property=\"og:description\" content=\"Abogado de Lesiones Laborales de la Uni\u00f3n de Charlotte Abogados calificados en compensaci\u00f3n de trabajadores que prestan servicios en Carolina del Norte Un sindicato es un grupo de personas que trabajan juntas para mejorar los salarios, los beneficios y un mejor entorno laboral. Los sindicatos existen desde hace m\u00e1s de un siglo para proteger los&hellip;\" \/>\n<meta property=\"og:url\" content=\"https:\/\/priceattorneys.com\/es\/compensacion-de-trabajadores\/trabajadores-sindicales\/\" \/>\n<meta property=\"og:site_name\" content=\"Price Petho &amp; Associates, Personal Injury Attorneys\" \/>\n<meta property=\"article:modified_time\" content=\"2022-05-02T14:43:41+00:00\" \/>\n<meta property=\"og:image\" content=\"https:\/\/priceattorneys.com\/wp-content\/uploads\/2022\/03\/unionworkers1.jpg\" \/>\n<meta name=\"twitter:card\" content=\"summary_large_image\" \/>\n<meta name=\"twitter:label1\" content=\"Tiempo de lectura\" \/>\n\t<meta name=\"twitter:data1\" content=\"7 minutos\" \/>\n<script type=\"application\/ld+json\" class=\"yoast-schema-graph\">{\"@context\":\"https:\\\/\\\/schema.org\",\"@graph\":[{\"@type\":\"WebPage\",\"@id\":\"https:\\\/\\\/priceattorneys.com\\\/es\\\/compensacion-de-trabajadores\\\/trabajadores-sindicales\\\/\",\"url\":\"https:\\\/\\\/priceattorneys.com\\\/es\\\/compensacion-de-trabajadores\\\/trabajadores-sindicales\\\/\",\"name\":\"Trabajadores Sindicales | Price Petho &amp; Associates, Personal Injury Attorneys\",\"isPartOf\":{\"@id\":\"https:\\\/\\\/priceattorneys.com\\\/es\\\/#website\"},\"primaryImageOfPage\":{\"@id\":\"https:\\\/\\\/priceattorneys.com\\\/es\\\/compensacion-de-trabajadores\\\/trabajadores-sindicales\\\/#primaryimage\"},\"image\":{\"@id\":\"https:\\\/\\\/priceattorneys.com\\\/es\\\/compensacion-de-trabajadores\\\/trabajadores-sindicales\\\/#primaryimage\"},\"thumbnailUrl\":\"https:\\\/\\\/priceattorneys.com\\\/wp-content\\\/uploads\\\/2022\\\/03\\\/unionworkers1.jpg\",\"datePublished\":\"2020-06-15T05:51:14+00:00\",\"dateModified\":\"2022-05-02T14:43:41+00:00\",\"breadcrumb\":{\"@id\":\"https:\\\/\\\/priceattorneys.com\\\/es\\\/compensacion-de-trabajadores\\\/trabajadores-sindicales\\\/#breadcrumb\"},\"inLanguage\":\"es\",\"potentialAction\":[{\"@type\":\"ReadAction\",\"target\":[\"https:\\\/\\\/priceattorneys.com\\\/es\\\/compensacion-de-trabajadores\\\/trabajadores-sindicales\\\/\"]}]},{\"@type\":\"ImageObject\",\"inLanguage\":\"es\",\"@id\":\"https:\\\/\\\/priceattorneys.com\\\/es\\\/compensacion-de-trabajadores\\\/trabajadores-sindicales\\\/#primaryimage\",\"url\":\"https:\\\/\\\/priceattorneys.com\\\/wp-content\\\/uploads\\\/2022\\\/03\\\/unionworkers1.jpg\",\"contentUrl\":\"https:\\\/\\\/priceattorneys.com\\\/wp-content\\\/uploads\\\/2022\\\/03\\\/unionworkers1.jpg\"},{\"@type\":\"BreadcrumbList\",\"@id\":\"https:\\\/\\\/priceattorneys.com\\\/es\\\/compensacion-de-trabajadores\\\/trabajadores-sindicales\\\/#breadcrumb\",\"itemListElement\":[{\"@type\":\"ListItem\",\"position\":1,\"name\":\"Home\",\"item\":\"https:\\\/\\\/priceattorneys.com\\\/es\\\/\"},{\"@type\":\"ListItem\",\"position\":2,\"name\":\"Compensaci\u00f3n de Trabajadores\",\"item\":\"https:\\\/\\\/priceattorneys.com\\\/es\\\/compensacion-de-trabajadores\\\/\"},{\"@type\":\"ListItem\",\"position\":3,\"name\":\"Trabajadores Sindicales\"}]},{\"@type\":\"WebSite\",\"@id\":\"https:\\\/\\\/priceattorneys.com\\\/es\\\/#website\",\"url\":\"https:\\\/\\\/priceattorneys.com\\\/es\\\/\",\"name\":\"Price Petho &amp; Associates, Personal Injury Attorneys\",\"description\":\"Charlotte Personal Injury Lawyers\",\"potentialAction\":[{\"@type\":\"SearchAction\",\"target\":{\"@type\":\"EntryPoint\",\"urlTemplate\":\"https:\\\/\\\/priceattorneys.com\\\/es\\\/?s={search_term_string}\"},\"query-input\":{\"@type\":\"PropertyValueSpecification\",\"valueRequired\":true,\"valueName\":\"search_term_string\"}}],\"inLanguage\":\"es\"}]}<\/script>\n<!-- \/ Yoast SEO plugin. -->","yoast_head_json":{"title":"Trabajadores Sindicales | Price Petho &amp; Associates, Personal Injury Attorneys","robots":{"index":"index","follow":"follow","max-snippet":"max-snippet:-1","max-image-preview":"max-image-preview:large","max-video-preview":"max-video-preview:-1"},"canonical":"https:\/\/priceattorneys.com\/es\/compensacion-de-trabajadores\/trabajadores-sindicales\/","og_locale":"es_ES","og_type":"article","og_title":"Trabajadores Sindicales | Price Petho &amp; Associates, Personal Injury Attorneys","og_description":"Abogado de Lesiones Laborales de la Uni\u00f3n de Charlotte Abogados calificados en compensaci\u00f3n de trabajadores que prestan servicios en Carolina del Norte Un sindicato es un grupo de personas que trabajan juntas para mejorar los salarios, los beneficios y un mejor entorno laboral. Los sindicatos existen desde hace m\u00e1s de un siglo para proteger los&hellip;","og_url":"https:\/\/priceattorneys.com\/es\/compensacion-de-trabajadores\/trabajadores-sindicales\/","og_site_name":"Price Petho &amp; Associates, Personal Injury Attorneys","article_modified_time":"2022-05-02T14:43:41+00:00","og_image":[{"url":"https:\/\/priceattorneys.com\/wp-content\/uploads\/2022\/03\/unionworkers1.jpg","type":"","width":"","height":""}],"twitter_card":"summary_large_image","twitter_misc":{"Tiempo de lectura":"7 minutos"},"schema":{"@context":"https:\/\/schema.org","@graph":[{"@type":"WebPage","@id":"https:\/\/priceattorneys.com\/es\/compensacion-de-trabajadores\/trabajadores-sindicales\/","url":"https:\/\/priceattorneys.com\/es\/compensacion-de-trabajadores\/trabajadores-sindicales\/","name":"Trabajadores Sindicales | Price Petho &amp; Associates, Personal Injury Attorneys","isPartOf":{"@id":"https:\/\/priceattorneys.com\/es\/#website"},"primaryImageOfPage":{"@id":"https:\/\/priceattorneys.com\/es\/compensacion-de-trabajadores\/trabajadores-sindicales\/#primaryimage"},"image":{"@id":"https:\/\/priceattorneys.com\/es\/compensacion-de-trabajadores\/trabajadores-sindicales\/#primaryimage"},"thumbnailUrl":"https:\/\/priceattorneys.com\/wp-content\/uploads\/2022\/03\/unionworkers1.jpg","datePublished":"2020-06-15T05:51:14+00:00","dateModified":"2022-05-02T14:43:41+00:00","breadcrumb":{"@id":"https:\/\/priceattorneys.com\/es\/compensacion-de-trabajadores\/trabajadores-sindicales\/#breadcrumb"},"inLanguage":"es","potentialAction":[{"@type":"ReadAction","target":["https:\/\/priceattorneys.com\/es\/compensacion-de-trabajadores\/trabajadores-sindicales\/"]}]},{"@type":"ImageObject","inLanguage":"es","@id":"https:\/\/priceattorneys.com\/es\/compensacion-de-trabajadores\/trabajadores-sindicales\/#primaryimage","url":"https:\/\/priceattorneys.com\/wp-content\/uploads\/2022\/03\/unionworkers1.jpg","contentUrl":"https:\/\/priceattorneys.com\/wp-content\/uploads\/2022\/03\/unionworkers1.jpg"},{"@type":"BreadcrumbList","@id":"https:\/\/priceattorneys.com\/es\/compensacion-de-trabajadores\/trabajadores-sindicales\/#breadcrumb","itemListElement":[{"@type":"ListItem","position":1,"name":"Home","item":"https:\/\/priceattorneys.com\/es\/"},{"@type":"ListItem","position":2,"name":"Compensaci\u00f3n de Trabajadores","item":"https:\/\/priceattorneys.com\/es\/compensacion-de-trabajadores\/"},{"@type":"ListItem","position":3,"name":"Trabajadores Sindicales"}]},{"@type":"WebSite","@id":"https:\/\/priceattorneys.com\/es\/#website","url":"https:\/\/priceattorneys.com\/es\/","name":"Price Petho &amp; Associates, Personal Injury Attorneys","description":"Charlotte Personal Injury Lawyers","potentialAction":[{"@type":"SearchAction","target":{"@type":"EntryPoint","urlTemplate":"https:\/\/priceattorneys.com\/es\/?s={search_term_string}"},"query-input":{"@type":"PropertyValueSpecification","valueRequired":true,"valueName":"search_term_string"}}],"inLanguage":"es"}]}},"_links":{"self":[{"href":"https:\/\/priceattorneys.com\/es\/wp-json\/wp\/v2\/pages\/5217","targetHints":{"allow":["GET"]}}],"collection":[{"href":"https:\/\/priceattorneys.com\/es\/wp-json\/wp\/v2\/pages"}],"about":[{"href":"https:\/\/priceattorneys.com\/es\/wp-json\/wp\/v2\/types\/page"}],"author":[{"embeddable":true,"href":"https:\/\/priceattorneys.com\/es\/wp-json\/wp\/v2\/users\/1"}],"replies":[{"embeddable":true,"href":"https:\/\/priceattorneys.com\/es\/wp-json\/wp\/v2\/comments?post=5217"}],"version-history":[{"count":0,"href":"https:\/\/priceattorneys.com\/es\/wp-json\/wp\/v2\/pages\/5217\/revisions"}],"up":[{"embeddable":true,"href":"https:\/\/priceattorneys.com\/es\/wp-json\/wp\/v2\/pages\/5187"}],"wp:attachment":[{"href":"https:\/\/priceattorneys.com\/es\/wp-json\/wp\/v2\/media?parent=5217"}],"curies":[{"name":"wp","href":"https:\/\/api.w.org\/{rel}","templated":true}]}}