{"id":5221,"date":"2020-06-15T05:10:28","date_gmt":"2020-06-15T05:10:28","guid":{"rendered":"https:\/\/priceattorneys.com\/?page_id=5221"},"modified":"2022-05-02T15:18:19","modified_gmt":"2022-05-02T15:18:19","slug":"trabajadores-de-la-salud","status":"publish","type":"page","link":"https:\/\/priceattorneys.com\/es\/compensacion-de-trabajadores\/trabajadores-de-la-salud\/","title":{"rendered":"Trabajadores de la Salud"},"content":{"rendered":"\n\n\t\t\t\t<img decoding=\"async\" src=\"https:\/\/priceattorneys.com\/wp-content\/uploads\/2022\/03\/Health-Workers.jpg\" alt=\"Health Workers\" itemprop=\"image\" height=\"621\" width=\"1245\" title=\"Health Workers\" onerror=\"this.style.display='none'\"  \/>\n\t<h1>Abogados de lesiones de trabajadores de la salud de Charlotte<\/h1>\n<h2>Ayuda cuando los trabajadores de salud y hospitales se lesionan en el trabajo en Carolina del Norte<\/h2>\n<p>Los empleados de hospitales y atenci\u00f3n m\u00e9dica enfrentan algunos de los mayores riesgos potenciales en todas las industrias laborales. Cuando no se prioriza la seguridad, o se comete un solo error por descuido, un trabajador del hospital podr\u00eda sufrir una lesi\u00f3n grave o contraer una enfermedad peligrosa y posiblemente incurable. Los beneficios de compensaci\u00f3n para trabajadores deben estar disponibles para usted en tal caso.<\/p>\n<p>\u00bfHa sufrido una lesi\u00f3n o enfermedad grave como profesional de la salud? Usted merece beneficios de compensaci\u00f3n para trabajadores para mantenerse financieramente a flote mientras se recupera, pero es posible que un proveedor de seguros no est\u00e9 de acuerdo. En Price, Petho &amp; Asociados, nuestros abogados de compensaci\u00f3n laboral de Charlotte trabajan arduamente para que los trabajadores de la salud como usted reciban un trato justo por parte de los empleadores y las aseguradoras, asegurando los beneficios y la cobertura que necesita despu\u00e9s de una lesi\u00f3n o accidente.<\/p>\n\t<h2>\u00bfQu\u00e9 le gustar\u00eda saber?<\/h2>\n\t<ul>\n<li><a href=\"#FAQ1\">\u00bfQu\u00e9 peligros enfrentan los trabajadores de la salud y los hospitales en el trabajo?<\/a>\n<ul>\n<li><a href=\"#FAQ1A\">Resbalones, tropiezos y ca\u00eddas<\/a><\/li>\n<li><a href=\"#FAQ1B\">Exposici\u00f3n a la enfermedad<\/a><\/li>\n<li><a href=\"#FAQ1C\">sobreesfuerzo<\/a><\/li>\n<li><a href=\"#FAQ1D\">Qu\u00edmicos t\u00f3xicos<\/a><\/li>\n<li><a href=\"#FAQ1E\">Lesiones cortopunzantes<\/a><\/li>\n<li><a href=\"#FAQ1F\">Violencia<\/a><\/li>\n<\/ul>\n<\/li>\n<li><a href=\"#FAQ2\">\u00bfA qu\u00e9 beneficios tengo derecho despu\u00e9s de una lesi\u00f3n en el trabajo?<\/a><\/li>\n<li><a href=\"#FAQ3\">\u00bfQu\u00e9 sucede si se niega mi reclamo de compensaci\u00f3n para trabajadores de Charlotte?<\/a><\/li>\n<li><a href=\"#FAQ4\">\u00bfHay un abogado de compensaci\u00f3n de trabajadores cerca de m\u00ed?<\/a><\/li>\n<\/ul>\n\t\t\t\t<img decoding=\"async\" src=\"https:\/\/priceattorneys.com\/wp-content\/uploads\/2022\/03\/Hospital-workers.jpg\" alt=\"Hospital workers\" itemprop=\"image\" height=\"505\" width=\"800\" title=\"Hospital workers\" onerror=\"this.style.display='none'\"  \/>\n\t<h2>\u00bfQu\u00e9 peligros enfrentan los trabajadores de la salud y los hospitales en el trabajo?<\/h2>\n<p>Si trabaja en la industria de la salud, ya sea como profesional m\u00e9dico o como miembro del personal administrativo, sabe que el entorno puede estar ocupado las 24 horas del d\u00eda, los siete d\u00edas de la semana. Todos los \u00abengranajes\u00bb en movimiento de un hospital aumentan las posibilidades de que los procedimientos b\u00e1sicos de seguridad se dejen de lado para asuntos urgentes. Este problema existe adem\u00e1s de la naturaleza ya peligrosa de un centro de atenci\u00f3n u hospital, dada la naturaleza de la industria.<\/p>\n<p>La Administraci\u00f3n de Salud y Seguridad Ocupacional (OSHA) informa que los hospitales son uno de los <a href=\"https:\/\/www.osha.gov\/hospitals\">lugares m\u00e1s peligrosos para trabajar<\/a>. En 2019, los hospitales \u00abregistraron 221.400 lesiones y enfermedades relacionadas con el trabajo, una tasa de 5,5 lesiones y enfermedades relacionadas con el trabajo por cada 100 empleados de tiempo completo. Esto es casi el doble de la tasa de la industria privada en su conjunto\u00bb.<\/p>\n<p>Algunos de los riesgos de lesiones m\u00e1s comunes que enfrentan los trabajadores de la salud en el trabajo incluyen:<\/p>\n\t<h3>Resbalones, tropiezos y ca\u00eddas<\/h3>\n<p>Resbalones y ca\u00eddas ocurren a menudo entre los trabajadores de la salud, ya sea por derrames en pisos mojados, pacientes inestables o equipos m\u00e9dicos que causan riesgos de tropiezos. Estos pueden causar esguinces, torceduras, huesos rotos o lesiones en la cabeza y la espalda. Los trabajadores de hospitales y de la salud experimentan estos accidentes a un ritmo mayor que los trabajadores de otras industrias.<\/p>\n\t<h3>Exposici\u00f3n a la enfermedad<\/h3>\n<p>Los trabajadores de la salud tambi\u00e9n corren el riesgo de exponerse a enfermedades infecciosas a trav\u00e9s de una variedad de formas, incluido el contacto directo con los pacientes, el manejo de equipos m\u00e9dicos contaminados y la transmisi\u00f3n de virus y pat\u00f3genos por el aire. Tambi\u00e9n pueden contraer enfermedades o condiciones a trav\u00e9s de la exposici\u00f3n a la sangre o fluidos corporales del paciente.<\/p>\n\t<h3>Sobreesfuerzo<\/h3>\n<p>Otra causa com\u00fan de lesiones en los trabajadores de la salud es el sobreesfuerzo. Estas son cosas como distensiones musculares, esguinces y otras lesiones musculoesquel\u00e9ticas que resultan de levantar objetos pesados \u200b\u200by mover o cambiar de posici\u00f3n a los pacientes. Realizar estas tareas una y otra vez puede causar lesiones graves con el tiempo o como una lesi\u00f3n traum\u00e1tica \u00fanica.<\/p>\n\t<h3>Qu\u00edmicos t\u00f3xicos<\/h3>\n<p>Debido a que los entornos de atenci\u00f3n m\u00e9dica est\u00e1n llenos de productos qu\u00edmicos peligrosos, que se utilizan para esterilizar instrumentos, salas de limpieza profunda, conservar muestras o limpiar superficies de trabajo, los empleados pueden sufrir da\u00f1os despu\u00e9s de una exposici\u00f3n prolongada o incluso de una sola vez. Estos tipos de lesiones pueden incluir quemaduras qu\u00edmicas, enfermedades respiratorias e incluso ciertos tipos de c\u00e1ncer.<\/p>\n\t<h3>Lesiones cortopunzantes<\/h3>\n<p>Un peligro exclusivo para los trabajadores de la salud y los hospitales, las heridas punzantes y punzantes de agujas, bistur\u00eds y otros objetos afilados pueden causar lesiones graves y preocupantes. Cuando estos instrumentos no se desechan correctamente, el entorno hospitalario ca\u00f3tico y acelerado puede provocar lesiones cortopunzantes, lo que puede provocar la posible contracci\u00f3n de virus transmitidos por la sangre como la hepatitis B, la hepatitis C o el VIH.<\/p>\n\t<h3>Violencia<\/h3>\n<p>Por \u00faltimo, los trabajadores de los hospitales y de la salud tambi\u00e9n se enfrentan a un grave riesgo de agresi\u00f3n f\u00edsica o violencia en el trabajo. Debido a que los profesionales m\u00e9dicos tratan con personas con dificultades mentales y con lesiones f\u00edsicas, tambi\u00e9n pueden tratar con pacientes violentos y combativos. Dependiendo de la naturaleza de sus lesiones, los trabajadores que han sufrido una agresi\u00f3n pueden necesitar incluso m\u00e1s tiempo libre para recuperarse debido al trauma emocional del ataque.<\/p>\n<p>Es importante recordar que puede solicitar compensaci\u00f3n de trabajadores beneficios por sus lesiones, siempre y cuando su lesi\u00f3n o enfermedad haya ocurrido como resultado de sus funciones laborales. Por lo general, la \u00fanica excepci\u00f3n para reclamar compensaci\u00f3n laboral en Carolina del Norte es si usted mismo caus\u00f3 sus propias lesiones por imprudencia intencional, como usar drogas o alcohol en el trabajo.<\/p>\n\t<h2>\u00bfA qu\u00e9 beneficios tengo derecho despu\u00e9s de una lesi\u00f3n en el trabajo?<\/h2>\n<p>La ley de compensaci\u00f3n laboral de Carolina del Norte proporciona los siguientes beneficios para los trabajadores lesionados en el trabajo:<\/p>\n<ul>\n<li><strong>Gastos m\u00e9dicos<\/strong>, incluidas las facturas m\u00e9dicas relacionadas con su lesi\u00f3n, medicamentos recetados, pruebas de diagn\u00f3stico y servicios profesionales de m\u00e9dicos y especialistas.<\/li>\n<li><strong>Salarios perdidos<\/strong>, si los m\u00e9dicos determinan que no podr\u00e1 regresar a su trabajo debido a la gravedad de sus lesiones. Estos incluyen discapacidad total si no puede volver a trabajar en absoluto, o discapacidad parcial si puede volver a trabajar, pero no a la tasa de pago anterior a su lesi\u00f3n.<\/li>\n<li><strong>Beneficios de desfiguraci\u00f3n<\/strong>, si su accidente y lesi\u00f3n le dejan cicatrices permanentes o da\u00f1os en sus \u00f3rganos internos.<\/li>\n<li><strong>Entrenamiento vocacional<\/strong>, si sus lesiones son lo suficientemente extensas como para que no pueda regresar a su trabajo actual y deba tomar otro puesto. Esta capacitaci\u00f3n puede incluir asistencia en la b\u00fasqueda de empleo, capacitaci\u00f3n en el trabajo o ayuda con los gastos de matr\u00edcula.<\/li>\n<li><strong>Beneficios por muerte<\/strong>, en el caso tr\u00e1gico de perder a un ser querido por un accidente o lesi\u00f3n laboral.<\/li>\n<\/ul>\n<p>Sin embargo, asegurar estos beneficios puede no ser tan f\u00e1cil como parece. Incluso un solo error al completar su solicitud puede resultar en una denegaci\u00f3n o demora de los beneficios. En casos como estos, es crucial contar con un abogado con experiencia en compensaci\u00f3n laboral de Charlotte de su lado. Price, Petho &amp; Asociados pueden ayudar.<\/p>\n\t<h2>\u00bfQu\u00e9 sucede si se niega mi reclamo de compensaci\u00f3n para trabajadores de Charlotte?<\/h2>\n<p>Si su atenci\u00f3n m\u00e9dica Reclamaci\u00f3n de indemnizaci\u00f3n laboral es denegada, tiene derecho a apelar su reclamo. En Carolina del Norte, las apelaciones tienen cuatro niveles:<\/p>\n<ul>\n<li>Una audiencia formal con el Comisionado Adjunto de la Comisi\u00f3n Industrial de Carolina del Norte<\/li>\n<li>Una apelaci\u00f3n completa con la Comisi\u00f3n Industrial de Carolina del Norte<\/li>\n<li>La Corte de Apelaciones de Carolina del Norte<\/li>\n<li>La Corte Suprema de Carolina del Norte<\/li>\n<\/ul>\n<p>Nuestros abogados trabajan para asegurar que obtenga sus beneficios lo antes posible, con la menor pelea posible. Sin embargo, estamos preparados para llevar su batalla a la Corte Suprema estatal si es necesario. Podemos ayudarlo con todos los formularios y plazos adecuados para garantizar que su reclamo sea t\u00e9cnicamente correcto.<\/p>\n\t\t\t\t<img decoding=\"async\" src=\"https:\/\/priceattorneys.com\/wp-content\/uploads\/2022\/03\/Price-Attorneys-Offices.jpg\" alt=\"Price Petho &amp; Associates in Charlotte, NC\" itemprop=\"image\" height=\"499\" width=\"770\" title=\"Price-Attorneys-Offices\" onerror=\"this.style.display='none'\"  \/>\n\t<h2>\u00bfHay un abogado de compensaci\u00f3n de trabajadores cerca de m\u00ed?<\/h2>\n<p>Price, Petho &amp; Asociados se encuentra en 1430 Elizabeth Ave en Charlotte. Tambi\u00e9n mantenemos oficinas en Rockingham y Rutherfordton para su comodidad. Si no puede acudir a nosotros, podemos hacer arreglos para visitarlo en su casa o en el hospital.<\/p>\n<h3>Abogados de compensaci\u00f3n laboral de Charlotte que defienden a los empleados lesionados<\/h3>\n<p>Los reclamos de compensaci\u00f3n laboral para trabajadores de hospitales y atenci\u00f3n m\u00e9dica pueden ser inesperadamente complicados y problem\u00e1ticos, especialmente si la compa\u00f1\u00eda de seguros que responde encuentra motivos para dudar de la validez de su reclamo. Para eliminar las conjeturas y el trabajo preliminar de su reclamo en un solo paso, hable con los abogados de Price, Petho &amp; Asociados hoy. Estamos dedicados a asegurar la m\u00e1xima compensaci\u00f3n para nuestros clientes y saber que hemos ayudado a que la vida de alguien vuelva a ser c\u00f3moda despu\u00e9s de un desafortunado accidente. Llamar <a href=\"tel:7043722160\">704-372-2160<\/a> o llena nuestro Formulario de contacto para programar una consulta. Atendemos a clientes en Charlotte, Rockingham, Rutherfordton, Carolina del Norte y Carolina del Sur.<\/p>\n\n","protected":false},"excerpt":{"rendered":"<p>Abogados de lesiones de trabajadores de la salud de Charlotte Ayuda cuando los trabajadores de salud y hospitales se lesionan en el trabajo en Carolina del Norte Los empleados de hospitales y atenci\u00f3n m\u00e9dica enfrentan algunos de los mayores riesgos potenciales en todas las industrias laborales. Cuando no se prioriza la seguridad, o se comete&hellip;<\/p>\n","protected":false},"author":1,"featured_media":0,"parent":5187,"menu_order":0,"comment_status":"closed","ping_status":"closed","template":"","meta":{"footnotes":""},"class_list":["post-5221","page","type-page","status-publish","hentry"],"yoast_head":"<!-- This site is optimized with the Yoast SEO plugin v27.2 - https:\/\/yoast.com\/product\/yoast-seo-wordpress\/ -->\n<title>Trabajadores de la Salud | Price Petho &amp; Associates, Personal Injury Attorneys<\/title>\n<meta name=\"robots\" content=\"index, follow, max-snippet:-1, max-image-preview:large, max-video-preview:-1\" \/>\n<link rel=\"canonical\" href=\"https:\/\/priceattorneys.com\/es\/compensacion-de-trabajadores\/trabajadores-de-la-salud\/\" \/>\n<meta property=\"og:locale\" content=\"es_ES\" \/>\n<meta property=\"og:type\" content=\"article\" \/>\n<meta property=\"og:title\" content=\"Trabajadores de la Salud | Price Petho &amp; Associates, Personal Injury Attorneys\" \/>\n<meta property=\"og:description\" content=\"Abogados de lesiones de trabajadores de la salud de Charlotte Ayuda cuando los trabajadores de salud y hospitales se lesionan en el trabajo en Carolina del Norte Los empleados de hospitales y atenci\u00f3n m\u00e9dica enfrentan algunos de los mayores riesgos potenciales en todas las industrias laborales. Cuando no se prioriza la seguridad, o se comete&hellip;\" \/>\n<meta property=\"og:url\" content=\"https:\/\/priceattorneys.com\/es\/compensacion-de-trabajadores\/trabajadores-de-la-salud\/\" \/>\n<meta property=\"og:site_name\" content=\"Price Petho &amp; Associates, Personal Injury Attorneys\" \/>\n<meta property=\"article:modified_time\" content=\"2022-05-02T15:18:19+00:00\" \/>\n<meta property=\"og:image\" content=\"https:\/\/priceattorneys.com\/wp-content\/uploads\/2022\/03\/Health-Workers.jpg\" \/>\n<meta name=\"twitter:card\" content=\"summary_large_image\" \/>\n<meta name=\"twitter:label1\" content=\"Tiempo de lectura\" \/>\n\t<meta name=\"twitter:data1\" content=\"8 minutos\" \/>\n<script type=\"application\/ld+json\" class=\"yoast-schema-graph\">{\"@context\":\"https:\/\/schema.org\",\"@graph\":[{\"@type\":\"WebPage\",\"@id\":\"https:\/\/priceattorneys.com\/es\/compensacion-de-trabajadores\/trabajadores-de-la-salud\/\",\"url\":\"https:\/\/priceattorneys.com\/es\/compensacion-de-trabajadores\/trabajadores-de-la-salud\/\",\"name\":\"Trabajadores de la Salud | Price Petho &amp; Associates, Personal Injury Attorneys\",\"isPartOf\":{\"@id\":\"https:\/\/priceattorneys.com\/es\/#website\"},\"primaryImageOfPage\":{\"@id\":\"https:\/\/priceattorneys.com\/es\/compensacion-de-trabajadores\/trabajadores-de-la-salud\/#primaryimage\"},\"image\":{\"@id\":\"https:\/\/priceattorneys.com\/es\/compensacion-de-trabajadores\/trabajadores-de-la-salud\/#primaryimage\"},\"thumbnailUrl\":\"https:\/\/priceattorneys.com\/wp-content\/uploads\/2022\/03\/Health-Workers.jpg\",\"datePublished\":\"2020-06-15T05:10:28+00:00\",\"dateModified\":\"2022-05-02T15:18:19+00:00\",\"breadcrumb\":{\"@id\":\"https:\/\/priceattorneys.com\/es\/compensacion-de-trabajadores\/trabajadores-de-la-salud\/#breadcrumb\"},\"inLanguage\":\"es\",\"potentialAction\":[{\"@type\":\"ReadAction\",\"target\":[\"https:\/\/priceattorneys.com\/es\/compensacion-de-trabajadores\/trabajadores-de-la-salud\/\"]}]},{\"@type\":\"ImageObject\",\"inLanguage\":\"es\",\"@id\":\"https:\/\/priceattorneys.com\/es\/compensacion-de-trabajadores\/trabajadores-de-la-salud\/#primaryimage\",\"url\":\"https:\/\/priceattorneys.com\/wp-content\/uploads\/2022\/03\/Health-Workers.jpg\",\"contentUrl\":\"https:\/\/priceattorneys.com\/wp-content\/uploads\/2022\/03\/Health-Workers.jpg\"},{\"@type\":\"BreadcrumbList\",\"@id\":\"https:\/\/priceattorneys.com\/es\/compensacion-de-trabajadores\/trabajadores-de-la-salud\/#breadcrumb\",\"itemListElement\":[{\"@type\":\"ListItem\",\"position\":1,\"name\":\"Home\",\"item\":\"https:\/\/priceattorneys.com\/es\/\"},{\"@type\":\"ListItem\",\"position\":2,\"name\":\"Compensaci\u00f3n de Trabajadores\",\"item\":\"https:\/\/priceattorneys.com\/es\/compensacion-de-trabajadores\/\"},{\"@type\":\"ListItem\",\"position\":3,\"name\":\"Trabajadores de la Salud\"}]},{\"@type\":\"WebSite\",\"@id\":\"https:\/\/priceattorneys.com\/es\/#website\",\"url\":\"https:\/\/priceattorneys.com\/es\/\",\"name\":\"Price Petho &amp; Associates, Personal Injury Attorneys\",\"description\":\"Charlotte Personal Injury Lawyers\",\"potentialAction\":[{\"@type\":\"SearchAction\",\"target\":{\"@type\":\"EntryPoint\",\"urlTemplate\":\"https:\/\/priceattorneys.com\/es\/?s={search_term_string}\"},\"query-input\":{\"@type\":\"PropertyValueSpecification\",\"valueRequired\":true,\"valueName\":\"search_term_string\"}}],\"inLanguage\":\"es\"}]}<\/script>\n<!-- \/ Yoast SEO plugin. -->","yoast_head_json":{"title":"Trabajadores de la Salud | Price Petho &amp; Associates, Personal Injury Attorneys","robots":{"index":"index","follow":"follow","max-snippet":"max-snippet:-1","max-image-preview":"max-image-preview:large","max-video-preview":"max-video-preview:-1"},"canonical":"https:\/\/priceattorneys.com\/es\/compensacion-de-trabajadores\/trabajadores-de-la-salud\/","og_locale":"es_ES","og_type":"article","og_title":"Trabajadores de la Salud | Price Petho &amp; Associates, Personal Injury Attorneys","og_description":"Abogados de lesiones de trabajadores de la salud de Charlotte Ayuda cuando los trabajadores de salud y hospitales se lesionan en el trabajo en Carolina del Norte Los empleados de hospitales y atenci\u00f3n m\u00e9dica enfrentan algunos de los mayores riesgos potenciales en todas las industrias laborales. Cuando no se prioriza la seguridad, o se comete&hellip;","og_url":"https:\/\/priceattorneys.com\/es\/compensacion-de-trabajadores\/trabajadores-de-la-salud\/","og_site_name":"Price Petho &amp; Associates, Personal Injury Attorneys","article_modified_time":"2022-05-02T15:18:19+00:00","og_image":[{"url":"https:\/\/priceattorneys.com\/wp-content\/uploads\/2022\/03\/Health-Workers.jpg","type":"","width":"","height":""}],"twitter_card":"summary_large_image","twitter_misc":{"Tiempo de lectura":"8 minutos"},"schema":{"@context":"https:\/\/schema.org","@graph":[{"@type":"WebPage","@id":"https:\/\/priceattorneys.com\/es\/compensacion-de-trabajadores\/trabajadores-de-la-salud\/","url":"https:\/\/priceattorneys.com\/es\/compensacion-de-trabajadores\/trabajadores-de-la-salud\/","name":"Trabajadores de la Salud | Price Petho &amp; Associates, Personal Injury Attorneys","isPartOf":{"@id":"https:\/\/priceattorneys.com\/es\/#website"},"primaryImageOfPage":{"@id":"https:\/\/priceattorneys.com\/es\/compensacion-de-trabajadores\/trabajadores-de-la-salud\/#primaryimage"},"image":{"@id":"https:\/\/priceattorneys.com\/es\/compensacion-de-trabajadores\/trabajadores-de-la-salud\/#primaryimage"},"thumbnailUrl":"https:\/\/priceattorneys.com\/wp-content\/uploads\/2022\/03\/Health-Workers.jpg","datePublished":"2020-06-15T05:10:28+00:00","dateModified":"2022-05-02T15:18:19+00:00","breadcrumb":{"@id":"https:\/\/priceattorneys.com\/es\/compensacion-de-trabajadores\/trabajadores-de-la-salud\/#breadcrumb"},"inLanguage":"es","potentialAction":[{"@type":"ReadAction","target":["https:\/\/priceattorneys.com\/es\/compensacion-de-trabajadores\/trabajadores-de-la-salud\/"]}]},{"@type":"ImageObject","inLanguage":"es","@id":"https:\/\/priceattorneys.com\/es\/compensacion-de-trabajadores\/trabajadores-de-la-salud\/#primaryimage","url":"https:\/\/priceattorneys.com\/wp-content\/uploads\/2022\/03\/Health-Workers.jpg","contentUrl":"https:\/\/priceattorneys.com\/wp-content\/uploads\/2022\/03\/Health-Workers.jpg"},{"@type":"BreadcrumbList","@id":"https:\/\/priceattorneys.com\/es\/compensacion-de-trabajadores\/trabajadores-de-la-salud\/#breadcrumb","itemListElement":[{"@type":"ListItem","position":1,"name":"Home","item":"https:\/\/priceattorneys.com\/es\/"},{"@type":"ListItem","position":2,"name":"Compensaci\u00f3n de Trabajadores","item":"https:\/\/priceattorneys.com\/es\/compensacion-de-trabajadores\/"},{"@type":"ListItem","position":3,"name":"Trabajadores de la Salud"}]},{"@type":"WebSite","@id":"https:\/\/priceattorneys.com\/es\/#website","url":"https:\/\/priceattorneys.com\/es\/","name":"Price Petho &amp; Associates, Personal Injury Attorneys","description":"Charlotte Personal Injury Lawyers","potentialAction":[{"@type":"SearchAction","target":{"@type":"EntryPoint","urlTemplate":"https:\/\/priceattorneys.com\/es\/?s={search_term_string}"},"query-input":{"@type":"PropertyValueSpecification","valueRequired":true,"valueName":"search_term_string"}}],"inLanguage":"es"}]}},"_links":{"self":[{"href":"https:\/\/priceattorneys.com\/es\/wp-json\/wp\/v2\/pages\/5221","targetHints":{"allow":["GET"]}}],"collection":[{"href":"https:\/\/priceattorneys.com\/es\/wp-json\/wp\/v2\/pages"}],"about":[{"href":"https:\/\/priceattorneys.com\/es\/wp-json\/wp\/v2\/types\/page"}],"author":[{"embeddable":true,"href":"https:\/\/priceattorneys.com\/es\/wp-json\/wp\/v2\/users\/1"}],"replies":[{"embeddable":true,"href":"https:\/\/priceattorneys.com\/es\/wp-json\/wp\/v2\/comments?post=5221"}],"version-history":[{"count":0,"href":"https:\/\/priceattorneys.com\/es\/wp-json\/wp\/v2\/pages\/5221\/revisions"}],"up":[{"embeddable":true,"href":"https:\/\/priceattorneys.com\/es\/wp-json\/wp\/v2\/pages\/5187"}],"wp:attachment":[{"href":"https:\/\/priceattorneys.com\/es\/wp-json\/wp\/v2\/media?parent=5221"}],"curies":[{"name":"wp","href":"https:\/\/api.w.org\/{rel}","templated":true}]}}