{"id":5224,"date":"2020-06-15T05:23:49","date_gmt":"2020-06-15T05:23:49","guid":{"rendered":"https:\/\/priceattorneys.com\/?page_id=5224"},"modified":"2022-05-02T15:33:05","modified_gmt":"2022-05-02T15:33:05","slug":"empleados-de-aerolineas-y-aeropuertos","status":"publish","type":"page","link":"https:\/\/priceattorneys.com\/es\/compensacion-de-trabajadores\/empleados-de-aerolineas-y-aeropuertos\/","title":{"rendered":"Empleados de Aerol\u00edneas y Aeropuertos"},"content":{"rendered":"\r\n<p><img decoding=\"async\" title=\"Airline\" src=\"https:\/\/priceattorneys.com\/wp-content\/uploads\/2022\/03\/Airline.jpg\" alt=\"Airline\" width=\"1245\" height=\"621\" \/><\/p>\r\n<h1>Abogados de lesiones de empleados de aerol\u00edneas y aeropuertos de Charlotte<\/h1>\r\n<h2>Representaci\u00f3n de compensaci\u00f3n laboral para trabajadores lesionados en Carolina del Norte<\/h2>\r\n<p>Los empleados de aerol\u00edneas y aeropuertos se enfrentan a condiciones dif\u00edciles como parte de su trabajo. Trabajar en el manejo de equipaje, en la pista y en mantenimiento, as\u00ed como de pilotos y asistentes de vuelo, puede ser riesgoso con el potencial de accidentes y lesiones. Si usted o un ser querido sufrieron lesiones graves como trabajadores de una aerol\u00ednea, contar con un abogado experimentado de su lado puede ayudarlo a aumentar sus posibilidades de obtener los beneficios adecuados a los que tiene derecho.<\/p>\r\n<p>En Price, Petho &amp; Asociados, brindamos servicios legales compasivos a clientes que sufren accidentes y da\u00f1os en el trabajo. Si se lesion\u00f3 mientras realizaba tareas laborales como empleado de una aerol\u00ednea o un aeropuerto, tiene derecho a obtener beneficios de compensaci\u00f3n para trabajadores por salarios perdidos, discapacidad, facturas m\u00e9dicas y otros costos relacionados con lesiones. Aunque la mayor\u00eda de los empleados de aerol\u00edneas y aeropuertos forman parte de sindicatos, nuestra Charlotte abogados de compensaci\u00f3n de trabajadores todav\u00eda puede ayudar a proteger sus derechos.<\/p>\r\n<h2>\u00bfQu\u00e9 le gustar\u00eda saber?<\/h2>\r\n<ul>\r\n<li><a href=\"#FAQ1\">\u00bfCu\u00e1les son las lesiones m\u00e1s comunes que enfrentan los trabajadores de aerol\u00edneas y aeropuertos en el trabajo?<\/a><\/li>\r\n<li><a href=\"#FAQ2\">Me lesion\u00e9 en mi trabajo en el aeropuerto de Charlotte; \u00bftengo derecho a los beneficios?<\/a><\/li>\r\n<li><a href=\"#FAQ3\">\u00bfPueden ayudarme sus abogados de Charlotte incluso si estoy en un sindicato?<\/a><\/li>\r\n<\/ul>\r\n<ul>\r\n<li><a href=\"#FAQ4\">\u00bfC\u00f3mo puede un abogado de compensaci\u00f3n de trabajadores de una aerol\u00ednea ayudar a mi reclamo denegado?<\/a><\/li>\r\n<li><a href=\"#FAQ5\">\u00bfCon qu\u00e9 empleados de aerol\u00edneas trabajan sus abogados de Charlotte?<\/a><\/li>\r\n<li><a href=\"#FAQ6\">\u00bfHay un abogado de compensaci\u00f3n de trabajadores cerca de m\u00ed?<\/a><\/li>\r\n<\/ul>\r\n<p><img decoding=\"async\" title=\"Airline Injury\" src=\"https:\/\/priceattorneys.com\/wp-content\/uploads\/2022\/03\/Airline-Injury.jpg\" alt=\"Airline Injury\" width=\"800\" height=\"907\" \/><\/p>\r\n<h2>\u00bfCu\u00e1les son las lesiones m\u00e1s comunes que enfrentan los trabajadores de aerol\u00edneas y aeropuertos en el trabajo?<\/h2>\r\n<p>Con el Aeropuerto Internacional Charlotte Douglas justo en la ciudad y una variedad de otros dentro de 150 millas, Carolina del Norte emplea a una gran cantidad de trabajadores de aeropuertos y aerol\u00edneas.<\/p>\r\n<p>Los empleados de aerol\u00edneas y aeropuertos enfrentan una variedad de condiciones peligrosas en el trabajo, trabajando en entornos estresantes y de ritmo acelerado. La falta de sue\u00f1o, el desfase horario o el mantenimiento inadecuado del equipo pueden provocar lesiones graves. Tropezar y caer, ser golpeado por objetos o equipos, quedar atrapado entre m\u00e1quinas o caer desde alturas podr\u00eda tener consecuencias devastadoras.<\/p>\r\n<p>Los trabajadores de aerol\u00edneas y aeropuertos corren el riesgo de sufrir una variedad de lesiones, como:<\/p>\r\n<ul>\r\n<li><a href=\"https:\/\/priceattorneys.com\/es\/lesiones-personales\/lesiones-catastroficas\/lesiones-cerebrales\/\">Lesiones cerebrales traum\u00e1ticas<\/a> por golpes o traumatismos en la cabeza<\/li>\r\n<li>Lesiones en la espalda, el cuello y los hombros por levantar cargas pesadas<\/li>\r\n<li>P\u00e9rdida de audici\u00f3n por exposici\u00f3n acumulada al ruido<\/li>\r\n<li>Enfermedades por exposici\u00f3n a qu\u00edmicos t\u00f3xicos<\/li>\r\n<li><a href=\"https:\/\/priceattorneys.com\/es\/lesiones-personales\/lesiones-catastroficas\/lesiones-por-quemaduras\/\">Lesiones por quemaduras<\/a> de combustible derramado y encendido<\/li>\r\n<li>Turbulencias en vuelo y otras lesiones<\/li>\r\n<li><a href=\"https:\/\/priceattorneys.com\/es\/lesiones-personales\/lesiones-catastroficas\/lesiones-de-la-medula-espinal\/\">Lesiones de la m\u00e9dula espinal<\/a> de ca\u00eddas desde alturas<\/li>\r\n<li>Lesiones por resbalones y ca\u00eddas de pisos irregulares, cables sueltos y derrames de l\u00edquidos<\/li>\r\n<\/ul>\r\n<p>Los huesos rotos, las conmociones cerebrales, las lesiones de la m\u00e9dula espinal, las laceraciones, los hematomas, los desgarros del manguito de los rotadores, las hernias de disco y las lesiones en el cuello son comunes entre los trabajadores de aeropuertos y aerol\u00edneas. Los empleados deben operar m\u00e1quinas complejas, mover equipaje pesado y manipular otros materiales peligrosos a diario. Si sufre una lesi\u00f3n mientras realiza sus tareas laborales, tiene derecho a obtener beneficios de compensaci\u00f3n para trabajadores.<\/p>\r\n<h2>Me lesion\u00e9 en mi trabajo en el aeropuerto de Charlotte; \u00bftengo derecho a los beneficios?<\/h2>\r\n<p>M\u00e1s probable. Los empleados que sufran lesiones durante el \u00e1mbito de su trabajo en Carolina del Norte generalmente tienen derecho a los beneficios de compensaci\u00f3n para trabajadores. Estos pueden incluir el pago de:<\/p>\r\n<ul>\r\n<li><strong>Gastos m\u00e9dicos<\/strong>. Estos incluyen las facturas m\u00e9dicas derivadas de su lesi\u00f3n, incluidos tratamientos, cirug\u00edas, seguimiento, especialistas, terapias y recetas.<\/li>\r\n<li><strong>Salarios perdidos<\/strong>. Dependiendo de la extensi\u00f3n de sus lesiones, es posible que no pueda regresar a su trabajo. Los beneficios por p\u00e9rdida de salario se conocen como \u00abIncapacidad total temporal\u00bb e \u00abIncapacidad parcial temporal\u00bb.<\/li>\r\n<li><strong>Entrenamiento vocacional<\/strong>. Si puede volver a trabajar, pero en un tipo de puesto diferente debido a sus lesiones, estos beneficios brindan capacitaci\u00f3n laboral o ayuda con la b\u00fasqueda de empleo, entrevistas y gastos de matr\u00edcula.<\/li>\r\n<li><strong>Desfiguraci\u00f3n o cicatrizaci\u00f3n<\/strong>. Estos beneficios est\u00e1n disponibles cuando una lesi\u00f3n lo deja con desfiguraci\u00f3n permanente, cicatrices o da\u00f1o a \u00f3rganos internos.<\/li>\r\n<li><strong>Beneficios por muerte<\/strong>. La compensaci\u00f3n para trabajadores tambi\u00e9n brinda beneficios por muerte en el caso tr\u00e1gico de que un empleado sufra un accidente fatal en el trabajo.<\/li>\r\n<\/ul>\r\n<p>Los abogados de Charlotte en Price, Petho &amp; Asociados pueden explicarle los beneficios a los que puede tener derecho en su consulta inicial.<\/p>\r\n<h2>\u00bfPueden ayudarme sus abogados de Charlotte incluso si estoy en un sindicato?<\/h2>\r\n<p>Si podemos. Nuestro equipo legal tiene d\u00e9cadas de experiencia en el manejo de reclamos de compensaci\u00f3n laboral para empleados de aeropuertos y aerol\u00edneas, as\u00ed como en la representaci\u00f3n de los intereses de los empleados sindicalizados. Tanto los empleados privados como los sindicalizados tienen el derecho y la opci\u00f3n de trabajar con sus propios abogados, quienes pueden representar sus intereses personales (y no solo los del sindicato) para asegurar la compensaci\u00f3n a la que tienen derecho.<\/p>\r\n<p>En Price, Petho &amp; Asociados, trabajamos con una variedad de empleados sindicales, incluida la Asociaci\u00f3n Nacional de Controladores de Tr\u00e1nsito A\u00e9reo (NATCA), la Asociaci\u00f3n de Asistentes de Vuelo (AFA), Teamsters, AFL-CIO, la Asociaci\u00f3n de Pilotos de L\u00edneas A\u00e9reas y la Asociaci\u00f3n Nacional de Tr\u00e1fico A\u00e9reo. Asociaci\u00f3n de Controladores.<\/p>\r\n<p><img decoding=\"async\" title=\"Price-Attorneys-Offices\" src=\"https:\/\/priceattorneys.com\/wp-content\/uploads\/2022\/03\/Price-Attorneys-Offices.jpg\" alt=\"Price Petho &amp; Associates in Charlotte, NC\" width=\"770\" height=\"499\" \/><\/p>\r\n<h2>\u00bfC\u00f3mo puede un abogado de compensaci\u00f3n de trabajadores de una aerol\u00ednea ayudar a mi reclamo denegado?<\/h2>\r\n<p>Nuestros abogados de compensaci\u00f3n laboral de Charlotte brindan asistencia legal experimentada para garantizar que su reclamo se prepare y presente correctamente la primera vez, lo que ayuda a reducir las demoras innecesarias. Podemos:<\/p>\r\n<ul>\r\n<li>Investigue su caso, recopilando pruebas e informaci\u00f3n para defenderse de la l\u00ednea a\u00e9rea. negaci\u00f3n de su reclamo. Esto puede incluir declaraciones de testigos y cualquier evidencia escrita, en video o fotogr\u00e1fica del incidente que caus\u00f3 sus lesiones.<\/li>\r\n<li>Consulte con sus m\u00e9dicos, as\u00ed como con otros expertos m\u00e9dicos para mostrar el alcance de sus lesiones.<\/li>\r\n<li>Prepare y presente su caso con habilidad y eficacia en audiencias y\/o apelaciones ante la Comisi\u00f3n Industrial de Carolina del Norte.<\/li>\r\n<li>Negocie el mejor acuerdo o arreglo posible para su reclamo de compensaci\u00f3n laboral, seg\u00fan sus lesiones y circunstancias espec\u00edficas.<\/li>\r\n<\/ul>\r\n<p>Finalmente, podemos responder todas y cada una de sus preguntas sobre el proceso de compensaci\u00f3n de trabajadores de Charlotte en una consulta gratuita.<\/p>\r\n<h2>\u00bfCon qu\u00e9 empleados de aerol\u00edneas trabajan sus abogados de Charlotte?<\/h2>\r\n<p>Los abogados de Price, Petho &amp; Asociados se enorgullecen de trabajar con empleados de aerol\u00edneas y aeropuertos de aerol\u00edneas que prestan servicios en el \u00e1rea de Charlotte y m\u00e1s, incluidos<\/p>\r\n<ul>\r\n<li>Aire canad\u00e1<\/li>\r\n<li>Aerol\u00edneas americanas<\/li>\r\n<li>L\u00edneas a\u00e9reas de contorno<\/li>\r\n<li>Aerol\u00edneas delta<\/li>\r\n<li>Aerol\u00edneas FedEx<\/li>\r\n<li>Aerol\u00edneas fronterizas<\/li>\r\n<li>Aerol\u00edneas JetBlue<\/li>\r\n<li>Lufthansa<\/li>\r\n<\/ul>\r\n<ul>\r\n<li>Aerol\u00edneas suroeste<\/li>\r\n<li>Aerol\u00edneas espirituales<\/li>\r\n<li>Aire veloz<\/li>\r\n<li>Aerol\u00edneas del pa\u00eds del sol<\/li>\r\n<li>Aerol\u00edneas Unidas<\/li>\r\n<li>Expreso de vacaciones<\/li>\r\n<li>Viva Aerob\u00fas<\/li>\r\n<li>Volaris<\/li>\r\n<\/ul>\r\n<h2>\u00bfHay un abogado de compensaci\u00f3n de trabajadores cerca de m\u00ed?<\/h2>\r\n<p>Price, Petho &amp; Asociados tiene oficinas en 1430 Elizabeth Ave en Charlotte. Tambi\u00e9n mantenemos oficinas en Rockingham y Rutherfordton. Si no puede acudir a nosotros, podemos hacer arreglos para visitarlo en su casa o en el hospital.<\/p>\r\n<h3>Abogados tenaces de compensaci\u00f3n laboral sirviendo a Charlotte<\/h3>\r\n<p>Price, Petho &amp; Asociados brinda una representaci\u00f3n agresiva a los empleados lesionados de aeropuertos y aerol\u00edneas. Tenemos un conocimiento detallado de las leyes federales y estatales, y hemos guiado a innumerables clientes a acuerdos exitosos. Nuestros abogados de compensaci\u00f3n laboral de Charlotte llevan a cabo una investigaci\u00f3n exhaustiva, recopilan pruebas y lo representan con habilidad y conocimiento tanto en negociaciones como en litigios. Para programar una consulta gratuita, llame al <a href=\"tel:7043722160\">704-372-2160<\/a> o llena nuestro Formulario de contacto. Servimos a los trabajadores en Charlotte, Rockingham, Rutherfordton, Carolina del Norte y Carolina del Sur.<\/p>\r\n","protected":false},"excerpt":{"rendered":"<p>Abogados de lesiones de empleados de aerol\u00edneas y aeropuertos de Charlotte Representaci\u00f3n de compensaci\u00f3n laboral para trabajadores lesionados en Carolina del Norte Los empleados de aerol\u00edneas y aeropuertos se enfrentan a condiciones dif\u00edciles como parte de su trabajo. Trabajar en el manejo de equipaje, en la pista y en mantenimiento, as\u00ed como de pilotos y&hellip;<\/p>\n","protected":false},"author":1,"featured_media":0,"parent":5187,"menu_order":0,"comment_status":"closed","ping_status":"closed","template":"","meta":{"footnotes":""},"class_list":["post-5224","page","type-page","status-publish","hentry"],"yoast_head":"<!-- This site is optimized with the Yoast SEO plugin v27.4 - https:\/\/yoast.com\/product\/yoast-seo-wordpress\/ -->\n<title>Empleados de Aerol\u00edneas y Aeropuertos | Price Petho &amp; Associates, Personal Injury Attorneys<\/title>\n<meta name=\"robots\" content=\"index, follow, max-snippet:-1, max-image-preview:large, max-video-preview:-1\" \/>\n<link rel=\"canonical\" href=\"https:\/\/priceattorneys.com\/es\/compensacion-de-trabajadores\/empleados-de-aerolineas-y-aeropuertos\/\" \/>\n<meta property=\"og:locale\" content=\"es_ES\" \/>\n<meta property=\"og:type\" content=\"article\" \/>\n<meta property=\"og:title\" content=\"Empleados de Aerol\u00edneas y Aeropuertos | Price Petho &amp; Associates, Personal Injury Attorneys\" \/>\n<meta property=\"og:description\" content=\"Abogados de lesiones de empleados de aerol\u00edneas y aeropuertos de Charlotte Representaci\u00f3n de compensaci\u00f3n laboral para trabajadores lesionados en Carolina del Norte Los empleados de aerol\u00edneas y aeropuertos se enfrentan a condiciones dif\u00edciles como parte de su trabajo. Trabajar en el manejo de equipaje, en la pista y en mantenimiento, as\u00ed como de pilotos y&hellip;\" \/>\n<meta property=\"og:url\" content=\"https:\/\/priceattorneys.com\/es\/compensacion-de-trabajadores\/empleados-de-aerolineas-y-aeropuertos\/\" \/>\n<meta property=\"og:site_name\" content=\"Price Petho &amp; Associates, Personal Injury Attorneys\" \/>\n<meta property=\"article:modified_time\" content=\"2022-05-02T15:33:05+00:00\" \/>\n<meta property=\"og:image\" content=\"https:\/\/priceattorneys.com\/wp-content\/uploads\/2022\/03\/Airline.jpg\" \/>\n<meta name=\"twitter:card\" content=\"summary_large_image\" \/>\n<meta name=\"twitter:label1\" content=\"Tiempo de lectura\" \/>\n\t<meta name=\"twitter:data1\" content=\"7 minutos\" \/>\n<script type=\"application\/ld+json\" class=\"yoast-schema-graph\">{\"@context\":\"https:\\\/\\\/schema.org\",\"@graph\":[{\"@type\":\"WebPage\",\"@id\":\"https:\\\/\\\/priceattorneys.com\\\/es\\\/compensacion-de-trabajadores\\\/empleados-de-aerolineas-y-aeropuertos\\\/\",\"url\":\"https:\\\/\\\/priceattorneys.com\\\/es\\\/compensacion-de-trabajadores\\\/empleados-de-aerolineas-y-aeropuertos\\\/\",\"name\":\"Empleados de Aerol\u00edneas y Aeropuertos | Price Petho &amp; Associates, Personal Injury Attorneys\",\"isPartOf\":{\"@id\":\"https:\\\/\\\/priceattorneys.com\\\/es\\\/#website\"},\"primaryImageOfPage\":{\"@id\":\"https:\\\/\\\/priceattorneys.com\\\/es\\\/compensacion-de-trabajadores\\\/empleados-de-aerolineas-y-aeropuertos\\\/#primaryimage\"},\"image\":{\"@id\":\"https:\\\/\\\/priceattorneys.com\\\/es\\\/compensacion-de-trabajadores\\\/empleados-de-aerolineas-y-aeropuertos\\\/#primaryimage\"},\"thumbnailUrl\":\"https:\\\/\\\/priceattorneys.com\\\/wp-content\\\/uploads\\\/2022\\\/03\\\/Airline.jpg\",\"datePublished\":\"2020-06-15T05:23:49+00:00\",\"dateModified\":\"2022-05-02T15:33:05+00:00\",\"breadcrumb\":{\"@id\":\"https:\\\/\\\/priceattorneys.com\\\/es\\\/compensacion-de-trabajadores\\\/empleados-de-aerolineas-y-aeropuertos\\\/#breadcrumb\"},\"inLanguage\":\"es\",\"potentialAction\":[{\"@type\":\"ReadAction\",\"target\":[\"https:\\\/\\\/priceattorneys.com\\\/es\\\/compensacion-de-trabajadores\\\/empleados-de-aerolineas-y-aeropuertos\\\/\"]}]},{\"@type\":\"ImageObject\",\"inLanguage\":\"es\",\"@id\":\"https:\\\/\\\/priceattorneys.com\\\/es\\\/compensacion-de-trabajadores\\\/empleados-de-aerolineas-y-aeropuertos\\\/#primaryimage\",\"url\":\"https:\\\/\\\/priceattorneys.com\\\/wp-content\\\/uploads\\\/2022\\\/03\\\/Airline.jpg\",\"contentUrl\":\"https:\\\/\\\/priceattorneys.com\\\/wp-content\\\/uploads\\\/2022\\\/03\\\/Airline.jpg\"},{\"@type\":\"BreadcrumbList\",\"@id\":\"https:\\\/\\\/priceattorneys.com\\\/es\\\/compensacion-de-trabajadores\\\/empleados-de-aerolineas-y-aeropuertos\\\/#breadcrumb\",\"itemListElement\":[{\"@type\":\"ListItem\",\"position\":1,\"name\":\"Home\",\"item\":\"https:\\\/\\\/priceattorneys.com\\\/es\\\/\"},{\"@type\":\"ListItem\",\"position\":2,\"name\":\"Compensaci\u00f3n de Trabajadores\",\"item\":\"https:\\\/\\\/priceattorneys.com\\\/es\\\/compensacion-de-trabajadores\\\/\"},{\"@type\":\"ListItem\",\"position\":3,\"name\":\"Empleados de Aerol\u00edneas y Aeropuertos\"}]},{\"@type\":\"WebSite\",\"@id\":\"https:\\\/\\\/priceattorneys.com\\\/es\\\/#website\",\"url\":\"https:\\\/\\\/priceattorneys.com\\\/es\\\/\",\"name\":\"Price Petho &amp; Associates, Personal Injury Attorneys\",\"description\":\"Charlotte Personal Injury Lawyers\",\"potentialAction\":[{\"@type\":\"SearchAction\",\"target\":{\"@type\":\"EntryPoint\",\"urlTemplate\":\"https:\\\/\\\/priceattorneys.com\\\/es\\\/?s={search_term_string}\"},\"query-input\":{\"@type\":\"PropertyValueSpecification\",\"valueRequired\":true,\"valueName\":\"search_term_string\"}}],\"inLanguage\":\"es\"}]}<\/script>\n<!-- \/ Yoast SEO plugin. -->","yoast_head_json":{"title":"Empleados de Aerol\u00edneas y Aeropuertos | Price Petho &amp; Associates, Personal Injury Attorneys","robots":{"index":"index","follow":"follow","max-snippet":"max-snippet:-1","max-image-preview":"max-image-preview:large","max-video-preview":"max-video-preview:-1"},"canonical":"https:\/\/priceattorneys.com\/es\/compensacion-de-trabajadores\/empleados-de-aerolineas-y-aeropuertos\/","og_locale":"es_ES","og_type":"article","og_title":"Empleados de Aerol\u00edneas y Aeropuertos | Price Petho &amp; Associates, Personal Injury Attorneys","og_description":"Abogados de lesiones de empleados de aerol\u00edneas y aeropuertos de Charlotte Representaci\u00f3n de compensaci\u00f3n laboral para trabajadores lesionados en Carolina del Norte Los empleados de aerol\u00edneas y aeropuertos se enfrentan a condiciones dif\u00edciles como parte de su trabajo. Trabajar en el manejo de equipaje, en la pista y en mantenimiento, as\u00ed como de pilotos y&hellip;","og_url":"https:\/\/priceattorneys.com\/es\/compensacion-de-trabajadores\/empleados-de-aerolineas-y-aeropuertos\/","og_site_name":"Price Petho &amp; Associates, Personal Injury Attorneys","article_modified_time":"2022-05-02T15:33:05+00:00","og_image":[{"url":"https:\/\/priceattorneys.com\/wp-content\/uploads\/2022\/03\/Airline.jpg","type":"","width":"","height":""}],"twitter_card":"summary_large_image","twitter_misc":{"Tiempo de lectura":"7 minutos"},"schema":{"@context":"https:\/\/schema.org","@graph":[{"@type":"WebPage","@id":"https:\/\/priceattorneys.com\/es\/compensacion-de-trabajadores\/empleados-de-aerolineas-y-aeropuertos\/","url":"https:\/\/priceattorneys.com\/es\/compensacion-de-trabajadores\/empleados-de-aerolineas-y-aeropuertos\/","name":"Empleados de Aerol\u00edneas y Aeropuertos | Price Petho &amp; Associates, Personal Injury Attorneys","isPartOf":{"@id":"https:\/\/priceattorneys.com\/es\/#website"},"primaryImageOfPage":{"@id":"https:\/\/priceattorneys.com\/es\/compensacion-de-trabajadores\/empleados-de-aerolineas-y-aeropuertos\/#primaryimage"},"image":{"@id":"https:\/\/priceattorneys.com\/es\/compensacion-de-trabajadores\/empleados-de-aerolineas-y-aeropuertos\/#primaryimage"},"thumbnailUrl":"https:\/\/priceattorneys.com\/wp-content\/uploads\/2022\/03\/Airline.jpg","datePublished":"2020-06-15T05:23:49+00:00","dateModified":"2022-05-02T15:33:05+00:00","breadcrumb":{"@id":"https:\/\/priceattorneys.com\/es\/compensacion-de-trabajadores\/empleados-de-aerolineas-y-aeropuertos\/#breadcrumb"},"inLanguage":"es","potentialAction":[{"@type":"ReadAction","target":["https:\/\/priceattorneys.com\/es\/compensacion-de-trabajadores\/empleados-de-aerolineas-y-aeropuertos\/"]}]},{"@type":"ImageObject","inLanguage":"es","@id":"https:\/\/priceattorneys.com\/es\/compensacion-de-trabajadores\/empleados-de-aerolineas-y-aeropuertos\/#primaryimage","url":"https:\/\/priceattorneys.com\/wp-content\/uploads\/2022\/03\/Airline.jpg","contentUrl":"https:\/\/priceattorneys.com\/wp-content\/uploads\/2022\/03\/Airline.jpg"},{"@type":"BreadcrumbList","@id":"https:\/\/priceattorneys.com\/es\/compensacion-de-trabajadores\/empleados-de-aerolineas-y-aeropuertos\/#breadcrumb","itemListElement":[{"@type":"ListItem","position":1,"name":"Home","item":"https:\/\/priceattorneys.com\/es\/"},{"@type":"ListItem","position":2,"name":"Compensaci\u00f3n de Trabajadores","item":"https:\/\/priceattorneys.com\/es\/compensacion-de-trabajadores\/"},{"@type":"ListItem","position":3,"name":"Empleados de Aerol\u00edneas y Aeropuertos"}]},{"@type":"WebSite","@id":"https:\/\/priceattorneys.com\/es\/#website","url":"https:\/\/priceattorneys.com\/es\/","name":"Price Petho &amp; Associates, Personal Injury Attorneys","description":"Charlotte Personal Injury Lawyers","potentialAction":[{"@type":"SearchAction","target":{"@type":"EntryPoint","urlTemplate":"https:\/\/priceattorneys.com\/es\/?s={search_term_string}"},"query-input":{"@type":"PropertyValueSpecification","valueRequired":true,"valueName":"search_term_string"}}],"inLanguage":"es"}]}},"_links":{"self":[{"href":"https:\/\/priceattorneys.com\/es\/wp-json\/wp\/v2\/pages\/5224","targetHints":{"allow":["GET"]}}],"collection":[{"href":"https:\/\/priceattorneys.com\/es\/wp-json\/wp\/v2\/pages"}],"about":[{"href":"https:\/\/priceattorneys.com\/es\/wp-json\/wp\/v2\/types\/page"}],"author":[{"embeddable":true,"href":"https:\/\/priceattorneys.com\/es\/wp-json\/wp\/v2\/users\/1"}],"replies":[{"embeddable":true,"href":"https:\/\/priceattorneys.com\/es\/wp-json\/wp\/v2\/comments?post=5224"}],"version-history":[{"count":0,"href":"https:\/\/priceattorneys.com\/es\/wp-json\/wp\/v2\/pages\/5224\/revisions"}],"up":[{"embeddable":true,"href":"https:\/\/priceattorneys.com\/es\/wp-json\/wp\/v2\/pages\/5187"}],"wp:attachment":[{"href":"https:\/\/priceattorneys.com\/es\/wp-json\/wp\/v2\/media?parent=5224"}],"curies":[{"name":"wp","href":"https:\/\/api.w.org\/{rel}","templated":true}]}}