{"id":5228,"date":"2020-06-15T05:49:30","date_gmt":"2020-06-15T05:49:30","guid":{"rendered":"https:\/\/priceattorneys.com\/?page_id=5228"},"modified":"2022-05-02T15:29:48","modified_gmt":"2022-05-02T15:29:48","slug":"empleados-de-restaurante","status":"publish","type":"page","link":"https:\/\/priceattorneys.com\/es\/compensacion-de-trabajadores\/empleados-de-restaurante\/","title":{"rendered":"Empleados de Restaurante"},"content":{"rendered":"\n\n\t\t\t\t<img decoding=\"async\" src=\"https:\/\/priceattorneys.com\/wp-content\/uploads\/2022\/03\/restaurant-waiter.jpg\" alt=\"restaurant waiter\" itemprop=\"image\" height=\"621\" width=\"1245\" title=\"restaurant waiter\" onerror=\"this.style.display='none'\"  \/>\n\t<h1>Abogados de Lesiones de Empleados de Restaurantes de Charlotte<\/h1>\n<h2>Defendiendo los derechos de los trabajadores del servicio de alimentos heridos en el trabajo en Carolina del Norte<\/h2>\n<p>Los trabajadores de restaurantes est\u00e1n expuestos a un ambiente de trabajo peligroso todos los d\u00edas. Desde establecimientos de comida r\u00e1pida hasta restaurantes con estrella Michelin, existen muchos riesgos que pueden resultar en lesiones graves. Los restaurantes, las tiendas de delicatessen y cualquier lugar que sirva comidas y bebidas tienen un alto potencial de accidentes. Los l\u00edquidos derramados y las superficies calientes son solo algunos de los peligros que pueden dejar a un trabajador fuera de servicio durante d\u00edas o semanas, lo que le cuesta valiosos cheques de pago.<\/p>\n<p>Si trabaja en un restaurante y sufre un accidente y una lesi\u00f3n, puede presentar un reclamo de beneficios de compensaci\u00f3n para trabajadores. En Price, Petho &amp; Asociados, estamos comprometidos a ayudar a los empleados de restaurantes lesionados en todo el estado. Ya sea que su empleador o su compa\u00f1\u00eda de seguros nieguen o discutan su reclamo, nuestros abogados de compensaci\u00f3n laboral de Charlotte proteger\u00e1n sus derechos y mejores intereses.<\/p>\n\t<h2>\u00bfQu\u00e9 le gustar\u00eda saber?<\/h2>\n\t<ul>\n<li><a href=\"#FAQ1\">\u00bfCu\u00e1les son las lesiones m\u00e1s comunes que experimentan los trabajadores de restaurantes?<\/a><\/li>\n<li><a href=\"#FAQ2\">\u00bfTengo derecho a compensaci\u00f3n laboral si me lesiono en el trabajo en Charlotte?<\/a><\/li>\n<li><a href=\"#FAQ3\">\u00bfA qu\u00e9 beneficios tienen derecho los trabajadores de restaurantes lesionados?<\/a><\/li>\n<li><a href=\"#FAQ4\">\u00bfQu\u00e9 pasa si las lesiones de un empleado del restaurante fueron causadas por negligencia?<\/a><\/li>\n<li><a href=\"#FAQ5\">\u00bfHay un abogado de compensaci\u00f3n laboral cerca de m\u00ed?<\/a><\/li>\n<\/ul>\n\t\t\t\t<img decoding=\"async\" src=\"https:\/\/priceattorneys.com\/wp-content\/uploads\/2022\/03\/restaurant-workers.jpg\" alt=\"restaurant workers\" itemprop=\"image\" height=\"1000\" width=\"800\" title=\"restaurant workers\" onerror=\"this.style.display='none'\"  \/>\n\t<h2>\u00bfCu\u00e1les son las lesiones m\u00e1s comunes que experimentan los trabajadores de restaurantes?<\/h2>\n<p>Sufrir una lesi\u00f3n grave puede resultar en perder un tiempo significativo del trabajo o incluso poner fin a su carrera en la industria de restaurantes. La situaci\u00f3n empeora a medida que se acumulan las facturas m\u00e9dicas. Sus lesiones le impiden trabajar para pagar esos gastos.<\/p>\n<p>Las causas comunes de lesiones en la industria de restaurantes incluyen:<\/p>\n<ul>\n<li>Suelos resbaladizos<\/li>\n<li>Cuchillos afilados y utensilios de cocina.<\/li>\n<li>Aceite o grasa caliente<\/li>\n<li>Superficies calientes<\/li>\n<li>Levantar o mover objetos pesados<\/li>\n<li>Exposici\u00f3n a productos qu\u00edmicos de limpieza peligrosos<\/li>\n<li>Mal funcionamiento o electrodom\u00e9sticos de cocina defectuosos<\/li>\n<\/ul>\n<p>Este tipo de accidentes pueden causar lesiones como:<\/p>\n<ul>\n<li><a href=\"https:\/\/priceattorneys.com\/es\/lesiones-personales\/lesiones-catastroficas\/lesiones-por-quemaduras\/\"><strong>Quemaduras<\/strong><\/a>. Con estufas, l\u00edquidos y platos calientes y agua hirviendo casi en todas partes en una cocina, los empleados de restaurantes corren un alto riesgo de lesiones por quemaduras. Los trabajadores del servicio de alimentos tienden a experimentar quemaduras a un ritmo mayor que los empleados de otras industrias.<\/li>\n<li><strong>Cortes y laceraciones<\/strong>. La preparaci\u00f3n de alimentos involucra cuchillos, rebanadoras de carne y queso, term\u00f3metros y otros objetos afilados. Los cristales rotos tambi\u00e9n provocan riesgos inesperados. Estas lesiones pueden causar cicatrices, p\u00e9rdida de sangre y, en el peor de los casos, lesiones por amputaci\u00f3n.<\/li>\n<li><strong>Lesiones por estr\u00e9s repetitivo<\/strong>. Aunque muchas lesiones en restaurantes y servicios de alimentos ocurren en accidentes repentinos, algunas tardan meses o incluso a\u00f1os en manifestarse. Estos tipos de problemas musculoesquel\u00e9ticos, como el dolor de espalda cr\u00f3nico, el s\u00edndrome del t\u00fanel carpiano, la tendinitis y otras lesiones tambi\u00e9n califican para los beneficios de compensaci\u00f3n para trabajadores de Charlotte.<\/li>\n<li><a href=\"https:\/\/priceattorneys.com\/es\/lesiones-personales\/accidentes-automovilisticos\/\"><strong>Accidentes automovil\u00edsticos<\/strong><\/a>. Los trabajadores de servicios de alimentos como proveedores de alimentos, chefs personales o repartidores a menudo viajan a diferentes sitios para hacer su trabajo. Si ocurre un accidente automovil\u00edstico mientras trabaja, la compensaci\u00f3n para trabajadores puede ayudar a cubrir los costos del tratamiento m\u00e9dico y la p\u00e9rdida de cheques de pago.<\/li>\n<\/ul>\n<p>En general, cualquier enfermedad, lesi\u00f3n o condici\u00f3n sufrida durante sus funciones laborales lo hace elegible para los beneficios de compensaci\u00f3n para trabajadores, siempre que sea lo suficientemente grave como para requerir atenci\u00f3n m\u00e9dica y evitar que trabaje.<\/p>\n\t<h2>\u00bfTengo derecho a compensaci\u00f3n laboral si me lesiono en el trabajo en Charlotte?<\/h2>\n<p>Los trabajadores de restaurantes lesionados pueden recuperarse beneficios de compensaci\u00f3n para trabajadores si su lesi\u00f3n ocurri\u00f3 dentro del alcance de sus deberes laborales. No necesita demostrar que su empleador fue negligente para recuperar la compensaci\u00f3n. Una vez que presente su reclamo, la compa\u00f1\u00eda de seguros de su empleador revisar\u00e1 la informaci\u00f3n y determinar\u00e1 si es v\u00e1lida o no.<\/p>\n<p>En algunos casos, es posible presentar un reclamo de terceros si sufri\u00f3 una lesi\u00f3n causada por la negligencia de alguien que no sea su empleador. Por ejemplo, si sufri\u00f3 una lesi\u00f3n por quemadura grave causada por un mal funcionamiento del horno que luego se revel\u00f3 como defectuoso, puede presentar una demanda por lesiones personales contra el fabricante del horno.<\/p>\n<p>En casos como estos, es posible que pueda reclamar da\u00f1os y perjuicios tanto de compensaci\u00f3n para trabajadores como reclamos por lesiones personales. Hable con nuestros abogados de Charlotte para obtener m\u00e1s informaci\u00f3n.<\/p>\n\t<h2>\u00bfA qu\u00e9 beneficios tienen derecho los trabajadores de restaurantes lesionados?<\/h2>\n<p>La compensaci\u00f3n para trabajadores es un programa destinado a cubrir a un empleado lesionado:<\/p>\n<ul>\n<li><strong>Atenci\u00f3n m\u00e9dica<\/strong>, incluidos los gastos relacionados con la lesi\u00f3n. Esto puede incluir visitas al m\u00e9dico, cualquier cirug\u00eda y tratamiento necesarios, seguimientos, medicamentos recetados y fisioterapia necesarios para ayudar a su recuperaci\u00f3n.<\/li>\n<li><strong>Salarios perdidos<\/strong>, destinado a ayudar a reemplazar los salarios perdidos durante su tiempo de recuperaci\u00f3n (si es m\u00e1s de una semana). Tiene derecho a una parte de su salario hasta que regrese al trabajo. Si no puede regresar a su trabajo, puede recibir beneficios por discapacidad parcial o total.<\/li>\n<li><strong>Cicatrizaci\u00f3n y desfiguraci\u00f3n<\/strong>, en caso de que sufra lesiones permanentes y que lo desfiguren, como la p\u00e9rdida de un miembro, una extremidad o la p\u00e9rdida de la vista o la audici\u00f3n.<\/li>\n<li><strong>Rehabilitacion vocacional<\/strong>, si no puede regresar a su trabajo actual pero podr\u00eda trabajar en otro rol. Estos beneficios pueden brindar capacitaci\u00f3n laboral o asistencia con la b\u00fasqueda de empleo, entrevistas y matr\u00edcula.<\/li>\n<li><strong>Beneficios por muerte<\/strong>, cuando un accidente o lesi\u00f3n es tan grave que un empleado pierde la vida. Estos beneficios se pagan a la familia oa los beneficiarios del trabajador.<\/li>\n<\/ul>\n\t\t\t\t<img decoding=\"async\" src=\"https:\/\/priceattorneys.com\/wp-content\/uploads\/2022\/03\/restaurant-waiter-benefits.jpg\" alt=\"restaurant waiter benefits\" itemprop=\"image\" height=\"499\" width=\"770\" title=\"restaurant waiter benefits\" onerror=\"this.style.display='none'\"  \/>\n\t<h2>\u00bfQu\u00e9 pasa si las lesiones de un empleado del restaurante fueron causadas por negligencia?<\/h2>\n<p>En algunos casos, los trabajadores pueden presentar un reclamo por lesiones personales de terceros por sus lesiones. Por lo general, cuando los empleados se lesionan durante el desempe\u00f1o de sus funciones laborales, la compensaci\u00f3n para trabajadores brinda beneficios y, a su vez, los trabajadores acuerdan no demandar a sus empleadores.<\/p>\n<p>Sin embargo, en ciertas circunstancias, los trabajadores lesionados pueden presentar un reclamo por lesiones personales. Primero, si nuestros abogados pueden demostrar que su empleador fue gravemente negligente y que esas condiciones causaron su accidente y lesiones, es posible que pueda presentar un reclamo por lesiones personales. Esto lo hace elegible para reclamar da\u00f1os por dolor y sufrimiento adem\u00e1s de otros beneficios.<\/p>\n<p>O, si un tercero intencional o imprudentemente caus\u00f3 su lesi\u00f3n, por ejemplo, a trav\u00e9s de un producto defectuoso, acciones bajo la influencia o agresi\u00f3n, es probable que tambi\u00e9n sea elegible para presentar un reclamo contra la parte o partes responsables.<\/p>\n\t<h2>\u00bfHay un abogado de compensaci\u00f3n de trabajadores cerca de m\u00ed?<\/h2>\n<p>Price, Petho &amp; Asociados tiene oficinas en 1430 Elizabeth Ave en Charlotte. Tambi\u00e9n mantenemos oficinas en Rockingham y Rutherfordton. Si no puede venir a nosotros, podemos hacer arreglos para visitarlo en su casa o en el hospital para su conveniencia.<\/p>\n<h3>Abogados de lesiones que defienden a los trabajadores de restaurantes en Charlotte<\/h3>\n<p>Ya sea que sea un mesero, un cocinero de l\u00ednea, un chef o cualquier otro empleado del servicio de alimentos, tiene derecho a recuperar los beneficios en caso de una lesi\u00f3n o enfermedad. Los abogados de compensaci\u00f3n laboral de Charlotte en Price, Petho &amp; Asociados ayudan con reclamos retrasados \u200b\u200bo denegados, as\u00ed como tambi\u00e9n aseguran que obtenga una compensaci\u00f3n justa y adecuada para una recuperaci\u00f3n exitosa de sus lesiones. Para programar su consulta, llame al <a href=\"tel:7043722160\">704-372-2160<\/a> o llena nuestro Formulario de contacto. Servimos a los trabajadores en Charlotte, Rockingham, Rutherfordton, Carolina del Norte y Carolina del Sur.<\/p>\n\n","protected":false},"excerpt":{"rendered":"<p>Abogados de Lesiones de Empleados de Restaurantes de Charlotte Defendiendo los derechos de los trabajadores del servicio de alimentos heridos en el trabajo en Carolina del Norte Los trabajadores de restaurantes est\u00e1n expuestos a un ambiente de trabajo peligroso todos los d\u00edas. Desde establecimientos de comida r\u00e1pida hasta restaurantes con estrella Michelin, existen muchos riesgos&hellip;<\/p>\n","protected":false},"author":1,"featured_media":0,"parent":5187,"menu_order":0,"comment_status":"closed","ping_status":"closed","template":"","meta":{"footnotes":""},"class_list":["post-5228","page","type-page","status-publish","hentry"],"yoast_head":"<!-- This site is optimized with the Yoast SEO plugin v27.3 - https:\/\/yoast.com\/product\/yoast-seo-wordpress\/ -->\n<title>Empleados de Restaurante | Price Petho &amp; Associates, Personal Injury Attorneys<\/title>\n<meta name=\"robots\" content=\"index, follow, max-snippet:-1, max-image-preview:large, max-video-preview:-1\" \/>\n<link rel=\"canonical\" href=\"https:\/\/priceattorneys.com\/es\/compensacion-de-trabajadores\/empleados-de-restaurante\/\" \/>\n<meta property=\"og:locale\" content=\"es_ES\" \/>\n<meta property=\"og:type\" content=\"article\" \/>\n<meta property=\"og:title\" content=\"Empleados de Restaurante | Price Petho &amp; Associates, Personal Injury Attorneys\" \/>\n<meta property=\"og:description\" content=\"Abogados de Lesiones de Empleados de Restaurantes de Charlotte Defendiendo los derechos de los trabajadores del servicio de alimentos heridos en el trabajo en Carolina del Norte Los trabajadores de restaurantes est\u00e1n expuestos a un ambiente de trabajo peligroso todos los d\u00edas. Desde establecimientos de comida r\u00e1pida hasta restaurantes con estrella Michelin, existen muchos riesgos&hellip;\" \/>\n<meta property=\"og:url\" content=\"https:\/\/priceattorneys.com\/es\/compensacion-de-trabajadores\/empleados-de-restaurante\/\" \/>\n<meta property=\"og:site_name\" content=\"Price Petho &amp; Associates, Personal Injury Attorneys\" \/>\n<meta property=\"article:modified_time\" content=\"2022-05-02T15:29:48+00:00\" \/>\n<meta property=\"og:image\" content=\"https:\/\/priceattorneys.com\/wp-content\/uploads\/2022\/03\/restaurant-waiter.jpg\" \/>\n<meta name=\"twitter:card\" content=\"summary_large_image\" \/>\n<meta name=\"twitter:label1\" content=\"Tiempo de lectura\" \/>\n\t<meta name=\"twitter:data1\" content=\"7 minutos\" \/>\n<script type=\"application\/ld+json\" class=\"yoast-schema-graph\">{\"@context\":\"https:\\\/\\\/schema.org\",\"@graph\":[{\"@type\":\"WebPage\",\"@id\":\"https:\\\/\\\/priceattorneys.com\\\/es\\\/compensacion-de-trabajadores\\\/empleados-de-restaurante\\\/\",\"url\":\"https:\\\/\\\/priceattorneys.com\\\/es\\\/compensacion-de-trabajadores\\\/empleados-de-restaurante\\\/\",\"name\":\"Empleados de Restaurante | Price Petho &amp; Associates, Personal Injury Attorneys\",\"isPartOf\":{\"@id\":\"https:\\\/\\\/priceattorneys.com\\\/es\\\/#website\"},\"primaryImageOfPage\":{\"@id\":\"https:\\\/\\\/priceattorneys.com\\\/es\\\/compensacion-de-trabajadores\\\/empleados-de-restaurante\\\/#primaryimage\"},\"image\":{\"@id\":\"https:\\\/\\\/priceattorneys.com\\\/es\\\/compensacion-de-trabajadores\\\/empleados-de-restaurante\\\/#primaryimage\"},\"thumbnailUrl\":\"https:\\\/\\\/priceattorneys.com\\\/wp-content\\\/uploads\\\/2022\\\/03\\\/restaurant-waiter.jpg\",\"datePublished\":\"2020-06-15T05:49:30+00:00\",\"dateModified\":\"2022-05-02T15:29:48+00:00\",\"breadcrumb\":{\"@id\":\"https:\\\/\\\/priceattorneys.com\\\/es\\\/compensacion-de-trabajadores\\\/empleados-de-restaurante\\\/#breadcrumb\"},\"inLanguage\":\"es\",\"potentialAction\":[{\"@type\":\"ReadAction\",\"target\":[\"https:\\\/\\\/priceattorneys.com\\\/es\\\/compensacion-de-trabajadores\\\/empleados-de-restaurante\\\/\"]}]},{\"@type\":\"ImageObject\",\"inLanguage\":\"es\",\"@id\":\"https:\\\/\\\/priceattorneys.com\\\/es\\\/compensacion-de-trabajadores\\\/empleados-de-restaurante\\\/#primaryimage\",\"url\":\"https:\\\/\\\/priceattorneys.com\\\/wp-content\\\/uploads\\\/2022\\\/03\\\/restaurant-waiter.jpg\",\"contentUrl\":\"https:\\\/\\\/priceattorneys.com\\\/wp-content\\\/uploads\\\/2022\\\/03\\\/restaurant-waiter.jpg\"},{\"@type\":\"BreadcrumbList\",\"@id\":\"https:\\\/\\\/priceattorneys.com\\\/es\\\/compensacion-de-trabajadores\\\/empleados-de-restaurante\\\/#breadcrumb\",\"itemListElement\":[{\"@type\":\"ListItem\",\"position\":1,\"name\":\"Home\",\"item\":\"https:\\\/\\\/priceattorneys.com\\\/es\\\/\"},{\"@type\":\"ListItem\",\"position\":2,\"name\":\"Compensaci\u00f3n de Trabajadores\",\"item\":\"https:\\\/\\\/priceattorneys.com\\\/es\\\/compensacion-de-trabajadores\\\/\"},{\"@type\":\"ListItem\",\"position\":3,\"name\":\"Empleados de Restaurante\"}]},{\"@type\":\"WebSite\",\"@id\":\"https:\\\/\\\/priceattorneys.com\\\/es\\\/#website\",\"url\":\"https:\\\/\\\/priceattorneys.com\\\/es\\\/\",\"name\":\"Price Petho &amp; Associates, Personal Injury Attorneys\",\"description\":\"Charlotte Personal Injury Lawyers\",\"potentialAction\":[{\"@type\":\"SearchAction\",\"target\":{\"@type\":\"EntryPoint\",\"urlTemplate\":\"https:\\\/\\\/priceattorneys.com\\\/es\\\/?s={search_term_string}\"},\"query-input\":{\"@type\":\"PropertyValueSpecification\",\"valueRequired\":true,\"valueName\":\"search_term_string\"}}],\"inLanguage\":\"es\"}]}<\/script>\n<!-- \/ Yoast SEO plugin. -->","yoast_head_json":{"title":"Empleados de Restaurante | Price Petho &amp; Associates, Personal Injury Attorneys","robots":{"index":"index","follow":"follow","max-snippet":"max-snippet:-1","max-image-preview":"max-image-preview:large","max-video-preview":"max-video-preview:-1"},"canonical":"https:\/\/priceattorneys.com\/es\/compensacion-de-trabajadores\/empleados-de-restaurante\/","og_locale":"es_ES","og_type":"article","og_title":"Empleados de Restaurante | Price Petho &amp; Associates, Personal Injury Attorneys","og_description":"Abogados de Lesiones de Empleados de Restaurantes de Charlotte Defendiendo los derechos de los trabajadores del servicio de alimentos heridos en el trabajo en Carolina del Norte Los trabajadores de restaurantes est\u00e1n expuestos a un ambiente de trabajo peligroso todos los d\u00edas. Desde establecimientos de comida r\u00e1pida hasta restaurantes con estrella Michelin, existen muchos riesgos&hellip;","og_url":"https:\/\/priceattorneys.com\/es\/compensacion-de-trabajadores\/empleados-de-restaurante\/","og_site_name":"Price Petho &amp; Associates, Personal Injury Attorneys","article_modified_time":"2022-05-02T15:29:48+00:00","og_image":[{"url":"https:\/\/priceattorneys.com\/wp-content\/uploads\/2022\/03\/restaurant-waiter.jpg","type":"","width":"","height":""}],"twitter_card":"summary_large_image","twitter_misc":{"Tiempo de lectura":"7 minutos"},"schema":{"@context":"https:\/\/schema.org","@graph":[{"@type":"WebPage","@id":"https:\/\/priceattorneys.com\/es\/compensacion-de-trabajadores\/empleados-de-restaurante\/","url":"https:\/\/priceattorneys.com\/es\/compensacion-de-trabajadores\/empleados-de-restaurante\/","name":"Empleados de Restaurante | Price Petho &amp; Associates, Personal Injury Attorneys","isPartOf":{"@id":"https:\/\/priceattorneys.com\/es\/#website"},"primaryImageOfPage":{"@id":"https:\/\/priceattorneys.com\/es\/compensacion-de-trabajadores\/empleados-de-restaurante\/#primaryimage"},"image":{"@id":"https:\/\/priceattorneys.com\/es\/compensacion-de-trabajadores\/empleados-de-restaurante\/#primaryimage"},"thumbnailUrl":"https:\/\/priceattorneys.com\/wp-content\/uploads\/2022\/03\/restaurant-waiter.jpg","datePublished":"2020-06-15T05:49:30+00:00","dateModified":"2022-05-02T15:29:48+00:00","breadcrumb":{"@id":"https:\/\/priceattorneys.com\/es\/compensacion-de-trabajadores\/empleados-de-restaurante\/#breadcrumb"},"inLanguage":"es","potentialAction":[{"@type":"ReadAction","target":["https:\/\/priceattorneys.com\/es\/compensacion-de-trabajadores\/empleados-de-restaurante\/"]}]},{"@type":"ImageObject","inLanguage":"es","@id":"https:\/\/priceattorneys.com\/es\/compensacion-de-trabajadores\/empleados-de-restaurante\/#primaryimage","url":"https:\/\/priceattorneys.com\/wp-content\/uploads\/2022\/03\/restaurant-waiter.jpg","contentUrl":"https:\/\/priceattorneys.com\/wp-content\/uploads\/2022\/03\/restaurant-waiter.jpg"},{"@type":"BreadcrumbList","@id":"https:\/\/priceattorneys.com\/es\/compensacion-de-trabajadores\/empleados-de-restaurante\/#breadcrumb","itemListElement":[{"@type":"ListItem","position":1,"name":"Home","item":"https:\/\/priceattorneys.com\/es\/"},{"@type":"ListItem","position":2,"name":"Compensaci\u00f3n de Trabajadores","item":"https:\/\/priceattorneys.com\/es\/compensacion-de-trabajadores\/"},{"@type":"ListItem","position":3,"name":"Empleados de Restaurante"}]},{"@type":"WebSite","@id":"https:\/\/priceattorneys.com\/es\/#website","url":"https:\/\/priceattorneys.com\/es\/","name":"Price Petho &amp; Associates, Personal Injury Attorneys","description":"Charlotte Personal Injury Lawyers","potentialAction":[{"@type":"SearchAction","target":{"@type":"EntryPoint","urlTemplate":"https:\/\/priceattorneys.com\/es\/?s={search_term_string}"},"query-input":{"@type":"PropertyValueSpecification","valueRequired":true,"valueName":"search_term_string"}}],"inLanguage":"es"}]}},"_links":{"self":[{"href":"https:\/\/priceattorneys.com\/es\/wp-json\/wp\/v2\/pages\/5228","targetHints":{"allow":["GET"]}}],"collection":[{"href":"https:\/\/priceattorneys.com\/es\/wp-json\/wp\/v2\/pages"}],"about":[{"href":"https:\/\/priceattorneys.com\/es\/wp-json\/wp\/v2\/types\/page"}],"author":[{"embeddable":true,"href":"https:\/\/priceattorneys.com\/es\/wp-json\/wp\/v2\/users\/1"}],"replies":[{"embeddable":true,"href":"https:\/\/priceattorneys.com\/es\/wp-json\/wp\/v2\/comments?post=5228"}],"version-history":[{"count":0,"href":"https:\/\/priceattorneys.com\/es\/wp-json\/wp\/v2\/pages\/5228\/revisions"}],"up":[{"embeddable":true,"href":"https:\/\/priceattorneys.com\/es\/wp-json\/wp\/v2\/pages\/5187"}],"wp:attachment":[{"href":"https:\/\/priceattorneys.com\/es\/wp-json\/wp\/v2\/media?parent=5228"}],"curies":[{"name":"wp","href":"https:\/\/api.w.org\/{rel}","templated":true}]}}