{"id":5232,"date":"2020-06-15T05:55:28","date_gmt":"2020-06-15T05:55:28","guid":{"rendered":"https:\/\/priceattorneys.com\/?page_id=5232"},"modified":"2022-05-02T15:38:17","modified_gmt":"2022-05-02T15:38:17","slug":"negaciones-de-compensacion-para-trabajadores","status":"publish","type":"page","link":"https:\/\/priceattorneys.com\/es\/compensacion-de-trabajadores\/negaciones-de-compensacion-para-trabajadores\/","title":{"rendered":"Negaciones de Compensaci\u00f3n para Trabajadores"},"content":{"rendered":"\n\n\t\t\t\t<img decoding=\"async\" src=\"https:\/\/priceattorneys.com\/wp-content\/uploads\/2022\/03\/Workers-Comp-Claim-Denied.jpg\" alt=\"Workers Comp Claim Denied\" itemprop=\"image\" height=\"621\" width=\"1245\" title=\"Workers Comp Claim Denied\" onerror=\"this.style.display='none'\"  \/>\n\t<h1>Abogados de Negaci\u00f3n de Compensaci\u00f3n para Trabajadores de Charlotte<\/h1>\n<h2>Ayudando a trabajadores lesionados con denegaciones y apelaciones en Carolina del Norte<\/h2>\n<p>Cuando los empleados se lesionan en el trabajo, pueden reclamar beneficios presentando un reclamo de compensaci\u00f3n para trabajadores. Desafortunadamente, los reclamos v\u00e1lidos a menudo se niegan por una multitud de razones, lo que deja a los empleados lesionados luchando con deudas m\u00e9dicas insuperables y otras p\u00e9rdidas financieras. Afortunadamente, es posible apelar un reclamo de compensaci\u00f3n para trabajadores denegado. Si tiene \u00e9xito, recibir\u00e1 beneficios para facilitar su recuperaci\u00f3n y recuperar sus p\u00e9rdidas financieras.<\/p>\n<p>Su mejor oportunidad de presentar una apelaci\u00f3n exitosa es contratar los servicios de un abogado con experiencia en Charlotte. En Price, Petho &amp; Asociados, representamos reclamos y apelaciones de compensaci\u00f3n para trabajadores desde 1979. Deje que nuestro equipo lo ayude a presentar una apelaci\u00f3n efectiva y trabaje para otorgarle los beneficios que necesita para garantizar su calidad de vida, ahora y en el futuro.<\/p>\n\t<h2>\u00bfQu\u00e9 le gustar\u00eda saber?<\/h2>\n\t<ul>\n<li><a href=\"#FAQ1\">\u00bfPor qu\u00e9 se deneg\u00f3 mi reclamo de compensaci\u00f3n para trabajadores de Charlotte?<\/a><\/li>\n<li><a href=\"#FAQ2\">\u00bfQu\u00e9 sucede despu\u00e9s de que se niega mi reclamo de compensaci\u00f3n para trabajadores de Charlotte?<\/a><\/li>\n<li><a href=\"#FAQ3\">\u00bfC\u00f3mo funciona el proceso de apelaciones de compensaci\u00f3n para trabajadores?<\/a><\/li>\n<li><a href=\"#FAQ4\">\u00bfC\u00f3mo puedo construir un reclamo s\u00f3lido de compensaci\u00f3n para trabajadores en Charlotte?<\/a><\/li>\n<li><a href=\"#FAQ5\">\u00bfHay un abogado de compensaci\u00f3n de trabajadores cerca de m\u00ed?<\/a><\/li>\n<\/ul>\n\t\t\t\t<img decoding=\"async\" src=\"https:\/\/priceattorneys.com\/wp-content\/uploads\/2022\/03\/Workers-Comp-Claim-Denied-2.jpg\" alt=\"Workers Comp Claim Denied 2\" itemprop=\"image\" height=\"937\" width=\"800\" title=\"Workers Comp Claim Denied 2\" onerror=\"this.style.display='none'\"  \/>\n\t<h2>\u00bfPor qu\u00e9 se deneg\u00f3 mi reclamo de compensaci\u00f3n para trabajadores de Charlotte?<\/h2>\n<p>Desafortunadamente, no es raro que una compa\u00f1\u00eda de seguros niegue la autorizaci\u00f3n inicial de un empleado. <a href=\"https:\/\/priceattorneys.com\/es\/compensacion-de-trabajadores\/\">reclamo de compensaci\u00f3n de trabajadores<\/a>. De hecho, las razones m\u00e1s comunes por las que se niega un reclamo son que un empleado inform\u00f3 incorrectamente el reclamo o lo present\u00f3 demasiado tarde.<\/p>\n<p>Incluso si presenta su reclamo correctamente, su empleador puede negarlo de todos modos, bloqueando su acceso a los beneficios que probablemente ya necesita. Seg\u00fan nuestra experiencia, esto suele deberse a que un empleador no quiere pagar primas m\u00e1s altas. Este es un buen momento para conseguir un abogado de su lado para comenzar a construir un caso s\u00f3lido para asegurar los beneficios.<\/p>\n<p>Su reclamo puede haber sido denegado por una variedad de razones:<\/p>\n<ul>\n<li><strong>Plazos incumplidos<\/strong>. El no informar una lesi\u00f3n puede resultar en la denegaci\u00f3n de un reclamo. La ley de Carolina del Norte requiere que los trabajadores lesionados llenen <a href=\"http:\/\/www.ic.nc.gov\/forms\/form18a.pdf\">Formulario 18<\/a> y entreg\u00e1rselo a su empleador lo antes posible o dentro de los 30 d\u00edas. Enviar la documentaci\u00f3n lo antes posible aumenta sus posibilidades de \u00e9xito en el reclamo: visite el <a href=\"https:\/\/www.ic.nc.gov\/claimants.html\">Comisi\u00f3n Industrial de Carolina del Norte<\/a> (NCIC) para obtener m\u00e1s informaci\u00f3n.<\/li>\n<li><strong>Informaci\u00f3n inadecuada<\/strong>. Otro motivo com\u00fan de denegaci\u00f3n es la falta de informaci\u00f3n. Esto puede ser algo tan peque\u00f1o como olvidarse de completar algunas casillas o no proporcionar suficiente informaci\u00f3n m\u00e9dica para demostrar que sus lesiones son lo suficientemente graves como para justificar los beneficios.<\/li>\n<li><strong>Lesi\u00f3n fuera del \u00e1mbito del empleo<\/strong>. Si su empleador determina que su lesi\u00f3n o accidente no ocurri\u00f3 en el trabajo, tambi\u00e9n rechazar\u00e1 su reclamo. La compensaci\u00f3n para trabajadores solo cubre lesiones y condiciones que resultan de incidentes relacionados con el empleo.<\/li>\n<li><strong>Lesiones autoinfligidas<\/strong>. La compensaci\u00f3n para trabajadores tambi\u00e9n proh\u00edbe cobrar beneficios cuando las lesiones resultan de intoxicaci\u00f3n o mala conducta intencional.<\/li>\n<li><strong>Sin causalidad<\/strong>. Si su empleador no puede establecer una conexi\u00f3n entre el incidente y sus lesiones, es probable que rechace su reclamo. Nuestros abogados pueden trabajar con sus m\u00e9dicos y obtener segundas opiniones para ayudar a mostrar una conexi\u00f3n clara.<\/li>\n<\/ul>\n<p>Sin embargo, una negaci\u00f3n no significa el final del camino, y ciertamente no tienes que rendirte.<\/p>\n\t<h2>\u00bfQu\u00e9 sucede despu\u00e9s de que se niega mi reclamo de compensaci\u00f3n para trabajadores de Charlotte?<\/h2>\n<p>Cuando \u00a0su compensaci\u00f3n de trabajadores se deniega el reclamo, recibir\u00e1 una carta por correo explicando el motivo de la denegaci\u00f3n de los beneficios. Esta carta es solo el punto de partida del proceso de apelaci\u00f3n.<\/p>\n<p>Nuestros abogados de Charlotte pueden revisar la informaci\u00f3n y ayudarlo a presentar una <a href=\"https:\/\/www.ic.nc.gov\/forms\/form33.pdf\">Formulario 33<\/a> a la Comisi\u00f3n Industrial de Carolina del Norte (NCIC), a su empleador y a la aseguradora. Podemos ayudar a garantizar que el formulario se llene con precisi\u00f3n y se devuelva con prontitud. Luego, el NCIC programa una audiencia y un juez revisar\u00e1 las circunstancias de su caso y cualquier evidencia m\u00e9dica relevante antes de tomar una decisi\u00f3n final. Nuestros abogados trabajar\u00e1n con sus m\u00e9dicos y otros profesionales m\u00e9dicos para mostrar el alcance y los efectos de sus lesiones.<\/p>\n\t<h2>\u00bfC\u00f3mo funciona el proceso de apelaciones de compensaci\u00f3n para trabajadores?<\/h2>\n<p>Despu\u00e9s de presentar el Formulario 33, el NCIC puede comunicarse con usted y su abogado e intentar resolver la disputa sin una audiencia. Sin embargo, si esto no tiene \u00e9xito, nuestros abogados de compensaci\u00f3n de trabajadores de Charlotte pueden representarlo en una audiencia formal con un subcomisionado de NCIC, que act\u00faa como juez. Se le da la oportunidad de dar testimonio bajo juramento con respecto a su accidente y lesiones, as\u00ed como presentar evidencia m\u00e9dica.<\/p>\n<p>Por lo general, el juez no dar\u00e1 una decisi\u00f3n inmediata, sino que considerar\u00e1 la evidencia de ambos lados, as\u00ed como cualquier testimonio escrito de los expertos. Luego, recibir\u00e1 una opini\u00f3n por escrito sobre si recibir\u00e1 sus beneficios de compensaci\u00f3n para trabajadores.<\/p>\n<p>Tanto usted como su empleador tienen derecho a apelar una decisi\u00f3n con la que no est\u00e9n de acuerdo. Nuestros abogados est\u00e1n preparados para llevar su caso a la Corte de Apelaciones de Carolina del Norte o incluso a la Corte Suprema de Carolina del Norte, en el raro caso de que sea necesario.<\/p>\n\t\t\t\t<img decoding=\"async\" src=\"https:\/\/priceattorneys.com\/wp-content\/uploads\/2022\/03\/Work-Comp-Appeals.jpg\" alt=\"Work Comp Appeals\" itemprop=\"image\" height=\"499\" width=\"770\" title=\"Work Comp Appeals\" onerror=\"this.style.display='none'\"  \/>\n\t<h2>\u00bfC\u00f3mo puedo construir un reclamo s\u00f3lido de compensaci\u00f3n para trabajadores en Charlotte?<\/h2>\n<p>Despu\u00e9s de una lesi\u00f3n en el trabajo, puede construir el caso m\u00e1s s\u00f3lido posible desde el principio siguiendo los siguientes pasos:<\/p>\n<ul>\n<li><strong>Notifique a su empleador de su lesi\u00f3n y accidente lo antes posible<\/strong>, incluso si no te pierdes ning\u00fan trabajo. Su lesi\u00f3n puede empeorar en los pr\u00f3ximos d\u00edas o semanas y necesitar\u00e1 un registro escrito del incidente. Si est\u00e1 demasiado lesionado para informar su accidente, un compa\u00f1ero de trabajo o un familiar puede hacerlo por usted.<\/li>\n<li><strong>Obtener atenci\u00f3n m\u00e9dica<\/strong>. Si su empleador requiere que consulte a un proveedor m\u00e9dico aprobado, h\u00e1galo. Tambi\u00e9n puede visitar a su propio m\u00e9dico despu\u00e9s. Adem\u00e1s, d\u00edgale a su m\u00e9dico que sus lesiones ocurrieron en un accidente relacionado con el trabajo y proporci\u00f3nele el nombre de su empleador para que su visita se designe correctamente como un incidente de compensaci\u00f3n para trabajadores.<\/li>\n<li><strong>Siga las indicaciones del m\u00e9dico, al pie de la letra<\/strong>. Aseg\u00farese de seguir el plan de tratamiento de su m\u00e9dico, incluida la fisioterapia, el descanso y las citas de seguimiento.<\/li>\n<li><strong>Presente su reclamo en su totalidad y a tiempo<\/strong>. Su reclamo debe presentarse ante el NCIC lo antes posible, asegur\u00e1ndose de que toda la informaci\u00f3n sea correcta. Si el NCIC se comunica con usted para obtener m\u00e1s informaci\u00f3n, entrevistas o documentos, es probable que tambi\u00e9n deba presentarlos. Sin embargo, tambi\u00e9n tiene derecho a consultar primero con su abogado.<\/li>\n<li><strong>Haz copias de todo<\/strong>. Haga una copia de cada formulario, cada documento y cada informe m\u00e9dico que reciba. Esto incluye todos los gastos relacionados con su lesi\u00f3n. En caso de una denegaci\u00f3n, tendr\u00e1 todas las pruebas posibles para una apelaci\u00f3n o una audiencia.<\/li>\n<\/ul>\n<p>Nuestros abogados de compensaci\u00f3n laboral de Charlotte pueden ayudarlo con todos los pasos de este proceso, especialmente en casos de lesiones particularmente graves.<\/p>\n\t<h2>\u00bfHay un abogado de compensaci\u00f3n de trabajadores cerca de m\u00ed?<\/h2>\n<p>S\u00ed. Puede encontrar a Price, Petho &amp; Asociados en 1430 Elizabeth Ave en Charlotte. Tambi\u00e9n mantenemos oficinas en Rockingham y Rutherfordton. Si no puede venir a nosotros, podemos hacer arreglos para visitarlo en su casa o en el hospital para su conveniencia.<\/p>\n<h3>Nuestros abogados de compensaci\u00f3n laboral de Charlotte pueden ayudar con el proceso de apelaci\u00f3n<\/h3>\n<p>Presentar una apelaci\u00f3n de compensaci\u00f3n para trabajadores puede ser estresante y complicado sin una representaci\u00f3n legal efectiva. En Price, Petho &amp; Asociados, nuestros abogados de compensaci\u00f3n laboral de Charlotte pueden evaluar su caso y guiarlo a trav\u00e9s del proceso de apelaci\u00f3n. Nos pagan en base a una tarifa de contingencia, por lo que puede obtener beneficios sin preocuparse por sus finanzas. Para programar una consulta, llame al <a href=\"tel:7043722160\">704-372-2160<\/a> o llena nuestro Formulario de contacto hoy dia. Representamos a los trabajadores en Charlotte, Rockingham, Rutherfordton, Carolina del Norte y Carolina del Sur.<\/p>\n\n","protected":false},"excerpt":{"rendered":"<p>Abogados de Negaci\u00f3n de Compensaci\u00f3n para Trabajadores de Charlotte Ayudando a trabajadores lesionados con denegaciones y apelaciones en Carolina del Norte Cuando los empleados se lesionan en el trabajo, pueden reclamar beneficios presentando un reclamo de compensaci\u00f3n para trabajadores. Desafortunadamente, los reclamos v\u00e1lidos a menudo se niegan por una multitud de razones, lo que deja&hellip;<\/p>\n","protected":false},"author":1,"featured_media":0,"parent":5187,"menu_order":0,"comment_status":"closed","ping_status":"closed","template":"","meta":{"footnotes":""},"class_list":["post-5232","page","type-page","status-publish","hentry"],"yoast_head":"<!-- This site is optimized with the Yoast SEO plugin v27.2 - https:\/\/yoast.com\/product\/yoast-seo-wordpress\/ -->\n<title>Negaciones de Compensaci\u00f3n para Trabajadores | Price Petho &amp; Associates, Personal Injury Attorneys<\/title>\n<meta name=\"robots\" content=\"index, follow, max-snippet:-1, max-image-preview:large, max-video-preview:-1\" \/>\n<link rel=\"canonical\" href=\"https:\/\/priceattorneys.com\/es\/compensacion-de-trabajadores\/negaciones-de-compensacion-para-trabajadores\/\" \/>\n<meta property=\"og:locale\" content=\"es_ES\" \/>\n<meta property=\"og:type\" content=\"article\" \/>\n<meta property=\"og:title\" content=\"Negaciones de Compensaci\u00f3n para Trabajadores | Price Petho &amp; Associates, Personal Injury Attorneys\" \/>\n<meta property=\"og:description\" content=\"Abogados de Negaci\u00f3n de Compensaci\u00f3n para Trabajadores de Charlotte Ayudando a trabajadores lesionados con denegaciones y apelaciones en Carolina del Norte Cuando los empleados se lesionan en el trabajo, pueden reclamar beneficios presentando un reclamo de compensaci\u00f3n para trabajadores. Desafortunadamente, los reclamos v\u00e1lidos a menudo se niegan por una multitud de razones, lo que deja&hellip;\" \/>\n<meta property=\"og:url\" content=\"https:\/\/priceattorneys.com\/es\/compensacion-de-trabajadores\/negaciones-de-compensacion-para-trabajadores\/\" \/>\n<meta property=\"og:site_name\" content=\"Price Petho &amp; Associates, Personal Injury Attorneys\" \/>\n<meta property=\"article:modified_time\" content=\"2022-05-02T15:38:17+00:00\" \/>\n<meta property=\"og:image\" content=\"https:\/\/priceattorneys.com\/wp-content\/uploads\/2022\/03\/Workers-Comp-Claim-Denied.jpg\" \/>\n<meta name=\"twitter:card\" content=\"summary_large_image\" \/>\n<meta name=\"twitter:label1\" content=\"Tiempo de lectura\" \/>\n\t<meta name=\"twitter:data1\" content=\"7 minutos\" \/>\n<script type=\"application\/ld+json\" class=\"yoast-schema-graph\">{\"@context\":\"https:\/\/schema.org\",\"@graph\":[{\"@type\":\"WebPage\",\"@id\":\"https:\/\/priceattorneys.com\/es\/compensacion-de-trabajadores\/negaciones-de-compensacion-para-trabajadores\/\",\"url\":\"https:\/\/priceattorneys.com\/es\/compensacion-de-trabajadores\/negaciones-de-compensacion-para-trabajadores\/\",\"name\":\"Negaciones de Compensaci\u00f3n para Trabajadores | Price Petho &amp; Associates, Personal Injury Attorneys\",\"isPartOf\":{\"@id\":\"https:\/\/priceattorneys.com\/es\/#website\"},\"primaryImageOfPage\":{\"@id\":\"https:\/\/priceattorneys.com\/es\/compensacion-de-trabajadores\/negaciones-de-compensacion-para-trabajadores\/#primaryimage\"},\"image\":{\"@id\":\"https:\/\/priceattorneys.com\/es\/compensacion-de-trabajadores\/negaciones-de-compensacion-para-trabajadores\/#primaryimage\"},\"thumbnailUrl\":\"https:\/\/priceattorneys.com\/wp-content\/uploads\/2022\/03\/Workers-Comp-Claim-Denied.jpg\",\"datePublished\":\"2020-06-15T05:55:28+00:00\",\"dateModified\":\"2022-05-02T15:38:17+00:00\",\"breadcrumb\":{\"@id\":\"https:\/\/priceattorneys.com\/es\/compensacion-de-trabajadores\/negaciones-de-compensacion-para-trabajadores\/#breadcrumb\"},\"inLanguage\":\"es\",\"potentialAction\":[{\"@type\":\"ReadAction\",\"target\":[\"https:\/\/priceattorneys.com\/es\/compensacion-de-trabajadores\/negaciones-de-compensacion-para-trabajadores\/\"]}]},{\"@type\":\"ImageObject\",\"inLanguage\":\"es\",\"@id\":\"https:\/\/priceattorneys.com\/es\/compensacion-de-trabajadores\/negaciones-de-compensacion-para-trabajadores\/#primaryimage\",\"url\":\"https:\/\/priceattorneys.com\/wp-content\/uploads\/2022\/03\/Workers-Comp-Claim-Denied.jpg\",\"contentUrl\":\"https:\/\/priceattorneys.com\/wp-content\/uploads\/2022\/03\/Workers-Comp-Claim-Denied.jpg\"},{\"@type\":\"BreadcrumbList\",\"@id\":\"https:\/\/priceattorneys.com\/es\/compensacion-de-trabajadores\/negaciones-de-compensacion-para-trabajadores\/#breadcrumb\",\"itemListElement\":[{\"@type\":\"ListItem\",\"position\":1,\"name\":\"Home\",\"item\":\"https:\/\/priceattorneys.com\/es\/\"},{\"@type\":\"ListItem\",\"position\":2,\"name\":\"Compensaci\u00f3n de Trabajadores\",\"item\":\"https:\/\/priceattorneys.com\/es\/compensacion-de-trabajadores\/\"},{\"@type\":\"ListItem\",\"position\":3,\"name\":\"Negaciones de Compensaci\u00f3n para Trabajadores\"}]},{\"@type\":\"WebSite\",\"@id\":\"https:\/\/priceattorneys.com\/es\/#website\",\"url\":\"https:\/\/priceattorneys.com\/es\/\",\"name\":\"Price Petho &amp; Associates, Personal Injury Attorneys\",\"description\":\"Charlotte Personal Injury Lawyers\",\"potentialAction\":[{\"@type\":\"SearchAction\",\"target\":{\"@type\":\"EntryPoint\",\"urlTemplate\":\"https:\/\/priceattorneys.com\/es\/?s={search_term_string}\"},\"query-input\":{\"@type\":\"PropertyValueSpecification\",\"valueRequired\":true,\"valueName\":\"search_term_string\"}}],\"inLanguage\":\"es\"}]}<\/script>\n<!-- \/ Yoast SEO plugin. -->","yoast_head_json":{"title":"Negaciones de Compensaci\u00f3n para Trabajadores | Price Petho &amp; Associates, Personal Injury Attorneys","robots":{"index":"index","follow":"follow","max-snippet":"max-snippet:-1","max-image-preview":"max-image-preview:large","max-video-preview":"max-video-preview:-1"},"canonical":"https:\/\/priceattorneys.com\/es\/compensacion-de-trabajadores\/negaciones-de-compensacion-para-trabajadores\/","og_locale":"es_ES","og_type":"article","og_title":"Negaciones de Compensaci\u00f3n para Trabajadores | Price Petho &amp; Associates, Personal Injury Attorneys","og_description":"Abogados de Negaci\u00f3n de Compensaci\u00f3n para Trabajadores de Charlotte Ayudando a trabajadores lesionados con denegaciones y apelaciones en Carolina del Norte Cuando los empleados se lesionan en el trabajo, pueden reclamar beneficios presentando un reclamo de compensaci\u00f3n para trabajadores. Desafortunadamente, los reclamos v\u00e1lidos a menudo se niegan por una multitud de razones, lo que deja&hellip;","og_url":"https:\/\/priceattorneys.com\/es\/compensacion-de-trabajadores\/negaciones-de-compensacion-para-trabajadores\/","og_site_name":"Price Petho &amp; Associates, Personal Injury Attorneys","article_modified_time":"2022-05-02T15:38:17+00:00","og_image":[{"url":"https:\/\/priceattorneys.com\/wp-content\/uploads\/2022\/03\/Workers-Comp-Claim-Denied.jpg","type":"","width":"","height":""}],"twitter_card":"summary_large_image","twitter_misc":{"Tiempo de lectura":"7 minutos"},"schema":{"@context":"https:\/\/schema.org","@graph":[{"@type":"WebPage","@id":"https:\/\/priceattorneys.com\/es\/compensacion-de-trabajadores\/negaciones-de-compensacion-para-trabajadores\/","url":"https:\/\/priceattorneys.com\/es\/compensacion-de-trabajadores\/negaciones-de-compensacion-para-trabajadores\/","name":"Negaciones de Compensaci\u00f3n para Trabajadores | Price Petho &amp; Associates, Personal Injury Attorneys","isPartOf":{"@id":"https:\/\/priceattorneys.com\/es\/#website"},"primaryImageOfPage":{"@id":"https:\/\/priceattorneys.com\/es\/compensacion-de-trabajadores\/negaciones-de-compensacion-para-trabajadores\/#primaryimage"},"image":{"@id":"https:\/\/priceattorneys.com\/es\/compensacion-de-trabajadores\/negaciones-de-compensacion-para-trabajadores\/#primaryimage"},"thumbnailUrl":"https:\/\/priceattorneys.com\/wp-content\/uploads\/2022\/03\/Workers-Comp-Claim-Denied.jpg","datePublished":"2020-06-15T05:55:28+00:00","dateModified":"2022-05-02T15:38:17+00:00","breadcrumb":{"@id":"https:\/\/priceattorneys.com\/es\/compensacion-de-trabajadores\/negaciones-de-compensacion-para-trabajadores\/#breadcrumb"},"inLanguage":"es","potentialAction":[{"@type":"ReadAction","target":["https:\/\/priceattorneys.com\/es\/compensacion-de-trabajadores\/negaciones-de-compensacion-para-trabajadores\/"]}]},{"@type":"ImageObject","inLanguage":"es","@id":"https:\/\/priceattorneys.com\/es\/compensacion-de-trabajadores\/negaciones-de-compensacion-para-trabajadores\/#primaryimage","url":"https:\/\/priceattorneys.com\/wp-content\/uploads\/2022\/03\/Workers-Comp-Claim-Denied.jpg","contentUrl":"https:\/\/priceattorneys.com\/wp-content\/uploads\/2022\/03\/Workers-Comp-Claim-Denied.jpg"},{"@type":"BreadcrumbList","@id":"https:\/\/priceattorneys.com\/es\/compensacion-de-trabajadores\/negaciones-de-compensacion-para-trabajadores\/#breadcrumb","itemListElement":[{"@type":"ListItem","position":1,"name":"Home","item":"https:\/\/priceattorneys.com\/es\/"},{"@type":"ListItem","position":2,"name":"Compensaci\u00f3n de Trabajadores","item":"https:\/\/priceattorneys.com\/es\/compensacion-de-trabajadores\/"},{"@type":"ListItem","position":3,"name":"Negaciones de Compensaci\u00f3n para Trabajadores"}]},{"@type":"WebSite","@id":"https:\/\/priceattorneys.com\/es\/#website","url":"https:\/\/priceattorneys.com\/es\/","name":"Price Petho &amp; Associates, Personal Injury Attorneys","description":"Charlotte Personal Injury Lawyers","potentialAction":[{"@type":"SearchAction","target":{"@type":"EntryPoint","urlTemplate":"https:\/\/priceattorneys.com\/es\/?s={search_term_string}"},"query-input":{"@type":"PropertyValueSpecification","valueRequired":true,"valueName":"search_term_string"}}],"inLanguage":"es"}]}},"_links":{"self":[{"href":"https:\/\/priceattorneys.com\/es\/wp-json\/wp\/v2\/pages\/5232","targetHints":{"allow":["GET"]}}],"collection":[{"href":"https:\/\/priceattorneys.com\/es\/wp-json\/wp\/v2\/pages"}],"about":[{"href":"https:\/\/priceattorneys.com\/es\/wp-json\/wp\/v2\/types\/page"}],"author":[{"embeddable":true,"href":"https:\/\/priceattorneys.com\/es\/wp-json\/wp\/v2\/users\/1"}],"replies":[{"embeddable":true,"href":"https:\/\/priceattorneys.com\/es\/wp-json\/wp\/v2\/comments?post=5232"}],"version-history":[{"count":0,"href":"https:\/\/priceattorneys.com\/es\/wp-json\/wp\/v2\/pages\/5232\/revisions"}],"up":[{"embeddable":true,"href":"https:\/\/priceattorneys.com\/es\/wp-json\/wp\/v2\/pages\/5187"}],"wp:attachment":[{"href":"https:\/\/priceattorneys.com\/es\/wp-json\/wp\/v2\/media?parent=5232"}],"curies":[{"name":"wp","href":"https:\/\/api.w.org\/{rel}","templated":true}]}}