{"id":5243,"date":"2020-06-13T06:56:49","date_gmt":"2020-06-13T06:56:49","guid":{"rendered":"https:\/\/priceattorneys.com\/?page_id=5243"},"modified":"2024-03-27T18:54:36","modified_gmt":"2024-03-27T18:54:36","slug":"negligencia-medica","status":"publish","type":"page","link":"https:\/\/priceattorneys.com\/es\/lesiones-personales\/negligencia-medica\/","title":{"rendered":"Negligencia M\u00e9dica"},"content":{"rendered":"\n\n\t\t\t\t<img decoding=\"async\" src=\"https:\/\/priceattorneys.com\/wp-content\/uploads\/2022\/03\/med.jpg\" alt=\"Charlotte medical malpractice attorney\" itemprop=\"image\" height=\"621\" width=\"1245\" title=\"med\" onerror=\"this.style.display='none'\"  \/>\n\t<h1>Abogados de negligencia m\u00e9dica en Charlotte, NC<\/h1>\n<h2>Ayuda legal para v\u00edctimas de negligencia m\u00e9dica y quir\u00fargica en Carolina del Norte<\/h2>\n<p>Nadie deber\u00eda tener que preocuparse por sufrir lesiones o incluso perder la vida debido a las acciones descuidadas o negligentes de un profesional m\u00e9dico. Sin embargo, los errores m\u00e9dicos prevenibles da\u00f1an a decenas de miles de estadounidenses cada a\u00f1o. Debido a la naturaleza de este tipo de casos, los casos de negligencia m\u00e9dica son complicados y desafiantes. Con carreras en juego, la oposici\u00f3n est\u00e1 dispuesta a dar una lucha vigorosa.<\/p>\n<p>Sin embargo, nosotros tambi\u00e9n. Los abogados de negligencia m\u00e9dica de Charlotte en Price, Petho &amp; Asociados tienen la experiencia, el conocimiento y la habilidad necesarios para superar estos desaf\u00edos y obtener resultados para nuestros clientes. La dedicaci\u00f3n es uno de los aspectos m\u00e1s importantes de nuestro servicio. Cuando recurre a nosotros, puede estar seguro de que nos esforzamos por obtener una compensaci\u00f3n justa por las facturas m\u00e9dicas, el dolor y el sufrimiento, la p\u00e9rdida de salarios y todos los dem\u00e1s costos asociados con las lesiones causadas por negligencia. No cobramos honorarios a menos que recuperemos una compensaci\u00f3n.<\/p>\n\t<h2>\u00bfQu\u00e9 le gustar\u00eda saber?<\/h2>\n\t<ul>\n<li><a href=\"#FAQ1\">\u00bfQu\u00e9 es la mala praxis m\u00e9dica?<\/a><\/li>\n<li><a href=\"#FAQ2\">\u00bfCu\u00e1les son algunos ejemplos de negligencia m\u00e9dica?<\/a><\/li>\n<li><a href=\"#FAQ3\">\u00bfCu\u00e1l es el costo de un caso de negligencia m\u00e9dica en Charlotte?<\/a><\/li>\n<\/ul>\n\t<ul>\n<li><a href=\"#FAQ4\">\u00bfCu\u00e1nto tiempo tengo para presentar un reclamo por negligencia m\u00e9dica en Charlotte?<\/a><\/li>\n<li><a href=\"#FAQ5\">\u00bfC\u00f3mo puede ayudarme un abogado de negligencia m\u00e9dica con mi caso?<\/a><\/li>\n<li><a href=\"#FAQ6\">\u00bfHay un abogado de negligencia m\u00e9dica cerca de m\u00ed?<\/a><\/li>\n<\/ul>\n\t\t\t\t<img decoding=\"async\" src=\"https:\/\/priceattorneys.com\/wp-content\/uploads\/2022\/03\/med3.jpg\" alt=\"Charlotte medical malpractice lawyer\" itemprop=\"image\" height=\"801\" width=\"1200\" title=\"med3\" onerror=\"this.style.display='none'\"  \/>\n\t<h2>\u00bfQu\u00e9 es la mala praxis m\u00e9dica?<\/h2>\n<p>Negligencia m\u00e9dica <a href=\"https:\/\/www.abpla.org\/what-is-malpractice\">ocurre cuando<\/a>\u00abun hospital, m\u00e9dico u otro profesional de la salud, por un acto u omisi\u00f3n negligente, causa una lesi\u00f3n a un paciente. La negligencia puede ser el resultado de errores en el diagn\u00f3stico, tratamiento, atenci\u00f3n posterior o gesti\u00f3n de la salud\u00bb. Para ascender al nivel de negligencia, un error m\u00e9dico debe cumplir con los siguientes criterios:<\/p>\n<ul>\n<li><strong>Su m\u00e9dico viol\u00f3 un est\u00e1ndar de atenci\u00f3n<\/strong>. Mientras estaba bajo el cuidado de su m\u00e9dico, ese m\u00e9dico no mantuvo el mismo est\u00e1ndar de atenci\u00f3n que otros profesionales m\u00e9dicos razonables har\u00edan en circunstancias similares.<\/li>\n<li><strong>Esa violaci\u00f3n te caus\u00f3 lesiones.<\/strong>. La negligencia de su m\u00e9dico o la falta de un est\u00e1ndar razonable de atenci\u00f3n result\u00f3 en que usted sufriera una lesi\u00f3n.<\/li>\n<li><strong>Su lesi\u00f3n caus\u00f3 da\u00f1os<\/strong>. Tambi\u00e9n debe demostrar que su lesi\u00f3n caus\u00f3 p\u00e9rdidas significativas, como dolor y sufrimiento, gastos m\u00e9dicos y otros da\u00f1os.<\/li>\n<\/ul>\n<p>Nuestros abogados de Charlotte trabajan para construir un caso s\u00f3lido en su nombre o el de su ser querido.<\/p>\n\t<h2>\u00bfCu\u00e1les son algunos ejemplos de negligencia m\u00e9dica?<\/h2>\n<p><a href=\"https:\/\/www.medicalnewstoday.com\/articles\/248175\">Noticias m\u00e9dicas de hoy<\/a> afirma que \u00abhay entre 15,000 y 19,000 demandas por negligencia m\u00e9dica contra m\u00e9dicos cada a\u00f1o\u00bb. La negligencia m\u00e9dica y la mala pr\u00e1ctica pueden ocurrir en una amplia variedad de formas. Algunos de los m\u00e1s comunes incluyen:<\/p>\n<ul>\n<li><strong>Diagn\u00f3stico tard\u00edo\/diagn\u00f3stico err\u00f3neo<\/strong>, que ocurre cuando un m\u00e9dico no diagnostica a un paciente con una condici\u00f3n o enfermedad de manera oportuna o diagnostica la enfermedad completamente equivocada. De cualquier manera, un paciente puede perderse el tratamiento adecuado o sufrir los efectos nocivos del tratamiento incorrecto.<\/li>\n<li><strong>Errores quir\u00fargicos<\/strong>, que puede incluir no informar con precisi\u00f3n al paciente sobre los riesgos de la cirug\u00eda, dejar instrumentos quir\u00fargicos en el cuerpo, usar equipo incorrecto, operar en la parte equivocada del cuerpo y atenci\u00f3n postoperatoria deficiente que provoca co\u00e1gulos sangu\u00edneos, problemas respiratorios, da\u00f1os o infecciones potencialmente mortales.<\/li>\n<li><strong>Lesiones de nacimiento<\/strong>, que son lesiones causadas por negligencia m\u00e9dica durante el embarazo, trabajo de parto o parto. Las lesiones de nacimiento pueden ocurrir cuando un obstetra u otro profesional no controla adecuadamente a la madre y al ni\u00f1o en busca de angustia, usa fuerza excesiva durante el parto o no brinda la atenci\u00f3n prenatal adecuada.<\/li>\n<li><strong>Errores de prescripci\u00f3n<\/strong>, que a menudo ocurren en entornos hospitalarios y farmac\u00e9uticos. Los pacientes sufren lesiones por medicamentos cuando los profesionales m\u00e9dicos cometen errores con las dosis, los nombres de los medicamentos o cuando los medicamentos se mezclan. Los pacientes pueden sufrir reacciones al\u00e9rgicas graves o sobredosis.<\/li>\n<li><strong>Errores de anestesia<\/strong>, que puede causar algunas de las lesiones m\u00e1s graves, incluidas lesiones cerebrales permanentes o la muerte. Este tipo de negligencia suele ocurrir durante la cirug\u00eda debido a un error del anestesi\u00f3logo y la consiguiente falta de control de los signos vitales del paciente.<\/li>\n<\/ul>\n<p>El equipo de Price, Petho &amp; Asociados investigar\u00e1 las circunstancias de su reclamo para determinar exactamente qu\u00e9 sucedi\u00f3 y qui\u00e9n debe ser considerado responsable.<\/p>\n\t<h2>\u00bfCu\u00e1l es el costo de un caso de negligencia m\u00e9dica en Charlotte?<\/h2>\n<p>Nuestros abogados entienden el asombroso costo de una lesi\u00f3n catastr\u00f3fica causados \u200b\u200bpor mala praxis m\u00e9dica. No hay dos lesiones exactamente iguales, por lo que la cantidad total de gastos m\u00e9dicos en los que puede incurrir depende de sus circunstancias espec\u00edficas. La siguiente es una lista de los tipos de gastos m\u00e9dicos en los que nuestros clientes incurren regularmente debido a lesiones graves:<\/p>\n<ul>\n<li><strong>Cuentas del hospital<\/strong>. Las facturas del hospital pueden ser escandalosamente caras. Si bien estos gastos son necesarios para garantizar el bienestar de un paciente, tambi\u00e9n pueden sumar f\u00e1cilmente cientos de miles de d\u00f3lares. Incluso unas pocas pruebas simples en la sala de emergencias para descartar una lesi\u00f3n importante podr\u00edan significar que la v\u00edctima incurra en m\u00e1s de $10,000 en facturas de hospital.<\/li>\n<li><strong>Gastos quir\u00fargicos<\/strong>. Muchas lesiones requieren que la v\u00edctima se someta a una cirug\u00eda para reparar el da\u00f1o y recuperarse por completo. Los gastos quir\u00fargicos suelen ser tremendos e incluyen pagos para el cirujano, el anestesi\u00f3logo y varios otros especialistas involucrados en el procedimiento.<\/li>\n<li><strong>Visitas al m\u00e9dico de seguimiento<\/strong>. La mayor\u00eda de las v\u00edctimas de lesiones personales deben continuar recibiendo atenci\u00f3n m\u00e9dica para alcanzar la m\u00e1xima mejor\u00eda m\u00e9dica. Estas visitas de seguimiento son cruciales cuando se trata de asegurar una compensaci\u00f3n total de las compa\u00f1\u00edas de seguros o de las partes culpables.<\/li>\n<li><strong>Fisioterapia y rehabilitaci\u00f3n<\/strong>. Las v\u00edctimas de lesiones a menudo deben someterse a fisioterapia y rehabilitaci\u00f3n para recuperarse por completo. Este tipo de atenci\u00f3n m\u00e9dica puede incluir atenci\u00f3n hospitalaria o atenci\u00f3n domiciliaria, las cuales tienen Prices elevados.<\/li>\n<li><strong>Medicamentos recetados<\/strong>. Los medicamentos recetados no son baratos, especialmente para aquellos que no est\u00e1n subvencionados por el seguro. Cualquiera puede necesitar medicamentos recetados despu\u00e9s de sufrir una lesi\u00f3n, ya sea analg\u00e9sicos, asistencia con esteroides para la inflamaci\u00f3n u otro tipo de medicamento. Estos costos pueden llegar f\u00e1cilmente a miles de d\u00f3lares.<\/li>\n<li><strong>Dispositivos m\u00e9dicos<\/strong>. Las v\u00edctimas de lesiones necesitan regularmente la asistencia de dispositivos m\u00e9dicos. Esto puede incluir dispositivos que se utilizan para ayudar en la movilidad, incluidas sillas de ruedas, andadores y muletas, todos los cuales vienen con diferentes etiquetas de Price. Los dispositivos m\u00e9dicos tambi\u00e9n podr\u00edan incluir una cama de hospital para su hogar mientras se recupera. Para lesiones graves, es posible que un paciente deba tener instalado un dispositivo m\u00e9dico interno, incluidos reemplazos de articulaciones, sistemas de soporte cardiovascular u otros dispositivos.<\/li>\n<li><strong>Pr\u00f3tesis<\/strong>. Si un paciente sufre una lesi\u00f3n por amputaci\u00f3n, se le puede colocar una pr\u00f3tesis. Las pr\u00f3tesis son costosas y las v\u00edctimas de lesiones merecen que se les cubra este costo.<\/li>\n<\/ul>\n<p>Los abogados especialistas en mala praxis de Price, Petho &amp; Asociados trabajan para garantizarle una compensaci\u00f3n total por sus gastos m\u00e9dicos.<\/p>\n\t\t\t\t<img decoding=\"async\" src=\"https:\/\/priceattorneys.com\/wp-content\/uploads\/2022\/03\/Personal-Injury-Charlotte-Attorneys.jpg\" alt=\"Charlotte personal injury attorneys\" itemprop=\"image\" height=\"937\" width=\"807\" title=\"Personal-Injury-Charlotte-Attorneys\" onerror=\"this.style.display='none'\"  \/>\n\t<h2>\u00bfCu\u00e1nto tiempo tengo para presentar un reclamo por negligencia m\u00e9dica en Charlotte?<\/h2>\n<p>Hay varios estatutos de limitaci\u00f3n involucrados en casos de negligencia m\u00e9dica, y esto puede volverse confuso. El estatuto de limitaciones de negligencia m\u00e9dica en Carolina del Norte es de tres a\u00f1os a partir de la fecha en que ocurri\u00f3 el error o la lesi\u00f3n. Sin embargo, si perdi\u00f3 a un ser querido por negligencia m\u00e9dica, el estatuto de limitaciones de Carolina del Norte para presentar una <a href=\"https:\/\/priceattorneys.com\/es\/lesiones-personales\/muerte-injusta\/\">muerte injusta<\/a> la acci\u00f3n es de dos a\u00f1os.<\/p>\n<p>Independientemente, si usted o un ser querido sufrieron da\u00f1os debido a las acciones negligentes de un profesional m\u00e9dico, es crucial hablar con un abogado experto en negligencia m\u00e9dica de Charlotte lo antes posible. Un abogado lo ayudar\u00e1 a navegar por los plazos establecidos para su caso.<\/p>\n\t<h2>\u00bfC\u00f3mo puede ayudarme un abogado de negligencia m\u00e9dica con mi caso?<\/h2>\n<p>En casos de negligencia m\u00e9dica, el uso de expertos es fundamental. Incluso antes de que podamos avanzar con una demanda, un experto debe verificar que hubo un error o que un profesional de la salud cometi\u00f3 un error. A partir de ah\u00ed, continuamos trabajando con nuestros expertos m\u00e9dicos para asegurarnos de que todos los asuntos se analicen adecuadamente, incluso ir a juicio para ayudar a probar un caso.<\/p>\n<p>Nuestros abogados de Charlotte tienen el honor de representar a pacientes y familias cuyos seres queridos fallecieron o sufrieron lesiones debido a una atenci\u00f3n m\u00e9dica negligente. Contamos con un equipo de abogados especialistas en negligencia m\u00e9dica que priorizan la recuperaci\u00f3n de la compensaci\u00f3n que usted merece. Desde 1979, hemos estado manejando casos de lesiones y muerte por negligencia como resultado de negligencia m\u00e9dica. Nuestro audio grabado de recuperaciones significativas incluye una recuperaci\u00f3n de $4,775 millones para una mujer joven que sufri\u00f3 da\u00f1o cerebral y coma y una recuperaci\u00f3n de $975,000 para la familia de un paciente que muri\u00f3, ambos por toxicidad de la anestesia.<\/p>\n\t<h2>\u00bfHay un abogado de negligencia m\u00e9dica cerca de m\u00ed?<\/h2>\n<p>Puede encontrar a Price, Petho &amp; Asociados en 1430 Elizabeth Ave en Charlotte. Tambi\u00e9n mantenemos oficinas en Rockingham y Rutherfordton para su comodidad. Si est\u00e1 demasiado lesionado para acudir a nosotros, tambi\u00e9n hacemos visitas a domicilio y al hospital.<\/p>\n<h3>Abogados compasivos de negligencia m\u00e9dica en Charlotte<\/h3>\n<p>Durante tres d\u00e9cadas, los abogados de Price, Petho &amp; Asociados han defendido los derechos de las v\u00edctimas de negligencia en Charlotte y en todo Carolina del Norte. Si usted o alguien a quien ama ha resultado lesionado debido a las acciones negligentes o descuidadas de un profesional m\u00e9dico, tenemos los recursos y la experiencia para ayudarlo. Para programar una consulta gratuita con un miembro de nuestro equipo legal, llame <a href=\"tel:7043722160\">704-372-2160<\/a> o llena nuestro Formulario de contacto hoy dia. Sirviendo a Carlota, Rockingham, Rutherfordton, Carolina del Norte y Carolina del Sur.<\/p>\n\n","protected":false},"excerpt":{"rendered":"<p>Abogados de negligencia m\u00e9dica en Charlotte, NC Ayuda legal para v\u00edctimas de negligencia m\u00e9dica y quir\u00fargica en Carolina del Norte Nadie deber\u00eda tener que preocuparse por sufrir lesiones o incluso perder la vida debido a las acciones descuidadas o negligentes de un profesional m\u00e9dico. Sin embargo, los errores m\u00e9dicos prevenibles da\u00f1an a decenas de miles&hellip;<\/p>\n","protected":false},"author":1,"featured_media":0,"parent":4969,"menu_order":0,"comment_status":"closed","ping_status":"closed","template":"","meta":{"footnotes":""},"class_list":["post-5243","page","type-page","status-publish","hentry"],"yoast_head":"<!-- This site is optimized with the Yoast SEO plugin v27.3 - https:\/\/yoast.com\/product\/yoast-seo-wordpress\/ -->\n<title>Negligencia M\u00e9dica | Price Petho &amp; Associates, Personal Injury Attorneys<\/title>\n<meta name=\"robots\" content=\"noindex, nofollow\" \/>\n<meta property=\"og:locale\" content=\"es_ES\" \/>\n<meta property=\"og:type\" content=\"article\" \/>\n<meta property=\"og:title\" content=\"Negligencia M\u00e9dica | Price Petho &amp; Associates, Personal Injury Attorneys\" \/>\n<meta property=\"og:description\" content=\"Abogados de negligencia m\u00e9dica en Charlotte, NC Ayuda legal para v\u00edctimas de negligencia m\u00e9dica y quir\u00fargica en Carolina del Norte Nadie deber\u00eda tener que preocuparse por sufrir lesiones o incluso perder la vida debido a las acciones descuidadas o negligentes de un profesional m\u00e9dico. Sin embargo, los errores m\u00e9dicos prevenibles da\u00f1an a decenas de miles&hellip;\" \/>\n<meta property=\"og:url\" content=\"https:\/\/priceattorneys.com\/es\/lesiones-personales\/negligencia-medica\/\" \/>\n<meta property=\"og:site_name\" content=\"Price Petho &amp; Associates, Personal Injury Attorneys\" \/>\n<meta property=\"article:modified_time\" content=\"2024-03-27T18:54:36+00:00\" \/>\n<meta property=\"og:image\" content=\"https:\/\/priceattorneys.com\/wp-content\/uploads\/2022\/03\/med.jpg\" \/>\n<meta name=\"twitter:card\" content=\"summary_large_image\" \/>\n<meta name=\"twitter:label1\" content=\"Tiempo de lectura\" \/>\n\t<meta name=\"twitter:data1\" content=\"9 minutos\" \/>\n<script type=\"application\/ld+json\" class=\"yoast-schema-graph\">{\"@context\":\"https:\\\/\\\/schema.org\",\"@graph\":[{\"@type\":\"WebPage\",\"@id\":\"https:\\\/\\\/priceattorneys.com\\\/es\\\/lesiones-personales\\\/negligencia-medica\\\/\",\"url\":\"https:\\\/\\\/priceattorneys.com\\\/es\\\/lesiones-personales\\\/negligencia-medica\\\/\",\"name\":\"Negligencia M\u00e9dica | Price Petho &amp; Associates, Personal Injury Attorneys\",\"isPartOf\":{\"@id\":\"https:\\\/\\\/priceattorneys.com\\\/es\\\/#website\"},\"primaryImageOfPage\":{\"@id\":\"https:\\\/\\\/priceattorneys.com\\\/es\\\/lesiones-personales\\\/negligencia-medica\\\/#primaryimage\"},\"image\":{\"@id\":\"https:\\\/\\\/priceattorneys.com\\\/es\\\/lesiones-personales\\\/negligencia-medica\\\/#primaryimage\"},\"thumbnailUrl\":\"https:\\\/\\\/priceattorneys.com\\\/wp-content\\\/uploads\\\/2022\\\/03\\\/med.jpg\",\"datePublished\":\"2020-06-13T06:56:49+00:00\",\"dateModified\":\"2024-03-27T18:54:36+00:00\",\"breadcrumb\":{\"@id\":\"https:\\\/\\\/priceattorneys.com\\\/es\\\/lesiones-personales\\\/negligencia-medica\\\/#breadcrumb\"},\"inLanguage\":\"es\",\"potentialAction\":[{\"@type\":\"ReadAction\",\"target\":[\"https:\\\/\\\/priceattorneys.com\\\/es\\\/lesiones-personales\\\/negligencia-medica\\\/\"]}]},{\"@type\":\"ImageObject\",\"inLanguage\":\"es\",\"@id\":\"https:\\\/\\\/priceattorneys.com\\\/es\\\/lesiones-personales\\\/negligencia-medica\\\/#primaryimage\",\"url\":\"https:\\\/\\\/priceattorneys.com\\\/wp-content\\\/uploads\\\/2022\\\/03\\\/med.jpg\",\"contentUrl\":\"https:\\\/\\\/priceattorneys.com\\\/wp-content\\\/uploads\\\/2022\\\/03\\\/med.jpg\"},{\"@type\":\"BreadcrumbList\",\"@id\":\"https:\\\/\\\/priceattorneys.com\\\/es\\\/lesiones-personales\\\/negligencia-medica\\\/#breadcrumb\",\"itemListElement\":[{\"@type\":\"ListItem\",\"position\":1,\"name\":\"Home\",\"item\":\"https:\\\/\\\/priceattorneys.com\\\/es\\\/\"},{\"@type\":\"ListItem\",\"position\":2,\"name\":\"Lesiones Personales\",\"item\":\"https:\\\/\\\/priceattorneys.com\\\/es\\\/lesiones-personales\\\/\"},{\"@type\":\"ListItem\",\"position\":3,\"name\":\"Negligencia M\u00e9dica\"}]},{\"@type\":\"WebSite\",\"@id\":\"https:\\\/\\\/priceattorneys.com\\\/es\\\/#website\",\"url\":\"https:\\\/\\\/priceattorneys.com\\\/es\\\/\",\"name\":\"Price Petho &amp; Associates, Personal Injury Attorneys\",\"description\":\"Charlotte Personal Injury Lawyers\",\"potentialAction\":[{\"@type\":\"SearchAction\",\"target\":{\"@type\":\"EntryPoint\",\"urlTemplate\":\"https:\\\/\\\/priceattorneys.com\\\/es\\\/?s={search_term_string}\"},\"query-input\":{\"@type\":\"PropertyValueSpecification\",\"valueRequired\":true,\"valueName\":\"search_term_string\"}}],\"inLanguage\":\"es\"}]}<\/script>\n<!-- \/ Yoast SEO plugin. -->","yoast_head_json":{"title":"Negligencia M\u00e9dica | Price Petho &amp; Associates, Personal Injury Attorneys","robots":{"index":"noindex","follow":"nofollow"},"og_locale":"es_ES","og_type":"article","og_title":"Negligencia M\u00e9dica | Price Petho &amp; Associates, Personal Injury Attorneys","og_description":"Abogados de negligencia m\u00e9dica en Charlotte, NC Ayuda legal para v\u00edctimas de negligencia m\u00e9dica y quir\u00fargica en Carolina del Norte Nadie deber\u00eda tener que preocuparse por sufrir lesiones o incluso perder la vida debido a las acciones descuidadas o negligentes de un profesional m\u00e9dico. Sin embargo, los errores m\u00e9dicos prevenibles da\u00f1an a decenas de miles&hellip;","og_url":"https:\/\/priceattorneys.com\/es\/lesiones-personales\/negligencia-medica\/","og_site_name":"Price Petho &amp; Associates, Personal Injury Attorneys","article_modified_time":"2024-03-27T18:54:36+00:00","og_image":[{"url":"https:\/\/priceattorneys.com\/wp-content\/uploads\/2022\/03\/med.jpg","type":"","width":"","height":""}],"twitter_card":"summary_large_image","twitter_misc":{"Tiempo de lectura":"9 minutos"},"schema":{"@context":"https:\/\/schema.org","@graph":[{"@type":"WebPage","@id":"https:\/\/priceattorneys.com\/es\/lesiones-personales\/negligencia-medica\/","url":"https:\/\/priceattorneys.com\/es\/lesiones-personales\/negligencia-medica\/","name":"Negligencia M\u00e9dica | Price Petho &amp; Associates, Personal Injury Attorneys","isPartOf":{"@id":"https:\/\/priceattorneys.com\/es\/#website"},"primaryImageOfPage":{"@id":"https:\/\/priceattorneys.com\/es\/lesiones-personales\/negligencia-medica\/#primaryimage"},"image":{"@id":"https:\/\/priceattorneys.com\/es\/lesiones-personales\/negligencia-medica\/#primaryimage"},"thumbnailUrl":"https:\/\/priceattorneys.com\/wp-content\/uploads\/2022\/03\/med.jpg","datePublished":"2020-06-13T06:56:49+00:00","dateModified":"2024-03-27T18:54:36+00:00","breadcrumb":{"@id":"https:\/\/priceattorneys.com\/es\/lesiones-personales\/negligencia-medica\/#breadcrumb"},"inLanguage":"es","potentialAction":[{"@type":"ReadAction","target":["https:\/\/priceattorneys.com\/es\/lesiones-personales\/negligencia-medica\/"]}]},{"@type":"ImageObject","inLanguage":"es","@id":"https:\/\/priceattorneys.com\/es\/lesiones-personales\/negligencia-medica\/#primaryimage","url":"https:\/\/priceattorneys.com\/wp-content\/uploads\/2022\/03\/med.jpg","contentUrl":"https:\/\/priceattorneys.com\/wp-content\/uploads\/2022\/03\/med.jpg"},{"@type":"BreadcrumbList","@id":"https:\/\/priceattorneys.com\/es\/lesiones-personales\/negligencia-medica\/#breadcrumb","itemListElement":[{"@type":"ListItem","position":1,"name":"Home","item":"https:\/\/priceattorneys.com\/es\/"},{"@type":"ListItem","position":2,"name":"Lesiones Personales","item":"https:\/\/priceattorneys.com\/es\/lesiones-personales\/"},{"@type":"ListItem","position":3,"name":"Negligencia M\u00e9dica"}]},{"@type":"WebSite","@id":"https:\/\/priceattorneys.com\/es\/#website","url":"https:\/\/priceattorneys.com\/es\/","name":"Price Petho &amp; Associates, Personal Injury Attorneys","description":"Charlotte Personal Injury Lawyers","potentialAction":[{"@type":"SearchAction","target":{"@type":"EntryPoint","urlTemplate":"https:\/\/priceattorneys.com\/es\/?s={search_term_string}"},"query-input":{"@type":"PropertyValueSpecification","valueRequired":true,"valueName":"search_term_string"}}],"inLanguage":"es"}]}},"_links":{"self":[{"href":"https:\/\/priceattorneys.com\/es\/wp-json\/wp\/v2\/pages\/5243","targetHints":{"allow":["GET"]}}],"collection":[{"href":"https:\/\/priceattorneys.com\/es\/wp-json\/wp\/v2\/pages"}],"about":[{"href":"https:\/\/priceattorneys.com\/es\/wp-json\/wp\/v2\/types\/page"}],"author":[{"embeddable":true,"href":"https:\/\/priceattorneys.com\/es\/wp-json\/wp\/v2\/users\/1"}],"replies":[{"embeddable":true,"href":"https:\/\/priceattorneys.com\/es\/wp-json\/wp\/v2\/comments?post=5243"}],"version-history":[{"count":1,"href":"https:\/\/priceattorneys.com\/es\/wp-json\/wp\/v2\/pages\/5243\/revisions"}],"predecessor-version":[{"id":6966,"href":"https:\/\/priceattorneys.com\/es\/wp-json\/wp\/v2\/pages\/5243\/revisions\/6966"}],"up":[{"embeddable":true,"href":"https:\/\/priceattorneys.com\/es\/wp-json\/wp\/v2\/pages\/4969"}],"wp:attachment":[{"href":"https:\/\/priceattorneys.com\/es\/wp-json\/wp\/v2\/media?parent=5243"}],"curies":[{"name":"wp","href":"https:\/\/api.w.org\/{rel}","templated":true}]}}