{"id":5246,"date":"2020-06-13T07:03:45","date_gmt":"2020-06-13T07:03:45","guid":{"rendered":"https:\/\/priceattorneys.com\/?page_id=5246"},"modified":"2023-10-09T13:53:08","modified_gmt":"2023-10-09T13:53:08","slug":"abuso-y-negligencia-en-hogares-de-ancianos","status":"publish","type":"page","link":"https:\/\/priceattorneys.com\/es\/lesiones-personales\/negligencia-medica\/abuso-y-negligencia-en-hogares-de-ancianos\/","title":{"rendered":"Abuso y Negligencia en Hogares de Ancianos"},"content":{"rendered":"\n\n\t\t\t\t<img decoding=\"async\" src=\"https:\/\/priceattorneys.com\/wp-content\/uploads\/2022\/03\/home.jpg\" alt=\"Nursing home neglect in NC\" itemprop=\"image\" height=\"621\" width=\"1245\" title=\"home\" onerror=\"this.style.display='none'\"  \/>\n\t<h1>Abogados de abuso en hogares de ancianos de Charlotte<\/h1>\n<h2>Ayuda para v\u00edctimas de negligencia y descuido en asilos de ancianos en Carolina del Norte<\/h2>\n<p>Tomar la decisi\u00f3n de colocar a un ser querido en un asilo de ancianos o cuidado asistido nunca es f\u00e1cil. Sin embargo, cuando un miembro de la familia anciano o discapacitado necesita la atenci\u00f3n que ya no puede brindar, recurre a hogares de ancianos y centros de atenci\u00f3n a largo plazo y profesionales m\u00e9dicos. Esperamos que esos profesionales traten a nuestros seres queridos con cuidado y les brinden un entorno seguro para vivir. Desafortunadamente, a veces fallan en este deber y, como resultado, nuestros familiares sufren da\u00f1os.<\/p>\n<p>Si bien el estado de Carolina del Norte debe realizar inspecciones de los hogares de ancianos, no podr\u00e1n detectar todas las posibles infracciones o peligros. Estas lagunas pueden resultar en abuso, descuido y negligencia. En Price, Petho &amp; Asociados, nuestro equipo de abogados de abuso en hogares de ancianos de Charlotte est\u00e1 dedicado a proteger a nuestros ancianos y ciudadanos vulnerables de lesiones y da\u00f1os. Durante casi 40 a\u00f1os, hemos demostrado nuestro compromiso de responsabilizar a los hogares de ancianos cuando maltratan a los pacientes y hemos ayudado a esos clientes a obtener la compensaci\u00f3n que merecen.<\/p>\n\t<h2>\u00bfQu\u00e9 le gustar\u00eda saber?<\/h2>\n\t<ul>\n<li>\u00bfQu\u00e9 es el abuso en un asilo de ancianos?<\/li>\n<li>\u00bfQu\u00e9 tan com\u00fan es el abuso en hogares de ancianos?<\/li>\n<li>\u00bfCu\u00e1les son los signos de abuso o negligencia en el asilo de ancianos de Charlotte?<\/li>\n<li>\u00bfCu\u00e1les son las leyes de los asilos de ancianos de Carolina del Norte?<\/li>\n<\/ul>\n\t<ul>\n<li>\u00bfCu\u00e1nto tiempo tengo para presentar un reclamo por abuso en un asilo de ancianos de Charlotte?<\/li>\n<li>\u00bfCu\u00e1l es el valor de mi caso de negligencia en un asilo de ancianos?<\/li>\n<li>\u00bfHay un abogado de abuso en hogares de ancianos cerca de m\u00ed?<\/li>\n<\/ul>\n\t\t\t\t<img decoding=\"async\" src=\"https:\/\/priceattorneys.com\/wp-content\/uploads\/2022\/03\/home-abuse2.jpg\" alt=\"Nursing home abuse in NC\" itemprop=\"image\" height=\"605\" width=\"807\" title=\"home-abuse2\" onerror=\"this.style.display='none'\"  \/>\n\t<h2>\u00bfQu\u00e9 es el abuso en un asilo de ancianos?<\/h2>\n<p>El abuso en hogares de ancianos es una forma de abuso de ancianos que tiene lugar en un hogar de ancianos o en un entorno de atenci\u00f3n a largo plazo. \u00c9l Centro Nacional sobre el Abuso de Ancianos (NCEA), parte del Departamento de Salud y Servicios Humanos de EE. UU., define el abuso de ancianos como \u00abel maltrato o da\u00f1o a una persona mayor. Puede incluir abuso f\u00edsico, emocional o sexual, junto con negligencia y explotaci\u00f3n financiera\u00bb.<\/p>\n<p>Mencionan cuatro tipos diferentes de abuso de ancianos:<\/p>\n<ul>\n<li>Abuso f\u00edsico<\/li>\n<li>Abuso emocional<\/li>\n<li>Abuso sexual<\/li>\n<li>Explotaci\u00f3n<\/li>\n<li>Descuido<\/li>\n<\/ul>\n<p>Seg\u00fan la NCEA: \u00abProgramas como los Servicios de Protecci\u00f3n para Adultos (APS) y los Defensores de Atenci\u00f3n a Largo Plazo est\u00e1n aqu\u00ed para ayudar. Para informar sobre los n\u00fameros, comun\u00edquese con Eldercare Locator al 1-800-677-1116 (eldercare.gov)\u00bb.<\/p>\n\t<h2>\u00bfQu\u00e9 tan com\u00fan es el abuso en hogares de ancianos?<\/h2>\n<p>Los datos disponibles de la NCEA indican que aproximadamente una de cada 10 personas mayores de 60 a\u00f1os experimentan alguna forma de abuso de ancianos cada a\u00f1o. Desafortunadamente, la evidencia tambi\u00e9n muestra que gran parte de este abuso no se denuncia. A menudo, esto se debe a que la v\u00edctima est\u00e1 familiarizada con su abusador y no quiere causar ning\u00fan problema. En otros casos, particularmente cuando el abusador es un miembro del personal de un hogar de ancianos, la v\u00edctima teme que denunciar resulte en represalias.<\/p>\n<p>Tr\u00e1gicamente, tambi\u00e9n hay momentos en que las v\u00edctimas de abuso y negligencia en hogares de ancianos no son conscientes del da\u00f1o que se les est\u00e1 infligiendo. Esto ocurre a menudo cuando un paciente sufre de d\u00e9ficits cognitivos u otras discapacidades.<\/p>\n\t<h2>\u00bfCu\u00e1les son los signos de abuso o negligencia en el asilo de ancianos de Charlotte?<\/h2>\n<p>Debido a que a veces nuestros seres queridos no pueden hablar por s\u00ed mismos, es importante estar atento a las se\u00f1ales de abuso y negligencia. La NCEA enumera algunas de las se\u00f1ales de alerta de posible abuso o negligencia, que pueden incluir aspectos emocionales, f\u00edsicos y financieros.<\/p>\n\n\t<p><strong>Emocional <\/strong>Los signos de abuso incluyen:<\/p>\n<ul>\n<li>Cambios en el comportamiento<\/li>\n<li>Trastornos del sue\u00f1o<\/li>\n<li>Ansiedad y depresi\u00f3n<\/li>\n<li>Falta de respuesta y aislamiento.<\/li>\n<\/ul>\n\t<p><strong>F\u00edsico <\/strong>Los signos de abuso incluyen:<\/p>\n<ul>\n<li>Contusiones o huesos rotos<\/li>\n<li>\u00dalceras de dec\u00fabito no tratadas o infectadas<\/li>\n<li>Ropa manchada o ensangrentada<\/li>\n<li>Infecciones de transmisi\u00f3n sexual sin explicaci\u00f3n<\/li>\n<li>Desnutrici\u00f3n y\/o deshidrataci\u00f3n<\/li>\n<li>Negaci\u00f3n o falta de dispositivos de asistencia, como andadores, anteojos o aud\u00edfonos<\/li>\n<\/ul>\n\t<p><strong>Financiero <\/strong>Los signos de abuso incluyen:<\/p>\n<ul>\n<li>Cambios inexplicables en las cuentas financieras<\/li>\n<li>Cambios repentinos o inexplicables en los documentos del testamento o patrimonio<\/li>\n<li>Facturas y documentos no pagados o faltantes<\/li>\n<\/ul>\n\t<p>Si nota que algo de esto le sucede a su ser querido, es crucial que haga preguntas, documente lo que est\u00e1 viendo y se comunique con un abogado de Price, Petho &amp; Asociados para obtener orientaci\u00f3n legal. Podemos ayudar.<\/p>\n\t<h2>\u00bfCu\u00e1les son las leyes de los asilos de ancianos de Carolina del Norte?<\/h2>\n<p>Aqu\u00ed en Charlotte y en toda Carolina del Norte, los residentes de asilos de ancianos y cuidados residenciales tienen ciertos derechos y protecci\u00f3n que les otorga el estado. <a href=\"https:\/\/www.ncdhhs.gov\/divisions\/aging-and-adult-services\/long-term-care-ombudsman-advocacy-residents-long-term-care-facilities\/residents-rights\" target=\"_blank\" rel=\"noopener\">Estos derechos incluyen<\/a>:<\/p>\n<p>(1) A ser tratado con respeto, consideraci\u00f3n, dignidad y pleno reconocimiento de su individualidad y derecho a la privacidad.<\/p>\n<p>(2) Recibir atenci\u00f3n y servicios que sean adecuados, apropiados y que cumplan con las leyes, normas y reglamentos federales y estatales pertinentes.<\/p>\n<p>(3) Recibir al momento de la admisi\u00f3n y durante su estad\u00eda una declaraci\u00f3n por escrito de los servicios proporcionados por la instalaci\u00f3n y los cargos por estos servicios.<\/p>\n<p>(4) Estar libre de abuso mental y f\u00edsico, negligencia y explotaci\u00f3n.<\/p>\n<p>(5) Excepto en emergencias, estar libre de restricciones qu\u00edmicas y f\u00edsicas a menos que un m\u00e9dico lo autorice por un per\u00edodo de tiempo espec\u00edfico de acuerdo con una necesidad m\u00e9dica clara e indicada.<\/p>\n<p>(6) A que sus registros personales y m\u00e9dicos se mantengan confidenciales y no se divulguen sin el consentimiento por escrito de la persona o tutor, cuyo consentimiento deber\u00e1 especificar a qui\u00e9n se puede hacer la divulgaci\u00f3n, excepto seg\u00fan lo exijan los estatutos, reglamentos, leyes estatales o federales aplicables. o contratos de terceros. En el caso de una emergencia, la divulgaci\u00f3n se puede hacer a las agencias, instituciones o personas que brindan los servicios m\u00e9dicos de emergencia.<\/p>\n<p>(7) Recibir una respuesta razonable a sus solicitudes por parte del administrador y el personal de la instituci\u00f3n.<\/p>\n<p>Estos son solo algunos de los derechos a los que tienen derecho los residentes de hogares de ancianos seg\u00fan la ley estatal.<\/p>\n\t<h2>\u00bfCu\u00e1nto tiempo tengo para presentar un reclamo por abuso en un asilo de ancianos de Charlotte?<\/h2>\n<p>Si descubre que su ser querido ha sido v\u00edctima de abuso o negligencia en un asilo de ancianos, comun\u00edquese con un abogado de Price, Petho &amp; Asociados lo antes posible. Las v\u00edctimas (o sus familiares) en estos casos tienen un tiempo limitado para presentar una demanda para recuperar la compensaci\u00f3n a la que tienen derecho.<\/p>\n<p>El estatuto de limitaciones de lesiones personales de Carolina del Norte es de tres a\u00f1os a partir del d\u00eda en que ocurre una lesi\u00f3n (o descubrimiento de una lesi\u00f3n). Esto incluye casos de abuso y negligencia en hogares de ancianos. Si no presenta un reclamo dentro de este per\u00edodo de tiempo, es posible que no sea elegible para una compensaci\u00f3n, por lo que es importante consultar con un abogado tan pronto como sospeche que su ser querido puede estar sufriendo alg\u00fan tipo de abuso.<\/p>\n\t<h2>\u00bfCu\u00e1l es el valor de mi caso de negligencia en un asilo de ancianos?<\/h2>\n<p>Las v\u00edctimas de abuso en hogares de ancianos pueden tener derecho a una variedad de da\u00f1os por su reclamo. Los abogados de Charlotte en Price, Petho &amp; Asociados trabajan para recuperar:<\/p>\n<ul>\n<li>Cobertura completa de cualquier factura m\u00e9dica causada por el abuso o negligencia<\/li>\n<li>Costo de permanecer en las instalaciones actuales<\/li>\n<li>Costos de traslado a una nueva instalaci\u00f3n<\/li>\n<li>P\u00e9rdida de calidad de vida da\u00f1os<\/li>\n<li>Da\u00f1os por dolor y sufrimiento<\/li>\n<li>Posibles da\u00f1os punitivos contra un asilo de ancianos por negligencia grave<\/li>\n<\/ul>\n<p>El monto total de compensaci\u00f3n disponible en estos casos variar\u00e1 dependiendo de los hechos y circunstancias de cada situaci\u00f3n. Nuestros abogados de abuso y negligencia en hogares de ancianos trabajan diligentemente para recuperar la compensaci\u00f3n para nuestros clientes para garantizar que encuentren justicia y cierre por el da\u00f1o que soportaron.<\/p>\n\t<h2>\u00bfHay un abogado de abuso en hogares de ancianos cerca de m\u00ed?<\/h2>\n<p>Price, Petho &amp; Asociados tiene una oficina en 1430 Elizabeth Ave en Charlotte. Tambi\u00e9n mantenemos oficinas en Rockingham y Rutherfordton para su comodidad. Tambi\u00e9n podemos visitarlo a usted y a su ser querido en el hogar de ancianos o centro de atenci\u00f3n.<\/p>\n<h3>Hable hoy con un abogado compasivo de abuso en hogares de ancianos de Charlotte<\/h3>\n<p>Ya sea que una lesi\u00f3n o muerte por negligencia haya sido causada por negligencia o abuso directo en un asilo de ancianos, nuestros abogados pueden ayudar. Desde el establecimiento de nuestra firma en 1979, hemos construido un s\u00f3lido historial de \u00e9xito sirviendo a clientes en Charlotte y en todo el estado. En Price, Petho &amp; Asociados, podemos ayudar si un ser querido sufri\u00f3 da\u00f1os mientras estaba bajo el cuidado de un asilo de ancianos. Programe una consulta gratuita hoy llamando <a href=\"tel:7043722160\">704-372-2160<\/a> o llenando nuestro Formulario de contacto. Servimos a familias en Charlotte, Rockingham, Rutherfordton, Carolina del Norte y Carolina del Sur.<\/p>\n\n","protected":false},"excerpt":{"rendered":"<p>Abogados de abuso en hogares de ancianos de Charlotte Ayuda para v\u00edctimas de negligencia y descuido en asilos de ancianos en Carolina del Norte Tomar la decisi\u00f3n de colocar a un ser querido en un asilo de ancianos o cuidado asistido nunca es f\u00e1cil. Sin embargo, cuando un miembro de la familia anciano o discapacitado&hellip;<\/p>\n","protected":false},"author":1,"featured_media":0,"parent":5243,"menu_order":0,"comment_status":"closed","ping_status":"closed","template":"","meta":{"footnotes":""},"class_list":["post-5246","page","type-page","status-publish","hentry"],"yoast_head":"<!-- This site is optimized with the Yoast SEO plugin v27.2 - https:\/\/yoast.com\/product\/yoast-seo-wordpress\/ -->\n<title>Abuso y Negligencia en Hogares de Ancianos | Price Petho &amp; Associates, Personal Injury Attorneys<\/title>\n<meta name=\"robots\" content=\"index, follow, max-snippet:-1, max-image-preview:large, max-video-preview:-1\" \/>\n<link rel=\"canonical\" href=\"https:\/\/priceattorneys.com\/es\/lesiones-personales\/negligencia-medica\/abuso-y-negligencia-en-hogares-de-ancianos\/\" \/>\n<meta property=\"og:locale\" content=\"es_ES\" \/>\n<meta property=\"og:type\" content=\"article\" \/>\n<meta property=\"og:title\" content=\"Abuso y Negligencia en Hogares de Ancianos | Price Petho &amp; Associates, Personal Injury Attorneys\" \/>\n<meta property=\"og:description\" content=\"Abogados de abuso en hogares de ancianos de Charlotte Ayuda para v\u00edctimas de negligencia y descuido en asilos de ancianos en Carolina del Norte Tomar la decisi\u00f3n de colocar a un ser querido en un asilo de ancianos o cuidado asistido nunca es f\u00e1cil. Sin embargo, cuando un miembro de la familia anciano o discapacitado&hellip;\" \/>\n<meta property=\"og:url\" content=\"https:\/\/priceattorneys.com\/es\/lesiones-personales\/negligencia-medica\/abuso-y-negligencia-en-hogares-de-ancianos\/\" \/>\n<meta property=\"og:site_name\" content=\"Price Petho &amp; Associates, Personal Injury Attorneys\" \/>\n<meta property=\"article:modified_time\" content=\"2023-10-09T13:53:08+00:00\" \/>\n<meta property=\"og:image\" content=\"https:\/\/priceattorneys.com\/wp-content\/uploads\/2022\/03\/home.jpg\" \/>\n<meta name=\"twitter:card\" content=\"summary_large_image\" \/>\n<meta name=\"twitter:label1\" content=\"Tiempo de lectura\" \/>\n\t<meta name=\"twitter:data1\" content=\"8 minutos\" \/>\n<script type=\"application\/ld+json\" class=\"yoast-schema-graph\">{\"@context\":\"https:\/\/schema.org\",\"@graph\":[{\"@type\":\"WebPage\",\"@id\":\"https:\/\/priceattorneys.com\/es\/lesiones-personales\/negligencia-medica\/abuso-y-negligencia-en-hogares-de-ancianos\/\",\"url\":\"https:\/\/priceattorneys.com\/es\/lesiones-personales\/negligencia-medica\/abuso-y-negligencia-en-hogares-de-ancianos\/\",\"name\":\"Abuso y Negligencia en Hogares de Ancianos | Price Petho &amp; Associates, Personal Injury Attorneys\",\"isPartOf\":{\"@id\":\"https:\/\/priceattorneys.com\/es\/#website\"},\"primaryImageOfPage\":{\"@id\":\"https:\/\/priceattorneys.com\/es\/lesiones-personales\/negligencia-medica\/abuso-y-negligencia-en-hogares-de-ancianos\/#primaryimage\"},\"image\":{\"@id\":\"https:\/\/priceattorneys.com\/es\/lesiones-personales\/negligencia-medica\/abuso-y-negligencia-en-hogares-de-ancianos\/#primaryimage\"},\"thumbnailUrl\":\"https:\/\/priceattorneys.com\/wp-content\/uploads\/2022\/03\/home.jpg\",\"datePublished\":\"2020-06-13T07:03:45+00:00\",\"dateModified\":\"2023-10-09T13:53:08+00:00\",\"breadcrumb\":{\"@id\":\"https:\/\/priceattorneys.com\/es\/lesiones-personales\/negligencia-medica\/abuso-y-negligencia-en-hogares-de-ancianos\/#breadcrumb\"},\"inLanguage\":\"es\",\"potentialAction\":[{\"@type\":\"ReadAction\",\"target\":[\"https:\/\/priceattorneys.com\/es\/lesiones-personales\/negligencia-medica\/abuso-y-negligencia-en-hogares-de-ancianos\/\"]}]},{\"@type\":\"ImageObject\",\"inLanguage\":\"es\",\"@id\":\"https:\/\/priceattorneys.com\/es\/lesiones-personales\/negligencia-medica\/abuso-y-negligencia-en-hogares-de-ancianos\/#primaryimage\",\"url\":\"https:\/\/priceattorneys.com\/wp-content\/uploads\/2022\/03\/home.jpg\",\"contentUrl\":\"https:\/\/priceattorneys.com\/wp-content\/uploads\/2022\/03\/home.jpg\"},{\"@type\":\"BreadcrumbList\",\"@id\":\"https:\/\/priceattorneys.com\/es\/lesiones-personales\/negligencia-medica\/abuso-y-negligencia-en-hogares-de-ancianos\/#breadcrumb\",\"itemListElement\":[{\"@type\":\"ListItem\",\"position\":1,\"name\":\"Home\",\"item\":\"https:\/\/priceattorneys.com\/es\/\"},{\"@type\":\"ListItem\",\"position\":2,\"name\":\"Lesiones Personales\",\"item\":\"https:\/\/priceattorneys.com\/es\/lesiones-personales\/\"},{\"@type\":\"ListItem\",\"position\":3,\"name\":\"Negligencia M\u00e9dica\",\"item\":\"https:\/\/priceattorneys.com\/es\/lesiones-personales\/negligencia-medica\/\"},{\"@type\":\"ListItem\",\"position\":4,\"name\":\"Abuso y Negligencia en Hogares de Ancianos\"}]},{\"@type\":\"WebSite\",\"@id\":\"https:\/\/priceattorneys.com\/es\/#website\",\"url\":\"https:\/\/priceattorneys.com\/es\/\",\"name\":\"Price Petho &amp; Associates, Personal Injury Attorneys\",\"description\":\"Charlotte Personal Injury Lawyers\",\"potentialAction\":[{\"@type\":\"SearchAction\",\"target\":{\"@type\":\"EntryPoint\",\"urlTemplate\":\"https:\/\/priceattorneys.com\/es\/?s={search_term_string}\"},\"query-input\":{\"@type\":\"PropertyValueSpecification\",\"valueRequired\":true,\"valueName\":\"search_term_string\"}}],\"inLanguage\":\"es\"}]}<\/script>\n<!-- \/ Yoast SEO plugin. -->","yoast_head_json":{"title":"Abuso y Negligencia en Hogares de Ancianos | Price Petho &amp; Associates, Personal Injury Attorneys","robots":{"index":"index","follow":"follow","max-snippet":"max-snippet:-1","max-image-preview":"max-image-preview:large","max-video-preview":"max-video-preview:-1"},"canonical":"https:\/\/priceattorneys.com\/es\/lesiones-personales\/negligencia-medica\/abuso-y-negligencia-en-hogares-de-ancianos\/","og_locale":"es_ES","og_type":"article","og_title":"Abuso y Negligencia en Hogares de Ancianos | Price Petho &amp; Associates, Personal Injury Attorneys","og_description":"Abogados de abuso en hogares de ancianos de Charlotte Ayuda para v\u00edctimas de negligencia y descuido en asilos de ancianos en Carolina del Norte Tomar la decisi\u00f3n de colocar a un ser querido en un asilo de ancianos o cuidado asistido nunca es f\u00e1cil. Sin embargo, cuando un miembro de la familia anciano o discapacitado&hellip;","og_url":"https:\/\/priceattorneys.com\/es\/lesiones-personales\/negligencia-medica\/abuso-y-negligencia-en-hogares-de-ancianos\/","og_site_name":"Price Petho &amp; Associates, Personal Injury Attorneys","article_modified_time":"2023-10-09T13:53:08+00:00","og_image":[{"url":"https:\/\/priceattorneys.com\/wp-content\/uploads\/2022\/03\/home.jpg","type":"","width":"","height":""}],"twitter_card":"summary_large_image","twitter_misc":{"Tiempo de lectura":"8 minutos"},"schema":{"@context":"https:\/\/schema.org","@graph":[{"@type":"WebPage","@id":"https:\/\/priceattorneys.com\/es\/lesiones-personales\/negligencia-medica\/abuso-y-negligencia-en-hogares-de-ancianos\/","url":"https:\/\/priceattorneys.com\/es\/lesiones-personales\/negligencia-medica\/abuso-y-negligencia-en-hogares-de-ancianos\/","name":"Abuso y Negligencia en Hogares de Ancianos | Price Petho &amp; Associates, Personal Injury Attorneys","isPartOf":{"@id":"https:\/\/priceattorneys.com\/es\/#website"},"primaryImageOfPage":{"@id":"https:\/\/priceattorneys.com\/es\/lesiones-personales\/negligencia-medica\/abuso-y-negligencia-en-hogares-de-ancianos\/#primaryimage"},"image":{"@id":"https:\/\/priceattorneys.com\/es\/lesiones-personales\/negligencia-medica\/abuso-y-negligencia-en-hogares-de-ancianos\/#primaryimage"},"thumbnailUrl":"https:\/\/priceattorneys.com\/wp-content\/uploads\/2022\/03\/home.jpg","datePublished":"2020-06-13T07:03:45+00:00","dateModified":"2023-10-09T13:53:08+00:00","breadcrumb":{"@id":"https:\/\/priceattorneys.com\/es\/lesiones-personales\/negligencia-medica\/abuso-y-negligencia-en-hogares-de-ancianos\/#breadcrumb"},"inLanguage":"es","potentialAction":[{"@type":"ReadAction","target":["https:\/\/priceattorneys.com\/es\/lesiones-personales\/negligencia-medica\/abuso-y-negligencia-en-hogares-de-ancianos\/"]}]},{"@type":"ImageObject","inLanguage":"es","@id":"https:\/\/priceattorneys.com\/es\/lesiones-personales\/negligencia-medica\/abuso-y-negligencia-en-hogares-de-ancianos\/#primaryimage","url":"https:\/\/priceattorneys.com\/wp-content\/uploads\/2022\/03\/home.jpg","contentUrl":"https:\/\/priceattorneys.com\/wp-content\/uploads\/2022\/03\/home.jpg"},{"@type":"BreadcrumbList","@id":"https:\/\/priceattorneys.com\/es\/lesiones-personales\/negligencia-medica\/abuso-y-negligencia-en-hogares-de-ancianos\/#breadcrumb","itemListElement":[{"@type":"ListItem","position":1,"name":"Home","item":"https:\/\/priceattorneys.com\/es\/"},{"@type":"ListItem","position":2,"name":"Lesiones Personales","item":"https:\/\/priceattorneys.com\/es\/lesiones-personales\/"},{"@type":"ListItem","position":3,"name":"Negligencia M\u00e9dica","item":"https:\/\/priceattorneys.com\/es\/lesiones-personales\/negligencia-medica\/"},{"@type":"ListItem","position":4,"name":"Abuso y Negligencia en Hogares de Ancianos"}]},{"@type":"WebSite","@id":"https:\/\/priceattorneys.com\/es\/#website","url":"https:\/\/priceattorneys.com\/es\/","name":"Price Petho &amp; Associates, Personal Injury Attorneys","description":"Charlotte Personal Injury Lawyers","potentialAction":[{"@type":"SearchAction","target":{"@type":"EntryPoint","urlTemplate":"https:\/\/priceattorneys.com\/es\/?s={search_term_string}"},"query-input":{"@type":"PropertyValueSpecification","valueRequired":true,"valueName":"search_term_string"}}],"inLanguage":"es"}]}},"_links":{"self":[{"href":"https:\/\/priceattorneys.com\/es\/wp-json\/wp\/v2\/pages\/5246","targetHints":{"allow":["GET"]}}],"collection":[{"href":"https:\/\/priceattorneys.com\/es\/wp-json\/wp\/v2\/pages"}],"about":[{"href":"https:\/\/priceattorneys.com\/es\/wp-json\/wp\/v2\/types\/page"}],"author":[{"embeddable":true,"href":"https:\/\/priceattorneys.com\/es\/wp-json\/wp\/v2\/users\/1"}],"replies":[{"embeddable":true,"href":"https:\/\/priceattorneys.com\/es\/wp-json\/wp\/v2\/comments?post=5246"}],"version-history":[{"count":1,"href":"https:\/\/priceattorneys.com\/es\/wp-json\/wp\/v2\/pages\/5246\/revisions"}],"predecessor-version":[{"id":6391,"href":"https:\/\/priceattorneys.com\/es\/wp-json\/wp\/v2\/pages\/5246\/revisions\/6391"}],"up":[{"embeddable":true,"href":"https:\/\/priceattorneys.com\/es\/wp-json\/wp\/v2\/pages\/5243"}],"wp:attachment":[{"href":"https:\/\/priceattorneys.com\/es\/wp-json\/wp\/v2\/media?parent=5246"}],"curies":[{"name":"wp","href":"https:\/\/api.w.org\/{rel}","templated":true}]}}