{"id":5249,"date":"2020-06-13T07:20:27","date_gmt":"2020-06-13T07:20:27","guid":{"rendered":"https:\/\/priceattorneys.com\/?page_id=5249"},"modified":"2022-05-02T16:45:41","modified_gmt":"2022-05-02T16:45:41","slug":"lesiones-de-nacimiento","status":"publish","type":"page","link":"https:\/\/priceattorneys.com\/es\/lesiones-personales\/negligencia-medica\/lesiones-de-nacimiento\/","title":{"rendered":"Lesiones de Nacimiento"},"content":{"rendered":"\n\n\t\t\t\t<img decoding=\"async\" src=\"https:\/\/priceattorneys.com\/wp-content\/uploads\/2022\/03\/birth1.jpg\" alt=\"birth1\" itemprop=\"image\" height=\"621\" width=\"1245\" title=\"birth1\" onerror=\"this.style.display='none'\"  \/>\n\t<h1>Abogados de Lesiones de Nacimiento en Charlotte<\/h1>\n<h2>Defensa de las familias de ni\u00f1os lesionados al nacer en Carolina del Norte<\/h2>\n<p>El embarazo es, y debe ser, un momento esperanzador para los futuros padres. Mientras est\u00e1n bajo el cuidado de un m\u00e9dico en los meses previos al trabajo de parto y el parto, las madres conf\u00edan en que su equipo m\u00e9dico tomar\u00e1 todas las medidas de seguridad adecuadas para garantizar que el proceso de parto transcurra sin problemas. Estas medidas incluyen monitorear tanto a la madre como al beb\u00e9 en busca de signos de angustia y tomar las medidas adecuadas cuando sea necesario.<\/p>\n<p>Las lesiones de nacimiento pueden ocurrir durante el embarazo, el parto o poco despu\u00e9s del parto. Puede implicar una lesi\u00f3n en la madre, como la ruptura del \u00fatero por el uso excesivo de oxitocina, o una lesi\u00f3n en el beb\u00e9 debido a la falta de ox\u00edgeno o problemas para extraer al beb\u00e9 del canal de parto. En Price, Petho &amp; Asociados, representamos a las familias de Charlotte que buscan la compensaci\u00f3n financiera que necesitan y merecen para cuidar a los ni\u00f1os lesionados por negligencia m\u00e9dica.<\/p>\n\t<h2>\u00bfQu\u00e9 le gustar\u00eda saber?<\/h2>\n\t<ul>\n<li><a href=\"#FAQ1\">\u00bfQu\u00e9 es una lesi\u00f3n de nacimiento?<\/a><\/li>\n<li><a href=\"#FAQ2\">\u00bfCu\u00e1les son algunas lesiones de nacimiento comunes?<\/a><\/li>\n<li><a href=\"#FAQ3\">\u00bfPor qu\u00e9 ocurren las lesiones de nacimiento?<\/a><\/li>\n<li><a href=\"#FAQ4\">\u00bfQui\u00e9n es responsable de una lesi\u00f3n de nacimiento en Charlotte?<\/a><\/li>\n<li><a href=\"#FAQ5\">\u00bfHay un abogado de lesiones de nacimiento cerca de m\u00ed?<\/a><\/li>\n<\/ul>\n\t<h2>\u00bfQu\u00e9 es una lesi\u00f3n de nacimiento?<\/h2>\n<p>De acuerdo con el <a href=\"https:\/\/www.merckmanuals.com\/home\/children-s-health-issues\/general-problems-in-newborns\/birth-injuries-in-newborns\">manual merck<\/a>, \u00abla lesi\u00f3n de nacimiento es el da\u00f1o que ocurre como resultado de la presi\u00f3n f\u00edsica durante el proceso de parto, generalmente durante el tr\u00e1nsito por el canal de parto\u00bb. Se\u00f1alan que las lesiones de Nacimiento \u00abse deben m\u00e1s com\u00fanmente a las fuerzas naturales del trabajo de parto y el alumbramiento\u00bb. Muchas de estas lesiones se resuelven por s\u00ed solas en unos pocos d\u00edas o semanas.<\/p>\n<p>Sin embargo, las lesiones de nacimiento tambi\u00e9n pueden ocurrir debido a negligencia m\u00e9dica y negligencia por parte del personal m\u00e9dico. Estas lesiones a menudo son graves y tienen consecuencias que alteran la vida de un ni\u00f1o.<\/p>\n\t<h2>\u00bfCu\u00e1les son algunas lesiones de nacimiento comunes?<\/h2>\n<p>Hay muchos tipos de lesiones de nacimiento, pero algunas tienden a ocurrir m\u00e1s que otras, entre ellas:<\/p>\n<ul>\n<li><strong>Lesi\u00f3n del plexo braquial<\/strong>. El plexo braquial es un grupo de nervios que controlan el movimiento del brazo y la mano, y puede estirarse, desgarrarse o comprimirse durante un parto dif\u00edcil.<\/li>\n<li><strong>Caput succedaneum<\/strong>. Si un m\u00e9dico usa demasiada fuerza en una extracci\u00f3n por vac\u00edo, puede causar inflamaci\u00f3n de los tejidos en el cuero cabelludo y la cabeza del beb\u00e9.<\/li>\n<li><strong>Roturas y fracturas de huesos<\/strong>. Los beb\u00e9s que vienen de nalgas u otros partos dif\u00edciles pueden provocar fracturas de huesos, especialmente fracturas de clav\u00edcula\/clav\u00edcula.<\/li>\n<li><strong>Par\u00e1lisis facial<\/strong>. Esto puede suceder debido a da\u00f1os en los nervios por partos bruscos. En algunos casos, se requiere cirug\u00eda para repararlo.<\/li>\n<li><strong>Encefalopat\u00eda hip\u00f3xico-isqu\u00e9mica (EHI)<\/strong>. HIE es una forma de da\u00f1o cerebral causado por la falta de ox\u00edgeno durante el proceso de nacimiento.<\/li>\n<li><strong>Par\u00e1lisis cerebral (PC)<\/strong>. La par\u00e1lisis cerebral puede ocurrir como una complicaci\u00f3n de lesiones de nacimiento como HIE, trauma cerebral o infecciones no tratadas.<\/li>\n<li><strong>Cefalohematoma<\/strong>. Esta es la sangre que se acumula entre el cuero cabelludo y el cr\u00e1neo de un reci\u00e9n nacido, generalmente debido al esfuerzo excesivo de la cabeza del beb\u00e9 durante el parto. Las complicaciones del cefalohematoma incluyen infecci\u00f3n, ictericia o anemia.<\/li>\n<\/ul>\n<p>En el m\u00e1s tr\u00e1gico de los casos, un reci\u00e9n nacido sufre una <a href=\"https:\/\/priceattorneys.com\/es\/lesiones-personales\/muerte-injusta\/\">muerte injusta<\/a> de lesiones de nacimiento. Si su beb\u00e9 experiment\u00f3 uno de estos, o cualquier lesi\u00f3n de nacimiento, debido al descuido o negligencia del m\u00e9dico, los abogados de Price, Petho &amp; Asociados en Charlotte quieren ayudarlo.<\/p>\n\t<h2>\u00bfPor qu\u00e9 ocurren las lesiones de nacimiento?<\/h2>\n<p>Las lesiones de nacimiento ocurren por una amplia variedad de razones, y algunas son inevitables. Sin embargo, a veces ocurren debido a negligencia m\u00e9dica: una acci\u00f3n negligente o falta de acci\u00f3n por parte de su equipo m\u00e9dico durante el embarazo, el trabajo de parto o el parto. Algunas de las formas en que los m\u00e9dicos u otros profesionales m\u00e9dicos pueden causar lesiones de nacimiento incluyen:<\/p>\n<ul>\n<li><strong>Falta de identificaci\u00f3n o manejo de los factores de riesgo.<\/strong>. Los m\u00e9dicos y obstetras deben comprender los riesgos asociados con un embarazo y monitorear a la madre y al beb\u00e9 de manera adecuada. Esto incluye obtener un historial m\u00e9dico completo de la madre, planificar una ces\u00e1rea si el tama\u00f1o del beb\u00e9 lo requiere y observar si el beb\u00e9 est\u00e1 en la posici\u00f3n correcta para el parto.<\/li>\n<li><strong>No notar el sufrimiento fetal<\/strong>. Todos los miembros del equipo m\u00e9dico relacionados con el nacimiento de su beb\u00e9 deben estar atentos a los signos de sufrimiento fetal, utilizando un monitor de frecuencia card\u00edaca fetal. Demasiada tensi\u00f3n en el coraz\u00f3n de un beb\u00e9 puede provocar una falta de ox\u00edgeno, lo que puede causar da\u00f1o cerebral permanente.<\/li>\n<li><strong>Errores de f\u00f3rceps o extractor de vac\u00edo<\/strong>. Si un beb\u00e9 se \u00abatasca\u00bb en el canal de parto, los m\u00e9dicos suelen recurrir a f\u00f3rceps o extractores de vac\u00edo para obtener ayuda. Sin embargo, cuando estas herramientas se usan incorrectamente o con demasiada fuerza, los m\u00e9dicos pueden causar lesiones graves, incluidas lesiones del plexo braquial o traumatismo craneoencef\u00e1lico.<\/li>\n<li><strong>Infecciones no diagnosticadas<\/strong>. Los m\u00e9dicos tambi\u00e9n deben monitorear a las madres en busca de condiciones de salud, especialmente infecciones. Debido a que una infecci\u00f3n se transmite f\u00e1cilmente de la madre al feto en desarrollo, o incluso a trav\u00e9s del parto a trav\u00e9s del canal de parto, el diagn\u00f3stico y el tratamiento oportunos de una infecci\u00f3n materna son cruciales para evitar lesionar a un reci\u00e9n nacido.<\/li>\n<li><strong>Problemas del cord\u00f3n umbilical<\/strong>. Los problemas con el cord\u00f3n umbilical pueden ser una cuesti\u00f3n de vida o muerte para un reci\u00e9n nacido si los m\u00e9dicos no responden de manera adecuada y r\u00e1pida. Por ejemplo, con condiciones como el prolapso del cord\u00f3n umbilical (cuando el cord\u00f3n sale del \u00fatero antes que el beb\u00e9), el beb\u00e9 puede perder ox\u00edgeno y flujo sangu\u00edneo. En otros casos, el cord\u00f3n puede enrollarse alrededor del cuello del beb\u00e9, causando tambi\u00e9n p\u00e9rdida de ox\u00edgeno y flujo sangu\u00edneo.<\/li>\n<li><strong>Errores en la medicaci\u00f3n<\/strong>. Cuando los m\u00e9dicos necesitan acelerar el trabajo de parto, pueden administrar ciertos medicamentos como Pitocin o Cytotec. Aunque estos medicamentos pueden inducir o acelerar las contracciones, tambi\u00e9n conllevan riesgos como ruptura uterina, sufrimiento fetal u otras lesiones potencialmente mortales.<\/li>\n<\/ul>\n<p>Estos eventos prevenibles a menudo ocurren debido a la negligencia del m\u00e9dico o del personal m\u00e9dico.<\/p>\n\t\t\t\t<img decoding=\"async\" src=\"https:\/\/priceattorneys.com\/wp-content\/uploads\/2022\/03\/birth2-1.jpg\" alt=\"birth2\" itemprop=\"image\" height=\"954\" width=\"807\" title=\"birth2\" onerror=\"this.style.display='none'\"  \/>\n\t<h2>\u00bfQui\u00e9n es responsable de una lesi\u00f3n de nacimiento en Charlotte?<\/h2>\n<p>El embarazo, el trabajo de parto y el parto requieren un equipo de profesionales m\u00e9dicos que trabajen juntos para mantener a la madre y al beb\u00e9 seguros y saludables. Incluso una ruptura en esta cadena puede provocar lesiones graves en uno o ambos. El personal m\u00e9dico y los profesionales que podr\u00edan ser considerados responsables por una lesi\u00f3n de nacimiento incluyen:<\/p>\n<ul>\n<li>M\u00e9dicos y obstetras<\/li>\n<li>Cirujanos<\/li>\n<li>Enfermeras<\/li>\n<li>Parteras<\/li>\n<li>Anestesi\u00f3logos<\/li>\n<li>Hospitales y sistemas de salud<\/li>\n<li>T\u00e9cnicos de emergencias m\u00e9dicas o param\u00e9dicos<\/li>\n<\/ul>\n<p>Price, Petho &amp; Asociados cuenta con un equipo de abogados de Charlotte dedicados a ayudar a las familias que han sufrido debido a la negligencia m\u00e9dica. En casos de lesiones de nacimiento, la negligencia puede resultar en una vida de desaf\u00edos para un ni\u00f1o. Una compensaci\u00f3n adecuada puede ayudarlo a proporcionar los recursos que su hijo necesita para superar esos desaf\u00edos y prosperar tanto como sea posible.<\/p>\n\t<h2>\u00bfHay un abogado de lesiones de nacimiento cerca de m\u00ed?<\/h2>\n<p>Price, Petho &amp; Asociados tiene oficinas en 1430 Elizabeth Avenue en Charlotte. Tambi\u00e9n mantenemos oficinas en Rockingham y Rutherfordton para su comodidad. Si est\u00e1 demasiado lesionado para acudir a nosotros, podemos hacer arreglos para visitarlo en su casa o en el hospital.<\/p>\n<h3>Abogados compasivos de lesiones de nacimiento en Charlotte<\/h3>\n<p>Desde 1979, los abogados de lesiones de nacimiento de Price, Petho &amp; Asociados han ayudado a familias cuyos hijos sufrieron lesiones por negligencia m\u00e9dica. Nuestro historial de recuperaciones multimillonarias incluye una recuperaci\u00f3n reciente de $4,75 millones en un caso de negligencia en el parto. Debido a que una lesi\u00f3n de nacimiento puede durar toda la vida, es importante comprender qu\u00e9 recursos necesitar\u00e1 su hijo ahora y en el futuro. Trabajamos con expertos m\u00e9dicos, planificadores de cuidados de vida y expertos financieros para determinar el costo total de la atenci\u00f3n a lo largo de los a\u00f1os de vida de su hijo. Ll\u00e1menos hoy al <a href=\"tel:7043722160\">704-372-2160<\/a> o llena nuestro Formulario de contacto p ara programar una consulta gratuita. Al servicio de las familias en Charlotte, Rockingham, Rutherfordton, Carolina del Norte y Carolina del Sur.<\/p>\n\n","protected":false},"excerpt":{"rendered":"<p>Abogados de Lesiones de Nacimiento en Charlotte Defensa de las familias de ni\u00f1os lesionados al nacer en Carolina del Norte El embarazo es, y debe ser, un momento esperanzador para los futuros padres. Mientras est\u00e1n bajo el cuidado de un m\u00e9dico en los meses previos al trabajo de parto y el parto, las madres conf\u00edan&hellip;<\/p>\n","protected":false},"author":1,"featured_media":0,"parent":5243,"menu_order":0,"comment_status":"closed","ping_status":"closed","template":"","meta":{"footnotes":""},"class_list":["post-5249","page","type-page","status-publish","hentry"],"yoast_head":"<!-- This site is optimized with the Yoast SEO plugin v27.3 - https:\/\/yoast.com\/product\/yoast-seo-wordpress\/ -->\n<title>Lesiones de Nacimiento | Price Petho &amp; Associates, Personal Injury Attorneys<\/title>\n<meta name=\"robots\" content=\"index, follow, max-snippet:-1, max-image-preview:large, max-video-preview:-1\" \/>\n<link rel=\"canonical\" href=\"https:\/\/priceattorneys.com\/es\/lesiones-personales\/negligencia-medica\/lesiones-de-nacimiento\/\" \/>\n<meta property=\"og:locale\" content=\"es_ES\" \/>\n<meta property=\"og:type\" content=\"article\" \/>\n<meta property=\"og:title\" content=\"Lesiones de Nacimiento | Price Petho &amp; Associates, Personal Injury Attorneys\" \/>\n<meta property=\"og:description\" content=\"Abogados de Lesiones de Nacimiento en Charlotte Defensa de las familias de ni\u00f1os lesionados al nacer en Carolina del Norte El embarazo es, y debe ser, un momento esperanzador para los futuros padres. Mientras est\u00e1n bajo el cuidado de un m\u00e9dico en los meses previos al trabajo de parto y el parto, las madres conf\u00edan&hellip;\" \/>\n<meta property=\"og:url\" content=\"https:\/\/priceattorneys.com\/es\/lesiones-personales\/negligencia-medica\/lesiones-de-nacimiento\/\" \/>\n<meta property=\"og:site_name\" content=\"Price Petho &amp; Associates, Personal Injury Attorneys\" \/>\n<meta property=\"article:modified_time\" content=\"2022-05-02T16:45:41+00:00\" \/>\n<meta property=\"og:image\" content=\"https:\/\/priceattorneys.com\/wp-content\/uploads\/2022\/03\/birth1.jpg\" \/>\n<meta name=\"twitter:card\" content=\"summary_large_image\" \/>\n<meta name=\"twitter:label1\" content=\"Tiempo de lectura\" \/>\n\t<meta name=\"twitter:data1\" content=\"8 minutos\" \/>\n<script type=\"application\/ld+json\" class=\"yoast-schema-graph\">{\"@context\":\"https:\\\/\\\/schema.org\",\"@graph\":[{\"@type\":\"WebPage\",\"@id\":\"https:\\\/\\\/priceattorneys.com\\\/es\\\/lesiones-personales\\\/negligencia-medica\\\/lesiones-de-nacimiento\\\/\",\"url\":\"https:\\\/\\\/priceattorneys.com\\\/es\\\/lesiones-personales\\\/negligencia-medica\\\/lesiones-de-nacimiento\\\/\",\"name\":\"Lesiones de Nacimiento | Price Petho &amp; Associates, Personal Injury Attorneys\",\"isPartOf\":{\"@id\":\"https:\\\/\\\/priceattorneys.com\\\/es\\\/#website\"},\"primaryImageOfPage\":{\"@id\":\"https:\\\/\\\/priceattorneys.com\\\/es\\\/lesiones-personales\\\/negligencia-medica\\\/lesiones-de-nacimiento\\\/#primaryimage\"},\"image\":{\"@id\":\"https:\\\/\\\/priceattorneys.com\\\/es\\\/lesiones-personales\\\/negligencia-medica\\\/lesiones-de-nacimiento\\\/#primaryimage\"},\"thumbnailUrl\":\"https:\\\/\\\/priceattorneys.com\\\/wp-content\\\/uploads\\\/2022\\\/03\\\/birth1.jpg\",\"datePublished\":\"2020-06-13T07:20:27+00:00\",\"dateModified\":\"2022-05-02T16:45:41+00:00\",\"breadcrumb\":{\"@id\":\"https:\\\/\\\/priceattorneys.com\\\/es\\\/lesiones-personales\\\/negligencia-medica\\\/lesiones-de-nacimiento\\\/#breadcrumb\"},\"inLanguage\":\"es\",\"potentialAction\":[{\"@type\":\"ReadAction\",\"target\":[\"https:\\\/\\\/priceattorneys.com\\\/es\\\/lesiones-personales\\\/negligencia-medica\\\/lesiones-de-nacimiento\\\/\"]}]},{\"@type\":\"ImageObject\",\"inLanguage\":\"es\",\"@id\":\"https:\\\/\\\/priceattorneys.com\\\/es\\\/lesiones-personales\\\/negligencia-medica\\\/lesiones-de-nacimiento\\\/#primaryimage\",\"url\":\"https:\\\/\\\/priceattorneys.com\\\/wp-content\\\/uploads\\\/2022\\\/03\\\/birth1.jpg\",\"contentUrl\":\"https:\\\/\\\/priceattorneys.com\\\/wp-content\\\/uploads\\\/2022\\\/03\\\/birth1.jpg\"},{\"@type\":\"BreadcrumbList\",\"@id\":\"https:\\\/\\\/priceattorneys.com\\\/es\\\/lesiones-personales\\\/negligencia-medica\\\/lesiones-de-nacimiento\\\/#breadcrumb\",\"itemListElement\":[{\"@type\":\"ListItem\",\"position\":1,\"name\":\"Home\",\"item\":\"https:\\\/\\\/priceattorneys.com\\\/es\\\/\"},{\"@type\":\"ListItem\",\"position\":2,\"name\":\"Lesiones Personales\",\"item\":\"https:\\\/\\\/priceattorneys.com\\\/es\\\/lesiones-personales\\\/\"},{\"@type\":\"ListItem\",\"position\":3,\"name\":\"Negligencia M\u00e9dica\",\"item\":\"https:\\\/\\\/priceattorneys.com\\\/es\\\/lesiones-personales\\\/negligencia-medica\\\/\"},{\"@type\":\"ListItem\",\"position\":4,\"name\":\"Lesiones de Nacimiento\"}]},{\"@type\":\"WebSite\",\"@id\":\"https:\\\/\\\/priceattorneys.com\\\/es\\\/#website\",\"url\":\"https:\\\/\\\/priceattorneys.com\\\/es\\\/\",\"name\":\"Price Petho &amp; Associates, Personal Injury Attorneys\",\"description\":\"Charlotte Personal Injury Lawyers\",\"potentialAction\":[{\"@type\":\"SearchAction\",\"target\":{\"@type\":\"EntryPoint\",\"urlTemplate\":\"https:\\\/\\\/priceattorneys.com\\\/es\\\/?s={search_term_string}\"},\"query-input\":{\"@type\":\"PropertyValueSpecification\",\"valueRequired\":true,\"valueName\":\"search_term_string\"}}],\"inLanguage\":\"es\"}]}<\/script>\n<!-- \/ Yoast SEO plugin. -->","yoast_head_json":{"title":"Lesiones de Nacimiento | Price Petho &amp; Associates, Personal Injury Attorneys","robots":{"index":"index","follow":"follow","max-snippet":"max-snippet:-1","max-image-preview":"max-image-preview:large","max-video-preview":"max-video-preview:-1"},"canonical":"https:\/\/priceattorneys.com\/es\/lesiones-personales\/negligencia-medica\/lesiones-de-nacimiento\/","og_locale":"es_ES","og_type":"article","og_title":"Lesiones de Nacimiento | Price Petho &amp; Associates, Personal Injury Attorneys","og_description":"Abogados de Lesiones de Nacimiento en Charlotte Defensa de las familias de ni\u00f1os lesionados al nacer en Carolina del Norte El embarazo es, y debe ser, un momento esperanzador para los futuros padres. Mientras est\u00e1n bajo el cuidado de un m\u00e9dico en los meses previos al trabajo de parto y el parto, las madres conf\u00edan&hellip;","og_url":"https:\/\/priceattorneys.com\/es\/lesiones-personales\/negligencia-medica\/lesiones-de-nacimiento\/","og_site_name":"Price Petho &amp; Associates, Personal Injury Attorneys","article_modified_time":"2022-05-02T16:45:41+00:00","og_image":[{"url":"https:\/\/priceattorneys.com\/wp-content\/uploads\/2022\/03\/birth1.jpg","type":"","width":"","height":""}],"twitter_card":"summary_large_image","twitter_misc":{"Tiempo de lectura":"8 minutos"},"schema":{"@context":"https:\/\/schema.org","@graph":[{"@type":"WebPage","@id":"https:\/\/priceattorneys.com\/es\/lesiones-personales\/negligencia-medica\/lesiones-de-nacimiento\/","url":"https:\/\/priceattorneys.com\/es\/lesiones-personales\/negligencia-medica\/lesiones-de-nacimiento\/","name":"Lesiones de Nacimiento | Price Petho &amp; Associates, Personal Injury Attorneys","isPartOf":{"@id":"https:\/\/priceattorneys.com\/es\/#website"},"primaryImageOfPage":{"@id":"https:\/\/priceattorneys.com\/es\/lesiones-personales\/negligencia-medica\/lesiones-de-nacimiento\/#primaryimage"},"image":{"@id":"https:\/\/priceattorneys.com\/es\/lesiones-personales\/negligencia-medica\/lesiones-de-nacimiento\/#primaryimage"},"thumbnailUrl":"https:\/\/priceattorneys.com\/wp-content\/uploads\/2022\/03\/birth1.jpg","datePublished":"2020-06-13T07:20:27+00:00","dateModified":"2022-05-02T16:45:41+00:00","breadcrumb":{"@id":"https:\/\/priceattorneys.com\/es\/lesiones-personales\/negligencia-medica\/lesiones-de-nacimiento\/#breadcrumb"},"inLanguage":"es","potentialAction":[{"@type":"ReadAction","target":["https:\/\/priceattorneys.com\/es\/lesiones-personales\/negligencia-medica\/lesiones-de-nacimiento\/"]}]},{"@type":"ImageObject","inLanguage":"es","@id":"https:\/\/priceattorneys.com\/es\/lesiones-personales\/negligencia-medica\/lesiones-de-nacimiento\/#primaryimage","url":"https:\/\/priceattorneys.com\/wp-content\/uploads\/2022\/03\/birth1.jpg","contentUrl":"https:\/\/priceattorneys.com\/wp-content\/uploads\/2022\/03\/birth1.jpg"},{"@type":"BreadcrumbList","@id":"https:\/\/priceattorneys.com\/es\/lesiones-personales\/negligencia-medica\/lesiones-de-nacimiento\/#breadcrumb","itemListElement":[{"@type":"ListItem","position":1,"name":"Home","item":"https:\/\/priceattorneys.com\/es\/"},{"@type":"ListItem","position":2,"name":"Lesiones Personales","item":"https:\/\/priceattorneys.com\/es\/lesiones-personales\/"},{"@type":"ListItem","position":3,"name":"Negligencia M\u00e9dica","item":"https:\/\/priceattorneys.com\/es\/lesiones-personales\/negligencia-medica\/"},{"@type":"ListItem","position":4,"name":"Lesiones de Nacimiento"}]},{"@type":"WebSite","@id":"https:\/\/priceattorneys.com\/es\/#website","url":"https:\/\/priceattorneys.com\/es\/","name":"Price Petho &amp; Associates, Personal Injury Attorneys","description":"Charlotte Personal Injury Lawyers","potentialAction":[{"@type":"SearchAction","target":{"@type":"EntryPoint","urlTemplate":"https:\/\/priceattorneys.com\/es\/?s={search_term_string}"},"query-input":{"@type":"PropertyValueSpecification","valueRequired":true,"valueName":"search_term_string"}}],"inLanguage":"es"}]}},"_links":{"self":[{"href":"https:\/\/priceattorneys.com\/es\/wp-json\/wp\/v2\/pages\/5249","targetHints":{"allow":["GET"]}}],"collection":[{"href":"https:\/\/priceattorneys.com\/es\/wp-json\/wp\/v2\/pages"}],"about":[{"href":"https:\/\/priceattorneys.com\/es\/wp-json\/wp\/v2\/types\/page"}],"author":[{"embeddable":true,"href":"https:\/\/priceattorneys.com\/es\/wp-json\/wp\/v2\/users\/1"}],"replies":[{"embeddable":true,"href":"https:\/\/priceattorneys.com\/es\/wp-json\/wp\/v2\/comments?post=5249"}],"version-history":[{"count":0,"href":"https:\/\/priceattorneys.com\/es\/wp-json\/wp\/v2\/pages\/5249\/revisions"}],"up":[{"embeddable":true,"href":"https:\/\/priceattorneys.com\/es\/wp-json\/wp\/v2\/pages\/5243"}],"wp:attachment":[{"href":"https:\/\/priceattorneys.com\/es\/wp-json\/wp\/v2\/media?parent=5249"}],"curies":[{"name":"wp","href":"https:\/\/api.w.org\/{rel}","templated":true}]}}